{"id":6257,"date":"2025-04-24T03:14:28","date_gmt":"2025-04-24T03:14:28","guid":{"rendered":"https:\/\/darkslategray-hippopotamus-243231.hostingersite.com\/?post_type=product&#038;p=6257"},"modified":"2025-04-24T03:14:28","modified_gmt":"2025-04-24T03:14:28","slug":"50l-200bar-co2-argon-tanks-nitrogen-helium-n2o-air-cylinder","status":"publish","type":"product","link":"https:\/\/hsgascylinder-factory.com\/fr\/produit\/50l-200bar-co2-argon-tanks-nitrogen-helium-n2o-air-cylinder\/","title":{"rendered":"Bouteille d'air 50L 200bar CO2 Argon Nitrog\u00e8ne H\u00e9lium N2O"},"content":{"rendered":"<p><iframe title=\"Lecteur vid\u00e9o YouTube\" src=\"https:\/\/www.youtube.com\/embed\/v--fN-s-KGQ?si=CHAIoobjEPrXIVZO\" width=\"560\" height=\"315\" frameborder=\"0\" allowfullscreen=\"allowfullscreen\"><\/iframe><\/p>\n<p><strong>Bouteille d'air 50L 200bar CO2 Argon Nitrog\u00e8ne H\u00e9lium N2O<\/strong><\/p>\n<p><img alt=\"\" fetchpriority=\"high\" decoding=\"async\" class=\"alignnone size-full wp-image-6261\" src=\"http:\/\/darkslategray-hippopotamus-243231.hostingersite.com\/wp-content\/uploads\/2025\/04\/50l200bcatn1.jpg\" width=\"900\" height=\"600\" srcset=\"https:\/\/hsgascylinder-factory.com\/wp-content\/uploads\/2025\/04\/50l200bcatn1.jpg 900w, https:\/\/hsgascylinder-factory.com\/wp-content\/uploads\/2025\/04\/50l200bcatn1-300x200.jpg 300w, https:\/\/hsgascylinder-factory.com\/wp-content\/uploads\/2025\/04\/50l200bcatn1-768x512.jpg 768w, https:\/\/hsgascylinder-factory.com\/wp-content\/uploads\/2025\/04\/50l200bcatn1-18x12.jpg 18w, https:\/\/hsgascylinder-factory.com\/wp-content\/uploads\/2025\/04\/50l200bcatn1-600x400.jpg 600w\" sizes=\"(max-width: 900px) 100vw, 900px\" \/><\/p>\n<p>La bouteille doit rester en un seul morceau et ne doit pas se fragmenter.<\/p>\n<p>The main fracture shall be in the cylindrical portion and shall not be brittle, i.e. the fracture edges\u00a0shall be inclined with respect to the wall.<\/p>\n<p>The tear shall not reveal a significant defect in the metal and in no\u00a0case shall reach the neck.<\/p>\n<p>For concave bases, the tear shall not run further than the cylindrical body at the\u00a0base end and, for convex bases, the tear shall not reach the centre of the base.<\/p>\n<p><img alt=\"\" decoding=\"async\" class=\"alignnone size-full wp-image-6262\" src=\"http:\/\/darkslategray-hippopotamus-243231.hostingersite.com\/wp-content\/uploads\/2025\/04\/50l200bcatn2.jpg\" width=\"800\" height=\"800\" srcset=\"https:\/\/hsgascylinder-factory.com\/wp-content\/uploads\/2025\/04\/50l200bcatn2.jpg 800w, https:\/\/hsgascylinder-factory.com\/wp-content\/uploads\/2025\/04\/50l200bcatn2-300x300.jpg 300w, https:\/\/hsgascylinder-factory.com\/wp-content\/uploads\/2025\/04\/50l200bcatn2-150x150.jpg 150w, https:\/\/hsgascylinder-factory.com\/wp-content\/uploads\/2025\/04\/50l200bcatn2-768x768.jpg 768w, https:\/\/hsgascylinder-factory.com\/wp-content\/uploads\/2025\/04\/50l200bcatn2-12x12.jpg 12w, https:\/\/hsgascylinder-factory.com\/wp-content\/uploads\/2025\/04\/50l200bcatn2-500x500.jpg 500w, https:\/\/hsgascylinder-factory.com\/wp-content\/uploads\/2025\/04\/50l200bcatn2-600x600.jpg 600w, https:\/\/hsgascylinder-factory.com\/wp-content\/uploads\/2025\/04\/50l200bcatn2-100x100.jpg 100w\" sizes=\"(max-width: 800px) 100vw, 800px\" \/><\/p>\n<p>Conseils pour une utilisation s\u00fbre des bouteilles de gaz :<\/p>\n<p>Empty bottles and solid bottles should be placed separately with obvious signs. Flammable products, grease and articles with oil stains are strictly prohibited within 15 meters from the storage point. Gas cylinders in the cage should be placed neatly and bottle caps should be worn.<\/p>\n<p>Shandong Hongsheng Pressure Vessel Co. est pr\u00eat \u00e0 devenir votre partenaire \u00e0 long terme et votre responsable de la s\u00e9curit\u00e9 des bouteilles, et \u00e0 assurer conjointement la s\u00e9curit\u00e9 de vos bouteilles.<\/p>\n<p><img alt=\"\" decoding=\"async\" class=\"alignnone size-full wp-image-6263\" src=\"http:\/\/darkslategray-hippopotamus-243231.hostingersite.com\/wp-content\/uploads\/2025\/04\/50l200bcatn3.jpg\" width=\"800\" height=\"800\" srcset=\"https:\/\/hsgascylinder-factory.com\/wp-content\/uploads\/2025\/04\/50l200bcatn3.jpg 800w, https:\/\/hsgascylinder-factory.com\/wp-content\/uploads\/2025\/04\/50l200bcatn3-300x300.jpg 300w, https:\/\/hsgascylinder-factory.com\/wp-content\/uploads\/2025\/04\/50l200bcatn3-150x150.jpg 150w, https:\/\/hsgascylinder-factory.com\/wp-content\/uploads\/2025\/04\/50l200bcatn3-768x768.jpg 768w, https:\/\/hsgascylinder-factory.com\/wp-content\/uploads\/2025\/04\/50l200bcatn3-12x12.jpg 12w, https:\/\/hsgascylinder-factory.com\/wp-content\/uploads\/2025\/04\/50l200bcatn3-500x500.jpg 500w, https:\/\/hsgascylinder-factory.com\/wp-content\/uploads\/2025\/04\/50l200bcatn3-600x600.jpg 600w, https:\/\/hsgascylinder-factory.com\/wp-content\/uploads\/2025\/04\/50l200bcatn3-100x100.jpg 100w\" sizes=\"(max-width: 800px) 100vw, 800px\" \/><\/p>\n<p>1\u3001Our seamless steel cylinders are widely used in industry, medical devices, fire fighting and scientific research<\/p>\n<p>2\u3001Quantit\u00e9 minimale de commande : 100 seulement<\/p>\n<p>3\u3001Les produits peuvent \u00eatre export\u00e9s vers les pays ou r\u00e9gions suivants : Chine, Asie du Sud-Est, Moyen-Orient, Asie, Afrique, Europe, Oc\u00e9anie, Am\u00e9rique.<\/p>\n<p>4\u3001For cylinders with a wall thickness of less than 7,5 mm, the fracture shall be acceptable only if it conforms to one of the following descriptions:<\/p>\n<p>a) longitudinal, without branching (see Figure 10);<\/p>\n<p><img alt=\"\" loading=\"lazy\" decoding=\"async\" class=\"alignnone size-full wp-image-6264\" src=\"http:\/\/darkslategray-hippopotamus-243231.hostingersite.com\/wp-content\/uploads\/2025\/04\/50l200bcatn4.png\" width=\"841\" height=\"201\" srcset=\"https:\/\/hsgascylinder-factory.com\/wp-content\/uploads\/2025\/04\/50l200bcatn4.png 841w, https:\/\/hsgascylinder-factory.com\/wp-content\/uploads\/2025\/04\/50l200bcatn4-300x72.png 300w, https:\/\/hsgascylinder-factory.com\/wp-content\/uploads\/2025\/04\/50l200bcatn4-768x184.png 768w, https:\/\/hsgascylinder-factory.com\/wp-content\/uploads\/2025\/04\/50l200bcatn4-18x4.png 18w, https:\/\/hsgascylinder-factory.com\/wp-content\/uploads\/2025\/04\/50l200bcatn4-600x143.png 600w\" sizes=\"(max-width: 841px) 100vw, 841px\" \/><\/p>\n<p>b) longitudinal, with a side branching at each end, which in no case extends beyond the longitudinal plane normal to the fracture plane (see Figure 11).<\/p>\n<p><img alt=\"\" loading=\"lazy\" decoding=\"async\" class=\"alignnone size-full wp-image-6265\" src=\"http:\/\/darkslategray-hippopotamus-243231.hostingersite.com\/wp-content\/uploads\/2025\/04\/50l200bcatn5.png\" width=\"831\" height=\"258\" srcset=\"https:\/\/hsgascylinder-factory.com\/wp-content\/uploads\/2025\/04\/50l200bcatn5.png 831w, https:\/\/hsgascylinder-factory.com\/wp-content\/uploads\/2025\/04\/50l200bcatn5-300x93.png 300w, https:\/\/hsgascylinder-factory.com\/wp-content\/uploads\/2025\/04\/50l200bcatn5-768x238.png 768w, https:\/\/hsgascylinder-factory.com\/wp-content\/uploads\/2025\/04\/50l200bcatn5-18x6.png 18w, https:\/\/hsgascylinder-factory.com\/wp-content\/uploads\/2025\/04\/50l200bcatn5-600x186.png 600w\" sizes=\"(max-width: 831px) 100vw, 831px\" \/><\/p>\n<p><img alt=\"\" loading=\"lazy\" decoding=\"async\" class=\"alignnone size-full wp-image-6266\" src=\"http:\/\/darkslategray-hippopotamus-243231.hostingersite.com\/wp-content\/uploads\/2025\/04\/50l200bcatn6.jpg\" width=\"800\" height=\"800\" srcset=\"https:\/\/hsgascylinder-factory.com\/wp-content\/uploads\/2025\/04\/50l200bcatn6.jpg 800w, https:\/\/hsgascylinder-factory.com\/wp-content\/uploads\/2025\/04\/50l200bcatn6-300x300.jpg 300w, https:\/\/hsgascylinder-factory.com\/wp-content\/uploads\/2025\/04\/50l200bcatn6-150x150.jpg 150w, https:\/\/hsgascylinder-factory.com\/wp-content\/uploads\/2025\/04\/50l200bcatn6-768x768.jpg 768w, https:\/\/hsgascylinder-factory.com\/wp-content\/uploads\/2025\/04\/50l200bcatn6-12x12.jpg 12w, https:\/\/hsgascylinder-factory.com\/wp-content\/uploads\/2025\/04\/50l200bcatn6-500x500.jpg 500w, https:\/\/hsgascylinder-factory.com\/wp-content\/uploads\/2025\/04\/50l200bcatn6-600x600.jpg 600w, https:\/\/hsgascylinder-factory.com\/wp-content\/uploads\/2025\/04\/50l200bcatn6-100x100.jpg 100w\" sizes=\"(max-width: 800px) 100vw, 800px\" \/><\/p>\n<p><strong>5\u300150\u00a0litre Gas Cylinder Product Parameters table (ISO9809-1 TPED 200BAR)<\/strong><\/p>\n<p>Bouteille d'air 50L 200bar CO2 Argon Nitrog\u00e8ne H\u00e9lium N2O<\/p>\n<div class=\"nei-table\">\n<table>\n<tbody>\n<tr class=\"firstRow\">\n<td align=\"center\" valign=\"middle\" width=\"185\">Type<\/td>\n<td align=\"center\" valign=\"middle\" width=\"5\">A l'ext\u00e9rieur<\/p>\n<p>Diam\u00e8tre<\/p>\n<p>(mm)<\/td>\n<td align=\"center\" valign=\"middle\" width=\"96\">L'eau<\/p>\n<p>Capacit\u00e9<\/p>\n<p>(L)<\/td>\n<td align=\"center\" valign=\"middle\" width=\"84\">Bouteille<\/p>\n<p>Hauteur<\/p>\n<p>(mm)<\/td>\n<td align=\"center\" valign=\"middle\" width=\"83\">Poids<\/p>\n<p>\uff08kg\uff09<\/td>\n<td align=\"center\" valign=\"middle\" width=\"97\">Travailler<\/p>\n<p>pression<\/p>\n<p>\uff08Bar\uff09<\/td>\n<td align=\"center\" valign=\"middle\" width=\"111\">Mur de conception<\/p>\n<p>l'\u00e9paisseur<\/p>\n<p>\uff08mm\uff09<\/td>\n<td align=\"center\" valign=\"middle\" width=\"100\">Mat\u00e9riau<\/p>\n<p>Notes<\/td>\n<\/tr>\n<tr>\n<td align=\"center\" valign=\"middle\" width=\"320\">ISO232-50.0L-200<\/td>\n<td align=\"center\" valign=\"middle\" width=\"5\">232<\/td>\n<td align=\"center\" valign=\"middle\" width=\"96\">50.0<\/td>\n<td align=\"center\" valign=\"middle\" width=\"84\">1450<\/td>\n<td align=\"center\" valign=\"middle\" width=\"83\">56.3<\/td>\n<td align=\"center\" valign=\"middle\" width=\"97\">200<\/td>\n<td align=\"center\" valign=\"middle\" width=\"111\">5.8<\/td>\n<td align=\"center\" valign=\"middle\" width=\"100\">34CrMo4<\/td>\n<\/tr>\n<\/tbody>\n<\/table>\n<\/div>","protected":false},"excerpt":{"rendered":"<ul class=\"meta\">\n<li><label>Marque :<\/label>\u00a0HS<\/li>\n<li><label>Origine du produit :<\/label>\u00a0Fabriqu\u00e9 en Chine<\/li>\n<li><label>D\u00e9lai de livraison :<\/label>\u00a015 \u00e0 30 jours<\/li>\n<li><label>Capacit\u00e9 d'approvisionnement :<\/label>\u00a0Production annuelle de plus de 800 000 pi\u00e8ces<\/li>\n<\/ul>\n<p class=\"desc\">50L 200bar iso9809-1 CO2 cylinder argon nitrogen helium N2O cylinder<br \/>\nInformations sur le produit :<br \/>\n1\u3001200bar 50 litre cylinder; 34CrMo4 alloy steel; Iso9809-1 production standard; TPED 232mm cylinder outer diameter; Working pressure 230bar; Hydrostatic test pressure 345bar;<br \/>\n2\u3001200bar 50L nitrogen bottle height 1460mm; Oxygen cylinder body weight 56.3kg; The maximum gas storage capacity for a 200-bar 50-litre cylinder is 11.5m3 (11,500 litres); The minimum design wall thickness of oxygen cylinder is 5.8mm; Oxygen cylinder mouth thread PZ27.8; 25E; 3\/4-14 NGT, etc.;<br \/>\n3\u3001Alias\uff1a50L 200bar gas Cylinders ;50L 200bar gas cylinders; 50L 200bar gas tanks,50L 200bar gas bottles,50L 200bar Nitrogen cylinders,200bar Argon gas tanks; 50 litre 200bar gas cylinders; 50 litre 200bar gas bottles; 50litre 200bar gas tanks;<\/p>","protected":false},"featured_media":6260,"template":"","meta":{"_seopress_robots_primary_cat":"","_seopress_titles_title":"","_seopress_titles_desc":"","_seopress_robots_index":"","_uag_custom_page_level_css":"","site-sidebar-layout":"default","site-content-layout":"","ast-site-content-layout":"default","site-content-style":"default","site-sidebar-style":"default","ast-global-header-display":"","ast-banner-title-visibility":"","ast-main-header-display":"","ast-hfb-above-header-display":"","ast-hfb-below-header-display":"","ast-hfb-mobile-header-display":"","site-post-title":"","ast-breadcrumbs-content":"","ast-featured-img":"","footer-sml-layout":"","ast-disable-related-posts":"","theme-transparent-header-meta":"default","adv-header-id-meta":"","stick-header-meta":"default","header-above-stick-meta":"","header-main-stick-meta":"","header-below-stick-meta":"","astra-migrate-meta-layouts":"set","ast-page-background-enabled":"default","ast-page-background-meta":{"desktop":{"background-color":"","background-image":"","background-repeat":"repeat","background-position":"center center","background-size":"auto","background-attachment":"scroll","background-type":"","background-media":"","overlay-type":"","overlay-color":"","overlay-opacity":"","overlay-gradient":""},"tablet":{"background-color":"","background-image":"","background-repeat":"repeat","background-position":"center center","background-size":"auto","background-attachment":"scroll","background-type":"","background-media":"","overlay-type":"","overlay-color":"","overlay-opacity":"","overlay-gradient":""},"mobile":{"background-color":"","background-image":"","background-repeat":"repeat","background-position":"center center","background-size":"auto","background-attachment":"scroll","background-type":"","background-media":"","overlay-type":"","overlay-color":"","overlay-opacity":"","overlay-gradient":""}},"ast-content-background-meta":{"desktop":{"background-color":"var(--ast-global-color-5)","background-image":"","background-repeat":"repeat","background-position":"center center","background-size":"auto","background-attachment":"scroll","background-type":"","background-media":"","overlay-type":"","overlay-color":"","overlay-opacity":"","overlay-gradient":""},"tablet":{"background-color":"var(--ast-global-color-5)","background-image":"","background-repeat":"repeat","background-position":"center center","background-size":"auto","background-attachment":"scroll","background-type":"","background-media":"","overlay-type":"","overlay-color":"","overlay-opacity":"","overlay-gradient":""},"mobile":{"background-color":"var(--ast-global-color-5)","background-image":"","background-repeat":"repeat","background-position":"center center","background-size":"auto","background-attachment":"scroll","background-type":"","background-media":"","overlay-type":"","overlay-color":"","overlay-opacity":"","overlay-gradient":""}}},"product_brand":[],"product_cat":[42],"product_tag":[],"class_list":{"0":"post-6257","1":"product","2":"type-product","3":"status-publish","4":"has-post-thumbnail","6":"product_cat-tuvi","7":"desktop-align-center","8":"tablet-align-left","9":"mobile-align-left","10":"ast-product-gallery-layout-horizontal-slider","11":"ast-product-gallery-with-no-image","12":"ast-product-tabs-layout-horizontal","14":"first","15":"instock","16":"shipping-taxable","17":"product-type-simple"},"uagb_featured_image_src":{"full":["https:\/\/hsgascylinder-factory.com\/wp-content\/uploads\/2025\/04\/50l200bcat0.webp",800,800,false],"thumbnail":["https:\/\/hsgascylinder-factory.com\/wp-content\/uploads\/2025\/04\/50l200bcat0-150x150.webp",150,150,true],"medium":["https:\/\/hsgascylinder-factory.com\/wp-content\/uploads\/2025\/04\/50l200bcat0-300x300.webp",300,300,true],"medium_large":["https:\/\/hsgascylinder-factory.com\/wp-content\/uploads\/2025\/04\/50l200bcat0-768x768.webp",768,768,true],"large":["https:\/\/hsgascylinder-factory.com\/wp-content\/uploads\/2025\/04\/50l200bcat0.webp",800,800,false],"1536x1536":["https:\/\/hsgascylinder-factory.com\/wp-content\/uploads\/2025\/04\/50l200bcat0.webp",800,800,false],"2048x2048":["https:\/\/hsgascylinder-factory.com\/wp-content\/uploads\/2025\/04\/50l200bcat0.webp",800,800,false],"trp-custom-language-flag":["https:\/\/hsgascylinder-factory.com\/wp-content\/uploads\/2025\/04\/50l200bcat0-12x12.webp",12,12,true],"woocommerce_thumbnail":["https:\/\/hsgascylinder-factory.com\/wp-content\/uploads\/2025\/04\/50l200bcat0-500x500.webp",500,500,true],"woocommerce_single":["https:\/\/hsgascylinder-factory.com\/wp-content\/uploads\/2025\/04\/50l200bcat0-600x600.webp",600,600,true],"woocommerce_gallery_thumbnail":["https:\/\/hsgascylinder-factory.com\/wp-content\/uploads\/2025\/04\/50l200bcat0-100x100.webp",100,100,true]},"uagb_author_info":{"display_name":"jinxing6611@gmail.com","author_link":"https:\/\/hsgascylinder-factory.com\/fr\/author\/"},"uagb_comment_info":0,"uagb_excerpt":"Brand:\u00a0HS Product origin:\u00a0Made in China Delivery time:\u00a015 to 30 days Supply capacity:\u00a0Annual output of more than 800,000 pieces 50L 200bar iso9809-1 CO2 cylinder argon nitrogen helium N2O cylinder Product Information: 1\u3001200bar 50 litre cylinder; 34CrMo4 alloy steel; Iso9809-1 production standard; TPED 232mm cylinder outer diameter; Working pressure 230bar; Hydrostatic test pressure 345bar; 2\u3001200bar 50L nitrogen\u2026","_links":{"self":[{"href":"https:\/\/hsgascylinder-factory.com\/fr\/wp-json\/wp\/v2\/product\/6257","targetHints":{"allow":["GET"]}}],"collection":[{"href":"https:\/\/hsgascylinder-factory.com\/fr\/wp-json\/wp\/v2\/product"}],"about":[{"href":"https:\/\/hsgascylinder-factory.com\/fr\/wp-json\/wp\/v2\/types\/product"}],"wp:featuredmedia":[{"embeddable":true,"href":"https:\/\/hsgascylinder-factory.com\/fr\/wp-json\/wp\/v2\/media\/6260"}],"wp:attachment":[{"href":"https:\/\/hsgascylinder-factory.com\/fr\/wp-json\/wp\/v2\/media?parent=6257"}],"wp:term":[{"taxonomy":"product_brand","embeddable":true,"href":"https:\/\/hsgascylinder-factory.com\/fr\/wp-json\/wp\/v2\/product_brand?post=6257"},{"taxonomy":"product_cat","embeddable":true,"href":"https:\/\/hsgascylinder-factory.com\/fr\/wp-json\/wp\/v2\/product_cat?post=6257"},{"taxonomy":"product_tag","embeddable":true,"href":"https:\/\/hsgascylinder-factory.com\/fr\/wp-json\/wp\/v2\/product_tag?post=6257"}],"curies":[{"name":"wp","href":"https:\/\/api.w.org\/{rel}","templated":true}]}}