{"id":6208,"date":"2025-04-24T02:53:09","date_gmt":"2025-04-24T02:53:09","guid":{"rendered":"https:\/\/darkslategray-hippopotamus-243231.hostingersite.com\/?post_type=product&#038;p=6208"},"modified":"2025-05-14T06:27:59","modified_gmt":"2025-05-14T06:27:59","slug":"4l-200bar-co2-argon-tanks-nitrogen-helium-n2o-air-cylinder","status":"publish","type":"product","link":"https:\/\/hsgascylinder-factory.com\/fr\/produit\/4l-200bar-co2-argon-tanks-nitrogen-helium-n2o-air-cylinder\/","title":{"rendered":"Bouteille d'air 4L 200bar CO2 Argon Nitrog\u00e8ne H\u00e9lium"},"content":{"rendered":"<p><iframe title=\"Lecteur vid\u00e9o YouTube\" src=\"https:\/\/www.youtube.com\/embed\/v--fN-s-KGQ?si=wi1Qn8NMXeMmqylw\" width=\"560\" height=\"315\" frameborder=\"0\" allowfullscreen=\"allowfullscreen\"><\/iframe><\/p>\n<p><strong>Bouteille d'air 4L 200bar CO2 Argon Nitrog\u00e8ne H\u00e9lium N2O<\/strong><\/p>\n<p><img alt=\"\" fetchpriority=\"high\" decoding=\"async\" class=\"alignnone size-full wp-image-6212\" src=\"http:\/\/darkslategray-hippopotamus-243231.hostingersite.com\/wp-content\/uploads\/2025\/04\/4l200bcatn1.jpg\" width=\"600\" height=\"600\" srcset=\"https:\/\/hsgascylinder-factory.com\/wp-content\/uploads\/2025\/04\/4l200bcatn1.jpg 600w, https:\/\/hsgascylinder-factory.com\/wp-content\/uploads\/2025\/04\/4l200bcatn1-300x300.jpg 300w, https:\/\/hsgascylinder-factory.com\/wp-content\/uploads\/2025\/04\/4l200bcatn1-150x150.jpg 150w, https:\/\/hsgascylinder-factory.com\/wp-content\/uploads\/2025\/04\/4l200bcatn1-12x12.jpg 12w, https:\/\/hsgascylinder-factory.com\/wp-content\/uploads\/2025\/04\/4l200bcatn1-500x500.jpg 500w, https:\/\/hsgascylinder-factory.com\/wp-content\/uploads\/2025\/04\/4l200bcatn1-100x100.jpg 100w\" sizes=\"(max-width: 600px) 100vw, 600px\" \/><\/p>\n<p>Diam\u00e8tre principal, d1e diam\u00e8tre du c\u00f4ne principal au niveau du plan de r\u00e9f\u00e9rence A du filetage de la tige de soupape (avant tout chanfrein)<\/p>\n<p>1\u3001Produits export\u00e9s : Chine, Asie du Sud-Est, Moyen-Orient, Asie, Afrique, Europe, Oc\u00e9anie, Am\u00e9rique<\/p>\n<p>2\u3001Quantit\u00e9 minimale de commande : 100 seulement<\/p>\n<p>3\u3001Nos cylindres en acier sans soudure sont largement utilis\u00e9s dans l'industrie, les appareils m\u00e9dicaux, la lutte contre les incendies et la recherche scientifique.<\/p>\n<p><img alt=\"\" decoding=\"async\" class=\"alignnone size-full wp-image-6213\" src=\"http:\/\/darkslategray-hippopotamus-243231.hostingersite.com\/wp-content\/uploads\/2025\/04\/4l200bcatn2.jpg\" width=\"600\" height=\"600\" srcset=\"https:\/\/hsgascylinder-factory.com\/wp-content\/uploads\/2025\/04\/4l200bcatn2.jpg 600w, https:\/\/hsgascylinder-factory.com\/wp-content\/uploads\/2025\/04\/4l200bcatn2-300x300.jpg 300w, https:\/\/hsgascylinder-factory.com\/wp-content\/uploads\/2025\/04\/4l200bcatn2-150x150.jpg 150w, https:\/\/hsgascylinder-factory.com\/wp-content\/uploads\/2025\/04\/4l200bcatn2-12x12.jpg 12w, https:\/\/hsgascylinder-factory.com\/wp-content\/uploads\/2025\/04\/4l200bcatn2-500x500.jpg 500w, https:\/\/hsgascylinder-factory.com\/wp-content\/uploads\/2025\/04\/4l200bcatn2-100x100.jpg 100w\" sizes=\"(max-width: 600px) 100vw, 600px\" \/><\/p>\n<p>4\u3001Points de non-conformit\u00e9 courants dans la production de bouteilles de gaz<\/p>\n<p>- C\u00e9l\u00e9brit\u00e9s de fabrication des cylindres :<\/p>\n<p>a\/Fissures du col : Apparaissent comme des lignes qui descendent verticalement le long du filetage et traversent les faces du filetage (\u00e0 ne pas confondre avec les marques de taraudage = marques d'usinage du filetage ; voir figure A.6)<\/p>\n<p><img alt=\"\" decoding=\"async\" class=\"alignnone size-full wp-image-6214\" src=\"http:\/\/darkslategray-hippopotamus-243231.hostingersite.com\/wp-content\/uploads\/2025\/04\/4l200bcatn3.png\" width=\"835\" height=\"624\" srcset=\"https:\/\/hsgascylinder-factory.com\/wp-content\/uploads\/2025\/04\/4l200bcatn3.png 835w, https:\/\/hsgascylinder-factory.com\/wp-content\/uploads\/2025\/04\/4l200bcatn3-300x224.png 300w, https:\/\/hsgascylinder-factory.com\/wp-content\/uploads\/2025\/04\/4l200bcatn3-768x574.png 768w, https:\/\/hsgascylinder-factory.com\/wp-content\/uploads\/2025\/04\/4l200bcatn3-16x12.png 16w, https:\/\/hsgascylinder-factory.com\/wp-content\/uploads\/2025\/04\/4l200bcatn3-600x448.png 600w\" sizes=\"(max-width: 835px) 100vw, 835px\" \/><\/p>\n<p><strong>5\u3001R\u00e9sistance \u00e0 la corrosion des bouteilles de gaz<\/strong><\/p>\n<p>L'influence des diff\u00e9rents \u00e9l\u00e9ments de l'acier sur la r\u00e9sistance \u00e0 la corrosion est la suivante :<\/p>\n<p>Carbone : en g\u00e9n\u00e9ral, plus le carbone est faible, moins la corrosion par l'oxyg\u00e8ne est importante.<\/p>\n<p>Mangan\u00e8se : teneur en mangan\u00e8se (0,4 ~ 1,5%) dans le cas d'une teneur \u00e9lev\u00e9e en soufre, il y aura du sulfure de mangan\u00e8se, qui a un effet sur la corrosion, mais dans le cas d'une faible teneur en soufre, le mangan\u00e8se et le fer forment une solution solide, qui n'a pas d'effet sur la corrosion.<\/p>\n<p>Phosphore : une teneur en phosphore inf\u00e9rieure \u00e0 0,04% peut am\u00e9liorer la r\u00e9sistance \u00e0 la corrosion de l'acier dans l'atmosph\u00e8re, en particulier lorsque l'acier contient de l'acier, la r\u00e9sistance \u00e0 la corrosion est plus importante.<\/p>\n<p>Soufre : En pr\u00e9sence de sulfure de mangan\u00e8se, comme de sulfure de fer, il y a un \u00e9l\u00e9ment de formation locale de piles, mais peu d'effet en solution neutre.<\/p>\n<p>Cuivre : l'acier pour bouteilles de gaz dont la teneur en cuivre est inf\u00e9rieure \u00e0 0,5% est une solution solide, sa r\u00e9sistance \u00e0 la corrosion est tr\u00e8s bonne, avec le phosphore, l'effet est meilleur.<\/p>\n<p>Chrome : Le molybd\u00e8ne et le chrome coexistent, offrant une forte r\u00e9sistance \u00e0 l'oxydation et une grande r\u00e9sistance \u00e0 la corrosion.<\/p>\n<p><img alt=\"\" loading=\"lazy\" decoding=\"async\" class=\"alignnone size-full wp-image-6215\" src=\"http:\/\/darkslategray-hippopotamus-243231.hostingersite.com\/wp-content\/uploads\/2025\/04\/4l200bcatn4.jpg\" width=\"600\" height=\"600\" srcset=\"https:\/\/hsgascylinder-factory.com\/wp-content\/uploads\/2025\/04\/4l200bcatn4.jpg 600w, https:\/\/hsgascylinder-factory.com\/wp-content\/uploads\/2025\/04\/4l200bcatn4-300x300.jpg 300w, https:\/\/hsgascylinder-factory.com\/wp-content\/uploads\/2025\/04\/4l200bcatn4-150x150.jpg 150w, https:\/\/hsgascylinder-factory.com\/wp-content\/uploads\/2025\/04\/4l200bcatn4-12x12.jpg 12w, https:\/\/hsgascylinder-factory.com\/wp-content\/uploads\/2025\/04\/4l200bcatn4-500x500.jpg 500w, https:\/\/hsgascylinder-factory.com\/wp-content\/uploads\/2025\/04\/4l200bcatn4-100x100.jpg 100w\" sizes=\"(max-width: 600px) 100vw, 600px\" \/><\/p>\n<p><strong>Bouteille \u00e0 gaz de 6\u30014 litres Tableau des param\u00e8tres du produit\u00a0<\/strong><\/p>\n<p>Bouteille d'air 4L 200bar CO2 Argon Tanks Nitrogen Helium N2O Air Cylinder(ISO9809-1 TPED 200BAR)<\/p>\n<div class=\"nei-table\">\n<table>\n<tbody>\n<tr class=\"firstRow\">\n<td align=\"center\" valign=\"middle\" width=\"141\">Type<\/td>\n<td align=\"center\" valign=\"middle\" width=\"77.33333333333333\">A l'ext\u00e9rieur<\/p>\n<p>Diam\u00e8tre<\/p>\n<p>(mm)<\/td>\n<td align=\"center\" valign=\"middle\" width=\"95\">L'eau<\/p>\n<p>Capacit\u00e9<\/p>\n<p>(L)<\/td>\n<td align=\"center\" valign=\"middle\" width=\"83\">Bouteille<\/p>\n<p>Hauteur<\/p>\n<p>(mm)<\/td>\n<td align=\"center\" valign=\"middle\" width=\"82\">Poids<\/p>\n<p>\uff08kg\uff09<\/td>\n<td align=\"center\" valign=\"middle\" width=\"95\">Travailler<\/p>\n<p>pression<\/p>\n<p>\uff08Bar\uff09<\/td>\n<td align=\"center\" valign=\"middle\" width=\"109\">Mur de conception<\/p>\n<p>l'\u00e9paisseur<\/p>\n<p>\uff08mm\uff09<\/td>\n<td align=\"center\" valign=\"middle\" width=\"99\">Mat\u00e9riau<\/p>\n<p>Notes<\/td>\n<\/tr>\n<tr>\n<td align=\"center\" valign=\"middle\" width=\"141\">WG\u2161108-4.0L-200<\/td>\n<td align=\"center\" valign=\"middle\" width=\"77.33333333333333\">108<\/td>\n<td align=\"center\" valign=\"middle\" width=\"95\">4.0<\/td>\n<td align=\"center\" valign=\"middle\" width=\"83\">568<\/td>\n<td align=\"center\" valign=\"middle\" width=\"82\">16.30<\/td>\n<td align=\"center\" valign=\"middle\" width=\"95\">200<\/td>\n<td align=\"center\" valign=\"middle\" width=\"109\">2.4<\/td>\n<td align=\"center\" valign=\"middle\" width=\"99\">34CrMo4<\/td>\n<\/tr>\n<tr>\n<td colspan=\"1\" rowspan=\"1\" align=\"center\" valign=\"middle\" width=\"106.33333333333333\">WG\u2161140-4.0L-200<\/td>\n<td colspan=\"1\" rowspan=\"1\" align=\"center\" valign=\"middle\" width=\"77.33333333333333\">140<\/td>\n<td colspan=\"1\" rowspan=\"1\" align=\"center\" valign=\"middle\" width=\"95\">4.0<\/td>\n<td colspan=\"1\" rowspan=\"1\" align=\"center\" valign=\"middle\" width=\"83\">375<\/td>\n<td colspan=\"1\" rowspan=\"1\" align=\"center\" valign=\"middle\" width=\"82\">5.89<\/td>\n<td colspan=\"1\" rowspan=\"1\" align=\"center\" valign=\"middle\" width=\"95\">200<\/td>\n<td colspan=\"1\" rowspan=\"1\" align=\"center\" valign=\"middle\" width=\"109\">3.1<\/td>\n<td colspan=\"1\" rowspan=\"1\" align=\"center\" valign=\"middle\" width=\"99\">34CrMo4<\/td>\n<\/tr>\n<\/tbody>\n<\/table>\n<\/div>","protected":false},"excerpt":{"rendered":"<ul class=\"meta\">\n<li><label>Marque :<\/label>\u00a0HS<\/li>\n<li><label>Origine du produit :<\/label>\u00a0Fabriqu\u00e9 en Chine<\/li>\n<li><label>D\u00e9lai de livraison :<\/label>\u00a015 \u00e0 30 jours<\/li>\n<li><label>Capacit\u00e9 d'approvisionnement :<\/label>\u00a0Production annuelle de plus de 800 000 pi\u00e8ces<\/li>\n<\/ul>\n<p class=\"desc\">Bouteille de CO2 4L 200bar ISO9809-1 Bouteille d'argon, d'azote et d'h\u00e9lium N2O<br \/>\nLes bouteilles de gaz \u00e0 haute pression doivent \u00eatre conserv\u00e9es dans des endroits s\u00e9par\u00e9s et fix\u00e9es solidement lorsqu'elles sont plac\u00e9es en position verticale. Les bouteilles de gaz doivent \u00eatre conserv\u00e9es \u00e0 l'\u00e9cart des sources de chaleur, \u00e9viter l'exposition et les fortes vibrations.<br \/>\n34 crmo4. La pression d'essai hydrostatique est de 300 bars\uff0cTPED R\u00e9servoir d'oxyg\u00e8ne de 4 litres ; diam\u00e8tre ext\u00e9rieur du cylindre de 108 mm ou 140 mm ; la pression de service du r\u00e9servoir de gaz est de 200 bars ; norme ISO9809-1 ;<br \/>\nSur l'\u00e9paule de la bouteille, les marques suivantes doivent \u00eatre appos\u00e9es : fabricant, date de fabrication, mod\u00e8le de bouteille, pression de travail, pression d'essai pneumatique, date d'essai pneumatique et date de la prochaine livraison, volume de gaz, poids de la bouteille.<br \/>\nLes filetages de l'embouchure du cylindre comprennent PZ19.2, PZ27.8, 25E ; 3\/4-14 NGT, etc ;<br \/>\nLe stockage maximum de gaz est de 0,8 m3 (800 litres) ; la hauteur du corps de la bouteille 4L 200AR est de 568 mm ou 375 mm ; l'\u00e9paisseur minimale de la paroi des bouteilles est de 2,4 mm ou 3,1 mm ; le poids de la bouteille de 4 litres est de 6,3 kg ou 5,89 kg ;<br \/>\nAlias : bouteilles 4L 200bar, r\u00e9servoirs de gaz 4L 200bar, r\u00e9servoirs d'air, r\u00e9servoirs d'argon TPED, bouteilles d'oxyg\u00e8ne 200bar ; bouteilles de gaz 4litres 200bar ; bouteilles de gaz 4litres 200bar ; r\u00e9servoirs de gaz 4litres 200bar ;<\/p>","protected":false},"featured_media":6320,"template":"","meta":{"_seopress_robots_primary_cat":"none","_seopress_titles_title":"","_seopress_titles_desc":"","_seopress_robots_index":"","_uag_custom_page_level_css":"","site-sidebar-layout":"default","site-content-layout":"","ast-site-content-layout":"default","site-content-style":"default","site-sidebar-style":"default","ast-global-header-display":"","ast-banner-title-visibility":"","ast-main-header-display":"","ast-hfb-above-header-display":"","ast-hfb-below-header-display":"","ast-hfb-mobile-header-display":"","site-post-title":"","ast-breadcrumbs-content":"","ast-featured-img":"","footer-sml-layout":"","ast-disable-related-posts":"","theme-transparent-header-meta":"default","adv-header-id-meta":"","stick-header-meta":"default","header-above-stick-meta":"","header-main-stick-meta":"","header-below-stick-meta":"","astra-migrate-meta-layouts":"set","ast-page-background-enabled":"default","ast-page-background-meta":{"desktop":{"background-color":"","background-image":"","background-repeat":"repeat","background-position":"center center","background-size":"auto","background-attachment":"scroll","background-type":"","background-media":"","overlay-type":"","overlay-color":"","overlay-opacity":"","overlay-gradient":""},"tablet":{"background-color":"","background-image":"","background-repeat":"repeat","background-position":"center center","background-size":"auto","background-attachment":"scroll","background-type":"","background-media":"","overlay-type":"","overlay-color":"","overlay-opacity":"","overlay-gradient":""},"mobile":{"background-color":"","background-image":"","background-repeat":"repeat","background-position":"center center","background-size":"auto","background-attachment":"scroll","background-type":"","background-media":"","overlay-type":"","overlay-color":"","overlay-opacity":"","overlay-gradient":""}},"ast-content-background-meta":{"desktop":{"background-color":"var(--ast-global-color-5)","background-image":"","background-repeat":"repeat","background-position":"center center","background-size":"auto","background-attachment":"scroll","background-type":"","background-media":"","overlay-type":"","overlay-color":"","overlay-opacity":"","overlay-gradient":""},"tablet":{"background-color":"var(--ast-global-color-5)","background-image":"","background-repeat":"repeat","background-position":"center center","background-size":"auto","background-attachment":"scroll","background-type":"","background-media":"","overlay-type":"","overlay-color":"","overlay-opacity":"","overlay-gradient":""},"mobile":{"background-color":"var(--ast-global-color-5)","background-image":"","background-repeat":"repeat","background-position":"center center","background-size":"auto","background-attachment":"scroll","background-type":"","background-media":"","overlay-type":"","overlay-color":"","overlay-opacity":"","overlay-gradient":""}}},"product_brand":[],"product_cat":[42],"product_tag":[],"class_list":{"0":"post-6208","1":"product","2":"type-product","3":"status-publish","4":"has-post-thumbnail","6":"product_cat-tuvi","7":"desktop-align-center","8":"tablet-align-left","9":"mobile-align-left","10":"ast-product-gallery-layout-horizontal-slider","11":"ast-product-gallery-with-no-image","12":"ast-product-tabs-layout-horizontal","14":"first","15":"instock","16":"shipping-taxable","17":"product-type-simple"},"uagb_featured_image_src":{"full":["https:\/\/hsgascylinder-factory.com\/wp-content\/uploads\/2025\/04\/4lritec0.webp",800,800,false],"thumbnail":["https:\/\/hsgascylinder-factory.com\/wp-content\/uploads\/2025\/04\/4lritec0-150x150.webp",150,150,true],"medium":["https:\/\/hsgascylinder-factory.com\/wp-content\/uploads\/2025\/04\/4lritec0-300x300.webp",300,300,true],"medium_large":["https:\/\/hsgascylinder-factory.com\/wp-content\/uploads\/2025\/04\/4lritec0-768x768.webp",768,768,true],"large":["https:\/\/hsgascylinder-factory.com\/wp-content\/uploads\/2025\/04\/4lritec0.webp",800,800,false],"1536x1536":["https:\/\/hsgascylinder-factory.com\/wp-content\/uploads\/2025\/04\/4lritec0.webp",800,800,false],"2048x2048":["https:\/\/hsgascylinder-factory.com\/wp-content\/uploads\/2025\/04\/4lritec0.webp",800,800,false],"trp-custom-language-flag":["https:\/\/hsgascylinder-factory.com\/wp-content\/uploads\/2025\/04\/4lritec0-12x12.webp",12,12,true],"woocommerce_thumbnail":["https:\/\/hsgascylinder-factory.com\/wp-content\/uploads\/2025\/04\/4lritec0-500x500.webp",500,500,true],"woocommerce_single":["https:\/\/hsgascylinder-factory.com\/wp-content\/uploads\/2025\/04\/4lritec0-600x600.webp",600,600,true],"woocommerce_gallery_thumbnail":["https:\/\/hsgascylinder-factory.com\/wp-content\/uploads\/2025\/04\/4lritec0-100x100.webp",100,100,true]},"uagb_author_info":{"display_name":"jinxing6611@gmail.com","author_link":"https:\/\/hsgascylinder-factory.com\/fr\/author\/"},"uagb_comment_info":0,"uagb_excerpt":"Brand:\u00a0HS Product origin:\u00a0Made in China Delivery time:\u00a015 to 30 days Supply capacity:\u00a0Annual output of more than 800,000 pieces 4L 200bar ISO9809-1 CO2 cylinder Argon nitrogen helium N2O cylinder High-pressure gas cylinders must be kept in separate places and fixed securely when placed upright; Keep gas cylinders away from heat sources, avoid exposure and strong vibration.\u2026","_links":{"self":[{"href":"https:\/\/hsgascylinder-factory.com\/fr\/wp-json\/wp\/v2\/product\/6208","targetHints":{"allow":["GET"]}}],"collection":[{"href":"https:\/\/hsgascylinder-factory.com\/fr\/wp-json\/wp\/v2\/product"}],"about":[{"href":"https:\/\/hsgascylinder-factory.com\/fr\/wp-json\/wp\/v2\/types\/product"}],"wp:featuredmedia":[{"embeddable":true,"href":"https:\/\/hsgascylinder-factory.com\/fr\/wp-json\/wp\/v2\/media\/6320"}],"wp:attachment":[{"href":"https:\/\/hsgascylinder-factory.com\/fr\/wp-json\/wp\/v2\/media?parent=6208"}],"wp:term":[{"taxonomy":"product_brand","embeddable":true,"href":"https:\/\/hsgascylinder-factory.com\/fr\/wp-json\/wp\/v2\/product_brand?post=6208"},{"taxonomy":"product_cat","embeddable":true,"href":"https:\/\/hsgascylinder-factory.com\/fr\/wp-json\/wp\/v2\/product_cat?post=6208"},{"taxonomy":"product_tag","embeddable":true,"href":"https:\/\/hsgascylinder-factory.com\/fr\/wp-json\/wp\/v2\/product_tag?post=6208"}],"curies":[{"name":"wp","href":"https:\/\/api.w.org\/{rel}","templated":true}]}}