{"id":6169,"date":"2025-04-23T14:49:13","date_gmt":"2025-04-23T14:49:13","guid":{"rendered":"https:\/\/darkslategray-hippopotamus-243231.hostingersite.com\/?post_type=product&#038;p=6169"},"modified":"2025-04-23T14:49:13","modified_gmt":"2025-04-23T14:49:13","slug":"50l-iso9809-1-tped-230bar34crmo4-oxygen-tanks-gas-cylinders","status":"publish","type":"product","link":"https:\/\/hsgascylinder-factory.com\/fr\/produit\/50l-iso9809-1-tped-230bar34crmo4-oxygen-tanks-gas-cylinders\/","title":{"rendered":"50L ISO9809-1 TPED 230bar34CrMo4 Bouteilles d'oxyg\u00e8ne Bouteilles de gaz"},"content":{"rendered":"<p><iframe title=\"Lecteur vid\u00e9o YouTube\" src=\"https:\/\/www.youtube.com\/embed\/zkDrS3o0gJc?si=LVuKqZpSwFSUd1UY\" width=\"560\" height=\"315\" frameborder=\"0\" allowfullscreen=\"allowfullscreen\"><\/iframe><\/p>\n<p><strong>50L ISO9809-1 TPED 230bar34CrMo4 Bouteilles d'oxyg\u00e8ne Bouteilles de gaz<\/strong><\/p>\n<p><img alt=\"\" fetchpriority=\"high\" decoding=\"async\" class=\"alignnone size-full wp-image-6182\" src=\"http:\/\/darkslategray-hippopotamus-243231.hostingersite.com\/wp-content\/uploads\/2025\/04\/50LIT230bn1.jpg\" width=\"900\" height=\"600\" srcset=\"https:\/\/hsgascylinder-factory.com\/wp-content\/uploads\/2025\/04\/50LIT230bn1.jpg 900w, https:\/\/hsgascylinder-factory.com\/wp-content\/uploads\/2025\/04\/50LIT230bn1-300x200.jpg 300w, https:\/\/hsgascylinder-factory.com\/wp-content\/uploads\/2025\/04\/50LIT230bn1-768x512.jpg 768w, https:\/\/hsgascylinder-factory.com\/wp-content\/uploads\/2025\/04\/50LIT230bn1-18x12.jpg 18w, https:\/\/hsgascylinder-factory.com\/wp-content\/uploads\/2025\/04\/50LIT230bn1-600x400.jpg 600w\" sizes=\"(max-width: 900px) 100vw, 900px\" \/><\/p>\n<p>Exigences relatives \u00e0 la conception des bouteilles de gaz (norme ISO9809-1) :<\/p>\n<p>1, \u00e9paisseur de la paroi du corps de la bouteille :(1)a=D{1-[(10fre-31\/2ph)\/10FRe]1\/2}\/2 ; (2) a ou D \/ 250 + 1 ; (3) a 1,5 mm ou plus ;<\/p>\n<p>2, structure du fond de la bouteille (concave) :(1)a1\u22652a ; A2 2 a ou plus ; acuit\u00e9 R 0,075 D ; 0,12 D H p ; (2) il doit y avoir une transition entre la bague de fond concave et le corps de la bouteille ; (3) essai de fatigue ;<\/p>\n<p>3. Le diam\u00e8tre ext\u00e9rieur et l'\u00e9paisseur de la paroi du col apr\u00e8s formage doivent \u00eatre adapt\u00e9s au couple requis par l'installation du robinet. Lors de la d\u00e9termination de l'\u00e9paisseur minimale de la paroi, il convient de consid\u00e9rer que l'installation du robinet sans le support d'accessoires tels que le collier n'entra\u00eene pas de d\u00e9formation permanente.<\/p>\n<p><img alt=\"\" decoding=\"async\" class=\"alignnone size-full wp-image-6183\" src=\"http:\/\/darkslategray-hippopotamus-243231.hostingersite.com\/wp-content\/uploads\/2025\/04\/50LIT230bn2.jpg\" width=\"800\" height=\"800\" srcset=\"https:\/\/hsgascylinder-factory.com\/wp-content\/uploads\/2025\/04\/50LIT230bn2.jpg 800w, https:\/\/hsgascylinder-factory.com\/wp-content\/uploads\/2025\/04\/50LIT230bn2-300x300.jpg 300w, https:\/\/hsgascylinder-factory.com\/wp-content\/uploads\/2025\/04\/50LIT230bn2-150x150.jpg 150w, https:\/\/hsgascylinder-factory.com\/wp-content\/uploads\/2025\/04\/50LIT230bn2-768x768.jpg 768w, https:\/\/hsgascylinder-factory.com\/wp-content\/uploads\/2025\/04\/50LIT230bn2-12x12.jpg 12w, https:\/\/hsgascylinder-factory.com\/wp-content\/uploads\/2025\/04\/50LIT230bn2-500x500.jpg 500w, https:\/\/hsgascylinder-factory.com\/wp-content\/uploads\/2025\/04\/50LIT230bn2-600x600.jpg 600w, https:\/\/hsgascylinder-factory.com\/wp-content\/uploads\/2025\/04\/50LIT230bn2-100x100.jpg 100w\" sizes=\"(max-width: 800px) 100vw, 800px\" \/><\/p>\n<p>1\u3001Vente des produits : Chine, Asie du Sud-Est, Moyen-Orient, Asie, Afrique, Europe, Oc\u00e9anie, Am\u00e9rique ;<\/p>\n<p>Nous sommes une usine de production de bouteilles de gaz en Chine,<\/p>\n<p>2\u3001Utilisation des cylindres : nos cylindres en acier sans soudure sont largement utilis\u00e9s dans l'industrie, les appareils m\u00e9dicaux, la lutte contre les incendies et la recherche scientifique.<\/p>\n<p>3. le bon sens : GB5099, norme nationale, utilis\u00e9e pour le remplissage des bouteilles de gaz permanent et de gaz liqu\u00e9fi\u00e9 \u00e0 haute pression.<\/p>\n<p>4\u3001Quantit\u00e9 minimale de commande : 100 seulement<\/p>\n<p><img alt=\"\" decoding=\"async\" class=\"alignnone size-full wp-image-6184\" src=\"http:\/\/darkslategray-hippopotamus-243231.hostingersite.com\/wp-content\/uploads\/2025\/04\/50LIT230bn3.jpg\" width=\"900\" height=\"600\" srcset=\"https:\/\/hsgascylinder-factory.com\/wp-content\/uploads\/2025\/04\/50LIT230bn3.jpg 900w, https:\/\/hsgascylinder-factory.com\/wp-content\/uploads\/2025\/04\/50LIT230bn3-300x200.jpg 300w, https:\/\/hsgascylinder-factory.com\/wp-content\/uploads\/2025\/04\/50LIT230bn3-768x512.jpg 768w, https:\/\/hsgascylinder-factory.com\/wp-content\/uploads\/2025\/04\/50LIT230bn3-18x12.jpg 18w, https:\/\/hsgascylinder-factory.com\/wp-content\/uploads\/2025\/04\/50LIT230bn3-600x400.jpg 600w\" sizes=\"(max-width: 900px) 100vw, 900px\" \/><\/p>\n<p>5\u3001La bouteille doit effectivement subir les pressions cycliques maximales et minimales pendant l'essai. La fr\u00e9quence des inversions de pression ne doit pas d\u00e9passer 0,25 Hz (15 cycles\/min). La temp\u00e9rature mesur\u00e9e sur la surface ext\u00e9rieure de la bouteille ne doit pas d\u00e9passer 50 \u00b0C pendant l'essai.<\/p>\n<p>6\u3001Apr\u00e8s l'essai, les bases des bouteilles doivent \u00eatre sectionn\u00e9es pour mesurer l'\u00e9paisseur et pour s'assurer que cette \u00e9paisseur est suffisamment proche de l'\u00e9paisseur minimale prescrite dans la conception et qu'elle se situe dans les tol\u00e9rances habituelles de production. En aucun cas, l'\u00e9paisseur r\u00e9elle de la base ne doit d\u00e9passer de plus de 15 % la (les) valeur(s) minimale(s) sp\u00e9cifi\u00e9e(s) sur les dessins. L'essai doit \u00eatre consid\u00e9r\u00e9 comme satisfaisant si la bouteille atteint le nombre requis de cycles sans d\u00e9velopper de fuite.<\/p>\n<p><img alt=\"\" loading=\"lazy\" decoding=\"async\" class=\"alignnone size-full wp-image-6185\" src=\"http:\/\/darkslategray-hippopotamus-243231.hostingersite.com\/wp-content\/uploads\/2025\/04\/50LIT230bn4.jpg\" width=\"900\" height=\"600\" srcset=\"https:\/\/hsgascylinder-factory.com\/wp-content\/uploads\/2025\/04\/50LIT230bn4.jpg 900w, https:\/\/hsgascylinder-factory.com\/wp-content\/uploads\/2025\/04\/50LIT230bn4-300x200.jpg 300w, https:\/\/hsgascylinder-factory.com\/wp-content\/uploads\/2025\/04\/50LIT230bn4-768x512.jpg 768w, https:\/\/hsgascylinder-factory.com\/wp-content\/uploads\/2025\/04\/50LIT230bn4-18x12.jpg 18w, https:\/\/hsgascylinder-factory.com\/wp-content\/uploads\/2025\/04\/50LIT230bn4-600x400.jpg 600w\" sizes=\"(max-width: 900px) 100vw, 900px\" \/><\/p>\n<p><strong>7\u3001 (ISO9809-1 230bar) Bouteille \u00e0 gaz de 50 litres Tableau des param\u00e8tres du produit<\/strong><\/p>\n<p>34CrMo4 50L ISO9809-1 TPED 230bar Bouteilles d'oxyg\u00e8ne Bouteilles de gaz<\/p>\n<div class=\"nei-table\">\n<table>\n<tbody>\n<tr class=\"firstRow\">\n<td align=\"center\" valign=\"middle\" width=\"186\">Type<\/td>\n<td align=\"center\" valign=\"middle\" width=\"5\">A l'ext\u00e9rieur<\/p>\n<p>Diam\u00e8tre<\/p>\n<p>(mm)<\/td>\n<td align=\"center\" valign=\"middle\" width=\"96\">L'eau<\/p>\n<p>Capacit\u00e9<\/p>\n<p>(L)<\/td>\n<td align=\"center\" valign=\"middle\" width=\"84\">Bouteille<\/p>\n<p>Hauteur<\/p>\n<p>(mm)<\/td>\n<td align=\"center\" valign=\"middle\" width=\"83\">Poids<\/p>\n<p>\uff08kg\uff09<\/td>\n<td align=\"center\" valign=\"middle\" width=\"97\">Travailler<\/p>\n<p>pression<\/p>\n<p>\uff08Bar\uff09<\/td>\n<td align=\"center\" valign=\"middle\" width=\"111\">Mur de conception<\/p>\n<p>l'\u00e9paisseur<\/p>\n<p>\uff08mm\uff09<\/td>\n<td align=\"center\" valign=\"middle\" width=\"100\">Mat\u00e9riau<\/p>\n<p>Notes<\/td>\n<\/tr>\n<tr>\n<td align=\"center\" valign=\"middle\" width=\"324\">ISO232-50.0L-230<\/td>\n<td align=\"center\" valign=\"middle\" width=\"5\">232<\/td>\n<td align=\"center\" valign=\"middle\" width=\"96\">50.0<\/td>\n<td align=\"center\" valign=\"middle\" width=\"84\">1460<\/td>\n<td align=\"center\" valign=\"middle\" width=\"83\">56.3<\/td>\n<td align=\"center\" valign=\"middle\" width=\"97\">230<\/td>\n<td align=\"center\" valign=\"middle\" width=\"111\">5.8<\/td>\n<td align=\"center\" valign=\"middle\" width=\"100\">34CrMo4<\/td>\n<\/tr>\n<\/tbody>\n<\/table>\n<\/div>","protected":false},"excerpt":{"rendered":"<ul class=\"meta\">\n<li><label>Marque :<\/label>\u00a0HS<\/li>\n<li><label>Origine du produit :<\/label>\u00a0Fabriqu\u00e9 en Chine<\/li>\n<li><label>D\u00e9lai de livraison :<\/label>\u00a015 \u00e0 30 jours<\/li>\n<li><label>Capacit\u00e9 d'approvisionnement :<\/label>\u00a0Production annuelle de plus de 800 000 pi\u00e8ces<\/li>\n<\/ul>\n<p class=\"desc\">50L TPED 230bar ISO9809-1 34CrMo4 Bouteilles d'oxyg\u00e8ne bouteilles de gaz<br \/>\nInformations sur le produit :<br \/>\n1\u3001TPED 232mm diam\u00e8tre ext\u00e9rieur du cylindre ; pression de travail 230bar ; pression d'essai hydrostatique 345bar;50 litres ; acier alli\u00e9 34CrMo4 ; norme de production Iso9809-1 ;<br \/>\n2\u3001La hauteur du corps de la bouteille d'oxyg\u00e8ne est de 1460 mm ; le poids du corps de la bouteille d'oxyg\u00e8ne est de 56,3 kg ; la capacit\u00e9 maximale du r\u00e9servoir d'oxyg\u00e8ne est de 11,5 m3 (11 500 litres) ; l'\u00e9paisseur minimale de la paroi de la bouteille d'oxyg\u00e8ne est de 5,8 mm ; le filetage de l'embouchure de la bouteille d'oxyg\u00e8ne est de PZ27.8 ; 25E ; 3\/4-14 NGT, etc ;<br \/>\n3\u300150L 230bar bouteilles de gaz ; 230bar 50L bouteilles d'oxyg\u00e8ne ; TPED 230bar bouteilles de gaz ; 230bar bouteilles de gaz ; 50L 230bar bouteilles d'oxyg\u00e8ne ;<br \/>\nConseils pour une utilisation s\u00fbre des bouteilles de gaz :<br \/>\nIl est strictement interdit de m\u00e9langer les bouteilles de gaz avec des objets inflammables et explosifs.<br \/>\nLe bouchon de la bouteille doit \u00eatre serr\u00e9 avant toute manipulation. Les bouteilles de gaz doivent \u00eatre charg\u00e9es et d\u00e9charg\u00e9es avec l\u00e9g\u00e8ret\u00e9. Il est strictement interdit de les jeter, de les faire rouler et de les heurter. Les bouteilles de gaz doivent \u00eatre d\u00e9plac\u00e9es \u00e0 l'aide de chariots \u00e0 main, de planches, etc.<br \/>\nNe pas utiliser les bouchons de bouteilles de gaz comme points de levage ou poign\u00e9es.<br \/>\nShandong Hongsheng Pressure Vessel Co. est pr\u00eat \u00e0 devenir votre partenaire \u00e0 long terme et votre responsable de la s\u00e9curit\u00e9 des bouteilles, et \u00e0 assurer conjointement la s\u00e9curit\u00e9 de vos bouteilles.<\/p>","protected":false},"featured_media":6172,"template":"","meta":{"_seopress_robots_primary_cat":"","_seopress_titles_title":"","_seopress_titles_desc":"","_seopress_robots_index":"","_uag_custom_page_level_css":"","site-sidebar-layout":"default","site-content-layout":"","ast-site-content-layout":"default","site-content-style":"default","site-sidebar-style":"default","ast-global-header-display":"","ast-banner-title-visibility":"","ast-main-header-display":"","ast-hfb-above-header-display":"","ast-hfb-below-header-display":"","ast-hfb-mobile-header-display":"","site-post-title":"","ast-breadcrumbs-content":"","ast-featured-img":"","footer-sml-layout":"","ast-disable-related-posts":"","theme-transparent-header-meta":"default","adv-header-id-meta":"","stick-header-meta":"default","header-above-stick-meta":"","header-main-stick-meta":"","header-below-stick-meta":"","astra-migrate-meta-layouts":"set","ast-page-background-enabled":"default","ast-page-background-meta":{"desktop":{"background-color":"","background-image":"","background-repeat":"repeat","background-position":"center center","background-size":"auto","background-attachment":"scroll","background-type":"","background-media":"","overlay-type":"","overlay-color":"","overlay-opacity":"","overlay-gradient":""},"tablet":{"background-color":"","background-image":"","background-repeat":"repeat","background-position":"center center","background-size":"auto","background-attachment":"scroll","background-type":"","background-media":"","overlay-type":"","overlay-color":"","overlay-opacity":"","overlay-gradient":""},"mobile":{"background-color":"","background-image":"","background-repeat":"repeat","background-position":"center center","background-size":"auto","background-attachment":"scroll","background-type":"","background-media":"","overlay-type":"","overlay-color":"","overlay-opacity":"","overlay-gradient":""}},"ast-content-background-meta":{"desktop":{"background-color":"var(--ast-global-color-5)","background-image":"","background-repeat":"repeat","background-position":"center center","background-size":"auto","background-attachment":"scroll","background-type":"","background-media":"","overlay-type":"","overlay-color":"","overlay-opacity":"","overlay-gradient":""},"tablet":{"background-color":"var(--ast-global-color-5)","background-image":"","background-repeat":"repeat","background-position":"center center","background-size":"auto","background-attachment":"scroll","background-type":"","background-media":"","overlay-type":"","overlay-color":"","overlay-opacity":"","overlay-gradient":""},"mobile":{"background-color":"var(--ast-global-color-5)","background-image":"","background-repeat":"repeat","background-position":"center center","background-size":"auto","background-attachment":"scroll","background-type":"","background-media":"","overlay-type":"","overlay-color":"","overlay-opacity":"","overlay-gradient":""}}},"product_brand":[],"product_cat":[44],"product_tag":[],"class_list":{"0":"post-6169","1":"product","2":"type-product","3":"status-publish","4":"has-post-thumbnail","6":"product_cat-seamless","7":"desktop-align-center","8":"tablet-align-left","9":"mobile-align-left","10":"ast-product-gallery-layout-horizontal-slider","11":"ast-product-tabs-layout-horizontal","13":"first","14":"instock","15":"shipping-taxable","16":"product-type-simple"},"uagb_featured_image_src":{"full":["https:\/\/hsgascylinder-factory.com\/wp-content\/uploads\/2025\/04\/50LIT230b0.webp",800,800,false],"thumbnail":["https:\/\/hsgascylinder-factory.com\/wp-content\/uploads\/2025\/04\/50LIT230b0-150x150.webp",150,150,true],"medium":["https:\/\/hsgascylinder-factory.com\/wp-content\/uploads\/2025\/04\/50LIT230b0-300x300.webp",300,300,true],"medium_large":["https:\/\/hsgascylinder-factory.com\/wp-content\/uploads\/2025\/04\/50LIT230b0-768x768.webp",768,768,true],"large":["https:\/\/hsgascylinder-factory.com\/wp-content\/uploads\/2025\/04\/50LIT230b0.webp",800,800,false],"1536x1536":["https:\/\/hsgascylinder-factory.com\/wp-content\/uploads\/2025\/04\/50LIT230b0.webp",800,800,false],"2048x2048":["https:\/\/hsgascylinder-factory.com\/wp-content\/uploads\/2025\/04\/50LIT230b0.webp",800,800,false],"trp-custom-language-flag":["https:\/\/hsgascylinder-factory.com\/wp-content\/uploads\/2025\/04\/50LIT230b0-12x12.webp",12,12,true],"woocommerce_thumbnail":["https:\/\/hsgascylinder-factory.com\/wp-content\/uploads\/2025\/04\/50LIT230b0-500x500.webp",500,500,true],"woocommerce_single":["https:\/\/hsgascylinder-factory.com\/wp-content\/uploads\/2025\/04\/50LIT230b0-600x600.webp",600,600,true],"woocommerce_gallery_thumbnail":["https:\/\/hsgascylinder-factory.com\/wp-content\/uploads\/2025\/04\/50LIT230b0-100x100.webp",100,100,true]},"uagb_author_info":{"display_name":"jinxing6611@gmail.com","author_link":"https:\/\/hsgascylinder-factory.com\/fr\/author\/"},"uagb_comment_info":0,"uagb_excerpt":"Brand:\u00a0HS Product origin:\u00a0Made in China Delivery time:\u00a015 to 30 days Supply capacity:\u00a0Annual output of more than 800,000 pieces 50L TPED 230bar ISO9809-1 34CrMo4 Oxygen tanks gas cylinders Product Information: 1\u3001TPED 232mm cylinder outer diameter; Working pressure 230bar; Hydrostatic test pressure 345bar;50 litres; 34CrMo4 alloy steel; Iso9809-1 production standard; 2\u3001Oxygen cylinder body height 1460mm; Oxygen cylinder\u2026","_links":{"self":[{"href":"https:\/\/hsgascylinder-factory.com\/fr\/wp-json\/wp\/v2\/product\/6169","targetHints":{"allow":["GET"]}}],"collection":[{"href":"https:\/\/hsgascylinder-factory.com\/fr\/wp-json\/wp\/v2\/product"}],"about":[{"href":"https:\/\/hsgascylinder-factory.com\/fr\/wp-json\/wp\/v2\/types\/product"}],"wp:featuredmedia":[{"embeddable":true,"href":"https:\/\/hsgascylinder-factory.com\/fr\/wp-json\/wp\/v2\/media\/6172"}],"wp:attachment":[{"href":"https:\/\/hsgascylinder-factory.com\/fr\/wp-json\/wp\/v2\/media?parent=6169"}],"wp:term":[{"taxonomy":"product_brand","embeddable":true,"href":"https:\/\/hsgascylinder-factory.com\/fr\/wp-json\/wp\/v2\/product_brand?post=6169"},{"taxonomy":"product_cat","embeddable":true,"href":"https:\/\/hsgascylinder-factory.com\/fr\/wp-json\/wp\/v2\/product_cat?post=6169"},{"taxonomy":"product_tag","embeddable":true,"href":"https:\/\/hsgascylinder-factory.com\/fr\/wp-json\/wp\/v2\/product_tag?post=6169"}],"curies":[{"name":"wp","href":"https:\/\/api.w.org\/{rel}","templated":true}]}}