{"id":6003,"date":"2025-04-23T13:18:29","date_gmt":"2025-04-23T13:18:29","guid":{"rendered":"https:\/\/darkslategray-hippopotamus-243231.hostingersite.com\/?post_type=product&#038;p=6003"},"modified":"2025-04-23T13:18:29","modified_gmt":"2025-04-23T13:18:29","slug":"60l-iso9809-1-9m3-150bar-37mn-oxygen-tanks-gas-cylinders","status":"publish","type":"product","link":"https:\/\/hsgascylinder-factory.com\/fr\/produit\/60l-iso9809-1-9m3-150bar-37mn-oxygen-tanks-gas-cylinders\/","title":{"rendered":"60L ISO9809-1 9M3 150bar 37MN Bouteilles d'oxyg\u00e8ne Bouteilles de gaz"},"content":{"rendered":"<p><iframe title=\"Lecteur vid\u00e9o YouTube\" src=\"https:\/\/www.youtube.com\/embed\/6bxas9loSKI?si=TF5IpZe3dCkqpPah\" width=\"560\" height=\"315\" frameborder=\"0\" allowfullscreen=\"allowfullscreen\"><\/iframe><\/p>\n<p><strong>Cylinder production is a process as well as a peace of mind.<\/strong><\/p>\n<p>Only rigorous production inspection, in order to let you use peace of mind.<\/p>\n<p>The cylinder shall be regarded as defective if the presence of cracks is detected.<\/p>\n<p>It shall also be regarded as defective if the dimensions of any pores or inclusions present reach values considered to pose a threat to safety<\/p>\n<p><img alt=\"\" fetchpriority=\"high\" decoding=\"async\" class=\"alignnone size-full wp-image-6015\" src=\"http:\/\/darkslategray-hippopotamus-243231.hostingersite.com\/wp-content\/uploads\/2025\/04\/60LIT150bn1.jpg\" width=\"900\" height=\"600\" srcset=\"https:\/\/hsgascylinder-factory.com\/wp-content\/uploads\/2025\/04\/60LIT150bn1.jpg 900w, https:\/\/hsgascylinder-factory.com\/wp-content\/uploads\/2025\/04\/60LIT150bn1-300x200.jpg 300w, https:\/\/hsgascylinder-factory.com\/wp-content\/uploads\/2025\/04\/60LIT150bn1-768x512.jpg 768w, https:\/\/hsgascylinder-factory.com\/wp-content\/uploads\/2025\/04\/60LIT150bn1-18x12.jpg 18w, https:\/\/hsgascylinder-factory.com\/wp-content\/uploads\/2025\/04\/60LIT150bn1-600x400.jpg 600w\" sizes=\"(max-width: 900px) 100vw, 900px\" \/><\/p>\n<p><strong>9M3 150bar\u00a060L ISO9809-1 37MN Oxygen Tanks Gas Cylinders<\/strong><\/p>\n<p>ISO9809-1 standard<\/p>\n<p>1. Gas cylinders with maximum tensile strength \u22641100MPa after quenching and tempering;<\/p>\n<p>2, Nominal volume: 0.5-150L;<\/p>\n<p>3, Medium: compressed gas, liquefied gas, dissolved gas;<\/p>\n<p>Operating temperature: -50-65\u2103.<\/p>\n<p>1\u3001Minimum de commande : 100 seulement<\/p>\n<p>2\u3001A meridian section shall be made in the base centre of the cylinder and one of the surfaces thus obtained polished for examination under a magnification of between \u00d7 5 and \u00d7 10.<\/p>\n<p>3\u3001MADE IN CHINA<\/p>\n<p>We are China&#8217;s gas cylinder production factory, product sales:China, Southeast Asia, Middle East, Asia, Africa, Europe, Oceania, America<\/p>\n<p><img alt=\"\" decoding=\"async\" class=\"alignnone size-full wp-image-6016\" src=\"http:\/\/darkslategray-hippopotamus-243231.hostingersite.com\/wp-content\/uploads\/2025\/04\/60LIT150bn2.jpg\" width=\"900\" height=\"600\" srcset=\"https:\/\/hsgascylinder-factory.com\/wp-content\/uploads\/2025\/04\/60LIT150bn2.jpg 900w, https:\/\/hsgascylinder-factory.com\/wp-content\/uploads\/2025\/04\/60LIT150bn2-300x200.jpg 300w, https:\/\/hsgascylinder-factory.com\/wp-content\/uploads\/2025\/04\/60LIT150bn2-768x512.jpg 768w, https:\/\/hsgascylinder-factory.com\/wp-content\/uploads\/2025\/04\/60LIT150bn2-18x12.jpg 18w, https:\/\/hsgascylinder-factory.com\/wp-content\/uploads\/2025\/04\/60LIT150bn2-600x400.jpg 600w\" sizes=\"(max-width: 900px) 100vw, 900px\" \/><\/p>\n<p>4\u3001Use cylinders:Our seamless steel cylinders are widely used in industry, medical devices, fire fighting and scientific research<\/p>\n<p>5\u3001In cases where the base is suspected to be plugged, the section shall be etched after the first examination to verify the absence of a plug.<\/p>\n<p>Plugged cylinders shall not be approved. In no case shall the sound thickness (i.e. the thickness with no imperfections) in the base centre be less than the minimum specified thickness<\/p>\n<p><img alt=\"\" decoding=\"async\" class=\"alignnone size-full wp-image-6017\" src=\"http:\/\/darkslategray-hippopotamus-243231.hostingersite.com\/wp-content\/uploads\/2025\/04\/60LIT150bn3.jpg\" width=\"900\" height=\"600\" srcset=\"https:\/\/hsgascylinder-factory.com\/wp-content\/uploads\/2025\/04\/60LIT150bn3.jpg 900w, https:\/\/hsgascylinder-factory.com\/wp-content\/uploads\/2025\/04\/60LIT150bn3-300x200.jpg 300w, https:\/\/hsgascylinder-factory.com\/wp-content\/uploads\/2025\/04\/60LIT150bn3-768x512.jpg 768w, https:\/\/hsgascylinder-factory.com\/wp-content\/uploads\/2025\/04\/60LIT150bn3-18x12.jpg 18w, https:\/\/hsgascylinder-factory.com\/wp-content\/uploads\/2025\/04\/60LIT150bn3-600x400.jpg 600w\" sizes=\"(max-width: 900px) 100vw, 900px\" \/><\/p>\n<p>6\u3001The material of seamless gas cylinder, in addition to meeting the basic requirements of material selection, must also have high strength at the same time, with high elongation;<\/p>\n<p>Good heat treatment performance (good quenching performance; Brittle crack tendency is small; Small temper brittleness); High impact toughness value at room temperature and low temperature.<\/p>\n<p>The strength can be improved by adding C, Mn, Cr and other alloying elements and quenching and tempering, but sometimes the elongation and impact toughness value will be reduced. Therefore, the adjustment of strength and elongation will have a great impact on the selection of cylinder material.<\/p>\n<p>In short, chemical composition, heat treatment properties and mechanical properties should be considered in the selection of cylinder materials.<\/p>\n<p><img alt=\"\" loading=\"lazy\" decoding=\"async\" class=\"alignnone size-full wp-image-6018\" src=\"http:\/\/darkslategray-hippopotamus-243231.hostingersite.com\/wp-content\/uploads\/2025\/04\/60LIT150bn.jpg\" width=\"900\" height=\"600\" srcset=\"https:\/\/hsgascylinder-factory.com\/wp-content\/uploads\/2025\/04\/60LIT150bn.jpg 900w, https:\/\/hsgascylinder-factory.com\/wp-content\/uploads\/2025\/04\/60LIT150bn-300x200.jpg 300w, https:\/\/hsgascylinder-factory.com\/wp-content\/uploads\/2025\/04\/60LIT150bn-768x512.jpg 768w, https:\/\/hsgascylinder-factory.com\/wp-content\/uploads\/2025\/04\/60LIT150bn-18x12.jpg 18w, https:\/\/hsgascylinder-factory.com\/wp-content\/uploads\/2025\/04\/60LIT150bn-600x400.jpg 600w\" sizes=\"(max-width: 900px) 100vw, 900px\" \/><\/p>\n<p><strong>Conseils pour une utilisation s\u00fbre des bouteilles de gaz :<\/strong><\/p>\n<p>Do not place the gas cylinder near the heat source. The storage temperature of the gas cylinder should meet the following requirements: Acetylene cylinder should not be higher than 40 \u00b0 C, argon cylinder should not be higher than 50 \u00b0 C, and oxygen cylinder should not be higher than 60 \u00b0 C.<\/p>\n<p>The remaining pressure of acetylene cylinder should not be lower than the following: the remaining pressure is 0.1MPa when the ambient temperature is 0\u2103 to 15\u2103, 0.2MPa when the ambient temperature is 15\u2103 to 25\u2103, and 0.3MPa when the ambient temperature is 25\u2103 to 40\u2103.<\/p>\n<p><img alt=\"\" loading=\"lazy\" decoding=\"async\" class=\"alignnone size-full wp-image-6019\" src=\"http:\/\/darkslategray-hippopotamus-243231.hostingersite.com\/wp-content\/uploads\/2025\/04\/60LIT150bn5.jpg\" width=\"800\" height=\"800\" srcset=\"https:\/\/hsgascylinder-factory.com\/wp-content\/uploads\/2025\/04\/60LIT150bn5.jpg 800w, https:\/\/hsgascylinder-factory.com\/wp-content\/uploads\/2025\/04\/60LIT150bn5-300x300.jpg 300w, https:\/\/hsgascylinder-factory.com\/wp-content\/uploads\/2025\/04\/60LIT150bn5-150x150.jpg 150w, https:\/\/hsgascylinder-factory.com\/wp-content\/uploads\/2025\/04\/60LIT150bn5-768x768.jpg 768w, https:\/\/hsgascylinder-factory.com\/wp-content\/uploads\/2025\/04\/60LIT150bn5-12x12.jpg 12w, https:\/\/hsgascylinder-factory.com\/wp-content\/uploads\/2025\/04\/60LIT150bn5-500x500.jpg 500w, https:\/\/hsgascylinder-factory.com\/wp-content\/uploads\/2025\/04\/60LIT150bn5-600x600.jpg 600w, https:\/\/hsgascylinder-factory.com\/wp-content\/uploads\/2025\/04\/60LIT150bn5-100x100.jpg 100w\" sizes=\"(max-width: 800px) 100vw, 800px\" \/><\/p>\n<p>1\u3001 Iso9809-1 production standard; 60 litres;\u00a0 267mm cylinder outer diameter; 37 mn;Working pressure 150bar; Hydrostatic test pressure 250bar;<\/p>\n<p>2\u3001Alias: Cylinders 60L gas cylinders, 60L Oxygen tanks,60L Oxygen tanks,60L 150bar gas cylinders, 8m3 gas cylinders, 60litre Refuge chamber gas cylinder<\/p>\n<p>3\u3001Oxygen cylinder body height 1320mm; Oxygen cylinder body weight 63.7KG;<\/p>\n<p>Maximum oxygen tank storage is 9m3 (9000 litres);<\/p>\n<p>The minimum design wall thickness of oxygen cylinder is 6.2mm;<\/p>\n<p>Oxygen cylinder mouth thread PZ27.8; 25E; PZ39; 3\/4-14 NGT, etc.;<\/p>\n<p><img alt=\"\" loading=\"lazy\" decoding=\"async\" class=\"alignnone size-full wp-image-6020\" src=\"http:\/\/darkslategray-hippopotamus-243231.hostingersite.com\/wp-content\/uploads\/2025\/04\/60LIT150bn6.jpg\" width=\"900\" height=\"600\" srcset=\"https:\/\/hsgascylinder-factory.com\/wp-content\/uploads\/2025\/04\/60LIT150bn6.jpg 900w, https:\/\/hsgascylinder-factory.com\/wp-content\/uploads\/2025\/04\/60LIT150bn6-300x200.jpg 300w, https:\/\/hsgascylinder-factory.com\/wp-content\/uploads\/2025\/04\/60LIT150bn6-768x512.jpg 768w, https:\/\/hsgascylinder-factory.com\/wp-content\/uploads\/2025\/04\/60LIT150bn6-18x12.jpg 18w, https:\/\/hsgascylinder-factory.com\/wp-content\/uploads\/2025\/04\/60LIT150bn6-600x400.jpg 600w\" sizes=\"(max-width: 900px) 100vw, 900px\" \/><\/p>\n<p>4\u300160L cylinder can be used for mine refuge chamber: the establishment of underground refuge chamber can effectively improve the safety protection level of the mine and improve the disaster resistance of the mine.<\/p>\n<p><strong>7\u300160L ISO9809-1 9M3 150bar 37MN Oxygen Tanks Gas Cylinders(ISO9809-1 150BAR)<\/strong><\/p>\n<div class=\"nei-table\">\n<table>\n<tbody>\n<tr class=\"firstRow\">\n<td align=\"center\" valign=\"middle\">Type<\/td>\n<td align=\"center\" valign=\"middle\" width=\"5\">A l'ext\u00e9rieur<br \/>\nDiam\u00e8tre<br \/>\n(mm)<\/td>\n<td align=\"center\" valign=\"middle\" width=\"89\">L'eau<br \/>\nCapacit\u00e9<br \/>\n(L)<\/td>\n<td align=\"center\" valign=\"middle\" width=\"77\">Bouteille<br \/>\nHauteur<br \/>\n(mm)<\/td>\n<td align=\"center\" valign=\"middle\" width=\"76\">Poids<br \/>\n\uff08kg\uff09<\/td>\n<td align=\"center\" valign=\"middle\" width=\"89\">Travailler<br \/>\npression<br \/>\n\uff08Bar\uff09<\/td>\n<td align=\"center\" valign=\"middle\" width=\"96\">Mur de conception<br \/>\nl'\u00e9paisseur<br \/>\n\uff08mm\uff09<\/td>\n<td align=\"center\" valign=\"middle\" width=\"83\">Mat\u00e9riau<br \/>\nNotes<\/td>\n<\/tr>\n<tr>\n<td align=\"center\" valign=\"middle\">ISO267-60.0L-150<\/td>\n<td align=\"center\" valign=\"middle\" width=\"5\">267<\/td>\n<td align=\"center\" valign=\"middle\" width=\"89\">60.0<\/td>\n<td align=\"center\" valign=\"middle\" width=\"77\">1320<\/td>\n<td align=\"center\" valign=\"middle\" width=\"76\">63.7<\/td>\n<td align=\"center\" valign=\"middle\" width=\"89\">150<\/td>\n<td align=\"center\" valign=\"middle\" width=\"96\">6.2<\/td>\n<td align=\"center\" valign=\"middle\" width=\"83\">37MN<\/td>\n<\/tr>\n<\/tbody>\n<\/table>\n<\/div>","protected":false},"excerpt":{"rendered":"<ul class=\"meta\">\n<li><label>Marque :<\/label>\u00a0HS<\/li>\n<li><label>Origine du produit :<\/label>\u00a0Fabriqu\u00e9 en Chine<\/li>\n<li><label>D\u00e9lai de livraison :<\/label>\u00a015 \u00e0 30 jours<\/li>\n<li><label>Capacit\u00e9 d'approvisionnement :<\/label>\u00a0Production annuelle de plus de 800 000 pi\u00e8ces<\/li>\n<\/ul>\n<p class=\"desc\">ISO9809-1 60L 9M3 150bar 37MN Oxygen tanks gas cylinders<br \/>\nThe gas in the cylinder must not be used up. Oxygen cylinder residual pressure shall not be less than 0.2mpa. The residual pressure of argon cylinder should not be less than 0.5mpa.<br \/>\nQuenching and tempering cylinder: it is to heat the cylinder to above austenite temperature, hold it for a period of time and then cool it quickly, so that it reaches a high strength. After cooling, it comes out into another tempering furnace to eliminate the stress in the cylinder<br \/>\nOur company does 20,15MPA majority.The working pressure is clearly defined, the permanent gas has 30, 20, 15MPA three grades, high pressure liquefied gas has 20, 15, 12.5,8MPA four grades.<br \/>\nShandong Hongsheng Pressure Vessel Co. est pr\u00eat \u00e0 devenir votre partenaire \u00e0 long terme et votre responsable de la s\u00e9curit\u00e9 des bouteilles, et \u00e0 assurer conjointement la s\u00e9curit\u00e9 de vos bouteilles.<\/p>","protected":false},"featured_media":6006,"template":"","meta":{"_seopress_robots_primary_cat":"","_seopress_titles_title":"","_seopress_titles_desc":"","_seopress_robots_index":"","_uag_custom_page_level_css":"","site-sidebar-layout":"default","site-content-layout":"","ast-site-content-layout":"default","site-content-style":"default","site-sidebar-style":"default","ast-global-header-display":"","ast-banner-title-visibility":"","ast-main-header-display":"","ast-hfb-above-header-display":"","ast-hfb-below-header-display":"","ast-hfb-mobile-header-display":"","site-post-title":"","ast-breadcrumbs-content":"","ast-featured-img":"","footer-sml-layout":"","ast-disable-related-posts":"","theme-transparent-header-meta":"default","adv-header-id-meta":"","stick-header-meta":"default","header-above-stick-meta":"","header-main-stick-meta":"","header-below-stick-meta":"","astra-migrate-meta-layouts":"set","ast-page-background-enabled":"default","ast-page-background-meta":{"desktop":{"background-color":"","background-image":"","background-repeat":"repeat","background-position":"center center","background-size":"auto","background-attachment":"scroll","background-type":"","background-media":"","overlay-type":"","overlay-color":"","overlay-opacity":"","overlay-gradient":""},"tablet":{"background-color":"","background-image":"","background-repeat":"repeat","background-position":"center center","background-size":"auto","background-attachment":"scroll","background-type":"","background-media":"","overlay-type":"","overlay-color":"","overlay-opacity":"","overlay-gradient":""},"mobile":{"background-color":"","background-image":"","background-repeat":"repeat","background-position":"center center","background-size":"auto","background-attachment":"scroll","background-type":"","background-media":"","overlay-type":"","overlay-color":"","overlay-opacity":"","overlay-gradient":""}},"ast-content-background-meta":{"desktop":{"background-color":"var(--ast-global-color-5)","background-image":"","background-repeat":"repeat","background-position":"center center","background-size":"auto","background-attachment":"scroll","background-type":"","background-media":"","overlay-type":"","overlay-color":"","overlay-opacity":"","overlay-gradient":""},"tablet":{"background-color":"var(--ast-global-color-5)","background-image":"","background-repeat":"repeat","background-position":"center center","background-size":"auto","background-attachment":"scroll","background-type":"","background-media":"","overlay-type":"","overlay-color":"","overlay-opacity":"","overlay-gradient":""},"mobile":{"background-color":"var(--ast-global-color-5)","background-image":"","background-repeat":"repeat","background-position":"center center","background-size":"auto","background-attachment":"scroll","background-type":"","background-media":"","overlay-type":"","overlay-color":"","overlay-opacity":"","overlay-gradient":""}}},"product_brand":[],"product_cat":[44],"product_tag":[],"class_list":{"0":"post-6003","1":"product","2":"type-product","3":"status-publish","4":"has-post-thumbnail","6":"product_cat-seamless","7":"desktop-align-center","8":"tablet-align-left","9":"mobile-align-left","10":"ast-product-gallery-layout-horizontal-slider","11":"ast-product-tabs-layout-horizontal","13":"first","14":"instock","15":"shipping-taxable","16":"product-type-simple"},"uagb_featured_image_src":{"full":["https:\/\/hsgascylinder-factory.com\/wp-content\/uploads\/2025\/04\/60LIT150b0.webp",800,800,false],"thumbnail":["https:\/\/hsgascylinder-factory.com\/wp-content\/uploads\/2025\/04\/60LIT150b0-150x150.webp",150,150,true],"medium":["https:\/\/hsgascylinder-factory.com\/wp-content\/uploads\/2025\/04\/60LIT150b0-300x300.webp",300,300,true],"medium_large":["https:\/\/hsgascylinder-factory.com\/wp-content\/uploads\/2025\/04\/60LIT150b0-768x768.webp",768,768,true],"large":["https:\/\/hsgascylinder-factory.com\/wp-content\/uploads\/2025\/04\/60LIT150b0.webp",800,800,false],"1536x1536":["https:\/\/hsgascylinder-factory.com\/wp-content\/uploads\/2025\/04\/60LIT150b0.webp",800,800,false],"2048x2048":["https:\/\/hsgascylinder-factory.com\/wp-content\/uploads\/2025\/04\/60LIT150b0.webp",800,800,false],"trp-custom-language-flag":["https:\/\/hsgascylinder-factory.com\/wp-content\/uploads\/2025\/04\/60LIT150b0-12x12.webp",12,12,true],"woocommerce_thumbnail":["https:\/\/hsgascylinder-factory.com\/wp-content\/uploads\/2025\/04\/60LIT150b0-500x500.webp",500,500,true],"woocommerce_single":["https:\/\/hsgascylinder-factory.com\/wp-content\/uploads\/2025\/04\/60LIT150b0-600x600.webp",600,600,true],"woocommerce_gallery_thumbnail":["https:\/\/hsgascylinder-factory.com\/wp-content\/uploads\/2025\/04\/60LIT150b0-100x100.webp",100,100,true]},"uagb_author_info":{"display_name":"jinxing6611@gmail.com","author_link":"https:\/\/hsgascylinder-factory.com\/fr\/author\/"},"uagb_comment_info":0,"uagb_excerpt":"Brand:\u00a0HS Product origin:\u00a0Made in China Delivery time:\u00a015 to 30 days Supply capacity:\u00a0Annual output of more than 800,000 pieces ISO9809-1 60L 9M3 150bar 37MN Oxygen tanks gas cylinders The gas in the cylinder must not be used up. Oxygen cylinder residual pressure shall not be less than 0.2mpa. The residual pressure of argon cylinder should not\u2026","_links":{"self":[{"href":"https:\/\/hsgascylinder-factory.com\/fr\/wp-json\/wp\/v2\/product\/6003","targetHints":{"allow":["GET"]}}],"collection":[{"href":"https:\/\/hsgascylinder-factory.com\/fr\/wp-json\/wp\/v2\/product"}],"about":[{"href":"https:\/\/hsgascylinder-factory.com\/fr\/wp-json\/wp\/v2\/types\/product"}],"wp:featuredmedia":[{"embeddable":true,"href":"https:\/\/hsgascylinder-factory.com\/fr\/wp-json\/wp\/v2\/media\/6006"}],"wp:attachment":[{"href":"https:\/\/hsgascylinder-factory.com\/fr\/wp-json\/wp\/v2\/media?parent=6003"}],"wp:term":[{"taxonomy":"product_brand","embeddable":true,"href":"https:\/\/hsgascylinder-factory.com\/fr\/wp-json\/wp\/v2\/product_brand?post=6003"},{"taxonomy":"product_cat","embeddable":true,"href":"https:\/\/hsgascylinder-factory.com\/fr\/wp-json\/wp\/v2\/product_cat?post=6003"},{"taxonomy":"product_tag","embeddable":true,"href":"https:\/\/hsgascylinder-factory.com\/fr\/wp-json\/wp\/v2\/product_tag?post=6003"}],"curies":[{"name":"wp","href":"https:\/\/api.w.org\/{rel}","templated":true}]}}