{"id":5970,"date":"2025-04-23T07:46:36","date_gmt":"2025-04-23T07:46:36","guid":{"rendered":"https:\/\/darkslategray-hippopotamus-243231.hostingersite.com\/?post_type=product&#038;p=5970"},"modified":"2025-05-14T06:57:05","modified_gmt":"2025-05-14T06:57:05","slug":"15l-200bar-seamless-steel-oxygen-argon-helium-co2-nitrogen-gas-cylinder","status":"publish","type":"product","link":"https:\/\/hsgascylinder-factory.com\/fr\/produit\/15l-200bar-seamless-steel-oxygen-argon-helium-co2-nitrogen-gas-cylinder\/","title":{"rendered":"Bouteille de gaz 15L 200bar en acier sans soudure Oxyg\u00e8ne Argon H\u00e9lium CO2 Azote"},"content":{"rendered":"<p><iframe title=\"Lecteur vid\u00e9o YouTube\" src=\"https:\/\/www.youtube.com\/embed\/DrgoILtfkdI?si=Pw09bTO0-HrW9Z7i\" width=\"560\" height=\"315\" frameborder=\"0\" allowfullscreen=\"allowfullscreen\"><\/iframe><\/p>\n<p><strong>Bouteille d'air 15L 200bar CO2 Argon Nitrog\u00e8ne H\u00e9lium N2O<\/strong><\/p>\n<p><img alt=\"\" fetchpriority=\"high\" decoding=\"async\" class=\"alignnone wp-image-6510 size-full\" src=\"http:\/\/darkslategray-hippopotamus-243231.hostingersite.com\/wp-content\/uploads\/2025\/04\/110.jpg\" width=\"800\" height=\"800\" srcset=\"https:\/\/hsgascylinder-factory.com\/wp-content\/uploads\/2025\/04\/110.jpg 800w, https:\/\/hsgascylinder-factory.com\/wp-content\/uploads\/2025\/04\/110-300x300.jpg 300w, https:\/\/hsgascylinder-factory.com\/wp-content\/uploads\/2025\/04\/110-150x150.jpg 150w, https:\/\/hsgascylinder-factory.com\/wp-content\/uploads\/2025\/04\/110-768x768.jpg 768w, https:\/\/hsgascylinder-factory.com\/wp-content\/uploads\/2025\/04\/110-12x12.jpg 12w, https:\/\/hsgascylinder-factory.com\/wp-content\/uploads\/2025\/04\/110-500x500.jpg 500w, https:\/\/hsgascylinder-factory.com\/wp-content\/uploads\/2025\/04\/110-600x600.jpg 600w, https:\/\/hsgascylinder-factory.com\/wp-content\/uploads\/2025\/04\/110-100x100.jpg 100w\" sizes=\"(max-width: 800px) 100vw, 800px\" \/><\/p>\n<p>1\u3001Minimum de commande : 100 seulement<\/p>\n<p>2\u3001Utilisation des cylindres : nos cylindres en acier sans soudure sont largement utilis\u00e9s dans l'industrie, les appareils m\u00e9dicaux, la lutte contre les incendies et la recherche scientifique.<\/p>\n<p>3\u3001Les produits peuvent \u00eatre export\u00e9s vers les pays ou r\u00e9gions suivants : Chine, Asie du Sud-Est, Moyen-Orient, Asie, Afrique, Europe, Oc\u00e9anie, Am\u00e9rique.<\/p>\n<p>4\u3001Factory (nous sommes le fabricant)\uff1aShandong Hongsheng Pressure Vessel Co. LTD<\/p>\n<p><img alt=\"\" decoding=\"async\" class=\"alignnone wp-image-6511 size-full\" src=\"http:\/\/darkslategray-hippopotamus-243231.hostingersite.com\/wp-content\/uploads\/2025\/04\/8-19.jpg\" width=\"800\" height=\"800\" srcset=\"https:\/\/hsgascylinder-factory.com\/wp-content\/uploads\/2025\/04\/8-19.jpg 800w, https:\/\/hsgascylinder-factory.com\/wp-content\/uploads\/2025\/04\/8-19-300x300.jpg 300w, https:\/\/hsgascylinder-factory.com\/wp-content\/uploads\/2025\/04\/8-19-150x150.jpg 150w, https:\/\/hsgascylinder-factory.com\/wp-content\/uploads\/2025\/04\/8-19-768x768.jpg 768w, https:\/\/hsgascylinder-factory.com\/wp-content\/uploads\/2025\/04\/8-19-12x12.jpg 12w, https:\/\/hsgascylinder-factory.com\/wp-content\/uploads\/2025\/04\/8-19-500x500.jpg 500w, https:\/\/hsgascylinder-factory.com\/wp-content\/uploads\/2025\/04\/8-19-600x600.jpg 600w, https:\/\/hsgascylinder-factory.com\/wp-content\/uploads\/2025\/04\/8-19-100x100.jpg 100w\" sizes=\"(max-width: 800px) 100vw, 800px\" \/><\/p>\n<p><strong>5\u3001Test de duret\u00e9 des bouteilles de gaz :<\/strong><\/p>\n<p>Un essai de duret\u00e9 conforme aux normes ISO 6506-1 (Brinell), ISO 6508-1 (Rockwell) ou \u00e0 d'autres m\u00e9thodes \u00e9quivalentes doit \u00eatre effectu\u00e9 par le fabricant.<\/p>\n<p>Les valeurs de duret\u00e9 ainsi d\u00e9termin\u00e9es doivent se situer dans les limites sp\u00e9cifi\u00e9es par le fabricant de la bouteille pour le mat\u00e9riau, en fonction du traitement thermique utilis\u00e9 pour la production de la bouteille et du service gazier pr\u00e9vu (par exemple, gaz de combustion).<\/p>\n<p>NOTE Des m\u00e9thodes de mesure des empreintes de surface autres que celles indiqu\u00e9es dans l'ISO 6506-1 ou l'ISO 6508-1 peuvent \u00eatre utilis\u00e9es sous r\u00e9serve d'un accord entre les parties concern\u00e9es, \u00e0 condition qu'un niveau \u00e9gal de pr\u00e9cision puisse \u00eatre d\u00e9montr\u00e9.<\/p>\n<p><img alt=\"\" decoding=\"async\" class=\"alignnone wp-image-6512 size-full\" src=\"http:\/\/darkslategray-hippopotamus-243231.hostingersite.com\/wp-content\/uploads\/2025\/04\/9-10.jpg\" width=\"900\" height=\"600\" srcset=\"https:\/\/hsgascylinder-factory.com\/wp-content\/uploads\/2025\/04\/9-10.jpg 900w, https:\/\/hsgascylinder-factory.com\/wp-content\/uploads\/2025\/04\/9-10-300x200.jpg 300w, https:\/\/hsgascylinder-factory.com\/wp-content\/uploads\/2025\/04\/9-10-768x512.jpg 768w, https:\/\/hsgascylinder-factory.com\/wp-content\/uploads\/2025\/04\/9-10-18x12.jpg 18w, https:\/\/hsgascylinder-factory.com\/wp-content\/uploads\/2025\/04\/9-10-600x400.jpg 600w\" sizes=\"(max-width: 900px) 100vw, 900px\" \/><\/p>\n<p><strong>Tableau des param\u00e8tres des bouteilles \u00e0 gaz de 6\u300115 litres (ISO9809-1 TPED 200BAR)<\/strong><\/p>\n<p>Bouteille d'air 15L 200bar CO2 Argon Nitrog\u00e8ne H\u00e9lium N2O<\/p>\n<div class=\"nei-table\">\n<table>\n<tbody>\n<tr class=\"firstRow\">\n<td align=\"center\" valign=\"middle\" width=\"391\">Type<\/td>\n<td align=\"center\" valign=\"middle\" width=\"5\">A l'ext\u00e9rieur<\/p>\n<p>Diam\u00e8tre<\/p>\n<p>(mm)<\/td>\n<td align=\"center\" valign=\"middle\" width=\"95\">L'eau<\/p>\n<p>Capacit\u00e9<\/p>\n<p>(L)<\/td>\n<td align=\"center\" valign=\"middle\" width=\"83\">Bouteille<\/p>\n<p>Hauteur<\/p>\n<p>(mm)<\/td>\n<td align=\"center\" valign=\"middle\" width=\"81\">Poids<\/p>\n<p>\uff08kg\uff09<\/td>\n<td align=\"center\" valign=\"middle\" width=\"95\">Travailler<\/p>\n<p>pression<\/p>\n<p>\uff08Bar\uff09<\/td>\n<td align=\"center\" valign=\"middle\" width=\"108\">Mur de conception<\/p>\n<p>l'\u00e9paisseur<\/p>\n<p>\uff08mm\uff09<\/td>\n<td align=\"center\" valign=\"middle\" width=\"98\">Mat\u00e9riau<\/p>\n<p>Notes<\/td>\n<\/tr>\n<tr>\n<td colspan=\"1\" rowspan=\"1\" align=\"center\" valign=\"middle\" width=\"202\">WG\u2161159-15.0L-200<\/td>\n<td colspan=\"1\" rowspan=\"1\" align=\"center\" valign=\"middle\" width=\"5\">159<\/td>\n<td colspan=\"1\" rowspan=\"1\" align=\"center\" valign=\"middle\" width=\"95\">15.0<\/td>\n<td colspan=\"1\" rowspan=\"1\" align=\"center\" valign=\"middle\" width=\"83\">932<\/td>\n<td colspan=\"1\" rowspan=\"1\" align=\"center\" valign=\"middle\" width=\"81\">16.8<\/td>\n<td colspan=\"1\" rowspan=\"1\" align=\"center\" valign=\"middle\" width=\"95\">200<\/td>\n<td colspan=\"1\" rowspan=\"1\" align=\"center\" valign=\"middle\" width=\"108\">3.5<\/td>\n<td colspan=\"1\" rowspan=\"1\" align=\"center\" valign=\"middle\" width=\"98\">34CrMo4<\/td>\n<\/tr>\n<tr>\n<td colspan=\"1\" rowspan=\"1\" align=\"center\" valign=\"middle\" width=\"254\">WG\u2161165-15.0L-200<\/td>\n<td colspan=\"1\" rowspan=\"1\" align=\"center\" valign=\"middle\" width=\"5\">165<\/td>\n<td colspan=\"1\" rowspan=\"1\" align=\"center\" valign=\"middle\" width=\"95\">15.0<\/td>\n<td colspan=\"1\" rowspan=\"1\" align=\"center\" valign=\"middle\" width=\"83\">880<\/td>\n<td colspan=\"1\" rowspan=\"1\" align=\"center\" valign=\"middle\" width=\"81\">17.2<\/td>\n<td colspan=\"1\" rowspan=\"1\" align=\"center\" valign=\"middle\" width=\"95\">200<\/td>\n<td colspan=\"1\" rowspan=\"1\" align=\"center\" valign=\"middle\" width=\"108\">3.6<\/td>\n<td colspan=\"1\" rowspan=\"1\" align=\"center\" valign=\"middle\" width=\"98\">34CrMo4<\/td>\n<\/tr>\n<tr>\n<td align=\"center\" valign=\"middle\" width=\"391\">WG\u2161180-15.0L-200<\/td>\n<td align=\"center\" valign=\"middle\" width=\"5\">180<\/td>\n<td align=\"center\" valign=\"middle\" width=\"95\">15.0<\/td>\n<td align=\"center\" valign=\"middle\" width=\"83\">792<\/td>\n<td align=\"center\" valign=\"middle\" width=\"81\">20.2<\/td>\n<td align=\"center\" valign=\"middle\" width=\"95\">200<\/td>\n<td align=\"center\" valign=\"middle\" width=\"108\">3.9<\/td>\n<td align=\"center\" valign=\"middle\" width=\"98\">34CrMo4<\/td>\n<\/tr>\n<\/tbody>\n<\/table>\n<\/div>","protected":false},"excerpt":{"rendered":"<ul class=\"meta\">\n<li><label>Marque :<\/label>\u00a0HS<\/li>\n<li><label>Origine du produit :<\/label>\u00a0Fabriqu\u00e9 en Chine<\/li>\n<li><label>D\u00e9lai de livraison :<\/label>\u00a015 \u00e0 30 jours<\/li>\n<li><label>Capacit\u00e9 d'approvisionnement :<\/label>\u00a0Production annuelle de plus de 800 000 pi\u00e8ces<\/li>\n<\/ul>\n<p class=\"desc\">Bouteille de CO2 15L 200bar ISO9809-1 Bouteille d'argon, d'azote et d'h\u00e9lium N2O<br \/>\nLes bouteilles de gaz doivent \u00eatre inspect\u00e9es avant d'entrer sur le site et d'\u00eatre utilis\u00e9es. Elles doivent \u00eatre achet\u00e9es aupr\u00e8s de fabricants disposant de licences de production ou de remplissage de bouteilles de gaz, ou remplies de bouteilles de gaz. L'inspection et l'acceptation doivent \u00eatre effectu\u00e9es avant l'entr\u00e9e sur le site, et les bouteilles non qualifi\u00e9es ne doivent pas \u00eatre utilis\u00e9es sur le site.<br \/>\n15 litres ; acier alli\u00e9 34CrMo4 ; norme de production Iso9809-1 ; diam\u00e8tre ext\u00e9rieur du cylindre TPED 159mm ou 165mm ; pression de travail 200bar ; pression d'\u00e9preuve hydraulique 300bar ;<br \/>\nLe joint en acier du corps de la bouteille doit \u00eatre clairement visible. Si les bouteilles ne sont pas identifiables, elles ne doivent pas \u00eatre utilis\u00e9es sur le terrain.<br \/>\nLa hauteur de la bouteille d'argon de 15 litres est de 932 mm ; le poids de la bouteille d'air est de 16,8 kg ou 17,2 kg ; la bouteille d'air de 15 litres a une capacit\u00e9 de stockage maximale de 3 m3 (3 000 litres) ; le filetage de l'embouchure de la bouteille d'oxyg\u00e8ne est PZ27.8 ; 25E ; 3\/4-14 NGT, etc. ; l'\u00e9paisseur minimale de la paroi de la bouteille d'oxyg\u00e8ne est de 3,5 \u00e0 3,6 mm ;<br \/>\nLe robinet de la bouteille de gaz ne doit pas \u00eatre tach\u00e9 d'huile ; s'il y a de l'huile, elle doit \u00eatre nettoy\u00e9e, sinon elle n'est pas autoris\u00e9e \u00e0 entrer sur le march\u00e9 ;<br \/>\nAlias : bouteilles de gaz 15L 200bar ; r\u00e9servoirs de gaz 15L 200bar,bouteilles de gaz \u00e0 air 15L 200bar,bouteilles de gaz \u00e0 air TPED,r\u00e9servoirs de gaz CO2 200bar ; bouteilles de gaz 15 litres 200bar ; bouteilles de gaz 15litres 200bar ; r\u00e9servoirs de gaz 15 litres 200bar ;<\/p>","protected":false},"featured_media":6508,"template":"","meta":{"_seopress_robots_primary_cat":"none","_seopress_titles_title":"","_seopress_titles_desc":"","_seopress_robots_index":"","_uag_custom_page_level_css":"","site-sidebar-layout":"default","site-content-layout":"","ast-site-content-layout":"default","site-content-style":"default","site-sidebar-style":"default","ast-global-header-display":"","ast-banner-title-visibility":"","ast-main-header-display":"","ast-hfb-above-header-display":"","ast-hfb-below-header-display":"","ast-hfb-mobile-header-display":"","site-post-title":"","ast-breadcrumbs-content":"","ast-featured-img":"","footer-sml-layout":"","ast-disable-related-posts":"","theme-transparent-header-meta":"default","adv-header-id-meta":"","stick-header-meta":"default","header-above-stick-meta":"","header-main-stick-meta":"","header-below-stick-meta":"","astra-migrate-meta-layouts":"set","ast-page-background-enabled":"default","ast-page-background-meta":{"desktop":{"background-color":"","background-image":"","background-repeat":"repeat","background-position":"center center","background-size":"auto","background-attachment":"scroll","background-type":"","background-media":"","overlay-type":"","overlay-color":"","overlay-opacity":"","overlay-gradient":""},"tablet":{"background-color":"","background-image":"","background-repeat":"repeat","background-position":"center center","background-size":"auto","background-attachment":"scroll","background-type":"","background-media":"","overlay-type":"","overlay-color":"","overlay-opacity":"","overlay-gradient":""},"mobile":{"background-color":"","background-image":"","background-repeat":"repeat","background-position":"center center","background-size":"auto","background-attachment":"scroll","background-type":"","background-media":"","overlay-type":"","overlay-color":"","overlay-opacity":"","overlay-gradient":""}},"ast-content-background-meta":{"desktop":{"background-color":"var(--ast-global-color-5)","background-image":"","background-repeat":"repeat","background-position":"center center","background-size":"auto","background-attachment":"scroll","background-type":"","background-media":"","overlay-type":"","overlay-color":"","overlay-opacity":"","overlay-gradient":""},"tablet":{"background-color":"var(--ast-global-color-5)","background-image":"","background-repeat":"repeat","background-position":"center center","background-size":"auto","background-attachment":"scroll","background-type":"","background-media":"","overlay-type":"","overlay-color":"","overlay-opacity":"","overlay-gradient":""},"mobile":{"background-color":"var(--ast-global-color-5)","background-image":"","background-repeat":"repeat","background-position":"center center","background-size":"auto","background-attachment":"scroll","background-type":"","background-media":"","overlay-type":"","overlay-color":"","overlay-opacity":"","overlay-gradient":""}}},"product_brand":[],"product_cat":[42],"product_tag":[],"class_list":{"0":"post-5970","1":"product","2":"type-product","3":"status-publish","4":"has-post-thumbnail","6":"product_cat-tuvi","7":"desktop-align-center","8":"tablet-align-left","9":"mobile-align-left","10":"ast-product-gallery-layout-horizontal-slider","11":"ast-product-tabs-layout-horizontal","13":"first","14":"instock","15":"shipping-taxable","16":"product-type-simple"},"uagb_featured_image_src":{"full":["https:\/\/hsgascylinder-factory.com\/wp-content\/uploads\/2025\/04\/111.jpg",800,800,false],"thumbnail":["https:\/\/hsgascylinder-factory.com\/wp-content\/uploads\/2025\/04\/111-150x150.jpg",150,150,true],"medium":["https:\/\/hsgascylinder-factory.com\/wp-content\/uploads\/2025\/04\/111-300x300.jpg",300,300,true],"medium_large":["https:\/\/hsgascylinder-factory.com\/wp-content\/uploads\/2025\/04\/111-768x768.jpg",768,768,true],"large":["https:\/\/hsgascylinder-factory.com\/wp-content\/uploads\/2025\/04\/111.jpg",800,800,false],"1536x1536":["https:\/\/hsgascylinder-factory.com\/wp-content\/uploads\/2025\/04\/111.jpg",800,800,false],"2048x2048":["https:\/\/hsgascylinder-factory.com\/wp-content\/uploads\/2025\/04\/111.jpg",800,800,false],"trp-custom-language-flag":["https:\/\/hsgascylinder-factory.com\/wp-content\/uploads\/2025\/04\/111-12x12.jpg",12,12,true],"woocommerce_thumbnail":["https:\/\/hsgascylinder-factory.com\/wp-content\/uploads\/2025\/04\/111-500x500.jpg",500,500,true],"woocommerce_single":["https:\/\/hsgascylinder-factory.com\/wp-content\/uploads\/2025\/04\/111-600x600.jpg",600,600,true],"woocommerce_gallery_thumbnail":["https:\/\/hsgascylinder-factory.com\/wp-content\/uploads\/2025\/04\/111-100x100.jpg",100,100,true]},"uagb_author_info":{"display_name":"jinxing6611@gmail.com","author_link":"https:\/\/hsgascylinder-factory.com\/fr\/author\/"},"uagb_comment_info":0,"uagb_excerpt":"Brand:\u00a0HS Product origin:\u00a0Made in China Delivery time:\u00a015 to 30 days Supply capacity:\u00a0Annual output of more than 800,000 pieces 15L 200bar ISO9809-1 CO2 cylinder Argon nitrogen helium N2O cylinder Gas cylinders should be inspected before entering the site and used. They should be purchased from manufacturers with gas cylinder production or filling licenses, or filled with\u2026","_links":{"self":[{"href":"https:\/\/hsgascylinder-factory.com\/fr\/wp-json\/wp\/v2\/product\/5970","targetHints":{"allow":["GET"]}}],"collection":[{"href":"https:\/\/hsgascylinder-factory.com\/fr\/wp-json\/wp\/v2\/product"}],"about":[{"href":"https:\/\/hsgascylinder-factory.com\/fr\/wp-json\/wp\/v2\/types\/product"}],"wp:featuredmedia":[{"embeddable":true,"href":"https:\/\/hsgascylinder-factory.com\/fr\/wp-json\/wp\/v2\/media\/6508"}],"wp:attachment":[{"href":"https:\/\/hsgascylinder-factory.com\/fr\/wp-json\/wp\/v2\/media?parent=5970"}],"wp:term":[{"taxonomy":"product_brand","embeddable":true,"href":"https:\/\/hsgascylinder-factory.com\/fr\/wp-json\/wp\/v2\/product_brand?post=5970"},{"taxonomy":"product_cat","embeddable":true,"href":"https:\/\/hsgascylinder-factory.com\/fr\/wp-json\/wp\/v2\/product_cat?post=5970"},{"taxonomy":"product_tag","embeddable":true,"href":"https:\/\/hsgascylinder-factory.com\/fr\/wp-json\/wp\/v2\/product_tag?post=5970"}],"curies":[{"name":"wp","href":"https:\/\/api.w.org\/{rel}","templated":true}]}}