{"id":5835,"date":"2025-04-23T07:07:27","date_gmt":"2025-04-23T07:07:27","guid":{"rendered":"https:\/\/darkslategray-hippopotamus-243231.hostingersite.com\/?post_type=product&#038;p=5835"},"modified":"2025-04-23T07:07:27","modified_gmt":"2025-04-23T07:07:27","slug":"50l-150bar-co2-bottle-argon-nitrogen-helium-air-cylinder","status":"publish","type":"product","link":"https:\/\/hsgascylinder-factory.com\/fr\/produit\/50l-150bar-co2-bottle-argon-nitrogen-helium-air-cylinder\/","title":{"rendered":"Bouteille de CO2 50L 150bar Argon Nitrog\u00e8ne H\u00e9lium Air Cylinder"},"content":{"rendered":"<p><strong>Bouteille de CO2 50L 150bar Argon Azote H\u00e9lium N2O Air Cylinder<\/strong><\/p>\n<p><img alt=\"\" fetchpriority=\"high\" decoding=\"async\" class=\"alignnone size-full wp-image-5848\" src=\"http:\/\/darkslategray-hippopotamus-243231.hostingersite.com\/wp-content\/uploads\/2025\/04\/50l150cn1.jpg\" width=\"800\" height=\"800\" srcset=\"https:\/\/hsgascylinder-factory.com\/wp-content\/uploads\/2025\/04\/50l150cn1.jpg 800w, https:\/\/hsgascylinder-factory.com\/wp-content\/uploads\/2025\/04\/50l150cn1-300x300.jpg 300w, https:\/\/hsgascylinder-factory.com\/wp-content\/uploads\/2025\/04\/50l150cn1-150x150.jpg 150w, https:\/\/hsgascylinder-factory.com\/wp-content\/uploads\/2025\/04\/50l150cn1-768x768.jpg 768w, https:\/\/hsgascylinder-factory.com\/wp-content\/uploads\/2025\/04\/50l150cn1-12x12.jpg 12w, https:\/\/hsgascylinder-factory.com\/wp-content\/uploads\/2025\/04\/50l150cn1-500x500.jpg 500w, https:\/\/hsgascylinder-factory.com\/wp-content\/uploads\/2025\/04\/50l150cn1-600x600.jpg 600w, https:\/\/hsgascylinder-factory.com\/wp-content\/uploads\/2025\/04\/50l150cn1-100x100.jpg 100w\" sizes=\"(max-width: 800px) 100vw, 800px\" \/><\/p>\n<p>G\u00e9n\u00e9ralement -40-60\u2103.  Par cons\u00e9quent, pour les bouteilles de gaz utilis\u00e9es dans les zones froides, il est pr\u00e9f\u00e9rable de choisir l'acier au chrome-molybd\u00e8ne, et l'acier au carbone-mangan\u00e8se tremp\u00e9 est \u00e9galement acceptable, mais l'effet n'est pas aussi bon que l'acier au chrome-molybd\u00e8ne.<\/p>\n<p>1\u3001Minimum de commande : 100 seulement<\/p>\n<p>2\u3001Les produits peuvent \u00eatre export\u00e9s vers les pays ou r\u00e9gions suivants : Chine, Asie du Sud-Est, Moyen-Orient, Asie, Afrique, Europe, Oc\u00e9anie, Am\u00e9rique.<\/p>\n<p>3\u3001Utilisation des cylindres : nos cylindres en acier sans soudure sont largement utilis\u00e9s dans l'industrie, les appareils m\u00e9dicaux, la lutte contre les incendies et la recherche scientifique.<\/p>\n<p><img alt=\"\" decoding=\"async\" class=\"alignnone size-full wp-image-5849\" src=\"http:\/\/darkslategray-hippopotamus-243231.hostingersite.com\/wp-content\/uploads\/2025\/04\/50l150cn2.jpg\" width=\"900\" height=\"600\" srcset=\"https:\/\/hsgascylinder-factory.com\/wp-content\/uploads\/2025\/04\/50l150cn2.jpg 900w, https:\/\/hsgascylinder-factory.com\/wp-content\/uploads\/2025\/04\/50l150cn2-300x200.jpg 300w, https:\/\/hsgascylinder-factory.com\/wp-content\/uploads\/2025\/04\/50l150cn2-768x512.jpg 768w, https:\/\/hsgascylinder-factory.com\/wp-content\/uploads\/2025\/04\/50l150cn2-18x12.jpg 18w, https:\/\/hsgascylinder-factory.com\/wp-content\/uploads\/2025\/04\/50l150cn2-600x400.jpg 600w\" sizes=\"(max-width: 900px) 100vw, 900px\" \/><\/p>\n<p>4\u3001 Essai de traction des bouteilles de gaz :<\/p>\n<p>Un essai de traction doit \u00eatre effectu\u00e9 sur un mat\u00e9riau pr\u00e9lev\u00e9 sur la partie cylindrique de la bouteille en adoptant l'une des proc\u00e9dures suivantes. a) Des \u00e9chantillons rectangulaires doivent \u00eatre pr\u00e9par\u00e9s conform\u00e9ment \u00e0 la figure 7 et avec une longueur de calibre Lo = 5,65 So .<\/p>\n<p>Les deux faces de l'\u00e9prouvette repr\u00e9sentant les surfaces int\u00e9rieure et ext\u00e9rieure de la bouteille ne doivent pas \u00eatre usin\u00e9es. L'allongement, A, ne doit pas \u00eatre inf\u00e9rieur aux valeurs donn\u00e9es dans l'\u00e9quation : ma 25 000 2 A R = \u00d7 (5) avec un minimum absolu de 20 %.<\/p>\n<p>5\u3001Des \u00e9prouvettes rondes usin\u00e9es doivent \u00eatre pr\u00e9par\u00e9es avec le plus grand diam\u00e8tre possible, l'allongement, A, mesur\u00e9 sur une longueur de calibre \u00e9gale \u00e0 cinq fois le diam\u00e8tre de l'\u00e9prouvette n'\u00e9tant pas inf\u00e9rieur \u00e0 la valeur calcul\u00e9e par la formule augment\u00e9e de 2 %, avec un minimum absolu de 22 %.<\/p>\n<p><img alt=\"\" decoding=\"async\" class=\"alignnone size-full wp-image-5850\" src=\"http:\/\/darkslategray-hippopotamus-243231.hostingersite.com\/wp-content\/uploads\/2025\/04\/50l150cn3.jpg\" width=\"900\" height=\"600\" srcset=\"https:\/\/hsgascylinder-factory.com\/wp-content\/uploads\/2025\/04\/50l150cn3.jpg 900w, https:\/\/hsgascylinder-factory.com\/wp-content\/uploads\/2025\/04\/50l150cn3-300x200.jpg 300w, https:\/\/hsgascylinder-factory.com\/wp-content\/uploads\/2025\/04\/50l150cn3-768x512.jpg 768w, https:\/\/hsgascylinder-factory.com\/wp-content\/uploads\/2025\/04\/50l150cn3-18x12.jpg 18w, https:\/\/hsgascylinder-factory.com\/wp-content\/uploads\/2025\/04\/50l150cn3-600x400.jpg 600w\" sizes=\"(max-width: 900px) 100vw, 900px\" \/><\/p>\n<p><strong>6\u300150 litre Gas Cylinder Product Parameters table (ISO9809-3 TUV 150BAR)<\/strong><\/p>\n<p>Bouteille de CO2 50L 150bar Argon Azote H\u00e9lium N2O Air Cylinder<\/p>\n<div class=\"nei-table\">\n<table>\n<tbody>\n<tr class=\"firstRow\">\n<td align=\"center\" valign=\"middle\" width=\"164\">Type<\/td>\n<td align=\"center\" valign=\"middle\" width=\"42\">A l'ext\u00e9rieur<\/p>\n<p>Diam\u00e8tre<\/p>\n<p>(mm)<\/td>\n<td align=\"center\" valign=\"middle\" width=\"92\">L'eau<\/p>\n<p>Capacit\u00e9<\/p>\n<p>(L)<\/td>\n<td align=\"center\" valign=\"middle\" width=\"80\">Bouteille<\/p>\n<p>Hauteur<\/p>\n<p>(mm)<\/td>\n<td align=\"center\" valign=\"middle\" width=\"79\">Poids<\/p>\n<p>\uff08kg\uff09<\/td>\n<td align=\"center\" valign=\"middle\" width=\"93\">Travailler<\/p>\n<p>pression<\/p>\n<p>\uff08Bar\uff09<\/td>\n<td align=\"center\" valign=\"middle\" width=\"105\">Mur de conception<\/p>\n<p>l'\u00e9paisseur<\/p>\n<p>\uff08mm\uff09<\/td>\n<td align=\"center\" valign=\"middle\" width=\"87\">Mat\u00e9riau<\/p>\n<p>Notes<\/td>\n<\/tr>\n<tr>\n<td align=\"center\" valign=\"middle\" width=\"326\">ISO232-50.0L-150<\/td>\n<td align=\"center\" valign=\"middle\" width=\"42\">232<\/td>\n<td align=\"center\" valign=\"middle\" width=\"92\">50.0<\/td>\n<td align=\"center\" valign=\"middle\" width=\"80\">1450<\/td>\n<td align=\"center\" valign=\"middle\" width=\"79\">57.5<\/td>\n<td align=\"center\" valign=\"middle\" width=\"93\">150<\/td>\n<td align=\"center\" valign=\"middle\" width=\"105\">6.0<\/td>\n<td align=\"center\" valign=\"middle\" width=\"87\">37MN<\/td>\n<\/tr>\n<\/tbody>\n<\/table>\n<\/div>","protected":false},"excerpt":{"rendered":"<ul class=\"meta\">\n<li><label>Marque :<\/label>\u00a0HS<\/li>\n<li><label>Origine du produit :<\/label>\u00a0Fabriqu\u00e9 en Chine<\/li>\n<li><label>D\u00e9lai de livraison :<\/label>\u00a015 \u00e0 30 jours<\/li>\n<li><label>Capacit\u00e9 d'approvisionnement :<\/label>\u00a0Production annuelle de plus de 800 000 pi\u00e8ces<\/li>\n<\/ul>\n<p class=\"desc\">50L 150bar Bouteille de CO2 Argon Azote H\u00e9lium Bouteille d'air<br \/>\nLors de l'ouverture du robinet de la bouteille de gaz, l'op\u00e9rateur doit accorder une attention particuli\u00e8re \u00e0 la lenteur, car s'il est trop press\u00e9, la bouteille de gaz risque de s'\u00e9puiser et de tomber au sol (en se couchant lors d'un saut) et d'\u00eatre combustible, de br\u00fbler la bouteille de gaz et m\u00eame d'exploser ;<br \/>\nBouteille d'azote de 50 litres ; acier au mangan\u00e8se de 37 mm ; norme de production de la bouteille de gaz GB\/T5099.3 ou ISO9809-1 ; TUV ; le diam\u00e8tre ext\u00e9rieur de la bouteille est de 232 mm ; la pression de test hydrostatique de la bouteille de gaz est de 250 bars ; la pression de travail du r\u00e9servoir d'azote est de 150 bars ;<br \/>\nAvant de manipuler des bouteilles de gaz, les op\u00e9rateurs doivent conna\u00eetre le nom et la nature du gaz contenu dans les bouteilles ainsi que les pr\u00e9cautions \u00e0 prendre pour une manipulation s\u00fbre, et pr\u00e9parer les outils et l'\u00e9quipement de protection correspondants.<br \/>\nHauteur du corps de la bouteille d'oxyg\u00e8ne de 50 litres 1450mm ; PZ27.8, filetage de l'embouchure de la bouteille de gaz de 50 litres ; 25E ; 3\/4-14 NGT, etc. ; La bouteille de 50 litres a une capacit\u00e9 de stockage maximale de 7,5m3 (7 500 litres) ; Le poids de la bouteille de gaz de 50 litres est de 57,5kg ; L'\u00e9paisseur minimale de la paroi des bouteilles de 50 litres est de 6,0mm ;<br \/>\nAlias : bouteilles de gaz, bouteilles de gaz de 50 litres, bouteilles de gaz, bouteilles d'azote de 50 litres, bouteilles d'argon de 50 litres ; bouteilles de gaz de 50 litres ; bouteilles de gaz de 50 litres ; r\u00e9servoirs de gaz de 50 litres<\/p>","protected":false},"featured_media":5838,"template":"","meta":{"_seopress_robots_primary_cat":"","_seopress_titles_title":"","_seopress_titles_desc":"","_seopress_robots_index":"","_uag_custom_page_level_css":"","site-sidebar-layout":"default","site-content-layout":"","ast-site-content-layout":"default","site-content-style":"default","site-sidebar-style":"default","ast-global-header-display":"","ast-banner-title-visibility":"","ast-main-header-display":"","ast-hfb-above-header-display":"","ast-hfb-below-header-display":"","ast-hfb-mobile-header-display":"","site-post-title":"","ast-breadcrumbs-content":"","ast-featured-img":"","footer-sml-layout":"","ast-disable-related-posts":"","theme-transparent-header-meta":"default","adv-header-id-meta":"","stick-header-meta":"default","header-above-stick-meta":"","header-main-stick-meta":"","header-below-stick-meta":"","astra-migrate-meta-layouts":"set","ast-page-background-enabled":"default","ast-page-background-meta":{"desktop":{"background-color":"","background-image":"","background-repeat":"repeat","background-position":"center center","background-size":"auto","background-attachment":"scroll","background-type":"","background-media":"","overlay-type":"","overlay-color":"","overlay-opacity":"","overlay-gradient":""},"tablet":{"background-color":"","background-image":"","background-repeat":"repeat","background-position":"center center","background-size":"auto","background-attachment":"scroll","background-type":"","background-media":"","overlay-type":"","overlay-color":"","overlay-opacity":"","overlay-gradient":""},"mobile":{"background-color":"","background-image":"","background-repeat":"repeat","background-position":"center center","background-size":"auto","background-attachment":"scroll","background-type":"","background-media":"","overlay-type":"","overlay-color":"","overlay-opacity":"","overlay-gradient":""}},"ast-content-background-meta":{"desktop":{"background-color":"var(--ast-global-color-5)","background-image":"","background-repeat":"repeat","background-position":"center center","background-size":"auto","background-attachment":"scroll","background-type":"","background-media":"","overlay-type":"","overlay-color":"","overlay-opacity":"","overlay-gradient":""},"tablet":{"background-color":"var(--ast-global-color-5)","background-image":"","background-repeat":"repeat","background-position":"center center","background-size":"auto","background-attachment":"scroll","background-type":"","background-media":"","overlay-type":"","overlay-color":"","overlay-opacity":"","overlay-gradient":""},"mobile":{"background-color":"var(--ast-global-color-5)","background-image":"","background-repeat":"repeat","background-position":"center center","background-size":"auto","background-attachment":"scroll","background-type":"","background-media":"","overlay-type":"","overlay-color":"","overlay-opacity":"","overlay-gradient":""}}},"product_brand":[],"product_cat":[43],"product_tag":[],"class_list":{"0":"post-5835","1":"product","2":"type-product","3":"status-publish","4":"has-post-thumbnail","6":"product_cat-tuv","7":"desktop-align-center","8":"tablet-align-left","9":"mobile-align-left","10":"ast-product-gallery-layout-horizontal-slider","11":"ast-product-tabs-layout-horizontal","13":"first","14":"instock","15":"shipping-taxable","16":"product-type-simple"},"uagb_featured_image_src":{"full":["https:\/\/hsgascylinder-factory.com\/wp-content\/uploads\/2025\/04\/50l150c0.jpg",800,800,false],"thumbnail":["https:\/\/hsgascylinder-factory.com\/wp-content\/uploads\/2025\/04\/50l150c0-150x150.jpg",150,150,true],"medium":["https:\/\/hsgascylinder-factory.com\/wp-content\/uploads\/2025\/04\/50l150c0-300x300.jpg",300,300,true],"medium_large":["https:\/\/hsgascylinder-factory.com\/wp-content\/uploads\/2025\/04\/50l150c0-768x768.jpg",768,768,true],"large":["https:\/\/hsgascylinder-factory.com\/wp-content\/uploads\/2025\/04\/50l150c0.jpg",800,800,false],"1536x1536":["https:\/\/hsgascylinder-factory.com\/wp-content\/uploads\/2025\/04\/50l150c0.jpg",800,800,false],"2048x2048":["https:\/\/hsgascylinder-factory.com\/wp-content\/uploads\/2025\/04\/50l150c0.jpg",800,800,false],"trp-custom-language-flag":["https:\/\/hsgascylinder-factory.com\/wp-content\/uploads\/2025\/04\/50l150c0-12x12.jpg",12,12,true],"woocommerce_thumbnail":["https:\/\/hsgascylinder-factory.com\/wp-content\/uploads\/2025\/04\/50l150c0-500x500.jpg",500,500,true],"woocommerce_single":["https:\/\/hsgascylinder-factory.com\/wp-content\/uploads\/2025\/04\/50l150c0-600x600.jpg",600,600,true],"woocommerce_gallery_thumbnail":["https:\/\/hsgascylinder-factory.com\/wp-content\/uploads\/2025\/04\/50l150c0-100x100.jpg",100,100,true]},"uagb_author_info":{"display_name":"jinxing6611@gmail.com","author_link":"https:\/\/hsgascylinder-factory.com\/fr\/author\/"},"uagb_comment_info":0,"uagb_excerpt":"Brand:\u00a0HS Product origin:\u00a0Made in China Delivery time:\u00a015 to 30 days Supply capacity:\u00a0Annual output of more than 800,000 pieces 50L 150bar CO2 bottle Argon Nitrogen Helium Air cylinder When opening the gas cylinder valve, the operator should pay special attention to slow, if too hasty, may cause the gas cylinder exhaust and fall to the ground\u2026","_links":{"self":[{"href":"https:\/\/hsgascylinder-factory.com\/fr\/wp-json\/wp\/v2\/product\/5835","targetHints":{"allow":["GET"]}}],"collection":[{"href":"https:\/\/hsgascylinder-factory.com\/fr\/wp-json\/wp\/v2\/product"}],"about":[{"href":"https:\/\/hsgascylinder-factory.com\/fr\/wp-json\/wp\/v2\/types\/product"}],"wp:featuredmedia":[{"embeddable":true,"href":"https:\/\/hsgascylinder-factory.com\/fr\/wp-json\/wp\/v2\/media\/5838"}],"wp:attachment":[{"href":"https:\/\/hsgascylinder-factory.com\/fr\/wp-json\/wp\/v2\/media?parent=5835"}],"wp:term":[{"taxonomy":"product_brand","embeddable":true,"href":"https:\/\/hsgascylinder-factory.com\/fr\/wp-json\/wp\/v2\/product_brand?post=5835"},{"taxonomy":"product_cat","embeddable":true,"href":"https:\/\/hsgascylinder-factory.com\/fr\/wp-json\/wp\/v2\/product_cat?post=5835"},{"taxonomy":"product_tag","embeddable":true,"href":"https:\/\/hsgascylinder-factory.com\/fr\/wp-json\/wp\/v2\/product_tag?post=5835"}],"curies":[{"name":"wp","href":"https:\/\/api.w.org\/{rel}","templated":true}]}}