{"id":5700,"date":"2025-04-23T06:30:35","date_gmt":"2025-04-23T06:30:35","guid":{"rendered":"https:\/\/darkslategray-hippopotamus-243231.hostingersite.com\/?post_type=product&#038;p=5700"},"modified":"2025-06-05T07:07:49","modified_gmt":"2025-06-05T07:07:49","slug":"5l-150bar-co2-bottle-argon-nitrogen-helium-n2o-air-cylinders","status":"publish","type":"product","link":"https:\/\/hsgascylinder-factory.com\/fr\/produit\/5l-150bar-co2-bottle-argon-nitrogen-helium-n2o-air-cylinders\/","title":{"rendered":"Bouteille de CO2 5L 150bar Argon Azote H\u00e9lium N2O Bouteilles d'air"},"content":{"rendered":"<p><strong>Bouteille de CO2 5L 150bar Argon Azote H\u00e9lium N2O Bouteilles d'air<\/strong><\/p>\n<p><img alt=\"\" fetchpriority=\"high\" decoding=\"async\" class=\"alignnone wp-image-6622 size-full\" src=\"http:\/\/darkslategray-hippopotamus-243231.hostingersite.com\/wp-content\/uploads\/2025\/04\/150-4-2.jpg\" width=\"800\" height=\"800\" srcset=\"https:\/\/hsgascylinder-factory.com\/wp-content\/uploads\/2025\/04\/150-4-2.jpg 800w, https:\/\/hsgascylinder-factory.com\/wp-content\/uploads\/2025\/04\/150-4-2-300x300.jpg 300w, https:\/\/hsgascylinder-factory.com\/wp-content\/uploads\/2025\/04\/150-4-2-150x150.jpg 150w, https:\/\/hsgascylinder-factory.com\/wp-content\/uploads\/2025\/04\/150-4-2-768x768.jpg 768w, https:\/\/hsgascylinder-factory.com\/wp-content\/uploads\/2025\/04\/150-4-2-12x12.jpg 12w, https:\/\/hsgascylinder-factory.com\/wp-content\/uploads\/2025\/04\/150-4-2-500x500.jpg 500w, https:\/\/hsgascylinder-factory.com\/wp-content\/uploads\/2025\/04\/150-4-2-600x600.jpg 600w, https:\/\/hsgascylinder-factory.com\/wp-content\/uploads\/2025\/04\/150-4-2-100x100.jpg 100w\" sizes=\"(max-width: 800px) 100vw, 800px\" \/><\/p>\n<p>For flaw detection, the pulse echo system shall be used.<\/p>\n<p>For thickness measurement, either the resonance\u00a0method or the pulse echo system shall be used.<\/p>\n<p>Either contact or immersion techniques of examination shall\u00a0be used.<\/p>\n<p>A coupling method which ensures adequate transmission of ultrasonic energy between the testing probe and\u00a0the cylinder shall be used.<\/p>\n<p><img alt=\"\" decoding=\"async\" class=\"alignnone wp-image-6623 size-full\" src=\"http:\/\/darkslategray-hippopotamus-243231.hostingersite.com\/wp-content\/uploads\/2025\/04\/9-20.jpg\" width=\"900\" height=\"600\" srcset=\"https:\/\/hsgascylinder-factory.com\/wp-content\/uploads\/2025\/04\/9-20.jpg 900w, https:\/\/hsgascylinder-factory.com\/wp-content\/uploads\/2025\/04\/9-20-300x200.jpg 300w, https:\/\/hsgascylinder-factory.com\/wp-content\/uploads\/2025\/04\/9-20-768x512.jpg 768w, https:\/\/hsgascylinder-factory.com\/wp-content\/uploads\/2025\/04\/9-20-18x12.jpg 18w, https:\/\/hsgascylinder-factory.com\/wp-content\/uploads\/2025\/04\/9-20-600x400.jpg 600w\" sizes=\"(max-width: 900px) 100vw, 900px\" \/><\/p>\n<p>1\u3001Minimum de commande : 100 seulement<\/p>\n<p>2\u3001Utilisation des cylindres : nos cylindres en acier sans soudure sont largement utilis\u00e9s dans l'industrie, les appareils m\u00e9dicaux, la lutte contre les incendies et la recherche scientifique.<\/p>\n<p>3\u3001Les produits peuvent \u00eatre export\u00e9s vers les pays ou r\u00e9gions suivants : Chine, Asie du Sud-Est, Moyen-Orient, Asie, Afrique, Europe, Oc\u00e9anie, Am\u00e9rique.<\/p>\n<p>4\u3001Rejected cylinders<\/p>\n<p>a) All rejected cylinders should be rendered unserviceable for their original application.<\/p>\n<p>b) It may be possible to produce cylinders for different service conditions from rejected cylinders.<\/p>\n<p><img alt=\"\" decoding=\"async\" class=\"alignnone wp-image-6624 size-full\" src=\"http:\/\/darkslategray-hippopotamus-243231.hostingersite.com\/wp-content\/uploads\/2025\/04\/9-39-1.jpg\" width=\"900\" height=\"600\" srcset=\"https:\/\/hsgascylinder-factory.com\/wp-content\/uploads\/2025\/04\/9-39-1.jpg 900w, https:\/\/hsgascylinder-factory.com\/wp-content\/uploads\/2025\/04\/9-39-1-300x200.jpg 300w, https:\/\/hsgascylinder-factory.com\/wp-content\/uploads\/2025\/04\/9-39-1-768x512.jpg 768w, https:\/\/hsgascylinder-factory.com\/wp-content\/uploads\/2025\/04\/9-39-1-18x12.jpg 18w, https:\/\/hsgascylinder-factory.com\/wp-content\/uploads\/2025\/04\/9-39-1-600x400.jpg 600w\" sizes=\"(max-width: 900px) 100vw, 900px\" \/><\/p>\n<p>5\u3001Ultrasonic examination of gas bottles:<\/p>\n<p>The operation of the ultrasonic examination shall be by qualified and experienced personnel certified at least to Level 1 and supervised by personnel certified at least to Level 2 in accordance with ISO 9712.<\/p>\n<p>Other standards which meet or exceed these minimum requirements may be used subject to approval by the inspector.<\/p>\n<p>The inner and outer surfaces of any cylinder, which is to be examined ultrasonically shall be in a condition suitable for an accurate and reproducible examination.<\/p>\n<p><img alt=\"\" loading=\"lazy\" decoding=\"async\" class=\"alignnone wp-image-6580 size-full\" src=\"http:\/\/darkslategray-hippopotamus-243231.hostingersite.com\/wp-content\/uploads\/2025\/03\/\u5b9e\u9a8c-scaled.jpg\" width=\"2099\" height=\"2560\" srcset=\"https:\/\/hsgascylinder-factory.com\/wp-content\/uploads\/2025\/03\/\u5b9e\u9a8c-scaled.jpg 2099w, https:\/\/hsgascylinder-factory.com\/wp-content\/uploads\/2025\/03\/\u5b9e\u9a8c-246x300.jpg 246w, https:\/\/hsgascylinder-factory.com\/wp-content\/uploads\/2025\/03\/\u5b9e\u9a8c-840x1024.jpg 840w, https:\/\/hsgascylinder-factory.com\/wp-content\/uploads\/2025\/03\/\u5b9e\u9a8c-768x937.jpg 768w, https:\/\/hsgascylinder-factory.com\/wp-content\/uploads\/2025\/03\/\u5b9e\u9a8c-1259x1536.jpg 1259w, https:\/\/hsgascylinder-factory.com\/wp-content\/uploads\/2025\/03\/\u5b9e\u9a8c-1679x2048.jpg 1679w, https:\/\/hsgascylinder-factory.com\/wp-content\/uploads\/2025\/03\/\u5b9e\u9a8c-10x12.jpg 10w, https:\/\/hsgascylinder-factory.com\/wp-content\/uploads\/2025\/03\/\u5b9e\u9a8c-600x732.jpg 600w\" sizes=\"(max-width: 2099px) 100vw, 2099px\" \/><\/p>\n<p><strong>6\u3001<\/strong><strong>5 litre\u00a0Gas Cylinder Product Parameters table (ISO9809-3 TUV 150BAR)<\/strong><\/p>\n<p>Bouteille de CO2 5L 150bar Argon Azote H\u00e9lium N2O Bouteilles d'air<\/p>\n<div class=\"nei-table\">\n<table>\n<tbody>\n<tr class=\"firstRow\">\n<td align=\"center\" valign=\"middle\" width=\"171\">Type<\/td>\n<td align=\"center\" valign=\"middle\" width=\"43\">A l'ext\u00e9rieur<\/p>\n<p>Diam\u00e8tre<\/p>\n<p>(mm)<\/td>\n<td align=\"center\" valign=\"middle\" width=\"99\">L'eau<\/p>\n<p>Capacit\u00e9<\/p>\n<p>(L)<\/td>\n<td align=\"center\" valign=\"middle\" width=\"76\">Bouteille<\/p>\n<p>Hauteur<\/p>\n<p>(mm)<\/td>\n<td align=\"center\" valign=\"middle\" width=\"75\">Poids<\/p>\n<p>\uff08kg\uff09<\/td>\n<td align=\"center\" valign=\"middle\" width=\"88\">Travailler<\/p>\n<p>pression<\/p>\n<p>\uff08Bar\uff09<\/td>\n<td align=\"center\" valign=\"middle\" width=\"94\">Mur de conception<\/p>\n<p>l'\u00e9paisseur<\/p>\n<p>\uff08mm\uff09<\/td>\n<td align=\"center\" valign=\"middle\" width=\"82\">Mat\u00e9riau<\/p>\n<p>Notes<\/td>\n<\/tr>\n<tr>\n<td align=\"center\" valign=\"middle\" width=\"266\">WM\u2161108-5.0L-150<\/td>\n<td align=\"center\" valign=\"middle\" width=\"43\">108<\/td>\n<td align=\"center\" valign=\"middle\" width=\"99\">5.0<\/td>\n<td align=\"center\" valign=\"middle\" width=\"76\">696<\/td>\n<td align=\"center\" valign=\"middle\" width=\"75\">7.65<\/td>\n<td align=\"center\" valign=\"middle\" width=\"88\">150<\/td>\n<td align=\"center\" valign=\"middle\" width=\"94\">2.9<\/td>\n<td align=\"center\" valign=\"middle\" width=\"82\">37MN<\/td>\n<\/tr>\n<tr>\n<td colspan=\"1\" rowspan=\"1\" align=\"center\" valign=\"middle\" width=\"317\">WM\u216140-5.0L-150<\/td>\n<td colspan=\"1\" rowspan=\"1\" align=\"center\" valign=\"middle\" width=\"43\">140<\/td>\n<td colspan=\"1\" rowspan=\"1\" align=\"center\" valign=\"middle\" width=\"99\">5.0<\/td>\n<td colspan=\"1\" rowspan=\"1\" align=\"center\" valign=\"middle\" width=\"76\">447<\/td>\n<td colspan=\"1\" rowspan=\"1\" align=\"center\" valign=\"middle\" width=\"75\">6.96<\/td>\n<td colspan=\"1\" rowspan=\"1\" align=\"center\" valign=\"middle\" width=\"88\">150<\/td>\n<td colspan=\"1\" rowspan=\"1\" align=\"center\" valign=\"middle\" width=\"94\">3.8<\/td>\n<td colspan=\"1\" rowspan=\"1\" align=\"center\" valign=\"middle\" width=\"82\">37MN<\/td>\n<\/tr>\n<\/tbody>\n<\/table>\n<p><img alt=\"\" loading=\"lazy\" decoding=\"async\" class=\"alignnone size-full wp-image-6591\" src=\"http:\/\/darkslategray-hippopotamus-243231.hostingersite.com\/wp-content\/uploads\/2025\/04\/\u7269\u6d41-scaled.jpg\" width=\"1629\" height=\"2560\" srcset=\"https:\/\/hsgascylinder-factory.com\/wp-content\/uploads\/2025\/04\/\u7269\u6d41-scaled.jpg 1629w, https:\/\/hsgascylinder-factory.com\/wp-content\/uploads\/2025\/04\/\u7269\u6d41-191x300.jpg 191w, https:\/\/hsgascylinder-factory.com\/wp-content\/uploads\/2025\/04\/\u7269\u6d41-651x1024.jpg 651w, https:\/\/hsgascylinder-factory.com\/wp-content\/uploads\/2025\/04\/\u7269\u6d41-768x1207.jpg 768w, https:\/\/hsgascylinder-factory.com\/wp-content\/uploads\/2025\/04\/\u7269\u6d41-977x1536.jpg 977w, https:\/\/hsgascylinder-factory.com\/wp-content\/uploads\/2025\/04\/\u7269\u6d41-1303x2048.jpg 1303w, https:\/\/hsgascylinder-factory.com\/wp-content\/uploads\/2025\/04\/\u7269\u6d41-8x12.jpg 8w, https:\/\/hsgascylinder-factory.com\/wp-content\/uploads\/2025\/04\/\u7269\u6d41-600x943.jpg 600w\" sizes=\"(max-width: 1629px) 100vw, 1629px\" \/><\/p>\n<p><img alt=\"\" loading=\"lazy\" decoding=\"async\" class=\"alignnone size-full wp-image-6625\" src=\"http:\/\/darkslategray-hippopotamus-243231.hostingersite.com\/wp-content\/uploads\/2025\/04\/9-36.jpg\" width=\"900\" height=\"600\" srcset=\"https:\/\/hsgascylinder-factory.com\/wp-content\/uploads\/2025\/04\/9-36.jpg 900w, https:\/\/hsgascylinder-factory.com\/wp-content\/uploads\/2025\/04\/9-36-300x200.jpg 300w, https:\/\/hsgascylinder-factory.com\/wp-content\/uploads\/2025\/04\/9-36-768x512.jpg 768w, https:\/\/hsgascylinder-factory.com\/wp-content\/uploads\/2025\/04\/9-36-18x12.jpg 18w, https:\/\/hsgascylinder-factory.com\/wp-content\/uploads\/2025\/04\/9-36-600x400.jpg 600w\" sizes=\"(max-width: 900px) 100vw, 900px\" \/><\/p>\n<\/div>","protected":false},"excerpt":{"rendered":"<ul class=\"meta\">\n<li><label>Marque :<\/label>\u00a0HS<\/li>\n<li><label>Origine du produit :<\/label>\u00a0Fabriqu\u00e9 en Chine<\/li>\n<li><label>D\u00e9lai de livraison :<\/label>\u00a015 \u00e0 30 jours<\/li>\n<li><label>Capacit\u00e9 d'approvisionnement :<\/label>\u00a0Production annuelle de plus de 800 000 pi\u00e8ces<\/li>\n<\/ul>\n<p class=\"desc\">5L 150bar CO2 bottle Argon Nitrogen Helium N2O Air cylinders<br \/>\nConseils pour une utilisation s\u00fbre des bouteilles de gaz :<br \/>\nBottle cap: it protects the cylinder valve. Its function is to prevent the cylinder valve from being damaged due to collision in the process of handling and using, or even causing serious accidents such as the cylinder valve flying out and the cylinder explosion.<br \/>\nThe fixed safety bottle cap is strictly forbidden to be disassembled in the process of use. The space for installing the pressure reducer has been designed (except the disassembled bottle cap).<br \/>\nInformations sur le produit :<br \/>\n1\u30015 litres; 108mm or 140mm cylinder outer diameter; TUV ; Iso9809-3 or GB\/T5099.3 production standards; 37 mn manganese steel; Hydrostatic test pressure is 250bar; Working pressure is 150bar;<br \/>\n2\u3001The height of air cylinder body is 696mm or 447mm; Oxygen cylinder mouth threads include PZ19.2,PZ27.8,PZ39; 25E; 3\/4-14 NGT, etc.; Maximum storage is 0.75m3 (750 l); The minimum design wall thickness of the cylinder is 2.9mm or 3.8; Nitrogen cylinder body weight is 7.64Kg or 6.96 Kg;<br \/>\n3\u3001Alias: 5L gas cylinders, 5L bottles, N2O bottles, TUV CO2 gas bottles, 150bar Nitrogen cylinders;5 litre gas bottles; 5 litre gas cylinder; 5 litre gas tanks<br \/>\nShandong Hongsheng Pressure Vessel Co. est pr\u00eat \u00e0 devenir votre partenaire \u00e0 long terme et votre responsable de la s\u00e9curit\u00e9 des bouteilles, et \u00e0 assurer conjointement la s\u00e9curit\u00e9 de vos bouteilles.<\/p>","protected":false},"featured_media":6620,"template":"","meta":{"_seopress_robots_primary_cat":"none","_seopress_titles_title":"","_seopress_titles_desc":"","_seopress_robots_index":"","_uag_custom_page_level_css":"","site-sidebar-layout":"default","site-content-layout":"","ast-site-content-layout":"default","site-content-style":"default","site-sidebar-style":"default","ast-global-header-display":"","ast-banner-title-visibility":"","ast-main-header-display":"","ast-hfb-above-header-display":"","ast-hfb-below-header-display":"","ast-hfb-mobile-header-display":"","site-post-title":"","ast-breadcrumbs-content":"","ast-featured-img":"","footer-sml-layout":"","ast-disable-related-posts":"","theme-transparent-header-meta":"default","adv-header-id-meta":"","stick-header-meta":"default","header-above-stick-meta":"","header-main-stick-meta":"","header-below-stick-meta":"","astra-migrate-meta-layouts":"set","ast-page-background-enabled":"default","ast-page-background-meta":{"desktop":{"background-color":"","background-image":"","background-repeat":"repeat","background-position":"center center","background-size":"auto","background-attachment":"scroll","background-type":"","background-media":"","overlay-type":"","overlay-color":"","overlay-opacity":"","overlay-gradient":""},"tablet":{"background-color":"","background-image":"","background-repeat":"repeat","background-position":"center center","background-size":"auto","background-attachment":"scroll","background-type":"","background-media":"","overlay-type":"","overlay-color":"","overlay-opacity":"","overlay-gradient":""},"mobile":{"background-color":"","background-image":"","background-repeat":"repeat","background-position":"center center","background-size":"auto","background-attachment":"scroll","background-type":"","background-media":"","overlay-type":"","overlay-color":"","overlay-opacity":"","overlay-gradient":""}},"ast-content-background-meta":{"desktop":{"background-color":"var(--ast-global-color-5)","background-image":"","background-repeat":"repeat","background-position":"center center","background-size":"auto","background-attachment":"scroll","background-type":"","background-media":"","overlay-type":"","overlay-color":"","overlay-opacity":"","overlay-gradient":""},"tablet":{"background-color":"var(--ast-global-color-5)","background-image":"","background-repeat":"repeat","background-position":"center center","background-size":"auto","background-attachment":"scroll","background-type":"","background-media":"","overlay-type":"","overlay-color":"","overlay-opacity":"","overlay-gradient":""},"mobile":{"background-color":"var(--ast-global-color-5)","background-image":"","background-repeat":"repeat","background-position":"center center","background-size":"auto","background-attachment":"scroll","background-type":"","background-media":"","overlay-type":"","overlay-color":"","overlay-opacity":"","overlay-gradient":""}}},"product_brand":[],"product_cat":[43],"product_tag":[],"class_list":{"0":"post-5700","1":"product","2":"type-product","3":"status-publish","4":"has-post-thumbnail","6":"product_cat-tuv","7":"desktop-align-center","8":"tablet-align-left","9":"mobile-align-left","10":"ast-product-gallery-layout-horizontal-slider","11":"ast-product-tabs-layout-horizontal","13":"first","14":"instock","15":"shipping-taxable","16":"product-type-simple"},"uagb_featured_image_src":{"full":["https:\/\/hsgascylinder-factory.com\/wp-content\/uploads\/2025\/04\/8-2.jpg",800,800,false],"thumbnail":["https:\/\/hsgascylinder-factory.com\/wp-content\/uploads\/2025\/04\/8-2-150x150.jpg",150,150,true],"medium":["https:\/\/hsgascylinder-factory.com\/wp-content\/uploads\/2025\/04\/8-2-300x300.jpg",300,300,true],"medium_large":["https:\/\/hsgascylinder-factory.com\/wp-content\/uploads\/2025\/04\/8-2-768x768.jpg",768,768,true],"large":["https:\/\/hsgascylinder-factory.com\/wp-content\/uploads\/2025\/04\/8-2.jpg",800,800,false],"1536x1536":["https:\/\/hsgascylinder-factory.com\/wp-content\/uploads\/2025\/04\/8-2.jpg",800,800,false],"2048x2048":["https:\/\/hsgascylinder-factory.com\/wp-content\/uploads\/2025\/04\/8-2.jpg",800,800,false],"trp-custom-language-flag":["https:\/\/hsgascylinder-factory.com\/wp-content\/uploads\/2025\/04\/8-2-12x12.jpg",12,12,true],"woocommerce_thumbnail":["https:\/\/hsgascylinder-factory.com\/wp-content\/uploads\/2025\/04\/8-2-500x500.jpg",500,500,true],"woocommerce_single":["https:\/\/hsgascylinder-factory.com\/wp-content\/uploads\/2025\/04\/8-2-600x600.jpg",600,600,true],"woocommerce_gallery_thumbnail":["https:\/\/hsgascylinder-factory.com\/wp-content\/uploads\/2025\/04\/8-2-100x100.jpg",100,100,true]},"uagb_author_info":{"display_name":"jinxing6611@gmail.com","author_link":"https:\/\/hsgascylinder-factory.com\/fr\/author\/"},"uagb_comment_info":0,"uagb_excerpt":"Brand:\u00a0HS Product origin:\u00a0Made in China Delivery time:\u00a015 to 30 days Supply capacity:\u00a0Annual output of more than 800,000 pieces 5L 150bar CO2 bottle Argon Nitrogen Helium N2O Air cylinders Tips for safe use of gas cylinders: Bottle cap: it protects the cylinder valve. Its function is to prevent the cylinder valve from being damaged due to\u2026","_links":{"self":[{"href":"https:\/\/hsgascylinder-factory.com\/fr\/wp-json\/wp\/v2\/product\/5700","targetHints":{"allow":["GET"]}}],"collection":[{"href":"https:\/\/hsgascylinder-factory.com\/fr\/wp-json\/wp\/v2\/product"}],"about":[{"href":"https:\/\/hsgascylinder-factory.com\/fr\/wp-json\/wp\/v2\/types\/product"}],"wp:featuredmedia":[{"embeddable":true,"href":"https:\/\/hsgascylinder-factory.com\/fr\/wp-json\/wp\/v2\/media\/6620"}],"wp:attachment":[{"href":"https:\/\/hsgascylinder-factory.com\/fr\/wp-json\/wp\/v2\/media?parent=5700"}],"wp:term":[{"taxonomy":"product_brand","embeddable":true,"href":"https:\/\/hsgascylinder-factory.com\/fr\/wp-json\/wp\/v2\/product_brand?post=5700"},{"taxonomy":"product_cat","embeddable":true,"href":"https:\/\/hsgascylinder-factory.com\/fr\/wp-json\/wp\/v2\/product_cat?post=5700"},{"taxonomy":"product_tag","embeddable":true,"href":"https:\/\/hsgascylinder-factory.com\/fr\/wp-json\/wp\/v2\/product_tag?post=5700"}],"curies":[{"name":"wp","href":"https:\/\/api.w.org\/{rel}","templated":true}]}}