{"id":5597,"date":"2025-04-23T06:05:37","date_gmt":"2025-04-23T06:05:37","guid":{"rendered":"https:\/\/darkslategray-hippopotamus-243231.hostingersite.com\/?post_type=product&#038;p=5597"},"modified":"2025-06-07T07:51:27","modified_gmt":"2025-06-07T07:51:27","slug":"12l-150bar-co2-bottle-argon-nitrogen-helium-n2o-air-cylinder","status":"publish","type":"product","link":"https:\/\/hsgascylinder-factory.com\/fr\/produit\/12l-150bar-co2-bottle-argon-nitrogen-helium-n2o-air-cylinder\/","title":{"rendered":"12L 150bar Bouteille CO2 Argon Azote H\u00e9lium N2O Air Cylinder"},"content":{"rendered":"<p><iframe title=\"Lecteur vid\u00e9o YouTube\" src=\"https:\/\/www.youtube.com\/embed\/6bxas9loSKI?si=MNdijQIOAS1XVdG6\" width=\"560\" height=\"315\" frameborder=\"0\" allowfullscreen=\"allowfullscreen\"><\/iframe><\/p>\n<p><strong>12L 150bar Bouteille CO2 Argon Azote H\u00e9lium N2O Air Cylinder<\/strong><\/p>\n<p>1\u3001Minimum de commande : 100 seulement<\/p>\n<p>2\u3001Utilisation des cylindres : nos cylindres en acier sans soudure sont largement utilis\u00e9s dans l'industrie, les appareils m\u00e9dicaux, la lutte contre les incendies et la recherche scientifique.<\/p>\n<p>3\u3001Les produits peuvent \u00eatre export\u00e9s vers les pays ou r\u00e9gions suivants : Chine, Asie du Sud-Est, Moyen-Orient, Asie, Afrique, Europe, Oc\u00e9anie, Am\u00e9rique.<\/p>\n<p>4\u3001Factory (nous sommes le fabricant)\uff1aShandong Hongsheng Pressure Vessel Co. LTD<\/p>\n<p><img alt=\"\" fetchpriority=\"high\" decoding=\"async\" class=\"alignnone wp-image-6672 size-full\" src=\"http:\/\/darkslategray-hippopotamus-243231.hostingersite.com\/wp-content\/uploads\/2025\/04\/150-5.jpg\" width=\"800\" height=\"800\" srcset=\"https:\/\/hsgascylinder-factory.com\/wp-content\/uploads\/2025\/04\/150-5.jpg 800w, https:\/\/hsgascylinder-factory.com\/wp-content\/uploads\/2025\/04\/150-5-300x300.jpg 300w, https:\/\/hsgascylinder-factory.com\/wp-content\/uploads\/2025\/04\/150-5-150x150.jpg 150w, https:\/\/hsgascylinder-factory.com\/wp-content\/uploads\/2025\/04\/150-5-768x768.jpg 768w, https:\/\/hsgascylinder-factory.com\/wp-content\/uploads\/2025\/04\/150-5-12x12.jpg 12w, https:\/\/hsgascylinder-factory.com\/wp-content\/uploads\/2025\/04\/150-5-500x500.jpg 500w, https:\/\/hsgascylinder-factory.com\/wp-content\/uploads\/2025\/04\/150-5-600x600.jpg 600w, https:\/\/hsgascylinder-factory.com\/wp-content\/uploads\/2025\/04\/150-5-100x100.jpg 100w\" sizes=\"(max-width: 800px) 100vw, 800px\" \/><\/p>\n<p>5\u3001Volumetric expansion test of gas cyliders :<\/p>\n<p>The cylinder shall be rejected if it shows a permanent expansion (i.e. volumetric expansion after the pressure has been released) in excess of 10 % of the total volumetric expansion measured at the test pressure, ph.<\/p>\n<p>The total and permanent expansion readings shall be recorded, together with the corresponding serial number of each cylinder tested, so that the elastic expansion (i.e. total expansion less permanent expansion) under the test pressure can be established for each cylinder.<\/p>\n<p><img alt=\"\" decoding=\"async\" class=\"alignnone wp-image-6673 size-full\" src=\"http:\/\/darkslategray-hippopotamus-243231.hostingersite.com\/wp-content\/uploads\/2025\/04\/9-38.jpg\" width=\"900\" height=\"600\" srcset=\"https:\/\/hsgascylinder-factory.com\/wp-content\/uploads\/2025\/04\/9-38.jpg 900w, https:\/\/hsgascylinder-factory.com\/wp-content\/uploads\/2025\/04\/9-38-300x200.jpg 300w, https:\/\/hsgascylinder-factory.com\/wp-content\/uploads\/2025\/04\/9-38-768x512.jpg 768w, https:\/\/hsgascylinder-factory.com\/wp-content\/uploads\/2025\/04\/9-38-18x12.jpg 18w, https:\/\/hsgascylinder-factory.com\/wp-content\/uploads\/2025\/04\/9-38-600x400.jpg 600w\" sizes=\"(max-width: 900px) 100vw, 900px\" \/><\/p>\n<p>6\u3001Hardness test of gas cylinders:<\/p>\n<p>A hardness test in accordance with ISO 6506-1 (Brinell), ISO 6508-1 (Rockwell) or other equivalent methods shall be carried out by the manufacturer after the final heat treatment of the cylinder.<\/p>\n<p>The hardness values thus determined shall be within the limits specified by the cylinder manufacturer for the material, dependent upon the heat treatment used for the production of the cylinder,<\/p>\n<p>NOTE Methods for measuring the surface indentation, other than given in ISO 6506-1 or ISO 6508-1 can be used subject to agreement between the parties concerned, provided that an equal level of accuracy can be demonstrated.<\/p>\n<p><img alt=\"\" decoding=\"async\" class=\"alignnone wp-image-6579 size-full\" src=\"http:\/\/darkslategray-hippopotamus-243231.hostingersite.com\/wp-content\/uploads\/2025\/03\/\u8ba4\u8bc1.jpg\" width=\"2480\" height=\"1288\" srcset=\"https:\/\/hsgascylinder-factory.com\/wp-content\/uploads\/2025\/03\/\u8ba4\u8bc1.jpg 2480w, https:\/\/hsgascylinder-factory.com\/wp-content\/uploads\/2025\/03\/\u8ba4\u8bc1-300x156.jpg 300w, https:\/\/hsgascylinder-factory.com\/wp-content\/uploads\/2025\/03\/\u8ba4\u8bc1-1024x532.jpg 1024w, https:\/\/hsgascylinder-factory.com\/wp-content\/uploads\/2025\/03\/\u8ba4\u8bc1-768x399.jpg 768w, https:\/\/hsgascylinder-factory.com\/wp-content\/uploads\/2025\/03\/\u8ba4\u8bc1-1536x798.jpg 1536w, https:\/\/hsgascylinder-factory.com\/wp-content\/uploads\/2025\/03\/\u8ba4\u8bc1-2048x1064.jpg 2048w, https:\/\/hsgascylinder-factory.com\/wp-content\/uploads\/2025\/03\/\u8ba4\u8bc1-18x9.jpg 18w, https:\/\/hsgascylinder-factory.com\/wp-content\/uploads\/2025\/03\/\u8ba4\u8bc1-600x312.jpg 600w\" sizes=\"(max-width: 2480px) 100vw, 2480px\" \/><\/p>\n<p><strong>7\u300112\u00a0litre Gas Cylinder Product Parameters table (ISO9809-3 TUV 150BAR)<\/strong><\/p>\n<p>12L 150bar Bouteille CO2 Argon Azote H\u00e9lium N2O Air Cylinder<\/p>\n<div class=\"nei-table\">\n<table>\n<tbody>\n<tr class=\"firstRow\">\n<td align=\"center\" valign=\"middle\" width=\"199\">Type<\/td>\n<td align=\"center\" valign=\"middle\" width=\"20\">A l'ext\u00e9rieur<\/p>\n<p>Diam\u00e8tre<\/p>\n<p>(mm)<\/td>\n<td align=\"center\" valign=\"middle\" width=\"95\">L'eau<\/p>\n<p>Capacit\u00e9<\/p>\n<p>(L)<\/td>\n<td align=\"center\" valign=\"middle\" width=\"83\">Bouteille<\/p>\n<p>Hauteur<\/p>\n<p>(mm)<\/td>\n<td align=\"center\" valign=\"middle\" width=\"82\">Poids<\/p>\n<p>\uff08kg\uff09<\/td>\n<td align=\"center\" valign=\"middle\" width=\"96\">Travailler<\/p>\n<p>pression<\/p>\n<p>\uff08Bar\uff09<\/td>\n<td align=\"center\" valign=\"middle\" width=\"109\">Mur de conception<\/p>\n<p>l'\u00e9paisseur<\/p>\n<p>\uff08mm\uff09<\/td>\n<td align=\"center\" valign=\"middle\" width=\"90\">Mat\u00e9riau<\/p>\n<p>Notes<\/td>\n<\/tr>\n<tr>\n<td align=\"center\" valign=\"middle\" width=\"253\">WM\u2161140-12.0L-150<\/td>\n<td align=\"center\" valign=\"middle\" width=\"20\">140<\/td>\n<td align=\"center\" valign=\"middle\" width=\"95\">12.0<\/td>\n<td align=\"center\" valign=\"middle\" width=\"83\">966<\/td>\n<td align=\"center\" valign=\"middle\" width=\"82\">14.3<\/td>\n<td align=\"center\" valign=\"middle\" width=\"96\">150<\/td>\n<td align=\"center\" valign=\"middle\" width=\"109\">3.8<\/td>\n<td align=\"center\" valign=\"middle\" width=\"90\">37MN<\/td>\n<\/tr>\n<tr>\n<td colspan=\"1\" rowspan=\"1\" align=\"center\" valign=\"middle\" width=\"444\">WM\u2161159-12.0L-150<\/td>\n<td colspan=\"1\" rowspan=\"1\" align=\"center\" valign=\"middle\" width=\"20\">159<\/td>\n<td colspan=\"1\" rowspan=\"1\" align=\"center\" valign=\"middle\" width=\"95\">12.0<\/td>\n<td colspan=\"1\" rowspan=\"1\" align=\"center\" valign=\"middle\" width=\"83\">780<\/td>\n<td colspan=\"1\" rowspan=\"1\" align=\"center\" valign=\"middle\" width=\"82\">13.1<\/td>\n<td colspan=\"1\" rowspan=\"1\" align=\"center\" valign=\"middle\" width=\"96\">150<\/td>\n<td colspan=\"1\" rowspan=\"1\" align=\"center\" valign=\"middle\" width=\"109\">3.9<\/td>\n<td colspan=\"1\" rowspan=\"1\" align=\"center\" valign=\"middle\" width=\"90\">37MN<\/td>\n<\/tr>\n<\/tbody>\n<\/table>\n<p>&nbsp;<\/p>\n<p><img alt=\"\" loading=\"lazy\" decoding=\"async\" class=\"alignnone size-full wp-image-6674\" src=\"http:\/\/darkslategray-hippopotamus-243231.hostingersite.com\/wp-content\/uploads\/2025\/04\/\u751f\u4ea7\u8f66\u95f4-1-scaled.jpg\" width=\"1907\" height=\"2560\" srcset=\"https:\/\/hsgascylinder-factory.com\/wp-content\/uploads\/2025\/04\/\u751f\u4ea7\u8f66\u95f4-1-scaled.jpg 1907w, https:\/\/hsgascylinder-factory.com\/wp-content\/uploads\/2025\/04\/\u751f\u4ea7\u8f66\u95f4-1-223x300.jpg 223w, https:\/\/hsgascylinder-factory.com\/wp-content\/uploads\/2025\/04\/\u751f\u4ea7\u8f66\u95f4-1-763x1024.jpg 763w, https:\/\/hsgascylinder-factory.com\/wp-content\/uploads\/2025\/04\/\u751f\u4ea7\u8f66\u95f4-1-768x1031.jpg 768w, https:\/\/hsgascylinder-factory.com\/wp-content\/uploads\/2025\/04\/\u751f\u4ea7\u8f66\u95f4-1-1144x1536.jpg 1144w, https:\/\/hsgascylinder-factory.com\/wp-content\/uploads\/2025\/04\/\u751f\u4ea7\u8f66\u95f4-1-1526x2048.jpg 1526w, https:\/\/hsgascylinder-factory.com\/wp-content\/uploads\/2025\/04\/\u751f\u4ea7\u8f66\u95f4-1-9x12.jpg 9w, https:\/\/hsgascylinder-factory.com\/wp-content\/uploads\/2025\/04\/\u751f\u4ea7\u8f66\u95f4-1-600x805.jpg 600w\" sizes=\"(max-width: 1907px) 100vw, 1907px\" \/><\/p>\n<\/div>","protected":false},"excerpt":{"rendered":"<ul class=\"meta\">\n<li><label>Marque :<\/label>\u00a0HS<\/li>\n<li><label>Origine du produit :<\/label>\u00a0Fabriqu\u00e9 en Chine<\/li>\n<li><label>D\u00e9lai de livraison :<\/label>\u00a015 \u00e0 30 jours<\/li>\n<li><label>Capacit\u00e9 d'approvisionnement :<\/label>\u00a0Production annuelle de plus de 800 000 pi\u00e8ces<\/li>\n<\/ul>\n<p class=\"desc\">12L 150bar CO2 bottle Argon Nitrogen Helium N2O Air cylinder<br \/>\nBefore use, the safety condition of gas cylinders should be checked to confirm the gas contained in them.<br \/>\nThe storage and use of gas cylinders that do not meet the safety technical requirements are strictly prohibited, and the use of gas cylinders must be strictly in accordance with the requirements of the operation manual.<br \/>\n12 litre oxygen cylinder cylinder; TUV; 37 mn manganese steel; Gas cylinder production standard GB\/T5099.3 or ISO9809-3; The outer diameter of oxygen cylinder is 140mm or 159mm; Oxygen cylinder hydrostatic test pressure is 250bar; Working pressure is 150bar;<br \/>\nBefore use, the safety condition of gas cylinders should be checked to confirm the gas contained in them. The storage and use of gas cylinders that do not meet the safety technical requirements are strictly prohibited, and the use of gas cylinders must be strictly in accordance with the requirements of the operation manual.<br \/>\nNitrogen cylinder body height 966mm or 780mm; Argon gas bottle body weight 14.3kg or 13.1 kg; Helium cylinder mouth thread PZ27.8,PZ39; 25E; 3\/4-14 NGT, etc.; Maximum gas cylinder storage is 1.8m3 (1800 litres); The minimum design wall thickness of nitrogen cylinder is 3.8mm-4.3mm;<br \/>\nMeasures should be taken to prevent the cylinder from tipping when it is put upright.<br \/>\nAlias:12L gas cylinders, 12L bottles, 12L Argon gas tanks, TUV Nitrogen gascylinder, 150bar Helium gas tanks;12 litre gas bottles; 12 litre gas cylinder; 12 litre gas tanks<\/p>","protected":false},"featured_media":6670,"template":"","meta":{"_seopress_robots_primary_cat":"none","_seopress_titles_title":"","_seopress_titles_desc":"","_seopress_robots_index":"","_uag_custom_page_level_css":"","site-sidebar-layout":"default","site-content-layout":"","ast-site-content-layout":"default","site-content-style":"default","site-sidebar-style":"default","ast-global-header-display":"","ast-banner-title-visibility":"","ast-main-header-display":"","ast-hfb-above-header-display":"","ast-hfb-below-header-display":"","ast-hfb-mobile-header-display":"","site-post-title":"","ast-breadcrumbs-content":"","ast-featured-img":"","footer-sml-layout":"","ast-disable-related-posts":"","theme-transparent-header-meta":"default","adv-header-id-meta":"","stick-header-meta":"default","header-above-stick-meta":"","header-main-stick-meta":"","header-below-stick-meta":"","astra-migrate-meta-layouts":"set","ast-page-background-enabled":"default","ast-page-background-meta":{"desktop":{"background-color":"","background-image":"","background-repeat":"repeat","background-position":"center center","background-size":"auto","background-attachment":"scroll","background-type":"","background-media":"","overlay-type":"","overlay-color":"","overlay-opacity":"","overlay-gradient":""},"tablet":{"background-color":"","background-image":"","background-repeat":"repeat","background-position":"center center","background-size":"auto","background-attachment":"scroll","background-type":"","background-media":"","overlay-type":"","overlay-color":"","overlay-opacity":"","overlay-gradient":""},"mobile":{"background-color":"","background-image":"","background-repeat":"repeat","background-position":"center center","background-size":"auto","background-attachment":"scroll","background-type":"","background-media":"","overlay-type":"","overlay-color":"","overlay-opacity":"","overlay-gradient":""}},"ast-content-background-meta":{"desktop":{"background-color":"var(--ast-global-color-5)","background-image":"","background-repeat":"repeat","background-position":"center center","background-size":"auto","background-attachment":"scroll","background-type":"","background-media":"","overlay-type":"","overlay-color":"","overlay-opacity":"","overlay-gradient":""},"tablet":{"background-color":"var(--ast-global-color-5)","background-image":"","background-repeat":"repeat","background-position":"center center","background-size":"auto","background-attachment":"scroll","background-type":"","background-media":"","overlay-type":"","overlay-color":"","overlay-opacity":"","overlay-gradient":""},"mobile":{"background-color":"var(--ast-global-color-5)","background-image":"","background-repeat":"repeat","background-position":"center center","background-size":"auto","background-attachment":"scroll","background-type":"","background-media":"","overlay-type":"","overlay-color":"","overlay-opacity":"","overlay-gradient":""}}},"product_brand":[],"product_cat":[43],"product_tag":[],"class_list":{"0":"post-5597","1":"product","2":"type-product","3":"status-publish","4":"has-post-thumbnail","6":"product_cat-tuv","7":"desktop-align-center","8":"tablet-align-left","9":"mobile-align-left","10":"ast-product-gallery-layout-horizontal-slider","11":"ast-product-tabs-layout-horizontal","13":"first","14":"instock","15":"shipping-taxable","16":"product-type-simple"},"uagb_featured_image_src":{"full":["https:\/\/hsgascylinder-factory.com\/wp-content\/uploads\/2025\/04\/5-4.jpg",800,800,false],"thumbnail":["https:\/\/hsgascylinder-factory.com\/wp-content\/uploads\/2025\/04\/5-4-150x150.jpg",150,150,true],"medium":["https:\/\/hsgascylinder-factory.com\/wp-content\/uploads\/2025\/04\/5-4-300x300.jpg",300,300,true],"medium_large":["https:\/\/hsgascylinder-factory.com\/wp-content\/uploads\/2025\/04\/5-4-768x768.jpg",768,768,true],"large":["https:\/\/hsgascylinder-factory.com\/wp-content\/uploads\/2025\/04\/5-4.jpg",800,800,false],"1536x1536":["https:\/\/hsgascylinder-factory.com\/wp-content\/uploads\/2025\/04\/5-4.jpg",800,800,false],"2048x2048":["https:\/\/hsgascylinder-factory.com\/wp-content\/uploads\/2025\/04\/5-4.jpg",800,800,false],"trp-custom-language-flag":["https:\/\/hsgascylinder-factory.com\/wp-content\/uploads\/2025\/04\/5-4-12x12.jpg",12,12,true],"woocommerce_thumbnail":["https:\/\/hsgascylinder-factory.com\/wp-content\/uploads\/2025\/04\/5-4-500x500.jpg",500,500,true],"woocommerce_single":["https:\/\/hsgascylinder-factory.com\/wp-content\/uploads\/2025\/04\/5-4-600x600.jpg",600,600,true],"woocommerce_gallery_thumbnail":["https:\/\/hsgascylinder-factory.com\/wp-content\/uploads\/2025\/04\/5-4-100x100.jpg",100,100,true]},"uagb_author_info":{"display_name":"jinxing6611@gmail.com","author_link":"https:\/\/hsgascylinder-factory.com\/fr\/author\/"},"uagb_comment_info":0,"uagb_excerpt":"Brand:\u00a0HS Product origin:\u00a0Made in China Delivery time:\u00a015 to 30 days Supply capacity:\u00a0Annual output of more than 800,000 pieces 12L 150bar CO2 bottle Argon Nitrogen Helium N2O Air cylinder Before use, the safety condition of gas cylinders should be checked to confirm the gas contained in them. The storage and use of gas cylinders that do\u2026","_links":{"self":[{"href":"https:\/\/hsgascylinder-factory.com\/fr\/wp-json\/wp\/v2\/product\/5597","targetHints":{"allow":["GET"]}}],"collection":[{"href":"https:\/\/hsgascylinder-factory.com\/fr\/wp-json\/wp\/v2\/product"}],"about":[{"href":"https:\/\/hsgascylinder-factory.com\/fr\/wp-json\/wp\/v2\/types\/product"}],"wp:featuredmedia":[{"embeddable":true,"href":"https:\/\/hsgascylinder-factory.com\/fr\/wp-json\/wp\/v2\/media\/6670"}],"wp:attachment":[{"href":"https:\/\/hsgascylinder-factory.com\/fr\/wp-json\/wp\/v2\/media?parent=5597"}],"wp:term":[{"taxonomy":"product_brand","embeddable":true,"href":"https:\/\/hsgascylinder-factory.com\/fr\/wp-json\/wp\/v2\/product_brand?post=5597"},{"taxonomy":"product_cat","embeddable":true,"href":"https:\/\/hsgascylinder-factory.com\/fr\/wp-json\/wp\/v2\/product_cat?post=5597"},{"taxonomy":"product_tag","embeddable":true,"href":"https:\/\/hsgascylinder-factory.com\/fr\/wp-json\/wp\/v2\/product_tag?post=5597"}],"curies":[{"name":"wp","href":"https:\/\/api.w.org\/{rel}","templated":true}]}}