{"id":5495,"date":"2025-04-23T02:17:32","date_gmt":"2025-04-23T02:17:32","guid":{"rendered":"https:\/\/darkslategray-hippopotamus-243231.hostingersite.com\/?post_type=product&#038;p=5495"},"modified":"2025-06-10T07:23:25","modified_gmt":"2025-06-10T07:23:25","slug":"7l-150bar-co2-bottle-argon-nitrogen-helium-n2o-air-cylinders","status":"publish","type":"product","link":"https:\/\/hsgascylinder-factory.com\/fr\/produit\/7l-150bar-co2-bottle-argon-nitrogen-helium-n2o-air-cylinders\/","title":{"rendered":"Bouteille de CO2 7L 150bar Argon Nitrog\u00e8ne H\u00e9lium Bouteilles d'air"},"content":{"rendered":"<p><iframe title=\"Lecteur vid\u00e9o YouTube\" src=\"https:\/\/www.youtube.com\/embed\/6bxas9loSKI?si=cTnCrX5gr6rkv2Rt\" width=\"560\" height=\"315\" frameborder=\"0\" allowfullscreen=\"allowfullscreen\"><\/iframe><\/p>\n<p><strong>7L 150bar CO2 Bottle Argon Nitrogen Helium N2O Air Cylinders<\/strong><\/p>\n<p><img alt=\"\" fetchpriority=\"high\" decoding=\"async\" class=\"alignnone wp-image-6713 size-full\" src=\"http:\/\/darkslategray-hippopotamus-243231.hostingersite.com\/wp-content\/uploads\/2025\/04\/7-9.jpg\" width=\"800\" height=\"800\" srcset=\"https:\/\/hsgascylinder-factory.com\/wp-content\/uploads\/2025\/04\/7-9.jpg 800w, https:\/\/hsgascylinder-factory.com\/wp-content\/uploads\/2025\/04\/7-9-300x300.jpg 300w, https:\/\/hsgascylinder-factory.com\/wp-content\/uploads\/2025\/04\/7-9-150x150.jpg 150w, https:\/\/hsgascylinder-factory.com\/wp-content\/uploads\/2025\/04\/7-9-768x768.jpg 768w, https:\/\/hsgascylinder-factory.com\/wp-content\/uploads\/2025\/04\/7-9-12x12.jpg 12w, https:\/\/hsgascylinder-factory.com\/wp-content\/uploads\/2025\/04\/7-9-500x500.jpg 500w, https:\/\/hsgascylinder-factory.com\/wp-content\/uploads\/2025\/04\/7-9-600x600.jpg 600w, https:\/\/hsgascylinder-factory.com\/wp-content\/uploads\/2025\/04\/7-9-100x100.jpg 100w\" sizes=\"(max-width: 800px) 100vw, 800px\" \/><\/p>\n<p>1\u3001Hydrostatic test of gas cylinder :(1) Ph= 1.5p;\u00a0\u00a0(2) Pressure holding time 30S;\u00a0\u00a0(3) Qualified standards: the pressure gauge pointer shall not fall back and there is no leakage phenomenon;\u00a0\u00a0Residual deformation rate of the bottle body \u226410%;<\/p>\n<p>2\u3001Gas cylinder:\u00a0It is essential to perform the visual internal and external inspection in good conditions as follows.<\/p>\n<p>\u23af\u00a0The surface of the metal, in particular of the inner wall, should be completely clean, dry and free of\u00a0oxidation products, corrosion, scale, etc., as these could obscure other more serious imperfections.<\/p>\n<p>Where necessary, the surface should be cleaned under closely controlled conditions by suitable methods\u00a0before further inspection;<\/p>\n<p>\u23af\u00a0Appropriate sources of illumination with sufficient intensity should be used;<\/p>\n<p>\u23af\u00a0After the cylinders have been closed and the threads have been cut, the internal neck area should be\u00a0examined by means of an introscope, dental mirror or other suitable appliance.<\/p>\n<p>Shockproof rings can also reduce the wear of the cylinder body and prolong the service life of the cylinder.<\/p>\n<p><img alt=\"\" decoding=\"async\" class=\"alignnone wp-image-6714 size-full\" src=\"http:\/\/darkslategray-hippopotamus-243231.hostingersite.com\/wp-content\/uploads\/2025\/04\/9-27.jpg\" width=\"900\" height=\"600\" srcset=\"https:\/\/hsgascylinder-factory.com\/wp-content\/uploads\/2025\/04\/9-27.jpg 900w, https:\/\/hsgascylinder-factory.com\/wp-content\/uploads\/2025\/04\/9-27-300x200.jpg 300w, https:\/\/hsgascylinder-factory.com\/wp-content\/uploads\/2025\/04\/9-27-768x512.jpg 768w, https:\/\/hsgascylinder-factory.com\/wp-content\/uploads\/2025\/04\/9-27-18x12.jpg 18w, https:\/\/hsgascylinder-factory.com\/wp-content\/uploads\/2025\/04\/9-27-600x400.jpg 600w\" sizes=\"(max-width: 900px) 100vw, 900px\" \/><\/p>\n<p>3\u3001Alias: cylinders, 7L bottles, 7L Arogen, TUV Helium gas bottles, 150bar Air cylinders;7 litre gas bottles; 7 litre gas cylinder; 7 litre gas tanks<\/p>\n<p>On-site gas production: For customers with large and relatively stable demand for air separation gas, the company builds factories in or near the location of these customers and provides products directly through pipelines.<\/p>\n<p>4\u3001Features: Supply contracts usually last 10 to 20 years, include minimum purchase requirements (pay or not negotiate) and price rules, monthly payments, good cash flow.<\/p>\n<p><img alt=\"\" decoding=\"async\" class=\"alignnone wp-image-6650 size-full\" src=\"http:\/\/darkslategray-hippopotamus-243231.hostingersite.com\/wp-content\/uploads\/2025\/04\/9-40.jpg\" width=\"900\" height=\"600\" srcset=\"https:\/\/hsgascylinder-factory.com\/wp-content\/uploads\/2025\/04\/9-40.jpg 900w, https:\/\/hsgascylinder-factory.com\/wp-content\/uploads\/2025\/04\/9-40-300x200.jpg 300w, https:\/\/hsgascylinder-factory.com\/wp-content\/uploads\/2025\/04\/9-40-768x512.jpg 768w, https:\/\/hsgascylinder-factory.com\/wp-content\/uploads\/2025\/04\/9-40-18x12.jpg 18w, https:\/\/hsgascylinder-factory.com\/wp-content\/uploads\/2025\/04\/9-40-600x400.jpg 600w\" sizes=\"(max-width: 900px) 100vw, 900px\" \/><\/p>\n<p>1\u3001Minimum de commande : 100 seulement<\/p>\n<p>2\u3001Nevertheless, extensive field experience, good judgement and independence from production are necessary for the inspector to detect and to be able to evaluate and judge an imperfection at the time of the visual inspection.<\/p>\n<p>Utilisation des cylindres : nos cylindres en acier sans soudure sont largement utilis\u00e9s dans l'industrie, les appareils m\u00e9dicaux, la lutte contre les incendies et la recherche scientifique.<\/p>\n<p>3\u3001Products exported :China, Southeast Asia, Middle East, Asia, Africa, Europe, Oceania, America<\/p>\n<p>4\u3001Factory (nous sommes le fabricant)\uff1aShandong Hongsheng Pressure Vessel Co. LTD<\/p>\n<p><img alt=\"\" loading=\"lazy\" decoding=\"async\" class=\"alignnone wp-image-6690 size-full\" src=\"http:\/\/darkslategray-hippopotamus-243231.hostingersite.com\/wp-content\/uploads\/2025\/04\/9-24-1.jpg\" width=\"900\" height=\"600\" srcset=\"https:\/\/hsgascylinder-factory.com\/wp-content\/uploads\/2025\/04\/9-24-1.jpg 900w, https:\/\/hsgascylinder-factory.com\/wp-content\/uploads\/2025\/04\/9-24-1-300x200.jpg 300w, https:\/\/hsgascylinder-factory.com\/wp-content\/uploads\/2025\/04\/9-24-1-768x512.jpg 768w, https:\/\/hsgascylinder-factory.com\/wp-content\/uploads\/2025\/04\/9-24-1-18x12.jpg 18w, https:\/\/hsgascylinder-factory.com\/wp-content\/uploads\/2025\/04\/9-24-1-600x400.jpg 600w\" sizes=\"(max-width: 900px) 100vw, 900px\" \/><\/p>\n<p>5\u3001Several types of imperfection can occur during the manufacturing of a seamless steel gas cylinder.<\/p>\n<p>Ces imperfections peuvent \u00eatre m\u00e9caniques ou mat\u00e9rielles.<\/p>\n<p>They can be due to the basic material used, the manufacturing process, heat treatments, manipulations, necking, machining or marking operations and other occurrences during manufacture.<\/p>\n<p>This annex identifies the manufacturing imperfections most commonly met and provides general information to the inspectors who perform the visual inspection.<\/p>\n<p>6\u3001Trend:<\/p>\n<p>1) Large-scale devices: the unit energy consumption of large air separation devices (more than 5000 m3) is only 1\/2 to 1\/3 of that of small devices (less than 1000 m3), with high reliability, low operation and maintenance costs and long trouble-free operation time;<\/p>\n<p>2) The customer structure gradually changes: the original steel, chemical and other industries, the proportion of lithium, semiconductor will increase in the future;<\/p>\n<p>3) Outsourcing ratio keeps increasing: the growth rate of on-site gas production by third-party gas companies is faster than that of the whole industry, and the industry compound growth rate of third-party gas companies is higher than that of the gas industry 2PCT;<\/p>\n<p>4) The price war of on-site gas production is fierce, and gas companies need to rely on retail gas business to improve their comprehensive profitability.<\/p>\n<p><img alt=\"\" loading=\"lazy\" decoding=\"async\" class=\"alignnone wp-image-6715 size-full\" src=\"http:\/\/darkslategray-hippopotamus-243231.hostingersite.com\/wp-content\/uploads\/2025\/04\/\u8d28\u91cf\u628a\u63a7-1-scaled.jpg\" width=\"1921\" height=\"2560\" srcset=\"https:\/\/hsgascylinder-factory.com\/wp-content\/uploads\/2025\/04\/\u8d28\u91cf\u628a\u63a7-1-scaled.jpg 1921w, https:\/\/hsgascylinder-factory.com\/wp-content\/uploads\/2025\/04\/\u8d28\u91cf\u628a\u63a7-1-225x300.jpg 225w, https:\/\/hsgascylinder-factory.com\/wp-content\/uploads\/2025\/04\/\u8d28\u91cf\u628a\u63a7-1-768x1023.jpg 768w, https:\/\/hsgascylinder-factory.com\/wp-content\/uploads\/2025\/04\/\u8d28\u91cf\u628a\u63a7-1-1153x1536.jpg 1153w, https:\/\/hsgascylinder-factory.com\/wp-content\/uploads\/2025\/04\/\u8d28\u91cf\u628a\u63a7-1-1537x2048.jpg 1537w, https:\/\/hsgascylinder-factory.com\/wp-content\/uploads\/2025\/04\/\u8d28\u91cf\u628a\u63a7-1-9x12.jpg 9w, https:\/\/hsgascylinder-factory.com\/wp-content\/uploads\/2025\/04\/\u8d28\u91cf\u628a\u63a7-1-600x800.jpg 600w\" sizes=\"(max-width: 1921px) 100vw, 1921px\" \/><\/p>\n<p><strong>7\u30017 litre\u00a0Gas Cylinder Product Parameters table (ISO9809-3 TUV 150BAR)<\/strong><\/p>\n<p>7L 150bar CO2 Bottle Argon Nitrogen Helium N2O Air Cylinders<\/p>\n<div class=\"nei-table\">\n<table>\n<tbody>\n<tr class=\"firstRow\">\n<td align=\"center\" valign=\"middle\" width=\"190\">Type<\/td>\n<td align=\"center\" valign=\"middle\" width=\"20\">A l'ext\u00e9rieur<\/p>\n<p>Diam\u00e8tre<\/p>\n<p>(mm)<\/td>\n<td align=\"center\" valign=\"middle\" width=\"96\">L'eau<\/p>\n<p>Capacit\u00e9<\/p>\n<p>(L)<\/td>\n<td align=\"center\" valign=\"middle\" width=\"84\">Bouteille<\/p>\n<p>Hauteur<\/p>\n<p>(mm)<\/td>\n<td align=\"center\" valign=\"middle\" width=\"83\">Poids<\/p>\n<p>\uff08kg\uff09<\/td>\n<td align=\"center\" valign=\"middle\" width=\"96\">Travailler<\/p>\n<p>pression<\/p>\n<p>\uff08Bar\uff09<\/td>\n<td align=\"center\" valign=\"middle\" width=\"110\">Mur de conception<\/p>\n<p>l'\u00e9paisseur<\/p>\n<p>\uff08mm\uff09<\/td>\n<td align=\"center\" valign=\"middle\" width=\"90\">Mat\u00e9riau<\/p>\n<p>Notes<\/td>\n<\/tr>\n<tr>\n<td align=\"center\" valign=\"middle\">WM\u2161140-7.0L-150<\/td>\n<td align=\"center\" valign=\"middle\">140<\/td>\n<td align=\"center\" valign=\"middle\">7.0<\/td>\n<td align=\"center\" valign=\"middle\">591<\/td>\n<td align=\"center\" valign=\"middle\">8.63<\/td>\n<td align=\"center\" valign=\"middle\">150<\/td>\n<td align=\"center\" valign=\"middle\">3.8<\/td>\n<td align=\"center\" valign=\"middle\">37MN<\/td>\n<\/tr>\n<tr>\n<td colspan=\"1\" rowspan=\"1\" align=\"center\" valign=\"middle\">WM\u2161152-7.0L-150<\/td>\n<td colspan=\"1\" rowspan=\"1\" align=\"center\" valign=\"middle\">152<\/td>\n<td colspan=\"1\" rowspan=\"1\" align=\"center\" valign=\"middle\">7.0<\/td>\n<td colspan=\"1\" rowspan=\"1\" align=\"center\" valign=\"middle\">526<\/td>\n<td colspan=\"1\" rowspan=\"1\" align=\"center\" valign=\"middle\">9.93<\/td>\n<td colspan=\"1\" rowspan=\"1\" align=\"center\" valign=\"middle\">150<\/td>\n<td colspan=\"1\" rowspan=\"1\" align=\"center\" valign=\"middle\">3.7<\/td>\n<td colspan=\"1\" rowspan=\"1\" align=\"center\" valign=\"middle\">37MN<\/td>\n<\/tr>\n<\/tbody>\n<\/table>\n<p><img alt=\"\" loading=\"lazy\" decoding=\"async\" class=\"alignnone size-full wp-image-6674\" src=\"http:\/\/darkslategray-hippopotamus-243231.hostingersite.com\/wp-content\/uploads\/2025\/04\/\u751f\u4ea7\u8f66\u95f4-1-scaled.jpg\" width=\"1907\" height=\"2560\" srcset=\"https:\/\/hsgascylinder-factory.com\/wp-content\/uploads\/2025\/04\/\u751f\u4ea7\u8f66\u95f4-1-scaled.jpg 1907w, https:\/\/hsgascylinder-factory.com\/wp-content\/uploads\/2025\/04\/\u751f\u4ea7\u8f66\u95f4-1-223x300.jpg 223w, https:\/\/hsgascylinder-factory.com\/wp-content\/uploads\/2025\/04\/\u751f\u4ea7\u8f66\u95f4-1-763x1024.jpg 763w, https:\/\/hsgascylinder-factory.com\/wp-content\/uploads\/2025\/04\/\u751f\u4ea7\u8f66\u95f4-1-768x1031.jpg 768w, https:\/\/hsgascylinder-factory.com\/wp-content\/uploads\/2025\/04\/\u751f\u4ea7\u8f66\u95f4-1-1144x1536.jpg 1144w, https:\/\/hsgascylinder-factory.com\/wp-content\/uploads\/2025\/04\/\u751f\u4ea7\u8f66\u95f4-1-1526x2048.jpg 1526w, https:\/\/hsgascylinder-factory.com\/wp-content\/uploads\/2025\/04\/\u751f\u4ea7\u8f66\u95f4-1-9x12.jpg 9w, https:\/\/hsgascylinder-factory.com\/wp-content\/uploads\/2025\/04\/\u751f\u4ea7\u8f66\u95f4-1-600x805.jpg 600w\" sizes=\"(max-width: 1907px) 100vw, 1907px\" \/><\/p>\n<\/div>","protected":false},"excerpt":{"rendered":"<ul class=\"meta\">\n<li><label>Marque :<\/label>\u00a0HS<\/li>\n<li><label>Origine du produit :<\/label>\u00a0Fabriqu\u00e9 en Chine<\/li>\n<li><label>D\u00e9lai de livraison :<\/label>\u00a015 \u00e0 30 jours<\/li>\n<li><label>Capacit\u00e9 d'approvisionnement :<\/label>\u00a0Production annuelle de plus de 800 000 pi\u00e8ces<\/li>\n<\/ul>\n<p class=\"desc\">7L 150bar CO2 bottle Argon Nitrogen Helium N2O Air cylinders<br \/>\nShockproof rubber ring: refers to the rubber ring set on the cylinder body, its main function is to prevent the cylinder from direct impact.<br \/>\nWearing shockproof rings is not easy to throw, slip, roll, touch and other savage handling methods in transportation, but also can protect the paint color of the bottle, otherwise the paint peeling into rust color slightly do not pay attention to the phenomenon of wrong loading and mixed loading, light affect the quality of filled gas, heavy lead to chemical explosion of gas cylinders.<br \/>\nShandong Hongsheng Pressure Vessel Co. est pr\u00eat \u00e0 devenir votre partenaire \u00e0 long terme et votre responsable de la s\u00e9curit\u00e9 des bouteilles, et \u00e0 assurer conjointement la s\u00e9curit\u00e9 de vos bouteilles.<br \/>\n1\u30017 litre; GB\/T5099.3 or ISO9809-3 production standards; 37 mn manganese steel; TUV ; 140mm cylinder outer diameter; Hydrostatic test pressure is 250bar; Working pressure is 150bar;<br \/>\n2\u3001Oxygen cylinder height: 591mm; Cylinder mouth threads include PZ19.2,PZ27.8,PZ39; 25E; 3\/4-14 NGT, etc.; The maximum helium storage capacity is 1.05m3 (1050 litres); The minimum design wall thickness of the cylinder is 3.8mm; The cylinder body weight is 8.63kg;<\/p>","protected":false},"featured_media":6711,"template":"","meta":{"_seopress_robots_primary_cat":"none","_seopress_titles_title":"","_seopress_titles_desc":"","_seopress_robots_index":"","_uag_custom_page_level_css":"","site-sidebar-layout":"default","site-content-layout":"","ast-site-content-layout":"default","site-content-style":"default","site-sidebar-style":"default","ast-global-header-display":"","ast-banner-title-visibility":"","ast-main-header-display":"","ast-hfb-above-header-display":"","ast-hfb-below-header-display":"","ast-hfb-mobile-header-display":"","site-post-title":"","ast-breadcrumbs-content":"","ast-featured-img":"","footer-sml-layout":"","ast-disable-related-posts":"","theme-transparent-header-meta":"default","adv-header-id-meta":"","stick-header-meta":"default","header-above-stick-meta":"","header-main-stick-meta":"","header-below-stick-meta":"","astra-migrate-meta-layouts":"set","ast-page-background-enabled":"default","ast-page-background-meta":{"desktop":{"background-color":"","background-image":"","background-repeat":"repeat","background-position":"center center","background-size":"auto","background-attachment":"scroll","background-type":"","background-media":"","overlay-type":"","overlay-color":"","overlay-opacity":"","overlay-gradient":""},"tablet":{"background-color":"","background-image":"","background-repeat":"repeat","background-position":"center center","background-size":"auto","background-attachment":"scroll","background-type":"","background-media":"","overlay-type":"","overlay-color":"","overlay-opacity":"","overlay-gradient":""},"mobile":{"background-color":"","background-image":"","background-repeat":"repeat","background-position":"center center","background-size":"auto","background-attachment":"scroll","background-type":"","background-media":"","overlay-type":"","overlay-color":"","overlay-opacity":"","overlay-gradient":""}},"ast-content-background-meta":{"desktop":{"background-color":"var(--ast-global-color-5)","background-image":"","background-repeat":"repeat","background-position":"center center","background-size":"auto","background-attachment":"scroll","background-type":"","background-media":"","overlay-type":"","overlay-color":"","overlay-opacity":"","overlay-gradient":""},"tablet":{"background-color":"var(--ast-global-color-5)","background-image":"","background-repeat":"repeat","background-position":"center center","background-size":"auto","background-attachment":"scroll","background-type":"","background-media":"","overlay-type":"","overlay-color":"","overlay-opacity":"","overlay-gradient":""},"mobile":{"background-color":"var(--ast-global-color-5)","background-image":"","background-repeat":"repeat","background-position":"center center","background-size":"auto","background-attachment":"scroll","background-type":"","background-media":"","overlay-type":"","overlay-color":"","overlay-opacity":"","overlay-gradient":""}}},"product_brand":[],"product_cat":[43],"product_tag":[],"class_list":{"0":"post-5495","1":"product","2":"type-product","3":"status-publish","4":"has-post-thumbnail","6":"product_cat-tuv","7":"desktop-align-center","8":"tablet-align-left","9":"mobile-align-left","10":"ast-product-gallery-layout-horizontal-slider","11":"ast-product-tabs-layout-horizontal","13":"first","14":"instock","15":"shipping-taxable","16":"product-type-simple"},"uagb_featured_image_src":{"full":["https:\/\/hsgascylinder-factory.com\/wp-content\/uploads\/2025\/04\/7-23.jpg",800,800,false],"thumbnail":["https:\/\/hsgascylinder-factory.com\/wp-content\/uploads\/2025\/04\/7-23-150x150.jpg",150,150,true],"medium":["https:\/\/hsgascylinder-factory.com\/wp-content\/uploads\/2025\/04\/7-23-300x300.jpg",300,300,true],"medium_large":["https:\/\/hsgascylinder-factory.com\/wp-content\/uploads\/2025\/04\/7-23-768x768.jpg",768,768,true],"large":["https:\/\/hsgascylinder-factory.com\/wp-content\/uploads\/2025\/04\/7-23.jpg",800,800,false],"1536x1536":["https:\/\/hsgascylinder-factory.com\/wp-content\/uploads\/2025\/04\/7-23.jpg",800,800,false],"2048x2048":["https:\/\/hsgascylinder-factory.com\/wp-content\/uploads\/2025\/04\/7-23.jpg",800,800,false],"trp-custom-language-flag":["https:\/\/hsgascylinder-factory.com\/wp-content\/uploads\/2025\/04\/7-23-12x12.jpg",12,12,true],"woocommerce_thumbnail":["https:\/\/hsgascylinder-factory.com\/wp-content\/uploads\/2025\/04\/7-23-500x500.jpg",500,500,true],"woocommerce_single":["https:\/\/hsgascylinder-factory.com\/wp-content\/uploads\/2025\/04\/7-23-600x600.jpg",600,600,true],"woocommerce_gallery_thumbnail":["https:\/\/hsgascylinder-factory.com\/wp-content\/uploads\/2025\/04\/7-23-100x100.jpg",100,100,true]},"uagb_author_info":{"display_name":"jinxing6611@gmail.com","author_link":"https:\/\/hsgascylinder-factory.com\/fr\/author\/"},"uagb_comment_info":0,"uagb_excerpt":"Brand:\u00a0HS Product origin:\u00a0Made in China Delivery time:\u00a015 to 30 days Supply capacity:\u00a0Annual output of more than 800,000 pieces 7L 150bar CO2 bottle Argon Nitrogen Helium N2O Air cylinders Shockproof rubber ring: refers to the rubber ring set on the cylinder body, its main function is to prevent the cylinder from direct impact. Wearing shockproof rings\u2026","_links":{"self":[{"href":"https:\/\/hsgascylinder-factory.com\/fr\/wp-json\/wp\/v2\/product\/5495","targetHints":{"allow":["GET"]}}],"collection":[{"href":"https:\/\/hsgascylinder-factory.com\/fr\/wp-json\/wp\/v2\/product"}],"about":[{"href":"https:\/\/hsgascylinder-factory.com\/fr\/wp-json\/wp\/v2\/types\/product"}],"wp:featuredmedia":[{"embeddable":true,"href":"https:\/\/hsgascylinder-factory.com\/fr\/wp-json\/wp\/v2\/media\/6711"}],"wp:attachment":[{"href":"https:\/\/hsgascylinder-factory.com\/fr\/wp-json\/wp\/v2\/media?parent=5495"}],"wp:term":[{"taxonomy":"product_brand","embeddable":true,"href":"https:\/\/hsgascylinder-factory.com\/fr\/wp-json\/wp\/v2\/product_brand?post=5495"},{"taxonomy":"product_cat","embeddable":true,"href":"https:\/\/hsgascylinder-factory.com\/fr\/wp-json\/wp\/v2\/product_cat?post=5495"},{"taxonomy":"product_tag","embeddable":true,"href":"https:\/\/hsgascylinder-factory.com\/fr\/wp-json\/wp\/v2\/product_tag?post=5495"}],"curies":[{"name":"wp","href":"https:\/\/api.w.org\/{rel}","templated":true}]}}