{"id":5442,"date":"2025-04-22T08:24:42","date_gmt":"2025-04-22T08:24:42","guid":{"rendered":"https:\/\/darkslategray-hippopotamus-243231.hostingersite.com\/?post_type=product&#038;p=5442"},"modified":"2025-04-22T08:32:05","modified_gmt":"2025-04-22T08:32:05","slug":"2l-iso9809-1-tped-200bar-34crmo4-oxygen-tanks-gas-cylinders","status":"publish","type":"product","link":"https:\/\/hsgascylinder-factory.com\/fr\/produit\/2l-iso9809-1-tped-200bar-34crmo4-oxygen-tanks-gas-cylinders\/","title":{"rendered":"2L ISO9809-1 TPED 200bar 34CrMo4 Bouteilles d'oxyg\u00e8ne Bouteilles de gaz"},"content":{"rendered":"<p><iframe title=\"Lecteur vid\u00e9o YouTube\" src=\"https:\/\/www.youtube.com\/embed\/6bxas9loSKI?si=P1wuMgufMbWq4WV4\" width=\"560\" height=\"315\" frameborder=\"0\" allowfullscreen=\"allowfullscreen\"><\/iframe><\/p>\n<p><strong>2L ISO9809-1 TPED 200bar 34CrMo4 Bouteilles d'oxyg\u00e8ne bouteilles de gaz<\/strong><\/p>\n<p>1\u3001Minimum de commande : 100 seulement<\/p>\n<p>2\u3001Utilisation des cylindres : nos cylindres en acier sans soudure sont largement utilis\u00e9s dans l'industrie, les appareils m\u00e9dicaux, la lutte contre les incendies et la recherche scientifique.<\/p>\n<p>3\u3001Nous sommes une usine de production de bouteilles de gaz en Chine. Nos produits sont vendus en Chine, en Asie du Sud-Est, au Moyen-Orient, en Asie, en Afrique, en Europe, en Oc\u00e9anie et en Am\u00e9rique.<\/p>\n<p><img alt=\"\" fetchpriority=\"high\" decoding=\"async\" class=\"alignnone size-full wp-image-5455\" src=\"http:\/\/darkslategray-hippopotamus-243231.hostingersite.com\/wp-content\/uploads\/2025\/04\/2LIT2bn1.jpg\" width=\"600\" height=\"450\" srcset=\"https:\/\/hsgascylinder-factory.com\/wp-content\/uploads\/2025\/04\/2LIT2bn1.jpg 600w, https:\/\/hsgascylinder-factory.com\/wp-content\/uploads\/2025\/04\/2LIT2bn1-300x225.jpg 300w, https:\/\/hsgascylinder-factory.com\/wp-content\/uploads\/2025\/04\/2LIT2bn1-16x12.jpg 16w\" sizes=\"(max-width: 600px) 100vw, 600px\" \/><\/p>\n<p><strong>Conseils pour une utilisation s\u00fbre des bouteilles de gaz :<\/strong><\/p>\n<p>Lors du chargement de la bouteille de gaz, celle-ci doit \u00eatre plac\u00e9e horizontalement, la t\u00eate tourn\u00e9e vers un c\u00f4t\u00e9. Serrez le bouchon de la bouteille et pr\u00e9parez des anneaux antichocs. Toutes les bouteilles doivent \u00eatre correctement fix\u00e9es pour \u00e9viter qu'elles ne basculent ou ne tombent pendant le transport, afin d'\u00e9viter tout dommage.<\/p>\n<p>La peinture sur la paroi ext\u00e9rieure de la bouteille n'est pas seulement une couche protectrice contre la corrosion, mais aussi une marque permettant d'identifier la bouteille. Elle indique le type de gaz contenu dans la bouteille afin d'\u00e9viter toute mauvaise utilisation ou tout m\u00e9lange. Par cons\u00e9quent, pour prot\u00e9ger la couleur de la peinture de la bouteille, il convient d'utiliser des mots clairs.<\/p>\n<p>Shandong Hongsheng Pressure Vessel Co. est pr\u00eat \u00e0 devenir votre partenaire \u00e0 long terme et votre responsable de la s\u00e9curit\u00e9 des bouteilles, et \u00e0 assurer conjointement la s\u00e9curit\u00e9 de vos bouteilles.<\/p>\n<p><img alt=\"\" decoding=\"async\" class=\"alignnone size-full wp-image-5456\" src=\"http:\/\/darkslategray-hippopotamus-243231.hostingersite.com\/wp-content\/uploads\/2025\/04\/2LIT2bn2.jpg\" width=\"600\" height=\"450\" srcset=\"https:\/\/hsgascylinder-factory.com\/wp-content\/uploads\/2025\/04\/2LIT2bn2.jpg 600w, https:\/\/hsgascylinder-factory.com\/wp-content\/uploads\/2025\/04\/2LIT2bn2-300x225.jpg 300w, https:\/\/hsgascylinder-factory.com\/wp-content\/uploads\/2025\/04\/2LIT2bn2-16x12.jpg 16w\" sizes=\"(max-width: 600px) 100vw, 600px\" \/><\/p>\n<p>4\u3001Cylindre proc\u00e9dure de test d'\u00e9tanch\u00e9it\u00e9 \u00e0 l'air<\/p>\n<p>1\uff09. La bouteille pour l'essai d'\u00e9tanch\u00e9it\u00e9 \u00e0 l'air doit \u00eatre qualifi\u00e9e par un essai de pression d'eau, et la paroi de la bouteille doit \u00eatre exempte de pollution par l'huile ou d'autres impuret\u00e9s, et la bouteille doit \u00eatre munie d'un robinet.<\/p>\n<p>2\uff09. La paroi int\u00e9rieure de la cuve d'essai doit \u00eatre blanche et l'eau de la cuve doit rester propre et transparente.  Si la luminosit\u00e9 dans l'auge est insuffisante, des dispositifs d'\u00e9clairage doivent \u00eatre install\u00e9s au fond de l'auge.<\/p>\n<p>3\uff09. Mettre les bouteilles de sujets dans un r\u00e9servoir d'eau claire, les sujets de la surface de toute partie de la bouteille n'est pas moins de 5 cm, bouteille de sujets dans l'\u00e9vier apr\u00e8s la stabilit\u00e9, l'observation visuelle avec les parties de la bouteille avec et sans bulles d'air s'\u00e9chapper, s'il y a des bulles d'air \u00e0 s'\u00e9chapper la bouteille de sujets a fui, les op\u00e9rateurs font attention \u00e0 v\u00e9rifier l'emplacement de la fuite, si l'assemblage fuit, l'\u00e9tanch\u00e9it\u00e9 est assur\u00e9e par l'op\u00e9rateur et le personnel, le r\u00e9assemblage et la r\u00e9inspection, la r\u00e9inspection dans la zone qualifi\u00e9e, la fuite sans assemblage, le personnel charg\u00e9 du test d'\u00e9tanch\u00e9it\u00e9 \u00e0 l'air d\u00e9terminera directement les d\u00e9chets de la bouteille de gaz et fera des marques \u00e9videntes sur le site de la fuite, qui sera plac\u00e9 dans la zone non qualifi\u00e9e pour le stockage d'isolement.<\/p>\n<p><img alt=\"\" decoding=\"async\" class=\"alignnone size-full wp-image-5457\" src=\"http:\/\/darkslategray-hippopotamus-243231.hostingersite.com\/wp-content\/uploads\/2025\/04\/2LIT2bn3.jpg\" width=\"600\" height=\"450\" srcset=\"https:\/\/hsgascylinder-factory.com\/wp-content\/uploads\/2025\/04\/2LIT2bn3.jpg 600w, https:\/\/hsgascylinder-factory.com\/wp-content\/uploads\/2025\/04\/2LIT2bn3-300x225.jpg 300w, https:\/\/hsgascylinder-factory.com\/wp-content\/uploads\/2025\/04\/2LIT2bn3-16x12.jpg 16w\" sizes=\"(max-width: 600px) 100vw, 600px\" \/><\/p>\n<p>5\u3001Cylindres \u00e0 gaz de conception : Le calcul de l'\u00e9paisseur de la paroi des parties sous pression doit \u00eatre li\u00e9 \u00e0 la limite d'\u00e9lasticit\u00e9 minimale garantie, Reg, du mat\u00e9riau dans la bouteille finie.<\/p>\n<p>Les cylindres peuvent \u00eatre con\u00e7us avec une ou deux ouvertures le long de l'axe central du cylindre uniquement.<\/p>\n<p>Aux fins du calcul, la valeur de Reg ne doit pas d\u00e9passer 0,90 Rmg.<\/p>\n<p>La pression interne sur laquelle est bas\u00e9 le calcul de l'\u00e9paisseur de la paroi est la pression d'\u00e9preuve hydraulique ph.<\/p>\n<p><img alt=\"\" loading=\"lazy\" decoding=\"async\" class=\"alignnone size-full wp-image-5458\" src=\"http:\/\/darkslategray-hippopotamus-243231.hostingersite.com\/wp-content\/uploads\/2025\/04\/2LIT2bn4.jpg\" width=\"600\" height=\"450\" srcset=\"https:\/\/hsgascylinder-factory.com\/wp-content\/uploads\/2025\/04\/2LIT2bn4.jpg 600w, https:\/\/hsgascylinder-factory.com\/wp-content\/uploads\/2025\/04\/2LIT2bn4-300x225.jpg 300w, https:\/\/hsgascylinder-factory.com\/wp-content\/uploads\/2025\/04\/2LIT2bn4-16x12.jpg 16w\" sizes=\"(max-width: 600px) 100vw, 600px\" \/><\/p>\n<p><strong>6\u30012L ISO9809-1 TPED 200bar 34CrMo4 Bouteilles d'oxyg\u00e8ne bouteilles de gaz<\/strong><\/p>\n<div class=\"nei-table\">\n<table>\n<tbody>\n<tr class=\"firstRow\">\n<td align=\"center\" valign=\"middle\" width=\"195\">Type<\/td>\n<td align=\"center\" valign=\"middle\" width=\"5\">A l'ext\u00e9rieur<\/p>\n<p>Diam\u00e8tre<\/p>\n<p>(mm)<\/td>\n<td align=\"center\" valign=\"middle\" width=\"87\">L'eau<\/p>\n<p>Capacit\u00e9<\/p>\n<p>(L)<\/td>\n<td align=\"center\" valign=\"middle\" width=\"75\">Bouteille<\/p>\n<p>Hauteur<\/p>\n<p>(mm)<\/td>\n<td align=\"center\" valign=\"middle\" width=\"74\">Poids<\/p>\n<p>\uff08kg\uff09<\/td>\n<td align=\"center\" valign=\"middle\" width=\"87\">Travailler<\/p>\n<p>pression<\/p>\n<p>\uff08Bar\uff09<\/td>\n<td align=\"center\" valign=\"middle\" width=\"92\">Mur de conception<\/p>\n<p>l'\u00e9paisseur<\/p>\n<p>\uff08mm\uff09<\/td>\n<td align=\"center\" valign=\"middle\" width=\"90\">Mat\u00e9riau<\/p>\n<p>Notes<\/td>\n<\/tr>\n<tr>\n<td align=\"center\" valign=\"middle\" width=\"239\">WG\u216189-2.0L-200<\/td>\n<td align=\"center\" valign=\"middle\" width=\"5\">89<\/td>\n<td align=\"center\" valign=\"middle\" width=\"87\">2.0<\/td>\n<td align=\"center\" valign=\"middle\" width=\"75\">419<\/td>\n<td align=\"center\" valign=\"middle\" width=\"74\">3.62<\/td>\n<td align=\"center\" valign=\"middle\" width=\"87\">200<\/td>\n<td align=\"center\" valign=\"middle\" width=\"92\">2.0<\/td>\n<td align=\"center\" valign=\"middle\" width=\"90\">34CrMo4<\/td>\n<\/tr>\n<tr>\n<td colspan=\"1\" rowspan=\"1\" align=\"center\" valign=\"middle\" width=\"278.3333333333333\">WG\u2161108-2.0L-200<\/td>\n<td colspan=\"1\" rowspan=\"1\" align=\"center\" valign=\"middle\" width=\"5\">108<\/td>\n<td colspan=\"1\" rowspan=\"1\" align=\"center\" valign=\"middle\" width=\"87\">2.0<\/td>\n<td colspan=\"1\" rowspan=\"1\" align=\"center\" valign=\"middle\" width=\"75\">310<\/td>\n<td colspan=\"1\" rowspan=\"1\" align=\"center\" valign=\"middle\" width=\"74\">2.07<\/td>\n<td colspan=\"1\" rowspan=\"1\" align=\"center\" valign=\"middle\" width=\"87\">200<\/td>\n<td colspan=\"1\" rowspan=\"1\" align=\"center\" valign=\"middle\" width=\"92\">2.4<\/td>\n<td colspan=\"1\" rowspan=\"1\" align=\"center\" valign=\"middle\" width=\"90\">34CrMo4<\/td>\n<\/tr>\n<\/tbody>\n<\/table>\n<\/div>","protected":false},"excerpt":{"rendered":"<ul class=\"meta\">\n<li><label>Marque :<\/label>\u00a0HS<\/li>\n<li><label>Origine du produit :<\/label>\u00a0Fabriqu\u00e9 en Chine<\/li>\n<li><label>D\u00e9lai de livraison :<\/label>\u00a015 \u00e0 30 jours<\/li>\n<li><label>Capacit\u00e9 d'approvisionnement :<\/label>\u00a0Production annuelle de plus de 800 000 pi\u00e8ces<\/li>\n<\/ul>\n<p class=\"desc\">Informations sur le produit :<br \/>\n1\u3001TPED ISO9809-1 ; 2 litres ; diam\u00e8tre ext\u00e9rieur de la bouteille 108mm ; pression de travail de la bouteille d'oxyg\u00e8ne 200bar ; pression de test hydrostatique 300bar ; alliage d'acier 34 crmo4<br \/>\n2\u3001La hauteur de la bouteille d'oxyg\u00e8ne est de 310mm ; Les filetages de l'embouchure de la bouteille incluent PZ19.2,PZ27.8,25E ; 3\/4-14 NGT, etc. ; Le stockage maximum de la bouteille d'oxyg\u00e8ne est de 0.4m3 (400 litres) ; L'\u00e9paisseur minimum de la paroi de la bouteille est de 2.4mm ; Le poids du corps de la bouteille est de 3.62kg ;<br \/>\n3\u3001Alias : bouteilles d'oxyg\u00e8ne 2L 200bar ; r\u00e9servoirs d'oxyg\u00e8ne 2L 200bar ; bouteilles de gaz 2L 200bar ; bouteilles de gaz TPED 200bar ; r\u00e9servoirs de gaz 200bar<\/p>","protected":false},"featured_media":5445,"template":"","meta":{"_seopress_robots_primary_cat":"none","_seopress_titles_title":"","_seopress_titles_desc":"","_seopress_robots_index":"","_uag_custom_page_level_css":"","site-sidebar-layout":"default","site-content-layout":"","ast-site-content-layout":"default","site-content-style":"default","site-sidebar-style":"default","ast-global-header-display":"","ast-banner-title-visibility":"","ast-main-header-display":"","ast-hfb-above-header-display":"","ast-hfb-below-header-display":"","ast-hfb-mobile-header-display":"","site-post-title":"","ast-breadcrumbs-content":"","ast-featured-img":"","footer-sml-layout":"","ast-disable-related-posts":"","theme-transparent-header-meta":"default","adv-header-id-meta":"","stick-header-meta":"default","header-above-stick-meta":"","header-main-stick-meta":"","header-below-stick-meta":"","astra-migrate-meta-layouts":"set","ast-page-background-enabled":"default","ast-page-background-meta":{"desktop":{"background-color":"","background-image":"","background-repeat":"repeat","background-position":"center center","background-size":"auto","background-attachment":"scroll","background-type":"","background-media":"","overlay-type":"","overlay-color":"","overlay-opacity":"","overlay-gradient":""},"tablet":{"background-color":"","background-image":"","background-repeat":"repeat","background-position":"center center","background-size":"auto","background-attachment":"scroll","background-type":"","background-media":"","overlay-type":"","overlay-color":"","overlay-opacity":"","overlay-gradient":""},"mobile":{"background-color":"","background-image":"","background-repeat":"repeat","background-position":"center center","background-size":"auto","background-attachment":"scroll","background-type":"","background-media":"","overlay-type":"","overlay-color":"","overlay-opacity":"","overlay-gradient":""}},"ast-content-background-meta":{"desktop":{"background-color":"var(--ast-global-color-5)","background-image":"","background-repeat":"repeat","background-position":"center center","background-size":"auto","background-attachment":"scroll","background-type":"","background-media":"","overlay-type":"","overlay-color":"","overlay-opacity":"","overlay-gradient":""},"tablet":{"background-color":"var(--ast-global-color-5)","background-image":"","background-repeat":"repeat","background-position":"center center","background-size":"auto","background-attachment":"scroll","background-type":"","background-media":"","overlay-type":"","overlay-color":"","overlay-opacity":"","overlay-gradient":""},"mobile":{"background-color":"var(--ast-global-color-5)","background-image":"","background-repeat":"repeat","background-position":"center center","background-size":"auto","background-attachment":"scroll","background-type":"","background-media":"","overlay-type":"","overlay-color":"","overlay-opacity":"","overlay-gradient":""}}},"product_brand":[],"product_cat":[44],"product_tag":[],"class_list":{"0":"post-5442","1":"product","2":"type-product","3":"status-publish","4":"has-post-thumbnail","6":"product_cat-seamless","7":"desktop-align-center","8":"tablet-align-left","9":"mobile-align-left","10":"ast-product-gallery-layout-horizontal-slider","11":"ast-product-tabs-layout-horizontal","13":"first","14":"instock","15":"shipping-taxable","16":"product-type-simple"},"uagb_featured_image_src":{"full":["https:\/\/hsgascylinder-factory.com\/wp-content\/uploads\/2025\/04\/2LIT2b0.jpg",800,800,false],"thumbnail":["https:\/\/hsgascylinder-factory.com\/wp-content\/uploads\/2025\/04\/2LIT2b0-150x150.jpg",150,150,true],"medium":["https:\/\/hsgascylinder-factory.com\/wp-content\/uploads\/2025\/04\/2LIT2b0-300x300.jpg",300,300,true],"medium_large":["https:\/\/hsgascylinder-factory.com\/wp-content\/uploads\/2025\/04\/2LIT2b0-768x768.jpg",768,768,true],"large":["https:\/\/hsgascylinder-factory.com\/wp-content\/uploads\/2025\/04\/2LIT2b0.jpg",800,800,false],"1536x1536":["https:\/\/hsgascylinder-factory.com\/wp-content\/uploads\/2025\/04\/2LIT2b0.jpg",800,800,false],"2048x2048":["https:\/\/hsgascylinder-factory.com\/wp-content\/uploads\/2025\/04\/2LIT2b0.jpg",800,800,false],"trp-custom-language-flag":["https:\/\/hsgascylinder-factory.com\/wp-content\/uploads\/2025\/04\/2LIT2b0-12x12.jpg",12,12,true],"woocommerce_thumbnail":["https:\/\/hsgascylinder-factory.com\/wp-content\/uploads\/2025\/04\/2LIT2b0-500x500.jpg",500,500,true],"woocommerce_single":["https:\/\/hsgascylinder-factory.com\/wp-content\/uploads\/2025\/04\/2LIT2b0-600x600.jpg",600,600,true],"woocommerce_gallery_thumbnail":["https:\/\/hsgascylinder-factory.com\/wp-content\/uploads\/2025\/04\/2LIT2b0-100x100.jpg",100,100,true]},"uagb_author_info":{"display_name":"jinxing6611@gmail.com","author_link":"https:\/\/hsgascylinder-factory.com\/fr\/author\/"},"uagb_comment_info":0,"uagb_excerpt":"Brand:\u00a0HS Product origin:\u00a0Made in China Delivery time:\u00a015 to 30 days Supply capacity:\u00a0Annual output of more than 800,000 pieces Product Information: 1\u3001TPED ISO9809-1; 2 litre; 108mm cylinder outer diameter; Oxygen cylinder working pressure is 200bar; Hydrostatic test pressure is 300bar; 34 crmo4 steel alloy 2\u3001The height of the oxygen bottle is 310mm; Cylinder mouth threads include\u2026","_links":{"self":[{"href":"https:\/\/hsgascylinder-factory.com\/fr\/wp-json\/wp\/v2\/product\/5442","targetHints":{"allow":["GET"]}}],"collection":[{"href":"https:\/\/hsgascylinder-factory.com\/fr\/wp-json\/wp\/v2\/product"}],"about":[{"href":"https:\/\/hsgascylinder-factory.com\/fr\/wp-json\/wp\/v2\/types\/product"}],"wp:featuredmedia":[{"embeddable":true,"href":"https:\/\/hsgascylinder-factory.com\/fr\/wp-json\/wp\/v2\/media\/5445"}],"wp:attachment":[{"href":"https:\/\/hsgascylinder-factory.com\/fr\/wp-json\/wp\/v2\/media?parent=5442"}],"wp:term":[{"taxonomy":"product_brand","embeddable":true,"href":"https:\/\/hsgascylinder-factory.com\/fr\/wp-json\/wp\/v2\/product_brand?post=5442"},{"taxonomy":"product_cat","embeddable":true,"href":"https:\/\/hsgascylinder-factory.com\/fr\/wp-json\/wp\/v2\/product_cat?post=5442"},{"taxonomy":"product_tag","embeddable":true,"href":"https:\/\/hsgascylinder-factory.com\/fr\/wp-json\/wp\/v2\/product_tag?post=5442"}],"curies":[{"name":"wp","href":"https:\/\/api.w.org\/{rel}","templated":true}]}}