{"id":5423,"date":"2025-04-22T08:01:09","date_gmt":"2025-04-22T08:01:09","guid":{"rendered":"https:\/\/darkslategray-hippopotamus-243231.hostingersite.com\/?post_type=product&#038;p=5423"},"modified":"2025-04-22T08:01:09","modified_gmt":"2025-04-22T08:01:09","slug":"1l-iso9809-1-tped-200bar-34crmo4-oxygen-tanks-gas-cylinders","status":"publish","type":"product","link":"https:\/\/hsgascylinder-factory.com\/fr\/produit\/1l-iso9809-1-tped-200bar-34crmo4-oxygen-tanks-gas-cylinders\/","title":{"rendered":"1L ISO9809-1 TPED 200bar 34CrMo4 Bouteilles d'oxyg\u00e8ne Bouteilles de gaz"},"content":{"rendered":"<p><iframe title=\"Lecteur vid\u00e9o YouTube\" src=\"https:\/\/www.youtube.com\/embed\/6bxas9loSKI?si=qbTDtT7uOVvWr4Hu\" width=\"560\" height=\"315\" frameborder=\"0\" allowfullscreen=\"allowfullscreen\"><\/iframe><\/p>\n<p><strong>1L ISO9809-1 TPED 200bar 34CrMo4 Bouteilles d'oxyg\u00e8ne Bouteilles de gaz<\/strong><\/p>\n<p>1\u3001Minimum de commande : 100 seulement<\/p>\n<p>2\u3001Utilisation des cylindres : nos cylindres en acier sans soudure sont largement utilis\u00e9s dans l'industrie, les appareils m\u00e9dicaux, la lutte contre les incendies et la recherche scientifique.<\/p>\n<p>3\u3001Nous sommes une usine de production de bouteilles de gaz en Chine. Nos produits sont vendus en Chine, en Asie du Sud-Est, au Moyen-Orient, en Asie, en Afrique, en Europe, en Oc\u00e9anie et en Am\u00e9rique.<\/p>\n<p><img alt=\"\" fetchpriority=\"high\" decoding=\"async\" class=\"alignnone size-full wp-image-5436\" src=\"http:\/\/darkslategray-hippopotamus-243231.hostingersite.com\/wp-content\/uploads\/2025\/04\/1LIT2bn1.jpg\" width=\"600\" height=\"450\" srcset=\"https:\/\/hsgascylinder-factory.com\/wp-content\/uploads\/2025\/04\/1LIT2bn1.jpg 600w, https:\/\/hsgascylinder-factory.com\/wp-content\/uploads\/2025\/04\/1LIT2bn1-300x225.jpg 300w, https:\/\/hsgascylinder-factory.com\/wp-content\/uploads\/2025\/04\/1LIT2bn1-16x12.jpg 16w\" sizes=\"(max-width: 600px) 100vw, 600px\" \/><\/p>\n<p>4\u3001Cylinder valve loading process<\/p>\n<p>1\uff09. Cylinder upper valve refers to the process of installing the valve of corresponding specifications on the cylinder according to a certain torque through the upper valve machine.<\/p>\n<p>2\uff09. Check whether there is any foreign matter inside the inner thread of the cylinder mouth, such as iron filings and impurities. If there is any foreign matter, clean it and prepare assembly and connection with the valve.<\/p>\n<p>3\uff09. Tighten the valve on the gas cylinder with the valve machine of special equipment. After tightening the valve, there should be 2-5 spare threads.<\/p>\n<p><img alt=\"\" decoding=\"async\" class=\"alignnone size-full wp-image-5437\" src=\"http:\/\/darkslategray-hippopotamus-243231.hostingersite.com\/wp-content\/uploads\/2025\/04\/1LIT2bn2.jpg\" width=\"600\" height=\"450\" srcset=\"https:\/\/hsgascylinder-factory.com\/wp-content\/uploads\/2025\/04\/1LIT2bn2.jpg 600w, https:\/\/hsgascylinder-factory.com\/wp-content\/uploads\/2025\/04\/1LIT2bn2-300x225.jpg 300w, https:\/\/hsgascylinder-factory.com\/wp-content\/uploads\/2025\/04\/1LIT2bn2-16x12.jpg 16w\" sizes=\"(max-width: 600px) 100vw, 600px\" \/><\/p>\n<p>4\uff09. Ensure that the inner wall of the upper cylinder valve is free from impurities, the threads are intact, and the appearance is free from defects.<\/p>\n<p>5\u3001Whenever cylinders are reheat treated, the minimum guaranteed wall thickness shall be maintained. Only the relevant prototype or batch tests needed to prove the acceptability of the new batch shall be performed again. If one or more tests prove even partially unsatisfactory, all cylinders of the batch shall be rejected.<\/p>\n<p><img alt=\"\" decoding=\"async\" class=\"alignnone size-full wp-image-5438\" src=\"http:\/\/darkslategray-hippopotamus-243231.hostingersite.com\/wp-content\/uploads\/2025\/04\/1LIT2bn3.jpg\" width=\"600\" height=\"450\" srcset=\"https:\/\/hsgascylinder-factory.com\/wp-content\/uploads\/2025\/04\/1LIT2bn3.jpg 600w, https:\/\/hsgascylinder-factory.com\/wp-content\/uploads\/2025\/04\/1LIT2bn3-300x225.jpg 300w, https:\/\/hsgascylinder-factory.com\/wp-content\/uploads\/2025\/04\/1LIT2bn3-16x12.jpg 16w\" sizes=\"(max-width: 600px) 100vw, 600px\" \/><\/p>\n<p><strong>6\u3001Product parameters table(ISO9809-1 TPED 200BAR)<\/strong><\/p>\n<p>1L ISO9809-1 TPED 200bar 34CrMo4 Bouteilles d'oxyg\u00e8ne Bouteilles de gaz<\/p>\n<div class=\"nei-table\">\n<table>\n<tbody>\n<tr class=\"firstRow\">\n<td align=\"center\" valign=\"middle\" width=\"284\">Type<\/td>\n<td align=\"center\" valign=\"middle\" width=\"13\">A l'ext\u00e9rieur<\/p>\n<p>Diam\u00e8tre<\/p>\n<p>(mm)<\/td>\n<td align=\"center\" valign=\"middle\" width=\"87\">L'eau<\/p>\n<p>Capacit\u00e9<\/p>\n<p>(L)<\/td>\n<td align=\"center\" valign=\"middle\" width=\"76\">Bouteille<\/p>\n<p>Hauteur<\/p>\n<p>(mm)<\/td>\n<td align=\"center\" valign=\"middle\" width=\"75\">Poids<\/p>\n<p>\uff08kg\uff09<\/td>\n<td align=\"center\" valign=\"middle\" width=\"88\">Travailler<\/p>\n<p>pression<\/p>\n<p>\uff08Bar\uff09<\/td>\n<td align=\"center\" valign=\"middle\" width=\"94\">Mur de conception<\/p>\n<p>l'\u00e9paisseur<\/p>\n<p>\uff08mm\uff09<\/td>\n<td align=\"center\" valign=\"middle\" width=\"91\">Mat\u00e9riau<\/p>\n<p>Notes<\/td>\n<\/tr>\n<tr>\n<td align=\"center\" valign=\"middle\" width=\"185\">WG\u216189-1L-200<\/td>\n<td align=\"center\" valign=\"middle\" width=\"13\">89<\/td>\n<td align=\"center\" valign=\"middle\" width=\"87\">1<\/td>\n<td align=\"center\" valign=\"middle\" width=\"76\">240<\/td>\n<td align=\"center\" valign=\"middle\" width=\"75\">1.83<\/td>\n<td align=\"center\" valign=\"middle\" width=\"88\">200<\/td>\n<td align=\"center\" valign=\"middle\" width=\"94\">2.0<\/td>\n<td align=\"center\" valign=\"middle\" width=\"91\">34CrMo4<\/td>\n<\/tr>\n<tr>\n<td colspan=\"1\" rowspan=\"1\" align=\"center\" valign=\"middle\" width=\"231\">WG\u216189-1.2L-200<\/td>\n<td colspan=\"1\" rowspan=\"1\" align=\"center\" valign=\"middle\" width=\"13\">89<\/td>\n<td colspan=\"1\" rowspan=\"1\" align=\"center\" valign=\"middle\" width=\"87\">1.2<\/td>\n<td colspan=\"1\" rowspan=\"1\" align=\"center\" valign=\"middle\" width=\"76\">275<\/td>\n<td colspan=\"1\" rowspan=\"1\" align=\"center\" valign=\"middle\" width=\"75\">2.07<\/td>\n<td colspan=\"1\" rowspan=\"1\" align=\"center\" valign=\"middle\" width=\"88\">200<\/td>\n<td colspan=\"1\" rowspan=\"1\" align=\"center\" valign=\"middle\" width=\"94\">2.0<\/td>\n<td colspan=\"1\" rowspan=\"1\" align=\"center\" valign=\"middle\" width=\"91\">34CrMo4<\/td>\n<\/tr>\n<tr>\n<td align=\"center\" valign=\"middle\" width=\"274.3333333333333\">WG\u216189-1.4L-200<\/td>\n<td align=\"center\" valign=\"middle\" width=\"13\">89<\/td>\n<td align=\"center\" valign=\"middle\" width=\"87\">1.4<\/td>\n<td align=\"center\" valign=\"middle\" width=\"76\">310<\/td>\n<td align=\"center\" valign=\"middle\" width=\"75\">2.30<\/td>\n<td align=\"center\" valign=\"middle\" width=\"88\">200<\/td>\n<td align=\"center\" valign=\"middle\" width=\"94\">2.0<\/td>\n<td align=\"center\" valign=\"middle\" width=\"91\">34CrMo4<\/td>\n<\/tr>\n<tr>\n<td align=\"center\" valign=\"middle\" width=\"284\">WG\u216189-2.0L-200<\/td>\n<td align=\"center\" valign=\"middle\" width=\"13\">89<\/td>\n<td align=\"center\" valign=\"middle\" width=\"87\">2<\/td>\n<td align=\"center\" valign=\"middle\" width=\"76\">419<\/td>\n<td align=\"center\" valign=\"middle\" width=\"75\">3.00<\/td>\n<td align=\"center\" valign=\"middle\" width=\"88\">200<\/td>\n<td align=\"center\" valign=\"middle\" width=\"94\">2.0<\/td>\n<td align=\"center\" valign=\"middle\" width=\"70.33333333333333\">34CrMo4<\/td>\n<\/tr>\n<\/tbody>\n<\/table>\n<\/div>","protected":false},"excerpt":{"rendered":"<ul class=\"meta\">\n<li><label>Marque :<\/label>\u00a0HS<\/li>\n<li><label>Origine du produit :<\/label>\u00a0Fabriqu\u00e9 en Chine<\/li>\n<li><label>D\u00e9lai de livraison :<\/label>\u00a015 \u00e0 30 jours<\/li>\n<li><label>Capacit\u00e9 d'approvisionnement :<\/label>\u00a0Production annuelle de plus de 800 000 pi\u00e8ces<\/li>\n<\/ul>\n<p class=\"desc\">1L 200bar ISO9809-1 TPED 34CrMo4 Oxygen tanks gas cylinders<br \/>\nInformations sur le produit :<br \/>\n1\u300189 mm; 1 litre; ISO9809-1; 34CrMo4 alloy steel; TPED working pressure is 200bar; The hydrostatic test pressure of oxygen cylinder is 300bar;<br \/>\n2\u3001Cylinder height 240mm; Cylinder mouth threads include PZ19.2,PZ27.8; 25E; 3\/4-14 NGT, etc.; Maximum gas storage is 0.24m3 (240L); The minimum design wall thickness of the cylinder is 2.0mm; The cylinder body weight is 1.83Kg;<br \/>\n3\u3001Alias: 1L 200bar gas cylinders; 1L TPED Oxygen cylinders; 1L 34CrMo4 Oxygen Tanks: 200bar Oxygen Tanks; ISO9809-1 gas cylinders<br \/>\nConseils pour une utilisation s\u00fbre des bouteilles de gaz :<br \/>\nWhen the valve freezes in winter or needs to speed up the gasification of liquefied gas, it is forbidden to bake with open fire or directly spray the cylinder with steam. The bottle can be moved to a warmer place, or thawed with warm water, the water temperature should be controlled within 40\u2103.<br \/>\nIn order to prevent the chemical explosion caused by the mixing of conflicting gases, the gas cylinder should be dedicated to the bottle, and other gases can not be modified without authorization.<br \/>\nShandong Hongsheng Pressure Vessel Co. est pr\u00eat \u00e0 devenir votre partenaire \u00e0 long terme et votre responsable de la s\u00e9curit\u00e9 des bouteilles, et \u00e0 assurer conjointement la s\u00e9curit\u00e9 de vos bouteilles.<\/p>","protected":false},"featured_media":5426,"template":"","meta":{"_seopress_robots_primary_cat":"","_seopress_titles_title":"","_seopress_titles_desc":"","_seopress_robots_index":"","_uag_custom_page_level_css":"","site-sidebar-layout":"default","site-content-layout":"","ast-site-content-layout":"default","site-content-style":"default","site-sidebar-style":"default","ast-global-header-display":"","ast-banner-title-visibility":"","ast-main-header-display":"","ast-hfb-above-header-display":"","ast-hfb-below-header-display":"","ast-hfb-mobile-header-display":"","site-post-title":"","ast-breadcrumbs-content":"","ast-featured-img":"","footer-sml-layout":"","ast-disable-related-posts":"","theme-transparent-header-meta":"default","adv-header-id-meta":"","stick-header-meta":"default","header-above-stick-meta":"","header-main-stick-meta":"","header-below-stick-meta":"","astra-migrate-meta-layouts":"set","ast-page-background-enabled":"default","ast-page-background-meta":{"desktop":{"background-color":"","background-image":"","background-repeat":"repeat","background-position":"center center","background-size":"auto","background-attachment":"scroll","background-type":"","background-media":"","overlay-type":"","overlay-color":"","overlay-opacity":"","overlay-gradient":""},"tablet":{"background-color":"","background-image":"","background-repeat":"repeat","background-position":"center center","background-size":"auto","background-attachment":"scroll","background-type":"","background-media":"","overlay-type":"","overlay-color":"","overlay-opacity":"","overlay-gradient":""},"mobile":{"background-color":"","background-image":"","background-repeat":"repeat","background-position":"center center","background-size":"auto","background-attachment":"scroll","background-type":"","background-media":"","overlay-type":"","overlay-color":"","overlay-opacity":"","overlay-gradient":""}},"ast-content-background-meta":{"desktop":{"background-color":"var(--ast-global-color-5)","background-image":"","background-repeat":"repeat","background-position":"center center","background-size":"auto","background-attachment":"scroll","background-type":"","background-media":"","overlay-type":"","overlay-color":"","overlay-opacity":"","overlay-gradient":""},"tablet":{"background-color":"var(--ast-global-color-5)","background-image":"","background-repeat":"repeat","background-position":"center center","background-size":"auto","background-attachment":"scroll","background-type":"","background-media":"","overlay-type":"","overlay-color":"","overlay-opacity":"","overlay-gradient":""},"mobile":{"background-color":"var(--ast-global-color-5)","background-image":"","background-repeat":"repeat","background-position":"center center","background-size":"auto","background-attachment":"scroll","background-type":"","background-media":"","overlay-type":"","overlay-color":"","overlay-opacity":"","overlay-gradient":""}}},"product_brand":[],"product_cat":[44],"product_tag":[],"class_list":{"0":"post-5423","1":"product","2":"type-product","3":"status-publish","4":"has-post-thumbnail","6":"product_cat-seamless","7":"desktop-align-center","8":"tablet-align-left","9":"mobile-align-left","10":"ast-product-gallery-layout-horizontal-slider","11":"ast-product-tabs-layout-horizontal","13":"first","14":"instock","15":"shipping-taxable","16":"product-type-simple"},"uagb_featured_image_src":{"full":["https:\/\/hsgascylinder-factory.com\/wp-content\/uploads\/2025\/04\/1LIT2b0.jpg",800,800,false],"thumbnail":["https:\/\/hsgascylinder-factory.com\/wp-content\/uploads\/2025\/04\/1LIT2b0-150x150.jpg",150,150,true],"medium":["https:\/\/hsgascylinder-factory.com\/wp-content\/uploads\/2025\/04\/1LIT2b0-300x300.jpg",300,300,true],"medium_large":["https:\/\/hsgascylinder-factory.com\/wp-content\/uploads\/2025\/04\/1LIT2b0-768x768.jpg",768,768,true],"large":["https:\/\/hsgascylinder-factory.com\/wp-content\/uploads\/2025\/04\/1LIT2b0.jpg",800,800,false],"1536x1536":["https:\/\/hsgascylinder-factory.com\/wp-content\/uploads\/2025\/04\/1LIT2b0.jpg",800,800,false],"2048x2048":["https:\/\/hsgascylinder-factory.com\/wp-content\/uploads\/2025\/04\/1LIT2b0.jpg",800,800,false],"trp-custom-language-flag":["https:\/\/hsgascylinder-factory.com\/wp-content\/uploads\/2025\/04\/1LIT2b0-12x12.jpg",12,12,true],"woocommerce_thumbnail":["https:\/\/hsgascylinder-factory.com\/wp-content\/uploads\/2025\/04\/1LIT2b0-500x500.jpg",500,500,true],"woocommerce_single":["https:\/\/hsgascylinder-factory.com\/wp-content\/uploads\/2025\/04\/1LIT2b0-600x600.jpg",600,600,true],"woocommerce_gallery_thumbnail":["https:\/\/hsgascylinder-factory.com\/wp-content\/uploads\/2025\/04\/1LIT2b0-100x100.jpg",100,100,true]},"uagb_author_info":{"display_name":"jinxing6611@gmail.com","author_link":"https:\/\/hsgascylinder-factory.com\/fr\/author\/"},"uagb_comment_info":0,"uagb_excerpt":"Brand:\u00a0HS Product origin:\u00a0Made in China Delivery time:\u00a015 to 30 days Supply capacity:\u00a0Annual output of more than 800,000 pieces 1L 200bar ISO9809-1 TPED 34CrMo4 Oxygen tanks gas cylinders Product Information: 1\u300189 mm; 1 litre; ISO9809-1; 34CrMo4 alloy steel; TPED working pressure is 200bar; The hydrostatic test pressure of oxygen cylinder is 300bar; 2\u3001Cylinder height 240mm; Cylinder\u2026","_links":{"self":[{"href":"https:\/\/hsgascylinder-factory.com\/fr\/wp-json\/wp\/v2\/product\/5423","targetHints":{"allow":["GET"]}}],"collection":[{"href":"https:\/\/hsgascylinder-factory.com\/fr\/wp-json\/wp\/v2\/product"}],"about":[{"href":"https:\/\/hsgascylinder-factory.com\/fr\/wp-json\/wp\/v2\/types\/product"}],"wp:featuredmedia":[{"embeddable":true,"href":"https:\/\/hsgascylinder-factory.com\/fr\/wp-json\/wp\/v2\/media\/5426"}],"wp:attachment":[{"href":"https:\/\/hsgascylinder-factory.com\/fr\/wp-json\/wp\/v2\/media?parent=5423"}],"wp:term":[{"taxonomy":"product_brand","embeddable":true,"href":"https:\/\/hsgascylinder-factory.com\/fr\/wp-json\/wp\/v2\/product_brand?post=5423"},{"taxonomy":"product_cat","embeddable":true,"href":"https:\/\/hsgascylinder-factory.com\/fr\/wp-json\/wp\/v2\/product_cat?post=5423"},{"taxonomy":"product_tag","embeddable":true,"href":"https:\/\/hsgascylinder-factory.com\/fr\/wp-json\/wp\/v2\/product_tag?post=5423"}],"curies":[{"name":"wp","href":"https:\/\/api.w.org\/{rel}","templated":true}]}}