{"id":5359,"date":"2025-04-22T07:08:17","date_gmt":"2025-04-22T07:08:17","guid":{"rendered":"https:\/\/darkslategray-hippopotamus-243231.hostingersite.com\/?post_type=product&#038;p=5359"},"modified":"2025-06-07T09:36:02","modified_gmt":"2025-06-07T09:36:02","slug":"9l-iso9809-1-tped-200bar-34crmo4-oxygen-tanks-gas-cylinders","status":"publish","type":"product","link":"https:\/\/hsgascylinder-factory.com\/fr\/produit\/9l-iso9809-1-tped-200bar-34crmo4-oxygen-tanks-gas-cylinders\/","title":{"rendered":"9L ISO9809-1 TPED 200bar 34CrMo4 Bouteilles d'oxyg\u00e8ne Bouteilles de gaz"},"content":{"rendered":"<p><iframe title=\"Lecteur vid\u00e9o YouTube\" src=\"https:\/\/www.youtube.com\/embed\/s9L__zo8hwA?si=EA03IcJPQHr9cRSx\" width=\"560\" height=\"315\" frameborder=\"0\" allowfullscreen=\"allowfullscreen\"><\/iframe><\/p>\n<p><strong>9L ISO9809-1 TPED 200bar 34CrMo4 Bouteilles d'oxyg\u00e8ne Bouteilles de gaz<\/strong><\/p>\n<p>1\u3001Minimum de commande : 100 seulement<\/p>\n<p>2\u3001Utilisation des cylindres : nos cylindres en acier sans soudure sont largement utilis\u00e9s dans l'industrie, les appareils m\u00e9dicaux, la lutte contre les incendies et la recherche scientifique.<\/p>\n<p>3\u3001Nous sommes une usine de production de bouteilles de gaz en Chine. Nos produits sont vendus en Chine, en Asie du Sud-Est, au Moyen-Orient, en Asie, en Afrique, en Europe, en Oc\u00e9anie et en Am\u00e9rique.<\/p>\n<p>4\u3001Vintage de la surface de la bouteille : Les surfaces internes et externes de la bouteille finie doivent \u00eatre exemptes d'imperfections susceptibles de nuire \u00e0 la s\u00e9curit\u00e9 de fonctionnement de la bouteille.<\/p>\n<p><img alt=\"\" fetchpriority=\"high\" decoding=\"async\" class=\"alignnone wp-image-6706 size-full\" src=\"http:\/\/darkslategray-hippopotamus-243231.hostingersite.com\/wp-content\/uploads\/2025\/04\/200-3.jpg\" width=\"800\" height=\"800\" srcset=\"https:\/\/hsgascylinder-factory.com\/wp-content\/uploads\/2025\/04\/200-3.jpg 800w, https:\/\/hsgascylinder-factory.com\/wp-content\/uploads\/2025\/04\/200-3-300x300.jpg 300w, https:\/\/hsgascylinder-factory.com\/wp-content\/uploads\/2025\/04\/200-3-150x150.jpg 150w, https:\/\/hsgascylinder-factory.com\/wp-content\/uploads\/2025\/04\/200-3-768x768.jpg 768w, https:\/\/hsgascylinder-factory.com\/wp-content\/uploads\/2025\/04\/200-3-12x12.jpg 12w, https:\/\/hsgascylinder-factory.com\/wp-content\/uploads\/2025\/04\/200-3-500x500.jpg 500w, https:\/\/hsgascylinder-factory.com\/wp-content\/uploads\/2025\/04\/200-3-600x600.jpg 600w, https:\/\/hsgascylinder-factory.com\/wp-content\/uploads\/2025\/04\/200-3-100x100.jpg 100w\" sizes=\"(max-width: 800px) 100vw, 800px\" \/><\/p>\n<p>5\u3001Ultrasonic examination<\/p>\n<p>Apr\u00e8s l'ach\u00e8vement du traitement thermique final et apr\u00e8s que l'\u00e9paisseur finale de la paroi cylindrique a \u00e9t\u00e9 atteinte, chaque bouteille doit \u00eatre examin\u00e9e aux ultrasons pour d\u00e9tecter les imperfections internes, externes et sous la surface conform\u00e9ment \u00e0 l'annexe B.<\/p>\n<p>ISO 2010 - Tous droits r\u00e9serv\u00e9s Pour les petites bouteilles achev\u00e9es dont la longueur cylindrique est inf\u00e9rieure \u00e0 200 mm ou pour lesquelles le produit ph \u00d7 V &lt; 600 (pour Rma W 650 MPa) ou ph \u00d7 V &lt; 1 200 (pour Rma &lt; 650 MPa), l&#039;examen par ultrasons n&#039;est pas n\u00e9cessaire.<\/p>\n<p><img alt=\"\" decoding=\"async\" class=\"alignnone wp-image-6695 size-full\" src=\"http:\/\/darkslategray-hippopotamus-243231.hostingersite.com\/wp-content\/uploads\/2025\/04\/9-26.jpg\" width=\"900\" height=\"600\" srcset=\"https:\/\/hsgascylinder-factory.com\/wp-content\/uploads\/2025\/04\/9-26.jpg 900w, https:\/\/hsgascylinder-factory.com\/wp-content\/uploads\/2025\/04\/9-26-300x200.jpg 300w, https:\/\/hsgascylinder-factory.com\/wp-content\/uploads\/2025\/04\/9-26-768x512.jpg 768w, https:\/\/hsgascylinder-factory.com\/wp-content\/uploads\/2025\/04\/9-26-18x12.jpg 18w, https:\/\/hsgascylinder-factory.com\/wp-content\/uploads\/2025\/04\/9-26-600x400.jpg 600w\" sizes=\"(max-width: 900px) 100vw, 900px\" \/><\/p>\n<p><strong>Tableau des param\u00e8tres des bouteilles \u00e0 gaz de 6\u30019 litres (ISO9809-1 200BAR)<\/strong><\/p>\n<p>TPED 9L ISO9809-1 200bar 34CrMo4 Bouteilles d'oxyg\u00e8ne gazeux R\u00e9servoirs d'oxyg\u00e8ne<\/p>\n<div class=\"nei-table\">\n<table data-sort=\"sortDisabled\">\n<tbody>\n<tr class=\"firstRow\">\n<td align=\"center\" valign=\"middle\" width=\"183\">Type<\/td>\n<td align=\"center\" valign=\"middle\" width=\"29\">A l'ext\u00e9rieur<\/p>\n<p>Diam\u00e8tre<\/p>\n<p>(mm)<\/td>\n<td align=\"center\" valign=\"middle\" width=\"87\">L'eau<\/p>\n<p>Capacit\u00e9<\/p>\n<p>(L)<\/td>\n<td align=\"center\" valign=\"middle\" width=\"76\">Bouteille<\/p>\n<p>Hauteur<\/p>\n<p>(mm)<\/td>\n<td align=\"center\" valign=\"middle\" width=\"75\">Poids<\/p>\n<p>\uff08kg\uff09<\/td>\n<td align=\"center\" valign=\"middle\" width=\"88\">Travailler<\/p>\n<p>pression<\/p>\n<p>\uff08Bar\uff09<\/td>\n<td align=\"center\" valign=\"middle\" width=\"94\">Mur de conception<\/p>\n<p>l'\u00e9paisseur<\/p>\n<p>\uff08mm\uff09<\/td>\n<td align=\"center\" valign=\"middle\" width=\"82\">Mat\u00e9riau<\/p>\n<p>Notes<\/td>\n<\/tr>\n<tr>\n<td align=\"center\" valign=\"middle\" width=\"233\">WG\u2161140-9.0L-200<\/td>\n<td align=\"center\" valign=\"middle\" width=\"29\">140<\/td>\n<td align=\"center\" valign=\"middle\" width=\"87\">9.0<\/td>\n<td align=\"center\" valign=\"middle\" width=\"76\">744<\/td>\n<td align=\"center\" valign=\"middle\" width=\"75\">10.7<\/td>\n<td align=\"center\" valign=\"middle\" width=\"88\">200<\/td>\n<td align=\"center\" valign=\"middle\" width=\"94\">3.1<\/td>\n<td colspan=\"1\" rowspan=\"2\" align=\"center\" valign=\"middle\" width=\"82\">34CrMo4<\/td>\n<\/tr>\n<tr>\n<td colspan=\"1\" rowspan=\"1\" align=\"center\" valign=\"middle\" width=\"325.3333333333333\">WG\u2161159-9.0L-150<\/td>\n<td colspan=\"1\" rowspan=\"1\" align=\"center\" valign=\"middle\" width=\"29\">159<\/td>\n<td colspan=\"1\" rowspan=\"1\" align=\"center\" valign=\"middle\" width=\"87\">9.0<\/td>\n<td colspan=\"1\" rowspan=\"1\" align=\"center\" valign=\"middle\" width=\"76\">600<\/td>\n<td colspan=\"1\" rowspan=\"1\" align=\"center\" valign=\"middle\" width=\"75\">10.5<\/td>\n<td colspan=\"1\" rowspan=\"1\" align=\"center\" valign=\"middle\" width=\"88\">200<\/td>\n<td colspan=\"1\" rowspan=\"1\" align=\"center\" valign=\"middle\" width=\"94\">3.5<\/td>\n<\/tr>\n<\/tbody>\n<\/table>\n<\/div>","protected":false},"excerpt":{"rendered":"<ul class=\"meta\">\n<li><label>Marque :<\/label>\u00a0HS<\/li>\n<li><label>Origine du produit :<\/label>\u00a0Fabriqu\u00e9 en Chine<\/li>\n<li><label>D\u00e9lai de livraison :<\/label>\u00a015 \u00e0 30 jours<\/li>\n<li><label>Capacit\u00e9 d'approvisionnement :<\/label>\u00a0Production annuelle de plus de 800 000 pi\u00e8ces<\/li>\n<\/ul>\n<p class=\"desc\">200bar 9L ISO9809-1 TPED 34CrMo4 Bouteilles d'oxyg\u00e8ne Bouteilles de gaz<br \/>\nInformations sur le produit :<br \/>\n1\u3001La hauteur du corps de la bouteille d'oxyg\u00e8ne est de 744 mm ; le poids de la bouteille d'oxyg\u00e8ne est de 10,7 kg ; le filetage de l'embouchure de la bouteille d'oxyg\u00e8ne est de PZ27.8 ; 25E ; 3\/4-14 NGT, etc. ; la capacit\u00e9 maximale du r\u00e9servoir d'oxyg\u00e8ne est de 1,8 m3 (1800 litres) ; l'\u00e9paisseur minimale de la paroi de la bouteille d'oxyg\u00e8ne est de 3,1 mm ;<br \/>\n2\u30019 litres ; acier alli\u00e9 34CrMo4 ; norme de production Iso9809-1 ; diam\u00e8tre ext\u00e9rieur du cylindre TPED 140mm ; pression de travail 200bar ; pression d'\u00e9preuve hydraulique 300bar ;<br \/>\n3\u3001Alias : Bouteilles 9L 200bar R\u00e9servoirs de gaz, 8L 200bar R\u00e9servoirs d'oxyg\u00e8ne, Bouteilles de gaz TPED 34CrMo4, R\u00e9servoirs de gaz TPED 34CrMo4<br \/>\nConseils pour une utilisation s\u00fbre des bouteilles de gaz :<br \/>\nLa zone d'utilisation des bouteilles de gaz doit \u00eatre \u00e9quip\u00e9e d'une zone pour les bouteilles vides et d'une zone pour les bouteilles pleines, qui doivent \u00eatre clairement indiqu\u00e9es.<br \/>\nNe pas frapper ou heurter les bouteilles. Le soudage \u00e0 l'arc ne doit pas \u00eatre effectu\u00e9 sur les bouteilles de gaz.<br \/>\nShandong Hongsheng Pressure Vessel Co. est pr\u00eat \u00e0 devenir votre partenaire \u00e0 long terme et votre responsable de la s\u00e9curit\u00e9 des bouteilles, et \u00e0 assurer conjointement la s\u00e9curit\u00e9 de vos bouteilles.<\/p>","protected":false},"featured_media":6677,"template":"","meta":{"_seopress_robots_primary_cat":"none","_seopress_titles_title":"","_seopress_titles_desc":"","_seopress_robots_index":"","_uag_custom_page_level_css":"","site-sidebar-layout":"default","site-content-layout":"","ast-site-content-layout":"default","site-content-style":"default","site-sidebar-style":"default","ast-global-header-display":"","ast-banner-title-visibility":"","ast-main-header-display":"","ast-hfb-above-header-display":"","ast-hfb-below-header-display":"","ast-hfb-mobile-header-display":"","site-post-title":"","ast-breadcrumbs-content":"","ast-featured-img":"","footer-sml-layout":"","ast-disable-related-posts":"","theme-transparent-header-meta":"default","adv-header-id-meta":"","stick-header-meta":"default","header-above-stick-meta":"","header-main-stick-meta":"","header-below-stick-meta":"","astra-migrate-meta-layouts":"set","ast-page-background-enabled":"default","ast-page-background-meta":{"desktop":{"background-color":"","background-image":"","background-repeat":"repeat","background-position":"center center","background-size":"auto","background-attachment":"scroll","background-type":"","background-media":"","overlay-type":"","overlay-color":"","overlay-opacity":"","overlay-gradient":""},"tablet":{"background-color":"","background-image":"","background-repeat":"repeat","background-position":"center center","background-size":"auto","background-attachment":"scroll","background-type":"","background-media":"","overlay-type":"","overlay-color":"","overlay-opacity":"","overlay-gradient":""},"mobile":{"background-color":"","background-image":"","background-repeat":"repeat","background-position":"center center","background-size":"auto","background-attachment":"scroll","background-type":"","background-media":"","overlay-type":"","overlay-color":"","overlay-opacity":"","overlay-gradient":""}},"ast-content-background-meta":{"desktop":{"background-color":"var(--ast-global-color-5)","background-image":"","background-repeat":"repeat","background-position":"center center","background-size":"auto","background-attachment":"scroll","background-type":"","background-media":"","overlay-type":"","overlay-color":"","overlay-opacity":"","overlay-gradient":""},"tablet":{"background-color":"var(--ast-global-color-5)","background-image":"","background-repeat":"repeat","background-position":"center center","background-size":"auto","background-attachment":"scroll","background-type":"","background-media":"","overlay-type":"","overlay-color":"","overlay-opacity":"","overlay-gradient":""},"mobile":{"background-color":"var(--ast-global-color-5)","background-image":"","background-repeat":"repeat","background-position":"center center","background-size":"auto","background-attachment":"scroll","background-type":"","background-media":"","overlay-type":"","overlay-color":"","overlay-opacity":"","overlay-gradient":""}}},"product_brand":[],"product_cat":[44],"product_tag":[],"class_list":{"0":"post-5359","1":"product","2":"type-product","3":"status-publish","4":"has-post-thumbnail","6":"product_cat-seamless","7":"desktop-align-center","8":"tablet-align-left","9":"mobile-align-left","10":"ast-product-gallery-layout-horizontal-slider","11":"ast-product-tabs-layout-horizontal","13":"first","14":"instock","15":"shipping-taxable","16":"product-type-simple"},"uagb_featured_image_src":{"full":["https:\/\/hsgascylinder-factory.com\/wp-content\/uploads\/2025\/04\/9-35.jpg",900,600,false],"thumbnail":["https:\/\/hsgascylinder-factory.com\/wp-content\/uploads\/2025\/04\/9-35-150x150.jpg",150,150,true],"medium":["https:\/\/hsgascylinder-factory.com\/wp-content\/uploads\/2025\/04\/9-35-300x200.jpg",300,200,true],"medium_large":["https:\/\/hsgascylinder-factory.com\/wp-content\/uploads\/2025\/04\/9-35-768x512.jpg",768,512,true],"large":["https:\/\/hsgascylinder-factory.com\/wp-content\/uploads\/2025\/04\/9-35.jpg",900,600,false],"1536x1536":["https:\/\/hsgascylinder-factory.com\/wp-content\/uploads\/2025\/04\/9-35.jpg",900,600,false],"2048x2048":["https:\/\/hsgascylinder-factory.com\/wp-content\/uploads\/2025\/04\/9-35.jpg",900,600,false],"trp-custom-language-flag":["https:\/\/hsgascylinder-factory.com\/wp-content\/uploads\/2025\/04\/9-35-18x12.jpg",18,12,true],"woocommerce_thumbnail":["https:\/\/hsgascylinder-factory.com\/wp-content\/uploads\/2025\/04\/9-35-500x500.jpg",500,500,true],"woocommerce_single":["https:\/\/hsgascylinder-factory.com\/wp-content\/uploads\/2025\/04\/9-35-600x400.jpg",600,400,true],"woocommerce_gallery_thumbnail":["https:\/\/hsgascylinder-factory.com\/wp-content\/uploads\/2025\/04\/9-35-100x100.jpg",100,100,true]},"uagb_author_info":{"display_name":"jinxing6611@gmail.com","author_link":"https:\/\/hsgascylinder-factory.com\/fr\/author\/"},"uagb_comment_info":0,"uagb_excerpt":"Brand:\u00a0HS Product origin:\u00a0Made in China Delivery time:\u00a015 to 30 days Supply capacity:\u00a0Annual output of more than 800,000 pieces 200bar 9L ISO9809-1 TPED 34CrMo4 Oxygen tanks gas cylinders Product Information: 1\u3001Oxygen cylinder body height 744mm; Oxygen cylinder weight 10.7kg; Oxygen cylinder mouth thread PZ27.8; 25E; 3\/4-14 NGT, etc.; Maximum oxygen tank capacity is 1.8m3 (1800 litres);\u2026","_links":{"self":[{"href":"https:\/\/hsgascylinder-factory.com\/fr\/wp-json\/wp\/v2\/product\/5359","targetHints":{"allow":["GET"]}}],"collection":[{"href":"https:\/\/hsgascylinder-factory.com\/fr\/wp-json\/wp\/v2\/product"}],"about":[{"href":"https:\/\/hsgascylinder-factory.com\/fr\/wp-json\/wp\/v2\/types\/product"}],"wp:featuredmedia":[{"embeddable":true,"href":"https:\/\/hsgascylinder-factory.com\/fr\/wp-json\/wp\/v2\/media\/6677"}],"wp:attachment":[{"href":"https:\/\/hsgascylinder-factory.com\/fr\/wp-json\/wp\/v2\/media?parent=5359"}],"wp:term":[{"taxonomy":"product_brand","embeddable":true,"href":"https:\/\/hsgascylinder-factory.com\/fr\/wp-json\/wp\/v2\/product_brand?post=5359"},{"taxonomy":"product_cat","embeddable":true,"href":"https:\/\/hsgascylinder-factory.com\/fr\/wp-json\/wp\/v2\/product_cat?post=5359"},{"taxonomy":"product_tag","embeddable":true,"href":"https:\/\/hsgascylinder-factory.com\/fr\/wp-json\/wp\/v2\/product_tag?post=5359"}],"curies":[{"name":"wp","href":"https:\/\/api.w.org\/{rel}","templated":true}]}}