{"id":5326,"date":"2025-04-22T06:54:51","date_gmt":"2025-04-22T06:54:51","guid":{"rendered":"https:\/\/darkslategray-hippopotamus-243231.hostingersite.com\/?post_type=product&#038;p=5326"},"modified":"2025-06-07T09:09:53","modified_gmt":"2025-06-07T09:09:53","slug":"6l-iso9809-1-tped-200bar34crmo4-oxygen-tanks-gas-cylinders","status":"publish","type":"product","link":"https:\/\/hsgascylinder-factory.com\/fr\/produit\/6l-iso9809-1-tped-200bar34crmo4-oxygen-tanks-gas-cylinders\/","title":{"rendered":"6L ISO9809-1 TPED 200bar34CrMo4 Bouteilles d'oxyg\u00e8ne Bouteilles de gaz"},"content":{"rendered":"<p><iframe title=\"Lecteur vid\u00e9o YouTube\" src=\"https:\/\/www.youtube.com\/embed\/6bxas9loSKI?si=ZmYxtH-i0rI06zC4\" width=\"560\" height=\"315\" frameborder=\"0\" allowfullscreen=\"allowfullscreen\"><\/iframe><\/p>\n<p><strong>6L ISO9809-1 TPED 200bar34CrMo4 Bouteilles d'oxyg\u00e8ne Bouteilles de gaz<\/strong><\/p>\n<p><img alt=\"\" fetchpriority=\"high\" decoding=\"async\" class=\"alignnone wp-image-6692 size-full\" src=\"http:\/\/darkslategray-hippopotamus-243231.hostingersite.com\/wp-content\/uploads\/2025\/04\/200-5.jpg\" width=\"800\" height=\"800\" srcset=\"https:\/\/hsgascylinder-factory.com\/wp-content\/uploads\/2025\/04\/200-5.jpg 800w, https:\/\/hsgascylinder-factory.com\/wp-content\/uploads\/2025\/04\/200-5-300x300.jpg 300w, https:\/\/hsgascylinder-factory.com\/wp-content\/uploads\/2025\/04\/200-5-150x150.jpg 150w, https:\/\/hsgascylinder-factory.com\/wp-content\/uploads\/2025\/04\/200-5-768x768.jpg 768w, https:\/\/hsgascylinder-factory.com\/wp-content\/uploads\/2025\/04\/200-5-12x12.jpg 12w, https:\/\/hsgascylinder-factory.com\/wp-content\/uploads\/2025\/04\/200-5-500x500.jpg 500w, https:\/\/hsgascylinder-factory.com\/wp-content\/uploads\/2025\/04\/200-5-600x600.jpg 600w, https:\/\/hsgascylinder-factory.com\/wp-content\/uploads\/2025\/04\/200-5-100x100.jpg 100w\" sizes=\"(max-width: 800px) 100vw, 800px\" \/><\/p>\n<p>1\u3001Minimum de commande : 100 seulement<\/p>\n<p>2\u3001Utilisation des cylindres : nos cylindres en acier sans soudure sont largement utilis\u00e9s dans l'industrie, les appareils m\u00e9dicaux, la lutte contre les incendies et la recherche scientifique.<\/p>\n<p>3\u3001Nous sommes une usine de production de bouteilles de gaz en Chine. Nos produits sont vendus en Chine, en Asie du Sud-Est, au Moyen-Orient, en Asie, en Afrique, en Europe, en Oc\u00e9anie et en Am\u00e9rique.<\/p>\n<p>4\u3001Gas cylinders\u00a0Neck design :\u00a0The external diameter and thickness of the formed neck end of the cylinder shall be adequate for the torque applied in fitting the valve to the cylinder. The torque may vary according to the diameter of thread, the form of thread and the sealant used in the fitting of the valve.<\/p>\n<p><img alt=\"\" decoding=\"async\" class=\"alignnone wp-image-6694 size-full\" src=\"http:\/\/darkslategray-hippopotamus-243231.hostingersite.com\/wp-content\/uploads\/2025\/04\/yinliao.jpg\" width=\"750\" height=\"821\" srcset=\"https:\/\/hsgascylinder-factory.com\/wp-content\/uploads\/2025\/04\/yinliao.jpg 750w, https:\/\/hsgascylinder-factory.com\/wp-content\/uploads\/2025\/04\/yinliao-274x300.jpg 274w, https:\/\/hsgascylinder-factory.com\/wp-content\/uploads\/2025\/04\/yinliao-11x12.jpg 11w, https:\/\/hsgascylinder-factory.com\/wp-content\/uploads\/2025\/04\/yinliao-600x657.jpg 600w\" sizes=\"(max-width: 750px) 100vw, 750px\" \/><\/p>\n<p>5\u3001In establishing the minimum thickness, consideration shall be given to obtaining a thickness of wall in the cylinder neck which will prevent permanent expansion of the neck during the initial and subsequent fittings of the valve into the cylinder without support of an attachment.<\/p>\n<p>The external diameter and thickness of the formed neck end of the cylinder shall not be damaged (no permanent expansion or crack) by the application of the maximum torque required to fit the valve to the cylinder (see ISO 13341) and the stresses when the cylinder is subjected to its test pressure.<\/p>\n<p>6\u3001In specific cases (e.g. very thin walled cylinders), where these stresses cannot be supported by the neck itself, the neck may be designed to require reinforcement, such as a neck ring or shrunk on collar, provided the reinforcement material and dimensions are clearly specified by the manufacturer and this configuration is part of the type approval procedure.<\/p>\n<p><img alt=\"\" decoding=\"async\" class=\"alignnone wp-image-6680 size-full\" src=\"http:\/\/darkslategray-hippopotamus-243231.hostingersite.com\/wp-content\/uploads\/2025\/04\/\u5b9e\u9a8c-scaled.jpg\" width=\"2099\" height=\"2560\" srcset=\"https:\/\/hsgascylinder-factory.com\/wp-content\/uploads\/2025\/04\/\u5b9e\u9a8c-scaled.jpg 2099w, https:\/\/hsgascylinder-factory.com\/wp-content\/uploads\/2025\/04\/\u5b9e\u9a8c-246x300.jpg 246w, https:\/\/hsgascylinder-factory.com\/wp-content\/uploads\/2025\/04\/\u5b9e\u9a8c-840x1024.jpg 840w, https:\/\/hsgascylinder-factory.com\/wp-content\/uploads\/2025\/04\/\u5b9e\u9a8c-768x937.jpg 768w, https:\/\/hsgascylinder-factory.com\/wp-content\/uploads\/2025\/04\/\u5b9e\u9a8c-1259x1536.jpg 1259w, https:\/\/hsgascylinder-factory.com\/wp-content\/uploads\/2025\/04\/\u5b9e\u9a8c-1679x2048.jpg 1679w, https:\/\/hsgascylinder-factory.com\/wp-content\/uploads\/2025\/04\/\u5b9e\u9a8c-10x12.jpg 10w, https:\/\/hsgascylinder-factory.com\/wp-content\/uploads\/2025\/04\/\u5b9e\u9a8c-600x732.jpg 600w\" sizes=\"(max-width: 2099px) 100vw, 2099px\" \/><\/p>\n<p><strong>7\u30016 litre Gas Cylinder Product Parameters table (ISO9809-1 200bar)<\/strong><\/p>\n<p>6L ISO9809-1 TPED 200bar 34CrMo4 Oxygen Tanks Gas Cylinders<\/p>\n<div class=\"nei-table\">\n<table>\n<tbody>\n<tr class=\"firstRow\">\n<td align=\"center\" valign=\"middle\" width=\"324\">Type<\/td>\n<td align=\"center\" valign=\"middle\" width=\"5\">A l'ext\u00e9rieur<\/p>\n<p>Diam\u00e8tre<\/p>\n<p>(mm)<\/td>\n<td align=\"center\" valign=\"middle\" width=\"95\">L'eau<\/p>\n<p>Capacit\u00e9<\/p>\n<p>(L)<\/td>\n<td align=\"center\" valign=\"middle\" width=\"83\">Bouteille<\/p>\n<p>Hauteur<\/p>\n<p>(mm)<\/td>\n<td align=\"center\" valign=\"middle\" width=\"82\">Poids<\/p>\n<p>\uff08kg\uff09<\/td>\n<td align=\"center\" valign=\"middle\" width=\"95\">Travailler<\/p>\n<p>pression<\/p>\n<p>\uff08Bar\uff09<\/td>\n<td align=\"center\" valign=\"middle\" width=\"109\">Mur de conception<\/p>\n<p>l'\u00e9paisseur<\/p>\n<p>\uff08mm\uff09<\/td>\n<td align=\"center\" valign=\"middle\" width=\"99\">Mat\u00e9riau<\/p>\n<p>Notes<\/td>\n<\/tr>\n<tr>\n<td align=\"center\" valign=\"middle\" width=\"193\">WG\u2161140-6.0L-200<\/td>\n<td align=\"center\" valign=\"middle\" width=\"5\">140<\/td>\n<td align=\"center\" valign=\"middle\" width=\"95\">6.0<\/td>\n<td align=\"center\" valign=\"middle\" width=\"83\">516<\/td>\n<td align=\"center\" valign=\"middle\" width=\"82\">7.56<\/td>\n<td align=\"center\" valign=\"middle\" width=\"95\">200<\/td>\n<td align=\"center\" valign=\"middle\" width=\"109\">2.43.8<\/td>\n<td align=\"center\" valign=\"middle\" width=\"99\">34CrMo4<\/td>\n<\/tr>\n<\/tbody>\n<\/table>\n<\/div>\n<p><img alt=\"\" loading=\"lazy\" decoding=\"async\" class=\"alignnone wp-image-6695 size-full\" src=\"http:\/\/darkslategray-hippopotamus-243231.hostingersite.com\/wp-content\/uploads\/2025\/04\/9-26.jpg\" width=\"900\" height=\"600\" srcset=\"https:\/\/hsgascylinder-factory.com\/wp-content\/uploads\/2025\/04\/9-26.jpg 900w, https:\/\/hsgascylinder-factory.com\/wp-content\/uploads\/2025\/04\/9-26-300x200.jpg 300w, https:\/\/hsgascylinder-factory.com\/wp-content\/uploads\/2025\/04\/9-26-768x512.jpg 768w, https:\/\/hsgascylinder-factory.com\/wp-content\/uploads\/2025\/04\/9-26-18x12.jpg 18w, https:\/\/hsgascylinder-factory.com\/wp-content\/uploads\/2025\/04\/9-26-600x400.jpg 600w\" sizes=\"(max-width: 900px) 100vw, 900px\" \/><\/p>\n<p><strong>Conseils pour une utilisation s\u00fbre des bouteilles de gaz :<\/strong><\/p>\n<p>The cylinder body and valve of oxygen or other strong oxidizing gases should not be contaminated with grease or other combustible materials. The working clothes, gloves, loading and unloading tools and tools of the user should not be stained with grease.<\/p>\n<p>When installing the reducing valve or busbar, check that the threads of the clamp or connecting nut are intact. Depressors, connectors, conduits and pressure gauges used to connect cylinders shall be marked and used on a particular type of cylinder<\/p>\n<p>Shandong Hongsheng Pressure Vessel Co. est pr\u00eat \u00e0 devenir votre partenaire \u00e0 long terme et votre responsable de la s\u00e9curit\u00e9 des bouteilles, et \u00e0 assurer conjointement la s\u00e9curit\u00e9 de vos bouteilles.<\/p>\n<p>&nbsp;<\/p>","protected":false},"excerpt":{"rendered":"<ul class=\"meta\">\n<li><label>Marque :<\/label>\u00a0HS<\/li>\n<li><label>Origine du produit :<\/label>\u00a0Fabriqu\u00e9 en Chine<\/li>\n<li><label>D\u00e9lai de livraison :<\/label>\u00a015 \u00e0 30 jours<\/li>\n<li><label>Capacit\u00e9 d'approvisionnement :<\/label>\u00a0Production annuelle de plus de 800 000 pi\u00e8ces<\/li>\n<\/ul>\n<p class=\"desc\">Informations sur le produit :<br \/>\n1\u30016 litre gas tank; 34CrMo4 alloy steel; ISO9809-1 standard; TPED working pressure is 200bar; Hydrostatic test pressure is 300bar; 140mm cylinder outer diameter;<br \/>\n2\u3001The height of the cylinder body is 516mm; Cylinder mouth threads include PZ27.8,25E; 3\/4-14 NGT, etc.; Maximum gas storage is 1.2m3 (1,200 litres); The minimum design wall thickness of the cylinder is 3.1mm; The cylinder body weight is 7.56kg;<br \/>\n3\u3001Alias: 6L gas Cylinders ;6L;200bar Gas Tanks, 6L 200bar Oxygen Tanks, TPED 34CrMo4 Oxygen Tanks, TPED 34CrMo4 Oxygen cylinders<\/p>","protected":false},"featured_media":6691,"template":"","meta":{"_seopress_robots_primary_cat":"none","_seopress_titles_title":"","_seopress_titles_desc":"","_seopress_robots_index":"","_uag_custom_page_level_css":"","site-sidebar-layout":"default","site-content-layout":"","ast-site-content-layout":"default","site-content-style":"default","site-sidebar-style":"default","ast-global-header-display":"","ast-banner-title-visibility":"","ast-main-header-display":"","ast-hfb-above-header-display":"","ast-hfb-below-header-display":"","ast-hfb-mobile-header-display":"","site-post-title":"","ast-breadcrumbs-content":"","ast-featured-img":"","footer-sml-layout":"","ast-disable-related-posts":"","theme-transparent-header-meta":"default","adv-header-id-meta":"","stick-header-meta":"default","header-above-stick-meta":"","header-main-stick-meta":"","header-below-stick-meta":"","astra-migrate-meta-layouts":"set","ast-page-background-enabled":"default","ast-page-background-meta":{"desktop":{"background-color":"","background-image":"","background-repeat":"repeat","background-position":"center center","background-size":"auto","background-attachment":"scroll","background-type":"","background-media":"","overlay-type":"","overlay-color":"","overlay-opacity":"","overlay-gradient":""},"tablet":{"background-color":"","background-image":"","background-repeat":"repeat","background-position":"center center","background-size":"auto","background-attachment":"scroll","background-type":"","background-media":"","overlay-type":"","overlay-color":"","overlay-opacity":"","overlay-gradient":""},"mobile":{"background-color":"","background-image":"","background-repeat":"repeat","background-position":"center center","background-size":"auto","background-attachment":"scroll","background-type":"","background-media":"","overlay-type":"","overlay-color":"","overlay-opacity":"","overlay-gradient":""}},"ast-content-background-meta":{"desktop":{"background-color":"var(--ast-global-color-5)","background-image":"","background-repeat":"repeat","background-position":"center center","background-size":"auto","background-attachment":"scroll","background-type":"","background-media":"","overlay-type":"","overlay-color":"","overlay-opacity":"","overlay-gradient":""},"tablet":{"background-color":"var(--ast-global-color-5)","background-image":"","background-repeat":"repeat","background-position":"center center","background-size":"auto","background-attachment":"scroll","background-type":"","background-media":"","overlay-type":"","overlay-color":"","overlay-opacity":"","overlay-gradient":""},"mobile":{"background-color":"var(--ast-global-color-5)","background-image":"","background-repeat":"repeat","background-position":"center center","background-size":"auto","background-attachment":"scroll","background-type":"","background-media":"","overlay-type":"","overlay-color":"","overlay-opacity":"","overlay-gradient":""}}},"product_brand":[],"product_cat":[44],"product_tag":[],"class_list":{"0":"post-5326","1":"product","2":"type-product","3":"status-publish","4":"has-post-thumbnail","6":"product_cat-seamless","7":"desktop-align-center","8":"tablet-align-left","9":"mobile-align-left","10":"ast-product-gallery-layout-horizontal-slider","11":"ast-product-tabs-layout-horizontal","13":"first","14":"instock","15":"shipping-taxable","16":"product-type-simple"},"uagb_featured_image_src":{"full":["https:\/\/hsgascylinder-factory.com\/wp-content\/uploads\/2025\/04\/5-5.jpg",800,800,false],"thumbnail":["https:\/\/hsgascylinder-factory.com\/wp-content\/uploads\/2025\/04\/5-5-150x150.jpg",150,150,true],"medium":["https:\/\/hsgascylinder-factory.com\/wp-content\/uploads\/2025\/04\/5-5-300x300.jpg",300,300,true],"medium_large":["https:\/\/hsgascylinder-factory.com\/wp-content\/uploads\/2025\/04\/5-5-768x768.jpg",768,768,true],"large":["https:\/\/hsgascylinder-factory.com\/wp-content\/uploads\/2025\/04\/5-5.jpg",800,800,false],"1536x1536":["https:\/\/hsgascylinder-factory.com\/wp-content\/uploads\/2025\/04\/5-5.jpg",800,800,false],"2048x2048":["https:\/\/hsgascylinder-factory.com\/wp-content\/uploads\/2025\/04\/5-5.jpg",800,800,false],"trp-custom-language-flag":["https:\/\/hsgascylinder-factory.com\/wp-content\/uploads\/2025\/04\/5-5-12x12.jpg",12,12,true],"woocommerce_thumbnail":["https:\/\/hsgascylinder-factory.com\/wp-content\/uploads\/2025\/04\/5-5-500x500.jpg",500,500,true],"woocommerce_single":["https:\/\/hsgascylinder-factory.com\/wp-content\/uploads\/2025\/04\/5-5-600x600.jpg",600,600,true],"woocommerce_gallery_thumbnail":["https:\/\/hsgascylinder-factory.com\/wp-content\/uploads\/2025\/04\/5-5-100x100.jpg",100,100,true]},"uagb_author_info":{"display_name":"jinxing6611@gmail.com","author_link":"https:\/\/hsgascylinder-factory.com\/fr\/author\/"},"uagb_comment_info":0,"uagb_excerpt":"Brand:\u00a0HS Product origin:\u00a0Made in China Delivery time:\u00a015 to 30 days Supply capacity:\u00a0Annual output of more than 800,000 pieces Product Information: 1\u30016 litre gas tank; 34CrMo4 alloy steel; ISO9809-1 standard; TPED working pressure is 200bar; Hydrostatic test pressure is 300bar; 140mm cylinder outer diameter; 2\u3001The height of the cylinder body is 516mm; Cylinder mouth threads include\u2026","_links":{"self":[{"href":"https:\/\/hsgascylinder-factory.com\/fr\/wp-json\/wp\/v2\/product\/5326","targetHints":{"allow":["GET"]}}],"collection":[{"href":"https:\/\/hsgascylinder-factory.com\/fr\/wp-json\/wp\/v2\/product"}],"about":[{"href":"https:\/\/hsgascylinder-factory.com\/fr\/wp-json\/wp\/v2\/types\/product"}],"wp:featuredmedia":[{"embeddable":true,"href":"https:\/\/hsgascylinder-factory.com\/fr\/wp-json\/wp\/v2\/media\/6691"}],"wp:attachment":[{"href":"https:\/\/hsgascylinder-factory.com\/fr\/wp-json\/wp\/v2\/media?parent=5326"}],"wp:term":[{"taxonomy":"product_brand","embeddable":true,"href":"https:\/\/hsgascylinder-factory.com\/fr\/wp-json\/wp\/v2\/product_brand?post=5326"},{"taxonomy":"product_cat","embeddable":true,"href":"https:\/\/hsgascylinder-factory.com\/fr\/wp-json\/wp\/v2\/product_cat?post=5326"},{"taxonomy":"product_tag","embeddable":true,"href":"https:\/\/hsgascylinder-factory.com\/fr\/wp-json\/wp\/v2\/product_tag?post=5326"}],"curies":[{"name":"wp","href":"https:\/\/api.w.org\/{rel}","templated":true}]}}