{"id":5260,"date":"2025-04-22T02:40:39","date_gmt":"2025-04-22T02:40:39","guid":{"rendered":"https:\/\/darkslategray-hippopotamus-243231.hostingersite.com\/?post_type=product&#038;p=5260"},"modified":"2025-04-22T02:40:39","modified_gmt":"2025-04-22T02:40:39","slug":"high-purity-carbon-dioxide-carbonic-anhydride-acid-co2-gas","status":"publish","type":"product","link":"https:\/\/hsgascylinder-factory.com\/fr\/produit\/high-purity-carbon-dioxide-carbonic-anhydride-acid-co2-gas\/","title":{"rendered":"Dioxyde de carbone de haute puret\u00e9 Acide anhydride carbonique Gaz CO2"},"content":{"rendered":"<p><iframe title=\"Lecteur vid\u00e9o YouTube\" src=\"https:\/\/www.youtube.com\/embed\/zkDrS3o0gJc?si=-TkOhGG87jHzDHfy\" width=\"560\" height=\"315\" frameborder=\"0\" allowfullscreen=\"allowfullscreen\"><\/iframe><\/p>\n<p><img alt=\"\" fetchpriority=\"high\" decoding=\"async\" class=\"alignnone size-full wp-image-5273\" src=\"http:\/\/darkslategray-hippopotamus-243231.hostingersite.com\/wp-content\/uploads\/2025\/04\/hpcdn1.jpg\" width=\"900\" height=\"600\" srcset=\"https:\/\/hsgascylinder-factory.com\/wp-content\/uploads\/2025\/04\/hpcdn1.jpg 900w, https:\/\/hsgascylinder-factory.com\/wp-content\/uploads\/2025\/04\/hpcdn1-300x200.jpg 300w, https:\/\/hsgascylinder-factory.com\/wp-content\/uploads\/2025\/04\/hpcdn1-768x512.jpg 768w, https:\/\/hsgascylinder-factory.com\/wp-content\/uploads\/2025\/04\/hpcdn1-18x12.jpg 18w, https:\/\/hsgascylinder-factory.com\/wp-content\/uploads\/2025\/04\/hpcdn1-600x400.jpg 600w\" sizes=\"(max-width: 900px) 100vw, 900px\" \/><\/p>\n<p>Carbon dioxide, a carbon and oxygen compound with the chemical formula of CO2 and the chemical formula of 44.0095, is a colorless, tasteless [2] or odorless and slightly sour gas in its aqueous solution at room temperature and pressure. It is also a common greenhouse gas and one of the components of air (accounting for 0.03%-0.04% of the total volume of the atmosphere).<\/p>\n<p>High purity carbon dioxide is mainly used in electronic industry, medical research and clinical diagnosis, carbon dioxide laser, the calibration of detection instruments and the preparation of other special mixtures, in polyethylene polymerization reaction is used as a regulator.<\/p>\n<p>Solid carbon dioxide is widely used to refrigerate dairy products, meat, frozen foods and other perishable foods in transit, and as a refrigerant in many industrial processes.<\/p>\n<p><img alt=\"\" decoding=\"async\" class=\"alignnone size-full wp-image-5274\" src=\"http:\/\/darkslategray-hippopotamus-243231.hostingersite.com\/wp-content\/uploads\/2025\/04\/hpcdn2.jpg\" width=\"800\" height=\"800\" srcset=\"https:\/\/hsgascylinder-factory.com\/wp-content\/uploads\/2025\/04\/hpcdn2.jpg 800w, https:\/\/hsgascylinder-factory.com\/wp-content\/uploads\/2025\/04\/hpcdn2-300x300.jpg 300w, https:\/\/hsgascylinder-factory.com\/wp-content\/uploads\/2025\/04\/hpcdn2-150x150.jpg 150w, https:\/\/hsgascylinder-factory.com\/wp-content\/uploads\/2025\/04\/hpcdn2-768x768.jpg 768w, https:\/\/hsgascylinder-factory.com\/wp-content\/uploads\/2025\/04\/hpcdn2-12x12.jpg 12w, https:\/\/hsgascylinder-factory.com\/wp-content\/uploads\/2025\/04\/hpcdn2-500x500.jpg 500w, https:\/\/hsgascylinder-factory.com\/wp-content\/uploads\/2025\/04\/hpcdn2-600x600.jpg 600w, https:\/\/hsgascylinder-factory.com\/wp-content\/uploads\/2025\/04\/hpcdn2-100x100.jpg 100w\" sizes=\"(max-width: 800px) 100vw, 800px\" \/><\/p>\n<p><strong>Conseils de s\u00e9curit\u00e9 pour le gaz :<\/strong><\/p>\n<p>High concentration of carbon dioxide itself has stimulation and anesthetic effect and can make the body hypoxia asphyxia.<\/p>\n<p>In case of carbon dioxide poisoning, the victim should be removed from the environment of high concentration of carbon dioxide and taken to fresh air. The collar of the victim should be loosened, and artificial respiration should be used to make the victim inhale oxygen as soon as possible. If necessary, hyperbaric oxygen treatment should be used.<\/p>\n<p>Shandong Hongsheng Pressure Vessel Co. est pr\u00eat \u00e0 devenir votre partenaire \u00e0 long terme et votre responsable de la s\u00e9curit\u00e9 des bouteilles, et \u00e0 assurer conjointement la s\u00e9curit\u00e9 de vos bouteilles.<\/p>\n<p><img alt=\"\" decoding=\"async\" class=\"alignnone size-full wp-image-5275\" src=\"http:\/\/darkslategray-hippopotamus-243231.hostingersite.com\/wp-content\/uploads\/2025\/04\/hpcdn3.jpg\" width=\"900\" height=\"600\" srcset=\"https:\/\/hsgascylinder-factory.com\/wp-content\/uploads\/2025\/04\/hpcdn3.jpg 900w, https:\/\/hsgascylinder-factory.com\/wp-content\/uploads\/2025\/04\/hpcdn3-300x200.jpg 300w, https:\/\/hsgascylinder-factory.com\/wp-content\/uploads\/2025\/04\/hpcdn3-768x512.jpg 768w, https:\/\/hsgascylinder-factory.com\/wp-content\/uploads\/2025\/04\/hpcdn3-18x12.jpg 18w, https:\/\/hsgascylinder-factory.com\/wp-content\/uploads\/2025\/04\/hpcdn3-600x400.jpg 600w\" sizes=\"(max-width: 900px) 100vw, 900px\" \/><\/p>\n<p>Gaseous carbon dioxide is used for carbonization of soft drinks, pH control of water treatment process, chemical processing, food preservation, inert protection of chemical and food processing process, welding gas, plant growth stimulant, used for hardening molds and cores in casting and for pneumatic devices,<\/p>\n<p>It is also used as a diluent for bactericidal gas (i.e., mixing gas of ethylene oxide and carbon dioxide as a bactericidal, insecticide and fumigant, widely used in sterilization, bone meal disinfection of medical instruments, packaging materials, clothes, fur, bedding, warehouses, factories, cultural relics and books).<\/p>\n<p>Liquid carbon dioxide is used as a refrigerant, cryogenic testing of aircraft, missiles and electronic components, to enhance oil well recovery, rubber polishing and control chemical reactions, and as an extinguisher.<\/p>\n<p>Supercritical carbon dioxide can be used as a solvent to dissolve non-polar, non-ionic and low molecular weight compounds, so it is widely used in homogeneous reaction.<\/p>\n<p><img alt=\"\" loading=\"lazy\" decoding=\"async\" class=\"alignnone size-full wp-image-5276\" src=\"http:\/\/darkslategray-hippopotamus-243231.hostingersite.com\/wp-content\/uploads\/2025\/04\/hpcdn4.jpg\" width=\"900\" height=\"600\" srcset=\"https:\/\/hsgascylinder-factory.com\/wp-content\/uploads\/2025\/04\/hpcdn4.jpg 900w, https:\/\/hsgascylinder-factory.com\/wp-content\/uploads\/2025\/04\/hpcdn4-300x200.jpg 300w, https:\/\/hsgascylinder-factory.com\/wp-content\/uploads\/2025\/04\/hpcdn4-768x512.jpg 768w, https:\/\/hsgascylinder-factory.com\/wp-content\/uploads\/2025\/04\/hpcdn4-18x12.jpg 18w, https:\/\/hsgascylinder-factory.com\/wp-content\/uploads\/2025\/04\/hpcdn4-600x400.jpg 600w\" sizes=\"(max-width: 900px) 100vw, 900px\" \/><\/p>","protected":false},"excerpt":{"rendered":"<ul class=\"meta\">\n<li><label>Marque :<\/label>\u00a0HS<\/li>\n<li><label>Origine du produit :<\/label>\u00a0Fabriqu\u00e9 en Chine<\/li>\n<li><label>D\u00e9lai de livraison :<\/label>\u00a025 to 40days<\/li>\n<li><label>Capacit\u00e9 d'approvisionnement :<\/label>\u00a0Production annuelle de 300 000 m\u00e8tres cubes<\/li>\n<\/ul>\n<p class=\"desc\">High purity carbon dioxide carbon anhydride carbon dioxide gas<br \/>\nInformations sur le produit :<br \/>\n1, carbon dioxide is a kind of carbon and oxygen compound, the chemical formula is CO2, the chemical formula quantity is 44.0095, under normal temperature and pressure is a colorless odorless or odorless and its aqueous solution slightly sour gas, is one of the components of the air (accounting for 0.03%-0.04% of the total volume of the atmosphere) is also a common greenhouse gas.<br \/>\n2. In terms of physical properties, the boiling point of carbon dioxide is -78.5\u2103, and the melting point is -56.6\u2103 (527kPa). The density is higher than that of air (under standard conditions), and it is soluble in water.<br \/>\n3, in terms of chemical properties, carbon dioxide thermal stability is very high (only 1.8% decomposition at 2000\u2103), chemical properties are not active, can not burn, usually do not support combustion, belong to acidic oxide, has the common acid oxide, because of the reaction with water to generate is carbonic acid, so it is carbonic anhydride.<br \/>\n4, Aliases : High Purity Carbon Dioxide, Carbonic Anhydride, Carbonic Acid Gas, High Purity Gas, CO2 Gas<br \/>\n5, storage: the use of seamless steel cylinders: such as 40 litres, 50 litres, 60 litres, 68 litres, 70 litres, 80 litres and so on.<br \/>\nUse cylinder: 40L or 50L<\/p>","protected":false},"featured_media":5263,"template":"","meta":{"_seopress_robots_primary_cat":"","_seopress_titles_title":"","_seopress_titles_desc":"","_seopress_robots_index":"","_uag_custom_page_level_css":"","site-sidebar-layout":"default","site-content-layout":"","ast-site-content-layout":"default","site-content-style":"default","site-sidebar-style":"default","ast-global-header-display":"","ast-banner-title-visibility":"","ast-main-header-display":"","ast-hfb-above-header-display":"","ast-hfb-below-header-display":"","ast-hfb-mobile-header-display":"","site-post-title":"","ast-breadcrumbs-content":"","ast-featured-img":"","footer-sml-layout":"","ast-disable-related-posts":"","theme-transparent-header-meta":"default","adv-header-id-meta":"","stick-header-meta":"default","header-above-stick-meta":"","header-main-stick-meta":"","header-below-stick-meta":"","astra-migrate-meta-layouts":"set","ast-page-background-enabled":"default","ast-page-background-meta":{"desktop":{"background-color":"","background-image":"","background-repeat":"repeat","background-position":"center center","background-size":"auto","background-attachment":"scroll","background-type":"","background-media":"","overlay-type":"","overlay-color":"","overlay-opacity":"","overlay-gradient":""},"tablet":{"background-color":"","background-image":"","background-repeat":"repeat","background-position":"center center","background-size":"auto","background-attachment":"scroll","background-type":"","background-media":"","overlay-type":"","overlay-color":"","overlay-opacity":"","overlay-gradient":""},"mobile":{"background-color":"","background-image":"","background-repeat":"repeat","background-position":"center center","background-size":"auto","background-attachment":"scroll","background-type":"","background-media":"","overlay-type":"","overlay-color":"","overlay-opacity":"","overlay-gradient":""}},"ast-content-background-meta":{"desktop":{"background-color":"var(--ast-global-color-5)","background-image":"","background-repeat":"repeat","background-position":"center center","background-size":"auto","background-attachment":"scroll","background-type":"","background-media":"","overlay-type":"","overlay-color":"","overlay-opacity":"","overlay-gradient":""},"tablet":{"background-color":"var(--ast-global-color-5)","background-image":"","background-repeat":"repeat","background-position":"center center","background-size":"auto","background-attachment":"scroll","background-type":"","background-media":"","overlay-type":"","overlay-color":"","overlay-opacity":"","overlay-gradient":""},"mobile":{"background-color":"var(--ast-global-color-5)","background-image":"","background-repeat":"repeat","background-position":"center center","background-size":"auto","background-attachment":"scroll","background-type":"","background-media":"","overlay-type":"","overlay-color":"","overlay-opacity":"","overlay-gradient":""}}},"product_brand":[],"product_cat":[33],"product_tag":[],"class_list":{"0":"post-5260","1":"product","2":"type-product","3":"status-publish","4":"has-post-thumbnail","6":"product_cat-gas","7":"desktop-align-center","8":"tablet-align-left","9":"mobile-align-left","10":"ast-product-gallery-layout-horizontal-slider","11":"ast-product-tabs-layout-horizontal","13":"first","14":"instock","15":"shipping-taxable","16":"product-type-simple"},"uagb_featured_image_src":{"full":["https:\/\/hsgascylinder-factory.com\/wp-content\/uploads\/2025\/04\/hpcd0.jpg",800,800,false],"thumbnail":["https:\/\/hsgascylinder-factory.com\/wp-content\/uploads\/2025\/04\/hpcd0-150x150.jpg",150,150,true],"medium":["https:\/\/hsgascylinder-factory.com\/wp-content\/uploads\/2025\/04\/hpcd0-300x300.jpg",300,300,true],"medium_large":["https:\/\/hsgascylinder-factory.com\/wp-content\/uploads\/2025\/04\/hpcd0-768x768.jpg",768,768,true],"large":["https:\/\/hsgascylinder-factory.com\/wp-content\/uploads\/2025\/04\/hpcd0.jpg",800,800,false],"1536x1536":["https:\/\/hsgascylinder-factory.com\/wp-content\/uploads\/2025\/04\/hpcd0.jpg",800,800,false],"2048x2048":["https:\/\/hsgascylinder-factory.com\/wp-content\/uploads\/2025\/04\/hpcd0.jpg",800,800,false],"trp-custom-language-flag":["https:\/\/hsgascylinder-factory.com\/wp-content\/uploads\/2025\/04\/hpcd0-12x12.jpg",12,12,true],"woocommerce_thumbnail":["https:\/\/hsgascylinder-factory.com\/wp-content\/uploads\/2025\/04\/hpcd0-500x500.jpg",500,500,true],"woocommerce_single":["https:\/\/hsgascylinder-factory.com\/wp-content\/uploads\/2025\/04\/hpcd0-600x600.jpg",600,600,true],"woocommerce_gallery_thumbnail":["https:\/\/hsgascylinder-factory.com\/wp-content\/uploads\/2025\/04\/hpcd0-100x100.jpg",100,100,true]},"uagb_author_info":{"display_name":"jinxing6611@gmail.com","author_link":"https:\/\/hsgascylinder-factory.com\/fr\/author\/"},"uagb_comment_info":0,"uagb_excerpt":"Brand:\u00a0HS Product origin:\u00a0Made in China Delivery time:\u00a025 to 40days Supply capacity:\u00a0Annual output of 300,000 cubic meters High purity carbon dioxide carbon anhydride carbon dioxide gas Product Information: 1, carbon dioxide is a kind of carbon and oxygen compound, the chemical formula is CO2, the chemical formula quantity is 44.0095, under normal temperature and pressure is\u2026","_links":{"self":[{"href":"https:\/\/hsgascylinder-factory.com\/fr\/wp-json\/wp\/v2\/product\/5260","targetHints":{"allow":["GET"]}}],"collection":[{"href":"https:\/\/hsgascylinder-factory.com\/fr\/wp-json\/wp\/v2\/product"}],"about":[{"href":"https:\/\/hsgascylinder-factory.com\/fr\/wp-json\/wp\/v2\/types\/product"}],"wp:featuredmedia":[{"embeddable":true,"href":"https:\/\/hsgascylinder-factory.com\/fr\/wp-json\/wp\/v2\/media\/5263"}],"wp:attachment":[{"href":"https:\/\/hsgascylinder-factory.com\/fr\/wp-json\/wp\/v2\/media?parent=5260"}],"wp:term":[{"taxonomy":"product_brand","embeddable":true,"href":"https:\/\/hsgascylinder-factory.com\/fr\/wp-json\/wp\/v2\/product_brand?post=5260"},{"taxonomy":"product_cat","embeddable":true,"href":"https:\/\/hsgascylinder-factory.com\/fr\/wp-json\/wp\/v2\/product_cat?post=5260"},{"taxonomy":"product_tag","embeddable":true,"href":"https:\/\/hsgascylinder-factory.com\/fr\/wp-json\/wp\/v2\/product_tag?post=5260"}],"curies":[{"name":"wp","href":"https:\/\/api.w.org\/{rel}","templated":true}]}}