{"id":5192,"date":"2025-04-22T01:59:32","date_gmt":"2025-04-22T01:59:32","guid":{"rendered":"https:\/\/darkslategray-hippopotamus-243231.hostingersite.com\/?post_type=product&#038;p=5192"},"modified":"2025-04-22T01:59:32","modified_gmt":"2025-04-22T01:59:32","slug":"high-purity-industrial-gases-specialty-stadard-mixture-gas","status":"publish","type":"product","link":"https:\/\/hsgascylinder-factory.com\/fr\/produit\/high-purity-industrial-gases-specialty-stadard-mixture-gas\/","title":{"rendered":"Gaz industriels de haute puret\u00e9 Gaz de m\u00e9lange standard sp\u00e9cialis\u00e9"},"content":{"rendered":"<p><iframe title=\"Lecteur vid\u00e9o YouTube\" src=\"https:\/\/www.youtube.com\/embed\/v--fN-s-KGQ?si=GjhNT4VfiK_oyD6l\" width=\"560\" height=\"315\" frameborder=\"0\" allowfullscreen=\"allowfullscreen\"><\/iframe><\/p>\n<p><img alt=\"\" fetchpriority=\"high\" decoding=\"async\" class=\"alignnone size-full wp-image-5205\" src=\"http:\/\/darkslategray-hippopotamus-243231.hostingersite.com\/wp-content\/uploads\/2025\/04\/hpign1.jpg\" width=\"800\" height=\"800\" srcset=\"https:\/\/hsgascylinder-factory.com\/wp-content\/uploads\/2025\/04\/hpign1.jpg 800w, https:\/\/hsgascylinder-factory.com\/wp-content\/uploads\/2025\/04\/hpign1-300x300.jpg 300w, https:\/\/hsgascylinder-factory.com\/wp-content\/uploads\/2025\/04\/hpign1-150x150.jpg 150w, https:\/\/hsgascylinder-factory.com\/wp-content\/uploads\/2025\/04\/hpign1-768x768.jpg 768w, https:\/\/hsgascylinder-factory.com\/wp-content\/uploads\/2025\/04\/hpign1-12x12.jpg 12w, https:\/\/hsgascylinder-factory.com\/wp-content\/uploads\/2025\/04\/hpign1-500x500.jpg 500w, https:\/\/hsgascylinder-factory.com\/wp-content\/uploads\/2025\/04\/hpign1-600x600.jpg 600w, https:\/\/hsgascylinder-factory.com\/wp-content\/uploads\/2025\/04\/hpign1-100x100.jpg 100w\" sizes=\"(max-width: 800px) 100vw, 800px\" \/><\/p>\n<p>On entend par gaz mixte un gaz contenant au moins deux composants efficaces, ou un gaz qui est un composant inactif mais dont la teneur d\u00e9passe les limites prescrites.<\/p>\n<p><strong>Conseils de s\u00e9curit\u00e9 pour le gaz :<\/strong><\/p>\n<p>1. Du point de vue de la s\u00e9curit\u00e9, la faisabilit\u00e9 du m\u00e9lange de gaz \u00e9talons doit \u00eatre \u00e9tudi\u00e9e avant la pr\u00e9paration du gaz \u00e9talons. En particulier, la limite d'explosivit\u00e9 de chaque gaz composant doit \u00eatre prise en compte. Lors de la pr\u00e9paration du gaz \u00e9talon compos\u00e9 de gaz combustible et d'hydrog\u00e8ne (ou d'oxyg\u00e8ne), il convient de veiller \u00e0 ce que la teneur en gaz composant ne d\u00e9passe pas la limite d'explosivit\u00e9. Dans le cas contraire, une explosion peut se produire au cours du processus de pr\u00e9paration.<\/p>\n<p>2. Avant de pr\u00e9parer le gaz \u00e9talon, il convient \u00e9galement de v\u00e9rifier si une r\u00e9action chimique (oxydation, corrosion, adsorption, etc.) se produit entre le gaz composant et le mat\u00e9riau utilis\u00e9 dans la bouteille et le robinet, afin de garantir la stabilit\u00e9 du gaz \u00e9talon. En fonction de la compatibilit\u00e9 du gaz composant et du mat\u00e9riau du contenant d'emballage, des bouteilles et des robinets de mat\u00e9riaux diff\u00e9rents sont s\u00e9lectionn\u00e9s pour stocker le gaz \u00e9talon.<\/p>\n<p>Shandong Hongsheng Pressure Vessel Co. est pr\u00eat \u00e0 devenir votre partenaire \u00e0 long terme et votre responsable de la s\u00e9curit\u00e9 des bouteilles, et \u00e0 assurer conjointement la s\u00e9curit\u00e9 de vos bouteilles.<\/p>\n<p><img alt=\"\" decoding=\"async\" class=\"alignnone size-full wp-image-5206\" src=\"http:\/\/darkslategray-hippopotamus-243231.hostingersite.com\/wp-content\/uploads\/2025\/04\/hpign2.jpg\" width=\"900\" height=\"600\" srcset=\"https:\/\/hsgascylinder-factory.com\/wp-content\/uploads\/2025\/04\/hpign2.jpg 900w, https:\/\/hsgascylinder-factory.com\/wp-content\/uploads\/2025\/04\/hpign2-300x200.jpg 300w, https:\/\/hsgascylinder-factory.com\/wp-content\/uploads\/2025\/04\/hpign2-768x512.jpg 768w, https:\/\/hsgascylinder-factory.com\/wp-content\/uploads\/2025\/04\/hpign2-18x12.jpg 18w, https:\/\/hsgascylinder-factory.com\/wp-content\/uploads\/2025\/04\/hpign2-600x400.jpg 600w\" sizes=\"(max-width: 900px) 100vw, 900px\" \/><\/p>\n<p>Les propri\u00e9t\u00e9s du m\u00e9lange de gaz d\u00e9pendent du type et de la composition des gaz constitutifs. La composition du m\u00e9lange de gaz peut \u00eatre exprim\u00e9e de trois mani\u00e8res.<\/p>\n<p>\u2460 Composition volum\u00e9trique : le rapport entre le volume des composants du gaz et le volume total du gaz m\u00e9lang\u00e9 est exprim\u00e9 par RI.<\/p>\n<p>Le volume partiel correspond au volume du gaz composant \u00e0 la temp\u00e9rature et \u00e0 la pression totale du m\u00e9lange.<\/p>\n<p>(2) Composition massique : le rapport entre la masse des gaz constitutifs et la masse totale du gaz m\u00e9lang\u00e9 est repr\u00e9sent\u00e9 par WI.<\/p>\n<p>\u2462 Composition molaire : une mole est l'unit\u00e9 quantitative d'une substance. Si le nombre d'unit\u00e9s de base (qui peuvent \u00eatre des atomes, des mol\u00e9cules, des ions, des \u00e9lectrons ou d'autres particules) contenues dans un syst\u00e8me est \u00e9gal \u00e0 0,012 kg d'atomes de carbone 12, la quantit\u00e9 de mati\u00e8re dans le syst\u00e8me est de 1 mole. Le rapport entre le nombre de moles des gaz constitutifs et le nombre total de moles du m\u00e9lange est x sub I.<\/p>\n<p><img alt=\"\" decoding=\"async\" class=\"alignnone size-full wp-image-5207\" src=\"http:\/\/darkslategray-hippopotamus-243231.hostingersite.com\/wp-content\/uploads\/2025\/04\/hpign3.jpg\" width=\"900\" height=\"600\" srcset=\"https:\/\/hsgascylinder-factory.com\/wp-content\/uploads\/2025\/04\/hpign3.jpg 900w, https:\/\/hsgascylinder-factory.com\/wp-content\/uploads\/2025\/04\/hpign3-300x200.jpg 300w, https:\/\/hsgascylinder-factory.com\/wp-content\/uploads\/2025\/04\/hpign3-768x512.jpg 768w, https:\/\/hsgascylinder-factory.com\/wp-content\/uploads\/2025\/04\/hpign3-18x12.jpg 18w, https:\/\/hsgascylinder-factory.com\/wp-content\/uploads\/2025\/04\/hpign3-600x400.jpg 600w\" sizes=\"(max-width: 900px) 100vw, 900px\" \/><\/p>\n<p>M\u00e9lange commun de gaz<\/p>\n<p>Air sec : m\u00e9lange de 21% d'oxyg\u00e8ne et de 79% d'azote.<\/p>\n<p>M\u00e9lange Co2 : 2,5% CO2 +27,5% azote +70% h\u00e9lium<\/p>\n<p>Gaz de m\u00e9lange du laser excimer : 0,103% gaz de m\u00e9lange fluor + argon + n\u00e9on + h\u00e9lium<\/p>\n<p>M\u00e9lange de soudage : m\u00e9lange 70% h\u00e9lium +30% argon<\/p>\n<p>M\u00e9lange de remplissage d'ampoules \u00e0 haut rendement et \u00e0 \u00e9conomie d'\u00e9nergie : m\u00e9lange 50% krypton +50% argon<\/p>\n<p>M\u00e9lange analg\u00e9sique pour l'accouchement : 50% m\u00e9lange de protoxyde d'azote +50% m\u00e9lange d'oxyg\u00e8ne<\/p>\n<p>M\u00e9lange pour l'analyse du sang : 5% de dioxyde de carbone +20% d'oxyg\u00e8ne +75% de m\u00e9lange d'azote<\/p>","protected":false},"excerpt":{"rendered":"<ul class=\"meta\">\n<li><label>Marque :<\/label>\u00a0HS<\/li>\n<li><label>Origine du produit :<\/label>\u00a0Fabriqu\u00e9 en Chine<\/li>\n<li><label>D\u00e9lai de livraison :<\/label>\u00a015 \u00e0 30 jours<\/li>\n<li><label>Capacit\u00e9 d'approvisionnement :<\/label>\u00a0Production annuelle de 300 000 m\u00e8tres cubes<\/li>\n<\/ul>\n<p class=\"desc\">M\u00e9lange de gaz industriels de haute puret\u00e9 et de gaz standards professionnels<br \/>\nInformations sur le produit :<br \/>\n1. M\u00e9lange de gaz : gaz contenant deux ou plus de deux types de composants efficaces ou, bien qu'il ne s'agisse pas de composants efficaces, dont la teneur d\u00e9passe les limites prescrites. Il s'agit d'un m\u00e9lange de gaz couramment utilis\u00e9 en ing\u00e9nierie. Les gaz m\u00e9lang\u00e9s sont g\u00e9n\u00e9ralement \u00e9tudi\u00e9s comme des gaz id\u00e9aux.<br \/>\n2, se r\u00e9f\u00e8re \u00e0 la concentration de gaz \u00e9talons uniformes, \u00e0 une bonne stabilit\u00e9 et \u00e0 la d\u00e9termination pr\u00e9cise de la valeur \u00e9talon, ils ont la r\u00e9p\u00e9tition, la sauvegarde et la fonction de base de la valeur, en physique, chimie, biologie et ing\u00e9nierie dans le domaine des instruments de mesure utilis\u00e9s pour l'\u00e9talonnage et le processus de mesure, la pr\u00e9cision de la m\u00e9thode d'\u00e9valuation de la capacit\u00e9 de d\u00e9tection du laboratoire de mesure et d'essai, la d\u00e9termination de la valeur caract\u00e9ristique du mat\u00e9riau ou du produit, la r\u00e9alisation d'un arbitrage quantitatif, etc.<br \/>\n3. Les gaz standard courants utilis\u00e9s sont les suivants : gaz standard pour les alarmes \u00e0 gaz, gaz standard pour l'\u00e9nergie \u00e9lectrique, gaz standard pour la p\u00e9trochimie, gaz standard pour la surveillance de la protection de l'environnement, gaz standard pour la m\u00e9decine et la sant\u00e9, gaz standard pour les instruments et les compteurs, etc.<br \/>\n4\u3001Aliases : Gaz industriels\uff0cHigh Purity Medical Gas, Industrial Gases, Stadard Gas, Specialty Gas, Mixture Gas<br \/>\n5, stockage : utiliser des cylindres en acier sans soudure ou des cylindres en aluminium sans soudure : 8 litres, 10 litres, 20 litres, 40 litres, 50 litres, etc.<\/p>","protected":false},"featured_media":5195,"template":"","meta":{"_seopress_robots_primary_cat":"","_seopress_titles_title":"","_seopress_titles_desc":"","_seopress_robots_index":"","_uag_custom_page_level_css":"","site-sidebar-layout":"default","site-content-layout":"","ast-site-content-layout":"default","site-content-style":"default","site-sidebar-style":"default","ast-global-header-display":"","ast-banner-title-visibility":"","ast-main-header-display":"","ast-hfb-above-header-display":"","ast-hfb-below-header-display":"","ast-hfb-mobile-header-display":"","site-post-title":"","ast-breadcrumbs-content":"","ast-featured-img":"","footer-sml-layout":"","ast-disable-related-posts":"","theme-transparent-header-meta":"default","adv-header-id-meta":"","stick-header-meta":"default","header-above-stick-meta":"","header-main-stick-meta":"","header-below-stick-meta":"","astra-migrate-meta-layouts":"set","ast-page-background-enabled":"default","ast-page-background-meta":{"desktop":{"background-color":"","background-image":"","background-repeat":"repeat","background-position":"center center","background-size":"auto","background-attachment":"scroll","background-type":"","background-media":"","overlay-type":"","overlay-color":"","overlay-opacity":"","overlay-gradient":""},"tablet":{"background-color":"","background-image":"","background-repeat":"repeat","background-position":"center center","background-size":"auto","background-attachment":"scroll","background-type":"","background-media":"","overlay-type":"","overlay-color":"","overlay-opacity":"","overlay-gradient":""},"mobile":{"background-color":"","background-image":"","background-repeat":"repeat","background-position":"center center","background-size":"auto","background-attachment":"scroll","background-type":"","background-media":"","overlay-type":"","overlay-color":"","overlay-opacity":"","overlay-gradient":""}},"ast-content-background-meta":{"desktop":{"background-color":"var(--ast-global-color-5)","background-image":"","background-repeat":"repeat","background-position":"center center","background-size":"auto","background-attachment":"scroll","background-type":"","background-media":"","overlay-type":"","overlay-color":"","overlay-opacity":"","overlay-gradient":""},"tablet":{"background-color":"var(--ast-global-color-5)","background-image":"","background-repeat":"repeat","background-position":"center center","background-size":"auto","background-attachment":"scroll","background-type":"","background-media":"","overlay-type":"","overlay-color":"","overlay-opacity":"","overlay-gradient":""},"mobile":{"background-color":"var(--ast-global-color-5)","background-image":"","background-repeat":"repeat","background-position":"center center","background-size":"auto","background-attachment":"scroll","background-type":"","background-media":"","overlay-type":"","overlay-color":"","overlay-opacity":"","overlay-gradient":""}}},"product_brand":[],"product_cat":[33],"product_tag":[],"class_list":{"0":"post-5192","1":"product","2":"type-product","3":"status-publish","4":"has-post-thumbnail","6":"product_cat-gas","7":"desktop-align-center","8":"tablet-align-left","9":"mobile-align-left","10":"ast-product-gallery-layout-horizontal-slider","11":"ast-product-tabs-layout-horizontal","13":"first","14":"instock","15":"shipping-taxable","16":"product-type-simple"},"uagb_featured_image_src":{"full":["https:\/\/hsgascylinder-factory.com\/wp-content\/uploads\/2025\/04\/hpig0.jpg",800,800,false],"thumbnail":["https:\/\/hsgascylinder-factory.com\/wp-content\/uploads\/2025\/04\/hpig0-150x150.jpg",150,150,true],"medium":["https:\/\/hsgascylinder-factory.com\/wp-content\/uploads\/2025\/04\/hpig0-300x300.jpg",300,300,true],"medium_large":["https:\/\/hsgascylinder-factory.com\/wp-content\/uploads\/2025\/04\/hpig0-768x768.jpg",768,768,true],"large":["https:\/\/hsgascylinder-factory.com\/wp-content\/uploads\/2025\/04\/hpig0.jpg",800,800,false],"1536x1536":["https:\/\/hsgascylinder-factory.com\/wp-content\/uploads\/2025\/04\/hpig0.jpg",800,800,false],"2048x2048":["https:\/\/hsgascylinder-factory.com\/wp-content\/uploads\/2025\/04\/hpig0.jpg",800,800,false],"trp-custom-language-flag":["https:\/\/hsgascylinder-factory.com\/wp-content\/uploads\/2025\/04\/hpig0-12x12.jpg",12,12,true],"woocommerce_thumbnail":["https:\/\/hsgascylinder-factory.com\/wp-content\/uploads\/2025\/04\/hpig0-500x500.jpg",500,500,true],"woocommerce_single":["https:\/\/hsgascylinder-factory.com\/wp-content\/uploads\/2025\/04\/hpig0-600x600.jpg",600,600,true],"woocommerce_gallery_thumbnail":["https:\/\/hsgascylinder-factory.com\/wp-content\/uploads\/2025\/04\/hpig0-100x100.jpg",100,100,true]},"uagb_author_info":{"display_name":"jinxing6611@gmail.com","author_link":"https:\/\/hsgascylinder-factory.com\/fr\/author\/"},"uagb_comment_info":0,"uagb_excerpt":"Brand:\u00a0HS Product origin:\u00a0Made in China Delivery time:\u00a015 to 30 days Supply capacity:\u00a0Annual output of 300,000 cubic meters High purity industrial gas professional standard gas mixture Product Information: 1, gas mixture, refers to the gas containing two or more than two kinds of effective components, or although it is not effective components but its content exceeds\u2026","_links":{"self":[{"href":"https:\/\/hsgascylinder-factory.com\/fr\/wp-json\/wp\/v2\/product\/5192","targetHints":{"allow":["GET"]}}],"collection":[{"href":"https:\/\/hsgascylinder-factory.com\/fr\/wp-json\/wp\/v2\/product"}],"about":[{"href":"https:\/\/hsgascylinder-factory.com\/fr\/wp-json\/wp\/v2\/types\/product"}],"wp:featuredmedia":[{"embeddable":true,"href":"https:\/\/hsgascylinder-factory.com\/fr\/wp-json\/wp\/v2\/media\/5195"}],"wp:attachment":[{"href":"https:\/\/hsgascylinder-factory.com\/fr\/wp-json\/wp\/v2\/media?parent=5192"}],"wp:term":[{"taxonomy":"product_brand","embeddable":true,"href":"https:\/\/hsgascylinder-factory.com\/fr\/wp-json\/wp\/v2\/product_brand?post=5192"},{"taxonomy":"product_cat","embeddable":true,"href":"https:\/\/hsgascylinder-factory.com\/fr\/wp-json\/wp\/v2\/product_cat?post=5192"},{"taxonomy":"product_tag","embeddable":true,"href":"https:\/\/hsgascylinder-factory.com\/fr\/wp-json\/wp\/v2\/product_tag?post=5192"}],"curies":[{"name":"wp","href":"https:\/\/api.w.org\/{rel}","templated":true}]}}