{"id":5136,"date":"2025-04-21T08:40:36","date_gmt":"2025-04-21T08:40:36","guid":{"rendered":"https:\/\/darkslategray-hippopotamus-243231.hostingersite.com\/?post_type=product&#038;p=5136"},"modified":"2025-04-21T08:40:36","modified_gmt":"2025-04-21T08:40:36","slug":"medical-oxygen-inhalator-apparatus-cylinder-flowmeter","status":"publish","type":"product","link":"https:\/\/hsgascylinder-factory.com\/fr\/produit\/medical-oxygen-inhalator-apparatus-cylinder-flowmeter\/","title":{"rendered":"D\u00e9bitm\u00e8tre de bouteille pour inhalateur d'oxyg\u00e8ne m\u00e9dical"},"content":{"rendered":"<p><iframe title=\"Lecteur vid\u00e9o YouTube\" src=\"https:\/\/www.youtube.com\/embed\/DrgoILtfkdI?si=FvLAC7HxcTzrCJdU\" width=\"560\" height=\"315\" frameborder=\"0\" allowfullscreen=\"allowfullscreen\"><\/iframe><\/p>\n<p>L'inhalateur d'oxyg\u00e8ne de type bou\u00e9e m\u00e9dicale est largement utilis\u00e9 dans les domaines de la m\u00e9decine et de la sant\u00e9, de la recherche scientifique et de la production. Il est reli\u00e9 \u00e0 des bouteilles d'oxyg\u00e8ne et doit \u00eatre charg\u00e9 d'eau distill\u00e9e pour humidifier l'oxyg\u00e8ne lors de son utilisation. Il existe deux interfaces couramment utilis\u00e9es, l'une \u00e0 l'int\u00e9rieur de G5\/8 et l'autre \u00e0 l'ext\u00e9rieur de G5\/8.<\/p>\n<p><img alt=\"\" fetchpriority=\"high\" decoding=\"async\" class=\"size-full wp-image-5148\" src=\"http:\/\/darkslategray-hippopotamus-243231.hostingersite.com\/wp-content\/uploads\/2025\/04\/medicaloxygen1.jpg\" width=\"781\" height=\"800\" srcset=\"https:\/\/hsgascylinder-factory.com\/wp-content\/uploads\/2025\/04\/medicaloxygen1.jpg 781w, https:\/\/hsgascylinder-factory.com\/wp-content\/uploads\/2025\/04\/medicaloxygen1-293x300.jpg 293w, https:\/\/hsgascylinder-factory.com\/wp-content\/uploads\/2025\/04\/medicaloxygen1-768x787.jpg 768w, https:\/\/hsgascylinder-factory.com\/wp-content\/uploads\/2025\/04\/medicaloxygen1-12x12.jpg 12w, https:\/\/hsgascylinder-factory.com\/wp-content\/uploads\/2025\/04\/medicaloxygen1-600x615.jpg 600w\" sizes=\"(max-width: 781px) 100vw, 781px\" \/><\/p>\n<p>M\u00e9thode de fonctionnement :<\/p>\n<p>1. Ajoutez de l'eau distill\u00e9e dans la coupelle d'humidification, le niveau d'eau dans le corps de la bouteille ne doit pas \u00eatre sup\u00e9rieur \u00e0 la ligne d'eau sup\u00e9rieure, mais ne doit pas \u00eatre inf\u00e9rieur \u00e0 la ligne d'eau inf\u00e9rieure. Il est interdit d'utiliser du s\u00e9rum physiologique \u00e0 la place.<br \/>\n2. Visser le gros \u00e9crou de l'inhalateur sur le joint de sortie du robinet de la bouteille d'oxyg\u00e8ne, de mani\u00e8re \u00e0 ce que le manom\u00e8tre et le d\u00e9bitm\u00e8tre soient \u00e0 la verticale.<br \/>\n3. Avant l'alimentation en oxyg\u00e8ne, ins\u00e9rez le tube d'aspiration d'oxyg\u00e8ne dans le raccord d'alimentation en oxyg\u00e8ne, puis tournez le commutateur de r\u00e9glage du d\u00e9bit dans le sens inverse des aiguilles d'une montre pour ouvrir l'origine, de sorte que la boule flottante monte lentement (la ligne d'\u00e9talonnage \u00e0 la surface de la boule flottante est la lecture du d\u00e9bit, l'unit\u00e9 est le l\/min), et r\u00e9glez l'alimentation en oxyg\u00e8ne en fonction des besoins.<br \/>\n4. Lors du processus d'alimentation en oxyg\u00e8ne de l'inhalateur, si l'eau contenue dans le corps de la bouteille de l'inhalateur est inf\u00e9rieure \u00e0 la ligne de flottaison, le commutateur de r\u00e9glage du d\u00e9bit doit \u00eatre ferm\u00e9 \u00e0 temps, le corps de la bouteille humide doit \u00eatre d\u00e9viss\u00e9, de l'eau distill\u00e9e doit \u00eatre ajout\u00e9e conform\u00e9ment aux exigences du premier paragraphe de ce point, et le corps de la bouteille de l'inhalateur doit \u00eatre viss\u00e9 pour poursuivre l'alimentation en oxyg\u00e8ne.<br \/>\n5. Lorsque l'inhalateur n'est pas utilis\u00e9, la source d'air de l'inhalateur doit \u00eatre \u00e9teinte ; s'il est n\u00e9cessaire de le retirer, tenez l'inhalateur \u00e0 la main et retirez-le (la m\u00e9thode de d\u00e9verrouillage des diff\u00e9rentes prises terminales d'oxyg\u00e8ne est expliqu\u00e9e par l'unit\u00e9 d'installation technique). Versez ensuite l'eau contenue dans le flacon pour le nettoyer et le d\u00e9sinfecter, et conservez-le dans une pi\u00e8ce non corrosive et bien ventil\u00e9e).<\/p>\n<p>&nbsp;<\/p>","protected":false},"excerpt":{"rendered":"<ul class=\"meta\">\n<li><label>Marque :<\/label>\u00a0HS<\/li>\n<li><label>Origine du produit :<\/label>\u00a0Fabriqu\u00e9 en Chine<\/li>\n<li><label>D\u00e9lai de livraison :<\/label>\u00a015 \u00e0 30 jours<\/li>\n<li><label>Capacit\u00e9 d'approvisionnement :<\/label>\u00a0Production annuelle de plus d'un million<\/li>\n<\/ul>\n<p class=\"desc\">Instrument d'inhalation d'oxyg\u00e8ne m\u00e9dical d\u00e9bitm\u00e8tre de bouteille de gaz<br \/>\nInformations sur le produit :<br \/>\n1, la pression d'entr\u00e9e g\u00e9n\u00e9rale de l'inhalateur d'oxyg\u00e8ne \u00e0 bou\u00e9e m\u00e9dicale est &lt; 150bar, la pression de sortie de l&#039;instrument 0,25bar.<br \/>\n2, plage de r\u00e9glage du d\u00e9bit : 1-10L\/min ; Filetage d'entr\u00e9e : G5\/8 \"ou G5\/8 externe avec dispositif de bouteille d'humidit\u00e9 ou goupille de positionnement TYPE CGA870 manom\u00e8tre de surpression<br \/>\n3\u3001Aliases : D\u00e9bitm\u00e8tre d'oxyg\u00e8ne\uff0cInhalateur\uff0cAppareil d'inhalation d'oxyg\u00e8ne \uff0cInhalateur d'oxyg\u00e8ne\uff0cCylindre d'oxyg\u00e8ne D\u00e9bitm\u00e8tre<br \/>\nShandong Hongsheng Pressure Vessel Co. est pr\u00eat \u00e0 devenir votre partenaire \u00e0 long terme et votre responsable de la s\u00e9curit\u00e9 des bouteilles, et \u00e0 assurer conjointement la s\u00e9curit\u00e9 de vos bouteilles.<\/p>","protected":false},"featured_media":5139,"template":"","meta":{"_seopress_robots_primary_cat":"","_seopress_titles_title":"","_seopress_titles_desc":"","_seopress_robots_index":"","_uag_custom_page_level_css":"","site-sidebar-layout":"default","site-content-layout":"","ast-site-content-layout":"default","site-content-style":"default","site-sidebar-style":"default","ast-global-header-display":"","ast-banner-title-visibility":"","ast-main-header-display":"","ast-hfb-above-header-display":"","ast-hfb-below-header-display":"","ast-hfb-mobile-header-display":"","site-post-title":"","ast-breadcrumbs-content":"","ast-featured-img":"","footer-sml-layout":"","ast-disable-related-posts":"","theme-transparent-header-meta":"default","adv-header-id-meta":"","stick-header-meta":"default","header-above-stick-meta":"","header-main-stick-meta":"","header-below-stick-meta":"","astra-migrate-meta-layouts":"set","ast-page-background-enabled":"default","ast-page-background-meta":{"desktop":{"background-color":"","background-image":"","background-repeat":"repeat","background-position":"center center","background-size":"auto","background-attachment":"scroll","background-type":"","background-media":"","overlay-type":"","overlay-color":"","overlay-opacity":"","overlay-gradient":""},"tablet":{"background-color":"","background-image":"","background-repeat":"repeat","background-position":"center center","background-size":"auto","background-attachment":"scroll","background-type":"","background-media":"","overlay-type":"","overlay-color":"","overlay-opacity":"","overlay-gradient":""},"mobile":{"background-color":"","background-image":"","background-repeat":"repeat","background-position":"center center","background-size":"auto","background-attachment":"scroll","background-type":"","background-media":"","overlay-type":"","overlay-color":"","overlay-opacity":"","overlay-gradient":""}},"ast-content-background-meta":{"desktop":{"background-color":"var(--ast-global-color-5)","background-image":"","background-repeat":"repeat","background-position":"center center","background-size":"auto","background-attachment":"scroll","background-type":"","background-media":"","overlay-type":"","overlay-color":"","overlay-opacity":"","overlay-gradient":""},"tablet":{"background-color":"var(--ast-global-color-5)","background-image":"","background-repeat":"repeat","background-position":"center center","background-size":"auto","background-attachment":"scroll","background-type":"","background-media":"","overlay-type":"","overlay-color":"","overlay-opacity":"","overlay-gradient":""},"mobile":{"background-color":"var(--ast-global-color-5)","background-image":"","background-repeat":"repeat","background-position":"center center","background-size":"auto","background-attachment":"scroll","background-type":"","background-media":"","overlay-type":"","overlay-color":"","overlay-opacity":"","overlay-gradient":""}}},"product_brand":[],"product_cat":[34],"product_tag":[],"class_list":{"0":"post-5136","1":"product","2":"type-product","3":"status-publish","4":"has-post-thumbnail","6":"product_cat-flowmeter","7":"desktop-align-center","8":"tablet-align-left","9":"mobile-align-left","10":"ast-product-gallery-layout-horizontal-slider","11":"ast-product-tabs-layout-horizontal","13":"first","14":"instock","15":"shipping-taxable","16":"product-type-simple"},"uagb_featured_image_src":{"full":["https:\/\/hsgascylinder-factory.com\/wp-content\/uploads\/2025\/04\/medicaloxyge0.jpg",800,800,false],"thumbnail":["https:\/\/hsgascylinder-factory.com\/wp-content\/uploads\/2025\/04\/medicaloxyge0-150x150.jpg",150,150,true],"medium":["https:\/\/hsgascylinder-factory.com\/wp-content\/uploads\/2025\/04\/medicaloxyge0-300x300.jpg",300,300,true],"medium_large":["https:\/\/hsgascylinder-factory.com\/wp-content\/uploads\/2025\/04\/medicaloxyge0-768x768.jpg",768,768,true],"large":["https:\/\/hsgascylinder-factory.com\/wp-content\/uploads\/2025\/04\/medicaloxyge0.jpg",800,800,false],"1536x1536":["https:\/\/hsgascylinder-factory.com\/wp-content\/uploads\/2025\/04\/medicaloxyge0.jpg",800,800,false],"2048x2048":["https:\/\/hsgascylinder-factory.com\/wp-content\/uploads\/2025\/04\/medicaloxyge0.jpg",800,800,false],"trp-custom-language-flag":["https:\/\/hsgascylinder-factory.com\/wp-content\/uploads\/2025\/04\/medicaloxyge0-12x12.jpg",12,12,true],"woocommerce_thumbnail":["https:\/\/hsgascylinder-factory.com\/wp-content\/uploads\/2025\/04\/medicaloxyge0-500x500.jpg",500,500,true],"woocommerce_single":["https:\/\/hsgascylinder-factory.com\/wp-content\/uploads\/2025\/04\/medicaloxyge0-600x600.jpg",600,600,true],"woocommerce_gallery_thumbnail":["https:\/\/hsgascylinder-factory.com\/wp-content\/uploads\/2025\/04\/medicaloxyge0-100x100.jpg",100,100,true]},"uagb_author_info":{"display_name":"jinxing6611@gmail.com","author_link":"https:\/\/hsgascylinder-factory.com\/fr\/author\/"},"uagb_comment_info":0,"uagb_excerpt":"Brand:\u00a0HS Product origin:\u00a0Made in China Delivery time:\u00a015 to 30 days Supply capacity:\u00a0Annual output of more than 1 million Medical oxygen inhaler instrument gas cylinder flow meter Product Information: 1, the general input pressure of medical buoy oxygen inhaler is &lt; 150bar, output pressure 0.25bar instrument. 2, flow adjustment range: 1-10L\/min; Inlet thread: G5\/8 \"or external\u2026","_links":{"self":[{"href":"https:\/\/hsgascylinder-factory.com\/fr\/wp-json\/wp\/v2\/product\/5136","targetHints":{"allow":["GET"]}}],"collection":[{"href":"https:\/\/hsgascylinder-factory.com\/fr\/wp-json\/wp\/v2\/product"}],"about":[{"href":"https:\/\/hsgascylinder-factory.com\/fr\/wp-json\/wp\/v2\/types\/product"}],"wp:featuredmedia":[{"embeddable":true,"href":"https:\/\/hsgascylinder-factory.com\/fr\/wp-json\/wp\/v2\/media\/5139"}],"wp:attachment":[{"href":"https:\/\/hsgascylinder-factory.com\/fr\/wp-json\/wp\/v2\/media?parent=5136"}],"wp:term":[{"taxonomy":"product_brand","embeddable":true,"href":"https:\/\/hsgascylinder-factory.com\/fr\/wp-json\/wp\/v2\/product_brand?post=5136"},{"taxonomy":"product_cat","embeddable":true,"href":"https:\/\/hsgascylinder-factory.com\/fr\/wp-json\/wp\/v2\/product_cat?post=5136"},{"taxonomy":"product_tag","embeddable":true,"href":"https:\/\/hsgascylinder-factory.com\/fr\/wp-json\/wp\/v2\/product_tag?post=5136"}],"curies":[{"name":"wp","href":"https:\/\/api.w.org\/{rel}","templated":true}]}}