{"id":5093,"date":"2025-04-21T08:29:10","date_gmt":"2025-04-21T08:29:10","guid":{"rendered":"https:\/\/darkslategray-hippopotamus-243231.hostingersite.com\/?post_type=product&#038;p=5093"},"modified":"2025-04-21T08:29:10","modified_gmt":"2025-04-21T08:29:10","slug":"cga870-flowmeter-cylinder-gauge-pressure-reducing-valve","status":"publish","type":"product","link":"https:\/\/hsgascylinder-factory.com\/fr\/produit\/cga870-flowmeter-cylinder-gauge-pressure-reducing-valve\/","title":{"rendered":"CGA870 Flowmeter Cylinder Gauge Pressure Reducing Valve (d\u00e9tendeur de pression)"},"content":{"rendered":"<p><iframe title=\"Lecteur vid\u00e9o YouTube\" src=\"https:\/\/www.youtube.com\/embed\/v--fN-s-KGQ?si=GFAM745Mikga2eqx\" width=\"560\" height=\"315\" frameborder=\"0\" allowfullscreen=\"allowfullscreen\"><\/iframe><\/p>\n<p>CGA870<\/p>\n<p>La sortie du r\u00e9gulateur \u00e0 bouton sera connect\u00e9e \u00e0 l'humidificateur ou \u00e0 l'adaptateur n\u00e9cessitant une connexion directe \u00e0 la douille. Corps en aluminium avec noyau en laiton. Applicable \u00e0 divers types de bouteilles d'oxyg\u00e8ne.<\/p>\n<p><strong>Param\u00e8tres :<\/strong><\/p>\n<p>1. R\u00e9gulateur d'oxyg\u00e8ne de type \u00e9crou et mamelon et de type arcade<\/p>\n<p>2. Corps en aluminium, noyau en cuivre<\/p>\n<p>3. Pression d'entr\u00e9e \u00e9lev\u00e9e 3000psi<\/p>\n<p>4. Compteur d'un diam\u00e8tre ext\u00e9rieur de 1,5 pouce<\/p>\n<p>5. Respecter les normes CGA<\/p>\n<p>6. Soupape de s\u00e9curit\u00e9 interne<\/p>\n<p>7. R\u00e9gulateur \u00e0 piston<\/p>\n<p>Dispositif d'admission d'air en bronze fritt\u00e9, dur\u00e9e de vie plus longue<\/p>\n<p>8. Fen\u00eatre de d\u00e9bit facile \u00e0 lire<\/p>\n<p>10.0-1 0-2 0-4 0-6 0-8 0-15 0-25 OF R\u00e9glages du trafic<\/p>\n<p><img alt=\"\" fetchpriority=\"high\" decoding=\"async\" class=\"alignnone size-full wp-image-5106\" src=\"http:\/\/darkslategray-hippopotamus-243231.hostingersite.com\/wp-content\/uploads\/2025\/04\/CGA870n1.jpg\" width=\"800\" height=\"800\" srcset=\"https:\/\/hsgascylinder-factory.com\/wp-content\/uploads\/2025\/04\/CGA870n1.jpg 800w, https:\/\/hsgascylinder-factory.com\/wp-content\/uploads\/2025\/04\/CGA870n1-300x300.jpg 300w, https:\/\/hsgascylinder-factory.com\/wp-content\/uploads\/2025\/04\/CGA870n1-150x150.jpg 150w, https:\/\/hsgascylinder-factory.com\/wp-content\/uploads\/2025\/04\/CGA870n1-768x768.jpg 768w, https:\/\/hsgascylinder-factory.com\/wp-content\/uploads\/2025\/04\/CGA870n1-12x12.jpg 12w, https:\/\/hsgascylinder-factory.com\/wp-content\/uploads\/2025\/04\/CGA870n1-500x500.jpg 500w, https:\/\/hsgascylinder-factory.com\/wp-content\/uploads\/2025\/04\/CGA870n1-600x600.jpg 600w, https:\/\/hsgascylinder-factory.com\/wp-content\/uploads\/2025\/04\/CGA870n1-100x100.jpg 100w\" sizes=\"(max-width: 800px) 100vw, 800px\" \/><\/p>\n<p><strong>Contr\u00f4le de d\u00e9bit Click-Style pour une plus grande facilit\u00e9 d'utilisation<\/strong><\/p>\n<p>- R\u00e9duit le risque de composer le s\u00e9lecteur de d\u00e9bit entre les r\u00e9glages du clic<\/p>\n<p>- Il est plus facile pour vos patients de composer et de s\u00e9curiser le d\u00e9bit d'oxyg\u00e8ne.<\/p>\n<p>- Corps compact et l\u00e9ger en aluminium pour faciliter la portabilit\u00e9<\/p>\n<p>- Insert haute pression en laiton pour assurer la s\u00e9curit\u00e9<\/p>\n<p>- Filtre fritt\u00e9 pour plus de s\u00e9curit\u00e9 et pour prolonger la dur\u00e9e de vie du r\u00e9gulateur<\/p>\n<p>- Jauge de 1-1\/2\" de diam\u00e8tre facile \u00e0 lire<\/p>\n<p>- Une vari\u00e9t\u00e9 de d\u00e9bits est disponible pour r\u00e9pondre \u00e0 un large \u00e9ventail de besoins des patients.<\/p>\n<p>- Con\u00e7u pour les soins \u00e0 domicile et les applications hospitali\u00e8res<\/p>\n<p>- Pression d'entr\u00e9e maximale de 3000 psi, pression de sortie de 50 psi.<\/p>\n<p>1. Utilisation de l'oxyg\u00e8ne m\u00e9dical<\/p>\n<p>2. Corps en aluminium avec chambre haute pression en laiton<\/p>\n<p>3.3000 psi pression d'entr\u00e9e maximale 50psi pression de sortie<\/p>\n<p>4.1-1\/2\" diam\u00e8tre de la jauge<\/p>\n<p>5. Conforme aux normes CGA<\/p>\n<p>6. Soupape de s\u00fbret\u00e9 interne<\/p>\n<p>7. Sortie de tuyau cannel\u00e9 ou DISS ou avec 2CV<\/p>\n<p>8. R\u00e9gulateur \u00e0 piston<\/p>\n<p>9. Filtre d'entr\u00e9e en bronze fritt\u00e9 pour une plus longue dur\u00e9e de vie<\/p>\n<p>10. Fen\u00eatre de d\u00e9bit facile \u00e0 lire<\/p>\n<p><img alt=\"\" decoding=\"async\" class=\"alignnone size-full wp-image-5107\" src=\"http:\/\/darkslategray-hippopotamus-243231.hostingersite.com\/wp-content\/uploads\/2025\/04\/CGA870n2.jpg\" width=\"800\" height=\"800\" srcset=\"https:\/\/hsgascylinder-factory.com\/wp-content\/uploads\/2025\/04\/CGA870n2.jpg 800w, https:\/\/hsgascylinder-factory.com\/wp-content\/uploads\/2025\/04\/CGA870n2-300x300.jpg 300w, https:\/\/hsgascylinder-factory.com\/wp-content\/uploads\/2025\/04\/CGA870n2-150x150.jpg 150w, https:\/\/hsgascylinder-factory.com\/wp-content\/uploads\/2025\/04\/CGA870n2-768x768.jpg 768w, https:\/\/hsgascylinder-factory.com\/wp-content\/uploads\/2025\/04\/CGA870n2-12x12.jpg 12w, https:\/\/hsgascylinder-factory.com\/wp-content\/uploads\/2025\/04\/CGA870n2-500x500.jpg 500w, https:\/\/hsgascylinder-factory.com\/wp-content\/uploads\/2025\/04\/CGA870n2-600x600.jpg 600w, https:\/\/hsgascylinder-factory.com\/wp-content\/uploads\/2025\/04\/CGA870n2-100x100.jpg 100w\" sizes=\"(max-width: 800px) 100vw, 800px\" \/><\/p>","protected":false},"excerpt":{"rendered":"<ul class=\"meta\">\n<li><label>Marque :<\/label>\u00a0HS<\/li>\n<li><label>Origine du produit :<\/label>\u00a0Fabriqu\u00e9 en Chine<\/li>\n<li><label>D\u00e9lai de livraison :<\/label>\u00a015 \u00e0 30 jours<\/li>\n<li><label>Capacit\u00e9 d'approvisionnement :<\/label>\u00a0Production annuelle de plus d'un million<\/li>\n<\/ul>\n<p class=\"desc\">CGA870 d\u00e9bitm\u00e8tre manom\u00e8tre cylindrique d\u00e9tendeur de pression<br \/>\nInformations sur le produit :<br \/>\n1, la pression d'entr\u00e9e g\u00e9n\u00e9rale du d\u00e9bitm\u00e8tre CGA870 est &lt; 150bar, la pression de sortie est de 0,25bar.<br \/>\n2. Plage de r\u00e9glage du d\u00e9bit du d\u00e9bitm\u00e8tre CGA870 : 1-10L\/min ; Filetage d'importation : goupille de positionnement TYPE CGA870 D\u00e9bitm\u00e8tre \u00e0 pression<br \/>\n3. Le d\u00e9bitm\u00e8tre CGA870 est principalement utilis\u00e9 dans la vanne CGA870 pour le syst\u00e8me d'alimentation en oxyg\u00e8ne des centres m\u00e9dicaux, ou la vanne de gaz hilarant, pour les unit\u00e9s m\u00e9dicales qui administrent de l'oxyg\u00e8ne et les patients hypoxiques pour l'inhalation d'oxyg\u00e8ne, les institutions de recherche scientifique, les dispositifs de contr\u00f4le du d\u00e9bit d'aspiration dans l'industrie et l'exploitation mini\u00e8re.<br \/>\n4, Alias:Manom\u00e8tre pour compresseur \u00e0 cylindre\uff0cR\u00e9ducteur de pression\uff0cTable de d\u00e9compression, Soupape de pression<br \/>\nShandong Hongsheng Pressure Vessel Co. est pr\u00eat \u00e0 devenir votre partenaire \u00e0 long terme et votre responsable de la s\u00e9curit\u00e9 des bouteilles, et \u00e0 assurer conjointement la s\u00e9curit\u00e9 de vos bouteilles.<\/p>","protected":false},"featured_media":5096,"template":"","meta":{"_seopress_robots_primary_cat":"","_seopress_titles_title":"","_seopress_titles_desc":"","_seopress_robots_index":"","_uag_custom_page_level_css":"","site-sidebar-layout":"default","site-content-layout":"","ast-site-content-layout":"default","site-content-style":"default","site-sidebar-style":"default","ast-global-header-display":"","ast-banner-title-visibility":"","ast-main-header-display":"","ast-hfb-above-header-display":"","ast-hfb-below-header-display":"","ast-hfb-mobile-header-display":"","site-post-title":"","ast-breadcrumbs-content":"","ast-featured-img":"","footer-sml-layout":"","ast-disable-related-posts":"","theme-transparent-header-meta":"default","adv-header-id-meta":"","stick-header-meta":"default","header-above-stick-meta":"","header-main-stick-meta":"","header-below-stick-meta":"","astra-migrate-meta-layouts":"set","ast-page-background-enabled":"default","ast-page-background-meta":{"desktop":{"background-color":"","background-image":"","background-repeat":"repeat","background-position":"center center","background-size":"auto","background-attachment":"scroll","background-type":"","background-media":"","overlay-type":"","overlay-color":"","overlay-opacity":"","overlay-gradient":""},"tablet":{"background-color":"","background-image":"","background-repeat":"repeat","background-position":"center center","background-size":"auto","background-attachment":"scroll","background-type":"","background-media":"","overlay-type":"","overlay-color":"","overlay-opacity":"","overlay-gradient":""},"mobile":{"background-color":"","background-image":"","background-repeat":"repeat","background-position":"center center","background-size":"auto","background-attachment":"scroll","background-type":"","background-media":"","overlay-type":"","overlay-color":"","overlay-opacity":"","overlay-gradient":""}},"ast-content-background-meta":{"desktop":{"background-color":"var(--ast-global-color-5)","background-image":"","background-repeat":"repeat","background-position":"center center","background-size":"auto","background-attachment":"scroll","background-type":"","background-media":"","overlay-type":"","overlay-color":"","overlay-opacity":"","overlay-gradient":""},"tablet":{"background-color":"var(--ast-global-color-5)","background-image":"","background-repeat":"repeat","background-position":"center center","background-size":"auto","background-attachment":"scroll","background-type":"","background-media":"","overlay-type":"","overlay-color":"","overlay-opacity":"","overlay-gradient":""},"mobile":{"background-color":"var(--ast-global-color-5)","background-image":"","background-repeat":"repeat","background-position":"center center","background-size":"auto","background-attachment":"scroll","background-type":"","background-media":"","overlay-type":"","overlay-color":"","overlay-opacity":"","overlay-gradient":""}}},"product_brand":[],"product_cat":[34],"product_tag":[],"class_list":{"0":"post-5093","1":"product","2":"type-product","3":"status-publish","4":"has-post-thumbnail","6":"product_cat-flowmeter","7":"desktop-align-center","8":"tablet-align-left","9":"mobile-align-left","10":"ast-product-gallery-layout-horizontal-slider","11":"ast-product-tabs-layout-horizontal","13":"first","14":"instock","15":"shipping-taxable","16":"product-type-simple"},"uagb_featured_image_src":{"full":["https:\/\/hsgascylinder-factory.com\/wp-content\/uploads\/2025\/04\/CGA8700.jpg",800,800,false],"thumbnail":["https:\/\/hsgascylinder-factory.com\/wp-content\/uploads\/2025\/04\/CGA8700-150x150.jpg",150,150,true],"medium":["https:\/\/hsgascylinder-factory.com\/wp-content\/uploads\/2025\/04\/CGA8700-300x300.jpg",300,300,true],"medium_large":["https:\/\/hsgascylinder-factory.com\/wp-content\/uploads\/2025\/04\/CGA8700-768x768.jpg",768,768,true],"large":["https:\/\/hsgascylinder-factory.com\/wp-content\/uploads\/2025\/04\/CGA8700.jpg",800,800,false],"1536x1536":["https:\/\/hsgascylinder-factory.com\/wp-content\/uploads\/2025\/04\/CGA8700.jpg",800,800,false],"2048x2048":["https:\/\/hsgascylinder-factory.com\/wp-content\/uploads\/2025\/04\/CGA8700.jpg",800,800,false],"trp-custom-language-flag":["https:\/\/hsgascylinder-factory.com\/wp-content\/uploads\/2025\/04\/CGA8700-12x12.jpg",12,12,true],"woocommerce_thumbnail":["https:\/\/hsgascylinder-factory.com\/wp-content\/uploads\/2025\/04\/CGA8700-500x500.jpg",500,500,true],"woocommerce_single":["https:\/\/hsgascylinder-factory.com\/wp-content\/uploads\/2025\/04\/CGA8700-600x600.jpg",600,600,true],"woocommerce_gallery_thumbnail":["https:\/\/hsgascylinder-factory.com\/wp-content\/uploads\/2025\/04\/CGA8700-100x100.jpg",100,100,true]},"uagb_author_info":{"display_name":"jinxing6611@gmail.com","author_link":"https:\/\/hsgascylinder-factory.com\/fr\/author\/"},"uagb_comment_info":0,"uagb_excerpt":"Brand:\u00a0HS Product origin:\u00a0Made in China Delivery time:\u00a015 to 30 days Supply capacity:\u00a0Annual output of more than 1 million CGA870 flowmeter cylinder pressure gauge pressure reducing valve Product Information: 1, the general input pressure of CGA870 flowmeter is &lt; 150bar, output pressure is 0.25bar. 2, CGA870 flowmeter flow adjustment range: 1-10L\/min; Import thread: locating pin TYPE\u2026","_links":{"self":[{"href":"https:\/\/hsgascylinder-factory.com\/fr\/wp-json\/wp\/v2\/product\/5093","targetHints":{"allow":["GET"]}}],"collection":[{"href":"https:\/\/hsgascylinder-factory.com\/fr\/wp-json\/wp\/v2\/product"}],"about":[{"href":"https:\/\/hsgascylinder-factory.com\/fr\/wp-json\/wp\/v2\/types\/product"}],"wp:featuredmedia":[{"embeddable":true,"href":"https:\/\/hsgascylinder-factory.com\/fr\/wp-json\/wp\/v2\/media\/5096"}],"wp:attachment":[{"href":"https:\/\/hsgascylinder-factory.com\/fr\/wp-json\/wp\/v2\/media?parent=5093"}],"wp:term":[{"taxonomy":"product_brand","embeddable":true,"href":"https:\/\/hsgascylinder-factory.com\/fr\/wp-json\/wp\/v2\/product_brand?post=5093"},{"taxonomy":"product_cat","embeddable":true,"href":"https:\/\/hsgascylinder-factory.com\/fr\/wp-json\/wp\/v2\/product_cat?post=5093"},{"taxonomy":"product_tag","embeddable":true,"href":"https:\/\/hsgascylinder-factory.com\/fr\/wp-json\/wp\/v2\/product_tag?post=5093"}],"curies":[{"name":"wp","href":"https:\/\/api.w.org\/{rel}","templated":true}]}}