{"id":4640,"date":"2025-04-08T03:45:27","date_gmt":"2025-04-08T03:45:27","guid":{"rendered":"https:\/\/darkslategray-hippopotamus-243231.hostingersite.com\/?post_type=product&#038;p=4640"},"modified":"2025-04-08T03:45:27","modified_gmt":"2025-04-08T03:45:27","slug":"iso-40l-certificate-large-portable-oxygen-and-acetylene-tanks-with-cga300-vavle","status":"publish","type":"product","link":"https:\/\/hsgascylinder-factory.com\/fr\/produit\/iso-40l-certificate-large-portable-oxygen-and-acetylene-tanks-with-cga300-vavle\/","title":{"rendered":"Certificat ISO 40L Grands r\u00e9servoirs portables d'oxyg\u00e8ne et d'ac\u00e9tyl\u00e8ne Avec CGA300 Vavle"},"content":{"rendered":"<p><iframe title=\"Lecteur vid\u00e9o YouTube\" src=\"https:\/\/www.youtube.com\/embed\/v--fN-s-KGQ?si=aHGVYAbjusI65W13\" width=\"560\" height=\"315\" frameborder=\"0\" allowfullscreen=\"allowfullscreen\"><\/iframe><\/p>\n<p><strong>Large Portable Oxygen And Acetylene Tanks With CGA300 Vavle<\/strong><\/p>\n<p><img alt=\"\" fetchpriority=\"high\" decoding=\"async\" class=\"alignnone size-full wp-image-4653\" src=\"http:\/\/darkslategray-hippopotamus-243231.hostingersite.com\/wp-content\/uploads\/2025\/04\/iso40Ln1.jpg\" width=\"900\" height=\"600\" srcset=\"https:\/\/hsgascylinder-factory.com\/wp-content\/uploads\/2025\/04\/iso40Ln1.jpg 900w, https:\/\/hsgascylinder-factory.com\/wp-content\/uploads\/2025\/04\/iso40Ln1-300x200.jpg 300w, https:\/\/hsgascylinder-factory.com\/wp-content\/uploads\/2025\/04\/iso40Ln1-768x512.jpg 768w, https:\/\/hsgascylinder-factory.com\/wp-content\/uploads\/2025\/04\/iso40Ln1-18x12.jpg 18w, https:\/\/hsgascylinder-factory.com\/wp-content\/uploads\/2025\/04\/iso40Ln1-600x400.jpg 600w\" sizes=\"(max-width: 900px) 100vw, 900px\" \/><\/p>\n<p><strong>Acetylene cylinder<\/strong><\/p>\n<p>Porous monolithic calcium silicate packing dissolved acetylene cylinder, widely used in cutting, welding, lighting, chemistry, analysis, military engineering and other industries, has the advantages of safety and reliability, energy saving, easy to use, reduce pollution and so on.<\/p>\n<p>Our products are welded with high quality low alloy steel plate and filled with porous calcium silicate filler in the cylinder.<\/p>\n<p>Unique product technology, quality control is strictly prohibited. It has the advantages of high porosity and large aeration.<\/p>\n<p><img alt=\"\" decoding=\"async\" class=\"alignnone size-full wp-image-4643\" src=\"http:\/\/darkslategray-hippopotamus-243231.hostingersite.com\/wp-content\/uploads\/2025\/04\/iso40L.jpg\" width=\"800\" height=\"800\" srcset=\"https:\/\/hsgascylinder-factory.com\/wp-content\/uploads\/2025\/04\/iso40L.jpg 800w, https:\/\/hsgascylinder-factory.com\/wp-content\/uploads\/2025\/04\/iso40L-300x300.jpg 300w, https:\/\/hsgascylinder-factory.com\/wp-content\/uploads\/2025\/04\/iso40L-150x150.jpg 150w, https:\/\/hsgascylinder-factory.com\/wp-content\/uploads\/2025\/04\/iso40L-768x768.jpg 768w, https:\/\/hsgascylinder-factory.com\/wp-content\/uploads\/2025\/04\/iso40L-12x12.jpg 12w, https:\/\/hsgascylinder-factory.com\/wp-content\/uploads\/2025\/04\/iso40L-500x500.jpg 500w, https:\/\/hsgascylinder-factory.com\/wp-content\/uploads\/2025\/04\/iso40L-600x600.jpg 600w, https:\/\/hsgascylinder-factory.com\/wp-content\/uploads\/2025\/04\/iso40L-100x100.jpg 100w\" sizes=\"(max-width: 800px) 100vw, 800px\" \/><\/p>\n<p>The dissolved acetylene cylinders manufactured by our company are of stable quality, economic safety and well received by the majority of users.<\/p>\n<p>Main technical indicators:<\/p>\n<p>1, packing porosity: 90-92%;<\/p>\n<p>2, packing compressive strength: \u2265 1.8mpa;<\/p>\n<p>3, fusible alloy operating temperature: 100\u00b15\u2103<\/p>\n<p>4, packing standard: GB11638-2011<\/p>\n<p>Why should oxygen and acetylene bottles be stored separately?<\/p>\n<p>L'ac\u00e9tyl\u00e8ne est inflammable et l'oxyg\u00e8ne est combustible. En cas de fuite d'ac\u00e9tyl\u00e8ne, l'ac\u00e9tyl\u00e8ne se m\u00e9lange \u00e0 l'air et explose violemment au contact d'une \u00e9tincelle ou d'une flamme nue. L'explosion d\u00e9truit la bouteille d'oxyg\u00e8ne et lib\u00e8re de l'oxyg\u00e8ne. Ainsi, la combustibilit\u00e9 de l'oxyg\u00e8ne rend l'explosion plus violente. Incontr\u00f4lable. Ils ne peuvent donc pas \u00eatre ensemble.<\/p>\n<p><strong>Oxygen Cylinder<\/strong><\/p>\n<p>Why can&#8217;t oxygen bottles, especially the mouth, be contaminated with or come into contact with grease?<\/p>\n<p>1. Because fats, especially unsaturated fats and acids, are easily vaporized and exothermically. Oil yarn head, oilcloth so spontaneous combustion is due to oxidation in the air, gather heat is not scattered, when the point of spontaneous combustion and cause spontaneous combustion.<\/p>\n<p>2, because pure oxygen has a strong oxidation, it can promote the violent combustion of combustible. Oil meets pure oxygen and its gasification speed is greatly accelerated. And it gives off a lot of heat. A rapid rise in temperature will soon cause combustion. If the mouth of the oxygen bottle is stained with oil, when the oxygen spews out rapidly, the oil rapidly oxidizes, and the heat generated by the friction between the high pressure airflow and the mouth of the bottle further accelerates the oxidation reaction, so the oil contaminated on the oxygen cylinder or pressure reducing valve will cause combustion or even explosion. This is why oxygen cylinders, especially their mouths and accessories in contact with oxygen, are strictly forbidden to contact with grease.<\/p>\n<p><img alt=\"\" decoding=\"async\" class=\"alignnone size-full wp-image-4654\" src=\"http:\/\/darkslategray-hippopotamus-243231.hostingersite.com\/wp-content\/uploads\/2025\/04\/iso40Ln3.jpg\" width=\"800\" height=\"800\" srcset=\"https:\/\/hsgascylinder-factory.com\/wp-content\/uploads\/2025\/04\/iso40Ln3.jpg 800w, https:\/\/hsgascylinder-factory.com\/wp-content\/uploads\/2025\/04\/iso40Ln3-300x300.jpg 300w, https:\/\/hsgascylinder-factory.com\/wp-content\/uploads\/2025\/04\/iso40Ln3-150x150.jpg 150w, https:\/\/hsgascylinder-factory.com\/wp-content\/uploads\/2025\/04\/iso40Ln3-768x768.jpg 768w, https:\/\/hsgascylinder-factory.com\/wp-content\/uploads\/2025\/04\/iso40Ln3-12x12.jpg 12w, https:\/\/hsgascylinder-factory.com\/wp-content\/uploads\/2025\/04\/iso40Ln3-500x500.jpg 500w, https:\/\/hsgascylinder-factory.com\/wp-content\/uploads\/2025\/04\/iso40Ln3-600x600.jpg 600w, https:\/\/hsgascylinder-factory.com\/wp-content\/uploads\/2025\/04\/iso40Ln3-100x100.jpg 100w\" sizes=\"(max-width: 800px) 100vw, 800px\" \/><\/p>\n<table>\n<tbody>\n<tr class=\"firstRow\">\n<td colspan=\"1\" rowspan=\"1\" align=\"center\" valign=\"middle\" >Nom commercial<\/td>\n<td align=\"center\" valign=\"middle\" >Type<\/td>\n<td align=\"center\" valign=\"middle\" >Diam\u00e8tre ext\u00e9rieur<\/p>\n<p>(mm)<\/td>\n<td align=\"center\" valign=\"middle\">Capacit\u00e9 en eau<\/p>\n<p>(L)<\/td>\n<td align=\"center\" valign=\"middle\">Pression de service<\/p>\n<p>\uff08Bar\uff09<\/td>\n<td align=\"center\" valign=\"middle\">\u00c9paisseur de paroi nominale<\/p>\n<p>\uff08mm\uff09<\/td>\n<td align=\"center\" valign=\"middle\" >Mati\u00e8res<\/p>\n<p>Notes<\/td>\n<\/tr>\n<tr>\n<td colspan=\"1\" rowspan=\"1\" align=\"center\" valign=\"middle\" ><a data-keyword=\"oxygen cylinder\">bouteille d'oxyg\u00e8ne<\/a><\/td>\n<td align=\"center\" valign=\"middle\">40.0L<\/td>\n<td align=\"center\" valign=\"middle\">219<\/td>\n<td align=\"center\" valign=\"middle\">40.0<\/td>\n<td align=\"center\" valign=\"middle\">150<\/td>\n<td align=\"center\" valign=\"middle\">5.7<\/td>\n<td align=\"center\" valign=\"middle\" >37MN<\/td>\n<\/tr>\n<tr>\n<td colspan=\"1\" rowspan=\"1\" align=\"center\" valign=\"middle\">bouteille d'ac\u00e9tyl\u00e8ne<\/td>\n<td colspan=\"1\" rowspan=\"1\" align=\"center\" valign=\"middle\">40.0L<\/td>\n<td colspan=\"1\" rowspan=\"1\" align=\"center\" valign=\"middle\">250<\/td>\n<td colspan=\"1\" rowspan=\"1\" align=\"center\" valign=\"middle\">40.0<\/td>\n<td colspan=\"1\" rowspan=\"1\" align=\"center\" valign=\"middle\">5.2Mpa<\/td>\n<td colspan=\"1\" rowspan=\"1\" align=\"center\" valign=\"middle\">3.3<\/td>\n<td colspan=\"1\" rowspan=\"1\" align=\"center\" valign=\"middle\">HP295<\/td>\n<\/tr>\n<\/tbody>\n<\/table>","protected":false},"excerpt":{"rendered":"<ul class=\"meta\">\n<li><label>Marque :<\/label>\u00a0HS<\/li>\n<li><label>Origine du produit :<\/label>\u00a0Fabriqu\u00e9 en Chine<\/li>\n<li><label>D\u00e9lai de livraison :<\/label>\u00a015 \u00e0 30 jours<\/li>\n<li><label>Capacit\u00e9 d'approvisionnement :<\/label>\u00a0Production annuelle de plus de 800 000 pi\u00e8ces<\/li>\n<\/ul>\n<p class=\"desc\">Large portable oxygen and acetylene tank with CGA300 valve<br \/>\nInformations sur le produit :<br \/>\n1, large portable oxygen tank and acetylene tank; GB11638 production standard; 40 litres; Outside diameter of 250mm cylinder; Oxygen cylinder cylinder hydrostatic test pressure is 250bar; Working pressure is 150bar; Filling Pressure of acetylene bottle: 1.56mpa; Fydraulic testing Pressure: 5.2mpa; LeakageTesting Pressure: 3.0 Mpar; HP295 material; Oxygen cylinder material: 37MN; Made-in-china<br \/>\n2. The minimum design wall thickness of acetylene cylinder is 3.3mm; Cylinder body weight: 39+1kgs; The height of cylinder is 1040mm(body of cylinder); Cylinder mouth thread: PZ39; And so on;<br \/>\n3, 40 litre oxygen cylinder, minimum design wall thickness: 5.7mm;<br \/>\n4\u3001Aliases:Acetylene gas bottles, Portable Acetylene tank, O2 and Acetylene tanks, CGA300 Acetylene vavle, Large Acetylene tank<br \/>\nConseils pour une utilisation s\u00fbre des bouteilles de gaz :<br \/>\nAcetylene bottles have packing and solvent (acetone), lying down when used, acetone is easy to flow out with acetylene, not only increase the consumption of acetone, but also reduce the combustion temperature and affect the use, at the same time will produce temper and cause acetylene bottle explosion accident;<br \/>\nShandong Hongsheng est pr\u00eat \u00e0 devenir votre partenaire \u00e0 long terme et votre responsable en chef de la s\u00e9curit\u00e9 des bouteilles, et \u00e0 assurer conjointement la s\u00e9curit\u00e9 de vos bouteilles.<\/p>","protected":false},"featured_media":4643,"template":"","meta":{"_seopress_robots_primary_cat":"","_seopress_titles_title":"","_seopress_titles_desc":"","_seopress_robots_index":"","_uag_custom_page_level_css":"","site-sidebar-layout":"default","site-content-layout":"","ast-site-content-layout":"default","site-content-style":"default","site-sidebar-style":"default","ast-global-header-display":"","ast-banner-title-visibility":"","ast-main-header-display":"","ast-hfb-above-header-display":"","ast-hfb-below-header-display":"","ast-hfb-mobile-header-display":"","site-post-title":"","ast-breadcrumbs-content":"","ast-featured-img":"","footer-sml-layout":"","ast-disable-related-posts":"","theme-transparent-header-meta":"default","adv-header-id-meta":"","stick-header-meta":"default","header-above-stick-meta":"","header-main-stick-meta":"","header-below-stick-meta":"","astra-migrate-meta-layouts":"set","ast-page-background-enabled":"default","ast-page-background-meta":{"desktop":{"background-color":"","background-image":"","background-repeat":"repeat","background-position":"center center","background-size":"auto","background-attachment":"scroll","background-type":"","background-media":"","overlay-type":"","overlay-color":"","overlay-opacity":"","overlay-gradient":""},"tablet":{"background-color":"","background-image":"","background-repeat":"repeat","background-position":"center center","background-size":"auto","background-attachment":"scroll","background-type":"","background-media":"","overlay-type":"","overlay-color":"","overlay-opacity":"","overlay-gradient":""},"mobile":{"background-color":"","background-image":"","background-repeat":"repeat","background-position":"center center","background-size":"auto","background-attachment":"scroll","background-type":"","background-media":"","overlay-type":"","overlay-color":"","overlay-opacity":"","overlay-gradient":""}},"ast-content-background-meta":{"desktop":{"background-color":"var(--ast-global-color-5)","background-image":"","background-repeat":"repeat","background-position":"center center","background-size":"auto","background-attachment":"scroll","background-type":"","background-media":"","overlay-type":"","overlay-color":"","overlay-opacity":"","overlay-gradient":""},"tablet":{"background-color":"var(--ast-global-color-5)","background-image":"","background-repeat":"repeat","background-position":"center center","background-size":"auto","background-attachment":"scroll","background-type":"","background-media":"","overlay-type":"","overlay-color":"","overlay-opacity":"","overlay-gradient":""},"mobile":{"background-color":"var(--ast-global-color-5)","background-image":"","background-repeat":"repeat","background-position":"center center","background-size":"auto","background-attachment":"scroll","background-type":"","background-media":"","overlay-type":"","overlay-color":"","overlay-opacity":"","overlay-gradient":""}}},"product_brand":[],"product_cat":[21],"product_tag":[],"class_list":{"0":"post-4640","1":"product","2":"type-product","3":"status-publish","4":"has-post-thumbnail","6":"product_cat-dissolved","7":"desktop-align-center","8":"tablet-align-left","9":"mobile-align-left","10":"ast-product-gallery-layout-horizontal-slider","11":"ast-product-tabs-layout-horizontal","13":"first","14":"instock","15":"shipping-taxable","16":"product-type-simple"},"uagb_featured_image_src":{"full":["https:\/\/hsgascylinder-factory.com\/wp-content\/uploads\/2025\/04\/iso40L.jpg",800,800,false],"thumbnail":["https:\/\/hsgascylinder-factory.com\/wp-content\/uploads\/2025\/04\/iso40L-150x150.jpg",150,150,true],"medium":["https:\/\/hsgascylinder-factory.com\/wp-content\/uploads\/2025\/04\/iso40L-300x300.jpg",300,300,true],"medium_large":["https:\/\/hsgascylinder-factory.com\/wp-content\/uploads\/2025\/04\/iso40L-768x768.jpg",768,768,true],"large":["https:\/\/hsgascylinder-factory.com\/wp-content\/uploads\/2025\/04\/iso40L.jpg",800,800,false],"1536x1536":["https:\/\/hsgascylinder-factory.com\/wp-content\/uploads\/2025\/04\/iso40L.jpg",800,800,false],"2048x2048":["https:\/\/hsgascylinder-factory.com\/wp-content\/uploads\/2025\/04\/iso40L.jpg",800,800,false],"trp-custom-language-flag":["https:\/\/hsgascylinder-factory.com\/wp-content\/uploads\/2025\/04\/iso40L-12x12.jpg",12,12,true],"woocommerce_thumbnail":["https:\/\/hsgascylinder-factory.com\/wp-content\/uploads\/2025\/04\/iso40L-500x500.jpg",500,500,true],"woocommerce_single":["https:\/\/hsgascylinder-factory.com\/wp-content\/uploads\/2025\/04\/iso40L-600x600.jpg",600,600,true],"woocommerce_gallery_thumbnail":["https:\/\/hsgascylinder-factory.com\/wp-content\/uploads\/2025\/04\/iso40L-100x100.jpg",100,100,true]},"uagb_author_info":{"display_name":"jinxing6611@gmail.com","author_link":"https:\/\/hsgascylinder-factory.com\/fr\/author\/"},"uagb_comment_info":0,"uagb_excerpt":"Brand:\u00a0HS Product origin:\u00a0Made in China Delivery time:\u00a015 to 30 days Supply capacity:\u00a0Annual output of more than 800,000 pieces Large portable oxygen and acetylene tank with CGA300 valve Product Information: 1, large portable oxygen tank and acetylene tank; GB11638 production standard; 40 litres; Outside diameter of 250mm cylinder; Oxygen cylinder cylinder hydrostatic test pressure is 250bar;\u2026","_links":{"self":[{"href":"https:\/\/hsgascylinder-factory.com\/fr\/wp-json\/wp\/v2\/product\/4640","targetHints":{"allow":["GET"]}}],"collection":[{"href":"https:\/\/hsgascylinder-factory.com\/fr\/wp-json\/wp\/v2\/product"}],"about":[{"href":"https:\/\/hsgascylinder-factory.com\/fr\/wp-json\/wp\/v2\/types\/product"}],"wp:featuredmedia":[{"embeddable":true,"href":"https:\/\/hsgascylinder-factory.com\/fr\/wp-json\/wp\/v2\/media\/4643"}],"wp:attachment":[{"href":"https:\/\/hsgascylinder-factory.com\/fr\/wp-json\/wp\/v2\/media?parent=4640"}],"wp:term":[{"taxonomy":"product_brand","embeddable":true,"href":"https:\/\/hsgascylinder-factory.com\/fr\/wp-json\/wp\/v2\/product_brand?post=4640"},{"taxonomy":"product_cat","embeddable":true,"href":"https:\/\/hsgascylinder-factory.com\/fr\/wp-json\/wp\/v2\/product_cat?post=4640"},{"taxonomy":"product_tag","embeddable":true,"href":"https:\/\/hsgascylinder-factory.com\/fr\/wp-json\/wp\/v2\/product_tag?post=4640"}],"curies":[{"name":"wp","href":"https:\/\/api.w.org\/{rel}","templated":true}]}}