{"id":4591,"date":"2025-04-08T02:59:43","date_gmt":"2025-04-08T02:59:43","guid":{"rendered":"https:\/\/darkslategray-hippopotamus-243231.hostingersite.com\/?post_type=product&#038;p=4591"},"modified":"2025-04-08T02:59:43","modified_gmt":"2025-04-08T02:59:43","slug":"10-litre-small-seamless-steel-acetylene-cylinders-gas-tanks","status":"publish","type":"product","link":"https:\/\/hsgascylinder-factory.com\/fr\/produit\/10-litre-small-seamless-steel-acetylene-cylinders-gas-tanks\/","title":{"rendered":"10 litres Petites bouteilles d'ac\u00e9tyl\u00e8ne en acier sans soudure R\u00e9servoirs de gaz"},"content":{"rendered":"<p><iframe title=\"Lecteur vid\u00e9o YouTube\" src=\"https:\/\/www.youtube.com\/embed\/v--fN-s-KGQ?si=MwdpqpvTzogmGn5d\" width=\"560\" height=\"315\" frameborder=\"0\" allowfullscreen=\"allowfullscreen\"><\/iframe><\/p>\n<p><img alt=\"\" fetchpriority=\"high\" decoding=\"async\" class=\"alignnone size-full wp-image-4604\" src=\"http:\/\/darkslategray-hippopotamus-243231.hostingersite.com\/wp-content\/uploads\/2025\/04\/10lssn1.jpg\" width=\"900\" height=\"600\" srcset=\"https:\/\/hsgascylinder-factory.com\/wp-content\/uploads\/2025\/04\/10lssn1.jpg 900w, https:\/\/hsgascylinder-factory.com\/wp-content\/uploads\/2025\/04\/10lssn1-300x200.jpg 300w, https:\/\/hsgascylinder-factory.com\/wp-content\/uploads\/2025\/04\/10lssn1-768x512.jpg 768w, https:\/\/hsgascylinder-factory.com\/wp-content\/uploads\/2025\/04\/10lssn1-18x12.jpg 18w, https:\/\/hsgascylinder-factory.com\/wp-content\/uploads\/2025\/04\/10lssn1-600x400.jpg 600w\" sizes=\"(max-width: 900px) 100vw, 900px\" \/><\/p>\n<p>Pourquoi les bouteilles d'ac\u00e9tyl\u00e8ne doivent-elles \u00eatre stock\u00e9es et utilis\u00e9es en position verticale plut\u00f4t que couch\u00e9e ? Il y a quatre raisons \u00e0 cela :<\/p>\n<p>1, bouteilles d'ac\u00e9tyl\u00e8ne avec emballage et solvant (ac\u00e9tone), couch\u00e9 lors de l'utilisation, l'ac\u00e9tone s'\u00e9coule facilement avec l'ac\u00e9tyl\u00e8ne, ce qui non seulement augmente la consommation d'ac\u00e9tone, mais r\u00e9duit \u00e9galement la temp\u00e9rature de combustion et affecte l'utilisation, tout en produisant un temp\u00e9rament et en provoquant un accident d'explosion de la bouteille d'ac\u00e9tyl\u00e8ne ;<\/p>\n<p>2, la bouteille d'ac\u00e9tyl\u00e8ne est couch\u00e9e, facile \u00e0 rouler, les bouteilles et les bouteilles, les bouteilles et d'autres objets sont faciles \u00e0 heurter, la formation d'\u00e9nergie d'excitation, ce qui entra\u00eene l'apparition d'un accident de bouteille d'ac\u00e9tyl\u00e8ne ;<\/p>\n<p>3. La grande bouteille d'ac\u00e9tyl\u00e8ne est munie d'un tablier antichoc, dont le but est d'\u00e9viter les collisions lors du chargement et du d\u00e9chargement, du transport et de l'utilisation. L'anneau en caoutchouc est un mat\u00e9riau isolant, qui correspond \u00e0 la bouteille d'ac\u00e9tyl\u00e8ne sur l'isolateur \u00e9lectrique, ce qui fait que l'\u00e9lectricit\u00e9 statique g\u00e9n\u00e9r\u00e9e sur la bouteille ne peut pas se propager \u00e0 la terre, mais s'accumule sur le corps de la bouteille, ce qui produit facilement des \u00e9tincelles \u00e9lectrostatiques, lorsque le gaz d'ac\u00e9tyl\u00e8ne fuit, ce qui peut provoquer des accidents de combustion et d'explosion.<img alt=\"\" decoding=\"async\" class=\"alignnone size-full wp-image-4605\" src=\"http:\/\/darkslategray-hippopotamus-243231.hostingersite.com\/wp-content\/uploads\/2025\/04\/10lssn2.jpg\" width=\"900\" height=\"600\" srcset=\"https:\/\/hsgascylinder-factory.com\/wp-content\/uploads\/2025\/04\/10lssn2.jpg 900w, https:\/\/hsgascylinder-factory.com\/wp-content\/uploads\/2025\/04\/10lssn2-300x200.jpg 300w, https:\/\/hsgascylinder-factory.com\/wp-content\/uploads\/2025\/04\/10lssn2-768x512.jpg 768w, https:\/\/hsgascylinder-factory.com\/wp-content\/uploads\/2025\/04\/10lssn2-18x12.jpg 18w, https:\/\/hsgascylinder-factory.com\/wp-content\/uploads\/2025\/04\/10lssn2-600x400.jpg 600w\" sizes=\"(max-width: 900px) 100vw, 900px\" \/><\/p>\n<p>4. L'utilisation d'un robinet de bouteille d'ac\u00e9tyl\u00e8ne est \u00e9quip\u00e9e d'un r\u00e9ducteur de pression, d'un arr\u00eate-flammes et d'un tuyau en caoutchouc. En raison de la position couch\u00e9e, le tuyau roule facilement et endommage facilement le r\u00e9ducteur de pression, l'arr\u00eate-flammes ou le tube de d\u00e9gla\u00e7age, ce qui entra\u00eene une fuite de gaz d'ac\u00e9tyl\u00e8ne et une explosion par combustion.<\/p>\n<p>En r\u00e9sum\u00e9, les bouteilles d'ac\u00e9tyl\u00e8ne doivent \u00eatre plac\u00e9es en position verticale.<\/p>\n<p><img alt=\"\" decoding=\"async\" class=\"alignnone size-full wp-image-4606\" src=\"http:\/\/darkslategray-hippopotamus-243231.hostingersite.com\/wp-content\/uploads\/2025\/04\/10lssn3.jpg\" width=\"900\" height=\"600\" srcset=\"https:\/\/hsgascylinder-factory.com\/wp-content\/uploads\/2025\/04\/10lssn3.jpg 900w, https:\/\/hsgascylinder-factory.com\/wp-content\/uploads\/2025\/04\/10lssn3-300x200.jpg 300w, https:\/\/hsgascylinder-factory.com\/wp-content\/uploads\/2025\/04\/10lssn3-768x512.jpg 768w, https:\/\/hsgascylinder-factory.com\/wp-content\/uploads\/2025\/04\/10lssn3-18x12.jpg 18w, https:\/\/hsgascylinder-factory.com\/wp-content\/uploads\/2025\/04\/10lssn3-600x400.jpg 600w\" sizes=\"(max-width: 900px) 100vw, 900px\" \/><\/p>\n<p><strong>10 litres Petites bouteilles d'ac\u00e9tyl\u00e8ne en acier sans soudure R\u00e9servoirs de gaz<\/strong><\/p>\n<div>\n<table>\n<tbody>\n<tr class=\"firstRow\">\n<td align=\"center\" valign=\"middle\">Type<\/td>\n<td align=\"center\" valign=\"middle\">A l'ext\u00e9rieur<\/p>\n<p>Diam\u00e8tre<\/p>\n<p>(mm)<\/td>\n<td align=\"center\" valign=\"middle\">L'eau<\/p>\n<p>Capacit\u00e9<\/p>\n<p>(L)<\/td>\n<td align=\"center\" valign=\"middle\">Bouteille<\/p>\n<p>Hauteur<\/p>\n<p>(mm)<\/td>\n<td align=\"center\" valign=\"middle\">Poids<\/p>\n<p>\uff08kg\uff09<\/td>\n<td align=\"center\" valign=\"middle\">Travailler<\/p>\n<p>pression<\/p>\n<p>\uff08Bar\uff09<\/td>\n<td align=\"center\" valign=\"middle\">Mur de conception<\/p>\n<p>l'\u00e9paisseur<\/p>\n<p>\uff08mm\uff09<\/td>\n<td align=\"center\" valign=\"middle\">Mat\u00e9riau<\/p>\n<p>Notes<\/td>\n<\/tr>\n<tr>\n<td align=\"center\" valign=\"middle\">WMA\u2161140-10.0L-150<\/td>\n<td align=\"center\" valign=\"middle\">140<\/td>\n<td align=\"center\" valign=\"middle\">10.0<\/td>\n<td align=\"center\" valign=\"middle\">818<\/td>\n<td align=\"center\" valign=\"middle\">11.9<\/td>\n<td align=\"center\" valign=\"middle\">150<\/td>\n<td align=\"center\" valign=\"middle\">3.9<\/td>\n<td align=\"center\" valign=\"middle\">37MN<\/td>\n<\/tr>\n<tr>\n<td colspan=\"1\" rowspan=\"1\" align=\"center\" valign=\"middle\">WMA\u2161152-10.0L-150<\/td>\n<td colspan=\"1\" rowspan=\"1\" align=\"center\" valign=\"middle\">152<\/td>\n<td colspan=\"1\" rowspan=\"1\" align=\"center\" valign=\"middle\">10.0<\/td>\n<td colspan=\"1\" rowspan=\"1\" align=\"center\" valign=\"middle\">696<\/td>\n<td colspan=\"1\" rowspan=\"1\" align=\"center\" valign=\"middle\">11.2<\/td>\n<td colspan=\"1\" rowspan=\"1\" align=\"center\" valign=\"middle\">150<\/td>\n<td colspan=\"1\" rowspan=\"1\" align=\"center\" valign=\"middle\">3.7<\/td>\n<td colspan=\"1\" rowspan=\"1\" align=\"center\" valign=\"middle\">37MN<\/td>\n<\/tr>\n<tr>\n<td colspan=\"1\" rowspan=\"1\" align=\"center\" valign=\"middle\">WM\u2161159-10.0L-150<\/td>\n<td colspan=\"1\" rowspan=\"1\" align=\"center\" valign=\"middle\">159<\/td>\n<td colspan=\"1\" rowspan=\"1\" align=\"center\" valign=\"middle\">10.0<\/td>\n<td colspan=\"1\" rowspan=\"1\" align=\"center\" valign=\"middle\">660<\/td>\n<td colspan=\"1\" rowspan=\"1\" align=\"center\" valign=\"middle\">10.9<\/td>\n<td colspan=\"1\" rowspan=\"1\" align=\"center\" valign=\"middle\">150<\/td>\n<td colspan=\"1\" rowspan=\"1\" align=\"center\" valign=\"middle\">3.9<\/td>\n<td colspan=\"1\" rowspan=\"1\" align=\"center\" valign=\"middle\">37MN<\/td>\n<\/tr>\n<tr>\n<td align=\"center\" valign=\"middle\">WM\u2161180-10.0L-150<\/td>\n<td align=\"center\" valign=\"middle\">180<\/td>\n<td align=\"center\" valign=\"middle\">10.0<\/td>\n<td align=\"center\" valign=\"middle\">571<\/td>\n<td align=\"center\" valign=\"middle\">15.4<\/td>\n<td align=\"center\" valign=\"middle\">150<\/td>\n<td align=\"center\" valign=\"middle\">4.4<\/td>\n<td align=\"center\" valign=\"middle\">37MN<\/td>\n<\/tr>\n<\/tbody>\n<\/table>\n<\/div>","protected":false},"excerpt":{"rendered":"<ul class=\"meta\">\n<li><label>Marque :<\/label>\u00a0HS<\/li>\n<li><label>Origine du produit :<\/label>\u00a0Fabriqu\u00e9 en Chine<\/li>\n<li><label>D\u00e9lai de livraison :<\/label>\u00a015 \u00e0 30 jours<\/li>\n<li><label>Capacit\u00e9 d'approvisionnement :<\/label>\u00a0Production annuelle de plus de 800 000 pi\u00e8ces<\/li>\n<\/ul>\n<p class=\"desc\">Petit r\u00e9servoir d'ac\u00e9tyl\u00e8ne de 10 litres \u00e0 bouteille sans soudure<br \/>\nInformations sur le produit :<br \/>\n1, petite bouteille d'ac\u00e9tyl\u00e8ne de 10 litres ; 37 mn d'acier au mangan\u00e8se ; norme de production des bouteilles de gaz GB\/T5099.3 ou ISO9809-3 ; le diam\u00e8tre ext\u00e9rieur de la bouteille est de 140 mm ou 152 mm ou 159 mm ; la pression de test hydrostatique de la petite bouteille d'ac\u00e9tyl\u00e8ne est de 250 bars ; la pression de travail est de 150 bars ;<br \/>\n2, hauteur de la petite bouteille d'ac\u00e9tyl\u00e8ne 818mm ou 700mm ou 660mm ; poids du corps de la petite bouteille d'ac\u00e9tyl\u00e8ne 11.9kg ou 11.2kg ou 10.9kg ; filetage de la petite bouteille d'ac\u00e9tyl\u00e8ne PZ27.8,PZ39 ; 25 e et ainsi de suite ; l'\u00e9paisseur minimale de la paroi de la petite bouteille d'ac\u00e9tyl\u00e8ne est de 3.8mm-4.3mm ;<br \/>\n3. Alias : Bouteille d'ac\u00e9tyl\u00e8ne, Bouteille d'ac\u00e9tyl\u00e8ne en acier sans soudure, Bouteille d'ac\u00e9tyl\u00e8ne de 10 litres, Petit r\u00e9servoir d'ac\u00e9tyl\u00e8ne, Bouteille d'ac\u00e9tyl\u00e8ne gazeux<br \/>\nConseils pour une utilisation s\u00fbre des bouteilles de gaz :<br \/>\nLa sortie du d\u00e9tendeur de la bouteille d'ac\u00e9tyl\u00e8ne et le tuyau d'ac\u00e9tyl\u00e8ne, l'application d'un lien sp\u00e9cial \u00e9tanche, ne doivent pas fuir. Les autres parties de la fuite d'air doivent \u00eatre trait\u00e9es. La bouteille d'ac\u00e9tyl\u00e8ne doit \u00eatre \u00e9quip\u00e9e d'un d\u00e9tendeur sp\u00e9cial, d'un dispositif de pr\u00e9vention des fuites, d'un dispositif d'ouverture, l'op\u00e9rateur doit se tenir sur le c\u00f4t\u00e9 et \u00e0 l'arri\u00e8re de l'embouchure de la valve, l'action doit \u00eatre douce.<br \/>\nShandong Hongsheng Pressure Vessel Co. est pr\u00eat \u00e0 devenir votre partenaire \u00e0 long terme et votre responsable de la s\u00e9curit\u00e9 des bouteilles, et \u00e0 assurer conjointement la s\u00e9curit\u00e9 de vos bouteilles.<\/p>","protected":false},"featured_media":4594,"template":"","meta":{"_seopress_robots_primary_cat":"","_seopress_titles_title":"","_seopress_titles_desc":"","_seopress_robots_index":"","_uag_custom_page_level_css":"","site-sidebar-layout":"default","site-content-layout":"","ast-site-content-layout":"default","site-content-style":"default","site-sidebar-style":"default","ast-global-header-display":"","ast-banner-title-visibility":"","ast-main-header-display":"","ast-hfb-above-header-display":"","ast-hfb-below-header-display":"","ast-hfb-mobile-header-display":"","site-post-title":"","ast-breadcrumbs-content":"","ast-featured-img":"","footer-sml-layout":"","ast-disable-related-posts":"","theme-transparent-header-meta":"default","adv-header-id-meta":"","stick-header-meta":"default","header-above-stick-meta":"","header-main-stick-meta":"","header-below-stick-meta":"","astra-migrate-meta-layouts":"set","ast-page-background-enabled":"default","ast-page-background-meta":{"desktop":{"background-color":"","background-image":"","background-repeat":"repeat","background-position":"center center","background-size":"auto","background-attachment":"scroll","background-type":"","background-media":"","overlay-type":"","overlay-color":"","overlay-opacity":"","overlay-gradient":""},"tablet":{"background-color":"","background-image":"","background-repeat":"repeat","background-position":"center center","background-size":"auto","background-attachment":"scroll","background-type":"","background-media":"","overlay-type":"","overlay-color":"","overlay-opacity":"","overlay-gradient":""},"mobile":{"background-color":"","background-image":"","background-repeat":"repeat","background-position":"center center","background-size":"auto","background-attachment":"scroll","background-type":"","background-media":"","overlay-type":"","overlay-color":"","overlay-opacity":"","overlay-gradient":""}},"ast-content-background-meta":{"desktop":{"background-color":"var(--ast-global-color-5)","background-image":"","background-repeat":"repeat","background-position":"center center","background-size":"auto","background-attachment":"scroll","background-type":"","background-media":"","overlay-type":"","overlay-color":"","overlay-opacity":"","overlay-gradient":""},"tablet":{"background-color":"var(--ast-global-color-5)","background-image":"","background-repeat":"repeat","background-position":"center center","background-size":"auto","background-attachment":"scroll","background-type":"","background-media":"","overlay-type":"","overlay-color":"","overlay-opacity":"","overlay-gradient":""},"mobile":{"background-color":"var(--ast-global-color-5)","background-image":"","background-repeat":"repeat","background-position":"center center","background-size":"auto","background-attachment":"scroll","background-type":"","background-media":"","overlay-type":"","overlay-color":"","overlay-opacity":"","overlay-gradient":""}}},"product_brand":[],"product_cat":[21],"product_tag":[],"class_list":{"0":"post-4591","1":"product","2":"type-product","3":"status-publish","4":"has-post-thumbnail","6":"product_cat-dissolved","7":"desktop-align-center","8":"tablet-align-left","9":"mobile-align-left","10":"ast-product-gallery-layout-horizontal-slider","11":"ast-product-tabs-layout-horizontal","13":"first","14":"instock","15":"shipping-taxable","16":"product-type-simple"},"uagb_featured_image_src":{"full":["https:\/\/hsgascylinder-factory.com\/wp-content\/uploads\/2025\/04\/10lss.jpg",800,800,false],"thumbnail":["https:\/\/hsgascylinder-factory.com\/wp-content\/uploads\/2025\/04\/10lss-150x150.jpg",150,150,true],"medium":["https:\/\/hsgascylinder-factory.com\/wp-content\/uploads\/2025\/04\/10lss-300x300.jpg",300,300,true],"medium_large":["https:\/\/hsgascylinder-factory.com\/wp-content\/uploads\/2025\/04\/10lss-768x768.jpg",768,768,true],"large":["https:\/\/hsgascylinder-factory.com\/wp-content\/uploads\/2025\/04\/10lss.jpg",800,800,false],"1536x1536":["https:\/\/hsgascylinder-factory.com\/wp-content\/uploads\/2025\/04\/10lss.jpg",800,800,false],"2048x2048":["https:\/\/hsgascylinder-factory.com\/wp-content\/uploads\/2025\/04\/10lss.jpg",800,800,false],"trp-custom-language-flag":["https:\/\/hsgascylinder-factory.com\/wp-content\/uploads\/2025\/04\/10lss-12x12.jpg",12,12,true],"woocommerce_thumbnail":["https:\/\/hsgascylinder-factory.com\/wp-content\/uploads\/2025\/04\/10lss-500x500.jpg",500,500,true],"woocommerce_single":["https:\/\/hsgascylinder-factory.com\/wp-content\/uploads\/2025\/04\/10lss-600x600.jpg",600,600,true],"woocommerce_gallery_thumbnail":["https:\/\/hsgascylinder-factory.com\/wp-content\/uploads\/2025\/04\/10lss-100x100.jpg",100,100,true]},"uagb_author_info":{"display_name":"jinxing6611@gmail.com","author_link":"https:\/\/hsgascylinder-factory.com\/fr\/author\/"},"uagb_comment_info":0,"uagb_excerpt":"Brand:\u00a0HS Product origin:\u00a0Made in China Delivery time:\u00a015 to 30 days Supply capacity:\u00a0Annual output of more than 800,000 pieces Small 10-litre seamless cylinder acetylene tank Product Information: 1, 10 litre small acetylene cylinder; 37 mn manganese steel; Gas cylinder production standard GB\/T5099.3 or ISO9809-3; The outer diameter of the cylinder is 140mm or 152mm or 159mm;\u2026","_links":{"self":[{"href":"https:\/\/hsgascylinder-factory.com\/fr\/wp-json\/wp\/v2\/product\/4591","targetHints":{"allow":["GET"]}}],"collection":[{"href":"https:\/\/hsgascylinder-factory.com\/fr\/wp-json\/wp\/v2\/product"}],"about":[{"href":"https:\/\/hsgascylinder-factory.com\/fr\/wp-json\/wp\/v2\/types\/product"}],"wp:featuredmedia":[{"embeddable":true,"href":"https:\/\/hsgascylinder-factory.com\/fr\/wp-json\/wp\/v2\/media\/4594"}],"wp:attachment":[{"href":"https:\/\/hsgascylinder-factory.com\/fr\/wp-json\/wp\/v2\/media?parent=4591"}],"wp:term":[{"taxonomy":"product_brand","embeddable":true,"href":"https:\/\/hsgascylinder-factory.com\/fr\/wp-json\/wp\/v2\/product_brand?post=4591"},{"taxonomy":"product_cat","embeddable":true,"href":"https:\/\/hsgascylinder-factory.com\/fr\/wp-json\/wp\/v2\/product_cat?post=4591"},{"taxonomy":"product_tag","embeddable":true,"href":"https:\/\/hsgascylinder-factory.com\/fr\/wp-json\/wp\/v2\/product_tag?post=4591"}],"curies":[{"name":"wp","href":"https:\/\/api.w.org\/{rel}","templated":true}]}}