{"id":4395,"date":"2025-04-07T15:14:21","date_gmt":"2025-04-07T15:14:21","guid":{"rendered":"https:\/\/darkslategray-hippopotamus-243231.hostingersite.com\/?post_type=product&#038;p=4395"},"modified":"2025-04-07T15:14:21","modified_gmt":"2025-04-07T15:14:21","slug":"7-litre-1-05m3-150bar-37mn-oxygen-tanks-gas-cylinder","status":"publish","type":"product","link":"https:\/\/hsgascylinder-factory.com\/fr\/produit\/7-litre-1-05m3-150bar-37mn-oxygen-tanks-gas-cylinder\/","title":{"rendered":"Bouteille \u00e0 gaz 7 litres 1.05M3 150bar 37MN R\u00e9servoirs d'oxyg\u00e8ne"},"content":{"rendered":"<p><iframe title=\"Lecteur vid\u00e9o YouTube\" src=\"https:\/\/www.youtube.com\/embed\/zkDrS3o0gJc?si=bP61Ei8HQwmAP0It\" width=\"560\" height=\"315\" frameborder=\"0\" allowfullscreen=\"allowfullscreen\"><\/iframe><\/p>\n<p><strong>Bouteille \u00e0 gaz 7 litres ISO9809 1.05M3 150bar 37MN R\u00e9servoirs d'oxyg\u00e8ne<\/strong><\/p>\n<p><img alt=\"\" fetchpriority=\"high\" decoding=\"async\" class=\"alignnone size-full wp-image-4408\" src=\"http:\/\/darkslategray-hippopotamus-243231.hostingersite.com\/wp-content\/uploads\/2025\/04\/7Ln1.jpg\" width=\"900\" height=\"600\" srcset=\"https:\/\/hsgascylinder-factory.com\/wp-content\/uploads\/2025\/04\/7Ln1.jpg 900w, https:\/\/hsgascylinder-factory.com\/wp-content\/uploads\/2025\/04\/7Ln1-300x200.jpg 300w, https:\/\/hsgascylinder-factory.com\/wp-content\/uploads\/2025\/04\/7Ln1-768x512.jpg 768w, https:\/\/hsgascylinder-factory.com\/wp-content\/uploads\/2025\/04\/7Ln1-18x12.jpg 18w, https:\/\/hsgascylinder-factory.com\/wp-content\/uploads\/2025\/04\/7Ln1-600x400.jpg 600w\" sizes=\"(max-width: 900px) 100vw, 900px\" \/><\/p>\n<p><strong>Informations sur le produit :<\/strong><\/p>\n<p>1\u30017 litres ; normes de production GB\/T5099.3 ou ISO9809-3 ; acier au mangan\u00e8se de 37 mm ; diam\u00e8tre ext\u00e9rieur du cylindre de 140 mm ; pression d'essai hydrostatique de 250 bars ; pression de travail de 150 bars ;<\/p>\n<p>2\u3001La hauteur du corps de la bouteille d'oxyg\u00e8ne est de 591 mm ; les filetages de l'embouchure de la bouteille comprennent PZ19.2, PZ27.8, PZ39 ; 25E ; 3\/4-14 NGT, etc. ; le stockage maximum de gaz est de 1,05 m3 (1 050 l) ; l'\u00e9paisseur minimale de la paroi de la bouteille est de 3,8 mm ; le poids du corps de la bouteille est de 8,63 kg ;<\/p>\n<p>3\u3001Alias : bouteilles de gaz de 7 litres ; r\u00e9servoirs d'oxyg\u00e8ne de 1,05 m3. Bouteilles d'oxyg\u00e8ne de 7 litres ; Bouteilles d'oxyg\u00e8ne de 7 litres ; R\u00e9servoirs d'oxyg\u00e8ne de 7 litres ; Bouteilles de gaz de 7 litres 150bar.<\/p>\n<p>4\u3001Lors de l'\u00e9tablissement de l'\u00e9paisseur minimale, il convient de prendre en consid\u00e9ration l'obtention d'une \u00e9paisseur de paroi en<\/p>\n<p>le col de la bouteille, ce qui emp\u00eachera l'expansion permanente du col pendant les raccords initiaux et ult\u00e9rieurs<\/p>\n<p>de la valve dans le cylindre sans l'appui d'un accessoire.<\/p>\n<p>5\u3001Le diam\u00e8tre ext\u00e9rieur et l'\u00e9paisseur de l'extr\u00e9mit\u00e9 form\u00e9e du col de la bouteille ne doivent pas \u00eatre endommag\u00e9s (pas de dilatation ou de fissure permanente) par l'application du couple maximal requis pour monter le robinet sur la bouteille (voir ISO 13341) et les contraintes lorsque le robinet est mont\u00e9 sur la bouteille (voir ISO 13341) et les contraintes lorsque le robinet est mont\u00e9 sur la bouteille (voir ISO 13341).<\/p>\n<p>est soumise \u00e0 sa pression d'essai.<\/p>\n<p>6\u3001 Dans des cas particuliers (par exemple, bouteilles \u00e0 parois tr\u00e8s minces), lorsque ces contraintes ne peuvent pas \u00eatre support\u00e9es par le col lui-m\u00eame, le col peut \u00eatre con\u00e7u de mani\u00e8re \u00e0 n\u00e9cessiter un renfort, tel qu'une bague de col ou un collet frett\u00e9, \u00e0 condition que le mat\u00e9riau et les dimensions du renfort soient clairement sp\u00e9cifi\u00e9s par le fabricant et que cette configuration fasse partie de la proc\u00e9dure d'homologation de type.<\/p>\n<p>Shandong Hongsheng Pressure Vessel Co. est pr\u00eat \u00e0 devenir votre partenaire \u00e0 long terme et votre responsable de la s\u00e9curit\u00e9 des bouteilles, et \u00e0 assurer conjointement la s\u00e9curit\u00e9 de vos bouteilles.<\/p>\n<p>1\u3001Minimum de commande : 100 seulement<\/p>\n<p>2\u3001Utilisation des cylindres : nos cylindres en acier sans soudure sont largement utilis\u00e9s dans l'industrie, les appareils m\u00e9dicaux, la lutte contre les incendies et la recherche scientifique.<\/p>\n<p>3\u3001Nous sommes une usine de production de bouteilles de gaz en Chine. Nos produits sont vendus en Chine, en Asie du Sud-Est, au Moyen-Orient, en Asie, en Afrique, en Europe, en Oc\u00e9anie et en Am\u00e9rique.<\/p>\n<p><img alt=\"\" decoding=\"async\" class=\"alignnone size-full wp-image-4409\" src=\"http:\/\/darkslategray-hippopotamus-243231.hostingersite.com\/wp-content\/uploads\/2025\/04\/7Ln2.jpg\" width=\"900\" height=\"600\" srcset=\"https:\/\/hsgascylinder-factory.com\/wp-content\/uploads\/2025\/04\/7Ln2.jpg 900w, https:\/\/hsgascylinder-factory.com\/wp-content\/uploads\/2025\/04\/7Ln2-300x200.jpg 300w, https:\/\/hsgascylinder-factory.com\/wp-content\/uploads\/2025\/04\/7Ln2-768x512.jpg 768w, https:\/\/hsgascylinder-factory.com\/wp-content\/uploads\/2025\/04\/7Ln2-18x12.jpg 18w, https:\/\/hsgascylinder-factory.com\/wp-content\/uploads\/2025\/04\/7Ln2-600x400.jpg 600w\" sizes=\"(max-width: 900px) 100vw, 900px\" \/><\/p>\n<p>4\u3001Tout au long du processus de traitement thermique, la temp\u00e9rature du four doit \u00eatre v\u00e9rifi\u00e9e fr\u00e9quemment pour s'assurer qu'elle correspond \u00e0 la temp\u00e9rature indiqu\u00e9e sur l'instrument, au moins une fois toutes les deux heures.<\/p>\n<p>Une fois le traitement thermique des bouteilles de gaz termin\u00e9, le laboratoire physique et chimique doit \u00eatre pr\u00e9venu \u00e0 temps pour l'\u00e9chantillonnage et l'inspection.<\/p>\n<p>5\u3001Les donn\u00e9es d'essai, telles que la r\u00e9sistance \u00e0 la traction, la pression d'\u00e9coulement, le rapport de r\u00e9sistance \u00e0 la flexion, l'\u00e9nergie d'impact et la pression d'\u00e9clatement, doivent \u00eatre conformes \u00e0 la norme ISO9809-3 correspondante.<\/p>\n<p>6\u3001ISO 9809 se compose des parties suivantes, sous le titre g\u00e9n\u00e9ral Bouteilles \u00e0 gaz - Bouteilles \u00e0 gaz rechargeables en acier sans soudure - Conception, construction et essais : \u23af Partie 1 : Bouteilles en acier tremp\u00e9 et revenu ayant une r\u00e9sistance \u00e0 la traction inf\u00e9rieure \u00e0 1 100 MPa \u23af Partie 2 : Cylindres en acier tremp\u00e9 et revenu dont la r\u00e9sistance \u00e0 la traction est sup\u00e9rieure ou \u00e9gale \u00e0 1 100 MPa \u23af Partie 3 : Cylindres en acier normalis\u00e9<\/p>\n<p><img alt=\"\" decoding=\"async\" class=\"alignnone size-full wp-image-4410\" src=\"http:\/\/darkslategray-hippopotamus-243231.hostingersite.com\/wp-content\/uploads\/2025\/04\/7Ln3.jpg\" width=\"900\" height=\"600\" srcset=\"https:\/\/hsgascylinder-factory.com\/wp-content\/uploads\/2025\/04\/7Ln3.jpg 900w, https:\/\/hsgascylinder-factory.com\/wp-content\/uploads\/2025\/04\/7Ln3-300x200.jpg 300w, https:\/\/hsgascylinder-factory.com\/wp-content\/uploads\/2025\/04\/7Ln3-768x512.jpg 768w, https:\/\/hsgascylinder-factory.com\/wp-content\/uploads\/2025\/04\/7Ln3-18x12.jpg 18w, https:\/\/hsgascylinder-factory.com\/wp-content\/uploads\/2025\/04\/7Ln3-600x400.jpg 600w\" sizes=\"(max-width: 900px) 100vw, 900px\" \/><\/p>\n<p><strong>Tableau des param\u00e8tres des bouteilles \u00e0 gaz de 7\u30017 litres (ISO9809-3)<\/strong><\/p>\n<div class=\"nei-table\">\n<table>\n<tbody>\n<tr class=\"firstRow\">\n<td align=\"center\" valign=\"middle\" width=\"174\">Type<\/td>\n<td align=\"center\" valign=\"middle\" width=\"43\">A l'ext\u00e9rieur<\/p>\n<p>Diam\u00e8tre<\/p>\n<p>(mm)<\/td>\n<td align=\"center\" valign=\"middle\" width=\"86\">L'eau<\/p>\n<p>Capacit\u00e9<\/p>\n<p>(L)<\/td>\n<td align=\"center\" valign=\"middle\" width=\"75\">Bouteille<\/p>\n<p>Hauteur<\/p>\n<p>(mm)<\/td>\n<td align=\"center\" valign=\"middle\" width=\"74\">Poids<\/p>\n<p>\uff08kg\uff09<\/td>\n<td align=\"center\" valign=\"middle\" width=\"67.33333333333333\">Travailler<\/p>\n<p>pression<\/p>\n<p>\uff08Bar\uff09<\/td>\n<td align=\"center\" valign=\"middle\" width=\"105\">Mur de conception<\/p>\n<p>l'\u00e9paisseur<\/p>\n<p>\uff08mm\uff09<\/td>\n<td align=\"center\" valign=\"middle\" width=\"81\">Mat\u00e9riau<\/p>\n<p>Notes<\/td>\n<\/tr>\n<tr>\n<td align=\"center\" valign=\"middle\" width=\"221\">WMA\u2161140-7.0L-150<\/td>\n<td align=\"center\" valign=\"middle\" width=\"43\">140<\/td>\n<td align=\"center\" valign=\"middle\" width=\"86\">7.0<\/td>\n<td align=\"center\" valign=\"middle\" width=\"75\">591<\/td>\n<td align=\"center\" valign=\"middle\" width=\"74\">8.63<\/td>\n<td align=\"center\" valign=\"middle\" width=\"67.33333333333333\">150<\/td>\n<td align=\"center\" valign=\"middle\" width=\"105\">3.8<\/td>\n<td align=\"center\" valign=\"middle\" width=\"81\">37MN<\/td>\n<\/tr>\n<tr>\n<td colspan=\"1\" rowspan=\"1\" align=\"center\" valign=\"middle\" width=\"281\">WMA\u2161152-7.0L-150<\/td>\n<td colspan=\"1\" rowspan=\"1\" align=\"center\" valign=\"middle\" width=\"43\">152<\/td>\n<td colspan=\"1\" rowspan=\"1\" align=\"center\" valign=\"middle\" width=\"86\">7.0<\/td>\n<td colspan=\"1\" rowspan=\"1\" align=\"center\" valign=\"middle\" width=\"75\">526<\/td>\n<td colspan=\"1\" rowspan=\"1\" align=\"center\" valign=\"middle\" width=\"74\">9.93<\/td>\n<td colspan=\"1\" rowspan=\"1\" align=\"center\" valign=\"middle\" width=\"62.33333333333333\">150<\/td>\n<td colspan=\"1\" rowspan=\"1\" align=\"center\" valign=\"middle\" width=\"105\">3.7<\/td>\n<td colspan=\"1\" rowspan=\"1\" align=\"center\" valign=\"middle\" width=\"81\">37MN<\/td>\n<\/tr>\n<\/tbody>\n<\/table>\n<\/div>","protected":false},"excerpt":{"rendered":"<ul class=\"meta\">\n<li><label>Marque :<\/label>\u00a0HS<\/li>\n<li><label>Origine du produit :<\/label>\u00a0Fabriqu\u00e9 en Chine<\/li>\n<li><label>D\u00e9lai de livraison :<\/label>\u00a015 \u00e0 30 jours<\/li>\n<li><label>Capacit\u00e9 d'approvisionnement :<\/label>\u00a0Production annuelle de plus de 800 000 pi\u00e8ces<\/li>\n<\/ul>\n<p class=\"desc\">L'entreprise se concentre principalement sur le d\u00e9veloppement, la conception et la production de cylindres en acier sans soudure pour les \u00e9quipements m\u00e9dicaux, les syst\u00e8mes de protection contre les incendies, les cylindres de stockage de gaz chimiques sp\u00e9ciaux, les cylindres de machines d'ing\u00e9nierie haut de gamme, les aliments et les boissons, les cylindres de recherche scientifique pour le d\u00e9veloppement de l'entreprise.<\/p>","protected":false},"featured_media":4398,"template":"","meta":{"_seopress_robots_primary_cat":"","_seopress_titles_title":"","_seopress_titles_desc":"","_seopress_robots_index":"","_uag_custom_page_level_css":"","site-sidebar-layout":"default","site-content-layout":"","ast-site-content-layout":"default","site-content-style":"default","site-sidebar-style":"default","ast-global-header-display":"","ast-banner-title-visibility":"","ast-main-header-display":"","ast-hfb-above-header-display":"","ast-hfb-below-header-display":"","ast-hfb-mobile-header-display":"","site-post-title":"","ast-breadcrumbs-content":"","ast-featured-img":"","footer-sml-layout":"","ast-disable-related-posts":"","theme-transparent-header-meta":"default","adv-header-id-meta":"","stick-header-meta":"default","header-above-stick-meta":"","header-main-stick-meta":"","header-below-stick-meta":"","astra-migrate-meta-layouts":"set","ast-page-background-enabled":"default","ast-page-background-meta":{"desktop":{"background-color":"","background-image":"","background-repeat":"repeat","background-position":"center center","background-size":"auto","background-attachment":"scroll","background-type":"","background-media":"","overlay-type":"","overlay-color":"","overlay-opacity":"","overlay-gradient":""},"tablet":{"background-color":"","background-image":"","background-repeat":"repeat","background-position":"center center","background-size":"auto","background-attachment":"scroll","background-type":"","background-media":"","overlay-type":"","overlay-color":"","overlay-opacity":"","overlay-gradient":""},"mobile":{"background-color":"","background-image":"","background-repeat":"repeat","background-position":"center center","background-size":"auto","background-attachment":"scroll","background-type":"","background-media":"","overlay-type":"","overlay-color":"","overlay-opacity":"","overlay-gradient":""}},"ast-content-background-meta":{"desktop":{"background-color":"var(--ast-global-color-5)","background-image":"","background-repeat":"repeat","background-position":"center center","background-size":"auto","background-attachment":"scroll","background-type":"","background-media":"","overlay-type":"","overlay-color":"","overlay-opacity":"","overlay-gradient":""},"tablet":{"background-color":"var(--ast-global-color-5)","background-image":"","background-repeat":"repeat","background-position":"center center","background-size":"auto","background-attachment":"scroll","background-type":"","background-media":"","overlay-type":"","overlay-color":"","overlay-opacity":"","overlay-gradient":""},"mobile":{"background-color":"var(--ast-global-color-5)","background-image":"","background-repeat":"repeat","background-position":"center center","background-size":"auto","background-attachment":"scroll","background-type":"","background-media":"","overlay-type":"","overlay-color":"","overlay-opacity":"","overlay-gradient":""}}},"product_brand":[],"product_cat":[45],"product_tag":[],"class_list":{"0":"post-4395","1":"product","2":"type-product","3":"status-publish","4":"has-post-thumbnail","6":"product_cat-cylinders","7":"desktop-align-center","8":"tablet-align-left","9":"mobile-align-left","10":"ast-product-gallery-layout-horizontal-slider","11":"ast-product-tabs-layout-horizontal","13":"first","14":"instock","15":"shipping-taxable","16":"product-type-simple"},"uagb_featured_image_src":{"full":["https:\/\/hsgascylinder-factory.com\/wp-content\/uploads\/2025\/04\/7L.jpg",800,800,false],"thumbnail":["https:\/\/hsgascylinder-factory.com\/wp-content\/uploads\/2025\/04\/7L-150x150.jpg",150,150,true],"medium":["https:\/\/hsgascylinder-factory.com\/wp-content\/uploads\/2025\/04\/7L-300x300.jpg",300,300,true],"medium_large":["https:\/\/hsgascylinder-factory.com\/wp-content\/uploads\/2025\/04\/7L-768x768.jpg",768,768,true],"large":["https:\/\/hsgascylinder-factory.com\/wp-content\/uploads\/2025\/04\/7L.jpg",800,800,false],"1536x1536":["https:\/\/hsgascylinder-factory.com\/wp-content\/uploads\/2025\/04\/7L.jpg",800,800,false],"2048x2048":["https:\/\/hsgascylinder-factory.com\/wp-content\/uploads\/2025\/04\/7L.jpg",800,800,false],"trp-custom-language-flag":["https:\/\/hsgascylinder-factory.com\/wp-content\/uploads\/2025\/04\/7L-12x12.jpg",12,12,true],"woocommerce_thumbnail":["https:\/\/hsgascylinder-factory.com\/wp-content\/uploads\/2025\/04\/7L-500x500.jpg",500,500,true],"woocommerce_single":["https:\/\/hsgascylinder-factory.com\/wp-content\/uploads\/2025\/04\/7L-600x600.jpg",600,600,true],"woocommerce_gallery_thumbnail":["https:\/\/hsgascylinder-factory.com\/wp-content\/uploads\/2025\/04\/7L-100x100.jpg",100,100,true]},"uagb_author_info":{"display_name":"jinxing6611@gmail.com","author_link":"https:\/\/hsgascylinder-factory.com\/fr\/author\/"},"uagb_comment_info":0,"uagb_excerpt":"Brand:\u00a0HS Product origin:\u00a0Made in China Delivery time:\u00a015 to 30 days Supply capacity:\u00a0Annual output of more than 800,000 pieces The company mainly focuses on the development, design and production of seamless steel cylinders for medical equipment, fire protection system, special chemical gas storage cylinders, high-end engineering machinery cylinders, food and beverage, scientific research cylinders for enterprise\u2026","_links":{"self":[{"href":"https:\/\/hsgascylinder-factory.com\/fr\/wp-json\/wp\/v2\/product\/4395","targetHints":{"allow":["GET"]}}],"collection":[{"href":"https:\/\/hsgascylinder-factory.com\/fr\/wp-json\/wp\/v2\/product"}],"about":[{"href":"https:\/\/hsgascylinder-factory.com\/fr\/wp-json\/wp\/v2\/types\/product"}],"wp:featuredmedia":[{"embeddable":true,"href":"https:\/\/hsgascylinder-factory.com\/fr\/wp-json\/wp\/v2\/media\/4398"}],"wp:attachment":[{"href":"https:\/\/hsgascylinder-factory.com\/fr\/wp-json\/wp\/v2\/media?parent=4395"}],"wp:term":[{"taxonomy":"product_brand","embeddable":true,"href":"https:\/\/hsgascylinder-factory.com\/fr\/wp-json\/wp\/v2\/product_brand?post=4395"},{"taxonomy":"product_cat","embeddable":true,"href":"https:\/\/hsgascylinder-factory.com\/fr\/wp-json\/wp\/v2\/product_cat?post=4395"},{"taxonomy":"product_tag","embeddable":true,"href":"https:\/\/hsgascylinder-factory.com\/fr\/wp-json\/wp\/v2\/product_tag?post=4395"}],"curies":[{"name":"wp","href":"https:\/\/api.w.org\/{rel}","templated":true}]}}