{"id":4042,"date":"2025-03-31T10:10:28","date_gmt":"2025-03-31T10:10:28","guid":{"rendered":"https:\/\/darkslategray-hippopotamus-243231.hostingersite.com\/?post_type=product&#038;p=4042"},"modified":"2025-03-31T10:25:42","modified_gmt":"2025-03-31T10:25:42","slug":"mini-fire-detecting-tube-fire-fighting-co2-gas-cylinder","status":"publish","type":"product","link":"https:\/\/hsgascylinder-factory.com\/fr\/produit\/mini-fire-detecting-tube-fire-fighting-co2-gas-cylinder\/","title":{"rendered":"Tube de d\u00e9tection d'incendie miniature Bouteille de gaz Co2 pour la lutte contre l'incendie"},"content":{"rendered":"<p><iframe title=\"Lecteur vid\u00e9o YouTube\" src=\"https:\/\/www.youtube.com\/embed\/WsDyRAPFBC8?si=qIHqgHGWa7fEm9ZB\" width=\"560\" height=\"315\" frameborder=\"0\" allowfullscreen=\"allowfullscreen\"><\/iframe><\/p>\n<p><img alt=\"\" fetchpriority=\"high\" decoding=\"async\" class=\"alignnone size-full wp-image-4055\" src=\"https:\/\/darkslategray-hippopotamus-243231.hostingersite.com\/wp-content\/uploads\/2025\/03\/mfdtn1.jpg\" width=\"800\" height=\"534\" srcset=\"https:\/\/hsgascylinder-factory.com\/wp-content\/uploads\/2025\/03\/mfdtn1.jpg 800w, https:\/\/hsgascylinder-factory.com\/wp-content\/uploads\/2025\/03\/mfdtn1-300x200.jpg 300w, https:\/\/hsgascylinder-factory.com\/wp-content\/uploads\/2025\/03\/mfdtn1-768x513.jpg 768w, https:\/\/hsgascylinder-factory.com\/wp-content\/uploads\/2025\/03\/mfdtn1-18x12.jpg 18w, https:\/\/hsgascylinder-factory.com\/wp-content\/uploads\/2025\/03\/mfdtn1-600x401.jpg 600w\" sizes=\"(max-width: 800px) 100vw, 800px\" \/><\/p>\n<p>Le dispositif de d\u00e9tection d'incendie est compos\u00e9 d'une bouteille de gaz, d'un robinet de r\u00e9servoir et d'un tube de d\u00e9tection d'incendie et\/ou d'un tube de lib\u00e9ration capable de lib\u00e9rer l'agent extincteur.<\/p>\n<p>Le d\u00e9tecteur d'incendie est plac\u00e9 \u00e0 proximit\u00e9 ou au-dessus de l'endroit o\u00f9 la source d'incendie est la plus susceptible de se produire et est d\u00e9tect\u00e9 par un certain nombre de points de d\u00e9tection (lin\u00e9aires) le long du d\u00e9tecteur d'incendie. Une fois en feu, le tube de la sonde d'incendie est ramolli \u00e0 la temp\u00e9rature de chauffage la plus \u00e9lev\u00e9e et explose, lib\u00e9rant l'agent extincteur dans la zone prot\u00e9g\u00e9e par le tube de la sonde d'incendie lui-m\u00eame (syst\u00e8me direct) ou par la buse (syst\u00e8me indirect).<\/p>\n<p>La fonction principale des bouteilles de gaz est de stocker des agents extincteurs \u00e0 haute pression.<\/p>\n<p>Le tube de sonde d'incendie est un nouveau produit d\u00e9velopp\u00e9 dans le domaine de la haute technologie, et il s'agit d'un produit composite non m\u00e9tallique de haute technologie. Il combine une r\u00e9sistance aux fuites \u00e0 long terme, une flexibilit\u00e9 et une sensibilit\u00e9 \u00e0 la temp\u00e9rature efficace. Il peut \u00eatre utilis\u00e9 pour le dynamitage, la pulv\u00e9risation d'agents extincteurs ou la transmission de signaux d'incendie dans une certaine plage de temp\u00e9rature.<\/p>\n<p>Les bouteilles de dioxyde de carbone les plus courantes sont les suivantes<\/p>\n<p><img alt=\"\" decoding=\"async\" class=\"alignnone size-full wp-image-4056\" src=\"https:\/\/darkslategray-hippopotamus-243231.hostingersite.com\/wp-content\/uploads\/2025\/03\/mfdtn2.jpg\" width=\"600\" height=\"600\" srcset=\"https:\/\/hsgascylinder-factory.com\/wp-content\/uploads\/2025\/03\/mfdtn2.jpg 600w, https:\/\/hsgascylinder-factory.com\/wp-content\/uploads\/2025\/03\/mfdtn2-300x300.jpg 300w, https:\/\/hsgascylinder-factory.com\/wp-content\/uploads\/2025\/03\/mfdtn2-150x150.jpg 150w, https:\/\/hsgascylinder-factory.com\/wp-content\/uploads\/2025\/03\/mfdtn2-12x12.jpg 12w, https:\/\/hsgascylinder-factory.com\/wp-content\/uploads\/2025\/03\/mfdtn2-500x500.jpg 500w, https:\/\/hsgascylinder-factory.com\/wp-content\/uploads\/2025\/03\/mfdtn2-100x100.jpg 100w\" sizes=\"(max-width: 600px) 100vw, 600px\" \/><\/p>\n<table data-sort=\"sortDisabled\">\n<tbody>\n<tr class=\"firstRow\">\n<td align=\"center\" valign=\"middle\" width=\"370\">Type<\/td>\n<td align=\"center\" valign=\"middle\" width=\"15\">A l'ext\u00e9rieur<\/p>\n<p>Diam\u00e8tre<\/p>\n<p>(mm)<\/td>\n<td align=\"center\" valign=\"middle\" width=\"95\">L'eau<\/p>\n<p>Capacit\u00e9<\/p>\n<p>(L)<\/td>\n<td align=\"center\" valign=\"middle\" width=\"84\">Bouteille<\/p>\n<p>Hauteur<\/p>\n<p>(mm)<\/td>\n<td align=\"center\" valign=\"middle\" width=\"83\">Poids<\/p>\n<p>\uff08kg\uff09<\/td>\n<td align=\"center\" valign=\"middle\" width=\"96\">Travailler<\/p>\n<p>pression<\/p>\n<p>\uff08Bar\uff09<\/td>\n<td align=\"center\" valign=\"middle\" width=\"111\">Mur de conception<\/p>\n<p>l'\u00e9paisseur<\/p>\n<p>\uff08mm\uff09<\/td>\n<td align=\"center\" valign=\"middle\" width=\"90\">Mat\u00e9riau<\/p>\n<p>Notes<\/td>\n<\/tr>\n<tr>\n<td align=\"center\" valign=\"middle\" width=\"370\">WM\u216189-1L-150<\/td>\n<td align=\"center\" valign=\"middle\" width=\"15\">89<\/td>\n<td align=\"center\" valign=\"middle\" width=\"95\">1<\/td>\n<td align=\"center\" valign=\"middle\" width=\"84\">240<\/td>\n<td align=\"center\" valign=\"middle\" width=\"83\">1.83<\/td>\n<td colspan=\"1\" rowspan=\"16\" align=\"center\" valign=\"middle\" width=\"96\">150<\/td>\n<td align=\"center\" valign=\"middle\" width=\"111\">2.4<\/td>\n<td colspan=\"1\" rowspan=\"16\" align=\"center\" valign=\"middle\" width=\"90\">37MN<\/td>\n<\/tr>\n<tr>\n<td align=\"center\" valign=\"middle\" width=\"370\">WM\u216189-1.4L-150<\/td>\n<td align=\"center\" valign=\"middle\" width=\"15\">89<\/td>\n<td align=\"center\" valign=\"middle\" width=\"95\">1.4<\/td>\n<td align=\"center\" valign=\"middle\" width=\"84\">310<\/td>\n<td align=\"center\" valign=\"middle\" width=\"83\">2.30<\/td>\n<td align=\"center\" valign=\"middle\" width=\"111\">2.4<\/td>\n<\/tr>\n<tr>\n<td align=\"center\" valign=\"middle\" width=\"370\">WM\u2161108-2.0L-150<\/td>\n<td align=\"center\" valign=\"middle\" width=\"15\">108<\/td>\n<td align=\"center\" valign=\"middle\" width=\"95\">2<\/td>\n<td align=\"center\" valign=\"middle\" width=\"84\">310<\/td>\n<td align=\"center\" valign=\"middle\" width=\"83\">3.62<\/td>\n<td align=\"center\" valign=\"middle\" width=\"111\">2.9<\/td>\n<\/tr>\n<tr>\n<td align=\"center\" valign=\"middle\" width=\"370\">WM\u2161108-5.0L-150<\/td>\n<td align=\"center\" valign=\"middle\" width=\"15\">108<\/td>\n<td align=\"center\" valign=\"middle\" width=\"95\">5.0<\/td>\n<td align=\"center\" valign=\"middle\" width=\"84\">696<\/td>\n<td align=\"center\" valign=\"middle\" width=\"83\">7.74<\/td>\n<td align=\"center\" valign=\"middle\" width=\"111\">2.9<\/td>\n<\/tr>\n<tr>\n<td colspan=\"1\" rowspan=\"1\" align=\"center\" valign=\"middle\" width=\"325\">WM\u2161140-4.0L-150<\/td>\n<td colspan=\"1\" rowspan=\"1\" align=\"center\" valign=\"middle\" width=\"15\">140<\/td>\n<td colspan=\"1\" rowspan=\"1\" align=\"center\" valign=\"middle\" width=\"95\">4.0<\/td>\n<td colspan=\"1\" rowspan=\"1\" align=\"center\" valign=\"middle\" width=\"84\">375<\/td>\n<td colspan=\"1\" rowspan=\"1\" align=\"center\" valign=\"middle\" width=\"83\">5.89<\/td>\n<td colspan=\"1\" rowspan=\"1\" align=\"center\" valign=\"middle\" width=\"111\">3.8<\/td>\n<\/tr>\n<tr>\n<td colspan=\"1\" rowspan=\"1\" align=\"center\" valign=\"middle\" width=\"370\">WM\u2161140-5.0L-150<\/td>\n<td colspan=\"1\" rowspan=\"1\" align=\"center\" valign=\"middle\" width=\"15\">140<\/td>\n<td colspan=\"1\" rowspan=\"1\" align=\"center\" valign=\"middle\" width=\"95\">5.0<\/td>\n<td colspan=\"1\" rowspan=\"1\" align=\"center\" valign=\"middle\" width=\"84\">447<\/td>\n<td colspan=\"1\" rowspan=\"1\" align=\"center\" valign=\"middle\" width=\"83\">6.96<\/td>\n<td colspan=\"1\" rowspan=\"1\" align=\"center\" valign=\"middle\" width=\"111\">3.8<\/td>\n<\/tr>\n<tr>\n<td colspan=\"1\" rowspan=\"1\" align=\"center\" valign=\"middle\" width=\"370\">WM\u2161140-6.3L-150<\/td>\n<td colspan=\"1\" rowspan=\"1\" align=\"center\" valign=\"middle\" width=\"15\">140<\/td>\n<td colspan=\"1\" rowspan=\"1\" align=\"center\" valign=\"middle\" width=\"95\">6.3<\/td>\n<td colspan=\"1\" rowspan=\"1\" align=\"center\" valign=\"middle\" width=\"84\">540<\/td>\n<td colspan=\"1\" rowspan=\"1\" align=\"center\" valign=\"middle\" width=\"83\">7.88<\/td>\n<td colspan=\"1\" rowspan=\"1\" align=\"center\" valign=\"middle\" width=\"111\">3.8<\/td>\n<\/tr>\n<tr>\n<td colspan=\"1\" rowspan=\"1\" align=\"center\" valign=\"middle\" width=\"370\">WM\u2161140-8.0L-150<\/td>\n<td colspan=\"1\" rowspan=\"1\" align=\"center\" valign=\"middle\" width=\"15\">140<\/td>\n<td colspan=\"1\" rowspan=\"1\" align=\"center\" valign=\"middle\" width=\"95\">8.0<\/td>\n<td colspan=\"1\" rowspan=\"1\" align=\"center\" valign=\"middle\" width=\"84\">665<\/td>\n<td colspan=\"1\" rowspan=\"1\" align=\"center\" valign=\"middle\" width=\"83\">9.68<\/td>\n<td colspan=\"1\" rowspan=\"1\" align=\"center\" valign=\"middle\" width=\"111\">3.8<\/td>\n<\/tr>\n<tr>\n<td colspan=\"1\" rowspan=\"1\" align=\"center\" valign=\"middle\" width=\"370\">WM\u2161140-9.0L-150<\/td>\n<td colspan=\"1\" rowspan=\"1\" align=\"center\" valign=\"middle\" width=\"15\">140<\/td>\n<td colspan=\"1\" rowspan=\"1\" align=\"center\" valign=\"middle\" width=\"95\">9.0<\/td>\n<td colspan=\"1\" rowspan=\"1\" align=\"center\" valign=\"middle\" width=\"84\">744<\/td>\n<td colspan=\"1\" rowspan=\"1\" align=\"center\" valign=\"middle\" width=\"83\">10.7<\/td>\n<td colspan=\"1\" rowspan=\"1\" align=\"center\" valign=\"middle\" width=\"111\">3.8<\/td>\n<\/tr>\n<tr>\n<td colspan=\"1\" rowspan=\"1\" align=\"center\" valign=\"middle\" width=\"370\">WM\u2161140-10.0L-150<\/td>\n<td colspan=\"1\" rowspan=\"1\" align=\"center\" valign=\"middle\" width=\"15\">140<\/td>\n<td colspan=\"1\" rowspan=\"1\" align=\"center\" valign=\"middle\" width=\"95\">10.0<\/td>\n<td colspan=\"1\" rowspan=\"1\" align=\"center\" valign=\"middle\" width=\"84\">818<\/td>\n<td colspan=\"1\" rowspan=\"1\" align=\"center\" valign=\"middle\" width=\"83\">11.9<\/td>\n<td colspan=\"1\" rowspan=\"1\" align=\"center\" valign=\"middle\" width=\"111\">3.8<\/td>\n<\/tr>\n<tr>\n<td colspan=\"1\" rowspan=\"1\" align=\"center\" valign=\"middle\" width=\"302\">WM\u2161159-8.0L-150<\/td>\n<td colspan=\"1\" rowspan=\"1\" align=\"center\" valign=\"middle\" width=\"15\">159<\/td>\n<td colspan=\"1\" rowspan=\"1\" align=\"center\" valign=\"middle\" width=\"95\">8.0<\/td>\n<td colspan=\"1\" rowspan=\"1\" align=\"center\" valign=\"middle\" width=\"84\">548<\/td>\n<td colspan=\"1\" rowspan=\"1\" align=\"center\" valign=\"middle\" width=\"83\">9.11<\/td>\n<td colspan=\"1\" rowspan=\"1\" align=\"center\" valign=\"middle\" width=\"111\">4.3<\/td>\n<\/tr>\n<tr>\n<td colspan=\"1\" rowspan=\"1\" align=\"center\" valign=\"middle\" width=\"370\">WM\u2161159-10.0L-150<\/td>\n<td colspan=\"1\" rowspan=\"1\" align=\"center\" valign=\"middle\" width=\"15\">159<\/td>\n<td colspan=\"1\" rowspan=\"1\" align=\"center\" valign=\"middle\" width=\"95\">10.0<\/td>\n<td colspan=\"1\" rowspan=\"1\" align=\"center\" valign=\"middle\" width=\"84\">660<\/td>\n<td colspan=\"1\" rowspan=\"1\" align=\"center\" valign=\"middle\" width=\"83\">10.9<\/td>\n<td colspan=\"1\" rowspan=\"1\" align=\"center\" valign=\"middle\" width=\"111\">4.3<\/td>\n<\/tr>\n<tr>\n<td colspan=\"1\" rowspan=\"1\" align=\"center\" valign=\"middle\" width=\"270\">WM\u2161159-12.0L-150<\/td>\n<td colspan=\"1\" rowspan=\"1\" align=\"center\" valign=\"middle\" width=\"15\">159<\/td>\n<td colspan=\"1\" rowspan=\"1\" align=\"center\" valign=\"middle\" width=\"95\">12.0<\/td>\n<td colspan=\"1\" rowspan=\"1\" align=\"center\" valign=\"middle\" width=\"84\">780<\/td>\n<td colspan=\"1\" rowspan=\"1\" align=\"center\" valign=\"middle\" width=\"83\">13.1<\/td>\n<td colspan=\"1\" rowspan=\"1\" align=\"center\" valign=\"middle\" width=\"111\">4.3<\/td>\n<\/tr>\n<tr>\n<td colspan=\"1\" rowspan=\"1\" align=\"center\" valign=\"middle\" width=\"370\">WM\u2161159-13.4L-150<\/td>\n<td colspan=\"1\" rowspan=\"1\" align=\"center\" valign=\"middle\" width=\"15\">159<\/td>\n<td colspan=\"1\" rowspan=\"1\" align=\"center\" valign=\"middle\" width=\"95\">13.4<\/td>\n<td colspan=\"1\" rowspan=\"1\" align=\"center\" valign=\"middle\" width=\"84\">861<\/td>\n<td colspan=\"1\" rowspan=\"1\" align=\"center\" valign=\"middle\" width=\"83\">15.4<\/td>\n<td colspan=\"1\" rowspan=\"1\" align=\"center\" valign=\"middle\" width=\"111\">4.3<\/td>\n<\/tr>\n<tr>\n<td colspan=\"1\" rowspan=\"1\" align=\"center\" valign=\"middle\" width=\"195\">WM\u2161159-15.0L-150<\/td>\n<td colspan=\"1\" rowspan=\"1\" align=\"center\" valign=\"middle\" width=\"15\">159<\/td>\n<td colspan=\"1\" rowspan=\"1\" align=\"center\" valign=\"middle\" width=\"95\">15.0<\/td>\n<td colspan=\"1\" rowspan=\"1\" align=\"center\" valign=\"middle\" width=\"84\">932<\/td>\n<td colspan=\"1\" rowspan=\"1\" align=\"center\" valign=\"middle\" width=\"83\">16.8<\/td>\n<td colspan=\"1\" rowspan=\"1\" align=\"center\" valign=\"middle\" width=\"111\">4.3<\/td>\n<\/tr>\n<tr>\n<td colspan=\"1\" rowspan=\"1\" align=\"center\" valign=\"middle\" width=\"370\">WM\u2161180-20.0L-150<\/td>\n<td colspan=\"1\" rowspan=\"1\" align=\"center\" valign=\"middle\" width=\"15\">180<\/td>\n<td colspan=\"1\" rowspan=\"1\" align=\"center\" valign=\"middle\" width=\"95\">20.0<\/td>\n<td colspan=\"1\" rowspan=\"1\" align=\"center\" valign=\"middle\" width=\"84\">1012<\/td>\n<td colspan=\"1\" rowspan=\"1\" align=\"center\" valign=\"middle\" width=\"83\">24.8<\/td>\n<td colspan=\"1\" rowspan=\"1\" align=\"center\" valign=\"middle\" width=\"111\">4.9<\/td>\n<\/tr>\n<\/tbody>\n<\/table>","protected":false},"excerpt":{"rendered":"<ul class=\"meta\">\n<li><label>Marque :<\/label>\u00a0HS<\/li>\n<li><label>Origine du produit :<\/label>\u00a0Fabriqu\u00e9 en Chine<\/li>\n<li><label>D\u00e9lai de livraison :<\/label>\u00a015 \u00e0 30 jours<\/li>\n<li><label>Capacit\u00e9 d'approvisionnement :<\/label>\u00a0Production annuelle de plus de 800 000 pi\u00e8ces<\/li>\n<\/ul>\n<p class=\"desc\">ISO9809-3 150bar Petit tube d\u00e9tecteur d'incendie, cylindre CO2 d'incendie<br \/>\nInformations sur le produit :<br \/>\n1. Param\u00e8tres de la petite bouteille de d\u00e9tection d'incendie au dioxyde de carbone : diam\u00e8tre ext\u00e9rieur de 89 mm \u00e0 180 mm ; petites bouteilles de gaz de 0,8 litre \u00e0 20 litres ; pression de service de la petite bouteille de d\u00e9tection d'incendie au dioxyde de carbone de 150 bars ; pression d'essai hydrostatique de 250 bars ; norme de production Iso9809-3 ; mat\u00e9riau de 37 mm ;<br \/>\n2. Hauteur du petit cylindre de d\u00e9tecteur d'incendie au dioxyde de carbone : 197 mm-1012 mm ; Poids du corps du petit cylindre de d\u00e9tection d'incendie au dioxyde de carbone : 1,60 kg-24,8 kg ; Filetage de l'embouchure du cylindre : PZ19.2, PZ27.8, 25E, etc : PZ19.2, PZ27.8,25E ; etc. ; \u00c9paisseur minimale de la paroi des bouteilles de gaz : 2.4mm-4.9mm ;<br \/>\n3. Gaz de remplissage : CO2 (dioxyde de carbone liqu\u00e9fi\u00e9)<br \/>\n4. Alias : Bouteille de gaz de lutte contre l'incendie, mini-cylindre d'incendie, bouteille de CO2, bouteille de lutte contre l'incendie, tube de d\u00e9tection d'incendie.<br \/>\nConseils pour une utilisation s\u00fbre des bouteilles de gaz :<br \/>\nLe tube de sonde d'incendie est un nouveau dispositif d'extinction des incendies qui vient d'\u00eatre mis au point dans le pays et \u00e0 l'\u00e9tranger.<\/p>","protected":false},"featured_media":4045,"template":"","meta":{"_seopress_robots_primary_cat":"","_seopress_titles_title":"","_seopress_titles_desc":"","_seopress_robots_index":"","_uag_custom_page_level_css":"","site-sidebar-layout":"default","site-content-layout":"","ast-site-content-layout":"default","site-content-style":"default","site-sidebar-style":"default","ast-global-header-display":"","ast-banner-title-visibility":"","ast-main-header-display":"","ast-hfb-above-header-display":"","ast-hfb-below-header-display":"","ast-hfb-mobile-header-display":"","site-post-title":"","ast-breadcrumbs-content":"","ast-featured-img":"","footer-sml-layout":"","ast-disable-related-posts":"","theme-transparent-header-meta":"default","adv-header-id-meta":"","stick-header-meta":"default","header-above-stick-meta":"","header-main-stick-meta":"","header-below-stick-meta":"","astra-migrate-meta-layouts":"set","ast-page-background-enabled":"default","ast-page-background-meta":{"desktop":{"background-color":"","background-image":"","background-repeat":"repeat","background-position":"center center","background-size":"auto","background-attachment":"scroll","background-type":"","background-media":"","overlay-type":"","overlay-color":"","overlay-opacity":"","overlay-gradient":""},"tablet":{"background-color":"","background-image":"","background-repeat":"repeat","background-position":"center center","background-size":"auto","background-attachment":"scroll","background-type":"","background-media":"","overlay-type":"","overlay-color":"","overlay-opacity":"","overlay-gradient":""},"mobile":{"background-color":"","background-image":"","background-repeat":"repeat","background-position":"center center","background-size":"auto","background-attachment":"scroll","background-type":"","background-media":"","overlay-type":"","overlay-color":"","overlay-opacity":"","overlay-gradient":""}},"ast-content-background-meta":{"desktop":{"background-color":"var(--ast-global-color-5)","background-image":"","background-repeat":"repeat","background-position":"center center","background-size":"auto","background-attachment":"scroll","background-type":"","background-media":"","overlay-type":"","overlay-color":"","overlay-opacity":"","overlay-gradient":""},"tablet":{"background-color":"var(--ast-global-color-5)","background-image":"","background-repeat":"repeat","background-position":"center center","background-size":"auto","background-attachment":"scroll","background-type":"","background-media":"","overlay-type":"","overlay-color":"","overlay-opacity":"","overlay-gradient":""},"mobile":{"background-color":"var(--ast-global-color-5)","background-image":"","background-repeat":"repeat","background-position":"center center","background-size":"auto","background-attachment":"scroll","background-type":"","background-media":"","overlay-type":"","overlay-color":"","overlay-opacity":"","overlay-gradient":""}}},"product_brand":[],"product_cat":[35],"product_tag":[],"class_list":{"0":"post-4042","1":"product","2":"type-product","3":"status-publish","4":"has-post-thumbnail","6":"product_cat-fire","7":"desktop-align-center","8":"tablet-align-left","9":"mobile-align-left","10":"ast-product-gallery-layout-horizontal-slider","11":"ast-product-tabs-layout-horizontal","13":"first","14":"instock","15":"featured","16":"shipping-taxable","17":"product-type-simple"},"uagb_featured_image_src":{"full":["https:\/\/hsgascylinder-factory.com\/wp-content\/uploads\/2025\/03\/mfdt.jpg",800,800,false],"thumbnail":["https:\/\/hsgascylinder-factory.com\/wp-content\/uploads\/2025\/03\/mfdt-150x150.jpg",150,150,true],"medium":["https:\/\/hsgascylinder-factory.com\/wp-content\/uploads\/2025\/03\/mfdt-300x300.jpg",300,300,true],"medium_large":["https:\/\/hsgascylinder-factory.com\/wp-content\/uploads\/2025\/03\/mfdt-768x768.jpg",768,768,true],"large":["https:\/\/hsgascylinder-factory.com\/wp-content\/uploads\/2025\/03\/mfdt.jpg",800,800,false],"1536x1536":["https:\/\/hsgascylinder-factory.com\/wp-content\/uploads\/2025\/03\/mfdt.jpg",800,800,false],"2048x2048":["https:\/\/hsgascylinder-factory.com\/wp-content\/uploads\/2025\/03\/mfdt.jpg",800,800,false],"trp-custom-language-flag":["https:\/\/hsgascylinder-factory.com\/wp-content\/uploads\/2025\/03\/mfdt-12x12.jpg",12,12,true],"woocommerce_thumbnail":["https:\/\/hsgascylinder-factory.com\/wp-content\/uploads\/2025\/03\/mfdt-500x500.jpg",500,500,true],"woocommerce_single":["https:\/\/hsgascylinder-factory.com\/wp-content\/uploads\/2025\/03\/mfdt-600x600.jpg",600,600,true],"woocommerce_gallery_thumbnail":["https:\/\/hsgascylinder-factory.com\/wp-content\/uploads\/2025\/03\/mfdt-100x100.jpg",100,100,true]},"uagb_author_info":{"display_name":"jinxing6611@gmail.com","author_link":"https:\/\/hsgascylinder-factory.com\/fr\/author\/"},"uagb_comment_info":0,"uagb_excerpt":"Brand:\u00a0HS Product origin:\u00a0Made in China Delivery time:\u00a015 to 30 days Supply capacity:\u00a0Annual output of more than 800,000 pieces ISO9809-3 150bar Small fire detector tube, fire CO2 cylinder Product Information: 1. Parameters of small carbon dioxide fire detector cylinder: 89mm-180mm outer diameter; 0.8 litre to 20 litre small fire tube gas cylinders; The working pressure of\u2026","_links":{"self":[{"href":"https:\/\/hsgascylinder-factory.com\/fr\/wp-json\/wp\/v2\/product\/4042","targetHints":{"allow":["GET"]}}],"collection":[{"href":"https:\/\/hsgascylinder-factory.com\/fr\/wp-json\/wp\/v2\/product"}],"about":[{"href":"https:\/\/hsgascylinder-factory.com\/fr\/wp-json\/wp\/v2\/types\/product"}],"wp:featuredmedia":[{"embeddable":true,"href":"https:\/\/hsgascylinder-factory.com\/fr\/wp-json\/wp\/v2\/media\/4045"}],"wp:attachment":[{"href":"https:\/\/hsgascylinder-factory.com\/fr\/wp-json\/wp\/v2\/media?parent=4042"}],"wp:term":[{"taxonomy":"product_brand","embeddable":true,"href":"https:\/\/hsgascylinder-factory.com\/fr\/wp-json\/wp\/v2\/product_brand?post=4042"},{"taxonomy":"product_cat","embeddable":true,"href":"https:\/\/hsgascylinder-factory.com\/fr\/wp-json\/wp\/v2\/product_cat?post=4042"},{"taxonomy":"product_tag","embeddable":true,"href":"https:\/\/hsgascylinder-factory.com\/fr\/wp-json\/wp\/v2\/product_tag?post=4042"}],"curies":[{"name":"wp","href":"https:\/\/api.w.org\/{rel}","templated":true}]}}