{"id":3967,"date":"2025-03-31T07:33:24","date_gmt":"2025-03-31T07:33:24","guid":{"rendered":"https:\/\/darkslategray-hippopotamus-243231.hostingersite.com\/?post_type=product&#038;p=3967"},"modified":"2025-06-03T09:37:39","modified_gmt":"2025-06-03T09:37:39","slug":"13-4l-150-co2-bottle-argon-nitrogen-helium-n2o-air-cylinder","status":"publish","type":"product","link":"https:\/\/hsgascylinder-factory.com\/fr\/produit\/13-4l-150-co2-bottle-argon-nitrogen-helium-n2o-air-cylinder\/","title":{"rendered":"13.4L 150 Bouteille CO2 Argon Azote H\u00e9lium N2O Air Cylinder"},"content":{"rendered":"<p><iframe title=\"Lecteur vid\u00e9o YouTube\" src=\"https:\/\/www.youtube.com\/embed\/mIybAvimC1g?si=NBlsJdBYwZP_RoSE\" width=\"560\" height=\"315\" frameborder=\"0\" allowfullscreen=\"allowfullscreen\"><\/iframe><\/p>\n<p><strong>13.4L 150 Bouteille CO2 Argon Azote H\u00e9lium N2O Air Cylinder<\/strong><\/p>\n<p>Essai d'expansion volum\u00e9trique : La pression de l'eau dans la bouteille doit \u00eatre augment\u00e9e \u00e0 un taux contr\u00f4l\u00e9 jusqu'\u00e0 ce que la pression d'essai, ph, soit atteinte avec une tol\u00e9rance de mesure de 0\/+3 % ou +10 bar, la valeur la plus faible \u00e9tant retenue. La bouteille doit rester sous pression, ph, pendant au moins 30 s et l'expansion volum\u00e9trique totale doit \u00eatre mesur\u00e9e. La pression doit ensuite \u00eatre rel\u00e2ch\u00e9e et l'expansion volum\u00e9trique mesur\u00e9e \u00e0 nouveau.<\/p>\n<p><img alt=\"\" fetchpriority=\"high\" decoding=\"async\" class=\"alignnone wp-image-6564 size-full\" src=\"http:\/\/darkslategray-hippopotamus-243231.hostingersite.com\/wp-content\/uploads\/2025\/03\/7.jpg\" width=\"800\" height=\"800\" srcset=\"https:\/\/hsgascylinder-factory.com\/wp-content\/uploads\/2025\/03\/7.jpg 800w, https:\/\/hsgascylinder-factory.com\/wp-content\/uploads\/2025\/03\/7-300x300.jpg 300w, https:\/\/hsgascylinder-factory.com\/wp-content\/uploads\/2025\/03\/7-150x150.jpg 150w, https:\/\/hsgascylinder-factory.com\/wp-content\/uploads\/2025\/03\/7-768x768.jpg 768w, https:\/\/hsgascylinder-factory.com\/wp-content\/uploads\/2025\/03\/7-12x12.jpg 12w, https:\/\/hsgascylinder-factory.com\/wp-content\/uploads\/2025\/03\/7-500x500.jpg 500w, https:\/\/hsgascylinder-factory.com\/wp-content\/uploads\/2025\/03\/7-600x600.jpg 600w, https:\/\/hsgascylinder-factory.com\/wp-content\/uploads\/2025\/03\/7-100x100.jpg 100w\" sizes=\"(max-width: 800px) 100vw, 800px\" \/><\/p>\n<p>1\u3001Minimum de commande : 100 seulement<\/p>\n<p>2\u3001Utilisation des cylindres : nos cylindres en acier sans soudure sont largement utilis\u00e9s dans l'industrie, les appareils m\u00e9dicaux, la lutte contre les incendies et la recherche scientifique.<\/p>\n<p>3\u3001Les produits peuvent \u00eatre export\u00e9s vers les pays ou r\u00e9gions suivants : Chine, Asie du Sud-Est, Moyen-Orient, Asie, Afrique, Europe, Oc\u00e9anie, Am\u00e9rique.<\/p>\n<p>4\u3001Factory (nous sommes le fabricant)\uff1aShandong Hongsheng Pressure Vessel Co. LTD<\/p>\n<p><img alt=\"\" decoding=\"async\" class=\"alignnone wp-image-6566 size-full\" src=\"http:\/\/darkslategray-hippopotamus-243231.hostingersite.com\/wp-content\/uploads\/2025\/03\/13-4.jpg\" width=\"800\" height=\"800\" srcset=\"https:\/\/hsgascylinder-factory.com\/wp-content\/uploads\/2025\/03\/13-4.jpg 800w, https:\/\/hsgascylinder-factory.com\/wp-content\/uploads\/2025\/03\/13-4-300x300.jpg 300w, https:\/\/hsgascylinder-factory.com\/wp-content\/uploads\/2025\/03\/13-4-150x150.jpg 150w, https:\/\/hsgascylinder-factory.com\/wp-content\/uploads\/2025\/03\/13-4-768x768.jpg 768w, https:\/\/hsgascylinder-factory.com\/wp-content\/uploads\/2025\/03\/13-4-12x12.jpg 12w, https:\/\/hsgascylinder-factory.com\/wp-content\/uploads\/2025\/03\/13-4-500x500.jpg 500w, https:\/\/hsgascylinder-factory.com\/wp-content\/uploads\/2025\/03\/13-4-600x600.jpg 600w, https:\/\/hsgascylinder-factory.com\/wp-content\/uploads\/2025\/03\/13-4-100x100.jpg 100w\" sizes=\"(max-width: 800px) 100vw, 800px\" \/><\/p>\n<p>5\u3001Essai hydraulique des bouteilles de gaz :<\/p>\n<p>La pression de l'eau dans la bouteille doit \u00eatre augment\u00e9e \u00e0 un taux contr\u00f4l\u00e9 jusqu'\u00e0 ce que la pression d'essai, ph, soit atteinte avec une tol\u00e9rance de mesure de 0\/+3 % ou +10 bar, la valeur la plus faible \u00e9tant retenue.<\/p>\n<p>La bouteille doit rester sous pression, ph, pendant au moins 30 s pour s'assurer que la pression ne chute pas et qu'il n'y a pas de fuites.<\/p>\n<p>Pendant la p\u00e9riode o\u00f9 la bouteille est soumise \u00e0 la pression d'essai, elle doit \u00eatre visible (y compris le culot) et rester s\u00e8che. Apr\u00e8s l'essai, la bouteille ne doit pr\u00e9senter aucune d\u00e9formation permanente visible et aucune trace d'humidit\u00e9 impliquant une fuite.<\/p>\n<p><img alt=\"\" decoding=\"async\" class=\"alignnone wp-image-6567 size-full\" src=\"http:\/\/darkslategray-hippopotamus-243231.hostingersite.com\/wp-content\/uploads\/2025\/03\/9-05.jpg\" width=\"900\" height=\"600\" srcset=\"https:\/\/hsgascylinder-factory.com\/wp-content\/uploads\/2025\/03\/9-05.jpg 900w, https:\/\/hsgascylinder-factory.com\/wp-content\/uploads\/2025\/03\/9-05-300x200.jpg 300w, https:\/\/hsgascylinder-factory.com\/wp-content\/uploads\/2025\/03\/9-05-768x512.jpg 768w, https:\/\/hsgascylinder-factory.com\/wp-content\/uploads\/2025\/03\/9-05-18x12.jpg 18w, https:\/\/hsgascylinder-factory.com\/wp-content\/uploads\/2025\/03\/9-05-600x400.jpg 600w\" sizes=\"(max-width: 900px) 100vw, 900px\" \/><\/p>\n<p><strong>6\u300113.4 litre Gas Cylinder Product Parameters table (ISO9809-3 TUV 150BAR)<\/strong><\/p>\n<p>13.4L 150 Bouteille CO2 Argon Azote H\u00e9lium N2O Air Cylinder<\/p>\n<div class=\"nei-table\">\n<table>\n<tbody>\n<tr class=\"firstRow\">\n<td align=\"center\" valign=\"middle\" width=\"318\">Type<\/td>\n<td align=\"center\" valign=\"middle\" width=\"34\">A l'ext\u00e9rieur<\/p>\n<p>Diam\u00e8tre<\/p>\n<p>(mm)<\/td>\n<td align=\"center\" valign=\"middle\" width=\"87\">L'eau<\/p>\n<p>Capacit\u00e9<\/p>\n<p>(L)<\/td>\n<td align=\"center\" valign=\"middle\" width=\"76\">Bouteille<\/p>\n<p>Hauteur<\/p>\n<p>(mm)<\/td>\n<td align=\"center\" valign=\"middle\" width=\"75\">Poids<\/p>\n<p>\uff08kg\uff09<\/td>\n<td align=\"center\" valign=\"middle\" width=\"88\">Travailler<\/p>\n<p>pression<\/p>\n<p>\uff08Bar\uff09<\/td>\n<td align=\"center\" valign=\"middle\" width=\"93\">Mur de conception<\/p>\n<p>l'\u00e9paisseur<\/p>\n<p>\uff08mm\uff09<\/td>\n<td align=\"center\" valign=\"middle\" width=\"82\">Mat\u00e9riau<\/p>\n<p>Notes<\/td>\n<\/tr>\n<tr>\n<td align=\"center\" valign=\"middle\" width=\"324.3333333333333\">WM\u2161140-13.4L-150<\/td>\n<td align=\"center\" valign=\"middle\" width=\"34\">140<\/td>\n<td align=\"center\" valign=\"middle\" width=\"87\">13.4<\/td>\n<td align=\"center\" valign=\"middle\" width=\"76\">1069<\/td>\n<td align=\"center\" valign=\"middle\" width=\"75\">15.5<\/td>\n<td align=\"center\" valign=\"middle\" width=\"88\">150<\/td>\n<td align=\"center\" valign=\"middle\" width=\"93\">3.8<\/td>\n<td align=\"center\" valign=\"middle\" width=\"82\">37MN<\/td>\n<\/tr>\n<tr>\n<td colspan=\"1\" rowspan=\"1\" align=\"center\" valign=\"middle\" width=\"183\">WM\u2161159-13.4L-150<\/td>\n<td colspan=\"1\" rowspan=\"1\" align=\"center\" valign=\"middle\" width=\"34\">159<\/td>\n<td colspan=\"1\" rowspan=\"1\" align=\"center\" valign=\"middle\" width=\"87\">13.4<\/td>\n<td colspan=\"1\" rowspan=\"1\" align=\"center\" valign=\"middle\" width=\"76\">861<\/td>\n<td colspan=\"1\" rowspan=\"1\" align=\"center\" valign=\"middle\" width=\"75\">15.4<\/td>\n<td colspan=\"1\" rowspan=\"1\" align=\"center\" valign=\"middle\" width=\"88\">150<\/td>\n<td colspan=\"1\" rowspan=\"1\" align=\"center\" valign=\"middle\" width=\"93\">3.9<\/td>\n<td colspan=\"1\" rowspan=\"1\" align=\"center\" valign=\"middle\" width=\"82\">37MN<\/td>\n<\/tr>\n<tr>\n<td align=\"center\" valign=\"middle\" width=\"232\">WM\u2161180-13.4L-150<\/td>\n<td align=\"center\" valign=\"middle\" width=\"34\">180<\/td>\n<td align=\"center\" valign=\"middle\" width=\"87\">13.4<\/td>\n<td align=\"center\" valign=\"middle\" width=\"76\">721<\/td>\n<td align=\"center\" valign=\"middle\" width=\"75\">18.6<\/td>\n<td align=\"center\" valign=\"middle\" width=\"88\">150<\/td>\n<td align=\"center\" valign=\"middle\" width=\"93\">4.4<\/td>\n<td align=\"center\" valign=\"middle\" width=\"82\">37MN<\/td>\n<\/tr>\n<\/tbody>\n<\/table>\n<p>&nbsp;<\/p>\n<\/div>","protected":false},"excerpt":{"rendered":"<ul class=\"meta\">\n<li><label>Marque :<\/label>\u00a0HS<\/li>\n<li><label>Origine du produit :<\/label>\u00a0Fabriqu\u00e9 en Chine<\/li>\n<li><label>D\u00e9lai de livraison :<\/label>\u00a015 \u00e0 30 jours<\/li>\n<li><label>Capacit\u00e9 d'approvisionnement :<\/label>\u00a0Production annuelle de plus de 800 000 pi\u00e8ces<\/li>\n<\/ul>\n<p class=\"desc\">13.4L 150bar Bouteille de CO2 Argon Azote H\u00e9lium N2O Bouteille d'air<br \/>\nBouteilles de gaz, Bouteilles de gaz 13.4L, R\u00e9servoirs de gaz N2O 13.4L, Bouteilles d'azote 150bar ; Bouteilles de gaz 13.4 litres ; Bouteilles de gaz 13.4 litres ; R\u00e9servoirs de gaz 13.4 litres<br \/>\nL'\u00e9t\u00e9 doit emp\u00eacher l'insolation ; pas de chocs ni de collisions ;<br \/>\nIl est strictement interdit d'effectuer des soudures \u00e0 l'arc sur des bouteilles de gaz. Il est interdit d'utiliser une source de chaleur dont la temp\u00e9rature d\u00e9passe 40\u2103 pour chauffer la bouteille de gaz, et il est interdit d'utiliser du feu pour cuire le robinet de la bouteille lorsqu'il g\u00e8le.<br \/>\nBouteilles de gaz de 13,4 litres ; TUV ; acier au mangan\u00e8se de 37 mm ; norme de production des bouteilles d'oxyg\u00e8ne GB\/T5099.3 ou ISO9809-3 ; diam\u00e8tre ext\u00e9rieur de la bouteille 140 mm ou 159 mm ; pression d'essai hydrostatique de la bouteille de gaz 250 bars ; pression de service 150 bars ;<br \/>\nLa pression ou le poids r\u00e9siduel de la bouteille de gaz permanent ne doit pas \u00eatre inf\u00e9rieur \u00e0 0,5mpa. Les bouteilles de gaz liqu\u00e9fi\u00e9 ne doivent pas contenir moins de 0,5%-1,0% de la quantit\u00e9 de gaz r\u00e9siduel sp\u00e9cifi\u00e9e ;<br \/>\nHauteur de la bouteille de gaz N2O : 1069 mm ou 861 mm ; poids de la bouteille d'azote : 15,5 kg ou 15,4 kg ; filetage de l'embouchure de la bouteille : PZ27.8,25E ; 3\/4-14 NGT, etc. ; la capacit\u00e9 maximale de stockage de gaz de la bouteille d'argon est de 2m3 (2000 litres) ; l'\u00e9paisseur minimale de la paroi de la bouteille est de 4,3 mm ;<\/p>","protected":false},"featured_media":6563,"template":"","meta":{"_seopress_robots_primary_cat":"none","_seopress_titles_title":"","_seopress_titles_desc":"","_seopress_robots_index":"","_uag_custom_page_level_css":"","site-sidebar-layout":"default","site-content-layout":"","ast-site-content-layout":"default","site-content-style":"default","site-sidebar-style":"default","ast-global-header-display":"","ast-banner-title-visibility":"","ast-main-header-display":"","ast-hfb-above-header-display":"","ast-hfb-below-header-display":"","ast-hfb-mobile-header-display":"","site-post-title":"","ast-breadcrumbs-content":"","ast-featured-img":"","footer-sml-layout":"","ast-disable-related-posts":"","theme-transparent-header-meta":"default","adv-header-id-meta":"","stick-header-meta":"default","header-above-stick-meta":"","header-main-stick-meta":"","header-below-stick-meta":"","astra-migrate-meta-layouts":"set","ast-page-background-enabled":"default","ast-page-background-meta":{"desktop":{"background-color":"","background-image":"","background-repeat":"repeat","background-position":"center center","background-size":"auto","background-attachment":"scroll","background-type":"","background-media":"","overlay-type":"","overlay-color":"","overlay-opacity":"","overlay-gradient":""},"tablet":{"background-color":"","background-image":"","background-repeat":"repeat","background-position":"center center","background-size":"auto","background-attachment":"scroll","background-type":"","background-media":"","overlay-type":"","overlay-color":"","overlay-opacity":"","overlay-gradient":""},"mobile":{"background-color":"","background-image":"","background-repeat":"repeat","background-position":"center center","background-size":"auto","background-attachment":"scroll","background-type":"","background-media":"","overlay-type":"","overlay-color":"","overlay-opacity":"","overlay-gradient":""}},"ast-content-background-meta":{"desktop":{"background-color":"var(--ast-global-color-5)","background-image":"","background-repeat":"repeat","background-position":"center center","background-size":"auto","background-attachment":"scroll","background-type":"","background-media":"","overlay-type":"","overlay-color":"","overlay-opacity":"","overlay-gradient":""},"tablet":{"background-color":"var(--ast-global-color-5)","background-image":"","background-repeat":"repeat","background-position":"center center","background-size":"auto","background-attachment":"scroll","background-type":"","background-media":"","overlay-type":"","overlay-color":"","overlay-opacity":"","overlay-gradient":""},"mobile":{"background-color":"var(--ast-global-color-5)","background-image":"","background-repeat":"repeat","background-position":"center center","background-size":"auto","background-attachment":"scroll","background-type":"","background-media":"","overlay-type":"","overlay-color":"","overlay-opacity":"","overlay-gradient":""}}},"product_brand":[],"product_cat":[43],"product_tag":[],"class_list":{"0":"post-3967","1":"product","2":"type-product","3":"status-publish","4":"has-post-thumbnail","6":"product_cat-tuv","7":"desktop-align-center","8":"tablet-align-left","9":"mobile-align-left","10":"ast-product-gallery-layout-horizontal-slider","11":"ast-product-tabs-layout-horizontal","13":"first","14":"instock","15":"featured","16":"shipping-taxable","17":"product-type-simple"},"uagb_featured_image_src":{"full":["https:\/\/hsgascylinder-factory.com\/wp-content\/uploads\/2025\/03\/13-3.jpg",800,800,false],"thumbnail":["https:\/\/hsgascylinder-factory.com\/wp-content\/uploads\/2025\/03\/13-3-150x150.jpg",150,150,true],"medium":["https:\/\/hsgascylinder-factory.com\/wp-content\/uploads\/2025\/03\/13-3-300x300.jpg",300,300,true],"medium_large":["https:\/\/hsgascylinder-factory.com\/wp-content\/uploads\/2025\/03\/13-3-768x768.jpg",768,768,true],"large":["https:\/\/hsgascylinder-factory.com\/wp-content\/uploads\/2025\/03\/13-3.jpg",800,800,false],"1536x1536":["https:\/\/hsgascylinder-factory.com\/wp-content\/uploads\/2025\/03\/13-3.jpg",800,800,false],"2048x2048":["https:\/\/hsgascylinder-factory.com\/wp-content\/uploads\/2025\/03\/13-3.jpg",800,800,false],"trp-custom-language-flag":["https:\/\/hsgascylinder-factory.com\/wp-content\/uploads\/2025\/03\/13-3-12x12.jpg",12,12,true],"woocommerce_thumbnail":["https:\/\/hsgascylinder-factory.com\/wp-content\/uploads\/2025\/03\/13-3-500x500.jpg",500,500,true],"woocommerce_single":["https:\/\/hsgascylinder-factory.com\/wp-content\/uploads\/2025\/03\/13-3-600x600.jpg",600,600,true],"woocommerce_gallery_thumbnail":["https:\/\/hsgascylinder-factory.com\/wp-content\/uploads\/2025\/03\/13-3-100x100.jpg",100,100,true]},"uagb_author_info":{"display_name":"jinxing6611@gmail.com","author_link":"https:\/\/hsgascylinder-factory.com\/fr\/author\/"},"uagb_comment_info":0,"uagb_excerpt":"Brand:\u00a0HS Product origin:\u00a0Made in China Delivery time:\u00a015 to 30 days Supply capacity:\u00a0Annual output of more than 800,000 pieces 13.4L 150bar CO2 bottle Argon Nitrogen Helium N2O Air cylinder gas Cylinders, 13.4L gas BOTTLES, 13.4L N2O gas tanks, 150bar Nitrogen bottles;13.4 litre gas bottles; 13.4 litre gas cylinder; 13.4 litre gas tanks Summer should prevent insolation;\u2026","_links":{"self":[{"href":"https:\/\/hsgascylinder-factory.com\/fr\/wp-json\/wp\/v2\/product\/3967","targetHints":{"allow":["GET"]}}],"collection":[{"href":"https:\/\/hsgascylinder-factory.com\/fr\/wp-json\/wp\/v2\/product"}],"about":[{"href":"https:\/\/hsgascylinder-factory.com\/fr\/wp-json\/wp\/v2\/types\/product"}],"wp:featuredmedia":[{"embeddable":true,"href":"https:\/\/hsgascylinder-factory.com\/fr\/wp-json\/wp\/v2\/media\/6563"}],"wp:attachment":[{"href":"https:\/\/hsgascylinder-factory.com\/fr\/wp-json\/wp\/v2\/media?parent=3967"}],"wp:term":[{"taxonomy":"product_brand","embeddable":true,"href":"https:\/\/hsgascylinder-factory.com\/fr\/wp-json\/wp\/v2\/product_brand?post=3967"},{"taxonomy":"product_cat","embeddable":true,"href":"https:\/\/hsgascylinder-factory.com\/fr\/wp-json\/wp\/v2\/product_cat?post=3967"},{"taxonomy":"product_tag","embeddable":true,"href":"https:\/\/hsgascylinder-factory.com\/fr\/wp-json\/wp\/v2\/product_tag?post=3967"}],"curies":[{"name":"wp","href":"https:\/\/api.w.org\/{rel}","templated":true}]}}