{"id":3899,"date":"2025-03-31T03:48:50","date_gmt":"2025-03-31T03:48:50","guid":{"rendered":"https:\/\/darkslategray-hippopotamus-243231.hostingersite.com\/?post_type=product&#038;p=3899"},"modified":"2025-03-31T08:35:42","modified_gmt":"2025-03-31T08:35:42","slug":"200bar-medical-oxygen-valve-air-nitrogen-gas-bottles-valve","status":"publish","type":"product","link":"https:\/\/hsgascylinder-factory.com\/fr\/produit\/200bar-medical-oxygen-valve-air-nitrogen-gas-bottles-valve\/","title":{"rendered":"Valve d'oxyg\u00e8ne m\u00e9dical 200bar Valve de bouteilles de gaz air-azote"},"content":{"rendered":"<p><iframe title=\"Lecteur vid\u00e9o YouTube\" src=\"https:\/\/www.youtube.com\/embed\/WKHKy89QaV0?si=NIFUSt4zWFShNTpW\" width=\"560\" height=\"315\" frameborder=\"0\" allowfullscreen=\"allowfullscreen\"><\/iframe><\/p>\n<p><img alt=\"\" fetchpriority=\"high\" decoding=\"async\" class=\"alignnone size-full wp-image-3912\" src=\"https:\/\/darkslategray-hippopotamus-243231.hostingersite.com\/wp-content\/uploads\/2025\/03\/200bmn1.jpg\" width=\"800\" height=\"800\" srcset=\"https:\/\/hsgascylinder-factory.com\/wp-content\/uploads\/2025\/03\/200bmn1.jpg 800w, https:\/\/hsgascylinder-factory.com\/wp-content\/uploads\/2025\/03\/200bmn1-300x300.jpg 300w, https:\/\/hsgascylinder-factory.com\/wp-content\/uploads\/2025\/03\/200bmn1-150x150.jpg 150w, https:\/\/hsgascylinder-factory.com\/wp-content\/uploads\/2025\/03\/200bmn1-768x768.jpg 768w, https:\/\/hsgascylinder-factory.com\/wp-content\/uploads\/2025\/03\/200bmn1-12x12.jpg 12w, https:\/\/hsgascylinder-factory.com\/wp-content\/uploads\/2025\/03\/200bmn1-500x500.jpg 500w, https:\/\/hsgascylinder-factory.com\/wp-content\/uploads\/2025\/03\/200bmn1-600x600.jpg 600w, https:\/\/hsgascylinder-factory.com\/wp-content\/uploads\/2025\/03\/200bmn1-100x100.jpg 100w\" sizes=\"(max-width: 800px) 100vw, 800px\" \/><\/p>\n<p>Les mat\u00e9riaux d'\u00e9tanch\u00e9it\u00e9 du robinet de la bouteille d'oxyg\u00e8ne et de gaz \u00e0 forte oxydation de 200 bars, le volant du robinet de la bouteille de p\u00e9trole liqu\u00e9fi\u00e9 doivent \u00eatre utilis\u00e9s avec des mat\u00e9riaux ignifuges. Les principaux tests de performance avant la livraison sont le test d'\u00e9tanch\u00e9it\u00e9 \u00e0 l'air et le test d'action du dispositif de s\u00e9curit\u00e9 ;<\/p>\n<p>Les mat\u00e9riaux m\u00e9talliques et non m\u00e9talliques en contact avec les gaz dans l'environnement de travail doivent \u00eatre compatibles avec le fluide contenu dans la bouteille, comme sp\u00e9cifi\u00e9 dans les normes ISO 11114-1 et ISO 11114-2.<\/p>\n<p>Les propri\u00e9t\u00e9s m\u00e9caniques des pi\u00e8ces m\u00e9talliques apr\u00e8s forgeage, pressage et usinage doivent r\u00e9pondre aux exigences de r\u00e9sistance de la vanne.<\/p>\n<p>Lorsque le laiton est utilis\u00e9 pour les robinets de bouteilles d'ac\u00e9tyl\u00e8ne \u00e0 dissoudre, la teneur en cuivre ne doit pas d\u00e9passer 65,0%.<\/p>\n<p>Les robinets des bouteilles d'ammoniac liquide ne doivent pas \u00eatre en alliage de cuivre.<\/p>\n<p>Les robinets des bouteilles de chlore liquide doivent \u00eatre fabriqu\u00e9s dans des mat\u00e9riaux r\u00e9sistant \u00e0 la corrosion par l'acide chlorhydrique.<\/p>\n<p><img alt=\"\" decoding=\"async\" class=\"alignnone size-full wp-image-3913\" src=\"https:\/\/darkslategray-hippopotamus-243231.hostingersite.com\/wp-content\/uploads\/2025\/03\/200bmn2.jpg\" width=\"800\" height=\"800\" srcset=\"https:\/\/hsgascylinder-factory.com\/wp-content\/uploads\/2025\/03\/200bmn2.jpg 800w, https:\/\/hsgascylinder-factory.com\/wp-content\/uploads\/2025\/03\/200bmn2-300x300.jpg 300w, https:\/\/hsgascylinder-factory.com\/wp-content\/uploads\/2025\/03\/200bmn2-150x150.jpg 150w, https:\/\/hsgascylinder-factory.com\/wp-content\/uploads\/2025\/03\/200bmn2-768x768.jpg 768w, https:\/\/hsgascylinder-factory.com\/wp-content\/uploads\/2025\/03\/200bmn2-12x12.jpg 12w, https:\/\/hsgascylinder-factory.com\/wp-content\/uploads\/2025\/03\/200bmn2-500x500.jpg 500w, https:\/\/hsgascylinder-factory.com\/wp-content\/uploads\/2025\/03\/200bmn2-600x600.jpg 600w, https:\/\/hsgascylinder-factory.com\/wp-content\/uploads\/2025\/03\/200bmn2-100x100.jpg 100w\" sizes=\"(max-width: 800px) 100vw, 800px\" \/><\/p>\n<p><strong>Mat\u00e9riau du corps de la vanne<\/strong><\/p>\n<p>Le mat\u00e9riau du corps de la soupape ne doit pas passer du plastique \u00e0 des mat\u00e9riaux fragiles (tels que l'alliage de cuivre, l'acier inoxydable aust\u00e9nitique, l'alliage d'aluminium et l'alliage de nickel, etc.), et doit r\u00e9pondre aux exigences de r\u00e9sistance du corps de la soupape, les performances du mat\u00e9riau devant \u00eatre conformes aux normes nationales correspondantes.<\/p>\n<p>Le robinet de bouteille d\u00e9signe le robinet install\u00e9 sur la bouteille pour contr\u00f4ler la mise en marche et l'arr\u00eat du gaz ainsi que le d\u00e9bit. \u00c9galement connu sous le nom de \"robinet de bouteille\".<\/p>","protected":false},"excerpt":{"rendered":"<ul class=\"meta\">\n<li><label>Marque :<\/label>\u00a0HS<\/li>\n<li><label>Origine du produit :<\/label>\u00a0Fabriqu\u00e9 en Chine<\/li>\n<li><label>D\u00e9lai de livraison :<\/label>\u00a015 \u00e0 30 jours<\/li>\n<li><label>Capacit\u00e9 d'approvisionnement :<\/label>\u00a0Production annuelle de plus d'un million<\/li>\n<\/ul>\n<p class=\"desc\">Valve d'oxyg\u00e8ne m\u00e9dical 200bar Valve de bouteille d'air azot\u00e9<br \/>\nMod\u00e8les de vannes communes de 200 bars : QF-5, QF-42E, QF-28, QF-40B, etc.<br \/>\nInformations sur le produit :<br \/>\n1. Afin de garantir la s\u00e9curit\u00e9 d'utilisation, il est stipul\u00e9 que le sens de la spirale de sortie du robinet de la bouteille de gaz doit utiliser le filetage gauche pour les gaz combustibles et le filetage droit pour les gaz non combustibles.<br \/>\n2. Les vannes cylindriques de diff\u00e9rents fluides sont g\u00e9n\u00e9ralement utilis\u00e9es dans diff\u00e9rentes structures. Leurs caract\u00e9ristiques communes sont la plupart du temps manuelles, une structure simple, une petite taille et une grande r\u00e9sistance,<br \/>\n3, robinet de bouteille 200bar : pression de travail : 200bar ; pression d'essai : 300bar, temp\u00e9rature de travail en -40~60\u2103, le mat\u00e9riau peut s'adapter aux caract\u00e9ristiques physiques et chimiques du milieu et g\u00e9n\u00e9ralement utilis\u00e9 le cuivre, certains avec le dispositif de d\u00e9charge de s\u00e9curit\u00e9.<br \/>\n4. Selon leur structure, les vannes cylindriques se divisent en trois cat\u00e9gories : les vannes axiales, les vannes \u00e0 clapet, les vannes \u00e0 aiguille, les vannes \u00e0 raccord en caoutchouc et les vannes \u00e0 diaphragme. Leur champ d'action est la plage de pression des gaz comprim\u00e9s et la plage de temp\u00e9rature des gaz liqu\u00e9fi\u00e9s.<br \/>\n5,Dans la forme et l'identification avant le test de r\u00e9sistance du corps de la vanne et le couple d'ouverture, la plage d'ouverture, la r\u00e9sistance aux vibrations, la r\u00e9sistance \u00e0 l'humidit\u00e9, \u00e0 la haute temp\u00e9rature (ou \u00e0 la basse temp\u00e9rature) et le test de vide.<br \/>\n6\u3001Alias : Valves d'oxyg\u00e8ne gazeux, Valves d'air gazeux, Valves d'air gazeux, Valves d'oxyg\u00e8ne m\u00e9dical<\/p>","protected":false},"featured_media":3902,"template":"","meta":{"_seopress_robots_primary_cat":"","_seopress_titles_title":"","_seopress_titles_desc":"","_seopress_robots_index":"","_uag_custom_page_level_css":"","site-sidebar-layout":"default","site-content-layout":"","ast-site-content-layout":"default","site-content-style":"default","site-sidebar-style":"default","ast-global-header-display":"","ast-banner-title-visibility":"","ast-main-header-display":"","ast-hfb-above-header-display":"","ast-hfb-below-header-display":"","ast-hfb-mobile-header-display":"","site-post-title":"","ast-breadcrumbs-content":"","ast-featured-img":"","footer-sml-layout":"","ast-disable-related-posts":"","theme-transparent-header-meta":"default","adv-header-id-meta":"","stick-header-meta":"default","header-above-stick-meta":"","header-main-stick-meta":"","header-below-stick-meta":"","astra-migrate-meta-layouts":"set","ast-page-background-enabled":"default","ast-page-background-meta":{"desktop":{"background-color":"","background-image":"","background-repeat":"repeat","background-position":"center center","background-size":"auto","background-attachment":"scroll","background-type":"","background-media":"","overlay-type":"","overlay-color":"","overlay-opacity":"","overlay-gradient":""},"tablet":{"background-color":"","background-image":"","background-repeat":"repeat","background-position":"center center","background-size":"auto","background-attachment":"scroll","background-type":"","background-media":"","overlay-type":"","overlay-color":"","overlay-opacity":"","overlay-gradient":""},"mobile":{"background-color":"","background-image":"","background-repeat":"repeat","background-position":"center center","background-size":"auto","background-attachment":"scroll","background-type":"","background-media":"","overlay-type":"","overlay-color":"","overlay-opacity":"","overlay-gradient":""}},"ast-content-background-meta":{"desktop":{"background-color":"var(--ast-global-color-5)","background-image":"","background-repeat":"repeat","background-position":"center center","background-size":"auto","background-attachment":"scroll","background-type":"","background-media":"","overlay-type":"","overlay-color":"","overlay-opacity":"","overlay-gradient":""},"tablet":{"background-color":"var(--ast-global-color-5)","background-image":"","background-repeat":"repeat","background-position":"center center","background-size":"auto","background-attachment":"scroll","background-type":"","background-media":"","overlay-type":"","overlay-color":"","overlay-opacity":"","overlay-gradient":""},"mobile":{"background-color":"var(--ast-global-color-5)","background-image":"","background-repeat":"repeat","background-position":"center center","background-size":"auto","background-attachment":"scroll","background-type":"","background-media":"","overlay-type":"","overlay-color":"","overlay-opacity":"","overlay-gradient":""}}},"product_brand":[],"product_cat":[34],"product_tag":[],"class_list":{"0":"post-3899","1":"product","2":"type-product","3":"status-publish","4":"has-post-thumbnail","6":"product_cat-flowmeter","7":"desktop-align-center","8":"tablet-align-left","9":"mobile-align-left","10":"ast-product-gallery-layout-horizontal-slider","11":"ast-product-tabs-layout-horizontal","13":"first","14":"instock","15":"featured","16":"shipping-taxable","17":"product-type-simple"},"uagb_featured_image_src":{"full":["https:\/\/hsgascylinder-factory.com\/wp-content\/uploads\/2025\/03\/200bm.jpg",800,800,false],"thumbnail":["https:\/\/hsgascylinder-factory.com\/wp-content\/uploads\/2025\/03\/200bm-150x150.jpg",150,150,true],"medium":["https:\/\/hsgascylinder-factory.com\/wp-content\/uploads\/2025\/03\/200bm-300x300.jpg",300,300,true],"medium_large":["https:\/\/hsgascylinder-factory.com\/wp-content\/uploads\/2025\/03\/200bm-768x768.jpg",768,768,true],"large":["https:\/\/hsgascylinder-factory.com\/wp-content\/uploads\/2025\/03\/200bm.jpg",800,800,false],"1536x1536":["https:\/\/hsgascylinder-factory.com\/wp-content\/uploads\/2025\/03\/200bm.jpg",800,800,false],"2048x2048":["https:\/\/hsgascylinder-factory.com\/wp-content\/uploads\/2025\/03\/200bm.jpg",800,800,false],"trp-custom-language-flag":["https:\/\/hsgascylinder-factory.com\/wp-content\/uploads\/2025\/03\/200bm-12x12.jpg",12,12,true],"woocommerce_thumbnail":["https:\/\/hsgascylinder-factory.com\/wp-content\/uploads\/2025\/03\/200bm-500x500.jpg",500,500,true],"woocommerce_single":["https:\/\/hsgascylinder-factory.com\/wp-content\/uploads\/2025\/03\/200bm-600x600.jpg",600,600,true],"woocommerce_gallery_thumbnail":["https:\/\/hsgascylinder-factory.com\/wp-content\/uploads\/2025\/03\/200bm-100x100.jpg",100,100,true]},"uagb_author_info":{"display_name":"jinxing6611@gmail.com","author_link":"https:\/\/hsgascylinder-factory.com\/fr\/author\/"},"uagb_comment_info":0,"uagb_excerpt":"Brand:\u00a0HS Product origin:\u00a0Made in China Delivery time:\u00a015 to 30 days Supply capacity:\u00a0Annual output of more than 1 million 200bar medical oxygen valve air nitrogen cylinder valve 200bar common valve models: QF-5, QF-42E,QF-28,QF-40B, etc Product Information: 1. In order to ensure the safety of use, it is stipulated that the outlet spiral direction of gas cylinder\u2026","_links":{"self":[{"href":"https:\/\/hsgascylinder-factory.com\/fr\/wp-json\/wp\/v2\/product\/3899","targetHints":{"allow":["GET"]}}],"collection":[{"href":"https:\/\/hsgascylinder-factory.com\/fr\/wp-json\/wp\/v2\/product"}],"about":[{"href":"https:\/\/hsgascylinder-factory.com\/fr\/wp-json\/wp\/v2\/types\/product"}],"wp:featuredmedia":[{"embeddable":true,"href":"https:\/\/hsgascylinder-factory.com\/fr\/wp-json\/wp\/v2\/media\/3902"}],"wp:attachment":[{"href":"https:\/\/hsgascylinder-factory.com\/fr\/wp-json\/wp\/v2\/media?parent=3899"}],"wp:term":[{"taxonomy":"product_brand","embeddable":true,"href":"https:\/\/hsgascylinder-factory.com\/fr\/wp-json\/wp\/v2\/product_brand?post=3899"},{"taxonomy":"product_cat","embeddable":true,"href":"https:\/\/hsgascylinder-factory.com\/fr\/wp-json\/wp\/v2\/product_cat?post=3899"},{"taxonomy":"product_tag","embeddable":true,"href":"https:\/\/hsgascylinder-factory.com\/fr\/wp-json\/wp\/v2\/product_tag?post=3899"}],"curies":[{"name":"wp","href":"https:\/\/api.w.org\/{rel}","templated":true}]}}