{"id":3883,"date":"2025-03-31T03:35:49","date_gmt":"2025-03-31T03:35:49","guid":{"rendered":"https:\/\/darkslategray-hippopotamus-243231.hostingersite.com\/?post_type=product&#038;p=3883"},"modified":"2025-03-31T10:33:48","modified_gmt":"2025-03-31T10:33:48","slug":"fighting-tank-68l-150bar-fire-extinguisher-co2-gas-cylinders","status":"publish","type":"product","link":"https:\/\/hsgascylinder-factory.com\/fr\/produit\/fighting-tank-68l-150bar-fire-extinguisher-co2-gas-cylinders\/","title":{"rendered":"R\u00e9servoir de lutte contre l'incendie 68L 150bar Extincteur CO2 Bouteilles de gaz"},"content":{"rendered":"<p><iframe title=\"Lecteur vid\u00e9o YouTube\" src=\"https:\/\/www.youtube.com\/embed\/v--fN-s-KGQ?si=KFMT4G-W-FytQx9w\" width=\"560\" height=\"315\" frameborder=\"0\" allowfullscreen=\"allowfullscreen\"><\/iframe><\/p>\n<p><img alt=\"\" fetchpriority=\"high\" decoding=\"async\" class=\"alignnone size-full wp-image-3896\" src=\"https:\/\/darkslategray-hippopotamus-243231.hostingersite.com\/wp-content\/uploads\/2025\/03\/ft68ln1.jpg\" width=\"800\" height=\"800\" srcset=\"https:\/\/hsgascylinder-factory.com\/wp-content\/uploads\/2025\/03\/ft68ln1.jpg 800w, https:\/\/hsgascylinder-factory.com\/wp-content\/uploads\/2025\/03\/ft68ln1-300x300.jpg 300w, https:\/\/hsgascylinder-factory.com\/wp-content\/uploads\/2025\/03\/ft68ln1-150x150.jpg 150w, https:\/\/hsgascylinder-factory.com\/wp-content\/uploads\/2025\/03\/ft68ln1-768x768.jpg 768w, https:\/\/hsgascylinder-factory.com\/wp-content\/uploads\/2025\/03\/ft68ln1-12x12.jpg 12w, https:\/\/hsgascylinder-factory.com\/wp-content\/uploads\/2025\/03\/ft68ln1-500x500.jpg 500w, https:\/\/hsgascylinder-factory.com\/wp-content\/uploads\/2025\/03\/ft68ln1-600x600.jpg 600w, https:\/\/hsgascylinder-factory.com\/wp-content\/uploads\/2025\/03\/ft68ln1-100x100.jpg 100w\" sizes=\"(max-width: 800px) 100vw, 800px\" \/><\/p>\n<p>Le syst\u00e8me d'extinction d'incendie au dioxyde de carbone \u00e0 haute pression est un moyen purement physique d'\u00e9teindre les incendies en pulv\u00e9risant du dioxyde de carbone liquide \u00e0 haute pression et en utilisant l'asphyxie physique, la vaporisation et l'absorption de chaleur du dioxyde de carbone.<\/p>\n<p>Syst\u00e8me d'extinction d'incendie au dioxyde de carbone \u00e0 haute pression : dispositif d'extinction d'incendie au dioxyde de carbone \u00e0 haute pression, contr\u00f4leur d'extinction d'incendie au gaz, d\u00e9tecteur d'incendie, alarme sonore et lumineuse, voyant d'\u00e9chappement, bouton de d\u00e9marrage et d'arr\u00eat d'urgence, alimentation p\u00e9riph\u00e9rique et autres composants d'un syst\u00e8me d'extinction d'incendie automatique complet.<\/p>\n<p>Peut \u00eatre compos\u00e9 d'un syst\u00e8me ind\u00e9pendant ou d'un syst\u00e8me de distribution combin\u00e9 et d'autres formes, la mise en \u0153uvre d'une ou de plusieurs zones de protection contre l'incendie. Les utilisateurs peuvent choisir entre l'extinction automatique, l'extinction manuelle \u00e9lectrique et l'extinction manuelle d'urgence m\u00e9canique.<\/p>\n<p><img alt=\"\" decoding=\"async\" class=\"alignnone size-full wp-image-3897\" src=\"https:\/\/darkslategray-hippopotamus-243231.hostingersite.com\/wp-content\/uploads\/2025\/03\/ft68ln2.jpg\" width=\"800\" height=\"800\" srcset=\"https:\/\/hsgascylinder-factory.com\/wp-content\/uploads\/2025\/03\/ft68ln2.jpg 800w, https:\/\/hsgascylinder-factory.com\/wp-content\/uploads\/2025\/03\/ft68ln2-300x300.jpg 300w, https:\/\/hsgascylinder-factory.com\/wp-content\/uploads\/2025\/03\/ft68ln2-150x150.jpg 150w, https:\/\/hsgascylinder-factory.com\/wp-content\/uploads\/2025\/03\/ft68ln2-768x768.jpg 768w, https:\/\/hsgascylinder-factory.com\/wp-content\/uploads\/2025\/03\/ft68ln2-12x12.jpg 12w, https:\/\/hsgascylinder-factory.com\/wp-content\/uploads\/2025\/03\/ft68ln2-500x500.jpg 500w, https:\/\/hsgascylinder-factory.com\/wp-content\/uploads\/2025\/03\/ft68ln2-600x600.jpg 600w, https:\/\/hsgascylinder-factory.com\/wp-content\/uploads\/2025\/03\/ft68ln2-100x100.jpg 100w\" sizes=\"(max-width: 800px) 100vw, 800px\" \/><\/p>\n<p><strong>Bouteille de CO2 de 68L 150bar pour extincteur d'incendie<\/strong><\/p>\n<div class=\"nei-table\">\n<table>\n<tbody>\n<tr class=\"firstRow\">\n<td align=\"center\" valign=\"middle\" width=\"192\"><strong>Type<\/strong><\/td>\n<td align=\"center\" valign=\"middle\" width=\"68\"><strong>A l'ext\u00e9rieur<\/strong><\/p>\n<p><strong>Diam\u00e8tre<\/strong><\/p>\n<p><strong>(mm)<\/strong><\/td>\n<td align=\"center\" valign=\"middle\" width=\"73\"><strong>L'eau<\/strong><\/p>\n<p><strong>Capacit\u00e9<\/strong><\/p>\n<p><strong>(L)<\/strong><\/td>\n<td align=\"center\" valign=\"middle\" width=\"86\"><strong>B<\/strong><strong>\u00e9tranglement<\/strong><\/p>\n<p><strong>\u00a0<\/strong><strong>Hauteur<\/strong><\/p>\n<p><strong>(mm)<\/strong><\/td>\n<td align=\"center\" valign=\"middle\" width=\"84\"><strong>Poids<\/strong><\/p>\n<p><strong>\uff08kg\uff09<\/strong><\/td>\n<td align=\"center\" valign=\"middle\" width=\"100\"><strong>Travailler\u00a0<\/strong><\/p>\n<p><strong>pression<\/strong><\/p>\n<p><strong>\uff08<\/strong><strong>B<\/strong><strong>ar\uff09<\/strong><\/td>\n<td align=\"center\" valign=\"middle\" width=\"114\"><strong>Mur de conception\u00a0<\/strong><\/p>\n<p><strong>l'\u00e9paisseur<\/strong><\/p>\n<p><strong>\uff08mm\uff09<\/strong><\/td>\n<td align=\"center\" valign=\"middle\" width=\"92\"><strong>Mat\u00e9riau<\/strong><\/p>\n<p><strong>Notes<\/strong><\/td>\n<\/tr>\n<tr>\n<td align=\"center\" valign=\"middle\" width=\"431\"><strong>ISO267-68.0L-150<\/strong><\/td>\n<td align=\"center\" valign=\"middle\" width=\"5\"><strong>267<\/strong><\/td>\n<td align=\"center\" valign=\"middle\" width=\"73\"><strong>68.0<\/strong><\/td>\n<td align=\"center\" valign=\"middle\" width=\"86\"><strong>1480<\/strong><\/td>\n<td align=\"center\" valign=\"middle\" width=\"84\"><strong>70.7<\/strong><\/td>\n<td align=\"center\" valign=\"middle\" width=\"100\"><strong>150<\/strong><\/td>\n<td align=\"center\" valign=\"middle\" width=\"114\"><strong>6.2<\/strong><\/td>\n<td align=\"center\" valign=\"middle\" width=\"92\"><strong>37MN<\/strong><\/td>\n<\/tr>\n<\/tbody>\n<\/table>\n<p><img alt=\"\" decoding=\"async\" class=\"alignnone size-full wp-image-3889\" src=\"https:\/\/darkslategray-hippopotamus-243231.hostingersite.com\/wp-content\/uploads\/2025\/03\/ft68l2-3.jpg\" width=\"800\" height=\"800\" srcset=\"https:\/\/hsgascylinder-factory.com\/wp-content\/uploads\/2025\/03\/ft68l2-3.jpg 800w, https:\/\/hsgascylinder-factory.com\/wp-content\/uploads\/2025\/03\/ft68l2-3-300x300.jpg 300w, https:\/\/hsgascylinder-factory.com\/wp-content\/uploads\/2025\/03\/ft68l2-3-150x150.jpg 150w, https:\/\/hsgascylinder-factory.com\/wp-content\/uploads\/2025\/03\/ft68l2-3-768x768.jpg 768w, https:\/\/hsgascylinder-factory.com\/wp-content\/uploads\/2025\/03\/ft68l2-3-12x12.jpg 12w, https:\/\/hsgascylinder-factory.com\/wp-content\/uploads\/2025\/03\/ft68l2-3-500x500.jpg 500w, https:\/\/hsgascylinder-factory.com\/wp-content\/uploads\/2025\/03\/ft68l2-3-600x600.jpg 600w, https:\/\/hsgascylinder-factory.com\/wp-content\/uploads\/2025\/03\/ft68l2-3-100x100.jpg 100w\" sizes=\"(max-width: 800px) 100vw, 800px\" \/><\/p>\n<p>Le syst\u00e8me d'extinction d'incendie au dioxyde de carbone marin peut \u00eatre divis\u00e9 en syst\u00e8me d'extinction d'incendie au dioxyde de carbone \u00e0 basse pression et en syst\u00e8me d'extinction d'incendie au dioxyde de carbone \u00e0 haute pression en fonction du mode de stockage. Le syst\u00e8me \u00e0 haute pression d\u00e9signe le syst\u00e8me qui stocke le dioxyde de carbone \u00e0 la temp\u00e9rature normale, tandis que le syst\u00e8me \u00e0 basse pression d\u00e9signe le syst\u00e8me qui stocke le dioxyde de carbone \u00e0 -20~-18 \u2103.<\/p>\n<p>Les syst\u00e8mes de dioxyde de carbone \u00e0 haute pression sont largement utilis\u00e9s dans les navires modernes. Le principe d'extinction des incendies du syst\u00e8me de dioxyde de carbone marin consiste \u00e0 lib\u00e9rer suffisamment de dioxyde de carbone sur le site de protection, \u00e0 r\u00e9duire la teneur en oxyg\u00e8ne et \u00e0 r\u00e9aliser l'asphyxie et l'extinction des incendies.<\/p>\n<p><img alt=\"\" loading=\"lazy\" decoding=\"async\" class=\"alignnone size-full wp-image-3898\" src=\"https:\/\/darkslategray-hippopotamus-243231.hostingersite.com\/wp-content\/uploads\/2025\/03\/ft68ln4.jpg\" width=\"800\" height=\"800\" srcset=\"https:\/\/hsgascylinder-factory.com\/wp-content\/uploads\/2025\/03\/ft68ln4.jpg 800w, https:\/\/hsgascylinder-factory.com\/wp-content\/uploads\/2025\/03\/ft68ln4-300x300.jpg 300w, https:\/\/hsgascylinder-factory.com\/wp-content\/uploads\/2025\/03\/ft68ln4-150x150.jpg 150w, https:\/\/hsgascylinder-factory.com\/wp-content\/uploads\/2025\/03\/ft68ln4-768x768.jpg 768w, https:\/\/hsgascylinder-factory.com\/wp-content\/uploads\/2025\/03\/ft68ln4-12x12.jpg 12w, https:\/\/hsgascylinder-factory.com\/wp-content\/uploads\/2025\/03\/ft68ln4-500x500.jpg 500w, https:\/\/hsgascylinder-factory.com\/wp-content\/uploads\/2025\/03\/ft68ln4-600x600.jpg 600w, https:\/\/hsgascylinder-factory.com\/wp-content\/uploads\/2025\/03\/ft68ln4-100x100.jpg 100w\" sizes=\"(max-width: 800px) 100vw, 800px\" \/><\/p>\n<p>t peut \u00eatre utilis\u00e9 pour les incendies de gaz avant que le feu n'ait coup\u00e9 la source de gaz, les incendies liquides ou solides d'asphalte, de paraffine et d'autres mat\u00e9riaux fusibles, les incendies de coton, de tissu et d'autres surfaces solides courantes, y compris les incendies \u00e9lectriques d'instruments de pr\u00e9cision, etc. Ne peut pas \u00eatre utilis\u00e9 pour la nitrocellulose, la poudre \u00e0 canon et d'autres produits chimiques contenant des oxydants, les incendies de potassium, de sodium, de magn\u00e9sium, de titane, de zirconium et d'autres m\u00e9taux actifs, les incendies de cyanure de potassium, de cyanure de sodium et d'autres cyanures m\u00e9talliques.<\/p>\n<\/div>","protected":false},"excerpt":{"rendered":"<p>Marque : HS<br \/>\nOrigine du produit : Fabriqu\u00e9 en Chine<br \/>\nD\u00e9lai de livraison : 15 \u00e0 30 jours<br \/>\nCapacit\u00e9 d'approvisionnement : Production annuelle de plus de 800 000 pi\u00e8ces<br \/>\nBouteille de CO2 de 68L 150bar pour extincteur d'incendie<br \/>\nInformations sur le produit :<br \/>\n1. Bouteille de gaz dioxyde de carbone liqu\u00e9fi\u00e9 de 68 litres ; 37 mn ; diam\u00e8tre ext\u00e9rieur du r\u00e9servoir de gaz de 267 mm ; norme de production Iso9809-1 ; pression de travail de 150 ou 172 bars ; pression d'essai hydrostatique de 258 bars ;<\/p>\n<p>2. La hauteur de la bouteille de dioxyde de carbone de 68 litres est de 1480 mm ; le poids de la bouteille de dioxyde de carbone de 68 litres est de 70,7 kg ; la capacit\u00e9 maximale de remplissage de dioxyde de carbone liquide de 68 litres est de 51 kg (9000 l) ; l'\u00e9paisseur minimale de la paroi de la bouteille est de 6,2 mm ; le filetage de l'embouchure de la bouteille de dioxyde de carbone est de PZ27.8 ; 25E ; PZ39 ; 3\/4-14 NGT, etc ;<\/p>\n<p>3, utilisation : syst\u00e8me de lutte contre l'incendie<br \/>\n4, alias : 68L Fire cylinders, Fire cylinders, Fire Extinguisher Cylinder, CO2 Gas Cylinder, Fire Fighting Tanks<\/p>\n<p>Shandong Hongsheng Pressure Vessel Co. est pr\u00eat \u00e0 devenir votre partenaire \u00e0 long terme et votre responsable de la s\u00e9curit\u00e9 des bouteilles, et \u00e0 assurer conjointement la s\u00e9curit\u00e9 de vos bouteilles.<\/p>","protected":false},"featured_media":3886,"template":"","meta":{"_seopress_robots_primary_cat":"none","_seopress_titles_title":"","_seopress_titles_desc":"","_seopress_robots_index":"","_uag_custom_page_level_css":"","site-sidebar-layout":"default","site-content-layout":"","ast-site-content-layout":"default","site-content-style":"default","site-sidebar-style":"default","ast-global-header-display":"","ast-banner-title-visibility":"","ast-main-header-display":"","ast-hfb-above-header-display":"","ast-hfb-below-header-display":"","ast-hfb-mobile-header-display":"","site-post-title":"","ast-breadcrumbs-content":"","ast-featured-img":"","footer-sml-layout":"","ast-disable-related-posts":"","theme-transparent-header-meta":"default","adv-header-id-meta":"","stick-header-meta":"default","header-above-stick-meta":"","header-main-stick-meta":"","header-below-stick-meta":"","astra-migrate-meta-layouts":"set","ast-page-background-enabled":"default","ast-page-background-meta":{"desktop":{"background-color":"","background-image":"","background-repeat":"repeat","background-position":"center center","background-size":"auto","background-attachment":"scroll","background-type":"","background-media":"","overlay-type":"","overlay-color":"","overlay-opacity":"","overlay-gradient":""},"tablet":{"background-color":"","background-image":"","background-repeat":"repeat","background-position":"center center","background-size":"auto","background-attachment":"scroll","background-type":"","background-media":"","overlay-type":"","overlay-color":"","overlay-opacity":"","overlay-gradient":""},"mobile":{"background-color":"","background-image":"","background-repeat":"repeat","background-position":"center center","background-size":"auto","background-attachment":"scroll","background-type":"","background-media":"","overlay-type":"","overlay-color":"","overlay-opacity":"","overlay-gradient":""}},"ast-content-background-meta":{"desktop":{"background-color":"var(--ast-global-color-5)","background-image":"","background-repeat":"repeat","background-position":"center center","background-size":"auto","background-attachment":"scroll","background-type":"","background-media":"","overlay-type":"","overlay-color":"","overlay-opacity":"","overlay-gradient":""},"tablet":{"background-color":"var(--ast-global-color-5)","background-image":"","background-repeat":"repeat","background-position":"center center","background-size":"auto","background-attachment":"scroll","background-type":"","background-media":"","overlay-type":"","overlay-color":"","overlay-opacity":"","overlay-gradient":""},"mobile":{"background-color":"var(--ast-global-color-5)","background-image":"","background-repeat":"repeat","background-position":"center center","background-size":"auto","background-attachment":"scroll","background-type":"","background-media":"","overlay-type":"","overlay-color":"","overlay-opacity":"","overlay-gradient":""}}},"product_brand":[],"product_cat":[35],"product_tag":[],"class_list":{"0":"post-3883","1":"product","2":"type-product","3":"status-publish","4":"has-post-thumbnail","6":"product_cat-fire","7":"desktop-align-center","8":"tablet-align-left","9":"mobile-align-left","10":"ast-product-gallery-layout-horizontal-slider","11":"ast-product-tabs-layout-horizontal","13":"first","14":"instock","15":"featured","16":"shipping-taxable","17":"product-type-simple"},"uagb_featured_image_src":{"full":["https:\/\/hsgascylinder-factory.com\/wp-content\/uploads\/2025\/03\/ft68l.jpg",800,800,false],"thumbnail":["https:\/\/hsgascylinder-factory.com\/wp-content\/uploads\/2025\/03\/ft68l-150x150.jpg",150,150,true],"medium":["https:\/\/hsgascylinder-factory.com\/wp-content\/uploads\/2025\/03\/ft68l-300x300.jpg",300,300,true],"medium_large":["https:\/\/hsgascylinder-factory.com\/wp-content\/uploads\/2025\/03\/ft68l-768x768.jpg",768,768,true],"large":["https:\/\/hsgascylinder-factory.com\/wp-content\/uploads\/2025\/03\/ft68l.jpg",800,800,false],"1536x1536":["https:\/\/hsgascylinder-factory.com\/wp-content\/uploads\/2025\/03\/ft68l.jpg",800,800,false],"2048x2048":["https:\/\/hsgascylinder-factory.com\/wp-content\/uploads\/2025\/03\/ft68l.jpg",800,800,false],"trp-custom-language-flag":["https:\/\/hsgascylinder-factory.com\/wp-content\/uploads\/2025\/03\/ft68l-12x12.jpg",12,12,true],"woocommerce_thumbnail":["https:\/\/hsgascylinder-factory.com\/wp-content\/uploads\/2025\/03\/ft68l-500x500.jpg",500,500,true],"woocommerce_single":["https:\/\/hsgascylinder-factory.com\/wp-content\/uploads\/2025\/03\/ft68l-600x600.jpg",600,600,true],"woocommerce_gallery_thumbnail":["https:\/\/hsgascylinder-factory.com\/wp-content\/uploads\/2025\/03\/ft68l-100x100.jpg",100,100,true]},"uagb_author_info":{"display_name":"jinxing6611@gmail.com","author_link":"https:\/\/hsgascylinder-factory.com\/fr\/author\/"},"uagb_comment_info":0,"uagb_excerpt":"Brand: HS Product origin: Made in China Delivery time: 15 to 30 days Supply capacity: Annual output of more than 800,000 pieces 68L 150bar CO2 cylinder for fire extinguisher Product Information: 1. 68 litre liquefied carbon dioxide gas cylinder; 37 mn; External diameter of 267mm gas tank; Iso9809-1 production standard; Working pressure 150bar or 172bar;\u2026","_links":{"self":[{"href":"https:\/\/hsgascylinder-factory.com\/fr\/wp-json\/wp\/v2\/product\/3883","targetHints":{"allow":["GET"]}}],"collection":[{"href":"https:\/\/hsgascylinder-factory.com\/fr\/wp-json\/wp\/v2\/product"}],"about":[{"href":"https:\/\/hsgascylinder-factory.com\/fr\/wp-json\/wp\/v2\/types\/product"}],"wp:featuredmedia":[{"embeddable":true,"href":"https:\/\/hsgascylinder-factory.com\/fr\/wp-json\/wp\/v2\/media\/3886"}],"wp:attachment":[{"href":"https:\/\/hsgascylinder-factory.com\/fr\/wp-json\/wp\/v2\/media?parent=3883"}],"wp:term":[{"taxonomy":"product_brand","embeddable":true,"href":"https:\/\/hsgascylinder-factory.com\/fr\/wp-json\/wp\/v2\/product_brand?post=3883"},{"taxonomy":"product_cat","embeddable":true,"href":"https:\/\/hsgascylinder-factory.com\/fr\/wp-json\/wp\/v2\/product_cat?post=3883"},{"taxonomy":"product_tag","embeddable":true,"href":"https:\/\/hsgascylinder-factory.com\/fr\/wp-json\/wp\/v2\/product_tag?post=3883"}],"curies":[{"name":"wp","href":"https:\/\/api.w.org\/{rel}","templated":true}]}}