{"id":3869,"date":"2025-03-31T03:14:13","date_gmt":"2025-03-31T03:14:13","guid":{"rendered":"https:\/\/darkslategray-hippopotamus-243231.hostingersite.com\/?post_type=product&#038;p=3869"},"modified":"2025-03-31T08:35:55","modified_gmt":"2025-03-31T08:35:55","slug":"40l-oxygen-gas-tanks-export-dissolved-acetylene-cylinder","status":"publish","type":"product","link":"https:\/\/hsgascylinder-factory.com\/fr\/produit\/40l-oxygen-gas-tanks-export-dissolved-acetylene-cylinder\/","title":{"rendered":"R\u00e9servoirs d'oxyg\u00e8ne 40L Bouteille d'ac\u00e9tyl\u00e8ne dissous pour l'exportation"},"content":{"rendered":"<p><iframe width=\"560\" height=\"315\" src=\"https:\/\/www.youtube.com\/embed\/zkDrS3o0gJc?si=SdlCiNMAZZWJ2GYm\" title=\"Lecteur vid\u00e9o YouTube\" frameborder=\"0\" allow=\"accelerometer; autoplay; clipboard-write; encrypted-media; gyroscope; picture-in-picture; web-share\" referrerpolicy=\"strict-origin-when-cross-origin\" allowfullscreen><\/iframe><br \/>\n<img alt=\"\" fetchpriority=\"high\" decoding=\"async\" class=\"alignnone size-full wp-image-3879\" src=\"https:\/\/darkslategray-hippopotamus-243231.hostingersite.com\/wp-content\/uploads\/2025\/03\/40log9.jpg\" width=\"800\" height=\"800\" srcset=\"https:\/\/hsgascylinder-factory.com\/wp-content\/uploads\/2025\/03\/40log9.jpg 800w, https:\/\/hsgascylinder-factory.com\/wp-content\/uploads\/2025\/03\/40log9-300x300.jpg 300w, https:\/\/hsgascylinder-factory.com\/wp-content\/uploads\/2025\/03\/40log9-150x150.jpg 150w, https:\/\/hsgascylinder-factory.com\/wp-content\/uploads\/2025\/03\/40log9-768x768.jpg 768w, https:\/\/hsgascylinder-factory.com\/wp-content\/uploads\/2025\/03\/40log9-12x12.jpg 12w, https:\/\/hsgascylinder-factory.com\/wp-content\/uploads\/2025\/03\/40log9-500x500.jpg 500w, https:\/\/hsgascylinder-factory.com\/wp-content\/uploads\/2025\/03\/40log9-600x600.jpg 600w, https:\/\/hsgascylinder-factory.com\/wp-content\/uploads\/2025\/03\/40log9-100x100.jpg 100w\" sizes=\"(max-width: 800px) 100vw, 800px\" \/><\/p>\n<p>Les bouteilles d'oxyg\u00e8ne et d'ac\u00e9tyl\u00e8ne doivent \u00eatre plac\u00e9es s\u00e9par\u00e9ment, \u00e0 au moins 5 m\u00e8tres l'une de l'autre et \u00e0 10 m\u00e8tres d'une flamme nue.<\/p>\n<p>Les bouteilles de gaz doivent \u00eatre plac\u00e9es verticalement, et non couch\u00e9es, et des mesures doivent \u00eatre prises pour \u00e9viter qu'elles ne soient jet\u00e9es.<\/p>\n<p>N'utilisez pas d'outils, de gants ou de v\u00eatements de travail tach\u00e9s de graisse pour entrer en contact avec les robinets des bouteilles d'oxyg\u00e8ne, les d\u00e9tendeurs, etc.<\/p>\n<p>Il est strictement interdit de chauffer la bouteille avec une source de chaleur dont la temp\u00e9rature d\u00e9passe 40 degr\u00e9s Celsius.<\/p>\n<p>Pour ouvrir ou fermer le robinet de la bouteille, utilisez une cl\u00e9 \u00e0 main ou une cl\u00e9 sp\u00e9ciale.<\/p>\n<p>Apr\u00e8s avoir utilis\u00e9 la bouteille, fermez le robinet, rel\u00e2chez la pression du d\u00e9tendeur et portez un bouchon de bouteille.<\/p>\n<p>Si une fuite de la bouteille de gaz est constat\u00e9e en cours d'utilisation, il convient d'en rechercher la cause et de prendre des mesures correctives \u00e0 temps.<\/p>\n<p>Les bouteilles de gaz doivent \u00eatre conserv\u00e9es correctement apr\u00e8s utilisation. Les bouteilles vides doivent porter l'\u00e9tiquette \"bouteille vide\" ; les bouteilles contenant du gaz partiellement utilis\u00e9 doivent porter l'\u00e9tiquette \"en cours d'utilisation\" ; les bouteilles pleines inutilis\u00e9es doivent porter l'\u00e9tiquette \"pleine\".<\/p>\n<p><img alt=\"\" decoding=\"async\" class=\"alignnone size-full wp-image-3881\" src=\"https:\/\/darkslategray-hippopotamus-243231.hostingersite.com\/wp-content\/uploads\/2025\/03\/40logn2.jpg\" width=\"900\" height=\"600\" \/><\/p>\n<p><strong>Bouteille d'ac\u00e9tyl\u00e8ne dissous avec sortie de r\u00e9servoir d'oxyg\u00e8ne 40L<\/strong><\/p>\n<div class=\"nei-table\">\n<div class=\"nei-table\">\n<table>\n<tbody>\n<tr class=\"firstRow\">\n<td colspan=\"1\" rowspan=\"1\" align=\"center\" valign=\"middle\" width=\"181\">Nom commercial<\/td>\n<td align=\"center\" valign=\"middle\" width=\"5\">Type<\/td>\n<td align=\"center\" valign=\"middle\" width=\"146\">Diam\u00e8tre ext\u00e9rieur<\/p>\n<p>(mm)<\/td>\n<td align=\"center\" valign=\"middle\" width=\"130\">Capacit\u00e9 en eau<\/p>\n<p>(L)<\/td>\n<td align=\"center\" valign=\"middle\" width=\"146\">Pression de service<\/p>\n<p>\uff08Bar\uff09<\/td>\n<td align=\"center\" valign=\"middle\" width=\"120\">\u00c9paisseur de paroi nominale<\/p>\n<p>\uff08mm\uff09<\/td>\n<td align=\"center\" valign=\"middle\" width=\"74\">Mati\u00e8res<\/p>\n<p>Notes<\/td>\n<\/tr>\n<tr>\n<td colspan=\"1\" rowspan=\"1\" align=\"center\" valign=\"middle\" width=\"181\"><a data-keyword=\"oxygen cylinder\">bouteille d'oxyg\u00e8ne<\/a><\/td>\n<td align=\"center\" valign=\"middle\" width=\"5\">40.0L<\/td>\n<td align=\"center\" valign=\"middle\" width=\"146\">219<\/td>\n<td align=\"center\" valign=\"middle\" width=\"130\">40.0<\/td>\n<td align=\"center\" valign=\"middle\" width=\"146\">150<\/td>\n<td align=\"center\" valign=\"middle\" width=\"120\">5.7<\/td>\n<td align=\"center\" valign=\"middle\" width=\"74\">37MN<\/td>\n<\/tr>\n<tr>\n<td colspan=\"1\" rowspan=\"1\" align=\"center\" valign=\"middle\" width=\"181\">bouteille d'ac\u00e9tyl\u00e8ne<\/td>\n<td colspan=\"1\" rowspan=\"1\" align=\"center\" valign=\"middle\" width=\"5\">40.0L<\/td>\n<td colspan=\"1\" rowspan=\"1\" align=\"center\" valign=\"middle\" width=\"146\">250<\/td>\n<td colspan=\"1\" rowspan=\"1\" align=\"center\" valign=\"middle\" width=\"130\">40.0<\/td>\n<td colspan=\"1\" rowspan=\"1\" align=\"center\" valign=\"middle\" width=\"146\">5.2Mpa<\/td>\n<td colspan=\"1\" rowspan=\"1\" align=\"center\" valign=\"middle\" width=\"120\">3.3<\/td>\n<td colspan=\"1\" rowspan=\"1\" align=\"center\" valign=\"middle\" width=\"74\">HP295<\/p>\n<p>&nbsp;<\/td>\n<\/tr>\n<\/tbody>\n<\/table>\n<\/div>\n<\/div>\n<p><img alt=\"\" decoding=\"async\" class=\"alignnone size-full wp-image-3881\" src=\"https:\/\/darkslategray-hippopotamus-243231.hostingersite.com\/wp-content\/uploads\/2025\/03\/40logn3.jpg\" width=\"900\" height=\"600\" srcset=\"https:\/\/hsgascylinder-factory.com\/wp-content\/uploads\/2025\/03\/40logn3.jpg 900w, https:\/\/hsgascylinder-factory.com\/wp-content\/uploads\/2025\/03\/40logn3-300x200.jpg 300w, https:\/\/hsgascylinder-factory.com\/wp-content\/uploads\/2025\/03\/40logn3-768x512.jpg 768w, https:\/\/hsgascylinder-factory.com\/wp-content\/uploads\/2025\/03\/40logn3-18x12.jpg 18w, https:\/\/hsgascylinder-factory.com\/wp-content\/uploads\/2025\/03\/40logn3-600x400.jpg 600w\" sizes=\"(max-width: 900px) 100vw, 900px\" \/><\/p>\n<p>La combustibilit\u00e9 de l'oxyg\u00e8ne, l'interdiction de l'huile, l'interdiction du feu, c'est du bon sens.<\/p>\n<p>Certaines installations d'oxyg\u00e8ne peuvent se trouver sur le site de coupe, dans la station de collecte des d\u00e9chets, etc., pour le remplissage ou les op\u00e9rations de soudage et de coupe, le site est plein d'huile, sale et d\u00e9sordonn\u00e9 ; certains essaient m\u00eame de mettre du gaz en bouteille avec un briquet, il y a des cigarettes dans la bouche pour ouvrir la valve d'oxyg\u00e8ne, ce qui est difficile d'\u00e9viter les accidents dus \u00e0 l'explosion.<\/p>\n<p>Afin de r\u00e9duire le nombre de victimes d'explosions de bouteilles sur les chantiers de soudage et de d\u00e9coupage, les bouteilles d'oxyg\u00e8ne et les bouteilles d'ac\u00e9tyl\u00e8ne dissous doivent \u00eatre tir\u00e9es un peu plus longtemps, ce qui permet d'\u00e9loigner la bouteille de l'op\u00e9rateur.<\/p>\n<p>Il y a une bouteille de gaz de couleur inconnue, on ne peut pas dire ce qu'est la bouteille.<\/p>\n<p>L'utilisation de bouteilles d'hydrog\u00e8ne pour remplir de l'oxyg\u00e8ne est souvent due au fait que le code couleur n'est pas \u00e9vident, ce qui accro\u00eet les risques pour la s\u00e9curit\u00e9.<\/p>","protected":false},"excerpt":{"rendered":"<ul class=\"meta\">\n<li><label>Marque :<\/label>\u00a0HS<\/li>\n<li><label>Origine du produit :<\/label>\u00a0Fabriqu\u00e9 en Chine<\/li>\n<li><label>D\u00e9lai de livraison :<\/label>\u00a015 \u00e0 30 jours<\/li>\n<li><label>Capacit\u00e9 d'approvisionnement :<\/label>\u00a0Production annuelle de plus de 800 000 pi\u00e8ces<\/li>\n<\/ul>\n<p class=\"desc\">Bouteille d'ac\u00e9tyl\u00e8ne dissous avec sortie de r\u00e9servoir d'oxyg\u00e8ne 40L<br \/>\nInformations sur le produit :<br \/>\n1. Norme de production GB11638 ; 40 litres ; diam\u00e8tre ext\u00e9rieur du cylindre 250 mm ; pression de remplissage : 1,56 MPa. Pression d'essai hydraulique : 5,2mpa ; Pression d'essai de fuite : 3,0 Mpar ; Mat\u00e9riau HP295 ; Made-in-china<br \/>\n2. L'\u00e9paisseur minimale de la paroi de la bouteille de gaz est de 3,3 mm ; le poids du corps de la bouteille est de 39+1 kg ; la hauteur de la bouteille est de 1040 mm (corps de la bouteille) ; le filetage de l'embouchure de la bouteille est de PZ39 ; et ainsi de suite : PZ39 ; etc ;<br \/>\n3. Alias : Bouteille d'ac\u00e9tyl\u00e8ne dissous, bouteille d'ac\u00e9tyl\u00e8ne pour l'exportation, bouteille d'ac\u00e9tyl\u00e8ne de 40 litres, bouteille d'oxyg\u00e8ne et d'ac\u00e9tyl\u00e8ne, r\u00e9servoirs d'ac\u00e9tyl\u00e8ne.<br \/>\nConseils pour une utilisation s\u00fbre des bouteilles de gaz :<br \/>\nLes bouteilles d'ac\u00e9tyl\u00e8ne sont \u00e9quip\u00e9es d'anneaux en caoutchouc antichocs, con\u00e7us pour \u00e9viter les collisions lors du chargement, du d\u00e9chargement, du transport et de l'utilisation. L'anneau en caoutchouc est un mat\u00e9riau isolant, qui correspond \u00e0 l'isolant \u00e9lectrique de la bouteille d'ac\u00e9tyl\u00e8ne. L'\u00e9lectricit\u00e9 statique g\u00e9n\u00e9r\u00e9e par la bouteille ne peut donc pas se propager \u00e0 la terre, mais s'accumule sur le corps de la bouteille, ce qui produit facilement des \u00e9tincelles \u00e9lectrostatiques et, en cas de fuite de gaz d'ac\u00e9tyl\u00e8ne, des accidents de combustion et d'explosion.<br \/>\nShandong Hongsheng est pr\u00eat \u00e0 devenir votre partenaire \u00e0 long terme et votre responsable en chef de la s\u00e9curit\u00e9 des bouteilles, et \u00e0 assurer conjointement la s\u00e9curit\u00e9 de vos bouteilles.<\/p>","protected":false},"featured_media":3870,"template":"","meta":{"_seopress_robots_primary_cat":"","_seopress_titles_title":"","_seopress_titles_desc":"","_seopress_robots_index":"","_uag_custom_page_level_css":"","site-sidebar-layout":"default","site-content-layout":"","ast-site-content-layout":"default","site-content-style":"default","site-sidebar-style":"default","ast-global-header-display":"","ast-banner-title-visibility":"","ast-main-header-display":"","ast-hfb-above-header-display":"","ast-hfb-below-header-display":"","ast-hfb-mobile-header-display":"","site-post-title":"","ast-breadcrumbs-content":"","ast-featured-img":"","footer-sml-layout":"","ast-disable-related-posts":"","theme-transparent-header-meta":"default","adv-header-id-meta":"","stick-header-meta":"default","header-above-stick-meta":"","header-main-stick-meta":"","header-below-stick-meta":"","astra-migrate-meta-layouts":"set","ast-page-background-enabled":"default","ast-page-background-meta":{"desktop":{"background-color":"","background-image":"","background-repeat":"repeat","background-position":"center center","background-size":"auto","background-attachment":"scroll","background-type":"","background-media":"","overlay-type":"","overlay-color":"","overlay-opacity":"","overlay-gradient":""},"tablet":{"background-color":"","background-image":"","background-repeat":"repeat","background-position":"center center","background-size":"auto","background-attachment":"scroll","background-type":"","background-media":"","overlay-type":"","overlay-color":"","overlay-opacity":"","overlay-gradient":""},"mobile":{"background-color":"","background-image":"","background-repeat":"repeat","background-position":"center center","background-size":"auto","background-attachment":"scroll","background-type":"","background-media":"","overlay-type":"","overlay-color":"","overlay-opacity":"","overlay-gradient":""}},"ast-content-background-meta":{"desktop":{"background-color":"var(--ast-global-color-5)","background-image":"","background-repeat":"repeat","background-position":"center center","background-size":"auto","background-attachment":"scroll","background-type":"","background-media":"","overlay-type":"","overlay-color":"","overlay-opacity":"","overlay-gradient":""},"tablet":{"background-color":"var(--ast-global-color-5)","background-image":"","background-repeat":"repeat","background-position":"center center","background-size":"auto","background-attachment":"scroll","background-type":"","background-media":"","overlay-type":"","overlay-color":"","overlay-opacity":"","overlay-gradient":""},"mobile":{"background-color":"var(--ast-global-color-5)","background-image":"","background-repeat":"repeat","background-position":"center center","background-size":"auto","background-attachment":"scroll","background-type":"","background-media":"","overlay-type":"","overlay-color":"","overlay-opacity":"","overlay-gradient":""}}},"product_brand":[],"product_cat":[21],"product_tag":[],"class_list":{"0":"post-3869","1":"product","2":"type-product","3":"status-publish","4":"has-post-thumbnail","6":"product_cat-dissolved","7":"desktop-align-center","8":"tablet-align-left","9":"mobile-align-left","10":"ast-product-gallery-layout-horizontal-slider","11":"ast-product-tabs-layout-horizontal","13":"first","14":"instock","15":"featured","16":"shipping-taxable","17":"product-type-simple"},"uagb_featured_image_src":{"full":["https:\/\/hsgascylinder-factory.com\/wp-content\/uploads\/2025\/03\/40log.jpg",800,800,false],"thumbnail":["https:\/\/hsgascylinder-factory.com\/wp-content\/uploads\/2025\/03\/40log-150x150.jpg",150,150,true],"medium":["https:\/\/hsgascylinder-factory.com\/wp-content\/uploads\/2025\/03\/40log-300x300.jpg",300,300,true],"medium_large":["https:\/\/hsgascylinder-factory.com\/wp-content\/uploads\/2025\/03\/40log-768x768.jpg",768,768,true],"large":["https:\/\/hsgascylinder-factory.com\/wp-content\/uploads\/2025\/03\/40log.jpg",800,800,false],"1536x1536":["https:\/\/hsgascylinder-factory.com\/wp-content\/uploads\/2025\/03\/40log.jpg",800,800,false],"2048x2048":["https:\/\/hsgascylinder-factory.com\/wp-content\/uploads\/2025\/03\/40log.jpg",800,800,false],"trp-custom-language-flag":["https:\/\/hsgascylinder-factory.com\/wp-content\/uploads\/2025\/03\/40log-12x12.jpg",12,12,true],"woocommerce_thumbnail":["https:\/\/hsgascylinder-factory.com\/wp-content\/uploads\/2025\/03\/40log-500x500.jpg",500,500,true],"woocommerce_single":["https:\/\/hsgascylinder-factory.com\/wp-content\/uploads\/2025\/03\/40log-600x600.jpg",600,600,true],"woocommerce_gallery_thumbnail":["https:\/\/hsgascylinder-factory.com\/wp-content\/uploads\/2025\/03\/40log-100x100.jpg",100,100,true]},"uagb_author_info":{"display_name":"jinxing6611@gmail.com","author_link":"https:\/\/hsgascylinder-factory.com\/fr\/author\/"},"uagb_comment_info":0,"uagb_excerpt":"Brand:\u00a0HS Product origin:\u00a0Made in China Delivery time:\u00a015 to 30 days Supply capacity:\u00a0Annual output of more than 800,000 pieces 40L oxygen tank outlet dissolved acetylene bottle Product Information: 1. GB11638 production standard; 40 litres; Outside diameter of 250mm cylinder; Filling Pressure: 1.56 MPa. Fydraulic testing Pressure: 5.2mpa; LeakageTesting Pressure: 3.0 Mpar; HP295 material; Made-in-china 2. The\u2026","_links":{"self":[{"href":"https:\/\/hsgascylinder-factory.com\/fr\/wp-json\/wp\/v2\/product\/3869","targetHints":{"allow":["GET"]}}],"collection":[{"href":"https:\/\/hsgascylinder-factory.com\/fr\/wp-json\/wp\/v2\/product"}],"about":[{"href":"https:\/\/hsgascylinder-factory.com\/fr\/wp-json\/wp\/v2\/types\/product"}],"wp:featuredmedia":[{"embeddable":true,"href":"https:\/\/hsgascylinder-factory.com\/fr\/wp-json\/wp\/v2\/media\/3870"}],"wp:attachment":[{"href":"https:\/\/hsgascylinder-factory.com\/fr\/wp-json\/wp\/v2\/media?parent=3869"}],"wp:term":[{"taxonomy":"product_brand","embeddable":true,"href":"https:\/\/hsgascylinder-factory.com\/fr\/wp-json\/wp\/v2\/product_brand?post=3869"},{"taxonomy":"product_cat","embeddable":true,"href":"https:\/\/hsgascylinder-factory.com\/fr\/wp-json\/wp\/v2\/product_cat?post=3869"},{"taxonomy":"product_tag","embeddable":true,"href":"https:\/\/hsgascylinder-factory.com\/fr\/wp-json\/wp\/v2\/product_tag?post=3869"}],"curies":[{"name":"wp","href":"https:\/\/api.w.org\/{rel}","templated":true}]}}