{"id":6257,"date":"2025-04-24T03:14:28","date_gmt":"2025-04-24T03:14:28","guid":{"rendered":"https:\/\/darkslategray-hippopotamus-243231.hostingersite.com\/?post_type=product&#038;p=6257"},"modified":"2025-04-24T03:14:28","modified_gmt":"2025-04-24T03:14:28","slug":"50l-200bar-co2-argon-tanks-nitrogen-helium-n2o-air-cylinder","status":"publish","type":"product","link":"https:\/\/hsgascylinder-factory.com\/da\/vare\/50l-200bar-co2-argon-tanks-nitrogen-helium-n2o-air-cylinder\/","title":{"rendered":"50L 200bar CO2 Argon Tanks Nitrogen Helium N2O Air Cylinder"},"content":{"rendered":"<p><iframe title=\"YouTube-videoafspiller\" src=\"https:\/\/www.youtube.com\/embed\/v--fN-s-KGQ?si=CHAIoobjEPrXIVZO\" width=\"560\" height=\"315\" frameborder=\"0\" allowfullscreen=\"allowfullscreen\"><\/iframe><\/p>\n<p><strong>50L 200bar CO2 Argon Tanks Nitrogen Helium N2O Air Cylinder<\/strong><\/p>\n<p><img alt=\"\" fetchpriority=\"high\" decoding=\"async\" class=\"alignnone size-full wp-image-6261\" src=\"http:\/\/darkslategray-hippopotamus-243231.hostingersite.com\/wp-content\/uploads\/2025\/04\/50l200bcatn1.jpg\" width=\"900\" height=\"600\" srcset=\"https:\/\/hsgascylinder-factory.com\/wp-content\/uploads\/2025\/04\/50l200bcatn1.jpg 900w, https:\/\/hsgascylinder-factory.com\/wp-content\/uploads\/2025\/04\/50l200bcatn1-300x200.jpg 300w, https:\/\/hsgascylinder-factory.com\/wp-content\/uploads\/2025\/04\/50l200bcatn1-768x512.jpg 768w, https:\/\/hsgascylinder-factory.com\/wp-content\/uploads\/2025\/04\/50l200bcatn1-18x12.jpg 18w, https:\/\/hsgascylinder-factory.com\/wp-content\/uploads\/2025\/04\/50l200bcatn1-600x400.jpg 600w\" sizes=\"(max-width: 900px) 100vw, 900px\" \/><\/p>\n<p>Cylinderen skal forblive i \u00e9t stykke og m\u00e5 ikke splintres.<\/p>\n<p>Hovedbruddet skal v\u00e6re i den cylindriske del og m\u00e5 ikke v\u00e6re sk\u00f8rt, dvs. at brudkanterne skal v\u00e6re skr\u00e5 i forhold til v\u00e6ggen.<\/p>\n<p>Revnen m\u00e5 ikke afsl\u00f8re en v\u00e6sentlig defekt i metallet og m\u00e5 under ingen omst\u00e6ndigheder n\u00e5 op til halsen.<\/p>\n<p>For konkave baser m\u00e5 riften ikke g\u00e5 l\u00e6ngere end til den cylindriske krop i basens ende, og for konvekse baser m\u00e5 riften ikke n\u00e5 midten af basen.<\/p>\n<p><img alt=\"\" decoding=\"async\" class=\"alignnone size-full wp-image-6262\" src=\"http:\/\/darkslategray-hippopotamus-243231.hostingersite.com\/wp-content\/uploads\/2025\/04\/50l200bcatn2.jpg\" width=\"800\" height=\"800\" srcset=\"https:\/\/hsgascylinder-factory.com\/wp-content\/uploads\/2025\/04\/50l200bcatn2.jpg 800w, https:\/\/hsgascylinder-factory.com\/wp-content\/uploads\/2025\/04\/50l200bcatn2-300x300.jpg 300w, https:\/\/hsgascylinder-factory.com\/wp-content\/uploads\/2025\/04\/50l200bcatn2-150x150.jpg 150w, https:\/\/hsgascylinder-factory.com\/wp-content\/uploads\/2025\/04\/50l200bcatn2-768x768.jpg 768w, https:\/\/hsgascylinder-factory.com\/wp-content\/uploads\/2025\/04\/50l200bcatn2-12x12.jpg 12w, https:\/\/hsgascylinder-factory.com\/wp-content\/uploads\/2025\/04\/50l200bcatn2-500x500.jpg 500w, https:\/\/hsgascylinder-factory.com\/wp-content\/uploads\/2025\/04\/50l200bcatn2-600x600.jpg 600w, https:\/\/hsgascylinder-factory.com\/wp-content\/uploads\/2025\/04\/50l200bcatn2-100x100.jpg 100w\" sizes=\"(max-width: 800px) 100vw, 800px\" \/><\/p>\n<p>Tips til sikker brug af gasflasker:<\/p>\n<p>Tomme flasker og faste flasker skal placeres separat med tydelige skilte. Brandfarlige produkter, fedt og artikler med oliepletter er strengt forbudt inden for 15 meter fra opbevaringsstedet. Gasflasker i buret skal placeres p\u00e6nt, og flaskel\u00e5g skal b\u00e6res.<\/p>\n<p>Shandong Hongsheng Pressure Vessel Co, Ltd. er villig til at v\u00e6re din langsigtede partner og chef for cylindersikkerhed og i f\u00e6llesskab eskortere din cylindersikkerhed.<\/p>\n<p><img alt=\"\" decoding=\"async\" class=\"alignnone size-full wp-image-6263\" src=\"http:\/\/darkslategray-hippopotamus-243231.hostingersite.com\/wp-content\/uploads\/2025\/04\/50l200bcatn3.jpg\" width=\"800\" height=\"800\" srcset=\"https:\/\/hsgascylinder-factory.com\/wp-content\/uploads\/2025\/04\/50l200bcatn3.jpg 800w, https:\/\/hsgascylinder-factory.com\/wp-content\/uploads\/2025\/04\/50l200bcatn3-300x300.jpg 300w, https:\/\/hsgascylinder-factory.com\/wp-content\/uploads\/2025\/04\/50l200bcatn3-150x150.jpg 150w, https:\/\/hsgascylinder-factory.com\/wp-content\/uploads\/2025\/04\/50l200bcatn3-768x768.jpg 768w, https:\/\/hsgascylinder-factory.com\/wp-content\/uploads\/2025\/04\/50l200bcatn3-12x12.jpg 12w, https:\/\/hsgascylinder-factory.com\/wp-content\/uploads\/2025\/04\/50l200bcatn3-500x500.jpg 500w, https:\/\/hsgascylinder-factory.com\/wp-content\/uploads\/2025\/04\/50l200bcatn3-600x600.jpg 600w, https:\/\/hsgascylinder-factory.com\/wp-content\/uploads\/2025\/04\/50l200bcatn3-100x100.jpg 100w\" sizes=\"(max-width: 800px) 100vw, 800px\" \/><\/p>\n<p>1 \u3001 Vores s\u00f8ml\u00f8se st\u00e5lcylindre bruges i vid udstr\u00e6kning i industrien, medicinsk udstyr, brandbek\u00e6mpelse og videnskabelig forskning<\/p>\n<p>2 \u3001 Mindste ordrem\u00e6ngde: Kun 100 stk.<\/p>\n<p>3 \u3001 Produkter kan eksporteres til lande eller regioner: Kina, Syd\u00f8stasien, Mellem\u00f8sten, Asien, Afrika, Europa, Oceanien, Amerika<\/p>\n<p>4 \u3001 For flasker med en v\u00e6gtykkelse p\u00e5 mindre end 7,5 mm er bruddet kun acceptabelt, hvis det er i overensstemmelse med en af f\u00f8lgende beskrivelser:<\/p>\n<p>a) langsg\u00e5ende, uden forgreninger (se figur 10);<\/p>\n<p><img alt=\"\" loading=\"lazy\" decoding=\"async\" class=\"alignnone size-full wp-image-6264\" src=\"http:\/\/darkslategray-hippopotamus-243231.hostingersite.com\/wp-content\/uploads\/2025\/04\/50l200bcatn4.png\" width=\"841\" height=\"201\" srcset=\"https:\/\/hsgascylinder-factory.com\/wp-content\/uploads\/2025\/04\/50l200bcatn4.png 841w, https:\/\/hsgascylinder-factory.com\/wp-content\/uploads\/2025\/04\/50l200bcatn4-300x72.png 300w, https:\/\/hsgascylinder-factory.com\/wp-content\/uploads\/2025\/04\/50l200bcatn4-768x184.png 768w, https:\/\/hsgascylinder-factory.com\/wp-content\/uploads\/2025\/04\/50l200bcatn4-18x4.png 18w, https:\/\/hsgascylinder-factory.com\/wp-content\/uploads\/2025\/04\/50l200bcatn4-600x143.png 600w\" sizes=\"(max-width: 841px) 100vw, 841px\" \/><\/p>\n<p>b) langsg\u00e5ende med en sideforgrening i hver ende, som under ingen omst\u00e6ndigheder str\u00e6kker sig ud over det langsg\u00e5ende plan, der er normalt til brudplanet (se figur 11).<\/p>\n<p><img alt=\"\" loading=\"lazy\" decoding=\"async\" class=\"alignnone size-full wp-image-6265\" src=\"http:\/\/darkslategray-hippopotamus-243231.hostingersite.com\/wp-content\/uploads\/2025\/04\/50l200bcatn5.png\" width=\"831\" height=\"258\" srcset=\"https:\/\/hsgascylinder-factory.com\/wp-content\/uploads\/2025\/04\/50l200bcatn5.png 831w, https:\/\/hsgascylinder-factory.com\/wp-content\/uploads\/2025\/04\/50l200bcatn5-300x93.png 300w, https:\/\/hsgascylinder-factory.com\/wp-content\/uploads\/2025\/04\/50l200bcatn5-768x238.png 768w, https:\/\/hsgascylinder-factory.com\/wp-content\/uploads\/2025\/04\/50l200bcatn5-18x6.png 18w, https:\/\/hsgascylinder-factory.com\/wp-content\/uploads\/2025\/04\/50l200bcatn5-600x186.png 600w\" sizes=\"(max-width: 831px) 100vw, 831px\" \/><\/p>\n<p><img alt=\"\" loading=\"lazy\" decoding=\"async\" class=\"alignnone size-full wp-image-6266\" src=\"http:\/\/darkslategray-hippopotamus-243231.hostingersite.com\/wp-content\/uploads\/2025\/04\/50l200bcatn6.jpg\" width=\"800\" height=\"800\" srcset=\"https:\/\/hsgascylinder-factory.com\/wp-content\/uploads\/2025\/04\/50l200bcatn6.jpg 800w, https:\/\/hsgascylinder-factory.com\/wp-content\/uploads\/2025\/04\/50l200bcatn6-300x300.jpg 300w, https:\/\/hsgascylinder-factory.com\/wp-content\/uploads\/2025\/04\/50l200bcatn6-150x150.jpg 150w, https:\/\/hsgascylinder-factory.com\/wp-content\/uploads\/2025\/04\/50l200bcatn6-768x768.jpg 768w, https:\/\/hsgascylinder-factory.com\/wp-content\/uploads\/2025\/04\/50l200bcatn6-12x12.jpg 12w, https:\/\/hsgascylinder-factory.com\/wp-content\/uploads\/2025\/04\/50l200bcatn6-500x500.jpg 500w, https:\/\/hsgascylinder-factory.com\/wp-content\/uploads\/2025\/04\/50l200bcatn6-600x600.jpg 600w, https:\/\/hsgascylinder-factory.com\/wp-content\/uploads\/2025\/04\/50l200bcatn6-100x100.jpg 100w\" sizes=\"(max-width: 800px) 100vw, 800px\" \/><\/p>\n<p><strong>5 \u3001 50 liter gasflaske Produktparametertabel (ISO9809-1 TPED 200BAR)<\/strong><\/p>\n<p>50L 200bar CO2 Argon Tanks Nitrogen Helium N2O Air Cylinder<\/p>\n<div class=\"nei-table\">\n<table>\n<tbody>\n<tr class=\"firstRow\">\n<td align=\"center\" valign=\"middle\" width=\"185\">Type<\/td>\n<td align=\"center\" valign=\"middle\" width=\"5\">Udenfor<\/p>\n<p>Diameter<\/p>\n<p>(mm)<\/td>\n<td align=\"center\" valign=\"middle\" width=\"96\">Vand<\/p>\n<p>Kapacitet<\/p>\n<p>(L)<\/td>\n<td align=\"center\" valign=\"middle\" width=\"84\">Flaske<\/p>\n<p>H\u00f8jde<\/p>\n<p>(mm)<\/td>\n<td align=\"center\" valign=\"middle\" width=\"83\">V\u00e6gt<\/p>\n<p>\uff08kg\uff09<\/td>\n<td align=\"center\" valign=\"middle\" width=\"97\">Arbejde<\/p>\n<p>Tryk<\/p>\n<p>\uff08Bar\uff09<\/td>\n<td align=\"center\" valign=\"middle\" width=\"111\">Design v\u00e6g<\/p>\n<p>tykkelse<\/p>\n<p>(mm)<\/td>\n<td align=\"center\" valign=\"middle\" width=\"100\">Materiale<\/p>\n<p>Karakterer<\/td>\n<\/tr>\n<tr>\n<td align=\"center\" valign=\"middle\" width=\"320\">ISO232-50.0L-200<\/td>\n<td align=\"center\" valign=\"middle\" width=\"5\">232<\/td>\n<td align=\"center\" valign=\"middle\" width=\"96\">50.0<\/td>\n<td align=\"center\" valign=\"middle\" width=\"84\">1450<\/td>\n<td align=\"center\" valign=\"middle\" width=\"83\">56.3<\/td>\n<td align=\"center\" valign=\"middle\" width=\"97\">200<\/td>\n<td align=\"center\" valign=\"middle\" width=\"111\">5.8<\/td>\n<td align=\"center\" valign=\"middle\" width=\"100\">34CrMo4<\/td>\n<\/tr>\n<\/tbody>\n<\/table>\n<\/div>","protected":false},"excerpt":{"rendered":"<ul class=\"meta\">\n<li><label>Brand:<\/label>\u00a0HS<\/li>\n<li><label>Produktets oprindelse:<\/label>\u00a0Fremstillet i Kina<\/li>\n<li><label>Leveringstid:<\/label>\u00a015 til 30 dage<\/li>\n<li><label>Forsyningskapacitet:<\/label>\u00a0\u00c5rlig produktion p\u00e5 mere end 800.000 stykker<\/li>\n<\/ul>\n<p class=\"desc\">50L 200bar iso9809-1 CO2-cylinder argon nitrogen helium N2O-cylinder<br \/>\nInformation om produktet:<br \/>\n1\u3001200bar 50 liter cylinder; 34CrMo4 legeret st\u00e5l; Iso9809-1 produktionsstandard; TPED 232mm cylinder ydre diameter; Arbejdstryk 230bar; Hydrostatisk testtryk 345bar;<br \/>\n2 \u3001 200 bar 50L nitrogenflaskeh\u00f8jde 1460 mm; Oxygencylinder kropsv\u00e6gt 56,3 kg; Den maksimale gaslagringskapacitet for en 200 bar 50-liters cylinder er 11,5 m3 (11.500 liter); Den mindste designv\u00e6gtykkelse p\u00e5 iltflasken er 5,8 mm; Oxygencylinder mund gevind PZ27.8; 25E; 3\/4-14 NGT osv;<br \/>\n3, Alias: 50L 200bar gasflasker; 50L 200bar gasflasker; 50L 200bar gastanke, 50L 200bar gasflasker, 50L 200bar nitrogenflasker, 200bar argon gastanke; 50 liter 200bar gasflasker; 50 liter 200bar gasflasker; 50 liter 200bar gastanke;<\/p>","protected":false},"featured_media":6260,"template":"","meta":{"_seopress_robots_primary_cat":"","_seopress_titles_title":"","_seopress_titles_desc":"","_seopress_robots_index":"","_uag_custom_page_level_css":"","site-sidebar-layout":"default","site-content-layout":"","ast-site-content-layout":"default","site-content-style":"default","site-sidebar-style":"default","ast-global-header-display":"","ast-banner-title-visibility":"","ast-main-header-display":"","ast-hfb-above-header-display":"","ast-hfb-below-header-display":"","ast-hfb-mobile-header-display":"","site-post-title":"","ast-breadcrumbs-content":"","ast-featured-img":"","footer-sml-layout":"","ast-disable-related-posts":"","theme-transparent-header-meta":"default","adv-header-id-meta":"","stick-header-meta":"default","header-above-stick-meta":"","header-main-stick-meta":"","header-below-stick-meta":"","astra-migrate-meta-layouts":"set","ast-page-background-enabled":"default","ast-page-background-meta":{"desktop":{"background-color":"","background-image":"","background-repeat":"repeat","background-position":"center center","background-size":"auto","background-attachment":"scroll","background-type":"","background-media":"","overlay-type":"","overlay-color":"","overlay-opacity":"","overlay-gradient":""},"tablet":{"background-color":"","background-image":"","background-repeat":"repeat","background-position":"center center","background-size":"auto","background-attachment":"scroll","background-type":"","background-media":"","overlay-type":"","overlay-color":"","overlay-opacity":"","overlay-gradient":""},"mobile":{"background-color":"","background-image":"","background-repeat":"repeat","background-position":"center center","background-size":"auto","background-attachment":"scroll","background-type":"","background-media":"","overlay-type":"","overlay-color":"","overlay-opacity":"","overlay-gradient":""}},"ast-content-background-meta":{"desktop":{"background-color":"var(--ast-global-color-5)","background-image":"","background-repeat":"repeat","background-position":"center center","background-size":"auto","background-attachment":"scroll","background-type":"","background-media":"","overlay-type":"","overlay-color":"","overlay-opacity":"","overlay-gradient":""},"tablet":{"background-color":"var(--ast-global-color-5)","background-image":"","background-repeat":"repeat","background-position":"center center","background-size":"auto","background-attachment":"scroll","background-type":"","background-media":"","overlay-type":"","overlay-color":"","overlay-opacity":"","overlay-gradient":""},"mobile":{"background-color":"var(--ast-global-color-5)","background-image":"","background-repeat":"repeat","background-position":"center center","background-size":"auto","background-attachment":"scroll","background-type":"","background-media":"","overlay-type":"","overlay-color":"","overlay-opacity":"","overlay-gradient":""}}},"product_brand":[],"product_cat":[42],"product_tag":[],"class_list":{"0":"post-6257","1":"product","2":"type-product","3":"status-publish","4":"has-post-thumbnail","6":"product_cat-tuvi","7":"desktop-align-center","8":"tablet-align-left","9":"mobile-align-left","10":"ast-product-gallery-layout-horizontal-slider","11":"ast-product-gallery-with-no-image","12":"ast-product-tabs-layout-horizontal","14":"first","15":"instock","16":"shipping-taxable","17":"product-type-simple"},"uagb_featured_image_src":{"full":["https:\/\/hsgascylinder-factory.com\/wp-content\/uploads\/2025\/04\/50l200bcat0.webp",800,800,false],"thumbnail":["https:\/\/hsgascylinder-factory.com\/wp-content\/uploads\/2025\/04\/50l200bcat0-150x150.webp",150,150,true],"medium":["https:\/\/hsgascylinder-factory.com\/wp-content\/uploads\/2025\/04\/50l200bcat0-300x300.webp",300,300,true],"medium_large":["https:\/\/hsgascylinder-factory.com\/wp-content\/uploads\/2025\/04\/50l200bcat0-768x768.webp",768,768,true],"large":["https:\/\/hsgascylinder-factory.com\/wp-content\/uploads\/2025\/04\/50l200bcat0.webp",800,800,false],"1536x1536":["https:\/\/hsgascylinder-factory.com\/wp-content\/uploads\/2025\/04\/50l200bcat0.webp",800,800,false],"2048x2048":["https:\/\/hsgascylinder-factory.com\/wp-content\/uploads\/2025\/04\/50l200bcat0.webp",800,800,false],"trp-custom-language-flag":["https:\/\/hsgascylinder-factory.com\/wp-content\/uploads\/2025\/04\/50l200bcat0-12x12.webp",12,12,true],"woocommerce_thumbnail":["https:\/\/hsgascylinder-factory.com\/wp-content\/uploads\/2025\/04\/50l200bcat0-500x500.webp",500,500,true],"woocommerce_single":["https:\/\/hsgascylinder-factory.com\/wp-content\/uploads\/2025\/04\/50l200bcat0-600x600.webp",600,600,true],"woocommerce_gallery_thumbnail":["https:\/\/hsgascylinder-factory.com\/wp-content\/uploads\/2025\/04\/50l200bcat0-100x100.webp",100,100,true]},"uagb_author_info":{"display_name":"jinxing6611@gmail.com","author_link":"https:\/\/hsgascylinder-factory.com\/da\/author\/"},"uagb_comment_info":0,"uagb_excerpt":"Brand:\u00a0HS Product origin:\u00a0Made in China Delivery time:\u00a015 to 30 days Supply capacity:\u00a0Annual output of more than 800,000 pieces 50L 200bar iso9809-1 CO2 cylinder argon nitrogen helium N2O cylinder Product Information: 1\u3001200bar 50 litre cylinder; 34CrMo4 alloy steel; Iso9809-1 production standard; TPED 232mm cylinder outer diameter; Working pressure 230bar; Hydrostatic test pressure 345bar; 2\u3001200bar 50L nitrogen&hellip;","_links":{"self":[{"href":"https:\/\/hsgascylinder-factory.com\/da\/wp-json\/wp\/v2\/product\/6257","targetHints":{"allow":["GET"]}}],"collection":[{"href":"https:\/\/hsgascylinder-factory.com\/da\/wp-json\/wp\/v2\/product"}],"about":[{"href":"https:\/\/hsgascylinder-factory.com\/da\/wp-json\/wp\/v2\/types\/product"}],"wp:featuredmedia":[{"embeddable":true,"href":"https:\/\/hsgascylinder-factory.com\/da\/wp-json\/wp\/v2\/media\/6260"}],"wp:attachment":[{"href":"https:\/\/hsgascylinder-factory.com\/da\/wp-json\/wp\/v2\/media?parent=6257"}],"wp:term":[{"taxonomy":"product_brand","embeddable":true,"href":"https:\/\/hsgascylinder-factory.com\/da\/wp-json\/wp\/v2\/product_brand?post=6257"},{"taxonomy":"product_cat","embeddable":true,"href":"https:\/\/hsgascylinder-factory.com\/da\/wp-json\/wp\/v2\/product_cat?post=6257"},{"taxonomy":"product_tag","embeddable":true,"href":"https:\/\/hsgascylinder-factory.com\/da\/wp-json\/wp\/v2\/product_tag?post=6257"}],"curies":[{"name":"wp","href":"https:\/\/api.w.org\/{rel}","templated":true}]}}