{"id":6101,"date":"2025-04-23T14:29:26","date_gmt":"2025-04-23T14:29:26","guid":{"rendered":"https:\/\/darkslategray-hippopotamus-243231.hostingersite.com\/?post_type=product&#038;p=6101"},"modified":"2025-04-23T14:29:26","modified_gmt":"2025-04-23T14:29:26","slug":"80l-iso9809-1-12m3-150bar-37mn-oxygen-tanks-gas-cylinders","status":"publish","type":"product","link":"https:\/\/hsgascylinder-factory.com\/da\/vare\/80l-iso9809-1-12m3-150bar-37mn-oxygen-tanks-gas-cylinders\/","title":{"rendered":"80L ISO9809-1 12M3 150bar 37MN Oxygen Tanks Gas Cylinders"},"content":{"rendered":"<p><iframe title=\"YouTube-videoafspiller\" src=\"https:\/\/www.youtube.com\/embed\/6bxas9loSKI?si=0UArGbcn97OKJoTE\" width=\"560\" height=\"315\" frameborder=\"0\" allowfullscreen=\"allowfullscreen\"><\/iframe><\/p>\n<p><strong>80L ISO9809-1 12M3 150bar 37MN Oxygen Tanks Gas Cylinders<\/strong><\/p>\n<p><img alt=\"\" fetchpriority=\"high\" decoding=\"async\" class=\"alignnone size-full wp-image-6114\" src=\"http:\/\/darkslategray-hippopotamus-243231.hostingersite.com\/wp-content\/uploads\/2025\/04\/80LIT150bn1.jpg\" width=\"800\" height=\"800\" srcset=\"https:\/\/hsgascylinder-factory.com\/wp-content\/uploads\/2025\/04\/80LIT150bn1.jpg 800w, https:\/\/hsgascylinder-factory.com\/wp-content\/uploads\/2025\/04\/80LIT150bn1-300x300.jpg 300w, https:\/\/hsgascylinder-factory.com\/wp-content\/uploads\/2025\/04\/80LIT150bn1-150x150.jpg 150w, https:\/\/hsgascylinder-factory.com\/wp-content\/uploads\/2025\/04\/80LIT150bn1-768x768.jpg 768w, https:\/\/hsgascylinder-factory.com\/wp-content\/uploads\/2025\/04\/80LIT150bn1-12x12.jpg 12w, https:\/\/hsgascylinder-factory.com\/wp-content\/uploads\/2025\/04\/80LIT150bn1-500x500.jpg 500w, https:\/\/hsgascylinder-factory.com\/wp-content\/uploads\/2025\/04\/80LIT150bn1-600x600.jpg 600w, https:\/\/hsgascylinder-factory.com\/wp-content\/uploads\/2025\/04\/80LIT150bn1-100x100.jpg 100w\" sizes=\"(max-width: 800px) 100vw, 800px\" \/><\/p>\n<p><strong>Tips til sikker brug af gasflasker:<\/strong><\/p>\n<p>Carbon dioxide is a high pressure liquefied gas. The carbon dioxide inside the cylinder is liquid (below 31 degrees Celsius). At a certain temperature, the pressure is constant.<\/p>\n<p>Building refuge chamber is a very need, very important, very complex thing, important because refuge chamber it is when the coal mine disaster, personnel can not withdraw, in order to prevent toxic and harmful gas invasion, coal miners stay in the refuge.<\/p>\n<p>Shandong Hongsheng Pressure Vessel Co, Ltd. er villig til at v\u00e6re din langsigtede partner og chef for cylindersikkerhed og i f\u00e6llesskab eskortere din cylindersikkerhed.<\/p>\n<p><img alt=\"\" decoding=\"async\" class=\"alignnone size-full wp-image-6115\" src=\"http:\/\/darkslategray-hippopotamus-243231.hostingersite.com\/wp-content\/uploads\/2025\/04\/80LIT150bn2.jpg\" width=\"900\" height=\"600\" srcset=\"https:\/\/hsgascylinder-factory.com\/wp-content\/uploads\/2025\/04\/80LIT150bn2.jpg 900w, https:\/\/hsgascylinder-factory.com\/wp-content\/uploads\/2025\/04\/80LIT150bn2-300x200.jpg 300w, https:\/\/hsgascylinder-factory.com\/wp-content\/uploads\/2025\/04\/80LIT150bn2-768x512.jpg 768w, https:\/\/hsgascylinder-factory.com\/wp-content\/uploads\/2025\/04\/80LIT150bn2-18x12.jpg 18w, https:\/\/hsgascylinder-factory.com\/wp-content\/uploads\/2025\/04\/80LIT150bn2-600x400.jpg 600w\" sizes=\"(max-width: 900px) 100vw, 900px\" \/><\/p>\n<p>1 \u3001 Mindste ordrem\u00e6ngde: Kun 100 stk.<\/p>\n<p>2 \u3001 Brug af cylindre: Vores s\u00f8ml\u00f8se st\u00e5lcylindre bruges i vid udstr\u00e6kning i industrien, medicinsk udstyr, brandbek\u00e6mpelse og videnskabelig forskning<\/p>\n<p>Product sales:China, Southeast Asia, Middle East, Asia, Africa, Europe, Oceania, America<\/p>\n<p>3, F\u00c6RDIG I KINA: Vi er Kinas fabrik for produktion af gasflasker,<\/p>\n<p>4\u3001The tensile test shall be carried out in accordance with ISO 6892-1.<\/p>\n<p>Attention is drawn to the method of measurement of elongation described in ISO 6892-1, particularly in cases where the tensile test piece is tapered, resulting in a point of fracture away from the middle of the gauge length.<\/p>\n<p>5\u3001The bend test shall be carried out in accordance with ISO 7438 on two test pieces obtained by cutting either one or two rings of width 25 mm or 4 t, whichever is the greater, into equal parts. Each test piece shall be of sufficient length to permit the bend test to be carried out correctly. Only the edges of each strip may be machined<\/p>\n<p><img alt=\"\" decoding=\"async\" class=\"alignnone size-full wp-image-6116\" src=\"http:\/\/darkslategray-hippopotamus-243231.hostingersite.com\/wp-content\/uploads\/2025\/04\/80LIT150bn3.jpg\" width=\"800\" height=\"800\" srcset=\"https:\/\/hsgascylinder-factory.com\/wp-content\/uploads\/2025\/04\/80LIT150bn3.jpg 800w, https:\/\/hsgascylinder-factory.com\/wp-content\/uploads\/2025\/04\/80LIT150bn3-300x300.jpg 300w, https:\/\/hsgascylinder-factory.com\/wp-content\/uploads\/2025\/04\/80LIT150bn3-150x150.jpg 150w, https:\/\/hsgascylinder-factory.com\/wp-content\/uploads\/2025\/04\/80LIT150bn3-768x768.jpg 768w, https:\/\/hsgascylinder-factory.com\/wp-content\/uploads\/2025\/04\/80LIT150bn3-12x12.jpg 12w, https:\/\/hsgascylinder-factory.com\/wp-content\/uploads\/2025\/04\/80LIT150bn3-500x500.jpg 500w, https:\/\/hsgascylinder-factory.com\/wp-content\/uploads\/2025\/04\/80LIT150bn3-600x600.jpg 600w, https:\/\/hsgascylinder-factory.com\/wp-content\/uploads\/2025\/04\/80LIT150bn3-100x100.jpg 100w\" sizes=\"(max-width: 800px) 100vw, 800px\" \/><\/p>\n<p><strong>6\u300180\u00a0litre Gas Cylinder Product Parameters table (ISO9809-3 150BAR)<\/strong><\/p>\n<p>80L ISO9809-1 12M3 150bar 37MN Oxygen Tanks Gas Cylinders<\/p>\n<div class=\"nei-table\">\n<table>\n<tbody>\n<tr class=\"firstRow\">\n<td align=\"center\" valign=\"middle\" width=\"173\">Type<\/td>\n<td align=\"center\" valign=\"middle\" width=\"24\">Udenfor<\/p>\n<p>Diameter<\/p>\n<p>(mm)<\/td>\n<td align=\"center\" valign=\"middle\" width=\"89\">Vand<\/p>\n<p>Kapacitet<\/p>\n<p>(L)<\/td>\n<td align=\"center\" valign=\"middle\" width=\"77\">Flaske<\/p>\n<p>H\u00f8jde<\/p>\n<p>(mm)<\/td>\n<td align=\"center\" valign=\"middle\" width=\"76\">V\u00e6gt<\/p>\n<p>\uff08kg\uff09<\/td>\n<td align=\"center\" valign=\"middle\" width=\"89\">Arbejde<\/p>\n<p>Tryk<\/p>\n<p>\uff08Bar\uff09<\/td>\n<td align=\"center\" valign=\"middle\" width=\"96\">Design v\u00e6g<\/p>\n<p>tykkelse<\/p>\n<p>(mm)<\/td>\n<td align=\"center\" valign=\"middle\" width=\"83\">Materiale<\/p>\n<p>Karakterer<\/td>\n<\/tr>\n<tr>\n<td align=\"center\" valign=\"middle\" width=\"263.3333333333333\">ISO267-80.0L-150<\/td>\n<td align=\"center\" valign=\"middle\" width=\"24\">267<\/td>\n<td align=\"center\" valign=\"middle\" width=\"89\">80.0<\/td>\n<td align=\"center\" valign=\"middle\" width=\"77\">1715<\/td>\n<td align=\"center\" valign=\"middle\" width=\"76\">81<\/td>\n<td align=\"center\" valign=\"middle\" width=\"89\">150<\/td>\n<td align=\"center\" valign=\"middle\" width=\"96\">6.2<\/td>\n<td align=\"center\" valign=\"middle\" width=\"83\">37MN<\/td>\n<\/tr>\n<\/tbody>\n<\/table>\n<\/div>","protected":false},"excerpt":{"rendered":"<ul class=\"meta\">\n<li><label>Brand:<\/label>\u00a0HS<\/li>\n<li><label>Produktets oprindelse:<\/label>\u00a0Fremstillet i Kina<\/li>\n<li><label>Leveringstid:<\/label>\u00a015 til 30 dage<\/li>\n<li><label>Forsyningskapacitet:<\/label>\u00a0\u00c5rlig produktion p\u00e5 mere end 800.000 stykker<\/li>\n<\/ul>\n<p class=\"desc\">12M3 150bar 80L ISO9809-1 37MN oxygen tank gas cylinder<br \/>\nInformation om produktet:<br \/>\n1\u300180 litres of; 37 mn; Iso9809-1 production standard; 267mm cylinder outer diameter; Working pressure 150bar; Hydrostatic test pressure 250bar;<br \/>\n2\u3001The height of the cylinder body is 1715mm; Bottle body weight 81KG; Maximum oxygen tank storage capacity is 12m3 (12000 litres); The minimum design wall thickness of the cylinder is 6.2mm; Carbon dioxide cylinder mouth thread PZ27.8; 25E; PZ39; 3\/4-14 NGT, etc.; The product can be filled with oxygen, nitrogen, carbon dioxide, air and other gases<br \/>\n3\u3001Alias: Cylinders 80L 150bar Gas tanks, 80L 150bar Oxygen tanks, 80L Oxygen tanks, 12m3 gas cylinders, 12m3 gas tanks; Fire gas bottles ,80litre Fire cylinders; 80L Nitrogen Fire Cylinder, Refuge Chamber Gas Tanks, 80 litre Carbon Dioxide Fire Cylinder,<br \/>\n4\u3001Products used in mine refuge chamber: permanent refuge chamber through the rock formation to the ground of the drilling hole for the chamber to continue to transport oxygen, to achieve communication.<\/p>","protected":false},"featured_media":6104,"template":"","meta":{"_seopress_robots_primary_cat":"","_seopress_titles_title":"","_seopress_titles_desc":"","_seopress_robots_index":"","_uag_custom_page_level_css":"","site-sidebar-layout":"default","site-content-layout":"","ast-site-content-layout":"default","site-content-style":"default","site-sidebar-style":"default","ast-global-header-display":"","ast-banner-title-visibility":"","ast-main-header-display":"","ast-hfb-above-header-display":"","ast-hfb-below-header-display":"","ast-hfb-mobile-header-display":"","site-post-title":"","ast-breadcrumbs-content":"","ast-featured-img":"","footer-sml-layout":"","ast-disable-related-posts":"","theme-transparent-header-meta":"default","adv-header-id-meta":"","stick-header-meta":"default","header-above-stick-meta":"","header-main-stick-meta":"","header-below-stick-meta":"","astra-migrate-meta-layouts":"set","ast-page-background-enabled":"default","ast-page-background-meta":{"desktop":{"background-color":"","background-image":"","background-repeat":"repeat","background-position":"center center","background-size":"auto","background-attachment":"scroll","background-type":"","background-media":"","overlay-type":"","overlay-color":"","overlay-opacity":"","overlay-gradient":""},"tablet":{"background-color":"","background-image":"","background-repeat":"repeat","background-position":"center center","background-size":"auto","background-attachment":"scroll","background-type":"","background-media":"","overlay-type":"","overlay-color":"","overlay-opacity":"","overlay-gradient":""},"mobile":{"background-color":"","background-image":"","background-repeat":"repeat","background-position":"center center","background-size":"auto","background-attachment":"scroll","background-type":"","background-media":"","overlay-type":"","overlay-color":"","overlay-opacity":"","overlay-gradient":""}},"ast-content-background-meta":{"desktop":{"background-color":"var(--ast-global-color-5)","background-image":"","background-repeat":"repeat","background-position":"center center","background-size":"auto","background-attachment":"scroll","background-type":"","background-media":"","overlay-type":"","overlay-color":"","overlay-opacity":"","overlay-gradient":""},"tablet":{"background-color":"var(--ast-global-color-5)","background-image":"","background-repeat":"repeat","background-position":"center center","background-size":"auto","background-attachment":"scroll","background-type":"","background-media":"","overlay-type":"","overlay-color":"","overlay-opacity":"","overlay-gradient":""},"mobile":{"background-color":"var(--ast-global-color-5)","background-image":"","background-repeat":"repeat","background-position":"center center","background-size":"auto","background-attachment":"scroll","background-type":"","background-media":"","overlay-type":"","overlay-color":"","overlay-opacity":"","overlay-gradient":""}}},"product_brand":[],"product_cat":[44],"product_tag":[],"class_list":{"0":"post-6101","1":"product","2":"type-product","3":"status-publish","4":"has-post-thumbnail","6":"product_cat-seamless","7":"desktop-align-center","8":"tablet-align-left","9":"mobile-align-left","10":"ast-product-gallery-layout-horizontal-slider","11":"ast-product-tabs-layout-horizontal","13":"first","14":"instock","15":"shipping-taxable","16":"product-type-simple"},"uagb_featured_image_src":{"full":["https:\/\/hsgascylinder-factory.com\/wp-content\/uploads\/2025\/04\/80LIT150b0.webp",800,800,false],"thumbnail":["https:\/\/hsgascylinder-factory.com\/wp-content\/uploads\/2025\/04\/80LIT150b0-150x150.webp",150,150,true],"medium":["https:\/\/hsgascylinder-factory.com\/wp-content\/uploads\/2025\/04\/80LIT150b0-300x300.webp",300,300,true],"medium_large":["https:\/\/hsgascylinder-factory.com\/wp-content\/uploads\/2025\/04\/80LIT150b0-768x768.webp",768,768,true],"large":["https:\/\/hsgascylinder-factory.com\/wp-content\/uploads\/2025\/04\/80LIT150b0.webp",800,800,false],"1536x1536":["https:\/\/hsgascylinder-factory.com\/wp-content\/uploads\/2025\/04\/80LIT150b0.webp",800,800,false],"2048x2048":["https:\/\/hsgascylinder-factory.com\/wp-content\/uploads\/2025\/04\/80LIT150b0.webp",800,800,false],"trp-custom-language-flag":["https:\/\/hsgascylinder-factory.com\/wp-content\/uploads\/2025\/04\/80LIT150b0-12x12.webp",12,12,true],"woocommerce_thumbnail":["https:\/\/hsgascylinder-factory.com\/wp-content\/uploads\/2025\/04\/80LIT150b0-500x500.webp",500,500,true],"woocommerce_single":["https:\/\/hsgascylinder-factory.com\/wp-content\/uploads\/2025\/04\/80LIT150b0-600x600.webp",600,600,true],"woocommerce_gallery_thumbnail":["https:\/\/hsgascylinder-factory.com\/wp-content\/uploads\/2025\/04\/80LIT150b0-100x100.webp",100,100,true]},"uagb_author_info":{"display_name":"jinxing6611@gmail.com","author_link":"https:\/\/hsgascylinder-factory.com\/da\/author\/"},"uagb_comment_info":0,"uagb_excerpt":"Brand:\u00a0HS Product origin:\u00a0Made in China Delivery time:\u00a015 to 30 days Supply capacity:\u00a0Annual output of more than 800,000 pieces 12M3 150bar 80L ISO9809-1 37MN oxygen tank gas cylinder Product Information: 1\u300180 litres of; 37 mn; Iso9809-1 production standard; 267mm cylinder outer diameter; Working pressure 150bar; Hydrostatic test pressure 250bar; 2\u3001The height of the cylinder body is&hellip;","_links":{"self":[{"href":"https:\/\/hsgascylinder-factory.com\/da\/wp-json\/wp\/v2\/product\/6101","targetHints":{"allow":["GET"]}}],"collection":[{"href":"https:\/\/hsgascylinder-factory.com\/da\/wp-json\/wp\/v2\/product"}],"about":[{"href":"https:\/\/hsgascylinder-factory.com\/da\/wp-json\/wp\/v2\/types\/product"}],"wp:featuredmedia":[{"embeddable":true,"href":"https:\/\/hsgascylinder-factory.com\/da\/wp-json\/wp\/v2\/media\/6104"}],"wp:attachment":[{"href":"https:\/\/hsgascylinder-factory.com\/da\/wp-json\/wp\/v2\/media?parent=6101"}],"wp:term":[{"taxonomy":"product_brand","embeddable":true,"href":"https:\/\/hsgascylinder-factory.com\/da\/wp-json\/wp\/v2\/product_brand?post=6101"},{"taxonomy":"product_cat","embeddable":true,"href":"https:\/\/hsgascylinder-factory.com\/da\/wp-json\/wp\/v2\/product_cat?post=6101"},{"taxonomy":"product_tag","embeddable":true,"href":"https:\/\/hsgascylinder-factory.com\/da\/wp-json\/wp\/v2\/product_tag?post=6101"}],"curies":[{"name":"wp","href":"https:\/\/api.w.org\/{rel}","templated":true}]}}