{"id":5986,"date":"2025-04-23T13:10:05","date_gmt":"2025-04-23T13:10:05","guid":{"rendered":"https:\/\/darkslategray-hippopotamus-243231.hostingersite.com\/?post_type=product&#038;p=5986"},"modified":"2025-05-14T06:47:17","modified_gmt":"2025-05-14T06:47:17","slug":"5l-iso9809-1-tped-200bar-34crmo4-oxygen-tanks-gas-cylinders","status":"publish","type":"product","link":"https:\/\/hsgascylinder-factory.com\/da\/vare\/5l-iso9809-1-tped-200bar-34crmo4-oxygen-tanks-gas-cylinders\/","title":{"rendered":"5L ISO9809-1 TPED 200bar 34CrMo4 Oxygen Tanks Gas Cylinders"},"content":{"rendered":"<p><iframe title=\"YouTube-videoafspiller\" src=\"https:\/\/www.youtube.com\/embed\/6bxas9loSKI?si=tUvsbLWh7j1jQtep\" width=\"560\" height=\"315\" frameborder=\"0\" allowfullscreen=\"allowfullscreen\"><\/iframe><\/p>\n<p><strong>5L ISO9809-1 TPED 200bar34CrMo4 Oxygen Tanks Gas Cylinders<\/strong><\/p>\n<p><strong>Tips til sikker brug af gasflasker:<\/strong><\/p>\n<p>Der b\u00f8r tr\u00e6ffes foranstaltninger til at forhindre dumping af gasflasker, n\u00e5r de bruges i lodret position.<\/p>\n<p>N\u00e5r man flytter gasflasker over korte afstande, kan de flyttes ved at vippe og rulle med de bare n\u00e6ver. N\u00e5r de skal flyttes over lange afstande, kan de transporteres med en let vogn. De m\u00e5 ikke rulle, glide eller v\u00e6lte. N\u00e5r gasflasker bruges p\u00e5 stedet, skal de placeres p\u00e5 s\u00e6rlige k\u00f8ret\u00f8jer eller fastg\u00f8res til brug.<\/p>\n<p><img alt=\"\" fetchpriority=\"high\" decoding=\"async\" class=\"alignnone wp-image-6507 size-full\" src=\"http:\/\/darkslategray-hippopotamus-243231.hostingersite.com\/wp-content\/uploads\/2025\/04\/9-05.jpg\" width=\"900\" height=\"600\" srcset=\"https:\/\/hsgascylinder-factory.com\/wp-content\/uploads\/2025\/04\/9-05.jpg 900w, https:\/\/hsgascylinder-factory.com\/wp-content\/uploads\/2025\/04\/9-05-300x200.jpg 300w, https:\/\/hsgascylinder-factory.com\/wp-content\/uploads\/2025\/04\/9-05-768x512.jpg 768w, https:\/\/hsgascylinder-factory.com\/wp-content\/uploads\/2025\/04\/9-05-18x12.jpg 18w, https:\/\/hsgascylinder-factory.com\/wp-content\/uploads\/2025\/04\/9-05-600x400.jpg 600w\" sizes=\"(max-width: 900px) 100vw, 900px\" \/><\/p>\n<p>Shandong Hongsheng Pressure Vessel Co, Ltd. er villig til at v\u00e6re din langsigtede partner og chef for cylindersikkerhed og i f\u00e6llesskab eskortere din cylindersikkerhed.<\/p>\n<p>1 \u3001 Mindste ordrem\u00e6ngde: Kun 100 stk.<\/p>\n<p>2 \u3001 Brug af cylindre: Vores s\u00f8ml\u00f8se st\u00e5lcylindre bruges i vid udstr\u00e6kning i industrien, medicinsk udstyr, brandbek\u00e6mpelse og videnskabelig forskning<\/p>\n<p>3 \u3001 Vi er Kinas gasflaskeproduktionsfabrik, produktsalg: Kina, Syd\u00f8stasien, Mellem\u00f8sten, Asien, Afrika, Europa, Oceanien, Amerika<\/p>\n<p><img alt=\"\" decoding=\"async\" class=\"alignnone size-full wp-image-6000\" src=\"http:\/\/darkslategray-hippopotamus-243231.hostingersite.com\/wp-content\/uploads\/2025\/04\/5LIT200bn2.jpg\" width=\"600\" height=\"600\" srcset=\"https:\/\/hsgascylinder-factory.com\/wp-content\/uploads\/2025\/04\/5LIT200bn2.jpg 600w, https:\/\/hsgascylinder-factory.com\/wp-content\/uploads\/2025\/04\/5LIT200bn2-300x300.jpg 300w, https:\/\/hsgascylinder-factory.com\/wp-content\/uploads\/2025\/04\/5LIT200bn2-150x150.jpg 150w, https:\/\/hsgascylinder-factory.com\/wp-content\/uploads\/2025\/04\/5LIT200bn2-12x12.jpg 12w, https:\/\/hsgascylinder-factory.com\/wp-content\/uploads\/2025\/04\/5LIT200bn2-500x500.jpg 500w, https:\/\/hsgascylinder-factory.com\/wp-content\/uploads\/2025\/04\/5LIT200bn2-100x100.jpg 100w\" sizes=\"(max-width: 600px) 100vw, 600px\" \/><\/p>\n<p>4 \u3001 Flaskeproducenten skal ved hj\u00e6lp af trykcyklustesten beskrevet i 9.2.2 bevise, at designet er tilfredsstillende. Formerne vist i figur 1 er typiske for konvekse hoveder og bundstykker. Formene a), b), d) og e) er bundstykker, og formene c) og f) er hoveder.<\/p>\n<p><img alt=\"\" decoding=\"async\" class=\"alignnone size-full wp-image-6001\" src=\"http:\/\/darkslategray-hippopotamus-243231.hostingersite.com\/wp-content\/uploads\/2025\/04\/5LIT200bn3.png\" width=\"517\" height=\"612\" srcset=\"https:\/\/hsgascylinder-factory.com\/wp-content\/uploads\/2025\/04\/5LIT200bn3.png 517w, https:\/\/hsgascylinder-factory.com\/wp-content\/uploads\/2025\/04\/5LIT200bn3-253x300.png 253w, https:\/\/hsgascylinder-factory.com\/wp-content\/uploads\/2025\/04\/5LIT200bn3-10x12.png 10w\" sizes=\"(max-width: 517px) 100vw, 517px\" \/><\/p>\n<p>5 \u3001 Konstruktionstegningen skal mindst vise v\u00e6rdier for a1, a2, h og r. For at opn\u00e5 en tilfredsstillende sp\u00e6ndingsfordeling skal cylinderens tykkelse \u00f8ges gradvist i overgangsomr\u00e5det mellem den cylindriske del og bunden. Flaskeproducenten skal under alle omst\u00e6ndigheder bevise ved en detaljeret trykcyklisk test, at konstruktionen er tilfredsstillende.<\/p>\n<p><img alt=\"\" loading=\"lazy\" decoding=\"async\" class=\"alignnone size-full wp-image-6002\" src=\"http:\/\/darkslategray-hippopotamus-243231.hostingersite.com\/wp-content\/uploads\/2025\/04\/5LIT200bn4.jpg\" width=\"600\" height=\"600\" srcset=\"https:\/\/hsgascylinder-factory.com\/wp-content\/uploads\/2025\/04\/5LIT200bn4.jpg 600w, https:\/\/hsgascylinder-factory.com\/wp-content\/uploads\/2025\/04\/5LIT200bn4-300x300.jpg 300w, https:\/\/hsgascylinder-factory.com\/wp-content\/uploads\/2025\/04\/5LIT200bn4-150x150.jpg 150w, https:\/\/hsgascylinder-factory.com\/wp-content\/uploads\/2025\/04\/5LIT200bn4-12x12.jpg 12w, https:\/\/hsgascylinder-factory.com\/wp-content\/uploads\/2025\/04\/5LIT200bn4-500x500.jpg 500w, https:\/\/hsgascylinder-factory.com\/wp-content\/uploads\/2025\/04\/5LIT200bn4-100x100.jpg 100w\" sizes=\"(max-width: 600px) 100vw, 600px\" \/><\/p>\n<p><strong>6,5 liter gasflaske Produktparametertabel (ISO9809-1 200bar)<\/strong><\/p>\n<p>5L ISO9809-1 TPED 200bar 34CrMo4 Oxygen Tanks Gas Cylinders<\/p>\n<div class=\"nei-table\">\n<table>\n<tbody>\n<tr class=\"firstRow\">\n<td align=\"center\" valign=\"middle\" width=\"298.3333333333333\">Type<\/td>\n<td align=\"center\" valign=\"middle\" width=\"5\">Udenfor<\/p>\n<p>Diameter<\/p>\n<p>(mm)<\/td>\n<td align=\"center\" valign=\"middle\" width=\"87\">Vand<\/p>\n<p>Kapacitet<\/p>\n<p>(L)<\/td>\n<td align=\"center\" valign=\"middle\" width=\"75\">Flaske<\/p>\n<p>H\u00f8jde<\/p>\n<p>(mm)<\/td>\n<td align=\"center\" valign=\"middle\" width=\"74\">V\u00e6gt<\/p>\n<p>\uff08kg\uff09<\/td>\n<td align=\"center\" valign=\"middle\" width=\"87\">Arbejde<\/p>\n<p>Tryk<\/p>\n<p>\uff08Bar\uff09<\/td>\n<td align=\"center\" valign=\"middle\" width=\"92\">Design v\u00e6g<\/p>\n<p>tykkelse<\/p>\n<p>(mm)<\/td>\n<td align=\"center\" valign=\"middle\" width=\"90\">Materiale<\/p>\n<p>Karakterer<\/td>\n<\/tr>\n<tr>\n<td align=\"center\" valign=\"middle\" width=\"198\">WG\u2161108-5.0L-200<\/td>\n<td align=\"center\" valign=\"middle\" width=\"5\">108<\/td>\n<td align=\"center\" valign=\"middle\" width=\"87\">5.0<\/td>\n<td align=\"center\" valign=\"middle\" width=\"75\">696<\/td>\n<td align=\"center\" valign=\"middle\" width=\"74\">7.65<\/td>\n<td align=\"center\" valign=\"middle\" width=\"87\">200<\/td>\n<td align=\"center\" valign=\"middle\" width=\"92\">2.4<\/td>\n<td align=\"center\" valign=\"middle\" width=\"90\">34CrMo4<\/td>\n<\/tr>\n<tr>\n<td colspan=\"1\" rowspan=\"1\" align=\"center\" valign=\"middle\" width=\"298.3333333333333\">WG\u2161140-5.0L-200<\/td>\n<td colspan=\"1\" rowspan=\"1\" align=\"center\" valign=\"middle\" width=\"5\">140<\/td>\n<td colspan=\"1\" rowspan=\"1\" align=\"center\" valign=\"middle\" width=\"87\">5.0<\/td>\n<td colspan=\"1\" rowspan=\"1\" align=\"center\" valign=\"middle\" width=\"75\">447<\/td>\n<td colspan=\"1\" rowspan=\"1\" align=\"center\" valign=\"middle\" width=\"74\">6.96<\/td>\n<td colspan=\"1\" rowspan=\"1\" align=\"center\" valign=\"middle\" width=\"87\">200<\/td>\n<td colspan=\"1\" rowspan=\"1\" align=\"center\" valign=\"middle\" width=\"92\">3.1<\/td>\n<td colspan=\"1\" rowspan=\"1\" align=\"center\" valign=\"middle\" width=\"90\">34CrMo4<\/td>\n<\/tr>\n<\/tbody>\n<\/table>\n<\/div>","protected":false},"excerpt":{"rendered":"<ul class=\"meta\">\n<li><label>Brand:<\/label>\u00a0HS<\/li>\n<li><label>Produktets oprindelse:<\/label>\u00a0Fremstillet i Kina<\/li>\n<li><label>Leveringstid:<\/label>\u00a015 til 30 dage<\/li>\n<li><label>Forsyningskapacitet:<\/label>\u00a0\u00c5rlig produktion p\u00e5 mere end 800.000 stykker<\/li>\n<\/ul>\n<p class=\"desc\">5L TPED ISO9809-1 200bar 34CrMo4 Iltbeholdere gasflasker<br \/>\nInformation om produktet:<br \/>\n1,5 liters gastank; 108mm eller 140mm cylinder ydre diameter; ISO9809-1; 34 crmo4. TPED-cylinderens hydrostatiske testtryk er 300 bar; arbejdstrykket er 200 bar;<br \/>\n2 \u3001 Cylinderkropsh\u00f8jde 696 mm eller 447 mm; Oxygencylindermundtr\u00e5de inkluderer PZ19.2, PZ27.8, 25E; 3\/4-14 NGT osv.; Maksimal gaslagring er 1m3 (1000 liter); Cylinderens mindste designv\u00e6gtykkelse er 2,4 mm eller 3,1; Cylinderkroppens v\u00e6gt er 7,64 kg eller 6,96 kg;<br \/>\n3, alias: 5L 200bar gasflasker; 5L 200bar ilttanke; 5L 200bar iltflasker; 200bar TPED gastanke; 200bar TPED iltflasker<br \/>\n4 \u3001 Shandong Hongsheng Pressure Vessel Co., Ltd. er en professionel producent af gasflasker, der er etableret i Kina med \u00e5rtiers erfaring.<br \/>\nVi vil som altid give vores kunder produktl\u00f8sninger, transportl\u00f8sninger, produktkvalitetssikring af tredjeparts inspektionsl\u00f8sninger (som f.eks: CCIC, CTI China Testing, SGS, Intertek, BureauVeritas, TUV Rheinland, TUV NANDe, PONY, DEKRA, GRGT EST, CCCI China Classification Society, Square Circle Testing, BureauVeritas testing, ETC.)<\/p>","protected":false},"featured_media":6505,"template":"","meta":{"_seopress_robots_primary_cat":"none","_seopress_titles_title":"","_seopress_titles_desc":"","_seopress_robots_index":"","_uag_custom_page_level_css":"","site-sidebar-layout":"default","site-content-layout":"","ast-site-content-layout":"default","site-content-style":"default","site-sidebar-style":"default","ast-global-header-display":"","ast-banner-title-visibility":"","ast-main-header-display":"","ast-hfb-above-header-display":"","ast-hfb-below-header-display":"","ast-hfb-mobile-header-display":"","site-post-title":"","ast-breadcrumbs-content":"","ast-featured-img":"","footer-sml-layout":"","ast-disable-related-posts":"","theme-transparent-header-meta":"default","adv-header-id-meta":"","stick-header-meta":"default","header-above-stick-meta":"","header-main-stick-meta":"","header-below-stick-meta":"","astra-migrate-meta-layouts":"set","ast-page-background-enabled":"default","ast-page-background-meta":{"desktop":{"background-color":"","background-image":"","background-repeat":"repeat","background-position":"center center","background-size":"auto","background-attachment":"scroll","background-type":"","background-media":"","overlay-type":"","overlay-color":"","overlay-opacity":"","overlay-gradient":""},"tablet":{"background-color":"","background-image":"","background-repeat":"repeat","background-position":"center center","background-size":"auto","background-attachment":"scroll","background-type":"","background-media":"","overlay-type":"","overlay-color":"","overlay-opacity":"","overlay-gradient":""},"mobile":{"background-color":"","background-image":"","background-repeat":"repeat","background-position":"center center","background-size":"auto","background-attachment":"scroll","background-type":"","background-media":"","overlay-type":"","overlay-color":"","overlay-opacity":"","overlay-gradient":""}},"ast-content-background-meta":{"desktop":{"background-color":"var(--ast-global-color-5)","background-image":"","background-repeat":"repeat","background-position":"center center","background-size":"auto","background-attachment":"scroll","background-type":"","background-media":"","overlay-type":"","overlay-color":"","overlay-opacity":"","overlay-gradient":""},"tablet":{"background-color":"var(--ast-global-color-5)","background-image":"","background-repeat":"repeat","background-position":"center center","background-size":"auto","background-attachment":"scroll","background-type":"","background-media":"","overlay-type":"","overlay-color":"","overlay-opacity":"","overlay-gradient":""},"mobile":{"background-color":"var(--ast-global-color-5)","background-image":"","background-repeat":"repeat","background-position":"center center","background-size":"auto","background-attachment":"scroll","background-type":"","background-media":"","overlay-type":"","overlay-color":"","overlay-opacity":"","overlay-gradient":""}}},"product_brand":[],"product_cat":[44],"product_tag":[],"class_list":{"0":"post-5986","1":"product","2":"type-product","3":"status-publish","4":"has-post-thumbnail","6":"product_cat-seamless","7":"desktop-align-center","8":"tablet-align-left","9":"mobile-align-left","10":"ast-product-gallery-layout-horizontal-slider","11":"ast-product-tabs-layout-horizontal","13":"first","14":"instock","15":"shipping-taxable","16":"product-type-simple"},"uagb_featured_image_src":{"full":["https:\/\/hsgascylinder-factory.com\/wp-content\/uploads\/2025\/04\/7.jpg",800,800,false],"thumbnail":["https:\/\/hsgascylinder-factory.com\/wp-content\/uploads\/2025\/04\/7-150x150.jpg",150,150,true],"medium":["https:\/\/hsgascylinder-factory.com\/wp-content\/uploads\/2025\/04\/7-300x300.jpg",300,300,true],"medium_large":["https:\/\/hsgascylinder-factory.com\/wp-content\/uploads\/2025\/04\/7-768x768.jpg",768,768,true],"large":["https:\/\/hsgascylinder-factory.com\/wp-content\/uploads\/2025\/04\/7.jpg",800,800,false],"1536x1536":["https:\/\/hsgascylinder-factory.com\/wp-content\/uploads\/2025\/04\/7.jpg",800,800,false],"2048x2048":["https:\/\/hsgascylinder-factory.com\/wp-content\/uploads\/2025\/04\/7.jpg",800,800,false],"trp-custom-language-flag":["https:\/\/hsgascylinder-factory.com\/wp-content\/uploads\/2025\/04\/7-12x12.jpg",12,12,true],"woocommerce_thumbnail":["https:\/\/hsgascylinder-factory.com\/wp-content\/uploads\/2025\/04\/7-500x500.jpg",500,500,true],"woocommerce_single":["https:\/\/hsgascylinder-factory.com\/wp-content\/uploads\/2025\/04\/7-600x600.jpg",600,600,true],"woocommerce_gallery_thumbnail":["https:\/\/hsgascylinder-factory.com\/wp-content\/uploads\/2025\/04\/7-100x100.jpg",100,100,true]},"uagb_author_info":{"display_name":"jinxing6611@gmail.com","author_link":"https:\/\/hsgascylinder-factory.com\/da\/author\/"},"uagb_comment_info":0,"uagb_excerpt":"Brand:\u00a0HS Product origin:\u00a0Made in China Delivery time:\u00a015 to 30 days Supply capacity:\u00a0Annual output of more than 800,000 pieces 5L TPED ISO9809-1 200bar 34CrMo4 Oxygen tanks gas cylinders Product Information: 1\u30015 litre gas tank; 108mm or 140mm cylinder outer diameter; ISO9809-1; 34 crmo4. TPED cylinder hydrostatic test pressure is 300bar; Working pressure is 200bar; 2\u3001Cylinder body&hellip;","_links":{"self":[{"href":"https:\/\/hsgascylinder-factory.com\/da\/wp-json\/wp\/v2\/product\/5986","targetHints":{"allow":["GET"]}}],"collection":[{"href":"https:\/\/hsgascylinder-factory.com\/da\/wp-json\/wp\/v2\/product"}],"about":[{"href":"https:\/\/hsgascylinder-factory.com\/da\/wp-json\/wp\/v2\/types\/product"}],"wp:featuredmedia":[{"embeddable":true,"href":"https:\/\/hsgascylinder-factory.com\/da\/wp-json\/wp\/v2\/media\/6505"}],"wp:attachment":[{"href":"https:\/\/hsgascylinder-factory.com\/da\/wp-json\/wp\/v2\/media?parent=5986"}],"wp:term":[{"taxonomy":"product_brand","embeddable":true,"href":"https:\/\/hsgascylinder-factory.com\/da\/wp-json\/wp\/v2\/product_brand?post=5986"},{"taxonomy":"product_cat","embeddable":true,"href":"https:\/\/hsgascylinder-factory.com\/da\/wp-json\/wp\/v2\/product_cat?post=5986"},{"taxonomy":"product_tag","embeddable":true,"href":"https:\/\/hsgascylinder-factory.com\/da\/wp-json\/wp\/v2\/product_tag?post=5986"}],"curies":[{"name":"wp","href":"https:\/\/api.w.org\/{rel}","templated":true}]}}