{"id":5835,"date":"2025-04-23T07:07:27","date_gmt":"2025-04-23T07:07:27","guid":{"rendered":"https:\/\/darkslategray-hippopotamus-243231.hostingersite.com\/?post_type=product&#038;p=5835"},"modified":"2025-04-23T07:07:27","modified_gmt":"2025-04-23T07:07:27","slug":"50l-150bar-co2-bottle-argon-nitrogen-helium-air-cylinder","status":"publish","type":"product","link":"https:\/\/hsgascylinder-factory.com\/da\/vare\/50l-150bar-co2-bottle-argon-nitrogen-helium-air-cylinder\/","title":{"rendered":"50L 150bar CO2-flaske Argon Nitrogen Helium luftcylinder"},"content":{"rendered":"<p><strong>50L 150bar CO2 Flaske Argon Nitrogen Helium N2O Luftcylinder<\/strong><\/p>\n<p><img alt=\"\" fetchpriority=\"high\" decoding=\"async\" class=\"alignnone size-full wp-image-5848\" src=\"http:\/\/darkslategray-hippopotamus-243231.hostingersite.com\/wp-content\/uploads\/2025\/04\/50l150cn1.jpg\" width=\"800\" height=\"800\" srcset=\"https:\/\/hsgascylinder-factory.com\/wp-content\/uploads\/2025\/04\/50l150cn1.jpg 800w, https:\/\/hsgascylinder-factory.com\/wp-content\/uploads\/2025\/04\/50l150cn1-300x300.jpg 300w, https:\/\/hsgascylinder-factory.com\/wp-content\/uploads\/2025\/04\/50l150cn1-150x150.jpg 150w, https:\/\/hsgascylinder-factory.com\/wp-content\/uploads\/2025\/04\/50l150cn1-768x768.jpg 768w, https:\/\/hsgascylinder-factory.com\/wp-content\/uploads\/2025\/04\/50l150cn1-12x12.jpg 12w, https:\/\/hsgascylinder-factory.com\/wp-content\/uploads\/2025\/04\/50l150cn1-500x500.jpg 500w, https:\/\/hsgascylinder-factory.com\/wp-content\/uploads\/2025\/04\/50l150cn1-600x600.jpg 600w, https:\/\/hsgascylinder-factory.com\/wp-content\/uploads\/2025\/04\/50l150cn1-100x100.jpg 100w\" sizes=\"(max-width: 800px) 100vw, 800px\" \/><\/p>\n<p>Generelt -40-60 \u2103.  Derfor er det bedst at v\u00e6lge materiale af krom-molybd\u00e6n-st\u00e5l til gasflasker, der bruges i kolde omr\u00e5der, og det h\u00e6rdede kulstofmanganst\u00e5l er ogs\u00e5 ok, men effekten er ikke s\u00e5 god som krom-molybd\u00e6n-st\u00e5l.<\/p>\n<p>1 \u3001 Mindste ordrem\u00e6ngde: Kun 100 stk.<\/p>\n<p>2 \u3001 Produkter kan eksporteres til lande eller regioner: Kina, Syd\u00f8stasien, Mellem\u00f8sten, Asien, Afrika, Europa, Oceanien, Amerika<\/p>\n<p>3 \u3001 Brug af cylindre: Vores s\u00f8ml\u00f8se st\u00e5lcylindre bruges i vid udstr\u00e6kning i industrien, medicinsk udstyr, brandbek\u00e6mpelse og videnskabelig forskning<\/p>\n<p><img alt=\"\" decoding=\"async\" class=\"alignnone size-full wp-image-5849\" src=\"http:\/\/darkslategray-hippopotamus-243231.hostingersite.com\/wp-content\/uploads\/2025\/04\/50l150cn2.jpg\" width=\"900\" height=\"600\" srcset=\"https:\/\/hsgascylinder-factory.com\/wp-content\/uploads\/2025\/04\/50l150cn2.jpg 900w, https:\/\/hsgascylinder-factory.com\/wp-content\/uploads\/2025\/04\/50l150cn2-300x200.jpg 300w, https:\/\/hsgascylinder-factory.com\/wp-content\/uploads\/2025\/04\/50l150cn2-768x512.jpg 768w, https:\/\/hsgascylinder-factory.com\/wp-content\/uploads\/2025\/04\/50l150cn2-18x12.jpg 18w, https:\/\/hsgascylinder-factory.com\/wp-content\/uploads\/2025\/04\/50l150cn2-600x400.jpg 600w\" sizes=\"(max-width: 900px) 100vw, 900px\" \/><\/p>\n<p>4, Tr\u00e6kpr\u00f8vning af gasflasker:<\/p>\n<p>En tr\u00e6kpr\u00f8vning skal udf\u00f8res p\u00e5 materiale udtaget fra den cylindriske del af cylinderen ved at anvende en af f\u00f8lgende procedurer. a) Rektangul\u00e6re pr\u00f8veemner skal fremstilles i overensstemmelse med figur 7 og med en m\u00e5lel\u00e6ngde Lo = 5,65 So .<\/p>\n<p>De to sider af pr\u00f8veemnet, som repr\u00e6senterer cylinderens indvendige og udvendige overflade, m\u00e5 ikke bearbejdes. Forl\u00e6ngelsen, A, m\u00e5 ikke v\u00e6re mindre end de v\u00e6rdier, der er angivet i ligningen: ma 25 000 2 A R = \u00d7 (5) med et absolut minimum p\u00e5 20 %.<\/p>\n<p>5 \u3001 Bearbejdede runde pr\u00f8ver skal fremstilles med den st\u00f8rst mulige diameter, og forl\u00e6ngelsen, A, m\u00e5lt p\u00e5 en m\u00e5lel\u00e6ngde p\u00e5 fem gange pr\u00f8vens diameter, m\u00e5 ikke v\u00e6re mindre end den v\u00e6rdi, der beregnes ved hj\u00e6lp af formlen forh\u00f8jet med 2 %, med et absolut minimum p\u00e5 22 %.<\/p>\n<p><img alt=\"\" decoding=\"async\" class=\"alignnone size-full wp-image-5850\" src=\"http:\/\/darkslategray-hippopotamus-243231.hostingersite.com\/wp-content\/uploads\/2025\/04\/50l150cn3.jpg\" width=\"900\" height=\"600\" srcset=\"https:\/\/hsgascylinder-factory.com\/wp-content\/uploads\/2025\/04\/50l150cn3.jpg 900w, https:\/\/hsgascylinder-factory.com\/wp-content\/uploads\/2025\/04\/50l150cn3-300x200.jpg 300w, https:\/\/hsgascylinder-factory.com\/wp-content\/uploads\/2025\/04\/50l150cn3-768x512.jpg 768w, https:\/\/hsgascylinder-factory.com\/wp-content\/uploads\/2025\/04\/50l150cn3-18x12.jpg 18w, https:\/\/hsgascylinder-factory.com\/wp-content\/uploads\/2025\/04\/50l150cn3-600x400.jpg 600w\" sizes=\"(max-width: 900px) 100vw, 900px\" \/><\/p>\n<p><strong>6\u300150 liter gasflaske Produktparametertabel (ISO9809-3 TUV 150BAR)<\/strong><\/p>\n<p>50L 150bar CO2 Flaske Argon Nitrogen Helium N2O Luftcylinder<\/p>\n<div class=\"nei-table\">\n<table>\n<tbody>\n<tr class=\"firstRow\">\n<td align=\"center\" valign=\"middle\" width=\"164\">Type<\/td>\n<td align=\"center\" valign=\"middle\" width=\"42\">Udenfor<\/p>\n<p>Diameter<\/p>\n<p>(mm)<\/td>\n<td align=\"center\" valign=\"middle\" width=\"92\">Vand<\/p>\n<p>Kapacitet<\/p>\n<p>(L)<\/td>\n<td align=\"center\" valign=\"middle\" width=\"80\">Flaske<\/p>\n<p>H\u00f8jde<\/p>\n<p>(mm)<\/td>\n<td align=\"center\" valign=\"middle\" width=\"79\">V\u00e6gt<\/p>\n<p>\uff08kg\uff09<\/td>\n<td align=\"center\" valign=\"middle\" width=\"93\">Arbejde<\/p>\n<p>Tryk<\/p>\n<p>\uff08Bar\uff09<\/td>\n<td align=\"center\" valign=\"middle\" width=\"105\">Design v\u00e6g<\/p>\n<p>tykkelse<\/p>\n<p>(mm)<\/td>\n<td align=\"center\" valign=\"middle\" width=\"87\">Materiale<\/p>\n<p>Karakterer<\/td>\n<\/tr>\n<tr>\n<td align=\"center\" valign=\"middle\" width=\"326\">ISO232-50.0L-150<\/td>\n<td align=\"center\" valign=\"middle\" width=\"42\">232<\/td>\n<td align=\"center\" valign=\"middle\" width=\"92\">50.0<\/td>\n<td align=\"center\" valign=\"middle\" width=\"80\">1450<\/td>\n<td align=\"center\" valign=\"middle\" width=\"79\">57.5<\/td>\n<td align=\"center\" valign=\"middle\" width=\"93\">150<\/td>\n<td align=\"center\" valign=\"middle\" width=\"105\">6.0<\/td>\n<td align=\"center\" valign=\"middle\" width=\"87\">37MN<\/td>\n<\/tr>\n<\/tbody>\n<\/table>\n<\/div>","protected":false},"excerpt":{"rendered":"<ul class=\"meta\">\n<li><label>Brand:<\/label>\u00a0HS<\/li>\n<li><label>Produktets oprindelse:<\/label>\u00a0Fremstillet i Kina<\/li>\n<li><label>Leveringstid:<\/label>\u00a015 til 30 dage<\/li>\n<li><label>Forsyningskapacitet:<\/label>\u00a0\u00c5rlig produktion p\u00e5 mere end 800.000 stykker<\/li>\n<\/ul>\n<p class=\"desc\">50L 150bar CO2-flaske Argon Nitrogen Helium Luftflaske<br \/>\nN\u00e5r gasflaskens ventil \u00e5bnes, skal operat\u00f8ren v\u00e6re s\u00e6rlig opm\u00e6rksom p\u00e5 at v\u00e6re langsom, hvis det er for hurtigt, kan det medf\u00f8re, at gasflasken udst\u00f8des og falder til jorden (ligger ned, n\u00e5r man hopper) og br\u00e6ndbar, forbr\u00e6ndingsgasflaske og endda eksplosionsulykke;<br \/>\n50 liter nitrogencylinder; 37 mn manganst\u00e5l; Gasflaskeproduktionsstandard GB \/ T5099.3 eller ISO9809-1; TUV; Cylinderens ydre diameter er 232 mm; Gascylinderens hydrostatiske testtryk er 250 bar; Nitrogen gastankens arbejdstryk er 150 bar;<br \/>\nF\u00f8r h\u00e5ndtering af gasflasker skal operat\u00f8rerne kende navnet og arten af gassen i flaskerne og forholdsreglerne for sikker h\u00e5ndtering samt forberede tilsvarende v\u00e6rkt\u00f8j og beskyttelsesudstyr.<br \/>\n50 liter iltflaske kropsh\u00f8jde 1450 mm; PZ27.8, 50 l gasflaske mundingsgevind; 25E; 3\/4-14 NGT osv.; 50 liter cylinderen har en maksimal lagerkapacitet p\u00e5 7,5 m3 (7.500 liter); V\u00e6gten p\u00e5 50-liters gasflasken er 57,5 kg; Den mindste designv\u00e6gstykkelse p\u00e5 50 liter cylindre er 6,0 mm;<br \/>\nAlias: gasflasker, 50L gasflasker, gasflasker, 50L Nitrogenflasker, 50L Argon; 50 liters gasflasker; 50 liters gasflaske; 50 liters gastanke<\/p>","protected":false},"featured_media":5838,"template":"","meta":{"_seopress_robots_primary_cat":"","_seopress_titles_title":"","_seopress_titles_desc":"","_seopress_robots_index":"","_uag_custom_page_level_css":"","site-sidebar-layout":"default","site-content-layout":"","ast-site-content-layout":"default","site-content-style":"default","site-sidebar-style":"default","ast-global-header-display":"","ast-banner-title-visibility":"","ast-main-header-display":"","ast-hfb-above-header-display":"","ast-hfb-below-header-display":"","ast-hfb-mobile-header-display":"","site-post-title":"","ast-breadcrumbs-content":"","ast-featured-img":"","footer-sml-layout":"","ast-disable-related-posts":"","theme-transparent-header-meta":"default","adv-header-id-meta":"","stick-header-meta":"default","header-above-stick-meta":"","header-main-stick-meta":"","header-below-stick-meta":"","astra-migrate-meta-layouts":"set","ast-page-background-enabled":"default","ast-page-background-meta":{"desktop":{"background-color":"","background-image":"","background-repeat":"repeat","background-position":"center center","background-size":"auto","background-attachment":"scroll","background-type":"","background-media":"","overlay-type":"","overlay-color":"","overlay-opacity":"","overlay-gradient":""},"tablet":{"background-color":"","background-image":"","background-repeat":"repeat","background-position":"center center","background-size":"auto","background-attachment":"scroll","background-type":"","background-media":"","overlay-type":"","overlay-color":"","overlay-opacity":"","overlay-gradient":""},"mobile":{"background-color":"","background-image":"","background-repeat":"repeat","background-position":"center center","background-size":"auto","background-attachment":"scroll","background-type":"","background-media":"","overlay-type":"","overlay-color":"","overlay-opacity":"","overlay-gradient":""}},"ast-content-background-meta":{"desktop":{"background-color":"var(--ast-global-color-5)","background-image":"","background-repeat":"repeat","background-position":"center center","background-size":"auto","background-attachment":"scroll","background-type":"","background-media":"","overlay-type":"","overlay-color":"","overlay-opacity":"","overlay-gradient":""},"tablet":{"background-color":"var(--ast-global-color-5)","background-image":"","background-repeat":"repeat","background-position":"center center","background-size":"auto","background-attachment":"scroll","background-type":"","background-media":"","overlay-type":"","overlay-color":"","overlay-opacity":"","overlay-gradient":""},"mobile":{"background-color":"var(--ast-global-color-5)","background-image":"","background-repeat":"repeat","background-position":"center center","background-size":"auto","background-attachment":"scroll","background-type":"","background-media":"","overlay-type":"","overlay-color":"","overlay-opacity":"","overlay-gradient":""}}},"product_brand":[],"product_cat":[43],"product_tag":[],"class_list":{"0":"post-5835","1":"product","2":"type-product","3":"status-publish","4":"has-post-thumbnail","6":"product_cat-tuv","7":"desktop-align-center","8":"tablet-align-left","9":"mobile-align-left","10":"ast-product-gallery-layout-horizontal-slider","11":"ast-product-tabs-layout-horizontal","13":"first","14":"instock","15":"shipping-taxable","16":"product-type-simple"},"uagb_featured_image_src":{"full":["https:\/\/hsgascylinder-factory.com\/wp-content\/uploads\/2025\/04\/50l150c0.jpg",800,800,false],"thumbnail":["https:\/\/hsgascylinder-factory.com\/wp-content\/uploads\/2025\/04\/50l150c0-150x150.jpg",150,150,true],"medium":["https:\/\/hsgascylinder-factory.com\/wp-content\/uploads\/2025\/04\/50l150c0-300x300.jpg",300,300,true],"medium_large":["https:\/\/hsgascylinder-factory.com\/wp-content\/uploads\/2025\/04\/50l150c0-768x768.jpg",768,768,true],"large":["https:\/\/hsgascylinder-factory.com\/wp-content\/uploads\/2025\/04\/50l150c0.jpg",800,800,false],"1536x1536":["https:\/\/hsgascylinder-factory.com\/wp-content\/uploads\/2025\/04\/50l150c0.jpg",800,800,false],"2048x2048":["https:\/\/hsgascylinder-factory.com\/wp-content\/uploads\/2025\/04\/50l150c0.jpg",800,800,false],"trp-custom-language-flag":["https:\/\/hsgascylinder-factory.com\/wp-content\/uploads\/2025\/04\/50l150c0-12x12.jpg",12,12,true],"woocommerce_thumbnail":["https:\/\/hsgascylinder-factory.com\/wp-content\/uploads\/2025\/04\/50l150c0-500x500.jpg",500,500,true],"woocommerce_single":["https:\/\/hsgascylinder-factory.com\/wp-content\/uploads\/2025\/04\/50l150c0-600x600.jpg",600,600,true],"woocommerce_gallery_thumbnail":["https:\/\/hsgascylinder-factory.com\/wp-content\/uploads\/2025\/04\/50l150c0-100x100.jpg",100,100,true]},"uagb_author_info":{"display_name":"jinxing6611@gmail.com","author_link":"https:\/\/hsgascylinder-factory.com\/da\/author\/"},"uagb_comment_info":0,"uagb_excerpt":"Brand:\u00a0HS Product origin:\u00a0Made in China Delivery time:\u00a015 to 30 days Supply capacity:\u00a0Annual output of more than 800,000 pieces 50L 150bar CO2 bottle Argon Nitrogen Helium Air cylinder When opening the gas cylinder valve, the operator should pay special attention to slow, if too hasty, may cause the gas cylinder exhaust and fall to the ground&hellip;","_links":{"self":[{"href":"https:\/\/hsgascylinder-factory.com\/da\/wp-json\/wp\/v2\/product\/5835","targetHints":{"allow":["GET"]}}],"collection":[{"href":"https:\/\/hsgascylinder-factory.com\/da\/wp-json\/wp\/v2\/product"}],"about":[{"href":"https:\/\/hsgascylinder-factory.com\/da\/wp-json\/wp\/v2\/types\/product"}],"wp:featuredmedia":[{"embeddable":true,"href":"https:\/\/hsgascylinder-factory.com\/da\/wp-json\/wp\/v2\/media\/5838"}],"wp:attachment":[{"href":"https:\/\/hsgascylinder-factory.com\/da\/wp-json\/wp\/v2\/media?parent=5835"}],"wp:term":[{"taxonomy":"product_brand","embeddable":true,"href":"https:\/\/hsgascylinder-factory.com\/da\/wp-json\/wp\/v2\/product_brand?post=5835"},{"taxonomy":"product_cat","embeddable":true,"href":"https:\/\/hsgascylinder-factory.com\/da\/wp-json\/wp\/v2\/product_cat?post=5835"},{"taxonomy":"product_tag","embeddable":true,"href":"https:\/\/hsgascylinder-factory.com\/da\/wp-json\/wp\/v2\/product_tag?post=5835"}],"curies":[{"name":"wp","href":"https:\/\/api.w.org\/{rel}","templated":true}]}}