{"id":5766,"date":"2025-04-23T06:50:50","date_gmt":"2025-04-23T06:50:50","guid":{"rendered":"https:\/\/darkslategray-hippopotamus-243231.hostingersite.com\/?post_type=product&#038;p=5766"},"modified":"2025-04-23T06:50:50","modified_gmt":"2025-04-23T06:50:50","slug":"80l-150bar-co2-bottle-argon-nitrogen-helium-n2o-air-cylinder","status":"publish","type":"product","link":"https:\/\/hsgascylinder-factory.com\/da\/vare\/80l-150bar-co2-bottle-argon-nitrogen-helium-n2o-air-cylinder\/","title":{"rendered":"80L 150bar CO2 Flaske Argon Nitrogen Helium N2O Luftcylinder"},"content":{"rendered":"<p><strong>80L 150bar CO2 Flaske Argon Nitrogen Helium N2O Luftcylinder<\/strong><\/p>\n<p><img alt=\"\" fetchpriority=\"high\" decoding=\"async\" class=\"alignnone size-full wp-image-5779\" src=\"http:\/\/darkslategray-hippopotamus-243231.hostingersite.com\/wp-content\/uploads\/2025\/04\/80l150cn1.jpg\" width=\"800\" height=\"800\" srcset=\"https:\/\/hsgascylinder-factory.com\/wp-content\/uploads\/2025\/04\/80l150cn1.jpg 800w, https:\/\/hsgascylinder-factory.com\/wp-content\/uploads\/2025\/04\/80l150cn1-300x300.jpg 300w, https:\/\/hsgascylinder-factory.com\/wp-content\/uploads\/2025\/04\/80l150cn1-150x150.jpg 150w, https:\/\/hsgascylinder-factory.com\/wp-content\/uploads\/2025\/04\/80l150cn1-768x768.jpg 768w, https:\/\/hsgascylinder-factory.com\/wp-content\/uploads\/2025\/04\/80l150cn1-12x12.jpg 12w, https:\/\/hsgascylinder-factory.com\/wp-content\/uploads\/2025\/04\/80l150cn1-500x500.jpg 500w, https:\/\/hsgascylinder-factory.com\/wp-content\/uploads\/2025\/04\/80l150cn1-600x600.jpg 600w, https:\/\/hsgascylinder-factory.com\/wp-content\/uploads\/2025\/04\/80l150cn1-100x100.jpg 100w\" sizes=\"(max-width: 800px) 100vw, 800px\" \/><\/p>\n<p>Fabrik (vi er producenten)\uff1aShandong Hongsheng Pressure Vessel Co, LTD<\/p>\n<p>Shandong Hongsheng fokuserer p\u00e5 kvalitet og er mere opm\u00e6rksom p\u00e5 din sikkerhed.<\/p>\n<p>V\u00e6lg gasflasker, og se efter hongsheng-kvalitet.<\/p>\n<p>Minimum ordreantal: Kun 100 stk.<\/p>\n<p>I tilf\u00e6lde, hvor bunden mist\u00e6nkes for at v\u00e6re tilstoppet, skal sektionen \u00e6tses efter den f\u00f8rste unders\u00f8gelse for at verificere, at der ikke er nogen prop. Tilstoppede flasker kan ikke godkendes.<\/p>\n<p><img alt=\"\" decoding=\"async\" class=\"alignnone size-full wp-image-5780\" src=\"http:\/\/darkslategray-hippopotamus-243231.hostingersite.com\/wp-content\/uploads\/2025\/04\/80l150cn2.jpg\" width=\"800\" height=\"800\" srcset=\"https:\/\/hsgascylinder-factory.com\/wp-content\/uploads\/2025\/04\/80l150cn2.jpg 800w, https:\/\/hsgascylinder-factory.com\/wp-content\/uploads\/2025\/04\/80l150cn2-300x300.jpg 300w, https:\/\/hsgascylinder-factory.com\/wp-content\/uploads\/2025\/04\/80l150cn2-150x150.jpg 150w, https:\/\/hsgascylinder-factory.com\/wp-content\/uploads\/2025\/04\/80l150cn2-768x768.jpg 768w, https:\/\/hsgascylinder-factory.com\/wp-content\/uploads\/2025\/04\/80l150cn2-12x12.jpg 12w, https:\/\/hsgascylinder-factory.com\/wp-content\/uploads\/2025\/04\/80l150cn2-500x500.jpg 500w, https:\/\/hsgascylinder-factory.com\/wp-content\/uploads\/2025\/04\/80l150cn2-600x600.jpg 600w, https:\/\/hsgascylinder-factory.com\/wp-content\/uploads\/2025\/04\/80l150cn2-100x100.jpg 100w\" sizes=\"(max-width: 800px) 100vw, 800px\" \/><\/p>\n<p>1. Under ingen omst\u00e6ndigheder m\u00e5 den sunde tykkelse (dvs. tykkelsen uden ufuldkommenheder) i basiscentret v\u00e6re mindre end den specificerede minimumstykkelse.<\/p>\n<p>2 \u3001 Brug af cylindre: Vores s\u00f8ml\u00f8se st\u00e5lcylindre bruges i vid udstr\u00e6kning i industrien, medicinsk udstyr, brandbek\u00e6mpelse og videnskabelig forskning<\/p>\n<p>3 \u3001 Flasken skal betragtes som defekt, hvis der opdages revner. Den skal ogs\u00e5 betragtes som defekt, hvis dimensionerne af eventuelle porer eller indeslutninger n\u00e5r v\u00e6rdier, der anses for at udg\u00f8re en trussel mod sikkerheden.<\/p>\n<p><img alt=\"\" decoding=\"async\" class=\"alignnone size-full wp-image-5781\" src=\"http:\/\/darkslategray-hippopotamus-243231.hostingersite.com\/wp-content\/uploads\/2025\/04\/80l150cn3.jpg\" width=\"800\" height=\"800\" srcset=\"https:\/\/hsgascylinder-factory.com\/wp-content\/uploads\/2025\/04\/80l150cn3.jpg 800w, https:\/\/hsgascylinder-factory.com\/wp-content\/uploads\/2025\/04\/80l150cn3-300x300.jpg 300w, https:\/\/hsgascylinder-factory.com\/wp-content\/uploads\/2025\/04\/80l150cn3-150x150.jpg 150w, https:\/\/hsgascylinder-factory.com\/wp-content\/uploads\/2025\/04\/80l150cn3-768x768.jpg 768w, https:\/\/hsgascylinder-factory.com\/wp-content\/uploads\/2025\/04\/80l150cn3-12x12.jpg 12w, https:\/\/hsgascylinder-factory.com\/wp-content\/uploads\/2025\/04\/80l150cn3-500x500.jpg 500w, https:\/\/hsgascylinder-factory.com\/wp-content\/uploads\/2025\/04\/80l150cn3-600x600.jpg 600w, https:\/\/hsgascylinder-factory.com\/wp-content\/uploads\/2025\/04\/80l150cn3-100x100.jpg 100w\" sizes=\"(max-width: 800px) 100vw, 800px\" \/><\/p>\n<p>4. Bundkontrol af gasflasker: Der skal laves et meridiansnit i bunden af flasken, og en af de s\u00e5ledes opn\u00e5ede overflader skal poleres til unders\u00f8gelse under en forst\u00f8rrelse p\u00e5 mellem \u00d7 5 og \u00d7 10.<\/p>\n<p>5 \u3001 Enhver gascylinderstandard best\u00e5r grundl\u00e6ggende af f\u00f8lgende aspekter: anvendelsesomr\u00e5de, referencestandarder, tekniske termer og symboler, materialer, design, fremstilling, inspektion, testning, m\u00e6rkning, bel\u00e6gning, emballering, transport, opbevaring osv.<\/p>\n<p>6 \u3001 G\u00e6lder for virksomhedstrykket mellem 8-30mpa, nominel volumen mellem 0,4-80L, bruges til permanent gas eller h\u00f8jtryks flydende gascylinder.  Generel brug af omgivelsestemperaturen p\u00e5 -20-60 \u2103, kolde omr\u00e5der<\/p>\n<p><img alt=\"\" loading=\"lazy\" decoding=\"async\" class=\"alignnone size-full wp-image-5782\" src=\"http:\/\/darkslategray-hippopotamus-243231.hostingersite.com\/wp-content\/uploads\/2025\/04\/80l150cn4-5.jpg\" width=\"800\" height=\"800\" srcset=\"https:\/\/hsgascylinder-factory.com\/wp-content\/uploads\/2025\/04\/80l150cn4-5.jpg 800w, https:\/\/hsgascylinder-factory.com\/wp-content\/uploads\/2025\/04\/80l150cn4-5-300x300.jpg 300w, https:\/\/hsgascylinder-factory.com\/wp-content\/uploads\/2025\/04\/80l150cn4-5-150x150.jpg 150w, https:\/\/hsgascylinder-factory.com\/wp-content\/uploads\/2025\/04\/80l150cn4-5-768x768.jpg 768w, https:\/\/hsgascylinder-factory.com\/wp-content\/uploads\/2025\/04\/80l150cn4-5-12x12.jpg 12w, https:\/\/hsgascylinder-factory.com\/wp-content\/uploads\/2025\/04\/80l150cn4-5-500x500.jpg 500w, https:\/\/hsgascylinder-factory.com\/wp-content\/uploads\/2025\/04\/80l150cn4-5-600x600.jpg 600w, https:\/\/hsgascylinder-factory.com\/wp-content\/uploads\/2025\/04\/80l150cn4-5-100x100.jpg 100w\" sizes=\"(max-width: 800px) 100vw, 800px\" \/><\/p>\n<p>7, S\u00f8ml\u00f8se cylindre tidlig brug af kulstofst\u00e5l, (h\u00f8jtrykscylindre bruger h\u00f8jt kulstofst\u00e5l, lavtrykscylindre bruger lavt kulstofst\u00e5l), slagfastheden af kulstofst\u00e5lmaterialer er generelt lav, is\u00e6r i mangan, kulstofforholdet er lille i st\u00e5l, gascylinderbrudulykker er mere, fra den s\u00e5kaldte fremstilling af lette cylindre i denne forstand. P\u00e5 nuv\u00e6rende tidspunkt bruges manganst\u00e5l til s\u00f8ml\u00f8se gasflasker i Kina. Japanske manganst\u00e5lcylindre spiller ogs\u00e5 en vigtig rolle.<\/p>\n<p>Generelt bruger de generelle h\u00f8jtryksgasflasker manganst\u00e5l, Vesteuropa, USA og andre tempererende gasflasker bruger krom molybd\u00e6nst\u00e5l eller krom nikkel molybd\u00e6nst\u00e5l. Vores virksomhed producerer ogs\u00e5 s\u00f8ml\u00f8se cylindre af mangan-vanadiumst\u00e5l, krom-molybd\u00e6n-st\u00e5l og mangan-molybd\u00e6n-st\u00e5l.<\/p>\n<p><img alt=\"\" loading=\"lazy\" decoding=\"async\" class=\"alignnone size-full wp-image-5782\" src=\"http:\/\/darkslategray-hippopotamus-243231.hostingersite.com\/wp-content\/uploads\/2025\/04\/80l150cn4-5.jpg\" width=\"800\" height=\"800\" srcset=\"https:\/\/hsgascylinder-factory.com\/wp-content\/uploads\/2025\/04\/80l150cn4-5.jpg 800w, https:\/\/hsgascylinder-factory.com\/wp-content\/uploads\/2025\/04\/80l150cn4-5-300x300.jpg 300w, https:\/\/hsgascylinder-factory.com\/wp-content\/uploads\/2025\/04\/80l150cn4-5-150x150.jpg 150w, https:\/\/hsgascylinder-factory.com\/wp-content\/uploads\/2025\/04\/80l150cn4-5-768x768.jpg 768w, https:\/\/hsgascylinder-factory.com\/wp-content\/uploads\/2025\/04\/80l150cn4-5-12x12.jpg 12w, https:\/\/hsgascylinder-factory.com\/wp-content\/uploads\/2025\/04\/80l150cn4-5-500x500.jpg 500w, https:\/\/hsgascylinder-factory.com\/wp-content\/uploads\/2025\/04\/80l150cn4-5-600x600.jpg 600w, https:\/\/hsgascylinder-factory.com\/wp-content\/uploads\/2025\/04\/80l150cn4-5-100x100.jpg 100w\" sizes=\"(max-width: 800px) 100vw, 800px\" \/><\/p>\n<p><strong>8\u3001<\/strong><strong>80L 150bar CO2-flaske Argon Nitrogen Helium N2O luftcylinder (ISO9809-3 TUV 150BAR)<\/strong><\/p>\n<div class=\"nei-table\">\n<table>\n<tbody>\n<tr class=\"firstRow\">\n<td align=\"center\" valign=\"middle\" width=\"193\">Type<\/td>\n<td align=\"center\" valign=\"middle\" width=\"5\">Udenfor<\/p>\n<p>Diameter<\/p>\n<p>(mm)<\/td>\n<td align=\"center\" valign=\"middle\" width=\"97\">Vand<\/p>\n<p>Kapacitet<\/p>\n<p>(L)<\/td>\n<td align=\"center\" valign=\"middle\" width=\"85\">Flaske<\/p>\n<p>H\u00f8jde<\/p>\n<p>(mm)<\/td>\n<td align=\"center\" valign=\"middle\" width=\"84\">V\u00e6gt<\/p>\n<p>\uff08kg\uff09<\/td>\n<td align=\"center\" valign=\"middle\" width=\"97\">Arbejde<\/p>\n<p>Tryk<\/p>\n<p>\uff08Bar\uff09<\/td>\n<td align=\"center\" valign=\"middle\" width=\"112\">Design v\u00e6g<\/p>\n<p>tykkelse<\/p>\n<p>(mm)<\/td>\n<td align=\"center\" valign=\"middle\" width=\"92\">Materiale<\/p>\n<p>Karakterer<\/td>\n<\/tr>\n<tr>\n<td align=\"center\" valign=\"middle\" width=\"345.3333333333333\">ISO267-80.0L-150<\/td>\n<td align=\"center\" valign=\"middle\" width=\"5\">267<\/td>\n<td align=\"center\" valign=\"middle\" width=\"97\">80.0<\/td>\n<td align=\"center\" valign=\"middle\" width=\"85\">1715<\/td>\n<td align=\"center\" valign=\"middle\" width=\"84\">81<\/td>\n<td align=\"center\" valign=\"middle\" width=\"97\">150<\/td>\n<td align=\"center\" valign=\"middle\" width=\"112\">6.2<\/td>\n<td align=\"center\" valign=\"middle\" width=\"92\">37MN<\/td>\n<\/tr>\n<\/tbody>\n<\/table>\n<\/div>","protected":false},"excerpt":{"rendered":"<ul class=\"meta\">\n<li><label>Brand:<\/label>\u00a0HS<\/li>\n<li><label>Produktets oprindelse:<\/label>\u00a0Fremstillet i Kina<\/li>\n<li><label>Leveringstid:<\/label>\u00a015 til 30 dage<\/li>\n<li><label>Forsyningskapacitet:<\/label>\u00a0\u00c5rlig produktion p\u00e5 mere end 800.000 stykker<\/li>\n<\/ul>\n<p class=\"desc\">80L 150bar CO2-flaske Argon Nitrogen Helium N2O Luftflaske<br \/>\nBrug ikke gaffeltrucks, dumpere eller gaffeltrucks til at flytte gasflasker.<br \/>\nAlias: 80L gasflasker, 80L flasker, Argon-tanke, Blandingsflasker, 80L Oxygen-tanke; Brandgasflasker, 80 liter brandflasker; 80L Nitrogen brandflaske, Refuge kammer gasflasker, 80 liter kuldioxid brandtanke, 80 liter gasflasker; 80 liter gasflaske; 80 liter gastanke<br \/>\nArbejdstryk 150bar; Hydrostatisk testtryk 250bar; 80 liter; TUV; 37 mn; Iso9809-1 produktionsstandard; 267mm cylinder ydre diameter;<br \/>\nBrug ikke elektromagnetisk l\u00f8fteudstyr, n\u00e5r du l\u00f8fter gasflasker.<br \/>\nVed l\u00f8ft af gasflasker i bulk med mekanisk l\u00f8fteudstyr skal flaskerne pakkes i beholdere, st\u00e6rke bure eller kurve og sikres ordentligt.<br \/>\nDen maksimale lagerkapacitet for 80-liters iltflasken er 12m3 (12.000 liter); Den mindste designv\u00e6gstykkelse for en 80-liters flaske er 6,2 mm; 80 l flaske mundingsgevind PZ27.8; 25E; PZ39; 3\/4-14 NGT osv;<br \/>\nDet er strengt forbudt at bruge k\u00e6detov, st\u00e5ltov eller krog til at l\u00f8fte lykkeflasker for at undg\u00e5 ulykker for\u00e5rsaget af, at flasken falder af under l\u00f8ft;<br \/>\nProduktet kan fyldes med ilt, nitrogen, kuldioxid, luft og andre gasser. 80 liters gasflaske, h\u00f8jde 1715 mm; 80 liters flaskev\u00e6gt 81 kg;<\/p>","protected":false},"featured_media":5769,"template":"","meta":{"_seopress_robots_primary_cat":"","_seopress_titles_title":"","_seopress_titles_desc":"","_seopress_robots_index":"","_uag_custom_page_level_css":"","site-sidebar-layout":"default","site-content-layout":"","ast-site-content-layout":"default","site-content-style":"default","site-sidebar-style":"default","ast-global-header-display":"","ast-banner-title-visibility":"","ast-main-header-display":"","ast-hfb-above-header-display":"","ast-hfb-below-header-display":"","ast-hfb-mobile-header-display":"","site-post-title":"","ast-breadcrumbs-content":"","ast-featured-img":"","footer-sml-layout":"","ast-disable-related-posts":"","theme-transparent-header-meta":"default","adv-header-id-meta":"","stick-header-meta":"default","header-above-stick-meta":"","header-main-stick-meta":"","header-below-stick-meta":"","astra-migrate-meta-layouts":"set","ast-page-background-enabled":"default","ast-page-background-meta":{"desktop":{"background-color":"","background-image":"","background-repeat":"repeat","background-position":"center center","background-size":"auto","background-attachment":"scroll","background-type":"","background-media":"","overlay-type":"","overlay-color":"","overlay-opacity":"","overlay-gradient":""},"tablet":{"background-color":"","background-image":"","background-repeat":"repeat","background-position":"center center","background-size":"auto","background-attachment":"scroll","background-type":"","background-media":"","overlay-type":"","overlay-color":"","overlay-opacity":"","overlay-gradient":""},"mobile":{"background-color":"","background-image":"","background-repeat":"repeat","background-position":"center center","background-size":"auto","background-attachment":"scroll","background-type":"","background-media":"","overlay-type":"","overlay-color":"","overlay-opacity":"","overlay-gradient":""}},"ast-content-background-meta":{"desktop":{"background-color":"var(--ast-global-color-5)","background-image":"","background-repeat":"repeat","background-position":"center center","background-size":"auto","background-attachment":"scroll","background-type":"","background-media":"","overlay-type":"","overlay-color":"","overlay-opacity":"","overlay-gradient":""},"tablet":{"background-color":"var(--ast-global-color-5)","background-image":"","background-repeat":"repeat","background-position":"center center","background-size":"auto","background-attachment":"scroll","background-type":"","background-media":"","overlay-type":"","overlay-color":"","overlay-opacity":"","overlay-gradient":""},"mobile":{"background-color":"var(--ast-global-color-5)","background-image":"","background-repeat":"repeat","background-position":"center center","background-size":"auto","background-attachment":"scroll","background-type":"","background-media":"","overlay-type":"","overlay-color":"","overlay-opacity":"","overlay-gradient":""}}},"product_brand":[],"product_cat":[43],"product_tag":[],"class_list":{"0":"post-5766","1":"product","2":"type-product","3":"status-publish","4":"has-post-thumbnail","6":"product_cat-tuv","7":"desktop-align-center","8":"tablet-align-left","9":"mobile-align-left","10":"ast-product-gallery-layout-horizontal-slider","11":"ast-product-tabs-layout-horizontal","13":"first","14":"instock","15":"shipping-taxable","16":"product-type-simple"},"uagb_featured_image_src":{"full":["https:\/\/hsgascylinder-factory.com\/wp-content\/uploads\/2025\/04\/80l150c0.jpg",800,800,false],"thumbnail":["https:\/\/hsgascylinder-factory.com\/wp-content\/uploads\/2025\/04\/80l150c0-150x150.jpg",150,150,true],"medium":["https:\/\/hsgascylinder-factory.com\/wp-content\/uploads\/2025\/04\/80l150c0-300x300.jpg",300,300,true],"medium_large":["https:\/\/hsgascylinder-factory.com\/wp-content\/uploads\/2025\/04\/80l150c0-768x768.jpg",768,768,true],"large":["https:\/\/hsgascylinder-factory.com\/wp-content\/uploads\/2025\/04\/80l150c0.jpg",800,800,false],"1536x1536":["https:\/\/hsgascylinder-factory.com\/wp-content\/uploads\/2025\/04\/80l150c0.jpg",800,800,false],"2048x2048":["https:\/\/hsgascylinder-factory.com\/wp-content\/uploads\/2025\/04\/80l150c0.jpg",800,800,false],"trp-custom-language-flag":["https:\/\/hsgascylinder-factory.com\/wp-content\/uploads\/2025\/04\/80l150c0-12x12.jpg",12,12,true],"woocommerce_thumbnail":["https:\/\/hsgascylinder-factory.com\/wp-content\/uploads\/2025\/04\/80l150c0-500x500.jpg",500,500,true],"woocommerce_single":["https:\/\/hsgascylinder-factory.com\/wp-content\/uploads\/2025\/04\/80l150c0-600x600.jpg",600,600,true],"woocommerce_gallery_thumbnail":["https:\/\/hsgascylinder-factory.com\/wp-content\/uploads\/2025\/04\/80l150c0-100x100.jpg",100,100,true]},"uagb_author_info":{"display_name":"jinxing6611@gmail.com","author_link":"https:\/\/hsgascylinder-factory.com\/da\/author\/"},"uagb_comment_info":0,"uagb_excerpt":"Brand:\u00a0HS Product origin:\u00a0Made in China Delivery time:\u00a015 to 30 days Supply capacity:\u00a0Annual output of more than 800,000 pieces 80L 150bar CO2 bottle Argon Nitrogen Helium N2O Air cylinder Do not use forklifts, dump trucks or forklifts to move gas cylinders. Alias: 80L gas cylinders, 80L bottles, Argon tanks, Mixture cylinders, 80L Oxygen tanks; Fire gas&hellip;","_links":{"self":[{"href":"https:\/\/hsgascylinder-factory.com\/da\/wp-json\/wp\/v2\/product\/5766","targetHints":{"allow":["GET"]}}],"collection":[{"href":"https:\/\/hsgascylinder-factory.com\/da\/wp-json\/wp\/v2\/product"}],"about":[{"href":"https:\/\/hsgascylinder-factory.com\/da\/wp-json\/wp\/v2\/types\/product"}],"wp:featuredmedia":[{"embeddable":true,"href":"https:\/\/hsgascylinder-factory.com\/da\/wp-json\/wp\/v2\/media\/5769"}],"wp:attachment":[{"href":"https:\/\/hsgascylinder-factory.com\/da\/wp-json\/wp\/v2\/media?parent=5766"}],"wp:term":[{"taxonomy":"product_brand","embeddable":true,"href":"https:\/\/hsgascylinder-factory.com\/da\/wp-json\/wp\/v2\/product_brand?post=5766"},{"taxonomy":"product_cat","embeddable":true,"href":"https:\/\/hsgascylinder-factory.com\/da\/wp-json\/wp\/v2\/product_cat?post=5766"},{"taxonomy":"product_tag","embeddable":true,"href":"https:\/\/hsgascylinder-factory.com\/da\/wp-json\/wp\/v2\/product_tag?post=5766"}],"curies":[{"name":"wp","href":"https:\/\/api.w.org\/{rel}","templated":true}]}}