{"id":5700,"date":"2025-04-23T06:30:35","date_gmt":"2025-04-23T06:30:35","guid":{"rendered":"https:\/\/darkslategray-hippopotamus-243231.hostingersite.com\/?post_type=product&#038;p=5700"},"modified":"2025-06-05T07:07:49","modified_gmt":"2025-06-05T07:07:49","slug":"5l-150bar-co2-bottle-argon-nitrogen-helium-n2o-air-cylinders","status":"publish","type":"product","link":"https:\/\/hsgascylinder-factory.com\/da\/vare\/5l-150bar-co2-bottle-argon-nitrogen-helium-n2o-air-cylinders\/","title":{"rendered":"5L 150bar CO2 Flaske Argon Nitrogen Helium N2O Luftflasker"},"content":{"rendered":"<p><strong>5L 150bar CO2 Flaske Argon Nitrogen Helium N2O Luftflasker<\/strong><\/p>\n<p><img alt=\"\" fetchpriority=\"high\" decoding=\"async\" class=\"alignnone wp-image-6622 size-full\" src=\"http:\/\/darkslategray-hippopotamus-243231.hostingersite.com\/wp-content\/uploads\/2025\/04\/150-4-2.jpg\" width=\"800\" height=\"800\" srcset=\"https:\/\/hsgascylinder-factory.com\/wp-content\/uploads\/2025\/04\/150-4-2.jpg 800w, https:\/\/hsgascylinder-factory.com\/wp-content\/uploads\/2025\/04\/150-4-2-300x300.jpg 300w, https:\/\/hsgascylinder-factory.com\/wp-content\/uploads\/2025\/04\/150-4-2-150x150.jpg 150w, https:\/\/hsgascylinder-factory.com\/wp-content\/uploads\/2025\/04\/150-4-2-768x768.jpg 768w, https:\/\/hsgascylinder-factory.com\/wp-content\/uploads\/2025\/04\/150-4-2-12x12.jpg 12w, https:\/\/hsgascylinder-factory.com\/wp-content\/uploads\/2025\/04\/150-4-2-500x500.jpg 500w, https:\/\/hsgascylinder-factory.com\/wp-content\/uploads\/2025\/04\/150-4-2-600x600.jpg 600w, https:\/\/hsgascylinder-factory.com\/wp-content\/uploads\/2025\/04\/150-4-2-100x100.jpg 100w\" sizes=\"(max-width: 800px) 100vw, 800px\" \/><\/p>\n<p>Til fejls\u00f8gning skal der anvendes et pulsekkosystem.<\/p>\n<p>Til tykkelsesm\u00e5ling skal enten resonansmetoden eller pulsekkosystemet anvendes.<\/p>\n<p>Der skal anvendes enten kontakt- eller neds\u00e6nkningsteknikker til unders\u00f8gelse.<\/p>\n<p>Der skal anvendes en koblingsmetode, som sikrer tilstr\u00e6kkelig transmission af ultralydsenergi mellem testproben og cylinderen.<\/p>\n<p><img alt=\"\" decoding=\"async\" class=\"alignnone wp-image-6623 size-full\" src=\"http:\/\/darkslategray-hippopotamus-243231.hostingersite.com\/wp-content\/uploads\/2025\/04\/9-20.jpg\" width=\"900\" height=\"600\" srcset=\"https:\/\/hsgascylinder-factory.com\/wp-content\/uploads\/2025\/04\/9-20.jpg 900w, https:\/\/hsgascylinder-factory.com\/wp-content\/uploads\/2025\/04\/9-20-300x200.jpg 300w, https:\/\/hsgascylinder-factory.com\/wp-content\/uploads\/2025\/04\/9-20-768x512.jpg 768w, https:\/\/hsgascylinder-factory.com\/wp-content\/uploads\/2025\/04\/9-20-18x12.jpg 18w, https:\/\/hsgascylinder-factory.com\/wp-content\/uploads\/2025\/04\/9-20-600x400.jpg 600w\" sizes=\"(max-width: 900px) 100vw, 900px\" \/><\/p>\n<p>1 \u3001 Mindste ordrem\u00e6ngde: Kun 100 stk.<\/p>\n<p>2 \u3001 Brug af cylindre: Vores s\u00f8ml\u00f8se st\u00e5lcylindre bruges i vid udstr\u00e6kning i industrien, medicinsk udstyr, brandbek\u00e6mpelse og videnskabelig forskning<\/p>\n<p>3 \u3001 Produkter kan eksporteres til lande eller regioner: Kina, Syd\u00f8stasien, Mellem\u00f8sten, Asien, Afrika, Europa, Oceanien, Amerika<\/p>\n<p>4 \u3001 Afviste cylindre<\/p>\n<p>a) Alle afviste flasker skal g\u00f8res ubrugelige til deres oprindelige anvendelse.<\/p>\n<p>b) Det kan v\u00e6re muligt at fremstille cylindre til forskellige driftsforhold ud fra kasserede cylindre.<\/p>\n<p><img alt=\"\" decoding=\"async\" class=\"alignnone wp-image-6624 size-full\" src=\"http:\/\/darkslategray-hippopotamus-243231.hostingersite.com\/wp-content\/uploads\/2025\/04\/9-39-1.jpg\" width=\"900\" height=\"600\" srcset=\"https:\/\/hsgascylinder-factory.com\/wp-content\/uploads\/2025\/04\/9-39-1.jpg 900w, https:\/\/hsgascylinder-factory.com\/wp-content\/uploads\/2025\/04\/9-39-1-300x200.jpg 300w, https:\/\/hsgascylinder-factory.com\/wp-content\/uploads\/2025\/04\/9-39-1-768x512.jpg 768w, https:\/\/hsgascylinder-factory.com\/wp-content\/uploads\/2025\/04\/9-39-1-18x12.jpg 18w, https:\/\/hsgascylinder-factory.com\/wp-content\/uploads\/2025\/04\/9-39-1-600x400.jpg 600w\" sizes=\"(max-width: 900px) 100vw, 900px\" \/><\/p>\n<p>5 \u3001 Ultralydsunders\u00f8gelse af gasflasker:<\/p>\n<p>Ultralydsunders\u00f8gelsen skal udf\u00f8res af kvalificeret og erfarent personale, der er certificeret til mindst niveau 1, og overv\u00e5ges af personale, der er certificeret til mindst niveau 2 i overensstemmelse med ISO 9712.<\/p>\n<p>Andre standarder, som opfylder eller overg\u00e5r disse minimumskrav, kan anvendes efter godkendelse af inspekt\u00f8ren.<\/p>\n<p>De indre og ydre overflader af enhver cylinder, som skal unders\u00f8ges ved hj\u00e6lp af ultralyd, skal v\u00e6re i en tilstand, der er egnet til en n\u00f8jagtig og reproducerbar unders\u00f8gelse.<\/p>\n<p><img alt=\"\" loading=\"lazy\" decoding=\"async\" class=\"alignnone wp-image-6580 size-full\" src=\"http:\/\/darkslategray-hippopotamus-243231.hostingersite.com\/wp-content\/uploads\/2025\/03\/\u5b9e\u9a8c-scaled.jpg\" width=\"2099\" height=\"2560\" srcset=\"https:\/\/hsgascylinder-factory.com\/wp-content\/uploads\/2025\/03\/\u5b9e\u9a8c-scaled.jpg 2099w, https:\/\/hsgascylinder-factory.com\/wp-content\/uploads\/2025\/03\/\u5b9e\u9a8c-246x300.jpg 246w, https:\/\/hsgascylinder-factory.com\/wp-content\/uploads\/2025\/03\/\u5b9e\u9a8c-840x1024.jpg 840w, https:\/\/hsgascylinder-factory.com\/wp-content\/uploads\/2025\/03\/\u5b9e\u9a8c-768x937.jpg 768w, https:\/\/hsgascylinder-factory.com\/wp-content\/uploads\/2025\/03\/\u5b9e\u9a8c-1259x1536.jpg 1259w, https:\/\/hsgascylinder-factory.com\/wp-content\/uploads\/2025\/03\/\u5b9e\u9a8c-1679x2048.jpg 1679w, https:\/\/hsgascylinder-factory.com\/wp-content\/uploads\/2025\/03\/\u5b9e\u9a8c-10x12.jpg 10w, https:\/\/hsgascylinder-factory.com\/wp-content\/uploads\/2025\/03\/\u5b9e\u9a8c-600x732.jpg 600w\" sizes=\"(max-width: 2099px) 100vw, 2099px\" \/><\/p>\n<p><strong>6\u3001<\/strong><strong>5 liters gasflaske Produktparametertabel (ISO9809-3 TUV 150BAR)<\/strong><\/p>\n<p>5L 150bar CO2 Flaske Argon Nitrogen Helium N2O Luftflasker<\/p>\n<div class=\"nei-table\">\n<table>\n<tbody>\n<tr class=\"firstRow\">\n<td align=\"center\" valign=\"middle\" width=\"171\">Type<\/td>\n<td align=\"center\" valign=\"middle\" width=\"43\">Udenfor<\/p>\n<p>Diameter<\/p>\n<p>(mm)<\/td>\n<td align=\"center\" valign=\"middle\" width=\"99\">Vand<\/p>\n<p>Kapacitet<\/p>\n<p>(L)<\/td>\n<td align=\"center\" valign=\"middle\" width=\"76\">Flaske<\/p>\n<p>H\u00f8jde<\/p>\n<p>(mm)<\/td>\n<td align=\"center\" valign=\"middle\" width=\"75\">V\u00e6gt<\/p>\n<p>\uff08kg\uff09<\/td>\n<td align=\"center\" valign=\"middle\" width=\"88\">Arbejde<\/p>\n<p>Tryk<\/p>\n<p>\uff08Bar\uff09<\/td>\n<td align=\"center\" valign=\"middle\" width=\"94\">Design v\u00e6g<\/p>\n<p>tykkelse<\/p>\n<p>(mm)<\/td>\n<td align=\"center\" valign=\"middle\" width=\"82\">Materiale<\/p>\n<p>Karakterer<\/td>\n<\/tr>\n<tr>\n<td align=\"center\" valign=\"middle\" width=\"266\">WM\u2161108-5.0L-150<\/td>\n<td align=\"center\" valign=\"middle\" width=\"43\">108<\/td>\n<td align=\"center\" valign=\"middle\" width=\"99\">5.0<\/td>\n<td align=\"center\" valign=\"middle\" width=\"76\">696<\/td>\n<td align=\"center\" valign=\"middle\" width=\"75\">7.65<\/td>\n<td align=\"center\" valign=\"middle\" width=\"88\">150<\/td>\n<td align=\"center\" valign=\"middle\" width=\"94\">2.9<\/td>\n<td align=\"center\" valign=\"middle\" width=\"82\">37MN<\/td>\n<\/tr>\n<tr>\n<td colspan=\"1\" rowspan=\"1\" align=\"center\" valign=\"middle\" width=\"317\">WM\u216140-5.0L-150<\/td>\n<td colspan=\"1\" rowspan=\"1\" align=\"center\" valign=\"middle\" width=\"43\">140<\/td>\n<td colspan=\"1\" rowspan=\"1\" align=\"center\" valign=\"middle\" width=\"99\">5.0<\/td>\n<td colspan=\"1\" rowspan=\"1\" align=\"center\" valign=\"middle\" width=\"76\">447<\/td>\n<td colspan=\"1\" rowspan=\"1\" align=\"center\" valign=\"middle\" width=\"75\">6.96<\/td>\n<td colspan=\"1\" rowspan=\"1\" align=\"center\" valign=\"middle\" width=\"88\">150<\/td>\n<td colspan=\"1\" rowspan=\"1\" align=\"center\" valign=\"middle\" width=\"94\">3.8<\/td>\n<td colspan=\"1\" rowspan=\"1\" align=\"center\" valign=\"middle\" width=\"82\">37MN<\/td>\n<\/tr>\n<\/tbody>\n<\/table>\n<p><img alt=\"\" loading=\"lazy\" decoding=\"async\" class=\"alignnone size-full wp-image-6591\" src=\"http:\/\/darkslategray-hippopotamus-243231.hostingersite.com\/wp-content\/uploads\/2025\/04\/\u7269\u6d41-scaled.jpg\" width=\"1629\" height=\"2560\" srcset=\"https:\/\/hsgascylinder-factory.com\/wp-content\/uploads\/2025\/04\/\u7269\u6d41-scaled.jpg 1629w, https:\/\/hsgascylinder-factory.com\/wp-content\/uploads\/2025\/04\/\u7269\u6d41-191x300.jpg 191w, https:\/\/hsgascylinder-factory.com\/wp-content\/uploads\/2025\/04\/\u7269\u6d41-651x1024.jpg 651w, https:\/\/hsgascylinder-factory.com\/wp-content\/uploads\/2025\/04\/\u7269\u6d41-768x1207.jpg 768w, https:\/\/hsgascylinder-factory.com\/wp-content\/uploads\/2025\/04\/\u7269\u6d41-977x1536.jpg 977w, https:\/\/hsgascylinder-factory.com\/wp-content\/uploads\/2025\/04\/\u7269\u6d41-1303x2048.jpg 1303w, https:\/\/hsgascylinder-factory.com\/wp-content\/uploads\/2025\/04\/\u7269\u6d41-8x12.jpg 8w, https:\/\/hsgascylinder-factory.com\/wp-content\/uploads\/2025\/04\/\u7269\u6d41-600x943.jpg 600w\" sizes=\"(max-width: 1629px) 100vw, 1629px\" \/><\/p>\n<p><img alt=\"\" loading=\"lazy\" decoding=\"async\" class=\"alignnone size-full wp-image-6625\" src=\"http:\/\/darkslategray-hippopotamus-243231.hostingersite.com\/wp-content\/uploads\/2025\/04\/9-36.jpg\" width=\"900\" height=\"600\" srcset=\"https:\/\/hsgascylinder-factory.com\/wp-content\/uploads\/2025\/04\/9-36.jpg 900w, https:\/\/hsgascylinder-factory.com\/wp-content\/uploads\/2025\/04\/9-36-300x200.jpg 300w, https:\/\/hsgascylinder-factory.com\/wp-content\/uploads\/2025\/04\/9-36-768x512.jpg 768w, https:\/\/hsgascylinder-factory.com\/wp-content\/uploads\/2025\/04\/9-36-18x12.jpg 18w, https:\/\/hsgascylinder-factory.com\/wp-content\/uploads\/2025\/04\/9-36-600x400.jpg 600w\" sizes=\"(max-width: 900px) 100vw, 900px\" \/><\/p>\n<\/div>","protected":false},"excerpt":{"rendered":"<ul class=\"meta\">\n<li><label>Brand:<\/label>\u00a0HS<\/li>\n<li><label>Produktets oprindelse:<\/label>\u00a0Fremstillet i Kina<\/li>\n<li><label>Leveringstid:<\/label>\u00a015 til 30 dage<\/li>\n<li><label>Forsyningskapacitet:<\/label>\u00a0\u00c5rlig produktion p\u00e5 mere end 800.000 stykker<\/li>\n<\/ul>\n<p class=\"desc\">5L 150bar CO2-flaske Argon Nitrogen Helium N2O Luftflasker<br \/>\nTips til sikker brug af gasflasker:<br \/>\nFlaskeh\u00e6tte: Den beskytter flaskeventilen. Dens funktion er at forhindre, at flaskeventilen bliver beskadiget p\u00e5 grund af kollision i forbindelse med h\u00e5ndtering og brug eller endda for\u00e5rsager alvorlige ulykker, s\u00e5som at flaskeventilen flyver ud og flasken eksploderer.<br \/>\nDet er strengt forbudt at afmontere den faste sikkerhedsflaskeh\u00e6tte under brug. Der er designet plads til at installere trykreduktionsanordningen (undtagen den afmonterede flaskeh\u00e6tte).<br \/>\nInformation om produktet:<br \/>\n1, 5 liter; 108 mm eller 140 mm cylinder ydre diameter; TUV; Iso9809-3 eller GB \/ T5099.3 produktionsstandarder; 37 mn manganst\u00e5l; Hydrostatisk testtryk er 250 bar; Arbejdstryk er 150 bar;<br \/>\n2 \u3001 H\u00f8jden p\u00e5 luftcylinderkroppen er 696 mm eller 447 mm; Oxygencylindermundtr\u00e5de inkluderer PZ19.2, PZ27.8, PZ39; 25E; 3\/4-14 NGT osv.; Maksimal opbevaring er 0,75 m3 (750 l); Den mindste designv\u00e6gtykkelse p\u00e5 cylinderen er 2,9 mm eller 3,8; Nitrogencylinderens kropsv\u00e6gt er 7,64 kg eller 6,96 kg;<br \/>\n3, Alias: 5L gasflasker, 5L flasker, N2O flasker, TUV CO2 gasflasker, 150bar Nitrogenflasker; 5 liter gasflasker; 5 liter gasflaske; 5 liter gastanke<br \/>\nShandong Hongsheng Pressure Vessel Co, Ltd. er villig til at v\u00e6re din langsigtede partner og chef for cylindersikkerhed og i f\u00e6llesskab eskortere din cylindersikkerhed.<\/p>","protected":false},"featured_media":6620,"template":"","meta":{"_seopress_robots_primary_cat":"none","_seopress_titles_title":"","_seopress_titles_desc":"","_seopress_robots_index":"","_uag_custom_page_level_css":"","site-sidebar-layout":"default","site-content-layout":"","ast-site-content-layout":"default","site-content-style":"default","site-sidebar-style":"default","ast-global-header-display":"","ast-banner-title-visibility":"","ast-main-header-display":"","ast-hfb-above-header-display":"","ast-hfb-below-header-display":"","ast-hfb-mobile-header-display":"","site-post-title":"","ast-breadcrumbs-content":"","ast-featured-img":"","footer-sml-layout":"","ast-disable-related-posts":"","theme-transparent-header-meta":"default","adv-header-id-meta":"","stick-header-meta":"default","header-above-stick-meta":"","header-main-stick-meta":"","header-below-stick-meta":"","astra-migrate-meta-layouts":"set","ast-page-background-enabled":"default","ast-page-background-meta":{"desktop":{"background-color":"","background-image":"","background-repeat":"repeat","background-position":"center center","background-size":"auto","background-attachment":"scroll","background-type":"","background-media":"","overlay-type":"","overlay-color":"","overlay-opacity":"","overlay-gradient":""},"tablet":{"background-color":"","background-image":"","background-repeat":"repeat","background-position":"center center","background-size":"auto","background-attachment":"scroll","background-type":"","background-media":"","overlay-type":"","overlay-color":"","overlay-opacity":"","overlay-gradient":""},"mobile":{"background-color":"","background-image":"","background-repeat":"repeat","background-position":"center center","background-size":"auto","background-attachment":"scroll","background-type":"","background-media":"","overlay-type":"","overlay-color":"","overlay-opacity":"","overlay-gradient":""}},"ast-content-background-meta":{"desktop":{"background-color":"var(--ast-global-color-5)","background-image":"","background-repeat":"repeat","background-position":"center center","background-size":"auto","background-attachment":"scroll","background-type":"","background-media":"","overlay-type":"","overlay-color":"","overlay-opacity":"","overlay-gradient":""},"tablet":{"background-color":"var(--ast-global-color-5)","background-image":"","background-repeat":"repeat","background-position":"center center","background-size":"auto","background-attachment":"scroll","background-type":"","background-media":"","overlay-type":"","overlay-color":"","overlay-opacity":"","overlay-gradient":""},"mobile":{"background-color":"var(--ast-global-color-5)","background-image":"","background-repeat":"repeat","background-position":"center center","background-size":"auto","background-attachment":"scroll","background-type":"","background-media":"","overlay-type":"","overlay-color":"","overlay-opacity":"","overlay-gradient":""}}},"product_brand":[],"product_cat":[43],"product_tag":[],"class_list":{"0":"post-5700","1":"product","2":"type-product","3":"status-publish","4":"has-post-thumbnail","6":"product_cat-tuv","7":"desktop-align-center","8":"tablet-align-left","9":"mobile-align-left","10":"ast-product-gallery-layout-horizontal-slider","11":"ast-product-tabs-layout-horizontal","13":"first","14":"instock","15":"shipping-taxable","16":"product-type-simple"},"uagb_featured_image_src":{"full":["https:\/\/hsgascylinder-factory.com\/wp-content\/uploads\/2025\/04\/8-2.jpg",800,800,false],"thumbnail":["https:\/\/hsgascylinder-factory.com\/wp-content\/uploads\/2025\/04\/8-2-150x150.jpg",150,150,true],"medium":["https:\/\/hsgascylinder-factory.com\/wp-content\/uploads\/2025\/04\/8-2-300x300.jpg",300,300,true],"medium_large":["https:\/\/hsgascylinder-factory.com\/wp-content\/uploads\/2025\/04\/8-2-768x768.jpg",768,768,true],"large":["https:\/\/hsgascylinder-factory.com\/wp-content\/uploads\/2025\/04\/8-2.jpg",800,800,false],"1536x1536":["https:\/\/hsgascylinder-factory.com\/wp-content\/uploads\/2025\/04\/8-2.jpg",800,800,false],"2048x2048":["https:\/\/hsgascylinder-factory.com\/wp-content\/uploads\/2025\/04\/8-2.jpg",800,800,false],"trp-custom-language-flag":["https:\/\/hsgascylinder-factory.com\/wp-content\/uploads\/2025\/04\/8-2-12x12.jpg",12,12,true],"woocommerce_thumbnail":["https:\/\/hsgascylinder-factory.com\/wp-content\/uploads\/2025\/04\/8-2-500x500.jpg",500,500,true],"woocommerce_single":["https:\/\/hsgascylinder-factory.com\/wp-content\/uploads\/2025\/04\/8-2-600x600.jpg",600,600,true],"woocommerce_gallery_thumbnail":["https:\/\/hsgascylinder-factory.com\/wp-content\/uploads\/2025\/04\/8-2-100x100.jpg",100,100,true]},"uagb_author_info":{"display_name":"jinxing6611@gmail.com","author_link":"https:\/\/hsgascylinder-factory.com\/da\/author\/"},"uagb_comment_info":0,"uagb_excerpt":"Brand:\u00a0HS Product origin:\u00a0Made in China Delivery time:\u00a015 to 30 days Supply capacity:\u00a0Annual output of more than 800,000 pieces 5L 150bar CO2 bottle Argon Nitrogen Helium N2O Air cylinders Tips for safe use of gas cylinders: Bottle cap: it protects the cylinder valve. Its function is to prevent the cylinder valve from being damaged due to&hellip;","_links":{"self":[{"href":"https:\/\/hsgascylinder-factory.com\/da\/wp-json\/wp\/v2\/product\/5700","targetHints":{"allow":["GET"]}}],"collection":[{"href":"https:\/\/hsgascylinder-factory.com\/da\/wp-json\/wp\/v2\/product"}],"about":[{"href":"https:\/\/hsgascylinder-factory.com\/da\/wp-json\/wp\/v2\/types\/product"}],"wp:featuredmedia":[{"embeddable":true,"href":"https:\/\/hsgascylinder-factory.com\/da\/wp-json\/wp\/v2\/media\/6620"}],"wp:attachment":[{"href":"https:\/\/hsgascylinder-factory.com\/da\/wp-json\/wp\/v2\/media?parent=5700"}],"wp:term":[{"taxonomy":"product_brand","embeddable":true,"href":"https:\/\/hsgascylinder-factory.com\/da\/wp-json\/wp\/v2\/product_brand?post=5700"},{"taxonomy":"product_cat","embeddable":true,"href":"https:\/\/hsgascylinder-factory.com\/da\/wp-json\/wp\/v2\/product_cat?post=5700"},{"taxonomy":"product_tag","embeddable":true,"href":"https:\/\/hsgascylinder-factory.com\/da\/wp-json\/wp\/v2\/product_tag?post=5700"}],"curies":[{"name":"wp","href":"https:\/\/api.w.org\/{rel}","templated":true}]}}