{"id":5646,"date":"2025-04-23T06:19:40","date_gmt":"2025-04-23T06:19:40","guid":{"rendered":"https:\/\/darkslategray-hippopotamus-243231.hostingersite.com\/?post_type=product&#038;p=5646"},"modified":"2025-06-05T08:23:41","modified_gmt":"2025-06-05T08:23:41","slug":"2l-150bar-co2-bottle-argon-nitrogen-helium-n2o-air-cylinders","status":"publish","type":"product","link":"https:\/\/hsgascylinder-factory.com\/da\/vare\/2l-150bar-co2-bottle-argon-nitrogen-helium-n2o-air-cylinders\/","title":{"rendered":"2L iltflaske CO2 Flaske Argon Nitrogen Helium Luftflasker"},"content":{"rendered":"<p><img alt=\"\" fetchpriority=\"high\" decoding=\"async\" class=\"alignnone wp-image-6648 size-full\" src=\"http:\/\/darkslategray-hippopotamus-243231.hostingersite.com\/wp-content\/uploads\/2025\/04\/0002.jpg\" width=\"900\" height=\"600\" srcset=\"https:\/\/hsgascylinder-factory.com\/wp-content\/uploads\/2025\/04\/0002.jpg 900w, https:\/\/hsgascylinder-factory.com\/wp-content\/uploads\/2025\/04\/0002-300x200.jpg 300w, https:\/\/hsgascylinder-factory.com\/wp-content\/uploads\/2025\/04\/0002-768x512.jpg 768w, https:\/\/hsgascylinder-factory.com\/wp-content\/uploads\/2025\/04\/0002-18x12.jpg 18w, https:\/\/hsgascylinder-factory.com\/wp-content\/uploads\/2025\/04\/0002-600x400.jpg 600w\" sizes=\"(max-width: 900px) 100vw, 900px\" \/><\/p>\n<p><strong>Gas cylinder flaw detection\uff1a<\/strong>\u00a0reference standard of convenient length shall be prepared from a cylinder which is dimensionally and acoustically representative of the cylinder to be examined, as demonstrable by the manufacturer.<\/p>\n<p>The reference standard shall be free of discontinuities which may interfere with the detection of the reference notches. Reference notches both longitudinal and transverse shall be machined on the outer and inner surface of the reference standard.<\/p>\n<p>The notches shall be separated such that each notch can be clearly identified.<\/p>\n<p><img alt=\"\" decoding=\"async\" class=\"alignnone wp-image-6649 size-full\" src=\"http:\/\/darkslategray-hippopotamus-243231.hostingersite.com\/wp-content\/uploads\/2025\/04\/9-9.jpg\" width=\"900\" height=\"600\" srcset=\"https:\/\/hsgascylinder-factory.com\/wp-content\/uploads\/2025\/04\/9-9.jpg 900w, https:\/\/hsgascylinder-factory.com\/wp-content\/uploads\/2025\/04\/9-9-300x200.jpg 300w, https:\/\/hsgascylinder-factory.com\/wp-content\/uploads\/2025\/04\/9-9-768x512.jpg 768w, https:\/\/hsgascylinder-factory.com\/wp-content\/uploads\/2025\/04\/9-9-18x12.jpg 18w, https:\/\/hsgascylinder-factory.com\/wp-content\/uploads\/2025\/04\/9-9-600x400.jpg 600w\" sizes=\"(max-width: 900px) 100vw, 900px\" \/><\/p>\n<p><strong>Information om produktet:<\/strong><\/p>\n<p>1\u30012 litre; 108mm cylinder outer diameter; TUV ; Iso9809-3 or GB\/T5099.3 production standards; Working pressure is 150bar; Hydrostatic test pressure is 250bar; 37 mn manganese steel;<\/p>\n<p>2\u3001Height of nitrogen bottle body: 310mm; Cylinder mouth thread: PZ19.2,PZ27.8,PZ39; 25E; 3\/4-14 NGT, etc.; Maximum nitrogen storage: 0.3m3 (300 L); Minimum design wall thickness of cylinder: 2.9mm; Cylinder body weight: 3.62kg;<\/p>\n<p>3\u3001Alias: 2L cylinders, 2L BOTTLES, CO2 bottles, Nitrogen bottles, 150bar bottles;2 litre gas bottles; 2 litre gas cylinder; 2 litre gas tanks<\/p>\n<p><img alt=\"\" decoding=\"async\" class=\"alignnone wp-image-6579 size-full\" src=\"http:\/\/darkslategray-hippopotamus-243231.hostingersite.com\/wp-content\/uploads\/2025\/03\/\u8ba4\u8bc1.jpg\" width=\"2480\" height=\"1288\" srcset=\"https:\/\/hsgascylinder-factory.com\/wp-content\/uploads\/2025\/03\/\u8ba4\u8bc1.jpg 2480w, https:\/\/hsgascylinder-factory.com\/wp-content\/uploads\/2025\/03\/\u8ba4\u8bc1-300x156.jpg 300w, https:\/\/hsgascylinder-factory.com\/wp-content\/uploads\/2025\/03\/\u8ba4\u8bc1-1024x532.jpg 1024w, https:\/\/hsgascylinder-factory.com\/wp-content\/uploads\/2025\/03\/\u8ba4\u8bc1-768x399.jpg 768w, https:\/\/hsgascylinder-factory.com\/wp-content\/uploads\/2025\/03\/\u8ba4\u8bc1-1536x798.jpg 1536w, https:\/\/hsgascylinder-factory.com\/wp-content\/uploads\/2025\/03\/\u8ba4\u8bc1-2048x1064.jpg 2048w, https:\/\/hsgascylinder-factory.com\/wp-content\/uploads\/2025\/03\/\u8ba4\u8bc1-18x9.jpg 18w, https:\/\/hsgascylinder-factory.com\/wp-content\/uploads\/2025\/03\/\u8ba4\u8bc1-600x312.jpg 600w\" sizes=\"(max-width: 2480px) 100vw, 2480px\" \/><\/p>\n<p>1 \u3001 Mindste ordrem\u00e6ngde: Kun 100 stk.<\/p>\n<p>2 \u3001 Brug af cylindre: Vores s\u00f8ml\u00f8se st\u00e5lcylindre bruges i vid udstr\u00e6kning i industrien, medicinsk udstyr, brandbek\u00e6mpelse og videnskabelig forskning<\/p>\n<p>3 \u3001 Produkter kan eksporteres til lande eller regioner: Kina, Syd\u00f8stasien, Mellem\u00f8sten, Asien, Afrika, Europa, Oceanien, Amerika<\/p>\n<p>4 \u3001 Fabrik (vi er producenten) \uff1aShandong Hongsheng Pressure Vessel Co., LTD<\/p>\n<p><img alt=\"\" loading=\"lazy\" decoding=\"async\" class=\"alignnone wp-image-6650 size-full\" src=\"http:\/\/darkslategray-hippopotamus-243231.hostingersite.com\/wp-content\/uploads\/2025\/04\/9-40.jpg\" width=\"900\" height=\"600\" srcset=\"https:\/\/hsgascylinder-factory.com\/wp-content\/uploads\/2025\/04\/9-40.jpg 900w, https:\/\/hsgascylinder-factory.com\/wp-content\/uploads\/2025\/04\/9-40-300x200.jpg 300w, https:\/\/hsgascylinder-factory.com\/wp-content\/uploads\/2025\/04\/9-40-768x512.jpg 768w, https:\/\/hsgascylinder-factory.com\/wp-content\/uploads\/2025\/04\/9-40-18x12.jpg 18w, https:\/\/hsgascylinder-factory.com\/wp-content\/uploads\/2025\/04\/9-40-600x400.jpg 600w\" sizes=\"(max-width: 900px) 100vw, 900px\" \/><\/p>\n<p><strong>5\u3001Gas cylinder flaw detection\uff1a<\/strong><\/p>\n<p>The effectiveness of the equipment shall be periodically checked by putting a reference standard through the examination procedure.<\/p>\n<p>This check shall be carried out at least at the beginning and end of each shift.<\/p>\n<p>If during this check, the presence of the appropriate reference notch is not detected, all cylinders examined subsequent to the last acceptable check shall be retested after the equipment has been reset.<\/p>\n<p>6\u3001Markings :(1) on the shoulder of the bottle or on an addendum or permanently fixed neck or collar, in a local position or in a circular arrangement;\u00a0 (2) Contents in accordance with ISO13769 or relevant regulations of the user country;<\/p>\n<p><img alt=\"\" loading=\"lazy\" decoding=\"async\" class=\"alignnone wp-image-6580 size-full\" src=\"http:\/\/darkslategray-hippopotamus-243231.hostingersite.com\/wp-content\/uploads\/2025\/03\/\u5b9e\u9a8c-scaled.jpg\" width=\"2099\" height=\"2560\" srcset=\"https:\/\/hsgascylinder-factory.com\/wp-content\/uploads\/2025\/03\/\u5b9e\u9a8c-scaled.jpg 2099w, https:\/\/hsgascylinder-factory.com\/wp-content\/uploads\/2025\/03\/\u5b9e\u9a8c-246x300.jpg 246w, https:\/\/hsgascylinder-factory.com\/wp-content\/uploads\/2025\/03\/\u5b9e\u9a8c-840x1024.jpg 840w, https:\/\/hsgascylinder-factory.com\/wp-content\/uploads\/2025\/03\/\u5b9e\u9a8c-768x937.jpg 768w, https:\/\/hsgascylinder-factory.com\/wp-content\/uploads\/2025\/03\/\u5b9e\u9a8c-1259x1536.jpg 1259w, https:\/\/hsgascylinder-factory.com\/wp-content\/uploads\/2025\/03\/\u5b9e\u9a8c-1679x2048.jpg 1679w, https:\/\/hsgascylinder-factory.com\/wp-content\/uploads\/2025\/03\/\u5b9e\u9a8c-10x12.jpg 10w, https:\/\/hsgascylinder-factory.com\/wp-content\/uploads\/2025\/03\/\u5b9e\u9a8c-600x732.jpg 600w\" sizes=\"(max-width: 2099px) 100vw, 2099px\" \/><\/p>\n<p><strong>7\u30012litre Gas Cylinder Product Parameters table (ISO9809-3 TUV 150bar)<\/strong><\/p>\n<p>2L 150bar CO2 Flaske Argon Nitrogen Helium N2O Luftflasker<\/p>\n<div class=\"nei-table\">\n<table>\n<tbody>\n<tr class=\"firstRow\">\n<td align=\"center\" valign=\"middle\" width=\"301.3333333333333\">Type<\/td>\n<td align=\"center\" valign=\"middle\" width=\"5\">Udenfor<\/p>\n<p>Diameter<\/p>\n<p>(mm)<\/td>\n<td align=\"center\" valign=\"middle\" width=\"96\">Vand<\/p>\n<p>Kapacitet<\/p>\n<p>(L)<\/td>\n<td align=\"center\" valign=\"middle\" width=\"84\">Flaske<\/p>\n<p>H\u00f8jde<\/p>\n<p>(mm)<\/td>\n<td align=\"center\" valign=\"middle\" width=\"83\">V\u00e6gt<\/p>\n<p>\uff08kg\uff09<\/td>\n<td align=\"center\" valign=\"middle\" width=\"96\">Arbejde<\/p>\n<p>Tryk<\/p>\n<p>\uff08Bar\uff09<\/td>\n<td align=\"center\" valign=\"middle\" width=\"110\">Design v\u00e6g<\/p>\n<p>tykkelse<\/p>\n<p>(mm)<\/td>\n<td align=\"center\" valign=\"middle\" width=\"90\">Materiale<\/p>\n<p>Karakterer<\/td>\n<\/tr>\n<tr>\n<td align=\"center\" valign=\"middle\" width=\"193\">WM\u216189-2.0L-150<\/td>\n<td align=\"center\" valign=\"middle\" width=\"5\">89<\/td>\n<td align=\"center\" valign=\"middle\" width=\"96\">2.0<\/td>\n<td align=\"center\" valign=\"middle\" width=\"84\">419<\/td>\n<td align=\"center\" valign=\"middle\" width=\"83\">3.62<\/td>\n<td align=\"center\" valign=\"middle\" width=\"96\">150<\/td>\n<td align=\"center\" valign=\"middle\" width=\"110\">2.4<\/td>\n<td align=\"center\" valign=\"middle\" width=\"90\">37MN<\/td>\n<\/tr>\n<tr>\n<td colspan=\"1\" rowspan=\"1\" align=\"center\" valign=\"middle\" width=\"301.3333333333333\">WM\u2161108-2.0L-150<\/td>\n<td colspan=\"1\" rowspan=\"1\" align=\"center\" valign=\"middle\" width=\"5\">108<\/td>\n<td colspan=\"1\" rowspan=\"1\" align=\"center\" valign=\"middle\" width=\"96\">2.0<\/td>\n<td colspan=\"1\" rowspan=\"1\" align=\"center\" valign=\"middle\" width=\"84\">310<\/td>\n<td colspan=\"1\" rowspan=\"1\" align=\"center\" valign=\"middle\" width=\"83\">2.07<\/td>\n<td colspan=\"1\" rowspan=\"1\" align=\"center\" valign=\"middle\" width=\"96\">150<\/td>\n<td colspan=\"1\" rowspan=\"1\" align=\"center\" valign=\"middle\" width=\"110\">2.9<\/td>\n<td colspan=\"1\" rowspan=\"1\" align=\"center\" valign=\"middle\" width=\"90\">37MN<\/td>\n<\/tr>\n<\/tbody>\n<\/table>\n<\/div>","protected":false},"excerpt":{"rendered":"<ul class=\"meta\">\n<li><label>Brand:<\/label>\u00a0HS<\/li>\n<li><label>Produktets oprindelse:<\/label>\u00a0Fremstillet i Kina<\/li>\n<li><label>Leveringstid:<\/label>\u00a015 til 30 dage<\/li>\n<li><label>Forsyningskapacitet:<\/label>\u00a0\u00c5rlig produktion p\u00e5 mere end 800.000 stykker<\/li>\n<\/ul>\n<p class=\"desc\">2L 150bar CO2 bottle Argon Nitrogen Helium N2O Air cylinders<br \/>\nTips til sikker brug af gasflasker:<br \/>\nDet er strengt forbudt at blande oxygen- og acetylenflasker. Under gassvejsning (sk\u00e6ring) skal den sikre afstand mellem iltflasker og acetylenflasker v\u00e6re mindst 5 meter, og den sikre afstand mellem flasker og ant\u00e6ndelsespunkter m\u00e5 ikke v\u00e6re mindre end 10 meter.<br \/>\nThe cylinder system should be checked for air tightness before gas welding (cutting), and should not be used when the system is leaking.<br \/>\nShandong Hongsheng Pressure Vessel Co, Ltd. er villig til at v\u00e6re din langsigtede partner og chef for cylindersikkerhed og i f\u00e6llesskab eskortere din cylindersikkerhed.<\/p>","protected":false},"featured_media":6647,"template":"","meta":{"_seopress_robots_primary_cat":"none","_seopress_titles_title":"","_seopress_titles_desc":"","_seopress_robots_index":"","_uag_custom_page_level_css":"","site-sidebar-layout":"default","site-content-layout":"","ast-site-content-layout":"default","site-content-style":"default","site-sidebar-style":"default","ast-global-header-display":"","ast-banner-title-visibility":"","ast-main-header-display":"","ast-hfb-above-header-display":"","ast-hfb-below-header-display":"","ast-hfb-mobile-header-display":"","site-post-title":"","ast-breadcrumbs-content":"","ast-featured-img":"","footer-sml-layout":"","ast-disable-related-posts":"","theme-transparent-header-meta":"default","adv-header-id-meta":"","stick-header-meta":"default","header-above-stick-meta":"","header-main-stick-meta":"","header-below-stick-meta":"","astra-migrate-meta-layouts":"set","ast-page-background-enabled":"default","ast-page-background-meta":{"desktop":{"background-color":"","background-image":"","background-repeat":"repeat","background-position":"center center","background-size":"auto","background-attachment":"scroll","background-type":"","background-media":"","overlay-type":"","overlay-color":"","overlay-opacity":"","overlay-gradient":""},"tablet":{"background-color":"","background-image":"","background-repeat":"repeat","background-position":"center center","background-size":"auto","background-attachment":"scroll","background-type":"","background-media":"","overlay-type":"","overlay-color":"","overlay-opacity":"","overlay-gradient":""},"mobile":{"background-color":"","background-image":"","background-repeat":"repeat","background-position":"center center","background-size":"auto","background-attachment":"scroll","background-type":"","background-media":"","overlay-type":"","overlay-color":"","overlay-opacity":"","overlay-gradient":""}},"ast-content-background-meta":{"desktop":{"background-color":"var(--ast-global-color-5)","background-image":"","background-repeat":"repeat","background-position":"center center","background-size":"auto","background-attachment":"scroll","background-type":"","background-media":"","overlay-type":"","overlay-color":"","overlay-opacity":"","overlay-gradient":""},"tablet":{"background-color":"var(--ast-global-color-5)","background-image":"","background-repeat":"repeat","background-position":"center center","background-size":"auto","background-attachment":"scroll","background-type":"","background-media":"","overlay-type":"","overlay-color":"","overlay-opacity":"","overlay-gradient":""},"mobile":{"background-color":"var(--ast-global-color-5)","background-image":"","background-repeat":"repeat","background-position":"center center","background-size":"auto","background-attachment":"scroll","background-type":"","background-media":"","overlay-type":"","overlay-color":"","overlay-opacity":"","overlay-gradient":""}}},"product_brand":[],"product_cat":[43],"product_tag":[],"class_list":{"0":"post-5646","1":"product","2":"type-product","3":"status-publish","4":"has-post-thumbnail","6":"product_cat-tuv","7":"desktop-align-center","8":"tablet-align-left","9":"mobile-align-left","10":"ast-product-gallery-layout-horizontal-slider","11":"ast-product-tabs-layout-horizontal","13":"first","14":"instock","15":"shipping-taxable","16":"product-type-simple"},"uagb_featured_image_src":{"full":["https:\/\/hsgascylinder-factory.com\/wp-content\/uploads\/2025\/04\/\u65b908.jpg",800,800,false],"thumbnail":["https:\/\/hsgascylinder-factory.com\/wp-content\/uploads\/2025\/04\/\u65b908-150x150.jpg",150,150,true],"medium":["https:\/\/hsgascylinder-factory.com\/wp-content\/uploads\/2025\/04\/\u65b908-300x300.jpg",300,300,true],"medium_large":["https:\/\/hsgascylinder-factory.com\/wp-content\/uploads\/2025\/04\/\u65b908-768x768.jpg",768,768,true],"large":["https:\/\/hsgascylinder-factory.com\/wp-content\/uploads\/2025\/04\/\u65b908.jpg",800,800,false],"1536x1536":["https:\/\/hsgascylinder-factory.com\/wp-content\/uploads\/2025\/04\/\u65b908.jpg",800,800,false],"2048x2048":["https:\/\/hsgascylinder-factory.com\/wp-content\/uploads\/2025\/04\/\u65b908.jpg",800,800,false],"trp-custom-language-flag":["https:\/\/hsgascylinder-factory.com\/wp-content\/uploads\/2025\/04\/\u65b908-12x12.jpg",12,12,true],"woocommerce_thumbnail":["https:\/\/hsgascylinder-factory.com\/wp-content\/uploads\/2025\/04\/\u65b908-500x500.jpg",500,500,true],"woocommerce_single":["https:\/\/hsgascylinder-factory.com\/wp-content\/uploads\/2025\/04\/\u65b908-600x600.jpg",600,600,true],"woocommerce_gallery_thumbnail":["https:\/\/hsgascylinder-factory.com\/wp-content\/uploads\/2025\/04\/\u65b908-100x100.jpg",100,100,true]},"uagb_author_info":{"display_name":"jinxing6611@gmail.com","author_link":"https:\/\/hsgascylinder-factory.com\/da\/author\/"},"uagb_comment_info":0,"uagb_excerpt":"Brand:\u00a0HS Product origin:\u00a0Made in China Delivery time:\u00a015 to 30 days Supply capacity:\u00a0Annual output of more than 800,000 pieces 2L 150bar CO2 bottle Argon Nitrogen Helium N2O Air cylinders Tips for safe use of gas cylinders: It is strictly forbidden to mix oxygen and acetylene cylinders. During gas welding (cutting), the safe distance between oxygen cylinders&hellip;","_links":{"self":[{"href":"https:\/\/hsgascylinder-factory.com\/da\/wp-json\/wp\/v2\/product\/5646","targetHints":{"allow":["GET"]}}],"collection":[{"href":"https:\/\/hsgascylinder-factory.com\/da\/wp-json\/wp\/v2\/product"}],"about":[{"href":"https:\/\/hsgascylinder-factory.com\/da\/wp-json\/wp\/v2\/types\/product"}],"wp:featuredmedia":[{"embeddable":true,"href":"https:\/\/hsgascylinder-factory.com\/da\/wp-json\/wp\/v2\/media\/6647"}],"wp:attachment":[{"href":"https:\/\/hsgascylinder-factory.com\/da\/wp-json\/wp\/v2\/media?parent=5646"}],"wp:term":[{"taxonomy":"product_brand","embeddable":true,"href":"https:\/\/hsgascylinder-factory.com\/da\/wp-json\/wp\/v2\/product_brand?post=5646"},{"taxonomy":"product_cat","embeddable":true,"href":"https:\/\/hsgascylinder-factory.com\/da\/wp-json\/wp\/v2\/product_cat?post=5646"},{"taxonomy":"product_tag","embeddable":true,"href":"https:\/\/hsgascylinder-factory.com\/da\/wp-json\/wp\/v2\/product_tag?post=5646"}],"curies":[{"name":"wp","href":"https:\/\/api.w.org\/{rel}","templated":true}]}}