{"id":5580,"date":"2025-04-23T06:01:52","date_gmt":"2025-04-23T06:01:52","guid":{"rendered":"https:\/\/darkslategray-hippopotamus-243231.hostingersite.com\/?post_type=product&#038;p=5580"},"modified":"2025-06-07T08:25:41","modified_gmt":"2025-06-07T08:25:41","slug":"20l-150bar-co2-bottle-argon-nitrogen-helium-n2o-air-cylinder","status":"publish","type":"product","link":"https:\/\/hsgascylinder-factory.com\/da\/vare\/20l-150bar-co2-bottle-argon-nitrogen-helium-n2o-air-cylinder\/","title":{"rendered":"20L 150bar CO2 Flaske Argon Nitrogen Helium N2O Luftcylinder"},"content":{"rendered":"<p><iframe title=\"YouTube-videoafspiller\" src=\"https:\/\/www.youtube.com\/embed\/DrgoILtfkdI?si=DCTCEEh2RcOMKRAR\" width=\"560\" height=\"315\" frameborder=\"0\" allowfullscreen=\"allowfullscreen\"><\/iframe><\/p>\n<p><strong>20L 150bar CO2 Flaske Argon Nitrogen Helium N2O Luftcylinder<\/strong><\/p>\n<p><img alt=\"\" fetchpriority=\"high\" decoding=\"async\" class=\"alignnone wp-image-6677 size-full\" src=\"http:\/\/darkslategray-hippopotamus-243231.hostingersite.com\/wp-content\/uploads\/2025\/04\/9-35.jpg\" width=\"900\" height=\"600\" srcset=\"https:\/\/hsgascylinder-factory.com\/wp-content\/uploads\/2025\/04\/9-35.jpg 900w, https:\/\/hsgascylinder-factory.com\/wp-content\/uploads\/2025\/04\/9-35-300x200.jpg 300w, https:\/\/hsgascylinder-factory.com\/wp-content\/uploads\/2025\/04\/9-35-768x512.jpg 768w, https:\/\/hsgascylinder-factory.com\/wp-content\/uploads\/2025\/04\/9-35-18x12.jpg 18w, https:\/\/hsgascylinder-factory.com\/wp-content\/uploads\/2025\/04\/9-35-600x400.jpg 600w\" sizes=\"(max-width: 900px) 100vw, 900px\" \/><\/p>\n<p>1 \u3001 Mindste ordrem\u00e6ngde: Kun 100 stk.<\/p>\n<p>2 \u3001 Brug af cylindre: Vores s\u00f8ml\u00f8se st\u00e5lcylindre bruges i vid udstr\u00e6kning i industrien, medicinsk udstyr, brandbek\u00e6mpelse og videnskabelig forskning<\/p>\n<p>3 \u3001 Produkter kan eksporteres til lande eller regioner: Kina, Syd\u00f8stasien, Mellem\u00f8sten, Asien, Afrika, Europa, Oceanien, Amerika<\/p>\n<p>4 \u3001 Fabrik (vi er producenten) \uff1aShandong Hongsheng Pressure Vessel Co., LTD<\/p>\n<p><img alt=\"\" decoding=\"async\" class=\"alignnone wp-image-6679 size-full\" src=\"http:\/\/darkslategray-hippopotamus-243231.hostingersite.com\/wp-content\/uploads\/2025\/04\/\u8ba4\u8bc1.jpg\" width=\"2480\" height=\"1288\" srcset=\"https:\/\/hsgascylinder-factory.com\/wp-content\/uploads\/2025\/04\/\u8ba4\u8bc1.jpg 2480w, https:\/\/hsgascylinder-factory.com\/wp-content\/uploads\/2025\/04\/\u8ba4\u8bc1-300x156.jpg 300w, https:\/\/hsgascylinder-factory.com\/wp-content\/uploads\/2025\/04\/\u8ba4\u8bc1-1024x532.jpg 1024w, https:\/\/hsgascylinder-factory.com\/wp-content\/uploads\/2025\/04\/\u8ba4\u8bc1-768x399.jpg 768w, https:\/\/hsgascylinder-factory.com\/wp-content\/uploads\/2025\/04\/\u8ba4\u8bc1-1536x798.jpg 1536w, https:\/\/hsgascylinder-factory.com\/wp-content\/uploads\/2025\/04\/\u8ba4\u8bc1-2048x1064.jpg 2048w, https:\/\/hsgascylinder-factory.com\/wp-content\/uploads\/2025\/04\/\u8ba4\u8bc1-18x9.jpg 18w, https:\/\/hsgascylinder-factory.com\/wp-content\/uploads\/2025\/04\/\u8ba4\u8bc1-600x312.jpg 600w\" sizes=\"(max-width: 2480px) 100vw, 2480px\" \/><\/p>\n<p>5, Slagtest af gasflasker:<\/p>\n<p>Bortset fra kravene i dette afsnit skal testen udf\u00f8res i overensstemmelse med ISO 148-1.<\/p>\n<p>Slagpr\u00f8veemnerne skal tages i den \u00f8nskede retning fra cylinderens v\u00e6g.<\/p>\n<p>Indhakket skal v\u00e6re vinkelret p\u00e5 cylinderv\u00e6ggens overflade.<\/p>\n<p>Hvis v\u00e6gtykkelsen ikke tillader en endelig pr\u00f8veemnebredde p\u00e5 10 mm, skal bredden v\u00e6re s\u00e5 t\u00e6t som muligt p\u00e5 cylinderv\u00e6ggens nominelle tykkelse.<\/p>\n<p>Pr\u00f8veemnerne, der tages i tv\u00e6rretningen, skal kun bearbejdes p\u00e5 fire sider, idet den ydre side af cylinderv\u00e6ggen er ubearbejdet, og den indre side eventuelt er bearbejdet som vist i figur.<\/p>\n<p><img alt=\"\" decoding=\"async\" class=\"alignnone size-full wp-image-5595\" src=\"http:\/\/darkslategray-hippopotamus-243231.hostingersite.com\/wp-content\/uploads\/2025\/04\/20l150cn3.png\" width=\"1247\" height=\"756\" srcset=\"https:\/\/hsgascylinder-factory.com\/wp-content\/uploads\/2025\/04\/20l150cn3.png 1247w, https:\/\/hsgascylinder-factory.com\/wp-content\/uploads\/2025\/04\/20l150cn3-300x182.png 300w, https:\/\/hsgascylinder-factory.com\/wp-content\/uploads\/2025\/04\/20l150cn3-1024x621.png 1024w, https:\/\/hsgascylinder-factory.com\/wp-content\/uploads\/2025\/04\/20l150cn3-768x466.png 768w, https:\/\/hsgascylinder-factory.com\/wp-content\/uploads\/2025\/04\/20l150cn3-18x12.png 18w, https:\/\/hsgascylinder-factory.com\/wp-content\/uploads\/2025\/04\/20l150cn3-600x364.png 600w\" sizes=\"(max-width: 1247px) 100vw, 1247px\" \/><\/p>\n<p><strong>6\u300120 liter gasflaske Produktparametre tabel (ISO9809-3)<\/strong><\/p>\n<p><img alt=\"\" loading=\"lazy\" decoding=\"async\" class=\"alignnone wp-image-6680 size-full\" src=\"http:\/\/darkslategray-hippopotamus-243231.hostingersite.com\/wp-content\/uploads\/2025\/04\/\u5b9e\u9a8c-scaled.jpg\" width=\"2099\" height=\"2560\" srcset=\"https:\/\/hsgascylinder-factory.com\/wp-content\/uploads\/2025\/04\/\u5b9e\u9a8c-scaled.jpg 2099w, https:\/\/hsgascylinder-factory.com\/wp-content\/uploads\/2025\/04\/\u5b9e\u9a8c-246x300.jpg 246w, https:\/\/hsgascylinder-factory.com\/wp-content\/uploads\/2025\/04\/\u5b9e\u9a8c-840x1024.jpg 840w, https:\/\/hsgascylinder-factory.com\/wp-content\/uploads\/2025\/04\/\u5b9e\u9a8c-768x937.jpg 768w, https:\/\/hsgascylinder-factory.com\/wp-content\/uploads\/2025\/04\/\u5b9e\u9a8c-1259x1536.jpg 1259w, https:\/\/hsgascylinder-factory.com\/wp-content\/uploads\/2025\/04\/\u5b9e\u9a8c-1679x2048.jpg 1679w, https:\/\/hsgascylinder-factory.com\/wp-content\/uploads\/2025\/04\/\u5b9e\u9a8c-10x12.jpg 10w, https:\/\/hsgascylinder-factory.com\/wp-content\/uploads\/2025\/04\/\u5b9e\u9a8c-600x732.jpg 600w\" sizes=\"(max-width: 2099px) 100vw, 2099px\" \/><\/p>\n<p><img alt=\"\" loading=\"lazy\" decoding=\"async\" class=\"alignnone size-full wp-image-6581\" src=\"http:\/\/darkslategray-hippopotamus-243231.hostingersite.com\/wp-content\/uploads\/2025\/03\/\u4f18\u52bf.jpg\" width=\"2480\" height=\"1987\" srcset=\"https:\/\/hsgascylinder-factory.com\/wp-content\/uploads\/2025\/03\/\u4f18\u52bf.jpg 2480w, https:\/\/hsgascylinder-factory.com\/wp-content\/uploads\/2025\/03\/\u4f18\u52bf-300x240.jpg 300w, https:\/\/hsgascylinder-factory.com\/wp-content\/uploads\/2025\/03\/\u4f18\u52bf-1024x820.jpg 1024w, https:\/\/hsgascylinder-factory.com\/wp-content\/uploads\/2025\/03\/\u4f18\u52bf-768x615.jpg 768w, https:\/\/hsgascylinder-factory.com\/wp-content\/uploads\/2025\/03\/\u4f18\u52bf-1536x1231.jpg 1536w, https:\/\/hsgascylinder-factory.com\/wp-content\/uploads\/2025\/03\/\u4f18\u52bf-2048x1641.jpg 2048w, https:\/\/hsgascylinder-factory.com\/wp-content\/uploads\/2025\/03\/\u4f18\u52bf-15x12.jpg 15w, https:\/\/hsgascylinder-factory.com\/wp-content\/uploads\/2025\/03\/\u4f18\u52bf-600x481.jpg 600w\" sizes=\"(max-width: 2480px) 100vw, 2480px\" \/><\/p>\n<div class=\"nei-table\">\n<table>\n<tbody>\n<tr class=\"firstRow\">\n<td align=\"center\" valign=\"middle\" width=\"189\">Type<\/td>\n<td align=\"center\" valign=\"middle\" width=\"37\">Udenfor<\/p>\n<p>Diameter<\/p>\n<p>(mm)<\/td>\n<td align=\"center\" valign=\"middle\" width=\"90\">Vand<\/p>\n<p>Kapacitet<\/p>\n<p>(L)<\/td>\n<td align=\"center\" valign=\"middle\" width=\"79\">Flaske<\/p>\n<p>H\u00f8jde<\/p>\n<p>(mm)<\/td>\n<td align=\"center\" valign=\"middle\" width=\"77\">V\u00e6gt<\/p>\n<p>\uff08kg\uff09<\/td>\n<td align=\"center\" valign=\"middle\" width=\"91\">Arbejde<\/p>\n<p>Tryk<\/p>\n<p>\uff08Bar\uff09<\/td>\n<td align=\"center\" valign=\"middle\" width=\"100\">Design v\u00e6g<\/p>\n<p>tykkelse<\/p>\n<p>(mm)<\/td>\n<td align=\"center\" valign=\"middle\" width=\"85\">Materiale<\/p>\n<p>Karakterer<\/td>\n<\/tr>\n<tr>\n<td align=\"center\" valign=\"middle\" width=\"411\">WMA\u2161180-20.0L-150<\/td>\n<td align=\"center\" valign=\"middle\" width=\"37\">180<\/td>\n<td align=\"center\" valign=\"middle\" width=\"90\">20.0<\/td>\n<td align=\"center\" valign=\"middle\" width=\"79\">1012<\/td>\n<td align=\"center\" valign=\"middle\" width=\"77\">24.8<\/td>\n<td align=\"center\" valign=\"middle\" width=\"91\">150<\/td>\n<td align=\"center\" valign=\"middle\" width=\"100\">4.4<\/td>\n<td align=\"center\" valign=\"middle\" width=\"85\">37MN<\/td>\n<\/tr>\n<\/tbody>\n<\/table>\n<\/div>","protected":false},"excerpt":{"rendered":"<ul class=\"meta\">\n<li><label>Brand:<\/label>\u00a0HS<\/li>\n<li><label>Produktets oprindelse:<\/label>\u00a0Fremstillet i Kina<\/li>\n<li><label>Leveringstid:<\/label>\u00a015 til 30 dage<\/li>\n<li><label>Forsyningskapacitet:<\/label>\u00a0\u00c5rlig produktion p\u00e5 mere end 800.000 stykker<\/li>\n<\/ul>\n<p class=\"desc\">20L 150bar CO2-flaske Argon Nitrogen Helium N2O Luftflaske<br \/>\nI tilf\u00e6lde af cylinderfejl under brug, s\u00e5som alvorlig ventill\u00e6kage eller fejl p\u00e5 ventilkontakten, skal h\u00e5ndhjulskontakten p\u00e5 cylinderventilen drejes til lukket position og derefter sendes til gasp\u00e5fyldningsenheden eller en professionel cylinderinspektionsenhed til behandling.<br \/>\nPersonale uden faglig uddannelse og uden forst\u00e5else for flaskeventilens opbygning og reparationsmetode m\u00e5 ikke reparere den;<br \/>\n20 liter industrielle iltflasker; 37 mn manganst\u00e5l; Industriel iltcylinderproduktionsstandard GB \/ T5099.3 eller ISO9809-3; TUV; Den ydre diameter af ilttanken er 159 mm; Ilttankens arbejdstryk er 150 bar; Det hydrostatiske testtryk af ilttanken er 250 bar;<br \/>\nDet er strengt forbudt at \u00e6ndre st\u00e5lforseglingen og farvem\u00e6rket p\u00e5 gasflasken uden tilladelse;<br \/>\n20 liter industriel iltflaske h\u00f8jde 1012mm; 20 liter gasflaske kropsv\u00e6gt 24.8KG; Den 20 liters cylinder har en maksimal lagerkapacitet p\u00e5 3m3 (3000 liter); Cylindermundtr\u00e5d PZ27.8; 25E; 3\/4-14 NGT osv.; Den mindste designv\u00e6gtykkelse p\u00e5 cylinderen er 4.9mm;<br \/>\nFlasker: gasflasker, gasflasker, 20L gasflasker, TUV N2O gasflaske, 150bar Argon flasker; 20 liter gasflasker; 20 liter gasflaske; 20 liter gastanke<\/p>","protected":false},"featured_media":6676,"template":"","meta":{"_seopress_robots_primary_cat":"none","_seopress_titles_title":"","_seopress_titles_desc":"","_seopress_robots_index":"","_uag_custom_page_level_css":"","site-sidebar-layout":"default","site-content-layout":"","ast-site-content-layout":"default","site-content-style":"default","site-sidebar-style":"default","ast-global-header-display":"","ast-banner-title-visibility":"","ast-main-header-display":"","ast-hfb-above-header-display":"","ast-hfb-below-header-display":"","ast-hfb-mobile-header-display":"","site-post-title":"","ast-breadcrumbs-content":"","ast-featured-img":"","footer-sml-layout":"","ast-disable-related-posts":"","theme-transparent-header-meta":"default","adv-header-id-meta":"","stick-header-meta":"default","header-above-stick-meta":"","header-main-stick-meta":"","header-below-stick-meta":"","astra-migrate-meta-layouts":"set","ast-page-background-enabled":"default","ast-page-background-meta":{"desktop":{"background-color":"","background-image":"","background-repeat":"repeat","background-position":"center center","background-size":"auto","background-attachment":"scroll","background-type":"","background-media":"","overlay-type":"","overlay-color":"","overlay-opacity":"","overlay-gradient":""},"tablet":{"background-color":"","background-image":"","background-repeat":"repeat","background-position":"center center","background-size":"auto","background-attachment":"scroll","background-type":"","background-media":"","overlay-type":"","overlay-color":"","overlay-opacity":"","overlay-gradient":""},"mobile":{"background-color":"","background-image":"","background-repeat":"repeat","background-position":"center center","background-size":"auto","background-attachment":"scroll","background-type":"","background-media":"","overlay-type":"","overlay-color":"","overlay-opacity":"","overlay-gradient":""}},"ast-content-background-meta":{"desktop":{"background-color":"var(--ast-global-color-5)","background-image":"","background-repeat":"repeat","background-position":"center center","background-size":"auto","background-attachment":"scroll","background-type":"","background-media":"","overlay-type":"","overlay-color":"","overlay-opacity":"","overlay-gradient":""},"tablet":{"background-color":"var(--ast-global-color-5)","background-image":"","background-repeat":"repeat","background-position":"center center","background-size":"auto","background-attachment":"scroll","background-type":"","background-media":"","overlay-type":"","overlay-color":"","overlay-opacity":"","overlay-gradient":""},"mobile":{"background-color":"var(--ast-global-color-5)","background-image":"","background-repeat":"repeat","background-position":"center center","background-size":"auto","background-attachment":"scroll","background-type":"","background-media":"","overlay-type":"","overlay-color":"","overlay-opacity":"","overlay-gradient":""}}},"product_brand":[],"product_cat":[43],"product_tag":[],"class_list":{"0":"post-5580","1":"product","2":"type-product","3":"status-publish","4":"has-post-thumbnail","6":"product_cat-tuv","7":"desktop-align-center","8":"tablet-align-left","9":"mobile-align-left","10":"ast-product-gallery-layout-horizontal-slider","11":"ast-product-tabs-layout-horizontal","13":"first","14":"instock","15":"shipping-taxable","16":"product-type-simple"},"uagb_featured_image_src":{"full":["https:\/\/hsgascylinder-factory.com\/wp-content\/uploads\/2025\/04\/53-1.jpg",800,800,false],"thumbnail":["https:\/\/hsgascylinder-factory.com\/wp-content\/uploads\/2025\/04\/53-1-150x150.jpg",150,150,true],"medium":["https:\/\/hsgascylinder-factory.com\/wp-content\/uploads\/2025\/04\/53-1-300x300.jpg",300,300,true],"medium_large":["https:\/\/hsgascylinder-factory.com\/wp-content\/uploads\/2025\/04\/53-1-768x768.jpg",768,768,true],"large":["https:\/\/hsgascylinder-factory.com\/wp-content\/uploads\/2025\/04\/53-1.jpg",800,800,false],"1536x1536":["https:\/\/hsgascylinder-factory.com\/wp-content\/uploads\/2025\/04\/53-1.jpg",800,800,false],"2048x2048":["https:\/\/hsgascylinder-factory.com\/wp-content\/uploads\/2025\/04\/53-1.jpg",800,800,false],"trp-custom-language-flag":["https:\/\/hsgascylinder-factory.com\/wp-content\/uploads\/2025\/04\/53-1-12x12.jpg",12,12,true],"woocommerce_thumbnail":["https:\/\/hsgascylinder-factory.com\/wp-content\/uploads\/2025\/04\/53-1-500x500.jpg",500,500,true],"woocommerce_single":["https:\/\/hsgascylinder-factory.com\/wp-content\/uploads\/2025\/04\/53-1-600x600.jpg",600,600,true],"woocommerce_gallery_thumbnail":["https:\/\/hsgascylinder-factory.com\/wp-content\/uploads\/2025\/04\/53-1-100x100.jpg",100,100,true]},"uagb_author_info":{"display_name":"jinxing6611@gmail.com","author_link":"https:\/\/hsgascylinder-factory.com\/da\/author\/"},"uagb_comment_info":0,"uagb_excerpt":"Brand:\u00a0HS Product origin:\u00a0Made in China Delivery time:\u00a015 to 30 days Supply capacity:\u00a0Annual output of more than 800,000 pieces 20L 150bar CO2 bottle Argon Nitrogen Helium N2O Air cylinder In case of cylinder faults in use, such as serious valve leakage or valve switch failure, the handwheel switch of the cylinder valve should be turned to&hellip;","_links":{"self":[{"href":"https:\/\/hsgascylinder-factory.com\/da\/wp-json\/wp\/v2\/product\/5580","targetHints":{"allow":["GET"]}}],"collection":[{"href":"https:\/\/hsgascylinder-factory.com\/da\/wp-json\/wp\/v2\/product"}],"about":[{"href":"https:\/\/hsgascylinder-factory.com\/da\/wp-json\/wp\/v2\/types\/product"}],"wp:featuredmedia":[{"embeddable":true,"href":"https:\/\/hsgascylinder-factory.com\/da\/wp-json\/wp\/v2\/media\/6676"}],"wp:attachment":[{"href":"https:\/\/hsgascylinder-factory.com\/da\/wp-json\/wp\/v2\/media?parent=5580"}],"wp:term":[{"taxonomy":"product_brand","embeddable":true,"href":"https:\/\/hsgascylinder-factory.com\/da\/wp-json\/wp\/v2\/product_brand?post=5580"},{"taxonomy":"product_cat","embeddable":true,"href":"https:\/\/hsgascylinder-factory.com\/da\/wp-json\/wp\/v2\/product_cat?post=5580"},{"taxonomy":"product_tag","embeddable":true,"href":"https:\/\/hsgascylinder-factory.com\/da\/wp-json\/wp\/v2\/product_tag?post=5580"}],"curies":[{"name":"wp","href":"https:\/\/api.w.org\/{rel}","templated":true}]}}