{"id":5442,"date":"2025-04-22T08:24:42","date_gmt":"2025-04-22T08:24:42","guid":{"rendered":"https:\/\/darkslategray-hippopotamus-243231.hostingersite.com\/?post_type=product&#038;p=5442"},"modified":"2025-04-22T08:32:05","modified_gmt":"2025-04-22T08:32:05","slug":"2l-iso9809-1-tped-200bar-34crmo4-oxygen-tanks-gas-cylinders","status":"publish","type":"product","link":"https:\/\/hsgascylinder-factory.com\/da\/vare\/2l-iso9809-1-tped-200bar-34crmo4-oxygen-tanks-gas-cylinders\/","title":{"rendered":"2L ISO9809-1 TPED 200bar 34CrMo4 Oxygen Tanks Gas Cylinders"},"content":{"rendered":"<p><iframe title=\"YouTube-videoafspiller\" src=\"https:\/\/www.youtube.com\/embed\/6bxas9loSKI?si=P1wuMgufMbWq4WV4\" width=\"560\" height=\"315\" frameborder=\"0\" allowfullscreen=\"allowfullscreen\"><\/iframe><\/p>\n<p><strong>2L ISO9809-1 TPED 200bar 34CrMo4 Iltbeholdere gasflasker<\/strong><\/p>\n<p>1 \u3001 Mindste ordrem\u00e6ngde: Kun 100 stk.<\/p>\n<p>2 \u3001 Brug af cylindre: Vores s\u00f8ml\u00f8se st\u00e5lcylindre bruges i vid udstr\u00e6kning i industrien, medicinsk udstyr, brandbek\u00e6mpelse og videnskabelig forskning<\/p>\n<p>3, Vi er Kinas gasflaskeproduktionsfabrik, produktsalg: Kina, Syd\u00f8stasien, Mellem\u00f8sten, Asien, Afrika, Europa, Oceanien, Amerika.<\/p>\n<p><img alt=\"\" fetchpriority=\"high\" decoding=\"async\" class=\"alignnone size-full wp-image-5455\" src=\"http:\/\/darkslategray-hippopotamus-243231.hostingersite.com\/wp-content\/uploads\/2025\/04\/2LIT2bn1.jpg\" width=\"600\" height=\"450\" srcset=\"https:\/\/hsgascylinder-factory.com\/wp-content\/uploads\/2025\/04\/2LIT2bn1.jpg 600w, https:\/\/hsgascylinder-factory.com\/wp-content\/uploads\/2025\/04\/2LIT2bn1-300x225.jpg 300w, https:\/\/hsgascylinder-factory.com\/wp-content\/uploads\/2025\/04\/2LIT2bn1-16x12.jpg 16w\" sizes=\"(max-width: 600px) 100vw, 600px\" \/><\/p>\n<p><strong>Tips til sikker brug af gasflasker:<\/strong><\/p>\n<p>N\u00e5r gasflasken fyldes, skal den placeres vandret med hovedet vendt mod den ene side. Stram flaskeh\u00e6tten, og forbered st\u00f8dsikre ringe. Alle flasker skal fastg\u00f8res korrekt for at sikre, at de ikke v\u00e6lter eller tabes under transport for at undg\u00e5 skader.<\/p>\n<p>Malingen p\u00e5 flaskens yderv\u00e6g er ikke kun et beskyttende lag mod korrosion, men ogs\u00e5 et m\u00e6rke til at identificere flasken. Den angiver typen af gas i flasken for at forhindre misbrug eller blanding. Derfor, for at beskytte flaskens farve intakt, klare ord.<\/p>\n<p>Shandong Hongsheng Pressure Vessel Co, Ltd. er villig til at v\u00e6re din langsigtede partner og chef for cylindersikkerhed og i f\u00e6llesskab eskortere din cylindersikkerhed.<\/p>\n<p><img alt=\"\" decoding=\"async\" class=\"alignnone size-full wp-image-5456\" src=\"http:\/\/darkslategray-hippopotamus-243231.hostingersite.com\/wp-content\/uploads\/2025\/04\/2LIT2bn2.jpg\" width=\"600\" height=\"450\" srcset=\"https:\/\/hsgascylinder-factory.com\/wp-content\/uploads\/2025\/04\/2LIT2bn2.jpg 600w, https:\/\/hsgascylinder-factory.com\/wp-content\/uploads\/2025\/04\/2LIT2bn2-300x225.jpg 300w, https:\/\/hsgascylinder-factory.com\/wp-content\/uploads\/2025\/04\/2LIT2bn2-16x12.jpg 16w\" sizes=\"(max-width: 600px) 100vw, 600px\" \/><\/p>\n<p>4 \u3001 Testprocedure for luftt\u00e6thed af cylindre<\/p>\n<p>1\uff09. Cylinderen til luftt\u00e6thedstest skal kvalificeres ved vandtrykstest, og cylinderv\u00e6ggen skal v\u00e6re fri for olieforurening eller andre urenheder, og cylinderen har v\u00e6ret ventil.<\/p>\n<p>2\uff09. Testtankens inderv\u00e6g skal v\u00e6re hvid, og vandet i tanken skal holdes rent og gennemsigtigt.  Hvis lysstyrken i truget er utilstr\u00e6kkelig, skal der installeres belysningsfaciliteter i bunden af truget.<\/p>\n<p>3\uff09. S\u00e6t emnerne cylindre i klart vand tank, emnerne fra overfladen af nogen del af cylinderen er ikke mindre end 5 cm, emner flaske i vasken efter stabilitet, visuel observation med cylinder dele med og uden luftbobler undslippe, hvis der er luftbobler til at undslippe emnerne flaske har l\u00e6kket, operat\u00f8rer v\u00e6re opm\u00e6rksomme p\u00e5 at kontrollere placeringen af l\u00e6kagen, hvis monteringsl\u00e6kage, t\u00e6thed p\u00e5 operat\u00f8ren og personalekommunikationen, Genmontering og geninspektion, geninspektion kvalificeret til kvalificeret omr\u00e5de, ikke-samlingsl\u00e6kage, luftt\u00e6t testpersonale vil direkte bestemme affaldet af gasflasken og lave tydelige m\u00e6rker p\u00e5 l\u00e6kagestedet placeret i det ukvalificerede omr\u00e5de til isolationsopbevaring.<\/p>\n<p><img alt=\"\" decoding=\"async\" class=\"alignnone size-full wp-image-5457\" src=\"http:\/\/darkslategray-hippopotamus-243231.hostingersite.com\/wp-content\/uploads\/2025\/04\/2LIT2bn3.jpg\" width=\"600\" height=\"450\" srcset=\"https:\/\/hsgascylinder-factory.com\/wp-content\/uploads\/2025\/04\/2LIT2bn3.jpg 600w, https:\/\/hsgascylinder-factory.com\/wp-content\/uploads\/2025\/04\/2LIT2bn3-300x225.jpg 300w, https:\/\/hsgascylinder-factory.com\/wp-content\/uploads\/2025\/04\/2LIT2bn3-16x12.jpg 16w\" sizes=\"(max-width: 600px) 100vw, 600px\" \/><\/p>\n<p>5 \u3001 Konstruktionsgasflasker: Beregningen af v\u00e6gtykkelsen p\u00e5 de trykb\u00e6rende dele skal relateres til den garanterede mindste flydesp\u00e6nding, Reg, for materialet i den f\u00e6rdige flaske.<\/p>\n<p>Cylindre kan v\u00e6re designet med en eller to \u00e5bninger kun langs den centrale cylinderakse.<\/p>\n<p>Til beregningsform\u00e5l m\u00e5 v\u00e6rdien af Reg ikke overstige 0,90 Rmg.<\/p>\n<p>Det indre tryk, som beregningen af v\u00e6gtykkelsen er baseret p\u00e5, skal v\u00e6re det hydrauliske testtryk ph.<\/p>\n<p><img alt=\"\" loading=\"lazy\" decoding=\"async\" class=\"alignnone size-full wp-image-5458\" src=\"http:\/\/darkslategray-hippopotamus-243231.hostingersite.com\/wp-content\/uploads\/2025\/04\/2LIT2bn4.jpg\" width=\"600\" height=\"450\" srcset=\"https:\/\/hsgascylinder-factory.com\/wp-content\/uploads\/2025\/04\/2LIT2bn4.jpg 600w, https:\/\/hsgascylinder-factory.com\/wp-content\/uploads\/2025\/04\/2LIT2bn4-300x225.jpg 300w, https:\/\/hsgascylinder-factory.com\/wp-content\/uploads\/2025\/04\/2LIT2bn4-16x12.jpg 16w\" sizes=\"(max-width: 600px) 100vw, 600px\" \/><\/p>\n<p><strong>6\u30012L ISO9809-1 TPED 200bar 34CrMo4 Iltbeholdere gasflasker<\/strong><\/p>\n<div class=\"nei-table\">\n<table>\n<tbody>\n<tr class=\"firstRow\">\n<td align=\"center\" valign=\"middle\" width=\"195\">Type<\/td>\n<td align=\"center\" valign=\"middle\" width=\"5\">Udenfor<\/p>\n<p>Diameter<\/p>\n<p>(mm)<\/td>\n<td align=\"center\" valign=\"middle\" width=\"87\">Vand<\/p>\n<p>Kapacitet<\/p>\n<p>(L)<\/td>\n<td align=\"center\" valign=\"middle\" width=\"75\">Flaske<\/p>\n<p>H\u00f8jde<\/p>\n<p>(mm)<\/td>\n<td align=\"center\" valign=\"middle\" width=\"74\">V\u00e6gt<\/p>\n<p>\uff08kg\uff09<\/td>\n<td align=\"center\" valign=\"middle\" width=\"87\">Arbejde<\/p>\n<p>Tryk<\/p>\n<p>\uff08Bar\uff09<\/td>\n<td align=\"center\" valign=\"middle\" width=\"92\">Design v\u00e6g<\/p>\n<p>tykkelse<\/p>\n<p>(mm)<\/td>\n<td align=\"center\" valign=\"middle\" width=\"90\">Materiale<\/p>\n<p>Karakterer<\/td>\n<\/tr>\n<tr>\n<td align=\"center\" valign=\"middle\" width=\"239\">WG\u216189-2.0L-200<\/td>\n<td align=\"center\" valign=\"middle\" width=\"5\">89<\/td>\n<td align=\"center\" valign=\"middle\" width=\"87\">2.0<\/td>\n<td align=\"center\" valign=\"middle\" width=\"75\">419<\/td>\n<td align=\"center\" valign=\"middle\" width=\"74\">3.62<\/td>\n<td align=\"center\" valign=\"middle\" width=\"87\">200<\/td>\n<td align=\"center\" valign=\"middle\" width=\"92\">2.0<\/td>\n<td align=\"center\" valign=\"middle\" width=\"90\">34CrMo4<\/td>\n<\/tr>\n<tr>\n<td colspan=\"1\" rowspan=\"1\" align=\"center\" valign=\"middle\" width=\"278.3333333333333\">WG\u2161108-2.0L-200<\/td>\n<td colspan=\"1\" rowspan=\"1\" align=\"center\" valign=\"middle\" width=\"5\">108<\/td>\n<td colspan=\"1\" rowspan=\"1\" align=\"center\" valign=\"middle\" width=\"87\">2.0<\/td>\n<td colspan=\"1\" rowspan=\"1\" align=\"center\" valign=\"middle\" width=\"75\">310<\/td>\n<td colspan=\"1\" rowspan=\"1\" align=\"center\" valign=\"middle\" width=\"74\">2.07<\/td>\n<td colspan=\"1\" rowspan=\"1\" align=\"center\" valign=\"middle\" width=\"87\">200<\/td>\n<td colspan=\"1\" rowspan=\"1\" align=\"center\" valign=\"middle\" width=\"92\">2.4<\/td>\n<td colspan=\"1\" rowspan=\"1\" align=\"center\" valign=\"middle\" width=\"90\">34CrMo4<\/td>\n<\/tr>\n<\/tbody>\n<\/table>\n<\/div>","protected":false},"excerpt":{"rendered":"<ul class=\"meta\">\n<li><label>Brand:<\/label>\u00a0HS<\/li>\n<li><label>Produktets oprindelse:<\/label>\u00a0Fremstillet i Kina<\/li>\n<li><label>Leveringstid:<\/label>\u00a015 til 30 dage<\/li>\n<li><label>Forsyningskapacitet:<\/label>\u00a0\u00c5rlig produktion p\u00e5 mere end 800.000 stykker<\/li>\n<\/ul>\n<p class=\"desc\">Information om produktet:<br \/>\n1\u3001TPED ISO9809-1; 2 liter; 108mm cylinder ydre diameter; Oxygen cylinder arbejdstryk er 200bar; Hydrostatisk testtryk er 300bar; 34 crmo4 st\u00e5llegering<br \/>\n2 \u3001 H\u00f8jden p\u00e5 iltflasken er 310 mm; Cylindermundingsgevind inkluderer PZ19.2, PZ27.8, 25E; 3\/4-14 NGT osv.; Maksimal iltflaskeopbevaring er 0,4 m3 (400 liter); Minimum designv\u00e6gtykkelse p\u00e5 cylinderen: 2,4 mm; Cylinderkropsv\u00e6gt: 3,62 kg;<br \/>\n3, Alias: 2L 200bar iltflasker 2L 200bar ilttanke; 2L 200bar gasflasker; 200bar TPED-gasflasker; 200bar gastanke<\/p>","protected":false},"featured_media":5445,"template":"","meta":{"_seopress_robots_primary_cat":"none","_seopress_titles_title":"","_seopress_titles_desc":"","_seopress_robots_index":"","_uag_custom_page_level_css":"","site-sidebar-layout":"default","site-content-layout":"","ast-site-content-layout":"default","site-content-style":"default","site-sidebar-style":"default","ast-global-header-display":"","ast-banner-title-visibility":"","ast-main-header-display":"","ast-hfb-above-header-display":"","ast-hfb-below-header-display":"","ast-hfb-mobile-header-display":"","site-post-title":"","ast-breadcrumbs-content":"","ast-featured-img":"","footer-sml-layout":"","ast-disable-related-posts":"","theme-transparent-header-meta":"default","adv-header-id-meta":"","stick-header-meta":"default","header-above-stick-meta":"","header-main-stick-meta":"","header-below-stick-meta":"","astra-migrate-meta-layouts":"set","ast-page-background-enabled":"default","ast-page-background-meta":{"desktop":{"background-color":"","background-image":"","background-repeat":"repeat","background-position":"center center","background-size":"auto","background-attachment":"scroll","background-type":"","background-media":"","overlay-type":"","overlay-color":"","overlay-opacity":"","overlay-gradient":""},"tablet":{"background-color":"","background-image":"","background-repeat":"repeat","background-position":"center center","background-size":"auto","background-attachment":"scroll","background-type":"","background-media":"","overlay-type":"","overlay-color":"","overlay-opacity":"","overlay-gradient":""},"mobile":{"background-color":"","background-image":"","background-repeat":"repeat","background-position":"center center","background-size":"auto","background-attachment":"scroll","background-type":"","background-media":"","overlay-type":"","overlay-color":"","overlay-opacity":"","overlay-gradient":""}},"ast-content-background-meta":{"desktop":{"background-color":"var(--ast-global-color-5)","background-image":"","background-repeat":"repeat","background-position":"center center","background-size":"auto","background-attachment":"scroll","background-type":"","background-media":"","overlay-type":"","overlay-color":"","overlay-opacity":"","overlay-gradient":""},"tablet":{"background-color":"var(--ast-global-color-5)","background-image":"","background-repeat":"repeat","background-position":"center center","background-size":"auto","background-attachment":"scroll","background-type":"","background-media":"","overlay-type":"","overlay-color":"","overlay-opacity":"","overlay-gradient":""},"mobile":{"background-color":"var(--ast-global-color-5)","background-image":"","background-repeat":"repeat","background-position":"center center","background-size":"auto","background-attachment":"scroll","background-type":"","background-media":"","overlay-type":"","overlay-color":"","overlay-opacity":"","overlay-gradient":""}}},"product_brand":[],"product_cat":[44],"product_tag":[],"class_list":{"0":"post-5442","1":"product","2":"type-product","3":"status-publish","4":"has-post-thumbnail","6":"product_cat-seamless","7":"desktop-align-center","8":"tablet-align-left","9":"mobile-align-left","10":"ast-product-gallery-layout-horizontal-slider","11":"ast-product-tabs-layout-horizontal","13":"first","14":"instock","15":"shipping-taxable","16":"product-type-simple"},"uagb_featured_image_src":{"full":["https:\/\/hsgascylinder-factory.com\/wp-content\/uploads\/2025\/04\/2LIT2b0.jpg",800,800,false],"thumbnail":["https:\/\/hsgascylinder-factory.com\/wp-content\/uploads\/2025\/04\/2LIT2b0-150x150.jpg",150,150,true],"medium":["https:\/\/hsgascylinder-factory.com\/wp-content\/uploads\/2025\/04\/2LIT2b0-300x300.jpg",300,300,true],"medium_large":["https:\/\/hsgascylinder-factory.com\/wp-content\/uploads\/2025\/04\/2LIT2b0-768x768.jpg",768,768,true],"large":["https:\/\/hsgascylinder-factory.com\/wp-content\/uploads\/2025\/04\/2LIT2b0.jpg",800,800,false],"1536x1536":["https:\/\/hsgascylinder-factory.com\/wp-content\/uploads\/2025\/04\/2LIT2b0.jpg",800,800,false],"2048x2048":["https:\/\/hsgascylinder-factory.com\/wp-content\/uploads\/2025\/04\/2LIT2b0.jpg",800,800,false],"trp-custom-language-flag":["https:\/\/hsgascylinder-factory.com\/wp-content\/uploads\/2025\/04\/2LIT2b0-12x12.jpg",12,12,true],"woocommerce_thumbnail":["https:\/\/hsgascylinder-factory.com\/wp-content\/uploads\/2025\/04\/2LIT2b0-500x500.jpg",500,500,true],"woocommerce_single":["https:\/\/hsgascylinder-factory.com\/wp-content\/uploads\/2025\/04\/2LIT2b0-600x600.jpg",600,600,true],"woocommerce_gallery_thumbnail":["https:\/\/hsgascylinder-factory.com\/wp-content\/uploads\/2025\/04\/2LIT2b0-100x100.jpg",100,100,true]},"uagb_author_info":{"display_name":"jinxing6611@gmail.com","author_link":"https:\/\/hsgascylinder-factory.com\/da\/author\/"},"uagb_comment_info":0,"uagb_excerpt":"Brand:\u00a0HS Product origin:\u00a0Made in China Delivery time:\u00a015 to 30 days Supply capacity:\u00a0Annual output of more than 800,000 pieces Product Information: 1\u3001TPED ISO9809-1; 2 litre; 108mm cylinder outer diameter; Oxygen cylinder working pressure is 200bar; Hydrostatic test pressure is 300bar; 34 crmo4 steel alloy 2\u3001The height of the oxygen bottle is 310mm; Cylinder mouth threads include&hellip;","_links":{"self":[{"href":"https:\/\/hsgascylinder-factory.com\/da\/wp-json\/wp\/v2\/product\/5442","targetHints":{"allow":["GET"]}}],"collection":[{"href":"https:\/\/hsgascylinder-factory.com\/da\/wp-json\/wp\/v2\/product"}],"about":[{"href":"https:\/\/hsgascylinder-factory.com\/da\/wp-json\/wp\/v2\/types\/product"}],"wp:featuredmedia":[{"embeddable":true,"href":"https:\/\/hsgascylinder-factory.com\/da\/wp-json\/wp\/v2\/media\/5445"}],"wp:attachment":[{"href":"https:\/\/hsgascylinder-factory.com\/da\/wp-json\/wp\/v2\/media?parent=5442"}],"wp:term":[{"taxonomy":"product_brand","embeddable":true,"href":"https:\/\/hsgascylinder-factory.com\/da\/wp-json\/wp\/v2\/product_brand?post=5442"},{"taxonomy":"product_cat","embeddable":true,"href":"https:\/\/hsgascylinder-factory.com\/da\/wp-json\/wp\/v2\/product_cat?post=5442"},{"taxonomy":"product_tag","embeddable":true,"href":"https:\/\/hsgascylinder-factory.com\/da\/wp-json\/wp\/v2\/product_tag?post=5442"}],"curies":[{"name":"wp","href":"https:\/\/api.w.org\/{rel}","templated":true}]}}