{"id":5260,"date":"2025-04-22T02:40:39","date_gmt":"2025-04-22T02:40:39","guid":{"rendered":"https:\/\/darkslategray-hippopotamus-243231.hostingersite.com\/?post_type=product&#038;p=5260"},"modified":"2025-04-22T02:40:39","modified_gmt":"2025-04-22T02:40:39","slug":"high-purity-carbon-dioxide-carbonic-anhydride-acid-co2-gas","status":"publish","type":"product","link":"https:\/\/hsgascylinder-factory.com\/da\/vare\/high-purity-carbon-dioxide-carbonic-anhydride-acid-co2-gas\/","title":{"rendered":"Kuldioxid med h\u00f8j renhed Kulsyreanhydrid syre CO2 Gas"},"content":{"rendered":"<p><iframe title=\"YouTube-videoafspiller\" src=\"https:\/\/www.youtube.com\/embed\/zkDrS3o0gJc?si=-TkOhGG87jHzDHfy\" width=\"560\" height=\"315\" frameborder=\"0\" allowfullscreen=\"allowfullscreen\"><\/iframe><\/p>\n<p><img alt=\"\" fetchpriority=\"high\" decoding=\"async\" class=\"alignnone size-full wp-image-5273\" src=\"http:\/\/darkslategray-hippopotamus-243231.hostingersite.com\/wp-content\/uploads\/2025\/04\/hpcdn1.jpg\" width=\"900\" height=\"600\" srcset=\"https:\/\/hsgascylinder-factory.com\/wp-content\/uploads\/2025\/04\/hpcdn1.jpg 900w, https:\/\/hsgascylinder-factory.com\/wp-content\/uploads\/2025\/04\/hpcdn1-300x200.jpg 300w, https:\/\/hsgascylinder-factory.com\/wp-content\/uploads\/2025\/04\/hpcdn1-768x512.jpg 768w, https:\/\/hsgascylinder-factory.com\/wp-content\/uploads\/2025\/04\/hpcdn1-18x12.jpg 18w, https:\/\/hsgascylinder-factory.com\/wp-content\/uploads\/2025\/04\/hpcdn1-600x400.jpg 600w\" sizes=\"(max-width: 900px) 100vw, 900px\" \/><\/p>\n<p>Kuldioxid, en kulstof- og iltforbindelse med den kemiske formel CO2 og den kemiske formel 44,0095, er en farvel\u00f8s, smagl\u00f8s [2] eller lugtfri og let syrlig gas i vandig opl\u00f8sning ved stuetemperatur og tryk. Det er ogs\u00e5 en almindelig drivhusgas og en af komponenterne i luft (der udg\u00f8r 0,03%-0,04% af atmosf\u00e6rens samlede volumen).<\/p>\n<p>Kuldioxid med h\u00f8j renhed bruges hovedsageligt i den elektroniske industri, medicinsk forskning og klinisk diagnose, kuldioxidlaser, kalibrering af detektionsinstrumenter og fremstilling af andre specielle blandinger, i polyethylenpolymerisationsreaktion bruges som regulator.<\/p>\n<p>Fast kuldioxid bruges i vid udstr\u00e6kning til at k\u00f8le mejeriprodukter, k\u00f8d, frosne f\u00f8devarer og andre letford\u00e6rvelige f\u00f8devarer under transport og som k\u00f8lemiddel i mange industrielle processer.<\/p>\n<p><img alt=\"\" decoding=\"async\" class=\"alignnone size-full wp-image-5274\" src=\"http:\/\/darkslategray-hippopotamus-243231.hostingersite.com\/wp-content\/uploads\/2025\/04\/hpcdn2.jpg\" width=\"800\" height=\"800\" srcset=\"https:\/\/hsgascylinder-factory.com\/wp-content\/uploads\/2025\/04\/hpcdn2.jpg 800w, https:\/\/hsgascylinder-factory.com\/wp-content\/uploads\/2025\/04\/hpcdn2-300x300.jpg 300w, https:\/\/hsgascylinder-factory.com\/wp-content\/uploads\/2025\/04\/hpcdn2-150x150.jpg 150w, https:\/\/hsgascylinder-factory.com\/wp-content\/uploads\/2025\/04\/hpcdn2-768x768.jpg 768w, https:\/\/hsgascylinder-factory.com\/wp-content\/uploads\/2025\/04\/hpcdn2-12x12.jpg 12w, https:\/\/hsgascylinder-factory.com\/wp-content\/uploads\/2025\/04\/hpcdn2-500x500.jpg 500w, https:\/\/hsgascylinder-factory.com\/wp-content\/uploads\/2025\/04\/hpcdn2-600x600.jpg 600w, https:\/\/hsgascylinder-factory.com\/wp-content\/uploads\/2025\/04\/hpcdn2-100x100.jpg 100w\" sizes=\"(max-width: 800px) 100vw, 800px\" \/><\/p>\n<p><strong>Tips til gassikkerhed:<\/strong><\/p>\n<p>H\u00f8j koncentration af kuldioxid har i sig selv en stimulerende og bed\u00f8vende effekt og kan g\u00f8re kroppen iltfattig og kv\u00e6lende.<\/p>\n<p>I tilf\u00e6lde af kuldioxidforgiftning skal offeret fjernes fra milj\u00f8et med h\u00f8j koncentration af kuldioxid og bringes ud i frisk luft. Offerets krave skal l\u00f8snes, og der skal bruges kunstigt \u00e5ndedr\u00e6t for at f\u00e5 offeret til at ind\u00e5nde ilt s\u00e5 hurtigt som muligt. Om n\u00f8dvendigt b\u00f8r der anvendes hyperbarisk iltbehandling.<\/p>\n<p>Shandong Hongsheng Pressure Vessel Co, Ltd. er villig til at v\u00e6re din langsigtede partner og chef for cylindersikkerhed og i f\u00e6llesskab eskortere din cylindersikkerhed.<\/p>\n<p><img alt=\"\" decoding=\"async\" class=\"alignnone size-full wp-image-5275\" src=\"http:\/\/darkslategray-hippopotamus-243231.hostingersite.com\/wp-content\/uploads\/2025\/04\/hpcdn3.jpg\" width=\"900\" height=\"600\" srcset=\"https:\/\/hsgascylinder-factory.com\/wp-content\/uploads\/2025\/04\/hpcdn3.jpg 900w, https:\/\/hsgascylinder-factory.com\/wp-content\/uploads\/2025\/04\/hpcdn3-300x200.jpg 300w, https:\/\/hsgascylinder-factory.com\/wp-content\/uploads\/2025\/04\/hpcdn3-768x512.jpg 768w, https:\/\/hsgascylinder-factory.com\/wp-content\/uploads\/2025\/04\/hpcdn3-18x12.jpg 18w, https:\/\/hsgascylinder-factory.com\/wp-content\/uploads\/2025\/04\/hpcdn3-600x400.jpg 600w\" sizes=\"(max-width: 900px) 100vw, 900px\" \/><\/p>\n<p>Gasformig kuldioxid bruges til karbonisering af l\u00e6skedrikke, pH-kontrol af vandbehandlingsprocessen, kemisk forarbejdning, f\u00f8devarekonservering, inert beskyttelse af kemiske og f\u00f8devareforarbejdningsprocesser, svejsegas, plantev\u00e6kststimulerende middel, bruges til h\u00e6rdning af forme og kerner i st\u00f8bning og til pneumatiske enheder,<\/p>\n<p>Det bruges ogs\u00e5 som fortyndingsmiddel til bakteriedr\u00e6bende gas (dvs. blandingsgas af ethylenoxid og kuldioxid som et bakteriedr\u00e6bende middel, insekticid og fumigant, der i vid udstr\u00e6kning anvendes til sterilisering, desinfektion af benmel af medicinske instrumenter, emballagematerialer, t\u00f8j, pels, senget\u00f8j, lagre, fabrikker, kulturelle relikvier og b\u00f8ger).<\/p>\n<p>Flydende kuldioxid bruges som k\u00f8lemiddel, til kryotest af fly, missiler og elektroniske komponenter, til at forbedre udvindingen fra oliebr\u00f8nde, til gummipolering og til at kontrollere kemiske reaktioner samt som slukningsmiddel.<\/p>\n<p>Superkritisk kuldioxid kan bruges som opl\u00f8sningsmiddel til at opl\u00f8se ikke-pol\u00e6re, ikke-ioniske og lavmolekyl\u00e6re forbindelser, s\u00e5 det bruges i vid udstr\u00e6kning i homogene reaktioner.<\/p>\n<p><img alt=\"\" loading=\"lazy\" decoding=\"async\" class=\"alignnone size-full wp-image-5276\" src=\"http:\/\/darkslategray-hippopotamus-243231.hostingersite.com\/wp-content\/uploads\/2025\/04\/hpcdn4.jpg\" width=\"900\" height=\"600\" srcset=\"https:\/\/hsgascylinder-factory.com\/wp-content\/uploads\/2025\/04\/hpcdn4.jpg 900w, https:\/\/hsgascylinder-factory.com\/wp-content\/uploads\/2025\/04\/hpcdn4-300x200.jpg 300w, https:\/\/hsgascylinder-factory.com\/wp-content\/uploads\/2025\/04\/hpcdn4-768x512.jpg 768w, https:\/\/hsgascylinder-factory.com\/wp-content\/uploads\/2025\/04\/hpcdn4-18x12.jpg 18w, https:\/\/hsgascylinder-factory.com\/wp-content\/uploads\/2025\/04\/hpcdn4-600x400.jpg 600w\" sizes=\"(max-width: 900px) 100vw, 900px\" \/><\/p>","protected":false},"excerpt":{"rendered":"<ul class=\"meta\">\n<li><label>Brand:<\/label>\u00a0HS<\/li>\n<li><label>Produktets oprindelse:<\/label>\u00a0Fremstillet i Kina<\/li>\n<li><label>Leveringstid:<\/label>\u00a025 til 40 dage<\/li>\n<li><label>Forsyningskapacitet:<\/label>\u00a0\u00c5rlig produktion p\u00e5 300.000 kubikmeter<\/li>\n<\/ul>\n<p class=\"desc\">Kuldioxid med h\u00f8j renhed kulsyreanhydrid kuldioxidgas<br \/>\nInformation om produktet:<br \/>\n1, kuldioxid er en slags kulstof- og iltforbindelse, den kemiske formel er CO2, den kemiske formelm\u00e6ngde er 44,0095, under normal temperatur og tryk er en farvel\u00f8s lugtfri eller lugtfri og dens vandige opl\u00f8sning let sur gas, er en af komponenterne i luften (tegner sig for 0,03%-0,04% af atmosf\u00e6rens samlede volumen) er ogs\u00e5 en almindelig drivhusgas.<br \/>\n2. Med hensyn til fysiske egenskaber er kogepunktet for kuldioxid -78,5 \u00b0C, og smeltepunktet er -56,6 \u00b0C (527 kPa). Densiteten er h\u00f8jere end luftens (under standardbetingelser), og det er opl\u00f8seligt i vand.<br \/>\n3, med hensyn til kemiske egenskaber er kuldioxid termisk stabilitet meget h\u00f8j (kun 1,8% nedbrydning ved 2000 \u2103), kemiske egenskaber er ikke aktive, kan ikke br\u00e6nde, underst\u00f8tter normalt ikke forbr\u00e6nding, h\u00f8rer til surt oxid, har den almindelige syreoxid, p\u00e5 grund af reaktionen med vand for at generere er kulsyre, s\u00e5 det er kulsyreanhydrid.<br \/>\n4, alias: Kuldioxid med h\u00f8j renhed, kulsyreanhydrid, kulsyregas, gas med h\u00f8j renhed, CO2-gas<br \/>\n5, opbevaring: brug af s\u00f8ml\u00f8se st\u00e5lflasker: f.eks. 40 liter, 50 liter, 60 liter, 68 liter, 70 liter, 80 liter og s\u00e5 videre.<br \/>\nBrug cylinder: 40L eller 50L<\/p>","protected":false},"featured_media":5263,"template":"","meta":{"_seopress_robots_primary_cat":"","_seopress_titles_title":"","_seopress_titles_desc":"","_seopress_robots_index":"","_uag_custom_page_level_css":"","site-sidebar-layout":"default","site-content-layout":"","ast-site-content-layout":"default","site-content-style":"default","site-sidebar-style":"default","ast-global-header-display":"","ast-banner-title-visibility":"","ast-main-header-display":"","ast-hfb-above-header-display":"","ast-hfb-below-header-display":"","ast-hfb-mobile-header-display":"","site-post-title":"","ast-breadcrumbs-content":"","ast-featured-img":"","footer-sml-layout":"","ast-disable-related-posts":"","theme-transparent-header-meta":"default","adv-header-id-meta":"","stick-header-meta":"default","header-above-stick-meta":"","header-main-stick-meta":"","header-below-stick-meta":"","astra-migrate-meta-layouts":"set","ast-page-background-enabled":"default","ast-page-background-meta":{"desktop":{"background-color":"","background-image":"","background-repeat":"repeat","background-position":"center center","background-size":"auto","background-attachment":"scroll","background-type":"","background-media":"","overlay-type":"","overlay-color":"","overlay-opacity":"","overlay-gradient":""},"tablet":{"background-color":"","background-image":"","background-repeat":"repeat","background-position":"center center","background-size":"auto","background-attachment":"scroll","background-type":"","background-media":"","overlay-type":"","overlay-color":"","overlay-opacity":"","overlay-gradient":""},"mobile":{"background-color":"","background-image":"","background-repeat":"repeat","background-position":"center center","background-size":"auto","background-attachment":"scroll","background-type":"","background-media":"","overlay-type":"","overlay-color":"","overlay-opacity":"","overlay-gradient":""}},"ast-content-background-meta":{"desktop":{"background-color":"var(--ast-global-color-5)","background-image":"","background-repeat":"repeat","background-position":"center center","background-size":"auto","background-attachment":"scroll","background-type":"","background-media":"","overlay-type":"","overlay-color":"","overlay-opacity":"","overlay-gradient":""},"tablet":{"background-color":"var(--ast-global-color-5)","background-image":"","background-repeat":"repeat","background-position":"center center","background-size":"auto","background-attachment":"scroll","background-type":"","background-media":"","overlay-type":"","overlay-color":"","overlay-opacity":"","overlay-gradient":""},"mobile":{"background-color":"var(--ast-global-color-5)","background-image":"","background-repeat":"repeat","background-position":"center center","background-size":"auto","background-attachment":"scroll","background-type":"","background-media":"","overlay-type":"","overlay-color":"","overlay-opacity":"","overlay-gradient":""}}},"product_brand":[],"product_cat":[33],"product_tag":[],"class_list":{"0":"post-5260","1":"product","2":"type-product","3":"status-publish","4":"has-post-thumbnail","6":"product_cat-gas","7":"desktop-align-center","8":"tablet-align-left","9":"mobile-align-left","10":"ast-product-gallery-layout-horizontal-slider","11":"ast-product-tabs-layout-horizontal","13":"first","14":"instock","15":"shipping-taxable","16":"product-type-simple"},"uagb_featured_image_src":{"full":["https:\/\/hsgascylinder-factory.com\/wp-content\/uploads\/2025\/04\/hpcd0.jpg",800,800,false],"thumbnail":["https:\/\/hsgascylinder-factory.com\/wp-content\/uploads\/2025\/04\/hpcd0-150x150.jpg",150,150,true],"medium":["https:\/\/hsgascylinder-factory.com\/wp-content\/uploads\/2025\/04\/hpcd0-300x300.jpg",300,300,true],"medium_large":["https:\/\/hsgascylinder-factory.com\/wp-content\/uploads\/2025\/04\/hpcd0-768x768.jpg",768,768,true],"large":["https:\/\/hsgascylinder-factory.com\/wp-content\/uploads\/2025\/04\/hpcd0.jpg",800,800,false],"1536x1536":["https:\/\/hsgascylinder-factory.com\/wp-content\/uploads\/2025\/04\/hpcd0.jpg",800,800,false],"2048x2048":["https:\/\/hsgascylinder-factory.com\/wp-content\/uploads\/2025\/04\/hpcd0.jpg",800,800,false],"trp-custom-language-flag":["https:\/\/hsgascylinder-factory.com\/wp-content\/uploads\/2025\/04\/hpcd0-12x12.jpg",12,12,true],"woocommerce_thumbnail":["https:\/\/hsgascylinder-factory.com\/wp-content\/uploads\/2025\/04\/hpcd0-500x500.jpg",500,500,true],"woocommerce_single":["https:\/\/hsgascylinder-factory.com\/wp-content\/uploads\/2025\/04\/hpcd0-600x600.jpg",600,600,true],"woocommerce_gallery_thumbnail":["https:\/\/hsgascylinder-factory.com\/wp-content\/uploads\/2025\/04\/hpcd0-100x100.jpg",100,100,true]},"uagb_author_info":{"display_name":"jinxing6611@gmail.com","author_link":"https:\/\/hsgascylinder-factory.com\/da\/author\/"},"uagb_comment_info":0,"uagb_excerpt":"Brand:\u00a0HS Product origin:\u00a0Made in China Delivery time:\u00a025 to 40days Supply capacity:\u00a0Annual output of 300,000 cubic meters High purity carbon dioxide carbon anhydride carbon dioxide gas Product Information: 1, carbon dioxide is a kind of carbon and oxygen compound, the chemical formula is CO2, the chemical formula quantity is 44.0095, under normal temperature and pressure is&hellip;","_links":{"self":[{"href":"https:\/\/hsgascylinder-factory.com\/da\/wp-json\/wp\/v2\/product\/5260","targetHints":{"allow":["GET"]}}],"collection":[{"href":"https:\/\/hsgascylinder-factory.com\/da\/wp-json\/wp\/v2\/product"}],"about":[{"href":"https:\/\/hsgascylinder-factory.com\/da\/wp-json\/wp\/v2\/types\/product"}],"wp:featuredmedia":[{"embeddable":true,"href":"https:\/\/hsgascylinder-factory.com\/da\/wp-json\/wp\/v2\/media\/5263"}],"wp:attachment":[{"href":"https:\/\/hsgascylinder-factory.com\/da\/wp-json\/wp\/v2\/media?parent=5260"}],"wp:term":[{"taxonomy":"product_brand","embeddable":true,"href":"https:\/\/hsgascylinder-factory.com\/da\/wp-json\/wp\/v2\/product_brand?post=5260"},{"taxonomy":"product_cat","embeddable":true,"href":"https:\/\/hsgascylinder-factory.com\/da\/wp-json\/wp\/v2\/product_cat?post=5260"},{"taxonomy":"product_tag","embeddable":true,"href":"https:\/\/hsgascylinder-factory.com\/da\/wp-json\/wp\/v2\/product_tag?post=5260"}],"curies":[{"name":"wp","href":"https:\/\/api.w.org\/{rel}","templated":true}]}}