{"id":5124,"date":"2025-04-21T08:36:29","date_gmt":"2025-04-21T08:36:29","guid":{"rendered":"https:\/\/darkslategray-hippopotamus-243231.hostingersite.com\/?post_type=product&#038;p=5124"},"modified":"2025-04-21T08:36:29","modified_gmt":"2025-04-21T08:36:29","slug":"g5-8-buoy-type-oxygen-inhaler-flowmeter-oxygen-face-mask","status":"publish","type":"product","link":"https:\/\/hsgascylinder-factory.com\/da\/vare\/g5-8-buoy-type-oxygen-inhaler-flowmeter-oxygen-face-mask\/","title":{"rendered":"G5\/8 Oxygen Inhalator Flowmeter Oxygen Ansigtsmaske af b\u00f8jletypen"},"content":{"rendered":"<p><iframe title=\"YouTube-videoafspiller\" src=\"https:\/\/www.youtube.com\/embed\/DrgoILtfkdI?si=RfQ-5fywtpWbuQzS\" width=\"560\" height=\"315\" frameborder=\"0\" allowfullscreen=\"allowfullscreen\"><\/iframe><\/p>\n<p><strong>G5\/8 Oxygen Inhalator Flowmeter Oxygen Ansigtsmaske af b\u00f8jletypen<\/strong><\/p>\n<p>Flowomr\u00e5de:1-15L\/min; 1-10 l\/min<\/p>\n<p>Udgangstryk :2 bar-3bar<\/p>\n<p>Indgangstryk: &lt;150 bar<\/p>\n<p>Sikkerhedsventilens kontroltryk :3,5\u00b10,5Bar<\/p>\n<p><img alt=\"\" fetchpriority=\"high\" decoding=\"async\" class=\"alignnone size-full wp-image-5135\" src=\"http:\/\/darkslategray-hippopotamus-243231.hostingersite.com\/wp-content\/uploads\/2025\/04\/G5Buoyn.jpg\" width=\"800\" height=\"637\" srcset=\"https:\/\/hsgascylinder-factory.com\/wp-content\/uploads\/2025\/04\/G5Buoyn.jpg 800w, https:\/\/hsgascylinder-factory.com\/wp-content\/uploads\/2025\/04\/G5Buoyn-300x239.jpg 300w, https:\/\/hsgascylinder-factory.com\/wp-content\/uploads\/2025\/04\/G5Buoyn-768x612.jpg 768w, https:\/\/hsgascylinder-factory.com\/wp-content\/uploads\/2025\/04\/G5Buoyn-15x12.jpg 15w, https:\/\/hsgascylinder-factory.com\/wp-content\/uploads\/2025\/04\/G5Buoyn-600x478.jpg 600w\" sizes=\"(max-width: 800px) 100vw, 800px\" \/><\/p>\n<p><strong>Metode til brug<\/strong><\/p>\n<p>1. Forbind luftindtagsskruen t\u00e6t med iltflasken, og \u00e5bn iltflaskens ventil;<\/p>\n<p>2. Forbind sugeslangen og iltudgangsslangen t\u00e6t;<\/p>\n<p>3. Stram luftfugteren, fyld rent vand i de \u00f8verste og nederste vandr\u00f8r, og stram luftfugteren til luftfugterens d\u00e6ksel.<\/p>\n<p>4. Juster flowregulatoren, indtil du har det \u00f8nskede flow, og ind\u00e5nd derefter ilt gennem iltinhalationsslangen;<\/p>\n<p>5. N\u00e5r du holder op med at ind\u00e5nde ilt, skal du lukke iltflaskens ventil, og n\u00e5r trykm\u00e5lerens mark\u00f8r peger p\u00e5 \"0\", skal du lukke flowregulatoren.<\/p>\n<p>Iltinhalatorer af b\u00f8jetypen har et indgangstryk p\u00e5 &lt; 15Mpa med et udgangstryk p\u00e5 0,25mpa. Det bruges hovedsageligt i iltforsyningssystem i medicinsk center, iltind\u00e5ndingsanordning til medicinske enheder til at give ilt til patienter med hypoxi i f\u00f8rstehj\u00e6lp, videnskabelige forskningsinstitutioner, industri og minedrift osv.<\/p>\n<p>Iltinhalatorens flow er pr\u00e6cist, nemt at bruge og sikkert. Er hospitalets skadestue, afdelingens patienter giver iltbehandling vigtigt udstyr.<\/p>","protected":false},"excerpt":{"rendered":"<ul class=\"meta\">\n<li><label>Brand:<\/label>\u00a0HS<\/li>\n<li><label>Produktets oprindelse:<\/label>\u00a0Fremstillet i Kina<\/li>\n<li><label>Leveringstid:<\/label>\u00a015 til 30 dage<\/li>\n<li><label>Forsyningskapacitet:<\/label>\u00a0\u00c5rlig produktion p\u00e5 mere end 1 million<\/li>\n<\/ul>\n<p class=\"desc\">G5\/8 Flowm\u00e5ler til iltinhalator af flydetypen iltmaske<br \/>\nInformation om produktet:<br \/>\n1. Det generelle indgangstryk for G5\/8 medicinsk b\u00f8je-iltinhalator er &lt; 150 bar, udgangstrykket er 0,25 bar.<br \/>\n2.G5\/8 medicinsk b\u00f8je iltinhalator flowjusteringsomr\u00e5de: 1-10L\/min; Importeret gevind: G5\/8, med fugtflaskeanordning.<br \/>\n3. Det er velegnet til iltforsyningssystem i medicinsk center, iltind\u00e5nding til patienter med hypoxi, sugeflowkontrolanordning i videnskabelige forskningsinstitutioner, industri og miner og n\u00f8dforsyning med ilt til medicinske enheder. Iltinhalator er en hospitalsskadestue, afdelingspatienter giver iltbehandling n\u00f8dvendigt udstyr, n\u00f8jagtigt flow, let at bruge, sikkert.<br \/>\nIltinhalatorens funktion er at give et konstant tryk og flow af ilt, som patienterne kan bruge.<br \/>\n4. alias: Flowmeter af b\u00f8jetype, Inhalator, Oxygeninhalator af b\u00f8jetype, Oxygeninhalator af b\u00f8jetype, Oxygenansigtsmaske<br \/>\nShandong Hongsheng Pressure Vessel Co, Ltd. er villig til at v\u00e6re din langsigtede partner og chef for cylindersikkerhed og i f\u00e6llesskab eskortere din cylindersikkerhed.<\/p>","protected":false},"featured_media":5127,"template":"","meta":{"_seopress_robots_primary_cat":"","_seopress_titles_title":"","_seopress_titles_desc":"","_seopress_robots_index":"","_uag_custom_page_level_css":"","site-sidebar-layout":"default","site-content-layout":"","ast-site-content-layout":"default","site-content-style":"default","site-sidebar-style":"default","ast-global-header-display":"","ast-banner-title-visibility":"","ast-main-header-display":"","ast-hfb-above-header-display":"","ast-hfb-below-header-display":"","ast-hfb-mobile-header-display":"","site-post-title":"","ast-breadcrumbs-content":"","ast-featured-img":"","footer-sml-layout":"","ast-disable-related-posts":"","theme-transparent-header-meta":"default","adv-header-id-meta":"","stick-header-meta":"default","header-above-stick-meta":"","header-main-stick-meta":"","header-below-stick-meta":"","astra-migrate-meta-layouts":"set","ast-page-background-enabled":"default","ast-page-background-meta":{"desktop":{"background-color":"","background-image":"","background-repeat":"repeat","background-position":"center center","background-size":"auto","background-attachment":"scroll","background-type":"","background-media":"","overlay-type":"","overlay-color":"","overlay-opacity":"","overlay-gradient":""},"tablet":{"background-color":"","background-image":"","background-repeat":"repeat","background-position":"center center","background-size":"auto","background-attachment":"scroll","background-type":"","background-media":"","overlay-type":"","overlay-color":"","overlay-opacity":"","overlay-gradient":""},"mobile":{"background-color":"","background-image":"","background-repeat":"repeat","background-position":"center center","background-size":"auto","background-attachment":"scroll","background-type":"","background-media":"","overlay-type":"","overlay-color":"","overlay-opacity":"","overlay-gradient":""}},"ast-content-background-meta":{"desktop":{"background-color":"var(--ast-global-color-5)","background-image":"","background-repeat":"repeat","background-position":"center center","background-size":"auto","background-attachment":"scroll","background-type":"","background-media":"","overlay-type":"","overlay-color":"","overlay-opacity":"","overlay-gradient":""},"tablet":{"background-color":"var(--ast-global-color-5)","background-image":"","background-repeat":"repeat","background-position":"center center","background-size":"auto","background-attachment":"scroll","background-type":"","background-media":"","overlay-type":"","overlay-color":"","overlay-opacity":"","overlay-gradient":""},"mobile":{"background-color":"var(--ast-global-color-5)","background-image":"","background-repeat":"repeat","background-position":"center center","background-size":"auto","background-attachment":"scroll","background-type":"","background-media":"","overlay-type":"","overlay-color":"","overlay-opacity":"","overlay-gradient":""}}},"product_brand":[],"product_cat":[34],"product_tag":[],"class_list":{"0":"post-5124","1":"product","2":"type-product","3":"status-publish","4":"has-post-thumbnail","6":"product_cat-flowmeter","7":"desktop-align-center","8":"tablet-align-left","9":"mobile-align-left","10":"ast-product-gallery-layout-horizontal-slider","11":"ast-product-tabs-layout-horizontal","13":"first","14":"instock","15":"shipping-taxable","16":"product-type-simple"},"uagb_featured_image_src":{"full":["https:\/\/hsgascylinder-factory.com\/wp-content\/uploads\/2025\/04\/G5Buoy0.jpg",800,800,false],"thumbnail":["https:\/\/hsgascylinder-factory.com\/wp-content\/uploads\/2025\/04\/G5Buoy0-150x150.jpg",150,150,true],"medium":["https:\/\/hsgascylinder-factory.com\/wp-content\/uploads\/2025\/04\/G5Buoy0-300x300.jpg",300,300,true],"medium_large":["https:\/\/hsgascylinder-factory.com\/wp-content\/uploads\/2025\/04\/G5Buoy0-768x768.jpg",768,768,true],"large":["https:\/\/hsgascylinder-factory.com\/wp-content\/uploads\/2025\/04\/G5Buoy0.jpg",800,800,false],"1536x1536":["https:\/\/hsgascylinder-factory.com\/wp-content\/uploads\/2025\/04\/G5Buoy0.jpg",800,800,false],"2048x2048":["https:\/\/hsgascylinder-factory.com\/wp-content\/uploads\/2025\/04\/G5Buoy0.jpg",800,800,false],"trp-custom-language-flag":["https:\/\/hsgascylinder-factory.com\/wp-content\/uploads\/2025\/04\/G5Buoy0-12x12.jpg",12,12,true],"woocommerce_thumbnail":["https:\/\/hsgascylinder-factory.com\/wp-content\/uploads\/2025\/04\/G5Buoy0-500x500.jpg",500,500,true],"woocommerce_single":["https:\/\/hsgascylinder-factory.com\/wp-content\/uploads\/2025\/04\/G5Buoy0-600x600.jpg",600,600,true],"woocommerce_gallery_thumbnail":["https:\/\/hsgascylinder-factory.com\/wp-content\/uploads\/2025\/04\/G5Buoy0-100x100.jpg",100,100,true]},"uagb_author_info":{"display_name":"jinxing6611@gmail.com","author_link":"https:\/\/hsgascylinder-factory.com\/da\/author\/"},"uagb_comment_info":0,"uagb_excerpt":"Brand:\u00a0HS Product origin:\u00a0Made in China Delivery time:\u00a015 to 30 days Supply capacity:\u00a0Annual output of more than 1 million G5\/8 Float type oxygen inhaler flow meter oxygen mask Product Information: 1.THE general input pressure of G5\/8 medical buoy oxygen inhaler is &lt; 150bar, output pressure is 0.25bar. 2.G5\/8 medical buoy oxygen inhaler flow adjustment range: 1-10L\/min;&hellip;","_links":{"self":[{"href":"https:\/\/hsgascylinder-factory.com\/da\/wp-json\/wp\/v2\/product\/5124","targetHints":{"allow":["GET"]}}],"collection":[{"href":"https:\/\/hsgascylinder-factory.com\/da\/wp-json\/wp\/v2\/product"}],"about":[{"href":"https:\/\/hsgascylinder-factory.com\/da\/wp-json\/wp\/v2\/types\/product"}],"wp:featuredmedia":[{"embeddable":true,"href":"https:\/\/hsgascylinder-factory.com\/da\/wp-json\/wp\/v2\/media\/5127"}],"wp:attachment":[{"href":"https:\/\/hsgascylinder-factory.com\/da\/wp-json\/wp\/v2\/media?parent=5124"}],"wp:term":[{"taxonomy":"product_brand","embeddable":true,"href":"https:\/\/hsgascylinder-factory.com\/da\/wp-json\/wp\/v2\/product_brand?post=5124"},{"taxonomy":"product_cat","embeddable":true,"href":"https:\/\/hsgascylinder-factory.com\/da\/wp-json\/wp\/v2\/product_cat?post=5124"},{"taxonomy":"product_tag","embeddable":true,"href":"https:\/\/hsgascylinder-factory.com\/da\/wp-json\/wp\/v2\/product_tag?post=5124"}],"curies":[{"name":"wp","href":"https:\/\/api.w.org\/{rel}","templated":true}]}}