{"id":5108,"date":"2025-04-21T08:33:30","date_gmt":"2025-04-21T08:33:30","guid":{"rendered":"https:\/\/darkslategray-hippopotamus-243231.hostingersite.com\/?post_type=product&#038;p=5108"},"modified":"2025-06-10T08:45:30","modified_gmt":"2025-06-10T08:45:30","slug":"150bar-oxygen-nitrogen-air-gas-cylinders-vavles","status":"publish","type":"product","link":"https:\/\/hsgascylinder-factory.com\/da\/vare\/150bar-oxygen-nitrogen-air-gas-cylinders-vavles\/","title":{"rendered":"150 bar Oxygen Nitrogen Air Gas Cylinders Vavles"},"content":{"rendered":"<p><iframe title=\"YouTube-videoafspiller\" src=\"https:\/\/www.youtube.com\/embed\/DrgoILtfkdI?si=a32WA4ZXQz6c-zVh\" width=\"560\" height=\"315\" frameborder=\"0\" allowfullscreen=\"allowfullscreen\"><\/iframe><\/p>\n<p><img alt=\"\" fetchpriority=\"high\" decoding=\"async\" class=\"alignnone wp-image-6728 size-full\" src=\"http:\/\/darkslategray-hippopotamus-243231.hostingersite.com\/wp-content\/uploads\/2025\/04\/\u94dd6-2.jpg\" width=\"800\" height=\"800\" srcset=\"https:\/\/hsgascylinder-factory.com\/wp-content\/uploads\/2025\/04\/\u94dd6-2.jpg 800w, https:\/\/hsgascylinder-factory.com\/wp-content\/uploads\/2025\/04\/\u94dd6-2-300x300.jpg 300w, https:\/\/hsgascylinder-factory.com\/wp-content\/uploads\/2025\/04\/\u94dd6-2-150x150.jpg 150w, https:\/\/hsgascylinder-factory.com\/wp-content\/uploads\/2025\/04\/\u94dd6-2-768x768.jpg 768w, https:\/\/hsgascylinder-factory.com\/wp-content\/uploads\/2025\/04\/\u94dd6-2-12x12.jpg 12w, https:\/\/hsgascylinder-factory.com\/wp-content\/uploads\/2025\/04\/\u94dd6-2-500x500.jpg 500w, https:\/\/hsgascylinder-factory.com\/wp-content\/uploads\/2025\/04\/\u94dd6-2-600x600.jpg 600w, https:\/\/hsgascylinder-factory.com\/wp-content\/uploads\/2025\/04\/\u94dd6-2-100x100.jpg 100w\" sizes=\"(max-width: 800px) 100vw, 800px\" \/><\/p>\n<p>For at sikre brugssikkerheden er det fastsat, at udl\u00f8bsspiralretningen p\u00e5 gasflaskeventilen skal bruge venstre skruegevind til br\u00e6ndbar gas og h\u00f8jre skruegevind til ikke-br\u00e6ndbar gas.<\/p>\n<p>Flaskeh\u00e6tter skal have god slagfasthed. Oxygen og st\u00e6rkt oxiderende gascylinderventilforseglingsmateriale, h\u00e5ndhjul til flydende petroleumscylinderventil skal v\u00e6re flammeh\u00e6mmende materiale.<\/p>\n<p>De vigtigste testelementer f\u00f8r levering er luftt\u00e6thedstest og test af sikkerhedsanordninger;<\/p>\n<p>Test af kropsstyrke og \u00e5bnings- og lukkemoment, \u00e5bningsomr\u00e5de, vibrationsmodstand, fugtmodstand, h\u00f8j temperatur (eller lav temperatur) og vakuumtest skal udf\u00f8res f\u00f8r formgivning og identifikation.<\/p>\n<p>Producenten af flaskeventiler skal have en fremstillingstilladelse.<\/p>\n<p><img alt=\"\" decoding=\"async\" class=\"alignnone size-full wp-image-5122\" src=\"http:\/\/darkslategray-hippopotamus-243231.hostingersite.com\/wp-content\/uploads\/2025\/04\/150bon2.jpg\" width=\"800\" height=\"800\" srcset=\"https:\/\/hsgascylinder-factory.com\/wp-content\/uploads\/2025\/04\/150bon2.jpg 800w, https:\/\/hsgascylinder-factory.com\/wp-content\/uploads\/2025\/04\/150bon2-300x300.jpg 300w, https:\/\/hsgascylinder-factory.com\/wp-content\/uploads\/2025\/04\/150bon2-150x150.jpg 150w, https:\/\/hsgascylinder-factory.com\/wp-content\/uploads\/2025\/04\/150bon2-768x768.jpg 768w, https:\/\/hsgascylinder-factory.com\/wp-content\/uploads\/2025\/04\/150bon2-12x12.jpg 12w, https:\/\/hsgascylinder-factory.com\/wp-content\/uploads\/2025\/04\/150bon2-500x500.jpg 500w, https:\/\/hsgascylinder-factory.com\/wp-content\/uploads\/2025\/04\/150bon2-600x600.jpg 600w, https:\/\/hsgascylinder-factory.com\/wp-content\/uploads\/2025\/04\/150bon2-100x100.jpg 100w\" sizes=\"(max-width: 800px) 100vw, 800px\" \/><\/p>\n<p>Cylinderventilen er opdelt i ventiltype, akseltype, n\u00e5letype, gummitilslutningstype og membrantype alt efter struktur. Deres virkeomr\u00e5de er trykomr\u00e5det for komprimeret gas og temperaturomr\u00e5det for flydende gas.<\/p>\n<p>150 bar f\u00e6lles ventilmodel: Qf-2 qF-2C qF-2C7 QF-2G1 qF-2G QF-2b qF-6a qF-7D2 qF-2D qF-7b qF-2Z QF-2P CGA540 CGA540A CGA580 CGA580A CGA870 CGA910 CGA940<\/p>\n<p><img alt=\"\" decoding=\"async\" class=\"alignnone wp-image-6730 size-full\" src=\"http:\/\/darkslategray-hippopotamus-243231.hostingersite.com\/wp-content\/uploads\/2025\/04\/31.jpg\" width=\"800\" height=\"800\" srcset=\"https:\/\/hsgascylinder-factory.com\/wp-content\/uploads\/2025\/04\/31.jpg 800w, https:\/\/hsgascylinder-factory.com\/wp-content\/uploads\/2025\/04\/31-300x300.jpg 300w, https:\/\/hsgascylinder-factory.com\/wp-content\/uploads\/2025\/04\/31-150x150.jpg 150w, https:\/\/hsgascylinder-factory.com\/wp-content\/uploads\/2025\/04\/31-768x768.jpg 768w, https:\/\/hsgascylinder-factory.com\/wp-content\/uploads\/2025\/04\/31-12x12.jpg 12w, https:\/\/hsgascylinder-factory.com\/wp-content\/uploads\/2025\/04\/31-500x500.jpg 500w, https:\/\/hsgascylinder-factory.com\/wp-content\/uploads\/2025\/04\/31-600x600.jpg 600w, https:\/\/hsgascylinder-factory.com\/wp-content\/uploads\/2025\/04\/31-100x100.jpg 100w\" sizes=\"(max-width: 800px) 100vw, 800px\" \/><\/p>\n<div class=\"nei-table\">\n<table border=\"0\" cellspacing=\"0\">\n<tbody>\n<tr class=\"firstRow\">\n<td colspan=\"5\" align=\"center\" valign=\"middle\" height=\"52\"><strong>Oxygen-, nitrogen- og luftventilserier<\/strong><\/td>\n<\/tr>\n<tr>\n<td align=\"center\" valign=\"middle\" width=\"196\">Ventiltype<\/td>\n<td align=\"center\" valign=\"middle\" width=\"233\">Tilslut gevind til gasflaske<\/td>\n<td align=\"center\" valign=\"middle\" width=\"479\">Gevind til luftudtag<\/td>\n<td align=\"center\" valign=\"middle\" width=\"5\">Anvendeligt medie<\/td>\n<td align=\"center\" valign=\"middle\" width=\"192\">Arbejdstryk<\/td>\n<\/tr>\n<tr>\n<td align=\"center\" valign=\"middle\" width=\"196\">QF-2<\/td>\n<td align=\"center\" valign=\"middle\" width=\"233\">PZ27.8\/PZ19.2<\/td>\n<td align=\"center\" valign=\"middle\" width=\"278\">G5\/8<\/td>\n<td rowspan=\"18\" align=\"center\" valign=\"middle\" width=\"5\">Ilt, kv\u00e6lstof, luft<\/td>\n<td rowspan=\"18\" align=\"center\" valign=\"middle\" width=\"192\">150 bar<\/td>\n<\/tr>\n<tr>\n<td align=\"center\" valign=\"middle\" width=\"196\">QF-2C<\/td>\n<td align=\"center\" valign=\"middle\" width=\"233\">PZ27.8<\/td>\n<td align=\"center\" valign=\"middle\" width=\"479\">G5\/8<\/td>\n<\/tr>\n<tr>\n<td align=\"center\" valign=\"middle\" width=\"196\">QF-2C7<\/td>\n<td align=\"center\" valign=\"middle\" width=\"233\">PZ27.8<\/td>\n<td align=\"center\" valign=\"middle\" width=\"479\">G5\/8<\/td>\n<\/tr>\n<tr>\n<td align=\"center\" valign=\"middle\" width=\"196\">CGA540<\/td>\n<td align=\"center\" valign=\"middle\" width=\"233\">PZ27.8<\/td>\n<td align=\"center\" valign=\"middle\" width=\"479\">0.903-14NGO<\/td>\n<\/tr>\n<tr>\n<td align=\"center\" valign=\"middle\" width=\"196\">CGA540A<\/td>\n<td align=\"center\" valign=\"middle\" width=\"233\">PZ27.8 eller 3\/4-14NGT<\/td>\n<td align=\"center\" valign=\"middle\" width=\"479\">0.903-14NGO<\/td>\n<\/tr>\n<tr>\n<td align=\"center\" valign=\"middle\" width=\"196\">CGA580<\/td>\n<td align=\"center\" valign=\"middle\" width=\"233\">PZ27.8<\/td>\n<td align=\"center\" valign=\"middle\" width=\"479\">0,965-14NGT<\/td>\n<\/tr>\n<tr>\n<td align=\"center\" valign=\"middle\" width=\"196\">CGA580A<\/td>\n<td align=\"center\" valign=\"middle\" width=\"233\">PZ27.8 eller 3\/4-14NGT<\/td>\n<td align=\"center\" valign=\"middle\" width=\"479\">0.903-14NGO<\/td>\n<\/tr>\n<tr>\n<td align=\"center\" valign=\"middle\" width=\"196\">QF-2G1<\/td>\n<td align=\"center\" valign=\"middle\" width=\"233\">PZ27.8<\/td>\n<td align=\"center\" valign=\"middle\" width=\"479\">G5\/8(Indvendigt gevind)<\/td>\n<\/tr>\n<tr>\n<td align=\"center\" valign=\"middle\" width=\"196\">QF-2G<\/td>\n<td align=\"center\" valign=\"middle\" width=\"233\">PZ27.8<\/td>\n<td align=\"center\" valign=\"middle\" width=\"479\">G5\/8(Indvendigt gevind)<\/td>\n<\/tr>\n<tr>\n<td align=\"center\" valign=\"middle\" width=\"196\">QF-2B<\/td>\n<td align=\"center\" valign=\"middle\" width=\"233\">PZ27.8<\/td>\n<td align=\"center\" valign=\"middle\" width=\"479\">G5\/8 (venstre udvendigt gevind)<\/td>\n<\/tr>\n<tr>\n<td align=\"center\" valign=\"middle\" width=\"196\">QF-7D2<\/td>\n<td align=\"center\" valign=\"middle\" width=\"233\">PZ27.8<\/td>\n<td align=\"center\" valign=\"middle\" width=\"479\">G5\/8(Indvendigt gevind)<\/td>\n<\/tr>\n<tr>\n<td align=\"center\" valign=\"middle\" width=\"196\">QF-6A<\/td>\n<td align=\"center\" valign=\"middle\" width=\"233\">PZ27.8<\/td>\n<td align=\"center\" valign=\"middle\" width=\"479\">G5\/8(Indvendigt gevind)<\/td>\n<\/tr>\n<tr>\n<td align=\"center\" valign=\"middle\" width=\"196\">CGA870<\/td>\n<td align=\"center\" valign=\"middle\" width=\"233\">PZ27.8 eller 3\/4-16UNF<\/td>\n<td align=\"center\" valign=\"middle\" width=\"479\">Klemme<\/td>\n<\/tr>\n<tr>\n<td align=\"center\" valign=\"middle\" width=\"196\">CGA940<\/td>\n<td align=\"center\" valign=\"middle\" width=\"233\">PZ27.8 eller 3\/4-16UNF<\/td>\n<td align=\"center\" valign=\"middle\" width=\"479\">Klemme<\/td>\n<\/tr>\n<tr>\n<td align=\"center\" valign=\"middle\" width=\"196\">QF-2D<\/td>\n<td align=\"center\" valign=\"middle\" width=\"233\">PZ27.8<\/td>\n<td align=\"center\" valign=\"middle\" width=\"479\">G5\/8(Indvendig gevindbel\u00e6gning)<\/td>\n<\/tr>\n<tr>\n<td align=\"center\" valign=\"middle\" width=\"196\">QF-7B<\/td>\n<td align=\"center\" valign=\"middle\" width=\"233\">PZ27.8<\/td>\n<td align=\"center\" valign=\"middle\" width=\"479\">G5\/8(Indvendigt gevind)<\/td>\n<\/tr>\n<tr>\n<td align=\"center\" valign=\"middle\" width=\"196\">QF-2Z<\/td>\n<td align=\"center\" valign=\"middle\" width=\"233\">PZ27.8<\/td>\n<td align=\"center\" valign=\"middle\" width=\"479\">G3\/4<\/td>\n<\/tr>\n<tr>\n<td align=\"center\" valign=\"middle\" width=\"196\">QF-2P<\/td>\n<td align=\"center\" valign=\"middle\" width=\"233\">PZ27.8<\/td>\n<td align=\"center\" valign=\"middle\" width=\"479\">W21.8-14<\/td>\n<\/tr>\n<\/tbody>\n<\/table>\n<p><img alt=\"\" loading=\"lazy\" decoding=\"async\" class=\"alignnone size-full wp-image-6719\" src=\"http:\/\/darkslategray-hippopotamus-243231.hostingersite.com\/wp-content\/uploads\/2025\/04\/\u4f18\u52bf.jpg\" width=\"2480\" height=\"1987\" srcset=\"https:\/\/hsgascylinder-factory.com\/wp-content\/uploads\/2025\/04\/\u4f18\u52bf.jpg 2480w, https:\/\/hsgascylinder-factory.com\/wp-content\/uploads\/2025\/04\/\u4f18\u52bf-300x240.jpg 300w, https:\/\/hsgascylinder-factory.com\/wp-content\/uploads\/2025\/04\/\u4f18\u52bf-1024x820.jpg 1024w, https:\/\/hsgascylinder-factory.com\/wp-content\/uploads\/2025\/04\/\u4f18\u52bf-768x615.jpg 768w, https:\/\/hsgascylinder-factory.com\/wp-content\/uploads\/2025\/04\/\u4f18\u52bf-1536x1231.jpg 1536w, https:\/\/hsgascylinder-factory.com\/wp-content\/uploads\/2025\/04\/\u4f18\u52bf-2048x1641.jpg 2048w, https:\/\/hsgascylinder-factory.com\/wp-content\/uploads\/2025\/04\/\u4f18\u52bf-15x12.jpg 15w, https:\/\/hsgascylinder-factory.com\/wp-content\/uploads\/2025\/04\/\u4f18\u52bf-600x481.jpg 600w\" sizes=\"(max-width: 2480px) 100vw, 2480px\" \/><\/p>\n<\/div>","protected":false},"excerpt":{"rendered":"<ul class=\"meta\">\n<li><label>Brand:<\/label>\u00a0HS<\/li>\n<li><label>Produktets oprindelse:<\/label>\u00a0Fremstillet i Kina<\/li>\n<li><label>Leveringstid:<\/label>\u00a015 til 30 dage<\/li>\n<li><label>Forsyningskapacitet:<\/label>\u00a0\u00c5rlig produktion p\u00e5 mere end 1 million<\/li>\n<\/ul>\n<p class=\"desc\">150 bar ilt-nitrogen-luftcylinderventil<br \/>\nInformation om produktet:<br \/>\n1. Flaskeventil refererer til den ventil, der er installeret p\u00e5 flasken for at kontrollere on-off og flow af gas. Ogs\u00e5 kendt som \"flaskeventil\".<br \/>\n2. Cylinderventiler til forskellige medier bruges generelt i forskellige strukturer. Deres f\u00e6lles egenskaber er for det meste manuel, enkel struktur, lille st\u00f8rrelse, h\u00f8j styrke,<br \/>\n3, Alias: Gasflaskeventil, Oxygenventiler, Luftventiler, Nitrogengasventiler, 150bar-ventiler<\/p>","protected":false},"featured_media":6727,"template":"","meta":{"_seopress_robots_primary_cat":"none","_seopress_titles_title":"","_seopress_titles_desc":"","_seopress_robots_index":"","_uag_custom_page_level_css":"","site-sidebar-layout":"default","site-content-layout":"","ast-site-content-layout":"default","site-content-style":"default","site-sidebar-style":"default","ast-global-header-display":"","ast-banner-title-visibility":"","ast-main-header-display":"","ast-hfb-above-header-display":"","ast-hfb-below-header-display":"","ast-hfb-mobile-header-display":"","site-post-title":"","ast-breadcrumbs-content":"","ast-featured-img":"","footer-sml-layout":"","ast-disable-related-posts":"","theme-transparent-header-meta":"default","adv-header-id-meta":"","stick-header-meta":"default","header-above-stick-meta":"","header-main-stick-meta":"","header-below-stick-meta":"","astra-migrate-meta-layouts":"set","ast-page-background-enabled":"default","ast-page-background-meta":{"desktop":{"background-color":"","background-image":"","background-repeat":"repeat","background-position":"center center","background-size":"auto","background-attachment":"scroll","background-type":"","background-media":"","overlay-type":"","overlay-color":"","overlay-opacity":"","overlay-gradient":""},"tablet":{"background-color":"","background-image":"","background-repeat":"repeat","background-position":"center center","background-size":"auto","background-attachment":"scroll","background-type":"","background-media":"","overlay-type":"","overlay-color":"","overlay-opacity":"","overlay-gradient":""},"mobile":{"background-color":"","background-image":"","background-repeat":"repeat","background-position":"center center","background-size":"auto","background-attachment":"scroll","background-type":"","background-media":"","overlay-type":"","overlay-color":"","overlay-opacity":"","overlay-gradient":""}},"ast-content-background-meta":{"desktop":{"background-color":"var(--ast-global-color-5)","background-image":"","background-repeat":"repeat","background-position":"center center","background-size":"auto","background-attachment":"scroll","background-type":"","background-media":"","overlay-type":"","overlay-color":"","overlay-opacity":"","overlay-gradient":""},"tablet":{"background-color":"var(--ast-global-color-5)","background-image":"","background-repeat":"repeat","background-position":"center center","background-size":"auto","background-attachment":"scroll","background-type":"","background-media":"","overlay-type":"","overlay-color":"","overlay-opacity":"","overlay-gradient":""},"mobile":{"background-color":"var(--ast-global-color-5)","background-image":"","background-repeat":"repeat","background-position":"center center","background-size":"auto","background-attachment":"scroll","background-type":"","background-media":"","overlay-type":"","overlay-color":"","overlay-opacity":"","overlay-gradient":""}}},"product_brand":[],"product_cat":[34],"product_tag":[],"class_list":{"0":"post-5108","1":"product","2":"type-product","3":"status-publish","4":"has-post-thumbnail","6":"product_cat-flowmeter","7":"desktop-align-center","8":"tablet-align-left","9":"mobile-align-left","10":"ast-product-gallery-layout-horizontal-slider","11":"ast-product-tabs-layout-horizontal","13":"first","14":"instock","15":"shipping-taxable","16":"product-type-simple"},"uagb_featured_image_src":{"full":["https:\/\/hsgascylinder-factory.com\/wp-content\/uploads\/2025\/04\/\u94dd7.jpg",800,800,false],"thumbnail":["https:\/\/hsgascylinder-factory.com\/wp-content\/uploads\/2025\/04\/\u94dd7-150x150.jpg",150,150,true],"medium":["https:\/\/hsgascylinder-factory.com\/wp-content\/uploads\/2025\/04\/\u94dd7-300x300.jpg",300,300,true],"medium_large":["https:\/\/hsgascylinder-factory.com\/wp-content\/uploads\/2025\/04\/\u94dd7-768x768.jpg",768,768,true],"large":["https:\/\/hsgascylinder-factory.com\/wp-content\/uploads\/2025\/04\/\u94dd7.jpg",800,800,false],"1536x1536":["https:\/\/hsgascylinder-factory.com\/wp-content\/uploads\/2025\/04\/\u94dd7.jpg",800,800,false],"2048x2048":["https:\/\/hsgascylinder-factory.com\/wp-content\/uploads\/2025\/04\/\u94dd7.jpg",800,800,false],"trp-custom-language-flag":["https:\/\/hsgascylinder-factory.com\/wp-content\/uploads\/2025\/04\/\u94dd7-12x12.jpg",12,12,true],"woocommerce_thumbnail":["https:\/\/hsgascylinder-factory.com\/wp-content\/uploads\/2025\/04\/\u94dd7-500x500.jpg",500,500,true],"woocommerce_single":["https:\/\/hsgascylinder-factory.com\/wp-content\/uploads\/2025\/04\/\u94dd7-600x600.jpg",600,600,true],"woocommerce_gallery_thumbnail":["https:\/\/hsgascylinder-factory.com\/wp-content\/uploads\/2025\/04\/\u94dd7-100x100.jpg",100,100,true]},"uagb_author_info":{"display_name":"jinxing6611@gmail.com","author_link":"https:\/\/hsgascylinder-factory.com\/da\/author\/"},"uagb_comment_info":0,"uagb_excerpt":"Brand:\u00a0HS Product origin:\u00a0Made in China Delivery time:\u00a015 to 30 days Supply capacity:\u00a0Annual output of more than 1 million 150bar oxygen nitrogen air cylinder valve Product Information: 1. Cylinder valve refers to the valve installed on the cylinder to control the on-off and flow of gas. Also known as \"bottle valve\". 2. Cylinder valves of different&hellip;","_links":{"self":[{"href":"https:\/\/hsgascylinder-factory.com\/da\/wp-json\/wp\/v2\/product\/5108","targetHints":{"allow":["GET"]}}],"collection":[{"href":"https:\/\/hsgascylinder-factory.com\/da\/wp-json\/wp\/v2\/product"}],"about":[{"href":"https:\/\/hsgascylinder-factory.com\/da\/wp-json\/wp\/v2\/types\/product"}],"wp:featuredmedia":[{"embeddable":true,"href":"https:\/\/hsgascylinder-factory.com\/da\/wp-json\/wp\/v2\/media\/6727"}],"wp:attachment":[{"href":"https:\/\/hsgascylinder-factory.com\/da\/wp-json\/wp\/v2\/media?parent=5108"}],"wp:term":[{"taxonomy":"product_brand","embeddable":true,"href":"https:\/\/hsgascylinder-factory.com\/da\/wp-json\/wp\/v2\/product_brand?post=5108"},{"taxonomy":"product_cat","embeddable":true,"href":"https:\/\/hsgascylinder-factory.com\/da\/wp-json\/wp\/v2\/product_cat?post=5108"},{"taxonomy":"product_tag","embeddable":true,"href":"https:\/\/hsgascylinder-factory.com\/da\/wp-json\/wp\/v2\/product_tag?post=5108"}],"curies":[{"name":"wp","href":"https:\/\/api.w.org\/{rel}","templated":true}]}}