{"id":5008,"date":"2025-04-21T06:17:51","date_gmt":"2025-04-21T06:17:51","guid":{"rendered":"https:\/\/darkslategray-hippopotamus-243231.hostingersite.com\/?post_type=product&#038;p=5008"},"modified":"2025-06-05T08:12:17","modified_gmt":"2025-06-05T08:12:17","slug":"lb-portable-aluminum-oxygen-gas-tank-aluminium-co2-cylinder","status":"publish","type":"product","link":"https:\/\/hsgascylinder-factory.com\/da\/vare\/lb-portable-aluminum-oxygen-gas-tank-aluminium-co2-cylinder\/","title":{"rendered":"Lb b\u00e6rbar aluminiumsoxygengastank aluminiumsco2-cylinder"},"content":{"rendered":"<p><iframe title=\"YouTube-videoafspiller\" src=\"https:\/\/www.youtube.com\/embed\/DrgoILtfkdI?si=SwgXjrrY_CUk4FJI\" width=\"560\" height=\"315\" frameborder=\"0\" allowfullscreen=\"allowfullscreen\"><\/iframe><\/p>\n<p>S\u00f8ml\u00f8se gasflasker i aluminiumslegering indeholder generelt komprimeret gas, flydende gas under h\u00f8jt tryk. Udbredt i industrien, medicinsk behandling, livredning, tilberedning af drikkevarer og opbevaring af gas med h\u00f8j renhed.<\/p>\n<p>Det har unikke fordele: lettere v\u00e6gt end cylinderen, h\u00f8j korrosionsbestandighed p\u00e5 grund af oxidfilmen, ikke-magnetisk.<\/p>\n<p><img alt=\"\" fetchpriority=\"high\" decoding=\"async\" class=\"alignnone size-full wp-image-5021\" src=\"http:\/\/darkslategray-hippopotamus-243231.hostingersite.com\/wp-content\/uploads\/2025\/04\/lbpaogn1.jpg\" width=\"800\" height=\"800\" srcset=\"https:\/\/hsgascylinder-factory.com\/wp-content\/uploads\/2025\/04\/lbpaogn1.jpg 800w, https:\/\/hsgascylinder-factory.com\/wp-content\/uploads\/2025\/04\/lbpaogn1-300x300.jpg 300w, https:\/\/hsgascylinder-factory.com\/wp-content\/uploads\/2025\/04\/lbpaogn1-150x150.jpg 150w, https:\/\/hsgascylinder-factory.com\/wp-content\/uploads\/2025\/04\/lbpaogn1-768x768.jpg 768w, https:\/\/hsgascylinder-factory.com\/wp-content\/uploads\/2025\/04\/lbpaogn1-12x12.jpg 12w, https:\/\/hsgascylinder-factory.com\/wp-content\/uploads\/2025\/04\/lbpaogn1-500x500.jpg 500w, https:\/\/hsgascylinder-factory.com\/wp-content\/uploads\/2025\/04\/lbpaogn1-600x600.jpg 600w, https:\/\/hsgascylinder-factory.com\/wp-content\/uploads\/2025\/04\/lbpaogn1-100x100.jpg 100w\" sizes=\"(max-width: 800px) 100vw, 800px\" \/><\/p>\n<p>Modelmodel<\/p>\n<p>Arbejdstryk (15mpa\/139bar150bar\/200br)<\/p>\n<div class=\"nei-table\">\n<table width=\"800\" data-sort=\"sortDisabled\">\n<tbody>\n<tr class=\"firstRow\">\n<td align=\"center\" valign=\"middle\" width=\"92\">TYPE<\/td>\n<td align=\"center\" valign=\"middle\" width=\"90\">Volumen<\/td>\n<td align=\"center\" valign=\"middle\" width=\"102\">diameter<\/td>\n<td align=\"center\" valign=\"middle\" width=\"162\">GB arbejdstryk<\/td>\n<td align=\"center\" valign=\"middle\" width=\"165\">ISO-arbejdstryk<\/td>\n<td align=\"center\" valign=\"middle\" width=\"86\">v\u00e6gt<\/td>\n<td align=\"center\" valign=\"middle\" width=\"102\">l\u00e6ngde<\/td>\n<\/tr>\n<tr>\n<td align=\"center\" valign=\"middle\" width=\"92\">89-1L<\/td>\n<td align=\"center\" valign=\"middle\" width=\"90\">1L<\/td>\n<td align=\"center\" valign=\"middle\" width=\"102\">89 mm<\/td>\n<td colspan=\"1\" rowspan=\"8\" align=\"center\" valign=\"middle\" width=\"162\">15MPA<\/td>\n<td colspan=\"1\" rowspan=\"8\" align=\"center\" valign=\"middle\" width=\"165\">150BAR<\/td>\n<td align=\"center\" valign=\"middle\" width=\"86\">1,3 kg<\/td>\n<td align=\"center\" valign=\"middle\" width=\"102\">270MM<\/td>\n<\/tr>\n<tr>\n<td colspan=\"1\" rowspan=\"1\" align=\"center\" valign=\"middle\" width=\"92\">108-2L<\/td>\n<td colspan=\"1\" rowspan=\"1\" align=\"center\" valign=\"middle\" width=\"90\">2L<\/td>\n<td colspan=\"1\" rowspan=\"1\" align=\"center\" valign=\"middle\" width=\"102\">108 mm<\/td>\n<td colspan=\"1\" rowspan=\"1\" align=\"center\" valign=\"middle\" width=\"86\">2,2 kg<\/td>\n<td colspan=\"1\" rowspan=\"1\" align=\"center\" valign=\"middle\" width=\"102\">358 mm<\/td>\n<\/tr>\n<tr>\n<td colspan=\"1\" rowspan=\"1\" align=\"center\" valign=\"middle\" width=\"92\">140-4L<\/td>\n<td colspan=\"1\" rowspan=\"1\" align=\"center\" valign=\"middle\" width=\"90\">4L<\/td>\n<td colspan=\"1\" rowspan=\"1\" align=\"center\" valign=\"middle\" width=\"102\">140 mm<\/td>\n<td colspan=\"1\" rowspan=\"1\" align=\"center\" valign=\"middle\" width=\"86\">4,28 kg<\/td>\n<td colspan=\"1\" rowspan=\"1\" align=\"center\" valign=\"middle\" width=\"102\">405 mm<\/td>\n<\/tr>\n<tr>\n<td colspan=\"1\" rowspan=\"1\" align=\"center\" valign=\"middle\" width=\"92\">140-8L<\/td>\n<td colspan=\"1\" rowspan=\"1\" align=\"center\" valign=\"middle\" width=\"90\">8L<\/td>\n<td colspan=\"1\" rowspan=\"1\" align=\"center\" valign=\"middle\" width=\"102\">140 mm<\/td>\n<td colspan=\"1\" rowspan=\"1\" align=\"center\" valign=\"middle\" width=\"86\">7,2 kg<\/td>\n<td colspan=\"1\" rowspan=\"1\" align=\"center\" valign=\"middle\" width=\"102\">729 mm<\/td>\n<\/tr>\n<tr>\n<td colspan=\"1\" rowspan=\"1\" align=\"center\" valign=\"middle\" width=\"92\">159-10L<\/td>\n<td colspan=\"1\" rowspan=\"1\" align=\"center\" valign=\"middle\" width=\"90\">10L<\/td>\n<td colspan=\"1\" rowspan=\"1\" align=\"center\" valign=\"middle\" width=\"102\">159 mm<\/td>\n<td colspan=\"1\" rowspan=\"1\" align=\"center\" valign=\"middle\" width=\"86\">9,7 kg<\/td>\n<td colspan=\"1\" rowspan=\"1\" align=\"center\" valign=\"middle\" width=\"102\">729 mm<\/td>\n<\/tr>\n<tr>\n<td colspan=\"1\" rowspan=\"1\" align=\"center\" valign=\"middle\" width=\"92\">203-20L<\/td>\n<td colspan=\"1\" rowspan=\"1\" align=\"center\" valign=\"middle\" width=\"90\">20L<\/td>\n<td colspan=\"1\" rowspan=\"1\" align=\"center\" valign=\"middle\" width=\"102\">203 mm<\/td>\n<td colspan=\"1\" rowspan=\"1\" align=\"center\" valign=\"middle\" width=\"86\">18,5 kg<\/td>\n<td colspan=\"1\" rowspan=\"1\" align=\"center\" valign=\"middle\" width=\"102\">885 mm<\/td>\n<\/tr>\n<tr>\n<td colspan=\"1\" rowspan=\"1\" align=\"center\" valign=\"middle\" width=\"92\">232-40L<\/td>\n<td colspan=\"1\" rowspan=\"1\" align=\"center\" valign=\"middle\" width=\"90\">40L<\/td>\n<td colspan=\"1\" rowspan=\"1\" align=\"center\" valign=\"middle\" width=\"102\">232 mm<\/td>\n<td colspan=\"1\" rowspan=\"1\" align=\"center\" valign=\"middle\" width=\"86\">34 kg<\/td>\n<td colspan=\"1\" rowspan=\"1\" align=\"center\" valign=\"middle\" width=\"102\">1295 mm<\/td>\n<\/tr>\n<tr>\n<td colspan=\"1\" rowspan=\"1\" align=\"center\" valign=\"middle\" width=\"92\">250-50L<\/td>\n<td colspan=\"1\" rowspan=\"1\" align=\"center\" valign=\"middle\" width=\"90\">50L<\/td>\n<td colspan=\"1\" rowspan=\"1\" align=\"center\" valign=\"middle\" width=\"102\">250 mm<\/td>\n<td colspan=\"1\" rowspan=\"1\" align=\"center\" valign=\"middle\" width=\"86\">41,5 kg<\/td>\n<td colspan=\"1\" rowspan=\"1\" align=\"center\" valign=\"middle\" width=\"102\">1399 mm<\/td>\n<\/tr>\n<\/tbody>\n<\/table>\n<p><img alt=\"\" decoding=\"async\" class=\"alignnone wp-image-6644 size-full\" src=\"http:\/\/darkslategray-hippopotamus-243231.hostingersite.com\/wp-content\/uploads\/2025\/04\/0003.jpg\" width=\"900\" height=\"600\" srcset=\"https:\/\/hsgascylinder-factory.com\/wp-content\/uploads\/2025\/04\/0003.jpg 900w, https:\/\/hsgascylinder-factory.com\/wp-content\/uploads\/2025\/04\/0003-300x200.jpg 300w, https:\/\/hsgascylinder-factory.com\/wp-content\/uploads\/2025\/04\/0003-768x512.jpg 768w, https:\/\/hsgascylinder-factory.com\/wp-content\/uploads\/2025\/04\/0003-18x12.jpg 18w, https:\/\/hsgascylinder-factory.com\/wp-content\/uploads\/2025\/04\/0003-600x400.jpg 600w\" sizes=\"(max-width: 900px) 100vw, 900px\" \/><\/p>\n<\/div>\n<p><strong>S\u00f8ml\u00f8s cylinder i aluminiumslegering<\/strong><\/p>\n<p>1, brug af god procesydelse og korrosionsbestandighed af aluminiumslegering (Al, Si, Mn-materiale, den f\u00f8rste runde flade plade i kopform, efter ekstruderingsst\u00f8bning til den kr\u00e6vede st\u00f8rrelse og endelig isotermisk formningstop, lavet ved h\u00f8j temperatur fast smeltebehandling, vandslukning og kunstig \u00e6ldning.<\/p>\n<p>2. Aluminiumsflasker kan ogs\u00e5 blive korroderet, men aluminiumoxidet kl\u00e6ber til den korroderede overflade og danner en beskyttende film, der forhindrer yderligere korrosion.<\/p>\n<p>3. St\u00f8rre opdrift i vand end flasker, lettere og nemmere at betjene i vand (bruges ofte som dekompressionsflasker til teknisk dykning).<\/p>\n<p><img alt=\"\" decoding=\"async\" class=\"alignnone size-full wp-image-5023\" src=\"http:\/\/darkslategray-hippopotamus-243231.hostingersite.com\/wp-content\/uploads\/2025\/04\/lbpaogn3.png\" width=\"512\" height=\"353\" srcset=\"https:\/\/hsgascylinder-factory.com\/wp-content\/uploads\/2025\/04\/lbpaogn3.png 512w, https:\/\/hsgascylinder-factory.com\/wp-content\/uploads\/2025\/04\/lbpaogn3-300x207.png 300w, https:\/\/hsgascylinder-factory.com\/wp-content\/uploads\/2025\/04\/lbpaogn3-18x12.png 18w\" sizes=\"(max-width: 512px) 100vw, 512px\" \/><\/p>\n<p>4. Fordi aluminium er bl\u00f8dt, kan st\u00f8d under h\u00e5ndtering for\u00e5rsage skader. Det g\u00f8r ogs\u00e5 aluminiumsflasker med samme volumen tykkere og tungere end gasflasker.<\/p>\n<p>Gasflasker af aluminiumslegering bruges ofte<\/p>\n<p>Indeholder komprimeret gas, flydende gas under h\u00f8jt tryk, der i vid udstr\u00e6kning anvendes i industrien, medicinsk behandling, livredning, tilberedning af drikkevarer og opbevaring af gas med h\u00f8j renhed osv.<\/p>\n<p>Den har unikke fordele: lettere v\u00e6gt end s\u00f8ml\u00f8se cylindre p\u00e5 grund af oxidfilmen, s\u00e5 den har h\u00f8j korrosionsbestandighed, ikke-magnetisk.<\/p>\n<p><img alt=\"\" loading=\"lazy\" decoding=\"async\" class=\"alignnone size-full wp-image-6645\" src=\"http:\/\/darkslategray-hippopotamus-243231.hostingersite.com\/wp-content\/uploads\/2025\/04\/9-05-3.jpg\" width=\"900\" height=\"600\" srcset=\"https:\/\/hsgascylinder-factory.com\/wp-content\/uploads\/2025\/04\/9-05-3.jpg 900w, https:\/\/hsgascylinder-factory.com\/wp-content\/uploads\/2025\/04\/9-05-3-300x200.jpg 300w, https:\/\/hsgascylinder-factory.com\/wp-content\/uploads\/2025\/04\/9-05-3-768x512.jpg 768w, https:\/\/hsgascylinder-factory.com\/wp-content\/uploads\/2025\/04\/9-05-3-18x12.jpg 18w, https:\/\/hsgascylinder-factory.com\/wp-content\/uploads\/2025\/04\/9-05-3-600x400.jpg 600w\" sizes=\"(max-width: 900px) 100vw, 900px\" \/><\/p>","protected":false},"excerpt":{"rendered":"<ul class=\"meta\">\n<li><label>Brand:<\/label>\u00a0HS<\/li>\n<li><label>Produktets oprindelse:<\/label>\u00a0Fremstillet i Kina<\/li>\n<li><label>Leveringstid:<\/label>\u00a015 til 30 dage<\/li>\n<li><label>Forsyningskapacitet:<\/label>\u00a0\u00c5rlig produktion p\u00e5 mere end 800.000 stykker<\/li>\n<\/ul>\n<p class=\"desc\">B\u00e6rbar ilttank i aluminium CO2-cylinder i aluminium<br \/>\nS\u00f8ml\u00f8s gascylinder i aluminiumslegering er lavet af aluminiumslegering (A1, Si, Mn-materiale) med god procesydelse og korrosionsbestandighed. F\u00f8rst vaskes den runde flade plade i kopform og st\u00f8bes til den kr\u00e6vede st\u00f8rrelse ved ekstrudering. Endelig er den isotermiske formningstop lavet ved h\u00f8j temperatur fast smeltebehandling, vandafk\u00f8ling og kunstig \u00e6ldning.<br \/>\nInformation om produktet:<br \/>\n1, sm\u00e5 aluminium kuldioxid cylinder parametre: 89mm-159mm ydre diameter; 1,2 liter til 10 liter sm\u00e5 aluminium kuldioxid cylindre; Arbejdstrykket for lille aluminium kuldioxid cylinder er 150bar; Hydrostatisk testtryk er 250bar; Iso9809-3 produktionsstandard; Aluminiumslegering, fremstillet i Kina<br \/>\n2, alias: CO2-tank i aluminium, CO2-cylinder i aluminium, b\u00e6rbar gastank i aluminium, 10 lb CO2-tank i aluminium, iltflaske<\/p>","protected":false},"featured_media":6643,"template":"","meta":{"_seopress_robots_primary_cat":"none","_seopress_titles_title":"","_seopress_titles_desc":"","_seopress_robots_index":"","_uag_custom_page_level_css":"","site-sidebar-layout":"default","site-content-layout":"","ast-site-content-layout":"default","site-content-style":"default","site-sidebar-style":"default","ast-global-header-display":"","ast-banner-title-visibility":"","ast-main-header-display":"","ast-hfb-above-header-display":"","ast-hfb-below-header-display":"","ast-hfb-mobile-header-display":"","site-post-title":"","ast-breadcrumbs-content":"","ast-featured-img":"","footer-sml-layout":"","ast-disable-related-posts":"","theme-transparent-header-meta":"default","adv-header-id-meta":"","stick-header-meta":"default","header-above-stick-meta":"","header-main-stick-meta":"","header-below-stick-meta":"","astra-migrate-meta-layouts":"set","ast-page-background-enabled":"default","ast-page-background-meta":{"desktop":{"background-color":"","background-image":"","background-repeat":"repeat","background-position":"center center","background-size":"auto","background-attachment":"scroll","background-type":"","background-media":"","overlay-type":"","overlay-color":"","overlay-opacity":"","overlay-gradient":""},"tablet":{"background-color":"","background-image":"","background-repeat":"repeat","background-position":"center center","background-size":"auto","background-attachment":"scroll","background-type":"","background-media":"","overlay-type":"","overlay-color":"","overlay-opacity":"","overlay-gradient":""},"mobile":{"background-color":"","background-image":"","background-repeat":"repeat","background-position":"center center","background-size":"auto","background-attachment":"scroll","background-type":"","background-media":"","overlay-type":"","overlay-color":"","overlay-opacity":"","overlay-gradient":""}},"ast-content-background-meta":{"desktop":{"background-color":"var(--ast-global-color-5)","background-image":"","background-repeat":"repeat","background-position":"center center","background-size":"auto","background-attachment":"scroll","background-type":"","background-media":"","overlay-type":"","overlay-color":"","overlay-opacity":"","overlay-gradient":""},"tablet":{"background-color":"var(--ast-global-color-5)","background-image":"","background-repeat":"repeat","background-position":"center center","background-size":"auto","background-attachment":"scroll","background-type":"","background-media":"","overlay-type":"","overlay-color":"","overlay-opacity":"","overlay-gradient":""},"mobile":{"background-color":"var(--ast-global-color-5)","background-image":"","background-repeat":"repeat","background-position":"center center","background-size":"auto","background-attachment":"scroll","background-type":"","background-media":"","overlay-type":"","overlay-color":"","overlay-opacity":"","overlay-gradient":""}}},"product_brand":[],"product_cat":[32],"product_tag":[],"class_list":{"0":"post-5008","1":"product","2":"type-product","3":"status-publish","4":"has-post-thumbnail","6":"product_cat-aluminum","7":"desktop-align-center","8":"tablet-align-left","9":"mobile-align-left","10":"ast-product-gallery-layout-horizontal-slider","11":"ast-product-tabs-layout-horizontal","13":"first","14":"instock","15":"shipping-taxable","16":"product-type-simple"},"uagb_featured_image_src":{"full":["https:\/\/hsgascylinder-factory.com\/wp-content\/uploads\/2025\/04\/\u65b902.jpg",800,800,false],"thumbnail":["https:\/\/hsgascylinder-factory.com\/wp-content\/uploads\/2025\/04\/\u65b902-150x150.jpg",150,150,true],"medium":["https:\/\/hsgascylinder-factory.com\/wp-content\/uploads\/2025\/04\/\u65b902-300x300.jpg",300,300,true],"medium_large":["https:\/\/hsgascylinder-factory.com\/wp-content\/uploads\/2025\/04\/\u65b902-768x768.jpg",768,768,true],"large":["https:\/\/hsgascylinder-factory.com\/wp-content\/uploads\/2025\/04\/\u65b902.jpg",800,800,false],"1536x1536":["https:\/\/hsgascylinder-factory.com\/wp-content\/uploads\/2025\/04\/\u65b902.jpg",800,800,false],"2048x2048":["https:\/\/hsgascylinder-factory.com\/wp-content\/uploads\/2025\/04\/\u65b902.jpg",800,800,false],"trp-custom-language-flag":["https:\/\/hsgascylinder-factory.com\/wp-content\/uploads\/2025\/04\/\u65b902-12x12.jpg",12,12,true],"woocommerce_thumbnail":["https:\/\/hsgascylinder-factory.com\/wp-content\/uploads\/2025\/04\/\u65b902-500x500.jpg",500,500,true],"woocommerce_single":["https:\/\/hsgascylinder-factory.com\/wp-content\/uploads\/2025\/04\/\u65b902-600x600.jpg",600,600,true],"woocommerce_gallery_thumbnail":["https:\/\/hsgascylinder-factory.com\/wp-content\/uploads\/2025\/04\/\u65b902-100x100.jpg",100,100,true]},"uagb_author_info":{"display_name":"jinxing6611@gmail.com","author_link":"https:\/\/hsgascylinder-factory.com\/da\/author\/"},"uagb_comment_info":0,"uagb_excerpt":"Brand:\u00a0HS Product origin:\u00a0Made in China Delivery time:\u00a015 to 30 days Supply capacity:\u00a0Annual output of more than 800,000 pieces Portable aluminum oxygen tank aluminum CO2 cylinder Aluminum alloy seamless gas cylinder is made of aluminum alloy (A1,Si,Mn material) with good process performance and corrosion resistance. First, the round flat slab is washed into cup shape and&hellip;","_links":{"self":[{"href":"https:\/\/hsgascylinder-factory.com\/da\/wp-json\/wp\/v2\/product\/5008","targetHints":{"allow":["GET"]}}],"collection":[{"href":"https:\/\/hsgascylinder-factory.com\/da\/wp-json\/wp\/v2\/product"}],"about":[{"href":"https:\/\/hsgascylinder-factory.com\/da\/wp-json\/wp\/v2\/types\/product"}],"wp:featuredmedia":[{"embeddable":true,"href":"https:\/\/hsgascylinder-factory.com\/da\/wp-json\/wp\/v2\/media\/6643"}],"wp:attachment":[{"href":"https:\/\/hsgascylinder-factory.com\/da\/wp-json\/wp\/v2\/media?parent=5008"}],"wp:term":[{"taxonomy":"product_brand","embeddable":true,"href":"https:\/\/hsgascylinder-factory.com\/da\/wp-json\/wp\/v2\/product_brand?post=5008"},{"taxonomy":"product_cat","embeddable":true,"href":"https:\/\/hsgascylinder-factory.com\/da\/wp-json\/wp\/v2\/product_cat?post=5008"},{"taxonomy":"product_tag","embeddable":true,"href":"https:\/\/hsgascylinder-factory.com\/da\/wp-json\/wp\/v2\/product_tag?post=5008"}],"curies":[{"name":"wp","href":"https:\/\/api.w.org\/{rel}","templated":true}]}}