{"id":4550,"date":"2025-04-08T01:06:07","date_gmt":"2025-04-08T01:06:07","guid":{"rendered":"https:\/\/darkslategray-hippopotamus-243231.hostingersite.com\/?post_type=product&#038;p=4550"},"modified":"2025-04-08T01:06:07","modified_gmt":"2025-04-08T01:06:07","slug":"40-litre-iso9809-6m3-150bar-37mn-oxygen-tanks-gas-cylinders","status":"publish","type":"product","link":"https:\/\/hsgascylinder-factory.com\/da\/vare\/40-litre-iso9809-6m3-150bar-37mn-oxygen-tanks-gas-cylinders\/","title":{"rendered":"40 liter ISO9809 6M3 150bar 37MN Oxygen-tanke Gasflasker"},"content":{"rendered":"<p><iframe title=\"YouTube-videoafspiller\" src=\"https:\/\/www.youtube.com\/embed\/zkDrS3o0gJc?si=D4_aiyuW3whZ_XYE\" width=\"560\" height=\"315\" frameborder=\"0\" allowfullscreen=\"allowfullscreen\"><\/iframe><\/p>\n<p><strong>40 liter ISO9809 6M3 150bar 37MN Oxygen-tanke Gasflasker<\/strong><\/p>\n<p><img alt=\"\" fetchpriority=\"high\" decoding=\"async\" class=\"alignnone size-full wp-image-4563\" src=\"http:\/\/darkslategray-hippopotamus-243231.hostingersite.com\/wp-content\/uploads\/2025\/04\/40Ln1.jpg\" width=\"900\" height=\"600\" srcset=\"https:\/\/hsgascylinder-factory.com\/wp-content\/uploads\/2025\/04\/40Ln1.jpg 900w, https:\/\/hsgascylinder-factory.com\/wp-content\/uploads\/2025\/04\/40Ln1-300x200.jpg 300w, https:\/\/hsgascylinder-factory.com\/wp-content\/uploads\/2025\/04\/40Ln1-768x512.jpg 768w, https:\/\/hsgascylinder-factory.com\/wp-content\/uploads\/2025\/04\/40Ln1-18x12.jpg 18w, https:\/\/hsgascylinder-factory.com\/wp-content\/uploads\/2025\/04\/40Ln1-600x400.jpg 600w\" sizes=\"(max-width: 900px) 100vw, 900px\" \/><\/p>\n<p><strong>Information om produktet:<\/strong><\/p>\n<p>1, 40 liter iltflasker; 37 mn manganst\u00e5l; Oxygencylinderproduktionsstandard GB \/ T5099.3 eller ISO9809-3; TUV; Den ydre diameter af ilttanken er 219 mm; Ilttankens arbejdstryk er 150 bar; Det hydrostatiske testtryk af ilttanken er 250 bar;<\/p>\n<p>2 \u3001 Oxygen cylinder kropsh\u00f8jde 1300mm; Oxygen cylinder kropsv\u00e6gt 46.4KG; Den maksimale lagerkapacitet for iltcylinder er 6m3 (6000 liter); Den mindste designv\u00e6gtykkelse af iltcylinder er 5,7 mm; Oxygen cylinder mund tr\u00e5d PZ27.8; 25E; 3\/4-14 NGT osv;<\/p>\n<p>3 \u3001 Aliaser: 40 liter gasflasker; 6 m3 ilttanke. 40 liter iltflasker; 40 liter iltbeholdere; 150 bar 37MN gasflasker<\/p>\n<p><img alt=\"\" decoding=\"async\" class=\"alignnone size-full wp-image-4564\" src=\"http:\/\/darkslategray-hippopotamus-243231.hostingersite.com\/wp-content\/uploads\/2025\/04\/40Ln2.jpg\" width=\"900\" height=\"600\" srcset=\"https:\/\/hsgascylinder-factory.com\/wp-content\/uploads\/2025\/04\/40Ln2.jpg 900w, https:\/\/hsgascylinder-factory.com\/wp-content\/uploads\/2025\/04\/40Ln2-300x200.jpg 300w, https:\/\/hsgascylinder-factory.com\/wp-content\/uploads\/2025\/04\/40Ln2-768x512.jpg 768w, https:\/\/hsgascylinder-factory.com\/wp-content\/uploads\/2025\/04\/40Ln2-18x12.jpg 18w, https:\/\/hsgascylinder-factory.com\/wp-content\/uploads\/2025\/04\/40Ln2-600x400.jpg 600w\" sizes=\"(max-width: 900px) 100vw, 900px\" \/><\/p>\n<p>4 \u3001 Varmebehandling<\/p>\n<p>Den varmebehandlingsproces, der anvendes p\u00e5 den f\u00e6rdige cylinder, skal v\u00e6re enten normaliserende eller normaliserende og<\/p>\n<p>anl\u00f8bning. Flaskeproducenten skal certificere den anvendte varmebehandlingsproces.<\/p>\n<p>Varmebehandlingsprocessen skal opn\u00e5 de kr\u00e6vede mekaniske egenskaber.<\/p>\n<p>Den faktiske temperatur, som en st\u00e5ltype uds\u00e6ttes for ved en given tr\u00e6kstyrke, m\u00e5 ikke afvige med<\/p>\n<p>mere end 30 \u00b0C fra den temperatur, der er angivet af flaskeproducenten.<\/p>\n<p>Shandong Hongsheng Pressure Vessel Co, Ltd. er villig til at v\u00e6re din langsigtede partner og chef for cylindersikkerhed og i f\u00e6llesskab eskortere din cylindersikkerhed.<\/p>\n<p><img alt=\"\" decoding=\"async\" class=\"alignnone size-full wp-image-4565\" src=\"http:\/\/darkslategray-hippopotamus-243231.hostingersite.com\/wp-content\/uploads\/2025\/04\/40Ln3.jpg\" width=\"900\" height=\"600\" srcset=\"https:\/\/hsgascylinder-factory.com\/wp-content\/uploads\/2025\/04\/40Ln3.jpg 900w, https:\/\/hsgascylinder-factory.com\/wp-content\/uploads\/2025\/04\/40Ln3-300x200.jpg 300w, https:\/\/hsgascylinder-factory.com\/wp-content\/uploads\/2025\/04\/40Ln3-768x512.jpg 768w, https:\/\/hsgascylinder-factory.com\/wp-content\/uploads\/2025\/04\/40Ln3-18x12.jpg 18w, https:\/\/hsgascylinder-factory.com\/wp-content\/uploads\/2025\/04\/40Ln3-600x400.jpg 600w\" sizes=\"(max-width: 900px) 100vw, 900px\" \/><\/p>\n<p>1 \u3001 Mindste ordrem\u00e6ngde: Kun 100 stk.<\/p>\n<p>2 \u3001 Brug af cylindre: Vores s\u00f8ml\u00f8se st\u00e5lcylindre bruges i vid udstr\u00e6kning i industrien, medicinsk udstyr, brandbek\u00e6mpelse og videnskabelig forskning<\/p>\n<p>3 \u3001 Vi er Kinas gasflaskeproduktionsfabrik, produktsalg: Kina, Syd\u00f8stasien, Mellem\u00f8sten, Asien, Afrika, Europa, Oceanien, Amerika<\/p>\n<p><img alt=\"\" loading=\"lazy\" decoding=\"async\" class=\"alignnone size-full wp-image-4566\" src=\"http:\/\/darkslategray-hippopotamus-243231.hostingersite.com\/wp-content\/uploads\/2025\/04\/40Ln4.jpg\" width=\"900\" height=\"600\" srcset=\"https:\/\/hsgascylinder-factory.com\/wp-content\/uploads\/2025\/04\/40Ln4.jpg 900w, https:\/\/hsgascylinder-factory.com\/wp-content\/uploads\/2025\/04\/40Ln4-300x200.jpg 300w, https:\/\/hsgascylinder-factory.com\/wp-content\/uploads\/2025\/04\/40Ln4-768x512.jpg 768w, https:\/\/hsgascylinder-factory.com\/wp-content\/uploads\/2025\/04\/40Ln4-18x12.jpg 18w, https:\/\/hsgascylinder-factory.com\/wp-content\/uploads\/2025\/04\/40Ln4-600x400.jpg 600w\" sizes=\"(max-width: 900px) 100vw, 900px\" \/><\/p>\n<p>4 \u3001 Cylinder ultralyds ikke-destruktiv testproces: systemkalibrering skal udf\u00f8res p\u00e5 standardtestblokken. Under kalibreringen skal den vigtigste ultralydsstr\u00e5le justeres lodret med reflektorens akse for at opn\u00e5 et stabilt og maksimalt reflekteret signal.  Den vandrette linearitet og lodrette linearitet af ultralydsfejldetekteringsinstrumentet skal m\u00e5les mindst en gang hver tredje m\u00e5ned.<\/p>\n<p>5 \u3001 Materialer til fremstilling af normaliserede eller normaliserede og h\u00e6rdede gasflasker skal v\u00e6re dem, der generisk er klassificeret som kulstofst\u00e5l eller kulstofmanganst\u00e5l. Den maksimale faktiske tr\u00e6kstyrke, Rma, for flasker fremstillet af disse st\u00e5l m\u00e5 ikke overstige 800 MPa.<\/p>\n<p><img alt=\"\" loading=\"lazy\" decoding=\"async\" class=\"alignnone size-full wp-image-4567\" src=\"http:\/\/darkslategray-hippopotamus-243231.hostingersite.com\/wp-content\/uploads\/2025\/04\/40Ln5.jpg\" width=\"900\" height=\"600\" srcset=\"https:\/\/hsgascylinder-factory.com\/wp-content\/uploads\/2025\/04\/40Ln5.jpg 900w, https:\/\/hsgascylinder-factory.com\/wp-content\/uploads\/2025\/04\/40Ln5-300x200.jpg 300w, https:\/\/hsgascylinder-factory.com\/wp-content\/uploads\/2025\/04\/40Ln5-768x512.jpg 768w, https:\/\/hsgascylinder-factory.com\/wp-content\/uploads\/2025\/04\/40Ln5-18x12.jpg 18w, https:\/\/hsgascylinder-factory.com\/wp-content\/uploads\/2025\/04\/40Ln5-600x400.jpg 600w\" sizes=\"(max-width: 900px) 100vw, 900px\" \/><\/p>\n<p><strong>6 \u3001 40 liter gasflaske Produktparametertabel (ISO9809-3)<\/strong><\/p>\n<div class=\"nei-table\">\n<table>\n<tbody>\n<tr class=\"firstRow\">\n<td align=\"center\" valign=\"middle\" width=\"160\">Type<\/td>\n<td align=\"center\" valign=\"middle\" width=\"39\">Udenfor<\/p>\n<p>Diameter<\/p>\n<p>(mm)<\/td>\n<td align=\"center\" valign=\"middle\" width=\"89\">Vand<\/p>\n<p>Kapacitet<\/p>\n<p>(L)<\/td>\n<td align=\"center\" valign=\"middle\" width=\"77\">Flaske<\/p>\n<p>H\u00f8jde<\/p>\n<p>(mm)<\/td>\n<td align=\"center\" valign=\"middle\" width=\"76\">V\u00e6gt<\/p>\n<p>\uff08kg\uff09<\/td>\n<td align=\"center\" valign=\"middle\" width=\"89\">Arbejde<\/p>\n<p>Tryk<\/p>\n<p>\uff08Bar\uff09<\/td>\n<td align=\"center\" valign=\"middle\" width=\"96\">Design v\u00e6g<\/p>\n<p>tykkelse<\/p>\n<p>(mm)<\/td>\n<td align=\"center\" valign=\"middle\" width=\"83\">Materiale<\/p>\n<p>Karakterer<\/td>\n<\/tr>\n<tr>\n<td align=\"center\" valign=\"middle\" width=\"204\">ISO219-40.0L-150<\/td>\n<td align=\"center\" valign=\"middle\" width=\"39\">219<\/td>\n<td align=\"center\" valign=\"middle\" width=\"89\">40.0<\/td>\n<td align=\"center\" valign=\"middle\" width=\"77\">1300<\/td>\n<td align=\"center\" valign=\"middle\" width=\"76\">46.4<\/td>\n<td align=\"center\" valign=\"middle\" width=\"89\">150<\/td>\n<td align=\"center\" valign=\"middle\" width=\"96\">5.7<\/td>\n<td align=\"center\" valign=\"middle\" width=\"83\">37MN<\/td>\n<\/tr>\n<tr>\n<td colspan=\"1\" rowspan=\"1\" align=\"center\" valign=\"middle\" width=\"256\">ISO232-40.0L-150<\/td>\n<td colspan=\"1\" rowspan=\"1\" align=\"center\" valign=\"middle\" width=\"39\">232<\/td>\n<td colspan=\"1\" rowspan=\"1\" align=\"center\" valign=\"middle\" width=\"89\">40.0<\/td>\n<td colspan=\"1\" rowspan=\"1\" align=\"center\" valign=\"middle\" width=\"77\">1156<\/td>\n<td colspan=\"1\" rowspan=\"1\" align=\"center\" valign=\"middle\" width=\"76\">45.7<\/td>\n<td colspan=\"1\" rowspan=\"1\" align=\"center\" valign=\"middle\" width=\"89\">150<\/td>\n<td colspan=\"1\" rowspan=\"1\" align=\"center\" valign=\"middle\" width=\"96\">6.0<\/td>\n<td colspan=\"1\" rowspan=\"1\" align=\"center\" valign=\"middle\" width=\"83\">37MN<\/td>\n<\/tr>\n<\/tbody>\n<\/table>\n<\/div>","protected":false},"excerpt":{"rendered":"<ul class=\"meta\">\n<li><label>Brand:<\/label>\u00a0HS<\/li>\n<li><label>Produktets oprindelse:<\/label>\u00a0Fremstillet i Kina<\/li>\n<li><label>Leveringstid:<\/label>\u00a015 til 30 dage<\/li>\n<li><label>Forsyningskapacitet:<\/label>\u00a0\u00c5rlig produktion p\u00e5 mere end 800.000 stykker<\/li>\n<\/ul>\n<p class=\"desc\">40 liter 6M3 150bar ISO9809 37MN Iltbeholdere gasflasker<br \/>\nVirksomheden har en r\u00e6kke forskellige cylindertestudstyr: mekanisk universaltestmaskine, slagtestmaskine, spr\u00e6ngningstestmaskine, cylinderudmattelsestestmaskine osv.<br \/>\nFor at forbedre kontrollen med overv\u00e5gning og inspektion af produktkvaliteten har virksomheden \u00f8get m\u00e6ngden af laboratorietestudstyr for at sikre, at der leveres kvalificerede produkter af h\u00f8j kvalitet til kunderne.<\/p>","protected":false},"featured_media":4553,"template":"","meta":{"_seopress_robots_primary_cat":"","_seopress_titles_title":"","_seopress_titles_desc":"","_seopress_robots_index":"","_uag_custom_page_level_css":"","site-sidebar-layout":"default","site-content-layout":"","ast-site-content-layout":"default","site-content-style":"default","site-sidebar-style":"default","ast-global-header-display":"","ast-banner-title-visibility":"","ast-main-header-display":"","ast-hfb-above-header-display":"","ast-hfb-below-header-display":"","ast-hfb-mobile-header-display":"","site-post-title":"","ast-breadcrumbs-content":"","ast-featured-img":"","footer-sml-layout":"","ast-disable-related-posts":"","theme-transparent-header-meta":"default","adv-header-id-meta":"","stick-header-meta":"default","header-above-stick-meta":"","header-main-stick-meta":"","header-below-stick-meta":"","astra-migrate-meta-layouts":"set","ast-page-background-enabled":"default","ast-page-background-meta":{"desktop":{"background-color":"","background-image":"","background-repeat":"repeat","background-position":"center center","background-size":"auto","background-attachment":"scroll","background-type":"","background-media":"","overlay-type":"","overlay-color":"","overlay-opacity":"","overlay-gradient":""},"tablet":{"background-color":"","background-image":"","background-repeat":"repeat","background-position":"center center","background-size":"auto","background-attachment":"scroll","background-type":"","background-media":"","overlay-type":"","overlay-color":"","overlay-opacity":"","overlay-gradient":""},"mobile":{"background-color":"","background-image":"","background-repeat":"repeat","background-position":"center center","background-size":"auto","background-attachment":"scroll","background-type":"","background-media":"","overlay-type":"","overlay-color":"","overlay-opacity":"","overlay-gradient":""}},"ast-content-background-meta":{"desktop":{"background-color":"var(--ast-global-color-5)","background-image":"","background-repeat":"repeat","background-position":"center center","background-size":"auto","background-attachment":"scroll","background-type":"","background-media":"","overlay-type":"","overlay-color":"","overlay-opacity":"","overlay-gradient":""},"tablet":{"background-color":"var(--ast-global-color-5)","background-image":"","background-repeat":"repeat","background-position":"center center","background-size":"auto","background-attachment":"scroll","background-type":"","background-media":"","overlay-type":"","overlay-color":"","overlay-opacity":"","overlay-gradient":""},"mobile":{"background-color":"var(--ast-global-color-5)","background-image":"","background-repeat":"repeat","background-position":"center center","background-size":"auto","background-attachment":"scroll","background-type":"","background-media":"","overlay-type":"","overlay-color":"","overlay-opacity":"","overlay-gradient":""}}},"product_brand":[],"product_cat":[45],"product_tag":[],"class_list":{"0":"post-4550","1":"product","2":"type-product","3":"status-publish","4":"has-post-thumbnail","6":"product_cat-cylinders","7":"desktop-align-center","8":"tablet-align-left","9":"mobile-align-left","10":"ast-product-gallery-layout-horizontal-slider","11":"ast-product-tabs-layout-horizontal","13":"first","14":"instock","15":"shipping-taxable","16":"product-type-simple"},"uagb_featured_image_src":{"full":["https:\/\/hsgascylinder-factory.com\/wp-content\/uploads\/2025\/04\/40L.jpg",800,800,false],"thumbnail":["https:\/\/hsgascylinder-factory.com\/wp-content\/uploads\/2025\/04\/40L-150x150.jpg",150,150,true],"medium":["https:\/\/hsgascylinder-factory.com\/wp-content\/uploads\/2025\/04\/40L-300x300.jpg",300,300,true],"medium_large":["https:\/\/hsgascylinder-factory.com\/wp-content\/uploads\/2025\/04\/40L-768x768.jpg",768,768,true],"large":["https:\/\/hsgascylinder-factory.com\/wp-content\/uploads\/2025\/04\/40L.jpg",800,800,false],"1536x1536":["https:\/\/hsgascylinder-factory.com\/wp-content\/uploads\/2025\/04\/40L.jpg",800,800,false],"2048x2048":["https:\/\/hsgascylinder-factory.com\/wp-content\/uploads\/2025\/04\/40L.jpg",800,800,false],"trp-custom-language-flag":["https:\/\/hsgascylinder-factory.com\/wp-content\/uploads\/2025\/04\/40L-12x12.jpg",12,12,true],"woocommerce_thumbnail":["https:\/\/hsgascylinder-factory.com\/wp-content\/uploads\/2025\/04\/40L-500x500.jpg",500,500,true],"woocommerce_single":["https:\/\/hsgascylinder-factory.com\/wp-content\/uploads\/2025\/04\/40L-600x600.jpg",600,600,true],"woocommerce_gallery_thumbnail":["https:\/\/hsgascylinder-factory.com\/wp-content\/uploads\/2025\/04\/40L-100x100.jpg",100,100,true]},"uagb_author_info":{"display_name":"jinxing6611@gmail.com","author_link":"https:\/\/hsgascylinder-factory.com\/da\/author\/"},"uagb_comment_info":0,"uagb_excerpt":"Brand:\u00a0HS Product origin:\u00a0Made in China Delivery time:\u00a015 to 30 days Supply capacity:\u00a0Annual output of more than 800,000 pieces 40 litre 6M3 150bar ISO9809 37MN Oxygen tanks gas cylinders The company has a variety of cylinder testing equipment: mechanical universal testing machine, impact testing machine, bursting testing machine, cylinder fatigue testing machine, etc In order to&hellip;","_links":{"self":[{"href":"https:\/\/hsgascylinder-factory.com\/da\/wp-json\/wp\/v2\/product\/4550","targetHints":{"allow":["GET"]}}],"collection":[{"href":"https:\/\/hsgascylinder-factory.com\/da\/wp-json\/wp\/v2\/product"}],"about":[{"href":"https:\/\/hsgascylinder-factory.com\/da\/wp-json\/wp\/v2\/types\/product"}],"wp:featuredmedia":[{"embeddable":true,"href":"https:\/\/hsgascylinder-factory.com\/da\/wp-json\/wp\/v2\/media\/4553"}],"wp:attachment":[{"href":"https:\/\/hsgascylinder-factory.com\/da\/wp-json\/wp\/v2\/media?parent=4550"}],"wp:term":[{"taxonomy":"product_brand","embeddable":true,"href":"https:\/\/hsgascylinder-factory.com\/da\/wp-json\/wp\/v2\/product_brand?post=4550"},{"taxonomy":"product_cat","embeddable":true,"href":"https:\/\/hsgascylinder-factory.com\/da\/wp-json\/wp\/v2\/product_cat?post=4550"},{"taxonomy":"product_tag","embeddable":true,"href":"https:\/\/hsgascylinder-factory.com\/da\/wp-json\/wp\/v2\/product_tag?post=4550"}],"curies":[{"name":"wp","href":"https:\/\/api.w.org\/{rel}","templated":true}]}}