{"id":4395,"date":"2025-04-07T15:14:21","date_gmt":"2025-04-07T15:14:21","guid":{"rendered":"https:\/\/darkslategray-hippopotamus-243231.hostingersite.com\/?post_type=product&#038;p=4395"},"modified":"2025-04-07T15:14:21","modified_gmt":"2025-04-07T15:14:21","slug":"7-litre-1-05m3-150bar-37mn-oxygen-tanks-gas-cylinder","status":"publish","type":"product","link":"https:\/\/hsgascylinder-factory.com\/da\/vare\/7-litre-1-05m3-150bar-37mn-oxygen-tanks-gas-cylinder\/","title":{"rendered":"7 Litre 1.05M3 150bar 37MN Oxygen Tanks Gas Cylinder"},"content":{"rendered":"<p><iframe title=\"YouTube-videoafspiller\" src=\"https:\/\/www.youtube.com\/embed\/zkDrS3o0gJc?si=bP61Ei8HQwmAP0It\" width=\"560\" height=\"315\" frameborder=\"0\" allowfullscreen=\"allowfullscreen\"><\/iframe><\/p>\n<p><strong>7 liter ISO9809 1.05M3 150bar 37MN Oxygen Tanks Gas Cylinder<\/strong><\/p>\n<p><img alt=\"\" fetchpriority=\"high\" decoding=\"async\" class=\"alignnone size-full wp-image-4408\" src=\"http:\/\/darkslategray-hippopotamus-243231.hostingersite.com\/wp-content\/uploads\/2025\/04\/7Ln1.jpg\" width=\"900\" height=\"600\" srcset=\"https:\/\/hsgascylinder-factory.com\/wp-content\/uploads\/2025\/04\/7Ln1.jpg 900w, https:\/\/hsgascylinder-factory.com\/wp-content\/uploads\/2025\/04\/7Ln1-300x200.jpg 300w, https:\/\/hsgascylinder-factory.com\/wp-content\/uploads\/2025\/04\/7Ln1-768x512.jpg 768w, https:\/\/hsgascylinder-factory.com\/wp-content\/uploads\/2025\/04\/7Ln1-18x12.jpg 18w, https:\/\/hsgascylinder-factory.com\/wp-content\/uploads\/2025\/04\/7Ln1-600x400.jpg 600w\" sizes=\"(max-width: 900px) 100vw, 900px\" \/><\/p>\n<p><strong>Information om produktet:<\/strong><\/p>\n<p>1, 7 liter; GB \/ T5099.3 eller ISO9809-3 produktionsstandarder; 37 mn manganst\u00e5l; 140 mm cylinder ydre diameter; Hydrostatisk testtryk er 250 bar; Arbejdstryk er 150 bar;<\/p>\n<p>2 \u3001 Oxygencylinder kropsh\u00f8jde 591 mm; Cylindermundtr\u00e5de inkluderer PZ19.2, PZ27.8, PZ39; 25E; 3\/4-14 NGT osv.; Maksimal gaslagring er 1,05m3 (1.050 l); Cylinderens mindste designv\u00e6gtykkelse er 3,8 mm; Cylinderens kropsv\u00e6gt er 8,63 kg;<\/p>\n<p>3\u3001Alias: 7 liter gasflasker; 1,05 m3 ilttanke. 7 liter iltflasker; 7 liter iltflasker; 7 liter iltbeholdere; 7 liter 150 bar gasflasker<\/p>\n<p>4 \u3001 Ved fasts\u00e6ttelse af minimumstykkelsen skal der tages hensyn til at opn\u00e5 en v\u00e6gtykkelse i<\/p>\n<p>cylinderhalsen, som vil forhindre permanent udvidelse af halsen under den f\u00f8rste og efterf\u00f8lgende montering<\/p>\n<p>af ventilen i cylinderen uden st\u00f8tte fra en fastg\u00f8relse.<\/p>\n<p>5 \u3001 Den udvendige diameter og tykkelse af cylinderens formede halsende m\u00e5 ikke blive beskadiget (ingen permanent udvidelse eller revne) ved anvendelse af det maksimale drejningsmoment, der kr\u00e6ves for at montere ventilen p\u00e5 cylinderen (se ISO 13341), og belastningerne, n\u00e5r<\/p>\n<p>cylinderen uds\u00e6ttes for sit testtryk.<\/p>\n<p>6. I s\u00e6rlige tilf\u00e6lde (f.eks. meget tyndv\u00e6ggede cylindre), hvor disse belastninger ikke kan b\u00e6res af selve halsen, kan halsen udformes, s\u00e5 den kr\u00e6ver en forst\u00e6rkning, f.eks. en halsring eller en krympekrage, forudsat at forst\u00e6rkningsmaterialet og dimensionerne er klart specificeret af producenten, og at denne konfiguration er en del af typegodkendelsesproceduren.<\/p>\n<p>Shandong Hongsheng Pressure Vessel Co, Ltd. er villig til at v\u00e6re din langsigtede partner og chef for cylindersikkerhed og i f\u00e6llesskab eskortere din cylindersikkerhed.<\/p>\n<p>1 \u3001 Mindste ordrem\u00e6ngde: Kun 100 stk.<\/p>\n<p>2 \u3001 Brug af cylindre: Vores s\u00f8ml\u00f8se st\u00e5lcylindre bruges i vid udstr\u00e6kning i industrien, medicinsk udstyr, brandbek\u00e6mpelse og videnskabelig forskning<\/p>\n<p>3 \u3001 Vi er Kinas gasflaskeproduktionsfabrik, produktsalg: Kina, Syd\u00f8stasien, Mellem\u00f8sten, Asien, Afrika, Europa, Oceanien, Amerika<\/p>\n<p><img alt=\"\" decoding=\"async\" class=\"alignnone size-full wp-image-4409\" src=\"http:\/\/darkslategray-hippopotamus-243231.hostingersite.com\/wp-content\/uploads\/2025\/04\/7Ln2.jpg\" width=\"900\" height=\"600\" srcset=\"https:\/\/hsgascylinder-factory.com\/wp-content\/uploads\/2025\/04\/7Ln2.jpg 900w, https:\/\/hsgascylinder-factory.com\/wp-content\/uploads\/2025\/04\/7Ln2-300x200.jpg 300w, https:\/\/hsgascylinder-factory.com\/wp-content\/uploads\/2025\/04\/7Ln2-768x512.jpg 768w, https:\/\/hsgascylinder-factory.com\/wp-content\/uploads\/2025\/04\/7Ln2-18x12.jpg 18w, https:\/\/hsgascylinder-factory.com\/wp-content\/uploads\/2025\/04\/7Ln2-600x400.jpg 600w\" sizes=\"(max-width: 900px) 100vw, 900px\" \/><\/p>\n<p>4. Under hele varmebehandlingsprocessen skal ovnens temperatur kontrolleres ofte for at se, om den stemmer overens med den temperatur, der vises p\u00e5 instrumentet, mindst en gang hver anden time.<\/p>\n<p>N\u00e5r varmebehandlingen af gasflasker er afsluttet, skal det fysiske og kemiske laboratorium underrettes om pr\u00f8veudtagning og inspektion i tide.<\/p>\n<p>5 \u3001 Testdataene, s\u00e5som tr\u00e6kstyrke, flydetryk, b\u00f8jningsstyrkeforhold, slagenergi og spr\u00e6ngningstryk, skal opfylde den tilsvarende ISO9809-3-standard.<\/p>\n<p>6 \u3001 ISO 9809 best\u00e5r af f\u00f8lgende dele under den generelle titel Gasflasker - Genopfyldelige s\u00f8ml\u00f8se st\u00e5lgasflasker - Design, konstruktion og pr\u00f8vning: \u23af Del 1: Flasker af h\u00e6rdet st\u00e5l med en tr\u00e6kstyrke p\u00e5 mindre end 1 100 MPa \u23af Del 2: Cylindre af h\u00e6rdet st\u00e5l med tr\u00e6kstyrke st\u00f8rre end eller lig med 1 100 MPa \u23af Del 3: Cylindre af normaliseret st\u00e5l<\/p>\n<p><img alt=\"\" decoding=\"async\" class=\"alignnone size-full wp-image-4410\" src=\"http:\/\/darkslategray-hippopotamus-243231.hostingersite.com\/wp-content\/uploads\/2025\/04\/7Ln3.jpg\" width=\"900\" height=\"600\" srcset=\"https:\/\/hsgascylinder-factory.com\/wp-content\/uploads\/2025\/04\/7Ln3.jpg 900w, https:\/\/hsgascylinder-factory.com\/wp-content\/uploads\/2025\/04\/7Ln3-300x200.jpg 300w, https:\/\/hsgascylinder-factory.com\/wp-content\/uploads\/2025\/04\/7Ln3-768x512.jpg 768w, https:\/\/hsgascylinder-factory.com\/wp-content\/uploads\/2025\/04\/7Ln3-18x12.jpg 18w, https:\/\/hsgascylinder-factory.com\/wp-content\/uploads\/2025\/04\/7Ln3-600x400.jpg 600w\" sizes=\"(max-width: 900px) 100vw, 900px\" \/><\/p>\n<p><strong>7 \u3001 7 liters gasflaske Produktparametertabel (ISO9809-3)<\/strong><\/p>\n<div class=\"nei-table\">\n<table>\n<tbody>\n<tr class=\"firstRow\">\n<td align=\"center\" valign=\"middle\" width=\"174\">Type<\/td>\n<td align=\"center\" valign=\"middle\" width=\"43\">Udenfor<\/p>\n<p>Diameter<\/p>\n<p>(mm)<\/td>\n<td align=\"center\" valign=\"middle\" width=\"86\">Vand<\/p>\n<p>Kapacitet<\/p>\n<p>(L)<\/td>\n<td align=\"center\" valign=\"middle\" width=\"75\">Flaske<\/p>\n<p>H\u00f8jde<\/p>\n<p>(mm)<\/td>\n<td align=\"center\" valign=\"middle\" width=\"74\">V\u00e6gt<\/p>\n<p>\uff08kg\uff09<\/td>\n<td align=\"center\" valign=\"middle\" width=\"67.33333333333333\">Arbejde<\/p>\n<p>Tryk<\/p>\n<p>\uff08Bar\uff09<\/td>\n<td align=\"center\" valign=\"middle\" width=\"105\">Design v\u00e6g<\/p>\n<p>tykkelse<\/p>\n<p>(mm)<\/td>\n<td align=\"center\" valign=\"middle\" width=\"81\">Materiale<\/p>\n<p>Karakterer<\/td>\n<\/tr>\n<tr>\n<td align=\"center\" valign=\"middle\" width=\"221\">WMA\u2161140-7.0L-150<\/td>\n<td align=\"center\" valign=\"middle\" width=\"43\">140<\/td>\n<td align=\"center\" valign=\"middle\" width=\"86\">7.0<\/td>\n<td align=\"center\" valign=\"middle\" width=\"75\">591<\/td>\n<td align=\"center\" valign=\"middle\" width=\"74\">8.63<\/td>\n<td align=\"center\" valign=\"middle\" width=\"67.33333333333333\">150<\/td>\n<td align=\"center\" valign=\"middle\" width=\"105\">3.8<\/td>\n<td align=\"center\" valign=\"middle\" width=\"81\">37MN<\/td>\n<\/tr>\n<tr>\n<td colspan=\"1\" rowspan=\"1\" align=\"center\" valign=\"middle\" width=\"281\">WMA\u2161152-7.0L-150<\/td>\n<td colspan=\"1\" rowspan=\"1\" align=\"center\" valign=\"middle\" width=\"43\">152<\/td>\n<td colspan=\"1\" rowspan=\"1\" align=\"center\" valign=\"middle\" width=\"86\">7.0<\/td>\n<td colspan=\"1\" rowspan=\"1\" align=\"center\" valign=\"middle\" width=\"75\">526<\/td>\n<td colspan=\"1\" rowspan=\"1\" align=\"center\" valign=\"middle\" width=\"74\">9.93<\/td>\n<td colspan=\"1\" rowspan=\"1\" align=\"center\" valign=\"middle\" width=\"62.33333333333333\">150<\/td>\n<td colspan=\"1\" rowspan=\"1\" align=\"center\" valign=\"middle\" width=\"105\">3.7<\/td>\n<td colspan=\"1\" rowspan=\"1\" align=\"center\" valign=\"middle\" width=\"81\">37MN<\/td>\n<\/tr>\n<\/tbody>\n<\/table>\n<\/div>","protected":false},"excerpt":{"rendered":"<ul class=\"meta\">\n<li><label>Brand:<\/label>\u00a0HS<\/li>\n<li><label>Produktets oprindelse:<\/label>\u00a0Fremstillet i Kina<\/li>\n<li><label>Leveringstid:<\/label>\u00a015 til 30 dage<\/li>\n<li><label>Forsyningskapacitet:<\/label>\u00a0\u00c5rlig produktion p\u00e5 mere end 800.000 stykker<\/li>\n<\/ul>\n<p class=\"desc\">Virksomheden fokuserer hovedsageligt p\u00e5 udvikling, design og produktion af s\u00f8ml\u00f8se st\u00e5lcylindre til medicinsk udstyr, brandbeskyttelsessystem, specielle kemiske gasopbevaringscylindre, avancerede tekniske maskincylindre, mad og drikke, videnskabelige forskningscylindre til virksomhedsudvikling.<\/p>","protected":false},"featured_media":4398,"template":"","meta":{"_seopress_robots_primary_cat":"","_seopress_titles_title":"","_seopress_titles_desc":"","_seopress_robots_index":"","_uag_custom_page_level_css":"","site-sidebar-layout":"default","site-content-layout":"","ast-site-content-layout":"default","site-content-style":"default","site-sidebar-style":"default","ast-global-header-display":"","ast-banner-title-visibility":"","ast-main-header-display":"","ast-hfb-above-header-display":"","ast-hfb-below-header-display":"","ast-hfb-mobile-header-display":"","site-post-title":"","ast-breadcrumbs-content":"","ast-featured-img":"","footer-sml-layout":"","ast-disable-related-posts":"","theme-transparent-header-meta":"default","adv-header-id-meta":"","stick-header-meta":"default","header-above-stick-meta":"","header-main-stick-meta":"","header-below-stick-meta":"","astra-migrate-meta-layouts":"set","ast-page-background-enabled":"default","ast-page-background-meta":{"desktop":{"background-color":"","background-image":"","background-repeat":"repeat","background-position":"center center","background-size":"auto","background-attachment":"scroll","background-type":"","background-media":"","overlay-type":"","overlay-color":"","overlay-opacity":"","overlay-gradient":""},"tablet":{"background-color":"","background-image":"","background-repeat":"repeat","background-position":"center center","background-size":"auto","background-attachment":"scroll","background-type":"","background-media":"","overlay-type":"","overlay-color":"","overlay-opacity":"","overlay-gradient":""},"mobile":{"background-color":"","background-image":"","background-repeat":"repeat","background-position":"center center","background-size":"auto","background-attachment":"scroll","background-type":"","background-media":"","overlay-type":"","overlay-color":"","overlay-opacity":"","overlay-gradient":""}},"ast-content-background-meta":{"desktop":{"background-color":"var(--ast-global-color-5)","background-image":"","background-repeat":"repeat","background-position":"center center","background-size":"auto","background-attachment":"scroll","background-type":"","background-media":"","overlay-type":"","overlay-color":"","overlay-opacity":"","overlay-gradient":""},"tablet":{"background-color":"var(--ast-global-color-5)","background-image":"","background-repeat":"repeat","background-position":"center center","background-size":"auto","background-attachment":"scroll","background-type":"","background-media":"","overlay-type":"","overlay-color":"","overlay-opacity":"","overlay-gradient":""},"mobile":{"background-color":"var(--ast-global-color-5)","background-image":"","background-repeat":"repeat","background-position":"center center","background-size":"auto","background-attachment":"scroll","background-type":"","background-media":"","overlay-type":"","overlay-color":"","overlay-opacity":"","overlay-gradient":""}}},"product_brand":[],"product_cat":[45],"product_tag":[],"class_list":{"0":"post-4395","1":"product","2":"type-product","3":"status-publish","4":"has-post-thumbnail","6":"product_cat-cylinders","7":"desktop-align-center","8":"tablet-align-left","9":"mobile-align-left","10":"ast-product-gallery-layout-horizontal-slider","11":"ast-product-tabs-layout-horizontal","13":"first","14":"instock","15":"shipping-taxable","16":"product-type-simple"},"uagb_featured_image_src":{"full":["https:\/\/hsgascylinder-factory.com\/wp-content\/uploads\/2025\/04\/7L.jpg",800,800,false],"thumbnail":["https:\/\/hsgascylinder-factory.com\/wp-content\/uploads\/2025\/04\/7L-150x150.jpg",150,150,true],"medium":["https:\/\/hsgascylinder-factory.com\/wp-content\/uploads\/2025\/04\/7L-300x300.jpg",300,300,true],"medium_large":["https:\/\/hsgascylinder-factory.com\/wp-content\/uploads\/2025\/04\/7L-768x768.jpg",768,768,true],"large":["https:\/\/hsgascylinder-factory.com\/wp-content\/uploads\/2025\/04\/7L.jpg",800,800,false],"1536x1536":["https:\/\/hsgascylinder-factory.com\/wp-content\/uploads\/2025\/04\/7L.jpg",800,800,false],"2048x2048":["https:\/\/hsgascylinder-factory.com\/wp-content\/uploads\/2025\/04\/7L.jpg",800,800,false],"trp-custom-language-flag":["https:\/\/hsgascylinder-factory.com\/wp-content\/uploads\/2025\/04\/7L-12x12.jpg",12,12,true],"woocommerce_thumbnail":["https:\/\/hsgascylinder-factory.com\/wp-content\/uploads\/2025\/04\/7L-500x500.jpg",500,500,true],"woocommerce_single":["https:\/\/hsgascylinder-factory.com\/wp-content\/uploads\/2025\/04\/7L-600x600.jpg",600,600,true],"woocommerce_gallery_thumbnail":["https:\/\/hsgascylinder-factory.com\/wp-content\/uploads\/2025\/04\/7L-100x100.jpg",100,100,true]},"uagb_author_info":{"display_name":"jinxing6611@gmail.com","author_link":"https:\/\/hsgascylinder-factory.com\/da\/author\/"},"uagb_comment_info":0,"uagb_excerpt":"Brand:\u00a0HS Product origin:\u00a0Made in China Delivery time:\u00a015 to 30 days Supply capacity:\u00a0Annual output of more than 800,000 pieces The company mainly focuses on the development, design and production of seamless steel cylinders for medical equipment, fire protection system, special chemical gas storage cylinders, high-end engineering machinery cylinders, food and beverage, scientific research cylinders for enterprise&hellip;","_links":{"self":[{"href":"https:\/\/hsgascylinder-factory.com\/da\/wp-json\/wp\/v2\/product\/4395","targetHints":{"allow":["GET"]}}],"collection":[{"href":"https:\/\/hsgascylinder-factory.com\/da\/wp-json\/wp\/v2\/product"}],"about":[{"href":"https:\/\/hsgascylinder-factory.com\/da\/wp-json\/wp\/v2\/types\/product"}],"wp:featuredmedia":[{"embeddable":true,"href":"https:\/\/hsgascylinder-factory.com\/da\/wp-json\/wp\/v2\/media\/4398"}],"wp:attachment":[{"href":"https:\/\/hsgascylinder-factory.com\/da\/wp-json\/wp\/v2\/media?parent=4395"}],"wp:term":[{"taxonomy":"product_brand","embeddable":true,"href":"https:\/\/hsgascylinder-factory.com\/da\/wp-json\/wp\/v2\/product_brand?post=4395"},{"taxonomy":"product_cat","embeddable":true,"href":"https:\/\/hsgascylinder-factory.com\/da\/wp-json\/wp\/v2\/product_cat?post=4395"},{"taxonomy":"product_tag","embeddable":true,"href":"https:\/\/hsgascylinder-factory.com\/da\/wp-json\/wp\/v2\/product_tag?post=4395"}],"curies":[{"name":"wp","href":"https:\/\/api.w.org\/{rel}","templated":true}]}}