{"id":4317,"date":"2025-04-07T14:21:02","date_gmt":"2025-04-07T14:21:02","guid":{"rendered":"https:\/\/darkslategray-hippopotamus-243231.hostingersite.com\/?post_type=product&#038;p=4317"},"modified":"2025-06-04T09:26:39","modified_gmt":"2025-06-04T09:26:39","slug":"4l-iso9809-0-6m3-150bar-37mn-oxygen-tanks-gas-cylinders","status":"publish","type":"product","link":"https:\/\/hsgascylinder-factory.com\/da\/vare\/4l-iso9809-0-6m3-150bar-37mn-oxygen-tanks-gas-cylinders\/","title":{"rendered":"4L ISO9809 0.6M3 150bar 37MN Oxygen Tanks Gas Cylinders"},"content":{"rendered":"<p><iframe title=\"YouTube-videoafspiller\" src=\"https:\/\/www.youtube.com\/embed\/v--fN-s-KGQ?si=UDw_VZMYB6f1hcMC\" width=\"560\" height=\"315\" frameborder=\"0\" allowfullscreen=\"allowfullscreen\"><\/iframe><\/p>\n<p><strong>4 liter ISO9809 0.6M3 150bar 37MN Oxygen-tanke Gasflasker<\/strong><\/p>\n<p>1 \u3001 Mindste ordrem\u00e6ngde: Kun 100 stk.<\/p>\n<p>2 \u3001 Brug af cylindre: Vores s\u00f8ml\u00f8se st\u00e5lcylindre bruges i vid udstr\u00e6kning i industrien, medicinsk udstyr, brandbek\u00e6mpelse og videnskabelig forskning<\/p>\n<p>3 \u3001 Vi er Kinas gasflaskeproduktionsfabrik, produktsalg: Kina, Syd\u00f8stasien, Mellem\u00f8sten, Asien, Afrika, Europa, Oceanien, Amerika<\/p>\n<p><img alt=\"\" fetchpriority=\"high\" decoding=\"async\" class=\"alignnone wp-image-6589 size-full\" src=\"http:\/\/darkslategray-hippopotamus-243231.hostingersite.com\/wp-content\/uploads\/2025\/04\/150-2.jpg\" width=\"800\" height=\"800\" srcset=\"https:\/\/hsgascylinder-factory.com\/wp-content\/uploads\/2025\/04\/150-2.jpg 800w, https:\/\/hsgascylinder-factory.com\/wp-content\/uploads\/2025\/04\/150-2-300x300.jpg 300w, https:\/\/hsgascylinder-factory.com\/wp-content\/uploads\/2025\/04\/150-2-150x150.jpg 150w, https:\/\/hsgascylinder-factory.com\/wp-content\/uploads\/2025\/04\/150-2-768x768.jpg 768w, https:\/\/hsgascylinder-factory.com\/wp-content\/uploads\/2025\/04\/150-2-12x12.jpg 12w, https:\/\/hsgascylinder-factory.com\/wp-content\/uploads\/2025\/04\/150-2-500x500.jpg 500w, https:\/\/hsgascylinder-factory.com\/wp-content\/uploads\/2025\/04\/150-2-600x600.jpg 600w, https:\/\/hsgascylinder-factory.com\/wp-content\/uploads\/2025\/04\/150-2-100x100.jpg 100w\" sizes=\"(max-width: 800px) 100vw, 800px\" \/><\/p>\n<p>4 \u3001 Vores cylindres rethed m\u00e5 ikke overstige 3 \u2030 af cylinderens l\u00e6ngde.  Cylinderens vinkelrethed b\u00f8r ikke overstige 10\u2030 af cylinderens l\u00e6ngde.<\/p>\n<p>Det nederste transplantationsnummer p\u00e5 hver cylinder skal v\u00e6re komplet, tydeligt og i overensstemmelse med cylinderens markerede transplantationsnummer.<\/p>\n<p>5 \u3001 M\u00e6rkning skal v\u00e6re i overensstemmelse med EN ISO 13769. \"BEM\u00c6RK M\u00e6rkningen af gasflasker er reguleret af RID, ADR og ADN, som har forrang for enhver klausul i denne standard. Det europ\u00e6iske direktiv om TPED indeholder yderligere m\u00e6rkningskrav (\u03c0-m\u00e6rkning). Det er vigtigt at vide, at disse bestemmelser er genstand for regelm\u00e6ssige revisioner. Dette kan f\u00f8re til midlertidig manglende overensstemmelse med EN ISO 13769.\"<\/p>\n<p><img alt=\"\" decoding=\"async\" class=\"alignnone wp-image-6587 size-full\" src=\"http:\/\/darkslategray-hippopotamus-243231.hostingersite.com\/wp-content\/uploads\/2025\/04\/\u8d28\u91cf\u628a\u63a7-scaled.jpg\" width=\"1921\" height=\"2560\" srcset=\"https:\/\/hsgascylinder-factory.com\/wp-content\/uploads\/2025\/04\/\u8d28\u91cf\u628a\u63a7-scaled.jpg 1921w, https:\/\/hsgascylinder-factory.com\/wp-content\/uploads\/2025\/04\/\u8d28\u91cf\u628a\u63a7-225x300.jpg 225w, https:\/\/hsgascylinder-factory.com\/wp-content\/uploads\/2025\/04\/\u8d28\u91cf\u628a\u63a7-768x1023.jpg 768w, https:\/\/hsgascylinder-factory.com\/wp-content\/uploads\/2025\/04\/\u8d28\u91cf\u628a\u63a7-1153x1536.jpg 1153w, https:\/\/hsgascylinder-factory.com\/wp-content\/uploads\/2025\/04\/\u8d28\u91cf\u628a\u63a7-1537x2048.jpg 1537w, https:\/\/hsgascylinder-factory.com\/wp-content\/uploads\/2025\/04\/\u8d28\u91cf\u628a\u63a7-9x12.jpg 9w, https:\/\/hsgascylinder-factory.com\/wp-content\/uploads\/2025\/04\/\u8d28\u91cf\u628a\u63a7-600x800.jpg 600w\" sizes=\"(max-width: 1921px) 100vw, 1921px\" \/><\/p>\n<p><strong>Tabel over produktparametre for 6,4 liters gasflasker (ISO9809-3)<\/strong><\/p>\n<div class=\"nei-table\">\n<table>\n<tbody>\n<tr class=\"firstRow\">\n<td align=\"center\" valign=\"middle\" width=\"170\">Type<\/td>\n<td align=\"center\" valign=\"middle\" width=\"48\">Udenfor<\/p>\n<p>Diameter<\/p>\n<p>(mm)<\/td>\n<td align=\"center\" valign=\"middle\" width=\"86\">Vand<\/p>\n<p>Kapacitet<\/p>\n<p>(L)<\/td>\n<td align=\"center\" valign=\"middle\" width=\"75\">Flaske<\/p>\n<p>H\u00f8jde<\/p>\n<p>(mm)<\/td>\n<td align=\"center\" valign=\"middle\" width=\"74\">V\u00e6gt<\/p>\n<p>\uff08kg\uff09<\/td>\n<td align=\"center\" valign=\"middle\" width=\"67.33333333333333\">Arbejde<\/p>\n<p>Tryk<\/p>\n<p>\uff08Bar\uff09<\/td>\n<td align=\"center\" valign=\"middle\" width=\"105\">Design v\u00e6g<\/p>\n<p>tykkelse<\/p>\n<p>(mm)<\/td>\n<td align=\"center\" valign=\"middle\" width=\"81\">Materiale<\/p>\n<p>Karakterer<\/td>\n<\/tr>\n<tr>\n<td align=\"center\" valign=\"middle\" width=\"282\">WMA\u2161108-4.0L-150<\/td>\n<td align=\"center\" valign=\"middle\" width=\"48\">108<\/td>\n<td align=\"center\" valign=\"middle\" width=\"86\">4.0<\/td>\n<td align=\"center\" valign=\"middle\" width=\"75\">568<\/td>\n<td align=\"center\" valign=\"middle\" width=\"74\">16.30<\/td>\n<td align=\"center\" valign=\"middle\" width=\"67.33333333333333\">150<\/td>\n<td align=\"center\" valign=\"middle\" width=\"105\">2.9<\/td>\n<td align=\"center\" valign=\"middle\" width=\"81\">37MN<\/td>\n<\/tr>\n<tr>\n<td colspan=\"1\" rowspan=\"1\" align=\"center\" valign=\"middle\" width=\"282\">WMA\u2161140-4.0L-150<\/td>\n<td colspan=\"1\" rowspan=\"1\" align=\"center\" valign=\"middle\" width=\"48\">140<\/td>\n<td colspan=\"1\" rowspan=\"1\" align=\"center\" valign=\"middle\" width=\"86\">4.0<\/td>\n<td colspan=\"1\" rowspan=\"1\" align=\"center\" valign=\"middle\" width=\"75\">375<\/td>\n<td colspan=\"1\" rowspan=\"1\" align=\"center\" valign=\"middle\" width=\"74\">5.89<\/td>\n<td colspan=\"1\" rowspan=\"1\" align=\"center\" valign=\"middle\" width=\"62.33333333333333\">150<\/td>\n<td colspan=\"1\" rowspan=\"1\" align=\"center\" valign=\"middle\" width=\"105\">3.8<\/td>\n<td colspan=\"1\" rowspan=\"1\" align=\"center\" valign=\"middle\" width=\"81\">37MN<\/td>\n<\/tr>\n<\/tbody>\n<\/table>\n<p><img alt=\"\" decoding=\"async\" class=\"alignnone size-full wp-image-6591\" src=\"http:\/\/darkslategray-hippopotamus-243231.hostingersite.com\/wp-content\/uploads\/2025\/04\/\u7269\u6d41-scaled.jpg\" width=\"1629\" height=\"2560\" srcset=\"https:\/\/hsgascylinder-factory.com\/wp-content\/uploads\/2025\/04\/\u7269\u6d41-scaled.jpg 1629w, https:\/\/hsgascylinder-factory.com\/wp-content\/uploads\/2025\/04\/\u7269\u6d41-191x300.jpg 191w, https:\/\/hsgascylinder-factory.com\/wp-content\/uploads\/2025\/04\/\u7269\u6d41-651x1024.jpg 651w, https:\/\/hsgascylinder-factory.com\/wp-content\/uploads\/2025\/04\/\u7269\u6d41-768x1207.jpg 768w, https:\/\/hsgascylinder-factory.com\/wp-content\/uploads\/2025\/04\/\u7269\u6d41-977x1536.jpg 977w, https:\/\/hsgascylinder-factory.com\/wp-content\/uploads\/2025\/04\/\u7269\u6d41-1303x2048.jpg 1303w, https:\/\/hsgascylinder-factory.com\/wp-content\/uploads\/2025\/04\/\u7269\u6d41-8x12.jpg 8w, https:\/\/hsgascylinder-factory.com\/wp-content\/uploads\/2025\/04\/\u7269\u6d41-600x943.jpg 600w\" sizes=\"(max-width: 1629px) 100vw, 1629px\" \/><\/p>\n<\/div>","protected":false},"excerpt":{"rendered":"<ul class=\"meta\">\n<li><label>Brand:<\/label>\u00a0HS<\/li>\n<li><label>Produktets oprindelse:<\/label>\u00a0Fremstillet i Kina<\/li>\n<li><label>Leveringstid:<\/label>\u00a015 til 30 dage<\/li>\n<li><label>Forsyningskapacitet:<\/label>\u00a0\u00c5rlig produktion p\u00e5 mere end 800.000 stykker<\/li>\n<\/ul>\n<p class=\"desc\">Baseret p\u00e5 fordelene ved placering og ressourcer fokuserer virksomheden p\u00e5 indf\u00f8relsen af avancerede automatiske industrielle k\u00e6deproduktionslinjer i Kina og str\u00e6ber efter at bringe nye teknologiske gennembrud til udviklingen af den globale trykbeholderindustri.<br data-filtered=\"filtered\" \/>Information om produktet:<br data-filtered=\"filtered\" \/>1, 4 liter; 108 mm eller 140 mm cylinder ydre diameter; Arbejdstryk er 150 bar; Iso9809-3 eller GB \/ T5099.3 produktionsstandarder; 37 mn manganst\u00e5l; Hydrostatisk testtryk er 250 bar;<br data-filtered=\"filtered\" \/>2 \u3001 Cylinderkroppens h\u00f8jde er 568 mm eller 375 mm; Cylindermundingsgevind inkluderer PZ19.2, PZ27.8, PZ39; 25E; 3\/4-14 NGT osv.; Maksimal opbevaring er 0,6 m3 (600 l); Cylinderens mindste designv\u00e6gtykkelse er 2,9 mm eller 3,8; Cylinderkroppens v\u00e6gt er 6,3 kg eller 5,89 kg;<br data-filtered=\"filtered\" \/>3 \u3001 Aliaser: 4 liter gasflaske; 0,6 m3 ilttanke. 2 liter iltflasker; 4 liter iltbeholdere; 37Mn iltflasker<br data-filtered=\"filtered\" \/>4 \u3001 Ultralydsunders\u00f8gelse \uff1a Efter afslutning af den endelige varmebehandling og efter at den endelige cylindriske v\u00e6gtykkelse er opn\u00e5et, skal hver cylinder, der er beregnet til at blive brugt til brint, andre spr\u00f8de gasser, giftige eller \u00e6tsende gasser med et testtryk p\u00e5 mere end 60 bar, ultralydsunders\u00f8ges for indre<br data-filtered=\"filtered\" \/>Shandong Hongsheng Pressure Vessel Co, Ltd. er villig til at v\u00e6re din langsigtede partner og chef for cylindersikkerhed og i f\u00e6llesskab eskortere din cylindersikkerhed.<\/p>","protected":false},"featured_media":6588,"template":"","meta":{"_seopress_robots_primary_cat":"none","_seopress_titles_title":"","_seopress_titles_desc":"","_seopress_robots_index":"","_uag_custom_page_level_css":"","site-sidebar-layout":"default","site-content-layout":"","ast-site-content-layout":"default","site-content-style":"default","site-sidebar-style":"default","ast-global-header-display":"","ast-banner-title-visibility":"","ast-main-header-display":"","ast-hfb-above-header-display":"","ast-hfb-below-header-display":"","ast-hfb-mobile-header-display":"","site-post-title":"","ast-breadcrumbs-content":"","ast-featured-img":"","footer-sml-layout":"","ast-disable-related-posts":"","theme-transparent-header-meta":"default","adv-header-id-meta":"","stick-header-meta":"default","header-above-stick-meta":"","header-main-stick-meta":"","header-below-stick-meta":"","astra-migrate-meta-layouts":"set","ast-page-background-enabled":"default","ast-page-background-meta":{"desktop":{"background-color":"","background-image":"","background-repeat":"repeat","background-position":"center center","background-size":"auto","background-attachment":"scroll","background-type":"","background-media":"","overlay-type":"","overlay-color":"","overlay-opacity":"","overlay-gradient":""},"tablet":{"background-color":"","background-image":"","background-repeat":"repeat","background-position":"center center","background-size":"auto","background-attachment":"scroll","background-type":"","background-media":"","overlay-type":"","overlay-color":"","overlay-opacity":"","overlay-gradient":""},"mobile":{"background-color":"","background-image":"","background-repeat":"repeat","background-position":"center center","background-size":"auto","background-attachment":"scroll","background-type":"","background-media":"","overlay-type":"","overlay-color":"","overlay-opacity":"","overlay-gradient":""}},"ast-content-background-meta":{"desktop":{"background-color":"var(--ast-global-color-5)","background-image":"","background-repeat":"repeat","background-position":"center center","background-size":"auto","background-attachment":"scroll","background-type":"","background-media":"","overlay-type":"","overlay-color":"","overlay-opacity":"","overlay-gradient":""},"tablet":{"background-color":"var(--ast-global-color-5)","background-image":"","background-repeat":"repeat","background-position":"center center","background-size":"auto","background-attachment":"scroll","background-type":"","background-media":"","overlay-type":"","overlay-color":"","overlay-opacity":"","overlay-gradient":""},"mobile":{"background-color":"var(--ast-global-color-5)","background-image":"","background-repeat":"repeat","background-position":"center center","background-size":"auto","background-attachment":"scroll","background-type":"","background-media":"","overlay-type":"","overlay-color":"","overlay-opacity":"","overlay-gradient":""}}},"product_brand":[],"product_cat":[45],"product_tag":[],"class_list":{"0":"post-4317","1":"product","2":"type-product","3":"status-publish","4":"has-post-thumbnail","6":"product_cat-cylinders","7":"desktop-align-center","8":"tablet-align-left","9":"mobile-align-left","10":"ast-product-gallery-layout-horizontal-slider","11":"ast-product-tabs-layout-horizontal","13":"first","14":"instock","15":"shipping-taxable","16":"product-type-simple"},"uagb_featured_image_src":{"full":["https:\/\/hsgascylinder-factory.com\/wp-content\/uploads\/2025\/04\/2.jpg",800,800,false],"thumbnail":["https:\/\/hsgascylinder-factory.com\/wp-content\/uploads\/2025\/04\/2-150x150.jpg",150,150,true],"medium":["https:\/\/hsgascylinder-factory.com\/wp-content\/uploads\/2025\/04\/2-300x300.jpg",300,300,true],"medium_large":["https:\/\/hsgascylinder-factory.com\/wp-content\/uploads\/2025\/04\/2-768x768.jpg",768,768,true],"large":["https:\/\/hsgascylinder-factory.com\/wp-content\/uploads\/2025\/04\/2.jpg",800,800,false],"1536x1536":["https:\/\/hsgascylinder-factory.com\/wp-content\/uploads\/2025\/04\/2.jpg",800,800,false],"2048x2048":["https:\/\/hsgascylinder-factory.com\/wp-content\/uploads\/2025\/04\/2.jpg",800,800,false],"trp-custom-language-flag":["https:\/\/hsgascylinder-factory.com\/wp-content\/uploads\/2025\/04\/2-12x12.jpg",12,12,true],"woocommerce_thumbnail":["https:\/\/hsgascylinder-factory.com\/wp-content\/uploads\/2025\/04\/2-500x500.jpg",500,500,true],"woocommerce_single":["https:\/\/hsgascylinder-factory.com\/wp-content\/uploads\/2025\/04\/2-600x600.jpg",600,600,true],"woocommerce_gallery_thumbnail":["https:\/\/hsgascylinder-factory.com\/wp-content\/uploads\/2025\/04\/2-100x100.jpg",100,100,true]},"uagb_author_info":{"display_name":"jinxing6611@gmail.com","author_link":"https:\/\/hsgascylinder-factory.com\/da\/author\/"},"uagb_comment_info":0,"uagb_excerpt":"Brand:\u00a0HS Product origin:\u00a0Made in China Delivery time:\u00a015 to 30 days Supply capacity:\u00a0Annual output of more than 800,000 pieces Based on the advantages of location and resources, the company focuses on the introduction of advanced automatic industrial chain production lines in China, and strives to bring new technological breakthroughs to the development of global pressure vessel&hellip;","_links":{"self":[{"href":"https:\/\/hsgascylinder-factory.com\/da\/wp-json\/wp\/v2\/product\/4317","targetHints":{"allow":["GET"]}}],"collection":[{"href":"https:\/\/hsgascylinder-factory.com\/da\/wp-json\/wp\/v2\/product"}],"about":[{"href":"https:\/\/hsgascylinder-factory.com\/da\/wp-json\/wp\/v2\/types\/product"}],"wp:featuredmedia":[{"embeddable":true,"href":"https:\/\/hsgascylinder-factory.com\/da\/wp-json\/wp\/v2\/media\/6588"}],"wp:attachment":[{"href":"https:\/\/hsgascylinder-factory.com\/da\/wp-json\/wp\/v2\/media?parent=4317"}],"wp:term":[{"taxonomy":"product_brand","embeddable":true,"href":"https:\/\/hsgascylinder-factory.com\/da\/wp-json\/wp\/v2\/product_brand?post=4317"},{"taxonomy":"product_cat","embeddable":true,"href":"https:\/\/hsgascylinder-factory.com\/da\/wp-json\/wp\/v2\/product_cat?post=4317"},{"taxonomy":"product_tag","embeddable":true,"href":"https:\/\/hsgascylinder-factory.com\/da\/wp-json\/wp\/v2\/product_tag?post=4317"}],"curies":[{"name":"wp","href":"https:\/\/api.w.org\/{rel}","templated":true}]}}