{"id":4057,"date":"2025-03-31T10:25:31","date_gmt":"2025-03-31T10:25:31","guid":{"rendered":"https:\/\/darkslategray-hippopotamus-243231.hostingersite.com\/?post_type=product&#038;p=4057"},"modified":"2025-03-31T10:25:44","modified_gmt":"2025-03-31T10:25:44","slug":"mini-fire-storage-tanks-perfluorinated-hexanone-cylinders","status":"publish","type":"product","link":"https:\/\/hsgascylinder-factory.com\/da\/vare\/mini-fire-storage-tanks-perfluorinated-hexanone-cylinders\/","title":{"rendered":"Mini brandtanke Perfluorerede hexanoner Cylindre"},"content":{"rendered":"<p><iframe title=\"YouTube-videoafspiller\" src=\"https:\/\/www.youtube.com\/embed\/v--fN-s-KGQ?si=tNN14oGbc1CwifNA\" width=\"560\" height=\"315\" frameborder=\"0\" allowfullscreen=\"allowfullscreen\"><\/iframe><\/p>\n<p><img alt=\"\" fetchpriority=\"high\" decoding=\"async\" class=\"alignnone size-full wp-image-4070\" src=\"https:\/\/darkslategray-hippopotamus-243231.hostingersite.com\/wp-content\/uploads\/2025\/03\/mfstn1.jpg\" width=\"800\" height=\"800\" srcset=\"https:\/\/hsgascylinder-factory.com\/wp-content\/uploads\/2025\/03\/mfstn1.jpg 800w, https:\/\/hsgascylinder-factory.com\/wp-content\/uploads\/2025\/03\/mfstn1-300x300.jpg 300w, https:\/\/hsgascylinder-factory.com\/wp-content\/uploads\/2025\/03\/mfstn1-150x150.jpg 150w, https:\/\/hsgascylinder-factory.com\/wp-content\/uploads\/2025\/03\/mfstn1-768x768.jpg 768w, https:\/\/hsgascylinder-factory.com\/wp-content\/uploads\/2025\/03\/mfstn1-12x12.jpg 12w, https:\/\/hsgascylinder-factory.com\/wp-content\/uploads\/2025\/03\/mfstn1-500x500.jpg 500w, https:\/\/hsgascylinder-factory.com\/wp-content\/uploads\/2025\/03\/mfstn1-600x600.jpg 600w, https:\/\/hsgascylinder-factory.com\/wp-content\/uploads\/2025\/03\/mfstn1-100x100.jpg 100w\" sizes=\"(max-width: 800px) 100vw, 800px\" \/><\/p>\n<p>Perfluorhexanonflasker bruges hovedsageligt i brandslukningsanl\u00e6g.<\/p>\n<p>Perfluorhexanon er farvel\u00f8s og smagl\u00f8s gennemsigtig v\u00e6ske ved stuetemperatur, som hurtigt omdannes til gas efter at v\u00e6re blevet spr\u00f8jtet af dysen. Derfor er den automatiske brandslukningsanordning af perfluorhexanon ogs\u00e5 kendt som det automatiske brandslukningssystem af gas.<\/p>\n<p>I henhold til det forskellige drivtryk kan det opdeles i ikke-lagret tryk og lagret tryk perfluorhexanon. Skool-brandslukningsudstyr med ikke-lagret tryk perfluorhexanon er et nyt brandslukningsudstyr, der er specielt designet til brandbeskyttelse i sm\u00e5 rum og specifikke rum.<\/p>\n<p>Mini brandtanke Perfluorerede hexanoner Cylindre<\/p>\n<p><strong>Tabel over produktparametre (ISO9809-3)<\/strong><\/p>\n<p><img alt=\"\" decoding=\"async\" class=\"alignnone size-full wp-image-4071\" src=\"https:\/\/darkslategray-hippopotamus-243231.hostingersite.com\/wp-content\/uploads\/2025\/03\/mfstn2.jpg\" width=\"800\" height=\"800\" srcset=\"https:\/\/hsgascylinder-factory.com\/wp-content\/uploads\/2025\/03\/mfstn2.jpg 800w, https:\/\/hsgascylinder-factory.com\/wp-content\/uploads\/2025\/03\/mfstn2-300x300.jpg 300w, https:\/\/hsgascylinder-factory.com\/wp-content\/uploads\/2025\/03\/mfstn2-150x150.jpg 150w, https:\/\/hsgascylinder-factory.com\/wp-content\/uploads\/2025\/03\/mfstn2-768x768.jpg 768w, https:\/\/hsgascylinder-factory.com\/wp-content\/uploads\/2025\/03\/mfstn2-12x12.jpg 12w, https:\/\/hsgascylinder-factory.com\/wp-content\/uploads\/2025\/03\/mfstn2-500x500.jpg 500w, https:\/\/hsgascylinder-factory.com\/wp-content\/uploads\/2025\/03\/mfstn2-600x600.jpg 600w, https:\/\/hsgascylinder-factory.com\/wp-content\/uploads\/2025\/03\/mfstn2-100x100.jpg 100w\" sizes=\"(max-width: 800px) 100vw, 800px\" \/><\/p>\n<table>\n<tbody>\n<tr class=\"firstRow\">\n<td align=\"center\" valign=\"middle\" width=\"156\">Type<\/td>\n<td align=\"center\" valign=\"middle\" width=\"37\">Udenfor<\/p>\n<p>Diameter<\/p>\n<p>(mm)<\/td>\n<td align=\"center\" valign=\"middle\" width=\"99\">Vand<\/p>\n<p>Kapacitet<\/p>\n<p>(L)<\/td>\n<td align=\"center\" valign=\"middle\" width=\"87\">Flaske<\/p>\n<p>H\u00f8jde<\/p>\n<p>(mm)<\/td>\n<td align=\"center\" valign=\"middle\" width=\"86\">V\u00e6gt<\/p>\n<p>\uff08kg\uff09<\/td>\n<td align=\"center\" valign=\"middle\" width=\"100\">Arbejde<\/p>\n<p>Tryk<\/p>\n<p>\uff08Bar\uff09<\/td>\n<td align=\"center\" valign=\"middle\" width=\"115\">Design v\u00e6g<\/p>\n<p>tykkelse<\/p>\n<p>(mm)<\/td>\n<td align=\"center\" valign=\"middle\" width=\"94\">Materiale<\/p>\n<p>Karakterer<\/td>\n<\/tr>\n<tr>\n<td align=\"center\" valign=\"middle\" width=\"189\">89-1L-150<\/td>\n<td align=\"center\" valign=\"middle\" width=\"37\">89<\/td>\n<td align=\"center\" valign=\"middle\" width=\"99\">1<\/td>\n<td align=\"center\" valign=\"middle\" width=\"87\">240<\/td>\n<td align=\"center\" valign=\"middle\" width=\"86\">1.83<\/td>\n<td align=\"center\" valign=\"middle\" width=\"100\">150<\/td>\n<td align=\"center\" valign=\"middle\" width=\"115\">2.4<\/td>\n<td align=\"center\" valign=\"middle\" width=\"94\">37MN<\/td>\n<\/tr>\n<tr>\n<td align=\"center\" valign=\"middle\" width=\"189\">89-1.4L-150<\/td>\n<td align=\"center\" valign=\"middle\" width=\"37\">89<\/td>\n<td align=\"center\" valign=\"middle\" width=\"99\">1.4<\/td>\n<td align=\"center\" valign=\"middle\" width=\"87\">310<\/td>\n<td align=\"center\" valign=\"middle\" width=\"86\">2.30<\/td>\n<td align=\"center\" valign=\"middle\" width=\"100\">150<\/td>\n<td align=\"center\" valign=\"middle\" width=\"115\">2.4<\/td>\n<td align=\"center\" valign=\"middle\" width=\"94\">37MN<\/td>\n<\/tr>\n<tr>\n<td align=\"center\" valign=\"middle\" width=\"189\">108-2.0L-150<\/td>\n<td align=\"center\" valign=\"middle\" width=\"37\">108<\/td>\n<td align=\"center\" valign=\"middle\" width=\"99\">2<\/td>\n<td align=\"center\" valign=\"middle\" width=\"87\">310<\/td>\n<td align=\"center\" valign=\"middle\" width=\"86\">3.62<\/td>\n<td align=\"center\" valign=\"middle\" width=\"100\">150<\/td>\n<td align=\"center\" valign=\"middle\" width=\"115\">2.9<\/td>\n<td align=\"center\" valign=\"middle\" width=\"94\">37MN<\/td>\n<\/tr>\n<tr>\n<td align=\"center\" valign=\"middle\" width=\"189\">108-2.5L-150<\/td>\n<td align=\"center\" valign=\"middle\" width=\"37\">108<\/td>\n<td align=\"center\" valign=\"middle\" width=\"99\">2.5<\/td>\n<td align=\"center\" valign=\"middle\" width=\"87\">374<\/td>\n<td align=\"center\" valign=\"middle\" width=\"86\">4.29<\/td>\n<td align=\"center\" valign=\"middle\" width=\"100\">150<\/td>\n<td align=\"center\" valign=\"middle\" width=\"115\">2.9<\/td>\n<td align=\"center\" valign=\"middle\" width=\"94\">37MN<\/td>\n<\/tr>\n<tr>\n<td align=\"center\" valign=\"middle\" width=\"189\">108-3.0L-150<\/td>\n<td align=\"center\" valign=\"middle\" width=\"37\">108<\/td>\n<td align=\"center\" valign=\"middle\" width=\"99\">3.0<\/td>\n<td align=\"center\" valign=\"middle\" width=\"87\">440<\/td>\n<td align=\"center\" valign=\"middle\" width=\"86\">4.96<\/td>\n<td align=\"center\" valign=\"middle\" width=\"100\">150<\/td>\n<td align=\"center\" valign=\"middle\" width=\"115\">2.9<\/td>\n<td align=\"center\" valign=\"middle\" width=\"94\">37MN<\/td>\n<\/tr>\n<tr>\n<td align=\"center\" valign=\"middle\" width=\"189\">108-5.0L-150<\/td>\n<td align=\"center\" valign=\"middle\" width=\"37\">108<\/td>\n<td align=\"center\" valign=\"middle\" width=\"99\">5.0<\/td>\n<td align=\"center\" valign=\"middle\" width=\"87\">696<\/td>\n<td align=\"center\" valign=\"middle\" width=\"86\">7.74<\/td>\n<td align=\"center\" valign=\"middle\" width=\"100\">150<\/td>\n<td align=\"center\" valign=\"middle\" width=\"115\">2.9<\/td>\n<td align=\"center\" valign=\"middle\" width=\"94\">37MN<\/td>\n<\/tr>\n<tr>\n<td align=\"center\" valign=\"middle\" width=\"189\">140-3.4L-150<\/td>\n<td align=\"center\" valign=\"middle\" width=\"37\">140<\/td>\n<td align=\"center\" valign=\"middle\" width=\"99\">3.4<\/td>\n<td align=\"center\" valign=\"middle\" width=\"87\">324<\/td>\n<td align=\"center\" valign=\"middle\" width=\"86\">5.3<\/td>\n<td align=\"center\" valign=\"middle\" width=\"100\">150<\/td>\n<td align=\"center\" valign=\"middle\" width=\"115\">3.8<\/td>\n<td align=\"center\" valign=\"middle\" width=\"94\">37MN<\/td>\n<\/tr>\n<tr>\n<td colspan=\"1\" rowspan=\"1\" align=\"center\" valign=\"middle\" width=\"189\">140-4.0L-150<\/td>\n<td colspan=\"1\" rowspan=\"1\" align=\"center\" valign=\"middle\" width=\"37\">140<\/td>\n<td colspan=\"1\" rowspan=\"1\" align=\"center\" valign=\"middle\" width=\"99\">4.0<\/td>\n<td colspan=\"1\" rowspan=\"1\" align=\"center\" valign=\"middle\" width=\"87\">375<\/td>\n<td colspan=\"1\" rowspan=\"1\" align=\"center\" valign=\"middle\" width=\"86\">5.89<\/td>\n<td colspan=\"1\" rowspan=\"1\" align=\"center\" valign=\"middle\" width=\"100\">150<\/td>\n<td colspan=\"1\" rowspan=\"1\" align=\"center\" valign=\"middle\" width=\"115\">3.8<\/td>\n<td colspan=\"1\" rowspan=\"1\" align=\"center\" valign=\"middle\" width=\"94\">37MN<\/td>\n<\/tr>\n<tr>\n<td colspan=\"1\" rowspan=\"1\" align=\"center\" valign=\"middle\" width=\"189\">140-5.0L-150<\/td>\n<td colspan=\"1\" rowspan=\"1\" align=\"center\" valign=\"middle\" width=\"37\">140<\/td>\n<td colspan=\"1\" rowspan=\"1\" align=\"center\" valign=\"middle\" width=\"99\">5.0<\/td>\n<td colspan=\"1\" rowspan=\"1\" align=\"center\" valign=\"middle\" width=\"87\">447<\/td>\n<td colspan=\"1\" rowspan=\"1\" align=\"center\" valign=\"middle\" width=\"86\">6.96<\/td>\n<td colspan=\"1\" rowspan=\"1\" align=\"center\" valign=\"middle\" width=\"100\">150<\/td>\n<td colspan=\"1\" rowspan=\"1\" align=\"center\" valign=\"middle\" width=\"115\">3.8<\/td>\n<td colspan=\"1\" rowspan=\"1\" align=\"center\" valign=\"middle\" width=\"94\">37MN<\/td>\n<\/tr>\n<tr>\n<td colspan=\"1\" rowspan=\"1\" align=\"center\" valign=\"middle\" width=\"189\">140-6.3L-150<\/td>\n<td colspan=\"1\" rowspan=\"1\" align=\"center\" valign=\"middle\" width=\"37\">140<\/td>\n<td colspan=\"1\" rowspan=\"1\" align=\"center\" valign=\"middle\" width=\"99\">6.3<\/td>\n<td colspan=\"1\" rowspan=\"1\" align=\"center\" valign=\"middle\" width=\"87\">540<\/td>\n<td colspan=\"1\" rowspan=\"1\" align=\"center\" valign=\"middle\" width=\"86\">7.88<\/td>\n<td colspan=\"1\" rowspan=\"1\" align=\"center\" valign=\"middle\" width=\"100\">150<\/td>\n<td colspan=\"1\" rowspan=\"1\" align=\"center\" valign=\"middle\" width=\"115\">3.8<\/td>\n<td colspan=\"1\" rowspan=\"1\" align=\"center\" valign=\"middle\" width=\"94\">37MN<\/td>\n<\/tr>\n<tr>\n<td colspan=\"1\" rowspan=\"1\" align=\"center\" valign=\"middle\" width=\"126\">140-6.7-150<\/td>\n<td colspan=\"1\" rowspan=\"1\" align=\"center\" valign=\"middle\" width=\"37\">140<\/td>\n<td colspan=\"1\" rowspan=\"1\" align=\"center\" valign=\"middle\" width=\"99\">6.7<\/td>\n<td colspan=\"1\" rowspan=\"1\" align=\"center\" valign=\"middle\" width=\"87\">569<\/td>\n<td colspan=\"1\" rowspan=\"1\" align=\"center\" valign=\"middle\" width=\"86\">8.30<\/td>\n<td colspan=\"1\" rowspan=\"1\" align=\"center\" valign=\"middle\" width=\"100\">150<\/td>\n<td colspan=\"1\" rowspan=\"1\" align=\"center\" valign=\"middle\" width=\"115\">3.8<\/td>\n<td colspan=\"1\" rowspan=\"1\" align=\"center\" valign=\"middle\" width=\"94\">37MN<\/td>\n<\/tr>\n<tr>\n<td colspan=\"1\" rowspan=\"1\" align=\"center\" valign=\"middle\" width=\"189\">140-8.0L-150<\/td>\n<td colspan=\"1\" rowspan=\"1\" align=\"center\" valign=\"middle\" width=\"37\">140<\/td>\n<td colspan=\"1\" rowspan=\"1\" align=\"center\" valign=\"middle\" width=\"99\">8.0<\/td>\n<td colspan=\"1\" rowspan=\"1\" align=\"center\" valign=\"middle\" width=\"87\">665<\/td>\n<td colspan=\"1\" rowspan=\"1\" align=\"center\" valign=\"middle\" width=\"86\">9.68<\/td>\n<td colspan=\"1\" rowspan=\"1\" align=\"center\" valign=\"middle\" width=\"100\">150<\/td>\n<td colspan=\"1\" rowspan=\"1\" align=\"center\" valign=\"middle\" width=\"115\">3.8<\/td>\n<td colspan=\"1\" rowspan=\"1\" align=\"center\" valign=\"middle\" width=\"94\">37MN<\/td>\n<\/tr>\n<tr>\n<td colspan=\"1\" rowspan=\"1\" align=\"center\" valign=\"middle\" width=\"189\">140-9.0L-150<\/td>\n<td colspan=\"1\" rowspan=\"1\" align=\"center\" valign=\"middle\" width=\"37\">140<\/td>\n<td colspan=\"1\" rowspan=\"1\" align=\"center\" valign=\"middle\" width=\"99\">9.0<\/td>\n<td colspan=\"1\" rowspan=\"1\" align=\"center\" valign=\"middle\" width=\"87\">744<\/td>\n<td colspan=\"1\" rowspan=\"1\" align=\"center\" valign=\"middle\" width=\"86\">10.7<\/td>\n<td colspan=\"1\" rowspan=\"1\" align=\"center\" valign=\"middle\" width=\"100\">150<\/td>\n<td colspan=\"1\" rowspan=\"1\" align=\"center\" valign=\"middle\" width=\"115\">3.8<\/td>\n<td colspan=\"1\" rowspan=\"1\" align=\"center\" valign=\"middle\" width=\"94\">37MN<\/td>\n<\/tr>\n<tr>\n<td colspan=\"1\" rowspan=\"1\" align=\"center\" valign=\"middle\" width=\"189\">140-10.0L-150<\/td>\n<td colspan=\"1\" rowspan=\"1\" align=\"center\" valign=\"middle\" width=\"37\">140<\/td>\n<td colspan=\"1\" rowspan=\"1\" align=\"center\" valign=\"middle\" width=\"99\">10.0<\/td>\n<td colspan=\"1\" rowspan=\"1\" align=\"center\" valign=\"middle\" width=\"87\">818<\/td>\n<td colspan=\"1\" rowspan=\"1\" align=\"center\" valign=\"middle\" width=\"86\">11.9<\/td>\n<td colspan=\"1\" rowspan=\"1\" align=\"center\" valign=\"middle\" width=\"100\">150<\/td>\n<td colspan=\"1\" rowspan=\"1\" align=\"center\" valign=\"middle\" width=\"115\">3.8<\/td>\n<td colspan=\"1\" rowspan=\"1\" align=\"center\" valign=\"middle\" width=\"94\">37MN<\/td>\n<\/tr>\n<tr>\n<td colspan=\"1\" rowspan=\"1\" align=\"center\" valign=\"middle\" width=\"189\">159-8.0L-150<\/td>\n<td colspan=\"1\" rowspan=\"1\" align=\"center\" valign=\"middle\" width=\"37\">159<\/td>\n<td colspan=\"1\" rowspan=\"1\" align=\"center\" valign=\"middle\" width=\"99\">8.0<\/td>\n<td colspan=\"1\" rowspan=\"1\" align=\"center\" valign=\"middle\" width=\"87\">548<\/td>\n<td colspan=\"1\" rowspan=\"1\" align=\"center\" valign=\"middle\" width=\"86\">9.11<\/td>\n<td colspan=\"1\" rowspan=\"1\" align=\"center\" valign=\"middle\" width=\"100\">150<\/td>\n<td colspan=\"1\" rowspan=\"1\" align=\"center\" valign=\"middle\" width=\"115\">4.3<\/td>\n<td colspan=\"1\" rowspan=\"1\" align=\"center\" valign=\"middle\" width=\"94\">37MN<\/td>\n<\/tr>\n<tr>\n<td colspan=\"1\" rowspan=\"1\" align=\"center\" valign=\"middle\" width=\"189\">159-10.0L-150<\/td>\n<td colspan=\"1\" rowspan=\"1\" align=\"center\" valign=\"middle\" width=\"37\">159<\/td>\n<td colspan=\"1\" rowspan=\"1\" align=\"center\" valign=\"middle\" width=\"99\">10.0<\/td>\n<td colspan=\"1\" rowspan=\"1\" align=\"center\" valign=\"middle\" width=\"87\">660<\/td>\n<td colspan=\"1\" rowspan=\"1\" align=\"center\" valign=\"middle\" width=\"86\">10.9<\/td>\n<td colspan=\"1\" rowspan=\"1\" align=\"center\" valign=\"middle\" width=\"100\">150<\/td>\n<td colspan=\"1\" rowspan=\"1\" align=\"center\" valign=\"middle\" width=\"115\">4.3<\/td>\n<td colspan=\"1\" rowspan=\"1\" align=\"center\" valign=\"middle\" width=\"94\">37MN<\/td>\n<\/tr>\n<tr>\n<td colspan=\"1\" rowspan=\"1\" align=\"center\" valign=\"middle\" width=\"189\">159-12.0L-150<\/td>\n<td colspan=\"1\" rowspan=\"1\" align=\"center\" valign=\"middle\" width=\"37\">159<\/td>\n<td colspan=\"1\" rowspan=\"1\" align=\"center\" valign=\"middle\" width=\"99\">12.0<\/td>\n<td colspan=\"1\" rowspan=\"1\" align=\"center\" valign=\"middle\" width=\"87\">780<\/td>\n<td colspan=\"1\" rowspan=\"1\" align=\"center\" valign=\"middle\" width=\"86\">13.1<\/td>\n<td colspan=\"1\" rowspan=\"1\" align=\"center\" valign=\"middle\" width=\"100\">150<\/td>\n<td colspan=\"1\" rowspan=\"1\" align=\"center\" valign=\"middle\" width=\"115\">4.3<\/td>\n<td colspan=\"1\" rowspan=\"1\" align=\"center\" valign=\"middle\" width=\"94\">37MN<\/td>\n<\/tr>\n<tr>\n<td colspan=\"1\" rowspan=\"1\" align=\"center\" valign=\"middle\" width=\"189\">159-13.4L-150<\/td>\n<td colspan=\"1\" rowspan=\"1\" align=\"center\" valign=\"middle\" width=\"37\">159<\/td>\n<td colspan=\"1\" rowspan=\"1\" align=\"center\" valign=\"middle\" width=\"99\">13.4<\/td>\n<td colspan=\"1\" rowspan=\"1\" align=\"center\" valign=\"middle\" width=\"87\">861<\/td>\n<td colspan=\"1\" rowspan=\"1\" align=\"center\" valign=\"middle\" width=\"86\">15.4<\/td>\n<td colspan=\"1\" rowspan=\"1\" align=\"center\" valign=\"middle\" width=\"100\">150<\/td>\n<td colspan=\"1\" rowspan=\"1\" align=\"center\" valign=\"middle\" width=\"115\">4.3<\/td>\n<td colspan=\"1\" rowspan=\"1\" align=\"center\" valign=\"middle\" width=\"94\">37MN<\/td>\n<\/tr>\n<tr>\n<td colspan=\"1\" rowspan=\"1\" align=\"center\" valign=\"middle\" width=\"189\">159-15.0L-150<\/td>\n<td colspan=\"1\" rowspan=\"1\" align=\"center\" valign=\"middle\" width=\"37\">159<\/td>\n<td colspan=\"1\" rowspan=\"1\" align=\"center\" valign=\"middle\" width=\"99\">15.0<\/td>\n<td colspan=\"1\" rowspan=\"1\" align=\"center\" valign=\"middle\" width=\"87\">932<\/td>\n<td colspan=\"1\" rowspan=\"1\" align=\"center\" valign=\"middle\" width=\"86\">16.8<\/td>\n<td colspan=\"1\" rowspan=\"1\" align=\"center\" valign=\"middle\" width=\"100\">150<\/td>\n<td colspan=\"1\" rowspan=\"1\" align=\"center\" valign=\"middle\" width=\"115\">4.3<\/td>\n<td colspan=\"1\" rowspan=\"1\" align=\"center\" valign=\"middle\" width=\"94\">37MN<\/td>\n<\/tr>\n<tr>\n<td colspan=\"1\" rowspan=\"1\" align=\"center\" valign=\"middle\" width=\"189\">180-20.0L-150<\/td>\n<td colspan=\"1\" rowspan=\"1\" align=\"center\" valign=\"middle\" width=\"37\">180<\/td>\n<td colspan=\"1\" rowspan=\"1\" align=\"center\" valign=\"middle\" width=\"99\">20.0<\/td>\n<td colspan=\"1\" rowspan=\"1\" align=\"center\" valign=\"middle\" width=\"87\">1012<\/td>\n<td colspan=\"1\" rowspan=\"1\" align=\"center\" valign=\"middle\" width=\"86\">24.8<\/td>\n<td colspan=\"1\" rowspan=\"1\" align=\"center\" valign=\"middle\" width=\"100\">150<\/td>\n<td colspan=\"1\" rowspan=\"1\" align=\"center\" valign=\"middle\" width=\"115\">4.9<\/td>\n<td colspan=\"1\" rowspan=\"1\" align=\"center\" valign=\"middle\" width=\"94\">37MN<\/td>\n<\/tr>\n<\/tbody>\n<\/table>\n<p><img alt=\"\" decoding=\"async\" class=\"alignnone size-full wp-image-4072\" src=\"https:\/\/darkslategray-hippopotamus-243231.hostingersite.com\/wp-content\/uploads\/2025\/03\/mfstn3.jpg\" width=\"800\" height=\"800\" srcset=\"https:\/\/hsgascylinder-factory.com\/wp-content\/uploads\/2025\/03\/mfstn3.jpg 800w, https:\/\/hsgascylinder-factory.com\/wp-content\/uploads\/2025\/03\/mfstn3-300x300.jpg 300w, https:\/\/hsgascylinder-factory.com\/wp-content\/uploads\/2025\/03\/mfstn3-150x150.jpg 150w, https:\/\/hsgascylinder-factory.com\/wp-content\/uploads\/2025\/03\/mfstn3-768x768.jpg 768w, https:\/\/hsgascylinder-factory.com\/wp-content\/uploads\/2025\/03\/mfstn3-12x12.jpg 12w, https:\/\/hsgascylinder-factory.com\/wp-content\/uploads\/2025\/03\/mfstn3-500x500.jpg 500w, https:\/\/hsgascylinder-factory.com\/wp-content\/uploads\/2025\/03\/mfstn3-600x600.jpg 600w, https:\/\/hsgascylinder-factory.com\/wp-content\/uploads\/2025\/03\/mfstn3-100x100.jpg 100w\" sizes=\"(max-width: 800px) 100vw, 800px\" \/><\/p>\n<p>Perfluorohexanon brandslukningsudstyr vedtager lille cylinderfyldningsmiddel, integreret, miniaturiseret design, modul\u00e6r samling, kan bruges i et enkelt s\u00e6t eller multi-gruppe integreret brug, velegnet til str\u00f8mfordelingsskab, energilagringskraftv\u00e6rk, batteriboks, datakabinet og anden lille plads brandbeskyttelse brug. I fremtiden kan hfC-227ea brandslukningsudstyr udskiftes<\/p>","protected":false},"excerpt":{"rendered":"<ul class=\"meta\">\n<li><label>Brand:<\/label>\u00a0HS<\/li>\n<li><label>Produktets oprindelse:<\/label>\u00a0Fremstillet i Kina<\/li>\n<li><label>Leveringstid:<\/label>\u00a015 til 30 dage<\/li>\n<li><label>Forsyningskapacitet:<\/label>\u00a0\u00c5rlig produktion p\u00e5 mere end 800.000 stykker<\/li>\n<\/ul>\n<p class=\"desc\">ISO9809-3 150bar Sm\u00e5 brandtanke perfluorhexanon gasflasker<br \/>\n1. Fyld gas: perfluorhexanon<br \/>\n2. Aliasser: Perfluorerede hexanon-cylindre, brandbeskyttelsescylinder, opbevaringstank til brandbek\u00e6mpelse, mini-brandgastanke, mini-brandgastanke, brandcylinder<br \/>\nTips til sikker brug af gasflasker:<br \/>\nBranddetektionsr\u00f8r perfluorohexanon automatisk brandslukningssystem er en ny type ikke-elektrisk automatisk drift automatisk brandslukningssystem, ogs\u00e5 kendt som temperatursensor automatisk drift brandslukningsudstyr, er af den faste brandslukker for at give kilden i henhold til det stabile branddetektionsr\u00f8r, der er forbundet med det for straks at opdage branden, transportere og udst\u00f8de perfluorohexanon slukningsmiddel.<br \/>\nDerefter spr\u00f8jtes en vis m\u00e6ngde brandslukningsmiddel ud i sikkerhedsomr\u00e5det, s\u00e5 det er j\u00e6vnt fyldt med alle fareomr\u00e5der, og det automatiske brandslukningssystem h\u00e6ldes ud.<\/p>","protected":false},"featured_media":4060,"template":"","meta":{"_seopress_robots_primary_cat":"","_seopress_titles_title":"","_seopress_titles_desc":"","_seopress_robots_index":"","_uag_custom_page_level_css":"","site-sidebar-layout":"default","site-content-layout":"","ast-site-content-layout":"default","site-content-style":"default","site-sidebar-style":"default","ast-global-header-display":"","ast-banner-title-visibility":"","ast-main-header-display":"","ast-hfb-above-header-display":"","ast-hfb-below-header-display":"","ast-hfb-mobile-header-display":"","site-post-title":"","ast-breadcrumbs-content":"","ast-featured-img":"","footer-sml-layout":"","ast-disable-related-posts":"","theme-transparent-header-meta":"default","adv-header-id-meta":"","stick-header-meta":"default","header-above-stick-meta":"","header-main-stick-meta":"","header-below-stick-meta":"","astra-migrate-meta-layouts":"set","ast-page-background-enabled":"default","ast-page-background-meta":{"desktop":{"background-color":"","background-image":"","background-repeat":"repeat","background-position":"center center","background-size":"auto","background-attachment":"scroll","background-type":"","background-media":"","overlay-type":"","overlay-color":"","overlay-opacity":"","overlay-gradient":""},"tablet":{"background-color":"","background-image":"","background-repeat":"repeat","background-position":"center center","background-size":"auto","background-attachment":"scroll","background-type":"","background-media":"","overlay-type":"","overlay-color":"","overlay-opacity":"","overlay-gradient":""},"mobile":{"background-color":"","background-image":"","background-repeat":"repeat","background-position":"center center","background-size":"auto","background-attachment":"scroll","background-type":"","background-media":"","overlay-type":"","overlay-color":"","overlay-opacity":"","overlay-gradient":""}},"ast-content-background-meta":{"desktop":{"background-color":"var(--ast-global-color-5)","background-image":"","background-repeat":"repeat","background-position":"center center","background-size":"auto","background-attachment":"scroll","background-type":"","background-media":"","overlay-type":"","overlay-color":"","overlay-opacity":"","overlay-gradient":""},"tablet":{"background-color":"var(--ast-global-color-5)","background-image":"","background-repeat":"repeat","background-position":"center center","background-size":"auto","background-attachment":"scroll","background-type":"","background-media":"","overlay-type":"","overlay-color":"","overlay-opacity":"","overlay-gradient":""},"mobile":{"background-color":"var(--ast-global-color-5)","background-image":"","background-repeat":"repeat","background-position":"center center","background-size":"auto","background-attachment":"scroll","background-type":"","background-media":"","overlay-type":"","overlay-color":"","overlay-opacity":"","overlay-gradient":""}}},"product_brand":[],"product_cat":[35],"product_tag":[],"class_list":{"0":"post-4057","1":"product","2":"type-product","3":"status-publish","4":"has-post-thumbnail","6":"product_cat-fire","7":"desktop-align-center","8":"tablet-align-left","9":"mobile-align-left","10":"ast-product-gallery-layout-horizontal-slider","11":"ast-product-tabs-layout-horizontal","13":"first","14":"instock","15":"featured","16":"shipping-taxable","17":"product-type-simple"},"uagb_featured_image_src":{"full":["https:\/\/hsgascylinder-factory.com\/wp-content\/uploads\/2025\/03\/mfst.jpg",800,800,false],"thumbnail":["https:\/\/hsgascylinder-factory.com\/wp-content\/uploads\/2025\/03\/mfst-150x150.jpg",150,150,true],"medium":["https:\/\/hsgascylinder-factory.com\/wp-content\/uploads\/2025\/03\/mfst-300x300.jpg",300,300,true],"medium_large":["https:\/\/hsgascylinder-factory.com\/wp-content\/uploads\/2025\/03\/mfst-768x768.jpg",768,768,true],"large":["https:\/\/hsgascylinder-factory.com\/wp-content\/uploads\/2025\/03\/mfst.jpg",800,800,false],"1536x1536":["https:\/\/hsgascylinder-factory.com\/wp-content\/uploads\/2025\/03\/mfst.jpg",800,800,false],"2048x2048":["https:\/\/hsgascylinder-factory.com\/wp-content\/uploads\/2025\/03\/mfst.jpg",800,800,false],"trp-custom-language-flag":["https:\/\/hsgascylinder-factory.com\/wp-content\/uploads\/2025\/03\/mfst-12x12.jpg",12,12,true],"woocommerce_thumbnail":["https:\/\/hsgascylinder-factory.com\/wp-content\/uploads\/2025\/03\/mfst-500x500.jpg",500,500,true],"woocommerce_single":["https:\/\/hsgascylinder-factory.com\/wp-content\/uploads\/2025\/03\/mfst-600x600.jpg",600,600,true],"woocommerce_gallery_thumbnail":["https:\/\/hsgascylinder-factory.com\/wp-content\/uploads\/2025\/03\/mfst-100x100.jpg",100,100,true]},"uagb_author_info":{"display_name":"jinxing6611@gmail.com","author_link":"https:\/\/hsgascylinder-factory.com\/da\/author\/"},"uagb_comment_info":0,"uagb_excerpt":"Brand:\u00a0HS Product origin:\u00a0Made in China Delivery time:\u00a015 to 30 days Supply capacity:\u00a0Annual output of more than 800,000 pieces ISO9809-3 150bar Small fire tanks perfluorohexanone gas cylinders 1. Fill gas: perfluorohexanone 2. Aliases: Perfluorinated Hexanone cylinders, Fire Protection Cylinder, Storage Tank Fire Fighting, Mini Fire Gas Tanks, Mini Fire Gas Tanks, Fire Cylinder Tips for safe&hellip;","_links":{"self":[{"href":"https:\/\/hsgascylinder-factory.com\/da\/wp-json\/wp\/v2\/product\/4057","targetHints":{"allow":["GET"]}}],"collection":[{"href":"https:\/\/hsgascylinder-factory.com\/da\/wp-json\/wp\/v2\/product"}],"about":[{"href":"https:\/\/hsgascylinder-factory.com\/da\/wp-json\/wp\/v2\/types\/product"}],"wp:featuredmedia":[{"embeddable":true,"href":"https:\/\/hsgascylinder-factory.com\/da\/wp-json\/wp\/v2\/media\/4060"}],"wp:attachment":[{"href":"https:\/\/hsgascylinder-factory.com\/da\/wp-json\/wp\/v2\/media?parent=4057"}],"wp:term":[{"taxonomy":"product_brand","embeddable":true,"href":"https:\/\/hsgascylinder-factory.com\/da\/wp-json\/wp\/v2\/product_brand?post=4057"},{"taxonomy":"product_cat","embeddable":true,"href":"https:\/\/hsgascylinder-factory.com\/da\/wp-json\/wp\/v2\/product_cat?post=4057"},{"taxonomy":"product_tag","embeddable":true,"href":"https:\/\/hsgascylinder-factory.com\/da\/wp-json\/wp\/v2\/product_tag?post=4057"}],"curies":[{"name":"wp","href":"https:\/\/api.w.org\/{rel}","templated":true}]}}