{"id":4042,"date":"2025-03-31T10:10:28","date_gmt":"2025-03-31T10:10:28","guid":{"rendered":"https:\/\/darkslategray-hippopotamus-243231.hostingersite.com\/?post_type=product&#038;p=4042"},"modified":"2025-03-31T10:25:42","modified_gmt":"2025-03-31T10:25:42","slug":"mini-fire-detecting-tube-fire-fighting-co2-gas-cylinder","status":"publish","type":"product","link":"https:\/\/hsgascylinder-factory.com\/da\/vare\/mini-fire-detecting-tube-fire-fighting-co2-gas-cylinder\/","title":{"rendered":"Mini Fire Detecting Tube Brandbek\u00e6mpelse Co2 Gas Cylinder"},"content":{"rendered":"<p><iframe title=\"YouTube-videoafspiller\" src=\"https:\/\/www.youtube.com\/embed\/WsDyRAPFBC8?si=qIHqgHGWa7fEm9ZB\" width=\"560\" height=\"315\" frameborder=\"0\" allowfullscreen=\"allowfullscreen\"><\/iframe><\/p>\n<p><img alt=\"\" fetchpriority=\"high\" decoding=\"async\" class=\"alignnone size-full wp-image-4055\" src=\"https:\/\/darkslategray-hippopotamus-243231.hostingersite.com\/wp-content\/uploads\/2025\/03\/mfdtn1.jpg\" width=\"800\" height=\"534\" srcset=\"https:\/\/hsgascylinder-factory.com\/wp-content\/uploads\/2025\/03\/mfdtn1.jpg 800w, https:\/\/hsgascylinder-factory.com\/wp-content\/uploads\/2025\/03\/mfdtn1-300x200.jpg 300w, https:\/\/hsgascylinder-factory.com\/wp-content\/uploads\/2025\/03\/mfdtn1-768x513.jpg 768w, https:\/\/hsgascylinder-factory.com\/wp-content\/uploads\/2025\/03\/mfdtn1-18x12.jpg 18w, https:\/\/hsgascylinder-factory.com\/wp-content\/uploads\/2025\/03\/mfdtn1-600x401.jpg 600w\" sizes=\"(max-width: 800px) 100vw, 800px\" \/><\/p>\n<p>Branddetektoren best\u00e5r af en gasflaske, en beholderventil og et branddetektorr\u00f8r og\/eller et frig\u00f8relsesr\u00f8r, der kan frig\u00f8re brandslukningsmidlet.<\/p>\n<p>Branddetektoren placeres t\u00e6t p\u00e5 eller over det sted, hvor der er st\u00f8rst sandsynlighed for, at der opst\u00e5r brand, og detekteres af et antal detektionspunkter (line\u00e6re) langs branddetektoren. N\u00e5r der opst\u00e5r brand, bl\u00f8dg\u00f8res brandr\u00f8ret ved den h\u00f8jeste opvarmningstemperatur og eksploderer, hvorved slukningsmidlet frigives til det beskyttede omr\u00e5de gennem selve brandr\u00f8ret (direkte system) eller dysen (indirekte system).<\/p>\n<p>Gasflaskernes vigtigste funktion er at opbevare brandslukningsmidler under h\u00f8jt tryk.<\/p>\n<p>Brandsonder\u00f8ret er et nyt produkt, der er udviklet inden for h\u00f8jteknologi, og det er et h\u00f8jteknologisk ikke-metallisk kompositprodukt. Det kombinerer langvarig l\u00e6kagemodstand, fleksibilitet og effektiv temperaturf\u00f8lsomhed, spr\u00e6ngning, spr\u00f8jtning af slukningsmedier eller transmission af brandsignaler inden for et bestemt temperaturomr\u00e5de.<\/p>\n<p>Almindelige kuldioxidflasker er f\u00f8lgende<\/p>\n<p><img alt=\"\" decoding=\"async\" class=\"alignnone size-full wp-image-4056\" src=\"https:\/\/darkslategray-hippopotamus-243231.hostingersite.com\/wp-content\/uploads\/2025\/03\/mfdtn2.jpg\" width=\"600\" height=\"600\" srcset=\"https:\/\/hsgascylinder-factory.com\/wp-content\/uploads\/2025\/03\/mfdtn2.jpg 600w, https:\/\/hsgascylinder-factory.com\/wp-content\/uploads\/2025\/03\/mfdtn2-300x300.jpg 300w, https:\/\/hsgascylinder-factory.com\/wp-content\/uploads\/2025\/03\/mfdtn2-150x150.jpg 150w, https:\/\/hsgascylinder-factory.com\/wp-content\/uploads\/2025\/03\/mfdtn2-12x12.jpg 12w, https:\/\/hsgascylinder-factory.com\/wp-content\/uploads\/2025\/03\/mfdtn2-500x500.jpg 500w, https:\/\/hsgascylinder-factory.com\/wp-content\/uploads\/2025\/03\/mfdtn2-100x100.jpg 100w\" sizes=\"(max-width: 600px) 100vw, 600px\" \/><\/p>\n<table data-sort=\"sortDisabled\">\n<tbody>\n<tr class=\"firstRow\">\n<td align=\"center\" valign=\"middle\" width=\"370\">Type<\/td>\n<td align=\"center\" valign=\"middle\" width=\"15\">Udenfor<\/p>\n<p>Diameter<\/p>\n<p>(mm)<\/td>\n<td align=\"center\" valign=\"middle\" width=\"95\">Vand<\/p>\n<p>Kapacitet<\/p>\n<p>(L)<\/td>\n<td align=\"center\" valign=\"middle\" width=\"84\">Flaske<\/p>\n<p>H\u00f8jde<\/p>\n<p>(mm)<\/td>\n<td align=\"center\" valign=\"middle\" width=\"83\">V\u00e6gt<\/p>\n<p>\uff08kg\uff09<\/td>\n<td align=\"center\" valign=\"middle\" width=\"96\">Arbejde<\/p>\n<p>Tryk<\/p>\n<p>\uff08Bar\uff09<\/td>\n<td align=\"center\" valign=\"middle\" width=\"111\">Design v\u00e6g<\/p>\n<p>tykkelse<\/p>\n<p>(mm)<\/td>\n<td align=\"center\" valign=\"middle\" width=\"90\">Materiale<\/p>\n<p>Karakterer<\/td>\n<\/tr>\n<tr>\n<td align=\"center\" valign=\"middle\" width=\"370\">WM\u216189-1L-150<\/td>\n<td align=\"center\" valign=\"middle\" width=\"15\">89<\/td>\n<td align=\"center\" valign=\"middle\" width=\"95\">1<\/td>\n<td align=\"center\" valign=\"middle\" width=\"84\">240<\/td>\n<td align=\"center\" valign=\"middle\" width=\"83\">1.83<\/td>\n<td colspan=\"1\" rowspan=\"16\" align=\"center\" valign=\"middle\" width=\"96\">150<\/td>\n<td align=\"center\" valign=\"middle\" width=\"111\">2.4<\/td>\n<td colspan=\"1\" rowspan=\"16\" align=\"center\" valign=\"middle\" width=\"90\">37MN<\/td>\n<\/tr>\n<tr>\n<td align=\"center\" valign=\"middle\" width=\"370\">WM\u216189-1.4L-150<\/td>\n<td align=\"center\" valign=\"middle\" width=\"15\">89<\/td>\n<td align=\"center\" valign=\"middle\" width=\"95\">1.4<\/td>\n<td align=\"center\" valign=\"middle\" width=\"84\">310<\/td>\n<td align=\"center\" valign=\"middle\" width=\"83\">2.30<\/td>\n<td align=\"center\" valign=\"middle\" width=\"111\">2.4<\/td>\n<\/tr>\n<tr>\n<td align=\"center\" valign=\"middle\" width=\"370\">WM\u2161108-2.0L-150<\/td>\n<td align=\"center\" valign=\"middle\" width=\"15\">108<\/td>\n<td align=\"center\" valign=\"middle\" width=\"95\">2<\/td>\n<td align=\"center\" valign=\"middle\" width=\"84\">310<\/td>\n<td align=\"center\" valign=\"middle\" width=\"83\">3.62<\/td>\n<td align=\"center\" valign=\"middle\" width=\"111\">2.9<\/td>\n<\/tr>\n<tr>\n<td align=\"center\" valign=\"middle\" width=\"370\">WM\u2161108-5.0L-150<\/td>\n<td align=\"center\" valign=\"middle\" width=\"15\">108<\/td>\n<td align=\"center\" valign=\"middle\" width=\"95\">5.0<\/td>\n<td align=\"center\" valign=\"middle\" width=\"84\">696<\/td>\n<td align=\"center\" valign=\"middle\" width=\"83\">7.74<\/td>\n<td align=\"center\" valign=\"middle\" width=\"111\">2.9<\/td>\n<\/tr>\n<tr>\n<td colspan=\"1\" rowspan=\"1\" align=\"center\" valign=\"middle\" width=\"325\">WM\u2161140-4.0L-150<\/td>\n<td colspan=\"1\" rowspan=\"1\" align=\"center\" valign=\"middle\" width=\"15\">140<\/td>\n<td colspan=\"1\" rowspan=\"1\" align=\"center\" valign=\"middle\" width=\"95\">4.0<\/td>\n<td colspan=\"1\" rowspan=\"1\" align=\"center\" valign=\"middle\" width=\"84\">375<\/td>\n<td colspan=\"1\" rowspan=\"1\" align=\"center\" valign=\"middle\" width=\"83\">5.89<\/td>\n<td colspan=\"1\" rowspan=\"1\" align=\"center\" valign=\"middle\" width=\"111\">3.8<\/td>\n<\/tr>\n<tr>\n<td colspan=\"1\" rowspan=\"1\" align=\"center\" valign=\"middle\" width=\"370\">WM\u2161140-5.0L-150<\/td>\n<td colspan=\"1\" rowspan=\"1\" align=\"center\" valign=\"middle\" width=\"15\">140<\/td>\n<td colspan=\"1\" rowspan=\"1\" align=\"center\" valign=\"middle\" width=\"95\">5.0<\/td>\n<td colspan=\"1\" rowspan=\"1\" align=\"center\" valign=\"middle\" width=\"84\">447<\/td>\n<td colspan=\"1\" rowspan=\"1\" align=\"center\" valign=\"middle\" width=\"83\">6.96<\/td>\n<td colspan=\"1\" rowspan=\"1\" align=\"center\" valign=\"middle\" width=\"111\">3.8<\/td>\n<\/tr>\n<tr>\n<td colspan=\"1\" rowspan=\"1\" align=\"center\" valign=\"middle\" width=\"370\">WM\u2161140-6.3L-150<\/td>\n<td colspan=\"1\" rowspan=\"1\" align=\"center\" valign=\"middle\" width=\"15\">140<\/td>\n<td colspan=\"1\" rowspan=\"1\" align=\"center\" valign=\"middle\" width=\"95\">6.3<\/td>\n<td colspan=\"1\" rowspan=\"1\" align=\"center\" valign=\"middle\" width=\"84\">540<\/td>\n<td colspan=\"1\" rowspan=\"1\" align=\"center\" valign=\"middle\" width=\"83\">7.88<\/td>\n<td colspan=\"1\" rowspan=\"1\" align=\"center\" valign=\"middle\" width=\"111\">3.8<\/td>\n<\/tr>\n<tr>\n<td colspan=\"1\" rowspan=\"1\" align=\"center\" valign=\"middle\" width=\"370\">WM\u2161140-8.0L-150<\/td>\n<td colspan=\"1\" rowspan=\"1\" align=\"center\" valign=\"middle\" width=\"15\">140<\/td>\n<td colspan=\"1\" rowspan=\"1\" align=\"center\" valign=\"middle\" width=\"95\">8.0<\/td>\n<td colspan=\"1\" rowspan=\"1\" align=\"center\" valign=\"middle\" width=\"84\">665<\/td>\n<td colspan=\"1\" rowspan=\"1\" align=\"center\" valign=\"middle\" width=\"83\">9.68<\/td>\n<td colspan=\"1\" rowspan=\"1\" align=\"center\" valign=\"middle\" width=\"111\">3.8<\/td>\n<\/tr>\n<tr>\n<td colspan=\"1\" rowspan=\"1\" align=\"center\" valign=\"middle\" width=\"370\">WM\u2161140-9.0L-150<\/td>\n<td colspan=\"1\" rowspan=\"1\" align=\"center\" valign=\"middle\" width=\"15\">140<\/td>\n<td colspan=\"1\" rowspan=\"1\" align=\"center\" valign=\"middle\" width=\"95\">9.0<\/td>\n<td colspan=\"1\" rowspan=\"1\" align=\"center\" valign=\"middle\" width=\"84\">744<\/td>\n<td colspan=\"1\" rowspan=\"1\" align=\"center\" valign=\"middle\" width=\"83\">10.7<\/td>\n<td colspan=\"1\" rowspan=\"1\" align=\"center\" valign=\"middle\" width=\"111\">3.8<\/td>\n<\/tr>\n<tr>\n<td colspan=\"1\" rowspan=\"1\" align=\"center\" valign=\"middle\" width=\"370\">WM\u2161140-10.0L-150<\/td>\n<td colspan=\"1\" rowspan=\"1\" align=\"center\" valign=\"middle\" width=\"15\">140<\/td>\n<td colspan=\"1\" rowspan=\"1\" align=\"center\" valign=\"middle\" width=\"95\">10.0<\/td>\n<td colspan=\"1\" rowspan=\"1\" align=\"center\" valign=\"middle\" width=\"84\">818<\/td>\n<td colspan=\"1\" rowspan=\"1\" align=\"center\" valign=\"middle\" width=\"83\">11.9<\/td>\n<td colspan=\"1\" rowspan=\"1\" align=\"center\" valign=\"middle\" width=\"111\">3.8<\/td>\n<\/tr>\n<tr>\n<td colspan=\"1\" rowspan=\"1\" align=\"center\" valign=\"middle\" width=\"302\">WM\u2161159-8.0L-150<\/td>\n<td colspan=\"1\" rowspan=\"1\" align=\"center\" valign=\"middle\" width=\"15\">159<\/td>\n<td colspan=\"1\" rowspan=\"1\" align=\"center\" valign=\"middle\" width=\"95\">8.0<\/td>\n<td colspan=\"1\" rowspan=\"1\" align=\"center\" valign=\"middle\" width=\"84\">548<\/td>\n<td colspan=\"1\" rowspan=\"1\" align=\"center\" valign=\"middle\" width=\"83\">9.11<\/td>\n<td colspan=\"1\" rowspan=\"1\" align=\"center\" valign=\"middle\" width=\"111\">4.3<\/td>\n<\/tr>\n<tr>\n<td colspan=\"1\" rowspan=\"1\" align=\"center\" valign=\"middle\" width=\"370\">WM\u2161159-10.0L-150<\/td>\n<td colspan=\"1\" rowspan=\"1\" align=\"center\" valign=\"middle\" width=\"15\">159<\/td>\n<td colspan=\"1\" rowspan=\"1\" align=\"center\" valign=\"middle\" width=\"95\">10.0<\/td>\n<td colspan=\"1\" rowspan=\"1\" align=\"center\" valign=\"middle\" width=\"84\">660<\/td>\n<td colspan=\"1\" rowspan=\"1\" align=\"center\" valign=\"middle\" width=\"83\">10.9<\/td>\n<td colspan=\"1\" rowspan=\"1\" align=\"center\" valign=\"middle\" width=\"111\">4.3<\/td>\n<\/tr>\n<tr>\n<td colspan=\"1\" rowspan=\"1\" align=\"center\" valign=\"middle\" width=\"270\">WM\u2161159-12.0L-150<\/td>\n<td colspan=\"1\" rowspan=\"1\" align=\"center\" valign=\"middle\" width=\"15\">159<\/td>\n<td colspan=\"1\" rowspan=\"1\" align=\"center\" valign=\"middle\" width=\"95\">12.0<\/td>\n<td colspan=\"1\" rowspan=\"1\" align=\"center\" valign=\"middle\" width=\"84\">780<\/td>\n<td colspan=\"1\" rowspan=\"1\" align=\"center\" valign=\"middle\" width=\"83\">13.1<\/td>\n<td colspan=\"1\" rowspan=\"1\" align=\"center\" valign=\"middle\" width=\"111\">4.3<\/td>\n<\/tr>\n<tr>\n<td colspan=\"1\" rowspan=\"1\" align=\"center\" valign=\"middle\" width=\"370\">WM\u2161159-13.4L-150<\/td>\n<td colspan=\"1\" rowspan=\"1\" align=\"center\" valign=\"middle\" width=\"15\">159<\/td>\n<td colspan=\"1\" rowspan=\"1\" align=\"center\" valign=\"middle\" width=\"95\">13.4<\/td>\n<td colspan=\"1\" rowspan=\"1\" align=\"center\" valign=\"middle\" width=\"84\">861<\/td>\n<td colspan=\"1\" rowspan=\"1\" align=\"center\" valign=\"middle\" width=\"83\">15.4<\/td>\n<td colspan=\"1\" rowspan=\"1\" align=\"center\" valign=\"middle\" width=\"111\">4.3<\/td>\n<\/tr>\n<tr>\n<td colspan=\"1\" rowspan=\"1\" align=\"center\" valign=\"middle\" width=\"195\">WM\u2161159-15.0L-150<\/td>\n<td colspan=\"1\" rowspan=\"1\" align=\"center\" valign=\"middle\" width=\"15\">159<\/td>\n<td colspan=\"1\" rowspan=\"1\" align=\"center\" valign=\"middle\" width=\"95\">15.0<\/td>\n<td colspan=\"1\" rowspan=\"1\" align=\"center\" valign=\"middle\" width=\"84\">932<\/td>\n<td colspan=\"1\" rowspan=\"1\" align=\"center\" valign=\"middle\" width=\"83\">16.8<\/td>\n<td colspan=\"1\" rowspan=\"1\" align=\"center\" valign=\"middle\" width=\"111\">4.3<\/td>\n<\/tr>\n<tr>\n<td colspan=\"1\" rowspan=\"1\" align=\"center\" valign=\"middle\" width=\"370\">WM\u2161180-20.0L-150<\/td>\n<td colspan=\"1\" rowspan=\"1\" align=\"center\" valign=\"middle\" width=\"15\">180<\/td>\n<td colspan=\"1\" rowspan=\"1\" align=\"center\" valign=\"middle\" width=\"95\">20.0<\/td>\n<td colspan=\"1\" rowspan=\"1\" align=\"center\" valign=\"middle\" width=\"84\">1012<\/td>\n<td colspan=\"1\" rowspan=\"1\" align=\"center\" valign=\"middle\" width=\"83\">24.8<\/td>\n<td colspan=\"1\" rowspan=\"1\" align=\"center\" valign=\"middle\" width=\"111\">4.9<\/td>\n<\/tr>\n<\/tbody>\n<\/table>","protected":false},"excerpt":{"rendered":"<ul class=\"meta\">\n<li><label>Brand:<\/label>\u00a0HS<\/li>\n<li><label>Produktets oprindelse:<\/label>\u00a0Fremstillet i Kina<\/li>\n<li><label>Leveringstid:<\/label>\u00a015 til 30 dage<\/li>\n<li><label>Forsyningskapacitet:<\/label>\u00a0\u00c5rlig produktion p\u00e5 mere end 800.000 stykker<\/li>\n<\/ul>\n<p class=\"desc\">ISO9809-3 150bar Lille branddetektorr\u00f8r, brand-CO2-cylinder<br \/>\nInformation om produktet:<br \/>\n1. Parametre for lille kuldioxid branddetektor cylinder: 89mm-180mm ydre diameter; 0,8 liter til 20 liter sm\u00e5 brandr\u00f8rsgasflasker; Arbejdstrykket for lille kuldioxid branddetektor cylinder er 150bar; Hydrostatisk testtryk er 250bar; Iso9809-3 produktionsstandard; 37 mn materiale;<br \/>\n2. H\u00f8jde p\u00e5 lille kuldioxid branddetektor cylinder: 197mm-1012mm; Lille kuldioxid branddetektor cylinder kropsv\u00e6gt: 1,60 kg-24,8 kg; Cylindermundtr\u00e5d: PZ19.2, PZ27.8,25E; Og s\u00e5 videre; Minimum design v\u00e6gtykkelse af gasflasker: 2,4 mm-4,9 mm;<br \/>\n3. P\u00e5fyldning af gas: CO2 (flydende kuldioxid)<br \/>\n4. Aliasser: Cylinder til brandslukningsgas, mini-brandcylinder, CO2-cylinder til brandslukning, brandslukningscylinder, branddetekteringsr\u00f8r<br \/>\nTips til sikker brug af gasflasker:<br \/>\nBrandr\u00f8ret er et brandr\u00f8r, som er en ny brandslukningsanordning, der netop er udviklet i ind- og udland.<\/p>","protected":false},"featured_media":4045,"template":"","meta":{"_seopress_robots_primary_cat":"","_seopress_titles_title":"","_seopress_titles_desc":"","_seopress_robots_index":"","_uag_custom_page_level_css":"","site-sidebar-layout":"default","site-content-layout":"","ast-site-content-layout":"default","site-content-style":"default","site-sidebar-style":"default","ast-global-header-display":"","ast-banner-title-visibility":"","ast-main-header-display":"","ast-hfb-above-header-display":"","ast-hfb-below-header-display":"","ast-hfb-mobile-header-display":"","site-post-title":"","ast-breadcrumbs-content":"","ast-featured-img":"","footer-sml-layout":"","ast-disable-related-posts":"","theme-transparent-header-meta":"default","adv-header-id-meta":"","stick-header-meta":"default","header-above-stick-meta":"","header-main-stick-meta":"","header-below-stick-meta":"","astra-migrate-meta-layouts":"set","ast-page-background-enabled":"default","ast-page-background-meta":{"desktop":{"background-color":"","background-image":"","background-repeat":"repeat","background-position":"center center","background-size":"auto","background-attachment":"scroll","background-type":"","background-media":"","overlay-type":"","overlay-color":"","overlay-opacity":"","overlay-gradient":""},"tablet":{"background-color":"","background-image":"","background-repeat":"repeat","background-position":"center center","background-size":"auto","background-attachment":"scroll","background-type":"","background-media":"","overlay-type":"","overlay-color":"","overlay-opacity":"","overlay-gradient":""},"mobile":{"background-color":"","background-image":"","background-repeat":"repeat","background-position":"center center","background-size":"auto","background-attachment":"scroll","background-type":"","background-media":"","overlay-type":"","overlay-color":"","overlay-opacity":"","overlay-gradient":""}},"ast-content-background-meta":{"desktop":{"background-color":"var(--ast-global-color-5)","background-image":"","background-repeat":"repeat","background-position":"center center","background-size":"auto","background-attachment":"scroll","background-type":"","background-media":"","overlay-type":"","overlay-color":"","overlay-opacity":"","overlay-gradient":""},"tablet":{"background-color":"var(--ast-global-color-5)","background-image":"","background-repeat":"repeat","background-position":"center center","background-size":"auto","background-attachment":"scroll","background-type":"","background-media":"","overlay-type":"","overlay-color":"","overlay-opacity":"","overlay-gradient":""},"mobile":{"background-color":"var(--ast-global-color-5)","background-image":"","background-repeat":"repeat","background-position":"center center","background-size":"auto","background-attachment":"scroll","background-type":"","background-media":"","overlay-type":"","overlay-color":"","overlay-opacity":"","overlay-gradient":""}}},"product_brand":[],"product_cat":[35],"product_tag":[],"class_list":{"0":"post-4042","1":"product","2":"type-product","3":"status-publish","4":"has-post-thumbnail","6":"product_cat-fire","7":"desktop-align-center","8":"tablet-align-left","9":"mobile-align-left","10":"ast-product-gallery-layout-horizontal-slider","11":"ast-product-tabs-layout-horizontal","13":"first","14":"instock","15":"featured","16":"shipping-taxable","17":"product-type-simple"},"uagb_featured_image_src":{"full":["https:\/\/hsgascylinder-factory.com\/wp-content\/uploads\/2025\/03\/mfdt.jpg",800,800,false],"thumbnail":["https:\/\/hsgascylinder-factory.com\/wp-content\/uploads\/2025\/03\/mfdt-150x150.jpg",150,150,true],"medium":["https:\/\/hsgascylinder-factory.com\/wp-content\/uploads\/2025\/03\/mfdt-300x300.jpg",300,300,true],"medium_large":["https:\/\/hsgascylinder-factory.com\/wp-content\/uploads\/2025\/03\/mfdt-768x768.jpg",768,768,true],"large":["https:\/\/hsgascylinder-factory.com\/wp-content\/uploads\/2025\/03\/mfdt.jpg",800,800,false],"1536x1536":["https:\/\/hsgascylinder-factory.com\/wp-content\/uploads\/2025\/03\/mfdt.jpg",800,800,false],"2048x2048":["https:\/\/hsgascylinder-factory.com\/wp-content\/uploads\/2025\/03\/mfdt.jpg",800,800,false],"trp-custom-language-flag":["https:\/\/hsgascylinder-factory.com\/wp-content\/uploads\/2025\/03\/mfdt-12x12.jpg",12,12,true],"woocommerce_thumbnail":["https:\/\/hsgascylinder-factory.com\/wp-content\/uploads\/2025\/03\/mfdt-500x500.jpg",500,500,true],"woocommerce_single":["https:\/\/hsgascylinder-factory.com\/wp-content\/uploads\/2025\/03\/mfdt-600x600.jpg",600,600,true],"woocommerce_gallery_thumbnail":["https:\/\/hsgascylinder-factory.com\/wp-content\/uploads\/2025\/03\/mfdt-100x100.jpg",100,100,true]},"uagb_author_info":{"display_name":"jinxing6611@gmail.com","author_link":"https:\/\/hsgascylinder-factory.com\/da\/author\/"},"uagb_comment_info":0,"uagb_excerpt":"Brand:\u00a0HS Product origin:\u00a0Made in China Delivery time:\u00a015 to 30 days Supply capacity:\u00a0Annual output of more than 800,000 pieces ISO9809-3 150bar Small fire detector tube, fire CO2 cylinder Product Information: 1. Parameters of small carbon dioxide fire detector cylinder: 89mm-180mm outer diameter; 0.8 litre to 20 litre small fire tube gas cylinders; The working pressure of&hellip;","_links":{"self":[{"href":"https:\/\/hsgascylinder-factory.com\/da\/wp-json\/wp\/v2\/product\/4042","targetHints":{"allow":["GET"]}}],"collection":[{"href":"https:\/\/hsgascylinder-factory.com\/da\/wp-json\/wp\/v2\/product"}],"about":[{"href":"https:\/\/hsgascylinder-factory.com\/da\/wp-json\/wp\/v2\/types\/product"}],"wp:featuredmedia":[{"embeddable":true,"href":"https:\/\/hsgascylinder-factory.com\/da\/wp-json\/wp\/v2\/media\/4045"}],"wp:attachment":[{"href":"https:\/\/hsgascylinder-factory.com\/da\/wp-json\/wp\/v2\/media?parent=4042"}],"wp:term":[{"taxonomy":"product_brand","embeddable":true,"href":"https:\/\/hsgascylinder-factory.com\/da\/wp-json\/wp\/v2\/product_brand?post=4042"},{"taxonomy":"product_cat","embeddable":true,"href":"https:\/\/hsgascylinder-factory.com\/da\/wp-json\/wp\/v2\/product_cat?post=4042"},{"taxonomy":"product_tag","embeddable":true,"href":"https:\/\/hsgascylinder-factory.com\/da\/wp-json\/wp\/v2\/product_tag?post=4042"}],"curies":[{"name":"wp","href":"https:\/\/api.w.org\/{rel}","templated":true}]}}