{"id":3899,"date":"2025-03-31T03:48:50","date_gmt":"2025-03-31T03:48:50","guid":{"rendered":"https:\/\/darkslategray-hippopotamus-243231.hostingersite.com\/?post_type=product&#038;p=3899"},"modified":"2025-03-31T08:35:42","modified_gmt":"2025-03-31T08:35:42","slug":"200bar-medical-oxygen-valve-air-nitrogen-gas-bottles-valve","status":"publish","type":"product","link":"https:\/\/hsgascylinder-factory.com\/da\/vare\/200bar-medical-oxygen-valve-air-nitrogen-gas-bottles-valve\/","title":{"rendered":"200 bar medicinsk iltventil luft kv\u00e6lstof gasflasker ventil"},"content":{"rendered":"<p><iframe title=\"YouTube-videoafspiller\" src=\"https:\/\/www.youtube.com\/embed\/WKHKy89QaV0?si=NIFUSt4zWFShNTpW\" width=\"560\" height=\"315\" frameborder=\"0\" allowfullscreen=\"allowfullscreen\"><\/iframe><\/p>\n<p><img alt=\"\" fetchpriority=\"high\" decoding=\"async\" class=\"alignnone size-full wp-image-3912\" src=\"https:\/\/darkslategray-hippopotamus-243231.hostingersite.com\/wp-content\/uploads\/2025\/03\/200bmn1.jpg\" width=\"800\" height=\"800\" srcset=\"https:\/\/hsgascylinder-factory.com\/wp-content\/uploads\/2025\/03\/200bmn1.jpg 800w, https:\/\/hsgascylinder-factory.com\/wp-content\/uploads\/2025\/03\/200bmn1-300x300.jpg 300w, https:\/\/hsgascylinder-factory.com\/wp-content\/uploads\/2025\/03\/200bmn1-150x150.jpg 150w, https:\/\/hsgascylinder-factory.com\/wp-content\/uploads\/2025\/03\/200bmn1-768x768.jpg 768w, https:\/\/hsgascylinder-factory.com\/wp-content\/uploads\/2025\/03\/200bmn1-12x12.jpg 12w, https:\/\/hsgascylinder-factory.com\/wp-content\/uploads\/2025\/03\/200bmn1-500x500.jpg 500w, https:\/\/hsgascylinder-factory.com\/wp-content\/uploads\/2025\/03\/200bmn1-600x600.jpg 600w, https:\/\/hsgascylinder-factory.com\/wp-content\/uploads\/2025\/03\/200bmn1-100x100.jpg 100w\" sizes=\"(max-width: 800px) 100vw, 800px\" \/><\/p>\n<p>200 bar ilt og st\u00e6rk oxidationsgascylinderventilforseglingsmaterialer, h\u00e5ndhjul til flydende petroleumscylinderventil skal bruges flammeh\u00e6mmende materialer. De vigtigste pr\u00e6stationstestelementer inden levering er luftt\u00e6thedstest, sikkerhedsanordningens handlingstest;<\/p>\n<p>Metalliske og ikke-metalliske materialer, der kommer i kontakt med gasser i arbejdsmilj\u00f8et, skal v\u00e6re kompatible med mediet i flasken, som specificeret i ISO 11114-1 og ISO 11114-2.<\/p>\n<p>Metaldelenes mekaniske egenskaber efter smedning, presning og bearbejdning skal opfylde kravene til ventilens konstruktionsstyrke.<\/p>\n<p>N\u00e5r messing anvendes til ventiler til acetylenflasker, b\u00f8r kobberindholdet ikke overstige 65,0%.<\/p>\n<p>Flaskeventiler til flydende ammoniak b\u00f8r ikke v\u00e6re fremstillet af kobberlegering.<\/p>\n<p>Flaskeventiler til flydende klor skal v\u00e6re fremstillet af materialer, der er modstandsdygtige over for saltsyrekorrosion.<\/p>\n<p><img alt=\"\" decoding=\"async\" class=\"alignnone size-full wp-image-3913\" src=\"https:\/\/darkslategray-hippopotamus-243231.hostingersite.com\/wp-content\/uploads\/2025\/03\/200bmn2.jpg\" width=\"800\" height=\"800\" srcset=\"https:\/\/hsgascylinder-factory.com\/wp-content\/uploads\/2025\/03\/200bmn2.jpg 800w, https:\/\/hsgascylinder-factory.com\/wp-content\/uploads\/2025\/03\/200bmn2-300x300.jpg 300w, https:\/\/hsgascylinder-factory.com\/wp-content\/uploads\/2025\/03\/200bmn2-150x150.jpg 150w, https:\/\/hsgascylinder-factory.com\/wp-content\/uploads\/2025\/03\/200bmn2-768x768.jpg 768w, https:\/\/hsgascylinder-factory.com\/wp-content\/uploads\/2025\/03\/200bmn2-12x12.jpg 12w, https:\/\/hsgascylinder-factory.com\/wp-content\/uploads\/2025\/03\/200bmn2-500x500.jpg 500w, https:\/\/hsgascylinder-factory.com\/wp-content\/uploads\/2025\/03\/200bmn2-600x600.jpg 600w, https:\/\/hsgascylinder-factory.com\/wp-content\/uploads\/2025\/03\/200bmn2-100x100.jpg 100w\" sizes=\"(max-width: 800px) 100vw, 800px\" \/><\/p>\n<p><strong>Ventilhusets materiale<\/strong><\/p>\n<p>Ventilhusets materiale b\u00f8r ikke \u00e6ndres fra plast til spr\u00f8de materialer (s\u00e5som kobberlegering, austenitisk rustfrit st\u00e5l, aluminiumslegering og nikkellegering osv.) og skal opfylde kravene til ventilhusets konstruktionsstyrke, materialets ydeevne skal opfylde de tilsvarende nationale standarder.<\/p>\n<p>Flaskeventil refererer til den ventil, der er installeret p\u00e5 flasken for at styre gas til og fra og flowhastighed. Ogs\u00e5 kendt som \"flaskeventil\".<\/p>","protected":false},"excerpt":{"rendered":"<ul class=\"meta\">\n<li><label>Brand:<\/label>\u00a0HS<\/li>\n<li><label>Produktets oprindelse:<\/label>\u00a0Fremstillet i Kina<\/li>\n<li><label>Leveringstid:<\/label>\u00a015 til 30 dage<\/li>\n<li><label>Forsyningskapacitet:<\/label>\u00a0\u00c5rlig produktion p\u00e5 mere end 1 million<\/li>\n<\/ul>\n<p class=\"desc\">200 bar medicinsk iltventil luftnitrogenflaskeventil<br \/>\n200 bar f\u00e6lles ventilmodeller: QF-5, QF-42E, QF-28, QF-40B osv.<br \/>\nInformation om produktet:<br \/>\n1. For at sikre brugssikkerheden er det fastsat, at udl\u00f8bsspiralretningen p\u00e5 gasflaskeventilen skal bruge venstre skruegevind til br\u00e6ndbar gas og h\u00f8jre skruegevind til ikke-br\u00e6ndbar gas.<br \/>\n2. Cylinderventiler til forskellige medier bruges generelt i forskellige strukturer. Deres f\u00e6lles egenskaber er for det meste manuel, enkel struktur, lille st\u00f8rrelse, h\u00f8j styrke,<br \/>\n3, 200bar cylinderventil: arbejdstryk: 200bar; Testtryk: 300bar, arbejdstemperatur i -40 ~ 60 \u2103, materiale kan tilpasse sig de fysiske og kemiske egenskaber ved mediet og almindeligt anvendt kobber, nogle med sikkerhedsudladningsanordning.<br \/>\n4, cylinderventil i henhold til strukturen er opdelt i aksial type, klaptype, n\u00e5leform, gummitilslutningstype og membrantype. Deres virkeomr\u00e5de er trykomr\u00e5det for komprimeret gas og temperaturomr\u00e5det for flydende gas.<br \/>\n5, I form og identifikation f\u00f8r ventilhusets styrketest og \u00e5bningsmoment, \u00e5bningsomr\u00e5de, vibrationsmodstand, modstandsdygtighed over for fugtighed, h\u00f8j temperatur (eller lav temperatur) og vakuumtest.<br \/>\n6, Alias: Iltgasventiler, luftgasventiler, luftgasventiler, medicinske iltventiler<\/p>","protected":false},"featured_media":3902,"template":"","meta":{"_seopress_robots_primary_cat":"","_seopress_titles_title":"","_seopress_titles_desc":"","_seopress_robots_index":"","_uag_custom_page_level_css":"","site-sidebar-layout":"default","site-content-layout":"","ast-site-content-layout":"default","site-content-style":"default","site-sidebar-style":"default","ast-global-header-display":"","ast-banner-title-visibility":"","ast-main-header-display":"","ast-hfb-above-header-display":"","ast-hfb-below-header-display":"","ast-hfb-mobile-header-display":"","site-post-title":"","ast-breadcrumbs-content":"","ast-featured-img":"","footer-sml-layout":"","ast-disable-related-posts":"","theme-transparent-header-meta":"default","adv-header-id-meta":"","stick-header-meta":"default","header-above-stick-meta":"","header-main-stick-meta":"","header-below-stick-meta":"","astra-migrate-meta-layouts":"set","ast-page-background-enabled":"default","ast-page-background-meta":{"desktop":{"background-color":"","background-image":"","background-repeat":"repeat","background-position":"center center","background-size":"auto","background-attachment":"scroll","background-type":"","background-media":"","overlay-type":"","overlay-color":"","overlay-opacity":"","overlay-gradient":""},"tablet":{"background-color":"","background-image":"","background-repeat":"repeat","background-position":"center center","background-size":"auto","background-attachment":"scroll","background-type":"","background-media":"","overlay-type":"","overlay-color":"","overlay-opacity":"","overlay-gradient":""},"mobile":{"background-color":"","background-image":"","background-repeat":"repeat","background-position":"center center","background-size":"auto","background-attachment":"scroll","background-type":"","background-media":"","overlay-type":"","overlay-color":"","overlay-opacity":"","overlay-gradient":""}},"ast-content-background-meta":{"desktop":{"background-color":"var(--ast-global-color-5)","background-image":"","background-repeat":"repeat","background-position":"center center","background-size":"auto","background-attachment":"scroll","background-type":"","background-media":"","overlay-type":"","overlay-color":"","overlay-opacity":"","overlay-gradient":""},"tablet":{"background-color":"var(--ast-global-color-5)","background-image":"","background-repeat":"repeat","background-position":"center center","background-size":"auto","background-attachment":"scroll","background-type":"","background-media":"","overlay-type":"","overlay-color":"","overlay-opacity":"","overlay-gradient":""},"mobile":{"background-color":"var(--ast-global-color-5)","background-image":"","background-repeat":"repeat","background-position":"center center","background-size":"auto","background-attachment":"scroll","background-type":"","background-media":"","overlay-type":"","overlay-color":"","overlay-opacity":"","overlay-gradient":""}}},"product_brand":[],"product_cat":[34],"product_tag":[],"class_list":{"0":"post-3899","1":"product","2":"type-product","3":"status-publish","4":"has-post-thumbnail","6":"product_cat-flowmeter","7":"desktop-align-center","8":"tablet-align-left","9":"mobile-align-left","10":"ast-product-gallery-layout-horizontal-slider","11":"ast-product-tabs-layout-horizontal","13":"first","14":"instock","15":"featured","16":"shipping-taxable","17":"product-type-simple"},"uagb_featured_image_src":{"full":["https:\/\/hsgascylinder-factory.com\/wp-content\/uploads\/2025\/03\/200bm.jpg",800,800,false],"thumbnail":["https:\/\/hsgascylinder-factory.com\/wp-content\/uploads\/2025\/03\/200bm-150x150.jpg",150,150,true],"medium":["https:\/\/hsgascylinder-factory.com\/wp-content\/uploads\/2025\/03\/200bm-300x300.jpg",300,300,true],"medium_large":["https:\/\/hsgascylinder-factory.com\/wp-content\/uploads\/2025\/03\/200bm-768x768.jpg",768,768,true],"large":["https:\/\/hsgascylinder-factory.com\/wp-content\/uploads\/2025\/03\/200bm.jpg",800,800,false],"1536x1536":["https:\/\/hsgascylinder-factory.com\/wp-content\/uploads\/2025\/03\/200bm.jpg",800,800,false],"2048x2048":["https:\/\/hsgascylinder-factory.com\/wp-content\/uploads\/2025\/03\/200bm.jpg",800,800,false],"trp-custom-language-flag":["https:\/\/hsgascylinder-factory.com\/wp-content\/uploads\/2025\/03\/200bm-12x12.jpg",12,12,true],"woocommerce_thumbnail":["https:\/\/hsgascylinder-factory.com\/wp-content\/uploads\/2025\/03\/200bm-500x500.jpg",500,500,true],"woocommerce_single":["https:\/\/hsgascylinder-factory.com\/wp-content\/uploads\/2025\/03\/200bm-600x600.jpg",600,600,true],"woocommerce_gallery_thumbnail":["https:\/\/hsgascylinder-factory.com\/wp-content\/uploads\/2025\/03\/200bm-100x100.jpg",100,100,true]},"uagb_author_info":{"display_name":"jinxing6611@gmail.com","author_link":"https:\/\/hsgascylinder-factory.com\/da\/author\/"},"uagb_comment_info":0,"uagb_excerpt":"Brand:\u00a0HS Product origin:\u00a0Made in China Delivery time:\u00a015 to 30 days Supply capacity:\u00a0Annual output of more than 1 million 200bar medical oxygen valve air nitrogen cylinder valve 200bar common valve models: QF-5, QF-42E,QF-28,QF-40B, etc Product Information: 1. In order to ensure the safety of use, it is stipulated that the outlet spiral direction of gas cylinder&hellip;","_links":{"self":[{"href":"https:\/\/hsgascylinder-factory.com\/da\/wp-json\/wp\/v2\/product\/3899","targetHints":{"allow":["GET"]}}],"collection":[{"href":"https:\/\/hsgascylinder-factory.com\/da\/wp-json\/wp\/v2\/product"}],"about":[{"href":"https:\/\/hsgascylinder-factory.com\/da\/wp-json\/wp\/v2\/types\/product"}],"wp:featuredmedia":[{"embeddable":true,"href":"https:\/\/hsgascylinder-factory.com\/da\/wp-json\/wp\/v2\/media\/3902"}],"wp:attachment":[{"href":"https:\/\/hsgascylinder-factory.com\/da\/wp-json\/wp\/v2\/media?parent=3899"}],"wp:term":[{"taxonomy":"product_brand","embeddable":true,"href":"https:\/\/hsgascylinder-factory.com\/da\/wp-json\/wp\/v2\/product_brand?post=3899"},{"taxonomy":"product_cat","embeddable":true,"href":"https:\/\/hsgascylinder-factory.com\/da\/wp-json\/wp\/v2\/product_cat?post=3899"},{"taxonomy":"product_tag","embeddable":true,"href":"https:\/\/hsgascylinder-factory.com\/da\/wp-json\/wp\/v2\/product_tag?post=3899"}],"curies":[{"name":"wp","href":"https:\/\/api.w.org\/{rel}","templated":true}]}}