{"id":3883,"date":"2025-03-31T03:35:49","date_gmt":"2025-03-31T03:35:49","guid":{"rendered":"https:\/\/darkslategray-hippopotamus-243231.hostingersite.com\/?post_type=product&#038;p=3883"},"modified":"2025-03-31T10:33:48","modified_gmt":"2025-03-31T10:33:48","slug":"fighting-tank-68l-150bar-fire-extinguisher-co2-gas-cylinders","status":"publish","type":"product","link":"https:\/\/hsgascylinder-factory.com\/da\/vare\/fighting-tank-68l-150bar-fire-extinguisher-co2-gas-cylinders\/","title":{"rendered":"Slukningstank 68L 150bar Brandslukker CO2 Gasflasker"},"content":{"rendered":"<p><iframe title=\"YouTube-videoafspiller\" src=\"https:\/\/www.youtube.com\/embed\/v--fN-s-KGQ?si=KFMT4G-W-FytQx9w\" width=\"560\" height=\"315\" frameborder=\"0\" allowfullscreen=\"allowfullscreen\"><\/iframe><\/p>\n<p><img alt=\"\" fetchpriority=\"high\" decoding=\"async\" class=\"alignnone size-full wp-image-3896\" src=\"https:\/\/darkslategray-hippopotamus-243231.hostingersite.com\/wp-content\/uploads\/2025\/03\/ft68ln1.jpg\" width=\"800\" height=\"800\" srcset=\"https:\/\/hsgascylinder-factory.com\/wp-content\/uploads\/2025\/03\/ft68ln1.jpg 800w, https:\/\/hsgascylinder-factory.com\/wp-content\/uploads\/2025\/03\/ft68ln1-300x300.jpg 300w, https:\/\/hsgascylinder-factory.com\/wp-content\/uploads\/2025\/03\/ft68ln1-150x150.jpg 150w, https:\/\/hsgascylinder-factory.com\/wp-content\/uploads\/2025\/03\/ft68ln1-768x768.jpg 768w, https:\/\/hsgascylinder-factory.com\/wp-content\/uploads\/2025\/03\/ft68ln1-12x12.jpg 12w, https:\/\/hsgascylinder-factory.com\/wp-content\/uploads\/2025\/03\/ft68ln1-500x500.jpg 500w, https:\/\/hsgascylinder-factory.com\/wp-content\/uploads\/2025\/03\/ft68ln1-600x600.jpg 600w, https:\/\/hsgascylinder-factory.com\/wp-content\/uploads\/2025\/03\/ft68ln1-100x100.jpg 100w\" sizes=\"(max-width: 800px) 100vw, 800px\" \/><\/p>\n<p>H\u00f8jtryks-kuldioxid-brandslukningssystem er en ren fysisk m\u00e5de at slukke ild p\u00e5 ved at spr\u00f8jte h\u00f8jt tryk for at opbevare flydende kuldioxid og bruge den fysiske kv\u00e6lning og fordampning og varmeabsorption af kuldioxid.<\/p>\n<p>H\u00f8jtryks-CARBONdioxid-brandslukningssystem: H\u00f8jtryks-Carbondioxid-brandslukningsanordning, gasbrandslukningscontroller, branddetektor, lyd- og lysalarm, udst\u00f8dningsindikatorlampe, n\u00f8dstart- og stopknap, perifer str\u00f8mforsyning og andre komponenter i et komplet automatisk brandslukningssystem.<\/p>\n<p>Kan best\u00e5 af et uafh\u00e6ngigt enhedssystem eller et kombineret distributionssystem og andre former for implementering af et enkelt eller flere brandbeskyttelsesomr\u00e5der. Automatisk brandslukning, elektrisk manuel brandslukning, mekanisk manuel n\u00f8dbrandslukning, som brugerne kan v\u00e6lge.<\/p>\n<p><img alt=\"\" decoding=\"async\" class=\"alignnone size-full wp-image-3897\" src=\"https:\/\/darkslategray-hippopotamus-243231.hostingersite.com\/wp-content\/uploads\/2025\/03\/ft68ln2.jpg\" width=\"800\" height=\"800\" srcset=\"https:\/\/hsgascylinder-factory.com\/wp-content\/uploads\/2025\/03\/ft68ln2.jpg 800w, https:\/\/hsgascylinder-factory.com\/wp-content\/uploads\/2025\/03\/ft68ln2-300x300.jpg 300w, https:\/\/hsgascylinder-factory.com\/wp-content\/uploads\/2025\/03\/ft68ln2-150x150.jpg 150w, https:\/\/hsgascylinder-factory.com\/wp-content\/uploads\/2025\/03\/ft68ln2-768x768.jpg 768w, https:\/\/hsgascylinder-factory.com\/wp-content\/uploads\/2025\/03\/ft68ln2-12x12.jpg 12w, https:\/\/hsgascylinder-factory.com\/wp-content\/uploads\/2025\/03\/ft68ln2-500x500.jpg 500w, https:\/\/hsgascylinder-factory.com\/wp-content\/uploads\/2025\/03\/ft68ln2-600x600.jpg 600w, https:\/\/hsgascylinder-factory.com\/wp-content\/uploads\/2025\/03\/ft68ln2-100x100.jpg 100w\" sizes=\"(max-width: 800px) 100vw, 800px\" \/><\/p>\n<p><strong>68L 150bar CO2-cylinder til brandslukker<\/strong><\/p>\n<div class=\"nei-table\">\n<table>\n<tbody>\n<tr class=\"firstRow\">\n<td align=\"center\" valign=\"middle\" width=\"192\"><strong>Type<\/strong><\/td>\n<td align=\"center\" valign=\"middle\" width=\"68\"><strong>Udenfor<\/strong><\/p>\n<p><strong>Diameter<\/strong><\/p>\n<p><strong>(mm)<\/strong><\/td>\n<td align=\"center\" valign=\"middle\" width=\"73\"><strong>Vand<\/strong><\/p>\n<p><strong>Kapacitet<\/strong><\/p>\n<p><strong>(L)<\/strong><\/td>\n<td align=\"center\" valign=\"middle\" width=\"86\"><strong>B<\/strong><strong>ottle<\/strong><\/p>\n<p><strong>\u00a0<\/strong><strong>H\u00f8jde<\/strong><\/p>\n<p><strong>(mm)<\/strong><\/td>\n<td align=\"center\" valign=\"middle\" width=\"84\"><strong>V\u00e6gt<\/strong><\/p>\n<p><strong>\uff08kg\uff09<\/strong><\/td>\n<td align=\"center\" valign=\"middle\" width=\"100\"><strong>Arbejde\u00a0<\/strong><\/p>\n<p><strong>Tryk<\/strong><\/p>\n<p><strong>\uff08<\/strong><strong>B<\/strong><strong>ar\uff09<\/strong><\/td>\n<td align=\"center\" valign=\"middle\" width=\"114\"><strong>Design v\u00e6g\u00a0<\/strong><\/p>\n<p><strong>tykkelse<\/strong><\/p>\n<p><strong>(mm)<\/strong><\/td>\n<td align=\"center\" valign=\"middle\" width=\"92\"><strong>Materiale<\/strong><\/p>\n<p><strong>Karakterer<\/strong><\/td>\n<\/tr>\n<tr>\n<td align=\"center\" valign=\"middle\" width=\"431\"><strong>ISO267-68.0L-150<\/strong><\/td>\n<td align=\"center\" valign=\"middle\" width=\"5\"><strong>267<\/strong><\/td>\n<td align=\"center\" valign=\"middle\" width=\"73\"><strong>68.0<\/strong><\/td>\n<td align=\"center\" valign=\"middle\" width=\"86\"><strong>1480<\/strong><\/td>\n<td align=\"center\" valign=\"middle\" width=\"84\"><strong>70.7<\/strong><\/td>\n<td align=\"center\" valign=\"middle\" width=\"100\"><strong>150<\/strong><\/td>\n<td align=\"center\" valign=\"middle\" width=\"114\"><strong>6.2<\/strong><\/td>\n<td align=\"center\" valign=\"middle\" width=\"92\"><strong>37MN<\/strong><\/td>\n<\/tr>\n<\/tbody>\n<\/table>\n<p><img alt=\"\" decoding=\"async\" class=\"alignnone size-full wp-image-3889\" src=\"https:\/\/darkslategray-hippopotamus-243231.hostingersite.com\/wp-content\/uploads\/2025\/03\/ft68l2-3.jpg\" width=\"800\" height=\"800\" srcset=\"https:\/\/hsgascylinder-factory.com\/wp-content\/uploads\/2025\/03\/ft68l2-3.jpg 800w, https:\/\/hsgascylinder-factory.com\/wp-content\/uploads\/2025\/03\/ft68l2-3-300x300.jpg 300w, https:\/\/hsgascylinder-factory.com\/wp-content\/uploads\/2025\/03\/ft68l2-3-150x150.jpg 150w, https:\/\/hsgascylinder-factory.com\/wp-content\/uploads\/2025\/03\/ft68l2-3-768x768.jpg 768w, https:\/\/hsgascylinder-factory.com\/wp-content\/uploads\/2025\/03\/ft68l2-3-12x12.jpg 12w, https:\/\/hsgascylinder-factory.com\/wp-content\/uploads\/2025\/03\/ft68l2-3-500x500.jpg 500w, https:\/\/hsgascylinder-factory.com\/wp-content\/uploads\/2025\/03\/ft68l2-3-600x600.jpg 600w, https:\/\/hsgascylinder-factory.com\/wp-content\/uploads\/2025\/03\/ft68l2-3-100x100.jpg 100w\" sizes=\"(max-width: 800px) 100vw, 800px\" \/><\/p>\n<p>Marine kuldioxid-brandslukningssystem kan opdeles i lavtryks-kuldioxid-brandslukningssystem og h\u00f8jtryks-kuldioxid-brandslukningssystem i henhold til lagringstilstand. H\u00f8jtrykssystemet refererer til det system, der opbevarer kuldioxid ved normal temperatur, mens lavtrykssystemet refererer til det system, der opbevarer kuldioxid ved -20~-18 \u00b0C.<\/p>\n<p>H\u00f8jtryks-kuldioxidanl\u00e6g er meget udbredt i moderne skibe. Brandslukningsprincippet for marine kuldioxidsystemer er at frigive nok kuldioxidgas til beskyttelsesstedet, reducere iltindholdet og opn\u00e5 kv\u00e6lning og brandslukning.<\/p>\n<p><img alt=\"\" loading=\"lazy\" decoding=\"async\" class=\"alignnone size-full wp-image-3898\" src=\"https:\/\/darkslategray-hippopotamus-243231.hostingersite.com\/wp-content\/uploads\/2025\/03\/ft68ln4.jpg\" width=\"800\" height=\"800\" srcset=\"https:\/\/hsgascylinder-factory.com\/wp-content\/uploads\/2025\/03\/ft68ln4.jpg 800w, https:\/\/hsgascylinder-factory.com\/wp-content\/uploads\/2025\/03\/ft68ln4-300x300.jpg 300w, https:\/\/hsgascylinder-factory.com\/wp-content\/uploads\/2025\/03\/ft68ln4-150x150.jpg 150w, https:\/\/hsgascylinder-factory.com\/wp-content\/uploads\/2025\/03\/ft68ln4-768x768.jpg 768w, https:\/\/hsgascylinder-factory.com\/wp-content\/uploads\/2025\/03\/ft68ln4-12x12.jpg 12w, https:\/\/hsgascylinder-factory.com\/wp-content\/uploads\/2025\/03\/ft68ln4-500x500.jpg 500w, https:\/\/hsgascylinder-factory.com\/wp-content\/uploads\/2025\/03\/ft68ln4-600x600.jpg 600w, https:\/\/hsgascylinder-factory.com\/wp-content\/uploads\/2025\/03\/ft68ln4-100x100.jpg 100w\" sizes=\"(max-width: 800px) 100vw, 800px\" \/><\/p>\n<p>t kan bruges til gasbrand, f\u00f8r branden har afbrudt gaskilden, flydende brand eller fast brand i asfalt, paraffin og andre smeltbare materialer, bomuld, stof og anden almindelig fast overfladebrand, herunder elektrisk brand i pr\u00e6cisionsinstrumenter osv. Kan ikke bruges til nitrocellulose, krudt og andre oxidationsmidler, der indeholder kemikalier, kalium, natrium, magnesium, titanium, zirconium og andre aktive metalbrande, kaliumcyanid, natriumcyanid og andre metalcyanidbrande.<\/p>\n<\/div>","protected":false},"excerpt":{"rendered":"<p>Varem\u00e6rke: HS<br \/>\nProduktets oprindelse: Fremstillet i Kina<br \/>\nLeveringstid: 15 til 30 dage<br \/>\nForsyningskapacitet: \u00c5rlig produktion p\u00e5 mere end 800.000 stk.<br \/>\n68L 150bar CO2-cylinder til brandslukker<br \/>\nInformation om produktet:<br \/>\n1. 68 liter flydende kuldioxidgasflaske; 37 mn; Udvendig diameter p\u00e5 267 mm gastank; Iso9809-1 produktionsstandard; Arbejdstryk 150 bar eller 172 bar; Hydrostatisk testtryk 258 bar;<\/p>\n<p>2. H\u00f8jden p\u00e5 68-liters kuldioxidcylinderen er 1480 mm; 68 liter kuldioxidflaskev\u00e6gt 70,7 kg; 68 l maksimal flydende kuldioxidfyldningskapacitet er 51 kg (9000 l); Cylinderens mindste designv\u00e6gtykkelse er 6,2 mm; Kuldioxidcylindermundtr\u00e5d PZ27.8; 25E; PZ39; 3\/4-14 NGT osv;<\/p>\n<p>3, anvendelse: brandslukningssystem<br \/>\n4, alias: 68L brandflasker, brandflasker, brandslukningsflasker, CO2-gasflasker, brandslukningstanke<\/p>\n<p>Shandong Hongsheng Pressure Vessel Co, Ltd. er villig til at v\u00e6re din langsigtede partner og chef for cylindersikkerhed og i f\u00e6llesskab eskortere din cylindersikkerhed.<\/p>","protected":false},"featured_media":3886,"template":"","meta":{"_seopress_robots_primary_cat":"none","_seopress_titles_title":"","_seopress_titles_desc":"","_seopress_robots_index":"","_uag_custom_page_level_css":"","site-sidebar-layout":"default","site-content-layout":"","ast-site-content-layout":"default","site-content-style":"default","site-sidebar-style":"default","ast-global-header-display":"","ast-banner-title-visibility":"","ast-main-header-display":"","ast-hfb-above-header-display":"","ast-hfb-below-header-display":"","ast-hfb-mobile-header-display":"","site-post-title":"","ast-breadcrumbs-content":"","ast-featured-img":"","footer-sml-layout":"","ast-disable-related-posts":"","theme-transparent-header-meta":"default","adv-header-id-meta":"","stick-header-meta":"default","header-above-stick-meta":"","header-main-stick-meta":"","header-below-stick-meta":"","astra-migrate-meta-layouts":"set","ast-page-background-enabled":"default","ast-page-background-meta":{"desktop":{"background-color":"","background-image":"","background-repeat":"repeat","background-position":"center center","background-size":"auto","background-attachment":"scroll","background-type":"","background-media":"","overlay-type":"","overlay-color":"","overlay-opacity":"","overlay-gradient":""},"tablet":{"background-color":"","background-image":"","background-repeat":"repeat","background-position":"center center","background-size":"auto","background-attachment":"scroll","background-type":"","background-media":"","overlay-type":"","overlay-color":"","overlay-opacity":"","overlay-gradient":""},"mobile":{"background-color":"","background-image":"","background-repeat":"repeat","background-position":"center center","background-size":"auto","background-attachment":"scroll","background-type":"","background-media":"","overlay-type":"","overlay-color":"","overlay-opacity":"","overlay-gradient":""}},"ast-content-background-meta":{"desktop":{"background-color":"var(--ast-global-color-5)","background-image":"","background-repeat":"repeat","background-position":"center center","background-size":"auto","background-attachment":"scroll","background-type":"","background-media":"","overlay-type":"","overlay-color":"","overlay-opacity":"","overlay-gradient":""},"tablet":{"background-color":"var(--ast-global-color-5)","background-image":"","background-repeat":"repeat","background-position":"center center","background-size":"auto","background-attachment":"scroll","background-type":"","background-media":"","overlay-type":"","overlay-color":"","overlay-opacity":"","overlay-gradient":""},"mobile":{"background-color":"var(--ast-global-color-5)","background-image":"","background-repeat":"repeat","background-position":"center center","background-size":"auto","background-attachment":"scroll","background-type":"","background-media":"","overlay-type":"","overlay-color":"","overlay-opacity":"","overlay-gradient":""}}},"product_brand":[],"product_cat":[35],"product_tag":[],"class_list":{"0":"post-3883","1":"product","2":"type-product","3":"status-publish","4":"has-post-thumbnail","6":"product_cat-fire","7":"desktop-align-center","8":"tablet-align-left","9":"mobile-align-left","10":"ast-product-gallery-layout-horizontal-slider","11":"ast-product-tabs-layout-horizontal","13":"first","14":"instock","15":"featured","16":"shipping-taxable","17":"product-type-simple"},"uagb_featured_image_src":{"full":["https:\/\/hsgascylinder-factory.com\/wp-content\/uploads\/2025\/03\/ft68l.jpg",800,800,false],"thumbnail":["https:\/\/hsgascylinder-factory.com\/wp-content\/uploads\/2025\/03\/ft68l-150x150.jpg",150,150,true],"medium":["https:\/\/hsgascylinder-factory.com\/wp-content\/uploads\/2025\/03\/ft68l-300x300.jpg",300,300,true],"medium_large":["https:\/\/hsgascylinder-factory.com\/wp-content\/uploads\/2025\/03\/ft68l-768x768.jpg",768,768,true],"large":["https:\/\/hsgascylinder-factory.com\/wp-content\/uploads\/2025\/03\/ft68l.jpg",800,800,false],"1536x1536":["https:\/\/hsgascylinder-factory.com\/wp-content\/uploads\/2025\/03\/ft68l.jpg",800,800,false],"2048x2048":["https:\/\/hsgascylinder-factory.com\/wp-content\/uploads\/2025\/03\/ft68l.jpg",800,800,false],"trp-custom-language-flag":["https:\/\/hsgascylinder-factory.com\/wp-content\/uploads\/2025\/03\/ft68l-12x12.jpg",12,12,true],"woocommerce_thumbnail":["https:\/\/hsgascylinder-factory.com\/wp-content\/uploads\/2025\/03\/ft68l-500x500.jpg",500,500,true],"woocommerce_single":["https:\/\/hsgascylinder-factory.com\/wp-content\/uploads\/2025\/03\/ft68l-600x600.jpg",600,600,true],"woocommerce_gallery_thumbnail":["https:\/\/hsgascylinder-factory.com\/wp-content\/uploads\/2025\/03\/ft68l-100x100.jpg",100,100,true]},"uagb_author_info":{"display_name":"jinxing6611@gmail.com","author_link":"https:\/\/hsgascylinder-factory.com\/da\/author\/"},"uagb_comment_info":0,"uagb_excerpt":"Brand: HS Product origin: Made in China Delivery time: 15 to 30 days Supply capacity: Annual output of more than 800,000 pieces 68L 150bar CO2 cylinder for fire extinguisher Product Information: 1. 68 litre liquefied carbon dioxide gas cylinder; 37 mn; External diameter of 267mm gas tank; Iso9809-1 production standard; Working pressure 150bar or 172bar;&hellip;","_links":{"self":[{"href":"https:\/\/hsgascylinder-factory.com\/da\/wp-json\/wp\/v2\/product\/3883","targetHints":{"allow":["GET"]}}],"collection":[{"href":"https:\/\/hsgascylinder-factory.com\/da\/wp-json\/wp\/v2\/product"}],"about":[{"href":"https:\/\/hsgascylinder-factory.com\/da\/wp-json\/wp\/v2\/types\/product"}],"wp:featuredmedia":[{"embeddable":true,"href":"https:\/\/hsgascylinder-factory.com\/da\/wp-json\/wp\/v2\/media\/3886"}],"wp:attachment":[{"href":"https:\/\/hsgascylinder-factory.com\/da\/wp-json\/wp\/v2\/media?parent=3883"}],"wp:term":[{"taxonomy":"product_brand","embeddable":true,"href":"https:\/\/hsgascylinder-factory.com\/da\/wp-json\/wp\/v2\/product_brand?post=3883"},{"taxonomy":"product_cat","embeddable":true,"href":"https:\/\/hsgascylinder-factory.com\/da\/wp-json\/wp\/v2\/product_cat?post=3883"},{"taxonomy":"product_tag","embeddable":true,"href":"https:\/\/hsgascylinder-factory.com\/da\/wp-json\/wp\/v2\/product_tag?post=3883"}],"curies":[{"name":"wp","href":"https:\/\/api.w.org\/{rel}","templated":true}]}}