{"id":3869,"date":"2025-03-31T03:14:13","date_gmt":"2025-03-31T03:14:13","guid":{"rendered":"https:\/\/darkslategray-hippopotamus-243231.hostingersite.com\/?post_type=product&#038;p=3869"},"modified":"2025-03-31T08:35:55","modified_gmt":"2025-03-31T08:35:55","slug":"40l-oxygen-gas-tanks-export-dissolved-acetylene-cylinder","status":"publish","type":"product","link":"https:\/\/hsgascylinder-factory.com\/da\/vare\/40l-oxygen-gas-tanks-export-dissolved-acetylene-cylinder\/","title":{"rendered":"40L Oxygen Gas Tanks Export Opl\u00f8st Acetylen Cylinder"},"content":{"rendered":"<p><iframe width=\"560\" height=\"315\" src=\"https:\/\/www.youtube.com\/embed\/zkDrS3o0gJc?si=SdlCiNMAZZWJ2GYm\" title=\"YouTube-videoafspiller\" frameborder=\"0\" allow=\"accelerometer; autoplay; clipboard-write; encrypted-media; gyroscope; picture-in-picture; web-share\" referrerpolicy=\"strict-origin-when-cross-origin\" allowfullscreen><\/iframe><br \/>\n<img alt=\"\" fetchpriority=\"high\" decoding=\"async\" class=\"alignnone size-full wp-image-3879\" src=\"https:\/\/darkslategray-hippopotamus-243231.hostingersite.com\/wp-content\/uploads\/2025\/03\/40log9.jpg\" width=\"800\" height=\"800\" srcset=\"https:\/\/hsgascylinder-factory.com\/wp-content\/uploads\/2025\/03\/40log9.jpg 800w, https:\/\/hsgascylinder-factory.com\/wp-content\/uploads\/2025\/03\/40log9-300x300.jpg 300w, https:\/\/hsgascylinder-factory.com\/wp-content\/uploads\/2025\/03\/40log9-150x150.jpg 150w, https:\/\/hsgascylinder-factory.com\/wp-content\/uploads\/2025\/03\/40log9-768x768.jpg 768w, https:\/\/hsgascylinder-factory.com\/wp-content\/uploads\/2025\/03\/40log9-12x12.jpg 12w, https:\/\/hsgascylinder-factory.com\/wp-content\/uploads\/2025\/03\/40log9-500x500.jpg 500w, https:\/\/hsgascylinder-factory.com\/wp-content\/uploads\/2025\/03\/40log9-600x600.jpg 600w, https:\/\/hsgascylinder-factory.com\/wp-content\/uploads\/2025\/03\/40log9-100x100.jpg 100w\" sizes=\"(max-width: 800px) 100vw, 800px\" \/><\/p>\n<p>Oxygen- og acetylenflasker skal placeres hver for sig, mindst 5 meter fra hinanden og 10 meter fra \u00e5ben ild.<\/p>\n<p>Gasflasker skal placeres lodret, ikke liggende, og der skal tr\u00e6ffes foranstaltninger for at forhindre dumpning.<\/p>\n<p>Brug ikke fedtplettet v\u00e6rkt\u00f8j, handsker eller olieholdigt arbejdst\u00f8j til at komme i kontakt med iltflaskeventiler, trykaflastere osv.<\/p>\n<p>Det er strengt forbudt at opvarme flasken med en varmekilde, hvis temperatur overstiger 40 grader Celsius.<\/p>\n<p>Brug en h\u00e5nd- eller specialn\u00f8gle til at \u00e5bne eller lukke flaskeventilen.<\/p>\n<p>N\u00e5r du har brugt flasken, skal du lukke ventilen, udl\u00f8se trykket fra trykreduktionsanordningen og bruge en flaskeh\u00e6tte.<\/p>\n<p>Hvis der konstateres l\u00e6kage fra gasflasken under brug, skal du finde \u00e5rsagen og tr\u00e6ffe korrigerende foranstaltninger i tide.<\/p>\n<p>Gasflasker skal opbevares korrekt efter brug. Tomme flasker skal m\u00e6rkes med etiketten \"tom flaske\"; flasker med delvist brugt gas skal m\u00e6rkes med \"i brug\"; ubrugte fulde flasker skal m\u00e6rkes med \"fuld\".<\/p>\n<p><img alt=\"\" decoding=\"async\" class=\"alignnone size-full wp-image-3881\" src=\"https:\/\/darkslategray-hippopotamus-243231.hostingersite.com\/wp-content\/uploads\/2025\/03\/40logn2.jpg\" width=\"900\" height=\"600\" \/><\/p>\n<p><strong>40L ilttankudl\u00f8b opl\u00f8st acetylenflaske<\/strong><\/p>\n<div class=\"nei-table\">\n<div class=\"nei-table\">\n<table>\n<tbody>\n<tr class=\"firstRow\">\n<td colspan=\"1\" rowspan=\"1\" align=\"center\" valign=\"middle\" width=\"181\">Handelsnavn<\/td>\n<td align=\"center\" valign=\"middle\" width=\"5\">Type<\/td>\n<td align=\"center\" valign=\"middle\" width=\"146\">Udvendig diameter<\/p>\n<p>(mm)<\/td>\n<td align=\"center\" valign=\"middle\" width=\"130\">Vandkapacitet<\/p>\n<p>(L)<\/td>\n<td align=\"center\" valign=\"middle\" width=\"146\">Arbejdstryk<\/p>\n<p>\uff08Bar\uff09<\/td>\n<td align=\"center\" valign=\"middle\" width=\"120\">Design-v\u00e6gtykkelse<\/p>\n<p>(mm)<\/td>\n<td align=\"center\" valign=\"middle\" width=\"74\">Materie<\/p>\n<p>Karakterer<\/td>\n<\/tr>\n<tr>\n<td colspan=\"1\" rowspan=\"1\" align=\"center\" valign=\"middle\" width=\"181\"><a data-keyword=\"oxygen cylinder\">Iltflaske<\/a><\/td>\n<td align=\"center\" valign=\"middle\" width=\"5\">40.0L<\/td>\n<td align=\"center\" valign=\"middle\" width=\"146\">219<\/td>\n<td align=\"center\" valign=\"middle\" width=\"130\">40.0<\/td>\n<td align=\"center\" valign=\"middle\" width=\"146\">150<\/td>\n<td align=\"center\" valign=\"middle\" width=\"120\">5.7<\/td>\n<td align=\"center\" valign=\"middle\" width=\"74\">37MN<\/td>\n<\/tr>\n<tr>\n<td colspan=\"1\" rowspan=\"1\" align=\"center\" valign=\"middle\" width=\"181\">Acetylenflaske<\/td>\n<td colspan=\"1\" rowspan=\"1\" align=\"center\" valign=\"middle\" width=\"5\">40.0L<\/td>\n<td colspan=\"1\" rowspan=\"1\" align=\"center\" valign=\"middle\" width=\"146\">250<\/td>\n<td colspan=\"1\" rowspan=\"1\" align=\"center\" valign=\"middle\" width=\"130\">40.0<\/td>\n<td colspan=\"1\" rowspan=\"1\" align=\"center\" valign=\"middle\" width=\"146\">5.2Mpa<\/td>\n<td colspan=\"1\" rowspan=\"1\" align=\"center\" valign=\"middle\" width=\"120\">3.3<\/td>\n<td colspan=\"1\" rowspan=\"1\" align=\"center\" valign=\"middle\" width=\"74\">HP295<\/p>\n<p>&nbsp;<\/td>\n<\/tr>\n<\/tbody>\n<\/table>\n<\/div>\n<\/div>\n<p><img alt=\"\" decoding=\"async\" class=\"alignnone size-full wp-image-3881\" src=\"https:\/\/darkslategray-hippopotamus-243231.hostingersite.com\/wp-content\/uploads\/2025\/03\/40logn3.jpg\" width=\"900\" height=\"600\" srcset=\"https:\/\/hsgascylinder-factory.com\/wp-content\/uploads\/2025\/03\/40logn3.jpg 900w, https:\/\/hsgascylinder-factory.com\/wp-content\/uploads\/2025\/03\/40logn3-300x200.jpg 300w, https:\/\/hsgascylinder-factory.com\/wp-content\/uploads\/2025\/03\/40logn3-768x512.jpg 768w, https:\/\/hsgascylinder-factory.com\/wp-content\/uploads\/2025\/03\/40logn3-18x12.jpg 18w, https:\/\/hsgascylinder-factory.com\/wp-content\/uploads\/2025\/03\/40logn3-600x400.jpg 600w\" sizes=\"(max-width: 900px) 100vw, 900px\" \/><\/p>\n<p>Ilt er br\u00e6ndbart, olie skal forbydes, brand skal forbydes, det er sund fornuft.<\/p>\n<p>Nogle iltanl\u00e6g kan st\u00e5 p\u00e5 sk\u00e6repladsen, affaldsindsamlingsstationen osv., fylde eller svejse og sk\u00e6re operationer, stedet er fuld af olie, beskidt og rodet; Nogle pr\u00f8ver endda flaskegas med en lighter, der er cigaretter i munden for at \u00e5bne iltventilen, hvilket er sv\u00e6rt at undg\u00e5 eksplosionsulykker.<\/p>\n<p>For at reducere antallet af ulykker i forbindelse med eksplosioner p\u00e5 svejse- og sk\u00e6restedet skal man tr\u00e6kke lidt l\u00e6ngere i oxygenflasken og acetylenflaskens gasledning og lade flasken v\u00e6re lidt v\u00e6k fra operat\u00f8ren.<\/p>\n<p>Der er en gasflaske med ukendt farve, jeg kan ikke se, hvad det er for en flaske.<\/p>\n<p>Brug brintflasker til at fylde ilt, mange er for\u00e5rsaget af, at farvekoden ikke er indlysende, hvilket \u00f8ger sikkerhedsrisikoen<\/p>","protected":false},"excerpt":{"rendered":"<ul class=\"meta\">\n<li><label>Brand:<\/label>\u00a0HS<\/li>\n<li><label>Produktets oprindelse:<\/label>\u00a0Fremstillet i Kina<\/li>\n<li><label>Leveringstid:<\/label>\u00a015 til 30 dage<\/li>\n<li><label>Forsyningskapacitet:<\/label>\u00a0\u00c5rlig produktion p\u00e5 mere end 800.000 stykker<\/li>\n<\/ul>\n<p class=\"desc\">40L ilttankudl\u00f8b opl\u00f8st acetylenflaske<br \/>\nInformation om produktet:<br \/>\n1. GB11638 produktionsstandard; 40 liter; Udvendig diameter p\u00e5 250 mm cylinder; P\u00e5fyldningstryk: 1,56 MPa. Hydraulisk testtryk: 5.2mpa; L\u00e6kagetesttryk: 3.0 Mpar; HP295-materiale; Made-in-china<br \/>\n2. Den mindste designv\u00e6gtykkelse af gascylinderen er 3,3 mm; Cylinderkropsv\u00e6gt: 39 + 1 kg; Cylinderens h\u00f8jde er 1040 mm (cylinderens krop); Cylindermundtr\u00e5d: PZ39; Og s\u00e5 videre;<br \/>\n3. Aliasser: Opl\u00f8st acetylencylinder, eksport acetylencylinder, 40L acetylencylinder, oxygen- og acetylencylinder, acetylentanke<br \/>\nTips til sikker brug af gasflasker:<br \/>\nAcetylenflasker er udstyret med st\u00f8dsikre gummiringe, som er designet til at forhindre kollisioner under lastning, losning, transport og brug. Gummiringen er isoleringsmateriale, der ligger lig med acetylenflaske p\u00e5 den elektriske isolator, hvilket resulterer i, at den statiske elektricitet, der genereres p\u00e5 cylinderen, ikke kan sprede sig til jorden, samles p\u00e5 flaskekroppen, let at producere elektrostatisk gnist, n\u00e5r acetylengasl\u00e6kage, let at for\u00e5rsage forbr\u00e6ndings- og eksplosionsulykker.<br \/>\nShandong Hongsheng er villig til at v\u00e6re din langsigtede partner og chef for cylindersikkerhed og i f\u00e6llesskab eskortere din cylindersikkerhed.<\/p>","protected":false},"featured_media":3870,"template":"","meta":{"_seopress_robots_primary_cat":"","_seopress_titles_title":"","_seopress_titles_desc":"","_seopress_robots_index":"","_uag_custom_page_level_css":"","site-sidebar-layout":"default","site-content-layout":"","ast-site-content-layout":"default","site-content-style":"default","site-sidebar-style":"default","ast-global-header-display":"","ast-banner-title-visibility":"","ast-main-header-display":"","ast-hfb-above-header-display":"","ast-hfb-below-header-display":"","ast-hfb-mobile-header-display":"","site-post-title":"","ast-breadcrumbs-content":"","ast-featured-img":"","footer-sml-layout":"","ast-disable-related-posts":"","theme-transparent-header-meta":"default","adv-header-id-meta":"","stick-header-meta":"default","header-above-stick-meta":"","header-main-stick-meta":"","header-below-stick-meta":"","astra-migrate-meta-layouts":"set","ast-page-background-enabled":"default","ast-page-background-meta":{"desktop":{"background-color":"","background-image":"","background-repeat":"repeat","background-position":"center center","background-size":"auto","background-attachment":"scroll","background-type":"","background-media":"","overlay-type":"","overlay-color":"","overlay-opacity":"","overlay-gradient":""},"tablet":{"background-color":"","background-image":"","background-repeat":"repeat","background-position":"center center","background-size":"auto","background-attachment":"scroll","background-type":"","background-media":"","overlay-type":"","overlay-color":"","overlay-opacity":"","overlay-gradient":""},"mobile":{"background-color":"","background-image":"","background-repeat":"repeat","background-position":"center center","background-size":"auto","background-attachment":"scroll","background-type":"","background-media":"","overlay-type":"","overlay-color":"","overlay-opacity":"","overlay-gradient":""}},"ast-content-background-meta":{"desktop":{"background-color":"var(--ast-global-color-5)","background-image":"","background-repeat":"repeat","background-position":"center center","background-size":"auto","background-attachment":"scroll","background-type":"","background-media":"","overlay-type":"","overlay-color":"","overlay-opacity":"","overlay-gradient":""},"tablet":{"background-color":"var(--ast-global-color-5)","background-image":"","background-repeat":"repeat","background-position":"center center","background-size":"auto","background-attachment":"scroll","background-type":"","background-media":"","overlay-type":"","overlay-color":"","overlay-opacity":"","overlay-gradient":""},"mobile":{"background-color":"var(--ast-global-color-5)","background-image":"","background-repeat":"repeat","background-position":"center center","background-size":"auto","background-attachment":"scroll","background-type":"","background-media":"","overlay-type":"","overlay-color":"","overlay-opacity":"","overlay-gradient":""}}},"product_brand":[],"product_cat":[21],"product_tag":[],"class_list":{"0":"post-3869","1":"product","2":"type-product","3":"status-publish","4":"has-post-thumbnail","6":"product_cat-dissolved","7":"desktop-align-center","8":"tablet-align-left","9":"mobile-align-left","10":"ast-product-gallery-layout-horizontal-slider","11":"ast-product-tabs-layout-horizontal","13":"first","14":"instock","15":"featured","16":"shipping-taxable","17":"product-type-simple"},"uagb_featured_image_src":{"full":["https:\/\/hsgascylinder-factory.com\/wp-content\/uploads\/2025\/03\/40log.jpg",800,800,false],"thumbnail":["https:\/\/hsgascylinder-factory.com\/wp-content\/uploads\/2025\/03\/40log-150x150.jpg",150,150,true],"medium":["https:\/\/hsgascylinder-factory.com\/wp-content\/uploads\/2025\/03\/40log-300x300.jpg",300,300,true],"medium_large":["https:\/\/hsgascylinder-factory.com\/wp-content\/uploads\/2025\/03\/40log-768x768.jpg",768,768,true],"large":["https:\/\/hsgascylinder-factory.com\/wp-content\/uploads\/2025\/03\/40log.jpg",800,800,false],"1536x1536":["https:\/\/hsgascylinder-factory.com\/wp-content\/uploads\/2025\/03\/40log.jpg",800,800,false],"2048x2048":["https:\/\/hsgascylinder-factory.com\/wp-content\/uploads\/2025\/03\/40log.jpg",800,800,false],"trp-custom-language-flag":["https:\/\/hsgascylinder-factory.com\/wp-content\/uploads\/2025\/03\/40log-12x12.jpg",12,12,true],"woocommerce_thumbnail":["https:\/\/hsgascylinder-factory.com\/wp-content\/uploads\/2025\/03\/40log-500x500.jpg",500,500,true],"woocommerce_single":["https:\/\/hsgascylinder-factory.com\/wp-content\/uploads\/2025\/03\/40log-600x600.jpg",600,600,true],"woocommerce_gallery_thumbnail":["https:\/\/hsgascylinder-factory.com\/wp-content\/uploads\/2025\/03\/40log-100x100.jpg",100,100,true]},"uagb_author_info":{"display_name":"jinxing6611@gmail.com","author_link":"https:\/\/hsgascylinder-factory.com\/da\/author\/"},"uagb_comment_info":0,"uagb_excerpt":"Brand:\u00a0HS Product origin:\u00a0Made in China Delivery time:\u00a015 to 30 days Supply capacity:\u00a0Annual output of more than 800,000 pieces 40L oxygen tank outlet dissolved acetylene bottle Product Information: 1. GB11638 production standard; 40 litres; Outside diameter of 250mm cylinder; Filling Pressure: 1.56 MPa. Fydraulic testing Pressure: 5.2mpa; LeakageTesting Pressure: 3.0 Mpar; HP295 material; Made-in-china 2. The&hellip;","_links":{"self":[{"href":"https:\/\/hsgascylinder-factory.com\/da\/wp-json\/wp\/v2\/product\/3869","targetHints":{"allow":["GET"]}}],"collection":[{"href":"https:\/\/hsgascylinder-factory.com\/da\/wp-json\/wp\/v2\/product"}],"about":[{"href":"https:\/\/hsgascylinder-factory.com\/da\/wp-json\/wp\/v2\/types\/product"}],"wp:featuredmedia":[{"embeddable":true,"href":"https:\/\/hsgascylinder-factory.com\/da\/wp-json\/wp\/v2\/media\/3870"}],"wp:attachment":[{"href":"https:\/\/hsgascylinder-factory.com\/da\/wp-json\/wp\/v2\/media?parent=3869"}],"wp:term":[{"taxonomy":"product_brand","embeddable":true,"href":"https:\/\/hsgascylinder-factory.com\/da\/wp-json\/wp\/v2\/product_brand?post=3869"},{"taxonomy":"product_cat","embeddable":true,"href":"https:\/\/hsgascylinder-factory.com\/da\/wp-json\/wp\/v2\/product_cat?post=3869"},{"taxonomy":"product_tag","embeddable":true,"href":"https:\/\/hsgascylinder-factory.com\/da\/wp-json\/wp\/v2\/product_tag?post=3869"}],"curies":[{"name":"wp","href":"https:\/\/api.w.org\/{rel}","templated":true}]}}