{"id":3832,"date":"2025-03-31T01:33:13","date_gmt":"2025-03-31T01:33:13","guid":{"rendered":"https:\/\/darkslategray-hippopotamus-243231.hostingersite.com\/?post_type=product&#038;p=3832"},"modified":"2025-06-05T08:08:56","modified_gmt":"2025-06-05T08:08:56","slug":"aluminum-oxygen-bottle-oxygen-cylinders-gas-tanks-form-china","status":"publish","type":"product","link":"https:\/\/hsgascylinder-factory.com\/da\/vare\/aluminum-oxygen-bottle-oxygen-cylinders-gas-tanks-form-china\/","title":{"rendered":"Oxygenflaske af aluminium Oxygenflasker Gastanke Form Kina"},"content":{"rendered":"<p><iframe title=\"YouTube-videoafspiller\" src=\"https:\/\/www.youtube.com\/embed\/v--fN-s-KGQ?si=5Ui0ubztx0gy_2_H\" width=\"560\" height=\"315\" frameborder=\"0\" allowfullscreen=\"allowfullscreen\"><\/iframe><\/p>\n<p>&nbsp;<\/p>\n<p>Design af flaskefod i aluminium<\/p>\n<p>&nbsp;<\/p>\n<p>N\u00e5r aluminiumsflasken er designet med en bundstruktur, skal det sikres, at bunden har tilstr\u00e6kkelig styrke, og bundmaterialet skal v\u00e6re kompatibelt med materialet i flaskekroppen. Basen skal v\u00e6re cylindrisk i form og skal sikre aluminiumscylinderens lodrette stabilitet. Forbindelsen mellem bunden og flaskekroppen b\u00f8r ikke svejses, og strukturen b\u00f8r ikke for\u00e5rsage vandansamling.<\/p>\n<p>Design af gasflaskehalsring i aluminium<\/p>\n<p>N\u00e5r aluminiumsflasken er designet med en krave, skal kraven v\u00e6re af tilstr\u00e6kkelig styrke, og kravens materiale skal v\u00e6re kompatibelt med flaskens materiale. Kraven b\u00f8r ikke svejses til flaskekroppen. Kravens aksiale tr\u00e6kkraft m\u00e5 ikke v\u00e6re mindre end 10 gange den tomme flaskes v\u00e6gt og ikke mindre end 1. 0. N, rotationsmomentet m\u00e5 ikke v\u00e6re mindre end 100 Nmo<\/p>\n<p>modelmodel<\/p>\n<p>Arbejdstryk (15mpa\/139bar150bar\/200br)<\/p>\n<p><img alt=\"\" fetchpriority=\"high\" decoding=\"async\" class=\"alignnone size-full wp-image-3844\" src=\"https:\/\/darkslategray-hippopotamus-243231.hostingersite.com\/wp-content\/uploads\/2025\/03\/AOBOCN2.jpg\" width=\"900\" height=\"600\" srcset=\"https:\/\/hsgascylinder-factory.com\/wp-content\/uploads\/2025\/03\/AOBOCN2.jpg 900w, https:\/\/hsgascylinder-factory.com\/wp-content\/uploads\/2025\/03\/AOBOCN2-600x400.jpg 600w, https:\/\/hsgascylinder-factory.com\/wp-content\/uploads\/2025\/03\/AOBOCN2-300x200.jpg 300w, https:\/\/hsgascylinder-factory.com\/wp-content\/uploads\/2025\/03\/AOBOCN2-768x512.jpg 768w, https:\/\/hsgascylinder-factory.com\/wp-content\/uploads\/2025\/03\/AOBOCN2-18x12.jpg 18w\" sizes=\"(max-width: 900px) 100vw, 900px\" \/><\/p>\n<table data-sort=\"sortDisabled\">\n<tbody>\n<tr class=\"firstRow\">\n<td align=\"center\" valign=\"middle\" width=\"81\">TYPE<\/td>\n<td align=\"center\" valign=\"middle\" width=\"84\">Volumen<\/td>\n<td align=\"center\" valign=\"middle\" width=\"81.33333333333333\">diameter<\/td>\n<td align=\"center\" valign=\"middle\" width=\"141\">GB arbejdstryk<\/td>\n<td align=\"center\" valign=\"middle\" width=\"134\">ISO-arbejdstryk<\/td>\n<td align=\"center\" valign=\"middle\" width=\"80\">v\u00e6gt<\/td>\n<td align=\"center\" valign=\"middle\" width=\"94\">l\u00e6ngde<\/td>\n<\/tr>\n<tr>\n<td align=\"center\" valign=\"middle\" width=\"81\">89-1L<\/td>\n<td align=\"center\" valign=\"middle\" width=\"84\">1L<\/td>\n<td align=\"center\" valign=\"middle\" width=\"81.33333333333333\">89 mm<\/td>\n<td colspan=\"1\" rowspan=\"8\" align=\"center\" valign=\"middle\" width=\"141\">15MPA<\/td>\n<td colspan=\"1\" rowspan=\"8\" align=\"center\" valign=\"middle\" width=\"134\">150BAR<\/td>\n<td align=\"center\" valign=\"middle\" width=\"80\">1,3 kg<\/td>\n<td align=\"center\" valign=\"middle\" width=\"94\">270MM<\/td>\n<\/tr>\n<tr>\n<td colspan=\"1\" rowspan=\"1\" align=\"center\" valign=\"middle\" width=\"81\">108-2L<\/td>\n<td colspan=\"1\" rowspan=\"1\" align=\"center\" valign=\"middle\" width=\"84\">2L<\/td>\n<td colspan=\"1\" rowspan=\"1\" align=\"center\" valign=\"middle\" width=\"81.33333333333333\">108 mm<\/td>\n<td colspan=\"1\" rowspan=\"1\" align=\"center\" valign=\"middle\" width=\"89\">2,2 kg<\/td>\n<td colspan=\"1\" rowspan=\"1\" align=\"center\" valign=\"middle\" width=\"94\">358 mm<\/td>\n<\/tr>\n<tr>\n<td colspan=\"1\" rowspan=\"1\" align=\"center\" valign=\"middle\" width=\"81\">140-4L<\/td>\n<td colspan=\"1\" rowspan=\"1\" align=\"center\" valign=\"middle\" width=\"84\">4L<\/td>\n<td colspan=\"1\" rowspan=\"1\" align=\"center\" valign=\"middle\" width=\"81.33333333333333\">140 mm<\/td>\n<td colspan=\"1\" rowspan=\"1\" align=\"center\" valign=\"middle\" width=\"89\">4,28 kg<\/td>\n<td colspan=\"1\" rowspan=\"1\" align=\"center\" valign=\"middle\" width=\"94\">405 mm<\/td>\n<\/tr>\n<tr>\n<td colspan=\"1\" rowspan=\"1\" align=\"center\" valign=\"middle\" width=\"81\">140-8L<\/td>\n<td colspan=\"1\" rowspan=\"1\" align=\"center\" valign=\"middle\" width=\"84\">8L<\/td>\n<td colspan=\"1\" rowspan=\"1\" align=\"center\" valign=\"middle\" width=\"81.33333333333333\">140 mm<\/td>\n<td colspan=\"1\" rowspan=\"1\" align=\"center\" valign=\"middle\" width=\"89\">7,2 kg<\/td>\n<td colspan=\"1\" rowspan=\"1\" align=\"center\" valign=\"middle\" width=\"94\">729 mm<\/td>\n<\/tr>\n<tr>\n<td colspan=\"1\" rowspan=\"1\" align=\"center\" valign=\"middle\" width=\"81\">159-10L<\/td>\n<td colspan=\"1\" rowspan=\"1\" align=\"center\" valign=\"middle\" width=\"84\">10L<\/td>\n<td colspan=\"1\" rowspan=\"1\" align=\"center\" valign=\"middle\" width=\"81.33333333333333\">159 mm<\/td>\n<td colspan=\"1\" rowspan=\"1\" align=\"center\" valign=\"middle\" width=\"89\">9,7 kg<\/td>\n<td colspan=\"1\" rowspan=\"1\" align=\"center\" valign=\"middle\" width=\"94\">729 mm<\/td>\n<\/tr>\n<tr>\n<td colspan=\"1\" rowspan=\"1\" align=\"center\" valign=\"middle\" width=\"81\">203-20L<\/td>\n<td colspan=\"1\" rowspan=\"1\" align=\"center\" valign=\"middle\" width=\"84\">20L<\/td>\n<td colspan=\"1\" rowspan=\"1\" align=\"center\" valign=\"middle\" width=\"81.33333333333333\">203 mm<\/td>\n<td colspan=\"1\" rowspan=\"1\" align=\"center\" valign=\"middle\" width=\"89\">18,5 kg<\/td>\n<td colspan=\"1\" rowspan=\"1\" align=\"center\" valign=\"middle\" width=\"94\">885 mm<\/td>\n<\/tr>\n<tr>\n<td colspan=\"1\" rowspan=\"1\" align=\"center\" valign=\"middle\" width=\"81\">232-40L<\/td>\n<td colspan=\"1\" rowspan=\"1\" align=\"center\" valign=\"middle\" width=\"84\">40L<\/td>\n<td colspan=\"1\" rowspan=\"1\" align=\"center\" valign=\"middle\" width=\"81.33333333333333\">232 mm<\/td>\n<td colspan=\"1\" rowspan=\"1\" align=\"center\" valign=\"middle\" width=\"89\">34 kg<\/td>\n<td colspan=\"1\" rowspan=\"1\" align=\"center\" valign=\"middle\" width=\"94\">1295 mm<\/td>\n<\/tr>\n<tr>\n<td colspan=\"1\" rowspan=\"1\" align=\"center\" valign=\"middle\" width=\"81\">250-50L<\/td>\n<td colspan=\"1\" rowspan=\"1\" align=\"center\" valign=\"middle\" width=\"84\">50L<\/td>\n<td colspan=\"1\" rowspan=\"1\" align=\"center\" valign=\"middle\" width=\"81.33333333333333\">250 mm<\/td>\n<td colspan=\"1\" rowspan=\"1\" align=\"center\" valign=\"middle\" width=\"80\">41,5 kg<\/td>\n<td colspan=\"1\" rowspan=\"1\" align=\"center\" valign=\"middle\" width=\"94\">1399 mm<\/td>\n<\/tr>\n<\/tbody>\n<\/table>\n<p><img alt=\"\" decoding=\"async\" class=\"alignnone size-full wp-image-3845\" src=\"https:\/\/darkslategray-hippopotamus-243231.hostingersite.com\/wp-content\/uploads\/2025\/03\/AOBOCN3.jpg\" width=\"800\" height=\"800\" srcset=\"https:\/\/hsgascylinder-factory.com\/wp-content\/uploads\/2025\/03\/AOBOCN3.jpg 800w, https:\/\/hsgascylinder-factory.com\/wp-content\/uploads\/2025\/03\/AOBOCN3-500x500.jpg 500w, https:\/\/hsgascylinder-factory.com\/wp-content\/uploads\/2025\/03\/AOBOCN3-100x100.jpg 100w, https:\/\/hsgascylinder-factory.com\/wp-content\/uploads\/2025\/03\/AOBOCN3-600x600.jpg 600w, https:\/\/hsgascylinder-factory.com\/wp-content\/uploads\/2025\/03\/AOBOCN3-300x300.jpg 300w, https:\/\/hsgascylinder-factory.com\/wp-content\/uploads\/2025\/03\/AOBOCN3-150x150.jpg 150w, https:\/\/hsgascylinder-factory.com\/wp-content\/uploads\/2025\/03\/AOBOCN3-768x768.jpg 768w, https:\/\/hsgascylinder-factory.com\/wp-content\/uploads\/2025\/03\/AOBOCN3-12x12.jpg 12w\" sizes=\"(max-width: 800px) 100vw, 800px\" \/><\/p>\n<p>Aluminiumsflasker med cylinder<\/p>\n<p>Flaskekroppen er lavet af ingot og ekstruderet stang som r\u00e5materialer ved kold ekstrudering eller varm ekstrudering eller koldtr\u00e6kning efter ekstrudering.<\/p>\n<p>Flaskens krop er lavet af r\u00f8rmateriale ved hj\u00e6lp af en spindeproces.<\/p>\n<p>Flaskens krop er lavet af metalplader ved hj\u00e6lp af stempling, tr\u00e6kning og spinding.<\/p>\n<p>Cylinderender af aluminium<\/p>\n<p>Skulderen kan st\u00f8bes eller lukkes ved spinding.<\/p>\n<p><img alt=\"\" decoding=\"async\" class=\"alignnone size-full wp-image-3846\" src=\"https:\/\/darkslategray-hippopotamus-243231.hostingersite.com\/wp-content\/uploads\/2025\/03\/AOBOCN4.jpg\" width=\"800\" height=\"800\" srcset=\"https:\/\/hsgascylinder-factory.com\/wp-content\/uploads\/2025\/03\/AOBOCN4.jpg 800w, https:\/\/hsgascylinder-factory.com\/wp-content\/uploads\/2025\/03\/AOBOCN4-500x500.jpg 500w, https:\/\/hsgascylinder-factory.com\/wp-content\/uploads\/2025\/03\/AOBOCN4-100x100.jpg 100w, https:\/\/hsgascylinder-factory.com\/wp-content\/uploads\/2025\/03\/AOBOCN4-600x600.jpg 600w, https:\/\/hsgascylinder-factory.com\/wp-content\/uploads\/2025\/03\/AOBOCN4-300x300.jpg 300w, https:\/\/hsgascylinder-factory.com\/wp-content\/uploads\/2025\/03\/AOBOCN4-150x150.jpg 150w, https:\/\/hsgascylinder-factory.com\/wp-content\/uploads\/2025\/03\/AOBOCN4-768x768.jpg 768w, https:\/\/hsgascylinder-factory.com\/wp-content\/uploads\/2025\/03\/AOBOCN4-12x12.jpg 12w\" sizes=\"(max-width: 800px) 100vw, 800px\" \/><\/p>\n<p>Overfladen p\u00e5 overgangen mellem flaskemund og flaskeskulder skal v\u00e6re glat uden mutationer eller tydelige rynker.<\/p>\n<p>Enden skal opvarmes j\u00e6vnt under formningsprocessen for at sikre, at materialet ikke har nogen overbr\u00e6ndingsstruktur.<\/p>\n<p>Der m\u00e5 ikke svejses.<\/p>\n<p>Cylindergruppe i aluminiumslegering<\/p>\n<p>Fremstillingen skal ske i partier, hvor hvert parti ikke overstiger 200 plus antallet af destruktive testflasker.<\/p>\n<p><img alt=\"\" loading=\"lazy\" decoding=\"async\" class=\"alignnone size-full wp-image-6576\" src=\"http:\/\/darkslategray-hippopotamus-243231.hostingersite.com\/wp-content\/uploads\/2025\/03\/\u751f\u4ea7\u8f66\u95f4-scaled.jpg\" width=\"1907\" height=\"2560\" srcset=\"https:\/\/hsgascylinder-factory.com\/wp-content\/uploads\/2025\/03\/\u751f\u4ea7\u8f66\u95f4-scaled.jpg 1907w, https:\/\/hsgascylinder-factory.com\/wp-content\/uploads\/2025\/03\/\u751f\u4ea7\u8f66\u95f4-223x300.jpg 223w, https:\/\/hsgascylinder-factory.com\/wp-content\/uploads\/2025\/03\/\u751f\u4ea7\u8f66\u95f4-763x1024.jpg 763w, https:\/\/hsgascylinder-factory.com\/wp-content\/uploads\/2025\/03\/\u751f\u4ea7\u8f66\u95f4-768x1031.jpg 768w, https:\/\/hsgascylinder-factory.com\/wp-content\/uploads\/2025\/03\/\u751f\u4ea7\u8f66\u95f4-1144x1536.jpg 1144w, https:\/\/hsgascylinder-factory.com\/wp-content\/uploads\/2025\/03\/\u751f\u4ea7\u8f66\u95f4-1526x2048.jpg 1526w, https:\/\/hsgascylinder-factory.com\/wp-content\/uploads\/2025\/03\/\u751f\u4ea7\u8f66\u95f4-9x12.jpg 9w, https:\/\/hsgascylinder-factory.com\/wp-content\/uploads\/2025\/03\/\u751f\u4ea7\u8f66\u95f4-600x805.jpg 600w\" sizes=\"(max-width: 1907px) 100vw, 1907px\" \/><\/p>","protected":false},"excerpt":{"rendered":"<p>Aluminiumscylinder, iltcylinder, gastank produceret i Kina<br \/>\nalias: Oxygenflaske af aluminium, Oxygenflaske af aluminium, Oxygenbeholder af aluminium, Gasbeholdere af aluminium, Gasflaske af Kina<br \/>\nFlaskehalsdesign i aluminium<br \/>\nFlaskemundingens tykkelse skal sikre, at flaskemundingen ikke producerer \u00e5benlys plastisk deformation, n\u00e5r den b\u00e6rer det \u00f8vre ventilmoment og den ekstra eksterne kraft fra n\u00f8glekraven, og det \u00f8vre ventilmoment skal opfylde kravene.<br \/>\nFlaskegevind skal l\u00f8be gennem flasken; Ved brug af konisk gevind skal gevindet v\u00e6re i overensstemmelse med GB\/T 8335; N\u00e5r der anvendes almindeligt gevind, skal gevindst\u00f8rrelse og tolerance v\u00e6re i overensstemmelse med GB\/T 192.GB\/T 196, GB\/T 197 eller relevante standarder. Forskydningssikkerhedsfaktoren beregnet under hydrostatisk testtrykgruppe er mindst 10 og ikke mindre end 6 t\u00e6nder.<\/p>","protected":false},"featured_media":6642,"template":"","meta":{"_seopress_robots_primary_cat":"none","_seopress_titles_title":"","_seopress_titles_desc":"","_seopress_robots_index":"","_uag_custom_page_level_css":"","site-sidebar-layout":"default","site-content-layout":"","ast-site-content-layout":"default","site-content-style":"default","site-sidebar-style":"default","ast-global-header-display":"","ast-banner-title-visibility":"","ast-main-header-display":"","ast-hfb-above-header-display":"","ast-hfb-below-header-display":"","ast-hfb-mobile-header-display":"","site-post-title":"","ast-breadcrumbs-content":"","ast-featured-img":"","footer-sml-layout":"","ast-disable-related-posts":"","theme-transparent-header-meta":"default","adv-header-id-meta":"","stick-header-meta":"default","header-above-stick-meta":"","header-main-stick-meta":"","header-below-stick-meta":"","astra-migrate-meta-layouts":"set","ast-page-background-enabled":"default","ast-page-background-meta":{"desktop":{"background-color":"","background-image":"","background-repeat":"repeat","background-position":"center center","background-size":"auto","background-attachment":"scroll","background-type":"","background-media":"","overlay-type":"","overlay-color":"","overlay-opacity":"","overlay-gradient":""},"tablet":{"background-color":"","background-image":"","background-repeat":"repeat","background-position":"center center","background-size":"auto","background-attachment":"scroll","background-type":"","background-media":"","overlay-type":"","overlay-color":"","overlay-opacity":"","overlay-gradient":""},"mobile":{"background-color":"","background-image":"","background-repeat":"repeat","background-position":"center center","background-size":"auto","background-attachment":"scroll","background-type":"","background-media":"","overlay-type":"","overlay-color":"","overlay-opacity":"","overlay-gradient":""}},"ast-content-background-meta":{"desktop":{"background-color":"var(--ast-global-color-5)","background-image":"","background-repeat":"repeat","background-position":"center center","background-size":"auto","background-attachment":"scroll","background-type":"","background-media":"","overlay-type":"","overlay-color":"","overlay-opacity":"","overlay-gradient":""},"tablet":{"background-color":"var(--ast-global-color-5)","background-image":"","background-repeat":"repeat","background-position":"center center","background-size":"auto","background-attachment":"scroll","background-type":"","background-media":"","overlay-type":"","overlay-color":"","overlay-opacity":"","overlay-gradient":""},"mobile":{"background-color":"var(--ast-global-color-5)","background-image":"","background-repeat":"repeat","background-position":"center center","background-size":"auto","background-attachment":"scroll","background-type":"","background-media":"","overlay-type":"","overlay-color":"","overlay-opacity":"","overlay-gradient":""}}},"product_brand":[],"product_cat":[32],"product_tag":[],"class_list":{"0":"post-3832","1":"product","2":"type-product","3":"status-publish","4":"has-post-thumbnail","6":"product_cat-aluminum","7":"desktop-align-center","8":"tablet-align-left","9":"mobile-align-left","10":"ast-product-gallery-layout-horizontal-slider","11":"ast-product-tabs-layout-horizontal","13":"first","14":"instock","15":"featured","16":"shipping-taxable","17":"product-type-simple"},"uagb_featured_image_src":{"full":["https:\/\/hsgascylinder-factory.com\/wp-content\/uploads\/2025\/03\/03.jpg",800,800,false],"thumbnail":["https:\/\/hsgascylinder-factory.com\/wp-content\/uploads\/2025\/03\/03-150x150.jpg",150,150,true],"medium":["https:\/\/hsgascylinder-factory.com\/wp-content\/uploads\/2025\/03\/03-300x300.jpg",300,300,true],"medium_large":["https:\/\/hsgascylinder-factory.com\/wp-content\/uploads\/2025\/03\/03-768x768.jpg",768,768,true],"large":["https:\/\/hsgascylinder-factory.com\/wp-content\/uploads\/2025\/03\/03.jpg",800,800,false],"1536x1536":["https:\/\/hsgascylinder-factory.com\/wp-content\/uploads\/2025\/03\/03.jpg",800,800,false],"2048x2048":["https:\/\/hsgascylinder-factory.com\/wp-content\/uploads\/2025\/03\/03.jpg",800,800,false],"trp-custom-language-flag":["https:\/\/hsgascylinder-factory.com\/wp-content\/uploads\/2025\/03\/03-12x12.jpg",12,12,true],"woocommerce_thumbnail":["https:\/\/hsgascylinder-factory.com\/wp-content\/uploads\/2025\/03\/03-500x500.jpg",500,500,true],"woocommerce_single":["https:\/\/hsgascylinder-factory.com\/wp-content\/uploads\/2025\/03\/03-600x600.jpg",600,600,true],"woocommerce_gallery_thumbnail":["https:\/\/hsgascylinder-factory.com\/wp-content\/uploads\/2025\/03\/03-100x100.jpg",100,100,true]},"uagb_author_info":{"display_name":"jinxing6611@gmail.com","author_link":"https:\/\/hsgascylinder-factory.com\/da\/author\/"},"uagb_comment_info":0,"uagb_excerpt":"Aluminum cylinder, oxygen cylinder, gas tank produced in China alias: Aluminium Oxygen cylinder, Aluminum Oxygen bottle, Aluminum Oxygen tank, Aluminum gas tanks, China gas bottle Aluminum bottle neck design The thickness of the bottle mouth should ensure that the bottle mouth will not produce obvious plastic deformation when bearing the upper valve torque and the&hellip;","_links":{"self":[{"href":"https:\/\/hsgascylinder-factory.com\/da\/wp-json\/wp\/v2\/product\/3832","targetHints":{"allow":["GET"]}}],"collection":[{"href":"https:\/\/hsgascylinder-factory.com\/da\/wp-json\/wp\/v2\/product"}],"about":[{"href":"https:\/\/hsgascylinder-factory.com\/da\/wp-json\/wp\/v2\/types\/product"}],"wp:featuredmedia":[{"embeddable":true,"href":"https:\/\/hsgascylinder-factory.com\/da\/wp-json\/wp\/v2\/media\/6642"}],"wp:attachment":[{"href":"https:\/\/hsgascylinder-factory.com\/da\/wp-json\/wp\/v2\/media?parent=3832"}],"wp:term":[{"taxonomy":"product_brand","embeddable":true,"href":"https:\/\/hsgascylinder-factory.com\/da\/wp-json\/wp\/v2\/product_brand?post=3832"},{"taxonomy":"product_cat","embeddable":true,"href":"https:\/\/hsgascylinder-factory.com\/da\/wp-json\/wp\/v2\/product_cat?post=3832"},{"taxonomy":"product_tag","embeddable":true,"href":"https:\/\/hsgascylinder-factory.com\/da\/wp-json\/wp\/v2\/product_tag?post=3832"}],"curies":[{"name":"wp","href":"https:\/\/api.w.org\/{rel}","templated":true}]}}