{"id":3149,"date":"2025-03-29T03:41:56","date_gmt":"2025-03-29T03:41:56","guid":{"rendered":"https:\/\/darkslategray-hippopotamus-243231.hostingersite.com\/?page_id=3149"},"modified":"2025-03-30T11:11:22","modified_gmt":"2025-03-30T11:11:22","slug":"production-equipment","status":"publish","type":"page","link":"https:\/\/hsgascylinder-factory.com\/da\/production-equipment\/","title":{"rendered":"Produktionsudstyr"},"content":{"rendered":"<div data-elementor-type=\"wp-page\" data-elementor-id=\"3149\" class=\"elementor elementor-3149\" data-elementor-post-type=\"page\">\n\t\t\t\t<div class=\"elementor-element elementor-element-7a6cb69 e-con-full e-flex e-con e-parent\" data-id=\"7a6cb69\" data-element_type=\"container\" data-e-type=\"container\">\n\t\t\t\t<div class=\"elementor-element elementor-element-9d02858 elementor-widget elementor-widget-image\" data-id=\"9d02858\" data-element_type=\"widget\" data-e-type=\"widget\" data-widget_type=\"image.default\">\n\t\t\t\t<div class=\"elementor-widget-container\">\n\t\t\t\t\t\t\t\t\t\t\t\t\t\t\t<img alt=\"\" fetchpriority=\"high\" decoding=\"async\" width=\"1920\" height=\"300\" src=\"https:\/\/hsgascylinder-factory.com\/wp-content\/uploads\/2025\/03\/datuabout.jpg\" class=\"attachment-full size-full wp-image-3535\" srcset=\"https:\/\/hsgascylinder-factory.com\/wp-content\/uploads\/2025\/03\/datuabout.jpg 1920w, https:\/\/hsgascylinder-factory.com\/wp-content\/uploads\/2025\/03\/datuabout-600x94.jpg 600w, https:\/\/hsgascylinder-factory.com\/wp-content\/uploads\/2025\/03\/datuabout-300x47.jpg 300w, https:\/\/hsgascylinder-factory.com\/wp-content\/uploads\/2025\/03\/datuabout-1024x160.jpg 1024w, https:\/\/hsgascylinder-factory.com\/wp-content\/uploads\/2025\/03\/datuabout-768x120.jpg 768w, https:\/\/hsgascylinder-factory.com\/wp-content\/uploads\/2025\/03\/datuabout-1536x240.jpg 1536w, https:\/\/hsgascylinder-factory.com\/wp-content\/uploads\/2025\/03\/datuabout-18x3.jpg 18w\" sizes=\"(max-width: 1920px) 100vw, 1920px\" \/>\t\t\t\t\t\t\t\t\t\t\t\t\t\t\t<\/div>\n\t\t\t\t<\/div>\n\t\t\t\t<\/div>\n\t\t<div class=\"elementor-element elementor-element-4f5607e e-flex e-con-boxed e-con e-parent\" data-id=\"4f5607e\" data-element_type=\"container\" data-e-type=\"container\">\n\t\t\t\t\t<div class=\"e-con-inner\">\n\t\t\t\t<div class=\"elementor-element elementor-element-c468282 elementor-widget elementor-widget-heading\" data-id=\"c468282\" data-element_type=\"widget\" data-e-type=\"widget\" data-widget_type=\"heading.default\">\n\t\t\t\t<div class=\"elementor-widget-container\">\n\t\t\t\t\t<h4 class=\"elementor-heading-title elementor-size-default\">Produktionsudstyr\n<\/h4>\t\t\t\t<\/div>\n\t\t\t\t<\/div>\n\t\t\t\t<div class=\"elementor-element elementor-element-93a0db1 elementor-widget elementor-widget-text-editor\" data-id=\"93a0db1\" data-element_type=\"widget\" data-e-type=\"widget\" data-widget_type=\"text-editor.default\">\n\t\t\t\t<div class=\"elementor-widget-container\">\n\t\t\t\t\t\t\t\t\t<p>\"Lukning og lukning af bunden\" henviser til den varme spindeformningsproces, hvor den ene ende af cylinderemnet opvarmes til ca. 1200 \u2103 i henhold til kravene til produktionsprocessen for at g\u00f8re det til en bl\u00f8d og plastisk krop. I processen med h\u00f8jhastighedsrotation smeltes og presses den ene ende af cylinderemnet ind i bunden af cylinderen, eller den formes ind i cylinderens munding, og til sidst dannes cylinderemnet.<\/p>\t\t\t\t\t\t\t\t<\/div>\n\t\t\t\t<\/div>\n\t\t\t\t<div class=\"elementor-element elementor-element-7814b51 elementor-widget elementor-widget-image\" data-id=\"7814b51\" data-element_type=\"widget\" data-e-type=\"widget\" data-widget_type=\"image.default\">\n\t\t\t\t<div class=\"elementor-widget-container\">\n\t\t\t\t\t\t\t\t\t\t\t\t\t\t\t<img alt=\"\" decoding=\"async\" width=\"800\" height=\"450\" src=\"https:\/\/hsgascylinder-factory.com\/wp-content\/uploads\/2025\/03\/qcp4.jpg\" class=\"attachment-full size-full wp-image-3670\" srcset=\"https:\/\/hsgascylinder-factory.com\/wp-content\/uploads\/2025\/03\/qcp4.jpg 800w, https:\/\/hsgascylinder-factory.com\/wp-content\/uploads\/2025\/03\/qcp4-600x338.jpg 600w, https:\/\/hsgascylinder-factory.com\/wp-content\/uploads\/2025\/03\/qcp4-300x169.jpg 300w, https:\/\/hsgascylinder-factory.com\/wp-content\/uploads\/2025\/03\/qcp4-768x432.jpg 768w, https:\/\/hsgascylinder-factory.com\/wp-content\/uploads\/2025\/03\/qcp4-18x10.jpg 18w\" sizes=\"(max-width: 800px) 100vw, 800px\" \/>\t\t\t\t\t\t\t\t\t\t\t\t\t\t\t<\/div>\n\t\t\t\t<\/div>\n\t\t\t\t<div class=\"elementor-element elementor-element-8bfc385 elementor-widget elementor-widget-text-editor\" data-id=\"8bfc385\" data-element_type=\"widget\" data-e-type=\"widget\" data-widget_type=\"text-editor.default\">\n\t\t\t\t<div class=\"elementor-widget-container\">\n\t\t\t\t\t\t\t\t\t<p>1. Udseendet af bunden af flasken skal v\u00e6re glat, og foldning, trin og riller er ikke tilladt; Den indre overflade af bunden af flasken b\u00f8r ikke have synlige konkave huller, folder, buler og oxidhud; Cylinderkvalitetssporbarhed fra kilden, hver cylinder er stemplet i bunden af transplantationsnummeret for at sikre sporbarheden af cylinderprodukter.<\/p>\t\t\t\t\t\t\t\t<\/div>\n\t\t\t\t<\/div>\n\t\t\t\t<div class=\"elementor-element elementor-element-1a0d5a2 elementor-widget elementor-widget-image\" data-id=\"1a0d5a2\" data-element_type=\"widget\" data-e-type=\"widget\" data-widget_type=\"image.default\">\n\t\t\t\t<div class=\"elementor-widget-container\">\n\t\t\t\t\t\t\t\t\t\t\t\t\t\t\t<img alt=\"\" decoding=\"async\" width=\"800\" height=\"450\" src=\"https:\/\/hsgascylinder-factory.com\/wp-content\/uploads\/2025\/03\/pe2.jpg\" class=\"attachment-full size-full wp-image-3698\" srcset=\"https:\/\/hsgascylinder-factory.com\/wp-content\/uploads\/2025\/03\/pe2.jpg 800w, https:\/\/hsgascylinder-factory.com\/wp-content\/uploads\/2025\/03\/pe2-600x338.jpg 600w, https:\/\/hsgascylinder-factory.com\/wp-content\/uploads\/2025\/03\/pe2-300x169.jpg 300w, https:\/\/hsgascylinder-factory.com\/wp-content\/uploads\/2025\/03\/pe2-768x432.jpg 768w, https:\/\/hsgascylinder-factory.com\/wp-content\/uploads\/2025\/03\/pe2-18x10.jpg 18w\" sizes=\"(max-width: 800px) 100vw, 800px\" \/>\t\t\t\t\t\t\t\t\t\t\t\t\t\t\t<\/div>\n\t\t\t\t<\/div>\n\t\t\t\t<div class=\"elementor-element elementor-element-15a197a elementor-widget elementor-widget-text-editor\" data-id=\"15a197a\" data-element_type=\"widget\" data-e-type=\"widget\" data-widget_type=\"text-editor.default\">\n\t\t\t\t<div class=\"elementor-widget-container\">\n\t\t\t\t\t\t\t\t\t<p>2. Den ydre diameter og h\u00f8jden p\u00e5 flaskens munding skal opfylde relevante standarder<\/p><p>(s\u00e5som iso9809-3 \/ISO9809-1\/GB\/T5099.3\/TUV\/TPED);<\/p>\t\t\t\t\t\t\t\t<\/div>\n\t\t\t\t<\/div>\n\t\t\t\t<div class=\"elementor-element elementor-element-bbcf22c elementor-widget elementor-widget-image\" data-id=\"bbcf22c\" data-element_type=\"widget\" data-e-type=\"widget\" data-widget_type=\"image.default\">\n\t\t\t\t<div class=\"elementor-widget-container\">\n\t\t\t\t\t\t\t\t\t\t\t\t\t\t\t<img alt=\"\" loading=\"lazy\" decoding=\"async\" width=\"800\" height=\"450\" src=\"https:\/\/hsgascylinder-factory.com\/wp-content\/uploads\/2025\/03\/pe3.jpg\" class=\"attachment-full size-full wp-image-3699\" srcset=\"https:\/\/hsgascylinder-factory.com\/wp-content\/uploads\/2025\/03\/pe3.jpg 800w, https:\/\/hsgascylinder-factory.com\/wp-content\/uploads\/2025\/03\/pe3-600x338.jpg 600w, https:\/\/hsgascylinder-factory.com\/wp-content\/uploads\/2025\/03\/pe3-300x169.jpg 300w, https:\/\/hsgascylinder-factory.com\/wp-content\/uploads\/2025\/03\/pe3-768x432.jpg 768w, https:\/\/hsgascylinder-factory.com\/wp-content\/uploads\/2025\/03\/pe3-18x10.jpg 18w\" sizes=\"(max-width: 800px) 100vw, 800px\" \/>\t\t\t\t\t\t\t\t\t\t\t\t\t\t\t<\/div>\n\t\t\t\t<\/div>\n\t\t\t\t<div class=\"elementor-element elementor-element-668a97d elementor-widget elementor-widget-text-editor\" data-id=\"668a97d\" data-element_type=\"widget\" data-e-type=\"widget\" data-widget_type=\"text-editor.default\">\n\t\t\t\t<div class=\"elementor-widget-container\">\n\t\t\t\t\t\t\t\t\t<p>3. Cylinderskulderen, cylinderbunden og cylinderkroppen skal v\u00e6re glat og glat uden udhulning, foldning, trin, vippehoved og andre defekter.<\/p><p>4. Hvis der er defekter, er slibning tilladt. Slibeomr\u00e5det skal v\u00e6re glat, og den faktiske v\u00e6gtykkelse ved reng\u00f8ringsomr\u00e5det m\u00e5 ikke v\u00e6re mindre end den mindste tilladte v\u00e6gtykkelse.<\/p>\t\t\t\t\t\t\t\t<\/div>\n\t\t\t\t<\/div>\n\t\t\t\t<div class=\"elementor-element elementor-element-df9fda8 elementor-widget elementor-widget-image\" data-id=\"df9fda8\" data-element_type=\"widget\" data-e-type=\"widget\" data-widget_type=\"image.default\">\n\t\t\t\t<div class=\"elementor-widget-container\">\n\t\t\t\t\t\t\t\t\t\t\t\t\t\t\t<img alt=\"\" loading=\"lazy\" decoding=\"async\" width=\"800\" height=\"534\" src=\"https:\/\/hsgascylinder-factory.com\/wp-content\/uploads\/2025\/03\/pe4.jpg\" class=\"attachment-full size-full wp-image-3700\" srcset=\"https:\/\/hsgascylinder-factory.com\/wp-content\/uploads\/2025\/03\/pe4.jpg 800w, https:\/\/hsgascylinder-factory.com\/wp-content\/uploads\/2025\/03\/pe4-600x401.jpg 600w, https:\/\/hsgascylinder-factory.com\/wp-content\/uploads\/2025\/03\/pe4-300x200.jpg 300w, https:\/\/hsgascylinder-factory.com\/wp-content\/uploads\/2025\/03\/pe4-768x513.jpg 768w, https:\/\/hsgascylinder-factory.com\/wp-content\/uploads\/2025\/03\/pe4-18x12.jpg 18w\" sizes=\"(max-width: 800px) 100vw, 800px\" \/>\t\t\t\t\t\t\t\t\t\t\t\t\t\t\t<\/div>\n\t\t\t\t<\/div>\n\t\t\t\t<div class=\"elementor-element elementor-element-2f8f903 elementor-widget elementor-widget-text-editor\" data-id=\"2f8f903\" data-element_type=\"widget\" data-e-type=\"widget\" data-widget_type=\"text-editor.default\">\n\t\t\t\t<div class=\"elementor-widget-container\">\n\t\t\t\t\t\t\t\t\t<p>5. Der m\u00e5 ikke v\u00e6re sorte pletter, stjernerevner eller trin i bunden af cylinderen.<\/p>\t\t\t\t\t\t\t\t<\/div>\n\t\t\t\t<\/div>\n\t\t\t\t<div class=\"elementor-element elementor-element-98c348b elementor-widget elementor-widget-image\" data-id=\"98c348b\" data-element_type=\"widget\" data-e-type=\"widget\" data-widget_type=\"image.default\">\n\t\t\t\t<div class=\"elementor-widget-container\">\n\t\t\t\t\t\t\t\t\t\t\t\t\t\t\t<img alt=\"\" loading=\"lazy\" decoding=\"async\" width=\"800\" height=\"534\" src=\"https:\/\/hsgascylinder-factory.com\/wp-content\/uploads\/2025\/03\/pe5.jpg\" class=\"attachment-full size-full wp-image-3701\" srcset=\"https:\/\/hsgascylinder-factory.com\/wp-content\/uploads\/2025\/03\/pe5.jpg 800w, https:\/\/hsgascylinder-factory.com\/wp-content\/uploads\/2025\/03\/pe5-600x401.jpg 600w, https:\/\/hsgascylinder-factory.com\/wp-content\/uploads\/2025\/03\/pe5-300x200.jpg 300w, https:\/\/hsgascylinder-factory.com\/wp-content\/uploads\/2025\/03\/pe5-768x513.jpg 768w, https:\/\/hsgascylinder-factory.com\/wp-content\/uploads\/2025\/03\/pe5-18x12.jpg 18w\" sizes=\"(max-width: 800px) 100vw, 800px\" \/>\t\t\t\t\t\t\t\t\t\t\t\t\t\t\t<\/div>\n\t\t\t\t<\/div>\n\t\t\t\t<div class=\"elementor-element elementor-element-9558b00 elementor-widget elementor-widget-text-editor\" data-id=\"9558b00\" data-element_type=\"widget\" data-e-type=\"widget\" data-widget_type=\"text-editor.default\">\n\t\t\t\t<div class=\"elementor-widget-container\">\n\t\t\t\t\t\t\t\t\t<p>6. Cylinderens rethed m\u00e5 ikke overstige 3\u2030 af cylinderens l\u00e6ngde.<\/p><p>7. Cylinderens vinkelrethed b\u00f8r ikke overstige 10\u2030 af cylinderens l\u00e6ngde.<\/p><p>8. Det nederste transplantationsnummer p\u00e5 hver cylinder skal v\u00e6re komplet, tydeligt og i overensstemmelse med r\u00f8rets markerede transplantationsnummer.<\/p>\t\t\t\t\t\t\t\t<\/div>\n\t\t\t\t<\/div>\n\t\t\t\t\t<\/div>\n\t\t\t\t<\/div>\n\t\t\t\t<\/div>","protected":false},"excerpt":{"rendered":"<p>Production Equipment &#8220;Closing and closing the bottom&#8221; refers to the hot spinning forming process in which one end of the cylinder blank is heated to about 1200\u2103 according to the production process requirements to make it a soft and plastic body. In the process of high speed rotation, one end of the cylinder blank is [&hellip;]<\/p>","protected":false},"author":1,"featured_media":0,"parent":0,"menu_order":0,"comment_status":"closed","ping_status":"closed","template":"","meta":{"_seopress_robots_primary_cat":"","_seopress_titles_title":"","_seopress_titles_desc":"","_seopress_robots_index":"","_uag_custom_page_level_css":"","site-sidebar-layout":"no-sidebar","site-content-layout":"page-builder","ast-site-content-layout":"full-width-container","site-content-style":"default","site-sidebar-style":"default","ast-global-header-display":"","ast-banner-title-visibility":"","ast-main-header-display":"","ast-hfb-above-header-display":"","ast-hfb-below-header-display":"","ast-hfb-mobile-header-display":"","site-post-title":"disabled","ast-breadcrumbs-content":"","ast-featured-img":"disabled","footer-sml-layout":"","ast-disable-related-posts":"","theme-transparent-header-meta":"","adv-header-id-meta":"","stick-header-meta":"","header-above-stick-meta":"","header-main-stick-meta":"","header-below-stick-meta":"","astra-migrate-meta-layouts":"set","ast-page-background-enabled":"default","ast-page-background-meta":{"desktop":{"background-color":"","background-image":"","background-repeat":"repeat","background-position":"center center","background-size":"auto","background-attachment":"scroll","background-type":"","background-media":"","overlay-type":"","overlay-color":"","overlay-opacity":"","overlay-gradient":""},"tablet":{"background-color":"","background-image":"","background-repeat":"repeat","background-position":"center center","background-size":"auto","background-attachment":"scroll","background-type":"","background-media":"","overlay-type":"","overlay-color":"","overlay-opacity":"","overlay-gradient":""},"mobile":{"background-color":"","background-image":"","background-repeat":"repeat","background-position":"center center","background-size":"auto","background-attachment":"scroll","background-type":"","background-media":"","overlay-type":"","overlay-color":"","overlay-opacity":"","overlay-gradient":""}},"ast-content-background-meta":{"desktop":{"background-color":"var(--ast-global-color-5)","background-image":"","background-repeat":"repeat","background-position":"center center","background-size":"auto","background-attachment":"scroll","background-type":"","background-media":"","overlay-type":"","overlay-color":"","overlay-opacity":"","overlay-gradient":""},"tablet":{"background-color":"var(--ast-global-color-5)","background-image":"","background-repeat":"repeat","background-position":"center center","background-size":"auto","background-attachment":"scroll","background-type":"","background-media":"","overlay-type":"","overlay-color":"","overlay-opacity":"","overlay-gradient":""},"mobile":{"background-color":"var(--ast-global-color-5)","background-image":"","background-repeat":"repeat","background-position":"center center","background-size":"auto","background-attachment":"scroll","background-type":"","background-media":"","overlay-type":"","overlay-color":"","overlay-opacity":"","overlay-gradient":""}},"footnotes":""},"class_list":["post-3149","page","type-page","status-publish","hentry"],"uagb_featured_image_src":{"full":false,"thumbnail":false,"medium":false,"medium_large":false,"large":false,"1536x1536":false,"2048x2048":false,"trp-custom-language-flag":false,"woocommerce_thumbnail":false,"woocommerce_single":false,"woocommerce_gallery_thumbnail":false},"uagb_author_info":{"display_name":"jinxing6611@gmail.com","author_link":"https:\/\/hsgascylinder-factory.com\/da\/author\/jinxing6611gmail-com\/"},"uagb_comment_info":0,"uagb_excerpt":"Production Equipment &#8220;Closing and closing the bottom&#8221; refers to the hot spinning forming process in which one end of the cylinder blank is heated to about 1200\u2103 according to the production process requirements to make it a soft and plastic body. In the process of high speed rotation, one end of the cylinder blank is&hellip;","_links":{"self":[{"href":"https:\/\/hsgascylinder-factory.com\/da\/wp-json\/wp\/v2\/pages\/3149","targetHints":{"allow":["GET"]}}],"collection":[{"href":"https:\/\/hsgascylinder-factory.com\/da\/wp-json\/wp\/v2\/pages"}],"about":[{"href":"https:\/\/hsgascylinder-factory.com\/da\/wp-json\/wp\/v2\/types\/page"}],"author":[{"embeddable":true,"href":"https:\/\/hsgascylinder-factory.com\/da\/wp-json\/wp\/v2\/users\/1"}],"replies":[{"embeddable":true,"href":"https:\/\/hsgascylinder-factory.com\/da\/wp-json\/wp\/v2\/comments?post=3149"}],"version-history":[{"count":16,"href":"https:\/\/hsgascylinder-factory.com\/da\/wp-json\/wp\/v2\/pages\/3149\/revisions"}],"predecessor-version":[{"id":3769,"href":"https:\/\/hsgascylinder-factory.com\/da\/wp-json\/wp\/v2\/pages\/3149\/revisions\/3769"}],"wp:attachment":[{"href":"https:\/\/hsgascylinder-factory.com\/da\/wp-json\/wp\/v2\/media?parent=3149"}],"curies":[{"name":"wp","href":"https:\/\/api.w.org\/{rel}","templated":true}]}}